{"id":15175,"date":"2025-01-19T14:12:01","date_gmt":"2025-01-19T14:12:01","guid":{"rendered":"https:\/\/www.hydraulic-cylinders.net\/product\/bucket-cylinder-for-sumitomo-middle-excavator-sh210-5\/"},"modified":"2025-01-19T14:12:03","modified_gmt":"2025-01-19T14:12:03","slug":"bucket-cylinder-for-sumitomo-middle-excavator-sh210-5","status":"publish","type":"product","link":"https:\/\/www.hydraulic-cylinders.net\/sk\/produkt\/bucket-cylinder-for-sumitomo-middle-excavator-sh210-5\/","title":{"rendered":"Valec vedra pre stredn\u00e9 r\u00fdpadlo Sumitomo SH210-5"},"content":{"rendered":"<h1>Valec vedra pre stredn\u00e9 r\u00fdpadlo Sumitomo SH210-5<\/h1>\n<h2>\u00davod<\/h2>\n<p>Hydraulick\u00fd valec ly\u017eice pre stredn\u00e9 r\u00fdpadlo Sumitomo SH210-5 je \u0161peci\u00e1lne navrhnut\u00fd hydraulick\u00fd valec pou\u017e\u00edvan\u00fd na ovl\u00e1danie pohybu ly\u017eice v \u0165a\u017ek\u00fdch strojoch, ako s\u00fa r\u00fdpadl\u00e1, r\u00fdpadl\u00e1-naklada\u010de a \u010deln\u00e9 naklada\u010de. Jeho hlavnou funkciou je umo\u017eni\u0165 zdv\u00edhanie, sp\u00fa\u0161\u0165anie a nakl\u00e1\u0148anie ly\u017eice, v\u010faka \u010domu je vhodn\u00e1 na r\u00f4zne \u00falohy manipul\u00e1cie s materi\u00e1lom. V hydraulickom syst\u00e9me valec ly\u017eice vyu\u017e\u00edva zmenu tlaku hydraulick\u00e9ho oleja na dosiahnutie presn\u00e9ho ovl\u00e1dania ly\u017eice, \u010do umo\u017e\u0148uje obsluhe efekt\u00edvne manipulova\u0165 s \u0165a\u017ek\u00fdmi bremenami a prisp\u00f4sobi\u0165 sa zlo\u017eit\u00fdm pracovn\u00fdm prostrediam a r\u00f4znorod\u00fdm po\u017eiadavk\u00e1m pr\u00e1ce.<\/p>\n<p><img decoding=\"async\" src=\"https:\/\/www.hydraulic-cylinders.net\/wp-content\/uploads\/2025\/01\/songte-company-2.webp\" alt=\"Valec vedra pre stredn\u00e9 r\u00fdpadlo Sumitomo SH210-5\"><\/p>\n<h2>Funkcie<\/h2>\n<ul>\n<li>\n<h3>Vysok\u00e1 pevnos\u0165 a odolnos\u0165<\/h3>\n<p>Valec vedra je zvy\u010dajne vyroben\u00fd z vysokopevnostnej ocele alebo hlin\u00edka, schopn\u00e9ho odol\u00e1va\u0165 vysok\u00e9mu tlaku a \u0165a\u017ek\u00fdm za\u0165a\u017eeniam, a prisp\u00f4sobi\u0165 sa tak n\u00e1ro\u010dn\u00fdm pracovn\u00fdm podmienkam. Jeho kon\u0161trukcia zoh\u013ead\u0148uje odolnos\u0165 vo\u010di opotrebovaniu a kor\u00f3zii, \u010d\u00edm sa predl\u017euje jeho \u017eivotnos\u0165.<\/p>\n<\/li>\n<li>\n<h3>Efekt\u00edvna hydraulick\u00e1 prev\u00e1dzka<\/h3>\n<p>V\u010faka tlaku hydraulick\u00e9ho oleja na dosiahnutie plynul\u00e9ho vys\u00favania a s\u0165ahovania dok\u00e1\u017ee valec vedra r\u00fdchlo reagova\u0165 na prev\u00e1dzkov\u00e9 povely a poskytova\u0165 siln\u00fa tla\u010dn\u00fa a \u0165a\u017en\u00fa silu, vhodn\u00fa na manipul\u00e1ciu s \u0165a\u017ek\u00fdmi bremenami a zlo\u017eit\u00e9 \u00falohy.<\/p>\n<\/li>\n<li>\n<h3>R\u00f4zne typy<\/h3>\n<p>Valec kor\u010deka je mo\u017en\u00e9 zvoli\u0165 ako jedno\u010dinn\u00fd (hydraulika sa pou\u017e\u00edva iba v jednom smere) alebo dvoj\u010dinn\u00fd (hydraulika sa pou\u017e\u00edva v oboch smeroch) pod\u013ea potrieb, aby sa splnili r\u00f4zne prev\u00e1dzkov\u00e9 po\u017eiadavky. Niektor\u00e9 modely s\u00fa teleskopick\u00e9, \u010do umo\u017e\u0148uje v\u00e4\u010d\u0161ie vysunutie bez zv\u00e4\u010d\u0161enia vonkaj\u0161\u00edch rozmerov, vhodn\u00e9 pre aplik\u00e1cie v obmedzenom priestore.<\/p>\n<\/li>\n<li>\n<h3>Vymenite\u013en\u00e9<\/h3>\n<p>Na\u0161e produkty dok\u00e1\u017eu dokonale nahradi\u0165 tieto hydraulick\u00e9 valce a my vieme tento produkt vyrobi\u0165.<\/p>\n<\/li>\n<\/ul>\n<p><img decoding=\"async\" src=\"https:\/\/www.hydraulic-cylinders.net\/wp-content\/uploads\/2025\/01\/songte-cylinder-head-with-all-kinds-excavator-models.webp\" alt=\"Valec vedra pre stredn\u00e9 r\u00fdpadlo Sumitomo SH210-5\"><\/p>\n<h2>Aplik\u00e1cia<\/h2>\n<p>Valec s ko\u0161\u00edkom sa \u0161iroko pou\u017e\u00edva v r\u00f4znych \u0165a\u017ek\u00fdch strojoch, medzi typick\u00e9 aplik\u00e1cie patria:<\/p>\n<ul>\n<li>\n<h3>Stavebn\u00e9 stroje<\/h3>\n<p>S\u00fa k\u013e\u00fa\u010dov\u00e9 pre v\u00fdkopov\u00e9 pr\u00e1ce, nakladanie a premiest\u0148ovanie zeminy alebo sutiny v r\u00fdpadl\u00e1ch a r\u00fdpadlov\u00fdch bagroch. V r\u00fdpadlov\u00fdch bagroch pom\u00e1ha valec lopaty pri kopan\u00ed a zdv\u00edhan\u00ed.<\/p>\n<\/li>\n<li>\n<h3>Po\u013enohospod\u00e1rske stroje<\/h3>\n<p>Pou\u017e\u00edva sa pre \u010deln\u00e9 naklada\u010de na naberanie, zdv\u00edhanie a prepravu zeminy, sena a in\u00fdch materi\u00e1lov. V r\u00fdpadl\u00e1ch umo\u017e\u0148uje valec ly\u017eice kopanie t\u00fdm, \u017ee umo\u017e\u0148uje ly\u017eici prenikn\u00fa\u0165 do p\u00f4dy.<\/p>\n<\/li>\n<li>\n<h3>Naklada\u010d<\/h3>\n<p>V \u010deln\u00fdch naklada\u010doch pom\u00e1haj\u00fa efekt\u00edvne zdv\u00edha\u0165 a nakl\u00e1\u0148a\u0165 bremena.<\/p>\n<\/li>\n<\/ul>\n<h2>Normy n\u00e1vrhu a v\u00fdberu<\/h2>\n<ul>\n<li>\n<h3>Nosnos\u0165<\/h3>\n<p>Nosnos\u0165 valca vedra je z\u00e1kladn\u00fdm kon\u0161truk\u010dn\u00fdm krit\u00e9riom. Mus\u00ed unies\u0165 hmotnos\u0165 \u0165a\u017ek\u00fdch bremien a odol\u00e1va\u0165 vn\u00fatorn\u00fdm a vonkaj\u0161\u00edm sil\u00e1m po\u010das prev\u00e1dzky.<\/p>\n<\/li>\n<li>\n<h3>Tesnenie<\/h3>\n<p>Tesnenie valca je nevyhnutn\u00e9 na zabr\u00e1nenie \u00faniku oleja a kontamin\u00e1cii hydraulick\u00e9ho syst\u00e9mu. Pou\u017e\u00edva r\u00f4zne tesniace kr\u00fa\u017eky, ako s\u00fa tesniace kr\u00fa\u017eky piestov, tesniace kr\u00fa\u017eky ty\u010d\u00ed a tesnenia vyroben\u00e9 z materi\u00e1lov odoln\u00fdch vo\u010di opotrebovaniu, ako je polyuret\u00e1n a nitrilov\u00fd kau\u010duk. Teleso valca a povrch z\u00e1vitu sa jemne oprac\u00favaj\u00fa, aby sa zlep\u0161ila odolnos\u0165 vo\u010di opotrebovaniu. Valec si vy\u017eaduje pravideln\u00e9 plnenie pr\u00edslu\u0161n\u00fdm mno\u017estvom hydraulick\u00e9ho oleja na mazanie.<\/p>\n<\/li>\n<li>\n<h3>Trvanlivos\u0165 a bezpe\u010dnos\u0165<\/h3>\n<p>Valec vedra mus\u00ed by\u0165 odoln\u00fd, aby odolal n\u00e1ro\u010dn\u00fdm pracovn\u00fdm podmienkam a \u0165a\u017ek\u00fdm n\u00e1kladom. Vy\u017eaduje si tie\u017e bezpe\u010dnostn\u00e9 opatrenia, aby sa zabezpe\u010dilo, \u017ee po\u010das prev\u00e1dzky sp\u013a\u0148a bezpe\u010dnostn\u00e9 normy. <\/p>\n<\/li>\n<li>\n<h3>\u00dadr\u017eba<\/h3>\n<p>Valec vy\u017eaduje pravideln\u00fa kontrolu, pravideln\u00e9 mazanie a v\u00fdmenu tesnen\u00ed, aby sa zabezpe\u010dil optim\u00e1lny v\u00fdkon. Vy\u017eaduje si tie\u017e presn\u00e9 zarovnanie in\u0161tal\u00e1cie s pou\u017eit\u00edm vhodn\u00fdch mont\u00e1\u017enych konzol na upevnenie valca.<\/p>\n<\/li>\n<\/ul>\n<p><img decoding=\"async\" src=\"https:\/\/www.hydraulic-cylinders.net\/wp-content\/uploads\/2025\/01\/songte-oil-pipes-and-spare-parts.webp\" alt=\"Valec vedra pre stredn\u00e9 r\u00fdpadlo Sumitomo SH210-5\"><\/p>\n<h2>Sprievodca \u00fadr\u017ebou<\/h2>\n<p>Nasleduj\u00fa be\u017en\u00e9 \u00falohy \u00fadr\u017eby valcov s vedrom:<\/p>\n<ul>\n<li>\n<h3>Pravideln\u00e1 kontrola<\/h3>\n<p>Pravidelne kontrolujte valec, aby ste zistili pr\u00edpadn\u00e9 opotrebenie alebo netesnosti.<\/p>\n<\/li>\n<li>\n<h3>Mazanie<\/h3>\n<p>Pre zabezpe\u010denie hladk\u00e9ho chodu valec pravidelne nama\u017ete.<\/p>\n<\/li>\n<li>\n<h3>V\u00fdmena tesnenia a kontrola kalibr\u00e1cie<\/h3>\n<p>Pravidelne vymie\u0148ajte opotrebovan\u00e9 tesnenia a kontrolujte kalibr\u00e1ciu.<\/p>\n<\/li>\n<\/ul>\n<p>Pre zaistenie optim\u00e1lneho v\u00fdkonu je d\u00f4le\u017eit\u00e9 valec po\u010das in\u0161tal\u00e1cie spr\u00e1vne nain\u0161talova\u0165, namaza\u0165 a nastavi\u0165. Po\u010das in\u0161tal\u00e1cie by sa malo zabezpe\u010di\u0165 spr\u00e1vne vedenie pre zarovnanie a na upevnenie valca by sa mali pou\u017ei\u0165 vhodn\u00e9 mont\u00e1\u017ene konzoly. Na pred\u013a\u017eenie pou\u017e\u00edvania valca s vedro odpor\u00fa\u010dame odpor\u00fa\u010dan\u00e9 postupy kontroly, opravy a v\u00fdmeny.<\/p>\n<p><img decoding=\"async\" src=\"https:\/\/www.hydraulic-cylinders.net\/wp-content\/uploads\/2025\/01\/songte-chushion-collar.webp\" alt=\"Valec vedra pre stredn\u00e9 r\u00fdpadlo Sumitomo SH210-5\"><\/p>\n<h2>Bezpe\u010dnostn\u00e9 a environment\u00e1lne aspekty<\/h2>\n<p>Pri pou\u017e\u00edvan\u00ed hydraulick\u00e9ho valca by sa mali dodr\u017eiava\u0165 vhodn\u00e9 bezpe\u010dnostn\u00e9 opatrenia, aby sa predi\u0161lo zraneniam. Valec by mal pou\u017e\u00edva\u0165 iba vy\u0161kolen\u00fd person\u00e1l s vhodn\u00fdm bezpe\u010dnostn\u00fdm vybaven\u00edm a v s\u00falade s bezpe\u010dnostn\u00fdmi predpismi. Medzi environment\u00e1lne aspekty patr\u00ed spr\u00e1vna likvid\u00e1cia pou\u017eit\u00e9ho hydraulick\u00e9ho oleja a dodr\u017eiavanie environment\u00e1lnych predpisov po\u010das v\u00fdroby a prev\u00e1dzky.<\/p>\n<p><img decoding=\"async\" src=\"https:\/\/hzpt.com\/wp-content\/uploads\/2024\/11\/songte-company-1.webp\" alt=\"Valec vedra pre stredn\u00e9 r\u00fdpadlo Sumitomo SH210-5\"><\/p>\n<h2>Diagnostika por\u00fach a be\u017en\u00e9 probl\u00e9my<\/h2>\n<p>Valec vedra m\u00f4\u017ee ma\u0165 niektor\u00e9 be\u017en\u00e9 probl\u00e9my vr\u00e1tane \u00faniku oleja, slab\u00e9ho v\u00fdkonu a abnorm\u00e1lneho hluku. Nedostato\u010dn\u00e9 mazanie a opotrebovanie tesnen\u00ed s\u00fa be\u017en\u00fdmi pr\u00ed\u010dinami t\u00fdchto probl\u00e9mov. Na diagnostiku a rie\u0161enie probl\u00e9mov odpor\u00fa\u010dame konzult\u00e1ciu s profesion\u00e1lnym technikom, aby sa zabezpe\u010dila spr\u00e1vna diagn\u00f3za a \u00fa\u010dinn\u00e9 rie\u0161enia. Aby sa predi\u0161lo potenci\u00e1lnym probl\u00e9mom, odpor\u00fa\u010dame prija\u0165 prevent\u00edvne opatrenia, ako je pravideln\u00e1 kontrola, spr\u00e1vne mazanie a v\u00fdmena opotrebovan\u00fdch tesnen\u00ed.<\/p>\n<p><img decoding=\"async\" src=\"https:\/\/www.hydraulic-cylinders.net\/wp-content\/uploads\/2025\/01\/songte-bushings-with-all-kinds-of-excavator-models.webp\" alt=\"Valec vedra pre stredn\u00e9 r\u00fdpadlo Sumitomo SH210-5\"><\/p>\n<h2>O na\u0161ej spolo\u010dnosti<\/h2>\n<p>Sme v\u00fdrobcom n\u00e1hradn\u00fdch hydraulick\u00fdch valcov s kompletn\u00fdm sortimentom produktov a stali sme sa jedn\u00fdm z popredn\u00fdch v\u00fdrobcov a ve\u013ekoobchodn\u00fdch distrib\u00fatorov hydraulick\u00fdch valcov na dom\u00e1com aj medzin\u00e1rodnom trhu. Dodr\u017eiavame vynikaj\u00facu kvalitu, spoliehame sa na industrializovan\u00e9 strat\u00e9gie riadenia v\u00fdroby podporovan\u00e9 sofistikovan\u00fdmi v\u00fdrobn\u00fdmi diel\u0148ami a neust\u00e1le zlep\u0161ujeme platformu v\u00fdroby v diel\u0148ach, zlep\u0161ujeme kvalitu v\u00fdroby produktov a disponujeme silnou kreativitou. Na\u0161\u00edm cie\u013eom je uspokoji\u0165 rozmanit\u00e9 potreby z\u00e1kazn\u00edkov s vysokou efektivitou, vysokou presnos\u0165ou a princ\u00edpmi vysokej kvality.<\/p>\n<p>Na\u0161a spolo\u010dnos\u0165 sa \u0161pecializuje na poskytovanie profesion\u00e1lnych slu\u017eieb, slu\u017eieb na mieru a medzin\u00e1rodn\u00fdch certifik\u00e1ci\u00ed. Pou\u017e\u00edvame modern\u00e9 v\u00fdrobn\u00e9 zariadenia a profesion\u00e1lne testovacie syst\u00e9my na zlep\u0161enie kvality produktov a poskytovanie komplexn\u00fdch popredajn\u00fdch slu\u017eieb. Neust\u00e1le zlep\u0161ujeme na\u0161u v\u00fdrobn\u00fa kapacitu a kvalitu produktov a v\u010faka na\u0161im vynikaj\u00facim produktom a slu\u017eb\u00e1m sme si z\u00edskali d\u00f4veru a chv\u00e1lu na\u0161ich z\u00e1kazn\u00edkov.<\/p>\n<p><img decoding=\"async\" src=\"https:\/\/www.hydraulic-cylinders.net\/wp-content\/uploads\/2025\/01\/songte-company-3.webp\" alt=\"Valec vedra pre stredn\u00e9 r\u00fdpadlo Sumitomo SH210-5\"><\/p>\n<p>Autor: lyl.<\/p>","protected":false},"excerpt":{"rendered":"<p>Bucket Cylinder For Sumitomo Middle Excavator SH210-5 Introduction The bucket cylinder for Sumitomo middle excavator SH210-5 is a specially designed hydraulic cylinder used to control the movement of the bucket in heavy machinery such as excavators, backhoe excavators, and front-end loaders. Its main function is to enable the bucket to lift, lower, and tilt, making [&hellip;]<\/p>","protected":false},"featured_media":14762,"comment_status":"open","ping_status":"closed","template":"","meta":{"_et_pb_use_builder":"","_et_pb_old_content":"","_et_gb_content_width":""},"product_brand":[],"product_cat":[1494],"product_tag":[1495,1496],"class_list":{"0":"post-15175","1":"product","2":"type-product","3":"status-publish","4":"has-post-thumbnail","6":"product_cat-bucket-cylinders","7":"product_tag-bucket-cylinders","8":"product_tag-hydraulic-cylinders","10":"first","11":"instock","12":"shipping-taxable","13":"product-type-simple"},"amp_enabled":true,"_links":{"self":[{"href":"https:\/\/www.hydraulic-cylinders.net\/sk\/wp-json\/wp\/v2\/product\/15175","targetHints":{"allow":["GET"]}}],"collection":[{"href":"https:\/\/www.hydraulic-cylinders.net\/sk\/wp-json\/wp\/v2\/product"}],"about":[{"href":"https:\/\/www.hydraulic-cylinders.net\/sk\/wp-json\/wp\/v2\/types\/product"}],"replies":[{"embeddable":true,"href":"https:\/\/www.hydraulic-cylinders.net\/sk\/wp-json\/wp\/v2\/comments?post=15175"}],"wp:featuredmedia":[{"embeddable":true,"href":"https:\/\/www.hydraulic-cylinders.net\/sk\/wp-json\/wp\/v2\/media\/14762"}],"wp:attachment":[{"href":"https:\/\/www.hydraulic-cylinders.net\/sk\/wp-json\/wp\/v2\/media?parent=15175"}],"wp:term":[{"taxonomy":"product_brand","embeddable":true,"href":"https:\/\/www.hydraulic-cylinders.net\/sk\/wp-json\/wp\/v2\/product_brand?post=15175"},{"taxonomy":"product_cat","embeddable":true,"href":"https:\/\/www.hydraulic-cylinders.net\/sk\/wp-json\/wp\/v2\/product_cat?post=15175"},{"taxonomy":"product_tag","embeddable":true,"href":"https:\/\/www.hydraulic-cylinders.net\/sk\/wp-json\/wp\/v2\/product_tag?post=15175"}],"curies":[{"name":"pracovn\u00fd list","href":"https:\/\/api.w.org\/{rel}","templated":true}]}}