{"id":15177,"date":"2025-01-19T14:12:08","date_gmt":"2025-01-19T14:12:08","guid":{"rendered":"https:\/\/www.hydraulic-cylinders.net\/product\/bucket-cylinder-for-sumitomo-middle-excavator-sh240-5lr\/"},"modified":"2025-01-19T14:12:10","modified_gmt":"2025-01-19T14:12:10","slug":"bucket-cylinder-for-sumitomo-middle-excavator-sh240-5lr","status":"publish","type":"product","link":"https:\/\/www.hydraulic-cylinders.net\/sk\/produkt\/bucket-cylinder-for-sumitomo-middle-excavator-sh240-5lr\/","title":{"rendered":"Valec vedra pre stredn\u00e9 r\u00fdpadlo Sumitomo SH240-5LR"},"content":{"rendered":"<h1>Valec vedra pre stredn\u00e9 r\u00fdpadlo Sumitomo SH240-5LR<\/h1>\n<h2>\u00davod<\/h2>\n<p>Hydraulick\u00fd valec ly\u017eice je \u0161peci\u00e1lne navrhnut\u00fd hydraulick\u00fd valec pou\u017e\u00edvan\u00fd na ovl\u00e1danie pohybu ly\u017eice v \u0165a\u017ek\u00fdch strojoch, ako s\u00fa bagre, r\u00fdpadlo-naklada\u010de a \u010deln\u00e9 naklada\u010de. Jeho hlavnou funkciou je umo\u017eni\u0165 zdv\u00edhanie, sp\u00fa\u0161\u0165anie a nakl\u00e1\u0148anie ly\u017eice, \u010d\u00edm u\u013eah\u010duje r\u00f4zne \u00falohy manipul\u00e1cie s materi\u00e1lom. V hydraulickom syst\u00e9me dosahuje valec ly\u017eice presn\u00e9 ovl\u00e1danie ly\u017eice zmenou tlaku hydraulick\u00e9ho oleja, \u010do umo\u017e\u0148uje obsluhe efekt\u00edvne manipulova\u0165 s \u0165a\u017ek\u00fdmi bremenami a prisp\u00f4sobi\u0165 sa zlo\u017eit\u00fdm pracovn\u00fdm prostrediam a r\u00f4znorod\u00fdm po\u017eiadavk\u00e1m na pr\u00e1cu.<\/p>\n<p><img decoding=\"async\" src=\"https:\/\/www.hydraulic-cylinders.net\/wp-content\/uploads\/2025\/01\/songte-company-2.webp\" alt=\"Obr\u00e1zok valca vedra\"><\/p>\n<h2>Funkcie<\/h2>\n<ul>\n<li>\n<h3>Vysok\u00e1 pevnos\u0165 a odolnos\u0165<\/h3>\n<p>Valce s kor\u010dekom s\u00fa zvy\u010dajne vyroben\u00e9 z vysokopevnostnej ocele alebo hlin\u00edka, ktor\u00e9 odol\u00e1vaj\u00fa vysok\u00e9mu tlaku a \u0165a\u017ek\u00fdm za\u0165a\u017eeniam, \u010d\u00edm sa prisp\u00f4sobuj\u00fa n\u00e1ro\u010dn\u00fdm pracovn\u00fdm podmienkam. Kon\u0161trukcia zoh\u013ead\u0148uje odolnos\u0165 proti opotrebovaniu a kor\u00f3zii, \u010d\u00edm sa predl\u017euje \u017eivotnos\u0165.<\/p>\n<\/li>\n<li>\n<h3>Efekt\u00edvna hydraulick\u00e1 prev\u00e1dzka<\/h3>\n<p>Valce kor\u010dekov vyu\u017e\u00edvaj\u00fa tlak hydraulick\u00e9ho oleja na dosiahnutie plynul\u00fdch pohybov vys\u00favania a s\u0165ahovania, r\u00fdchlo reaguj\u00fa na ovl\u00e1dacie povely, poskytuj\u00fa siln\u00e9 tla\u010dn\u00e9 a \u0165a\u017en\u00e9 sily a s\u00fa vhodn\u00e9 na manipul\u00e1ciu s \u0165a\u017ek\u00fdmi bremenami a zlo\u017eit\u00fdmi pracovn\u00fdmi \u00falohami.<\/p>\n<\/li>\n<li>\n<h3>R\u00f4zne typy<\/h3>\n<p>Valce kor\u010deka m\u00f4\u017eu by\u0165 jedno\u010dinn\u00e9 (hydraulicky ovl\u00e1dan\u00e9 v jednom smere) alebo dvoj\u010dinn\u00e9 (hydraulicky ovl\u00e1dan\u00e9 v oboch smeroch) v z\u00e1vislosti od po\u017eiadaviek. Niektor\u00e9 modely s\u00fa teleskopick\u00e9, \u010do umo\u017e\u0148uje v\u00e4\u010d\u0161ie vysunutie bez zv\u00e4\u010d\u0161enia vonkaj\u0161\u00edch rozmerov, vhodn\u00e9 pre aplik\u00e1cie s obmedzen\u00fdm priestorom.<\/p>\n<\/li>\n<li>\n<h3>Dokonal\u00e1 n\u00e1hrada<\/h3>\n<p>Na\u0161e produkty dok\u00e1\u017eu dokonale nahradi\u0165 tieto hydraulick\u00e9 valce. Tento produkt vieme vyrobi\u0165.<\/p>\n<\/li>\n<\/ul>\n<p><img decoding=\"async\" src=\"https:\/\/www.hydraulic-cylinders.net\/wp-content\/uploads\/2025\/01\/songte-cylinder-head-with-all-kinds-excavator-models.webp\" alt=\"Obr\u00e1zok v\u00fdmeny valca vedra\"><\/p>\n<h2>Aplik\u00e1cie<\/h2>\n<p>Valce s ko\u0161\u00edkom sa daj\u00fa pou\u017ei\u0165 v r\u00f4znych odvetviach, vr\u00e1tane:<\/p>\n<ul>\n<li>\n<h3>Stavebn\u00e9 stroje<\/h3>\n<p>V r\u00fdpadl\u00e1ch s\u00fa valce ko\u0161\u00edkov nevyhnutn\u00e9 na kopanie, nakladanie a premiest\u0148ovanie zeminy alebo sutiny. V r\u00fdpadlo-naklada\u010doch pom\u00e1haj\u00fa valce ko\u0161\u00edkov pri kopan\u00ed aj zdv\u00edhan\u00ed. <\/p>\n<\/li>\n<li>\n<h3>Po\u013enohospod\u00e1rske stroje<\/h3>\n<p>Valce kor\u010dekov sa pou\u017e\u00edvaj\u00fa pre \u010deln\u00e9 naklada\u010de, ktor\u00e9 zdv\u00edhaj\u00fa, nakladaj\u00fa a prepravuj\u00fa p\u00f4du, seno a in\u00e9 materi\u00e1ly. <\/p>\n<\/li>\n<li>\n<h3>R\u00fdpadl\u00e1<\/h3>\n<p>Valec vedra umo\u017e\u0148uje vedr\u00e1m prenikn\u00fa\u0165 do p\u00f4dy a dosiahnu\u0165 v\u00fdkopov\u00fd pohyb. <\/p>\n<\/li>\n<li>\n<h3>Naklada\u010d<\/h3>\n<p>Valce kor\u010dekov v \u010deln\u00fdch naklada\u010doch pom\u00e1haj\u00fa pri efekt\u00edvnom zdv\u00edhan\u00ed a vykladan\u00ed tovaru. <\/p>\n<\/li>\n<\/ul>\n<h2>\u00davahy o dizajne a \u0161tandardy v\u00fdberu<\/h2>\n<p>Pri navrhovan\u00ed a v\u00fdbere valcov s ko\u0161\u00edkom musia in\u017einieri zv\u00e1\u017ei\u0165 nasledovn\u00e9:<\/p>\n<ul>\n<li>\n<h3>Nosnos\u0165<\/h3>\n<p>Valec mus\u00ed ma\u0165 dostato\u010dn\u00fa nosnos\u0165, aby uniesol hmotnos\u0165 z\u00e1\u0165a\u017ee.<\/p>\n<\/li>\n<li>\n<h3>Tesniaci v\u00fdkon<\/h3>\n<p>R\u00f4zne tesniace komponenty, ako s\u00fa tesnenia piestov a tesnenia ty\u010d\u00ed, musia by\u0165 vyroben\u00e9 z materi\u00e1lov odoln\u00fdch vo\u010di opotrebovaniu, ako je polyuret\u00e1n a nitrilov\u00fd kau\u010duk, aby sa zabezpe\u010dil dobr\u00fd tesniaci v\u00fdkon a zabr\u00e1nilo sa \u00faniku oleja.<\/p>\n<\/li>\n<li>\n<h3>Trvanlivos\u0165<\/h3>\n<p>Valec mus\u00ed by\u0165 navrhnut\u00fd tak, aby odol\u00e1val opotrebovaniu, kor\u00f3zii a in\u00fdm form\u00e1m po\u0161kodenia po\u010das dlh\u0161ieho obdobia.<\/p>\n<\/li>\n<li>\n<h3>Bezpe\u010dnos\u0165<\/h3>\n<p>Prev\u00e1dzka f\u013ea\u0161e mus\u00ed by\u0165 bezpe\u010dn\u00e1 a mus\u00ed by\u0165 vybaven\u00e1 vhodn\u00fdmi bezpe\u010dnostn\u00fdmi opatreniami a v\u00fdstra\u017en\u00fdmi syst\u00e9mami. <\/p>\n<\/li>\n<li>\n<h3>Udr\u017eiavate\u013enos\u0165<\/h3>\n<p>\u00dadr\u017eba f\u013ea\u0161e mus\u00ed by\u0165 jednoduch\u00e1, s \u013eahko dostupn\u00fdmi n\u00e1hradn\u00fdmi dielmi, opravami a slu\u017ebami pre rekon\u0161trukciu.<\/p>\n<\/li>\n<\/ul>\n<p><img decoding=\"async\" src=\"https:\/\/www.hydraulic-cylinders.net\/wp-content\/uploads\/2025\/01\/songte-oil-pipes-and-spare-parts.webp\" alt=\"Obr\u00e1zok n\u00e1hradn\u00fdch dielov valca vedra\"><\/p>\n<h2>Tesnenie a mazanie<\/h2>\n<p>Valce kor\u010dekov vy\u017eaduj\u00fa r\u00f4zne tesnenia, ako s\u00fa piestne tesnenia a tesnenia ty\u010d\u00ed, vyroben\u00e9 z materi\u00e1lov odoln\u00fdch vo\u010di opotrebovaniu, ako je polyuret\u00e1n a nitrilov\u00fd kau\u010duk, ktor\u00e9 poskytuj\u00fa dobr\u00fd tesniaci v\u00fdkon a zabra\u0148uj\u00fa \u00faniku oleja. Teleso valca, ty\u010d a povrchy z\u00e1vitov\u00fdch koncov s\u00fa presne opracovan\u00e9 pre zlep\u0161enie odolnosti vo\u010di opotrebovaniu. Na mazanie je potrebn\u00e9 pravidelne prid\u00e1va\u0165 primeran\u00e9 mno\u017estvo hydraulick\u00e9ho oleja.<\/p>\n<h2>\u00dadr\u017eba a opravy<\/h2>\n<p>Pravideln\u00e1 kontrola a prevent\u00edvna \u00fadr\u017eba s\u00fa nevyhnutn\u00e9 na zabezpe\u010denie optim\u00e1lneho v\u00fdkonu a dlhej \u017eivotnosti valcov ko\u0161\u00edkov. Medzi be\u017en\u00e9 \u00falohy \u00fadr\u017eby patr\u00ed spr\u00e1vne mazanie, pravideln\u00e1 v\u00fdmena tesnen\u00ed a kalibra\u010dn\u00e9 kontroly. Spr\u00e1vna in\u0161tal\u00e1cia, mazanie a nastavenie s\u00fa k\u013e\u00fa\u010dov\u00e9 pre zabezpe\u010denie dlhej \u017eivotnosti a odolnosti valcov ko\u0161\u00edkov. Nasleduj\u00face tipy v\u00e1m m\u00f4\u017eu pom\u00f4c\u0165 efekt\u00edvne diagnostikova\u0165 a rie\u0161i\u0165 probl\u00e9my:<\/p>\n<ul>\n<li>\n<h3>Pravideln\u00e1 kontrola<\/h3>\n<p>Pravideln\u00e1 kontrola m\u00f4\u017ee pom\u00f4c\u0165 odhali\u0165 potenci\u00e1lne probl\u00e9my sk\u00f4r, ako sa zhor\u0161ia.<\/p>\n<\/li>\n<li>\n<h3>Spr\u00e1vne mazanie<\/h3>\n<p>Spr\u00e1vne mazanie m\u00f4\u017ee pom\u00f4c\u0165 predch\u00e1dza\u0165 opotrebovaniu a pred\u013a\u017ei\u0165 \u017eivotnos\u0165 valca.<\/p>\n<\/li>\n<li>\n<h3>V\u00fdmena tesnenia<\/h3>\n<p>Na zabezpe\u010denie optim\u00e1lneho tesniaceho v\u00fdkonu je potrebn\u00e1 \u010dast\u00e1 v\u00fdmena tesnenia. <\/p>\n<\/li>\n<li>\n<h3>Spr\u00e1vna in\u0161tal\u00e1cia a nastavenie<\/h3>\n<p>Spr\u00e1vna in\u0161tal\u00e1cia a nastavenie valca s\u00fa k\u013e\u00fa\u010dov\u00e9 pre jeho dlh\u00fa \u017eivotnos\u0165 a odolnos\u0165. <\/p>\n<\/li>\n<\/ul>\n<p><img decoding=\"async\" src=\"https:\/\/www.hydraulic-cylinders.net\/wp-content\/uploads\/2025\/01\/songte-chushion-collar.webp\" alt=\"Obr\u00e1zok in\u0161tal\u00e1cie valca vedra\"><\/p>\n<h2>Bezpe\u010dnostn\u00e9 aspekty a faktory prostredia<\/h2>\n<p>Pri pou\u017e\u00edvan\u00ed vedrov\u00fdch valcov je potrebn\u00e9 dodr\u017eiava\u0165 bezpe\u010dnostn\u00e9 opatrenia, aby sa predi\u0161lo zraneniu a po\u0161kodeniu zariadenia. Pre udr\u017eanie optim\u00e1lneho v\u00fdkonu a dlhej \u017eivotnosti je potrebn\u00e9 zoh\u013eadni\u0165 a rie\u0161i\u0165 aj faktory prostredia, ako je teplota, vlhkos\u0165 a prach. <\/p>\n<h2>Diagnostika por\u00fach a rie\u0161enie probl\u00e9mov<\/h2>\n<p>Medzi be\u017en\u00e9 probl\u00e9my s valcami vedra patr\u00ed \u00fanik oleja, nedostato\u010dn\u00fd tlak a slab\u00e9 tesnenie. Spr\u00e1vna diagnostika a rie\u0161enie probl\u00e9mov m\u00f4\u017ee pom\u00f4c\u0165 efekt\u00edvne a \u00fa\u010dinne vyrie\u0161i\u0165 probl\u00e9my. Pravideln\u00e1 \u00fadr\u017eba a kontrola m\u00f4\u017ee pom\u00f4c\u0165 predch\u00e1dza\u0165 tak\u00fdmto probl\u00e9mom.<\/p>\n<p><img decoding=\"async\" src=\"https:\/\/www.hydraulic-cylinders.net\/wp-content\/uploads\/2025\/01\/songte-bushings-with-all-kinds-of-excavator-models.webp\" alt=\"Probl\u00e9my s valcom vedra Obr\u00e1zok\"><\/p>\n<h2>O na\u0161ej spolo\u010dnosti<\/h2>\n<p>We are a manufacturer of hydraulic cylinders that can replace the original cylinders. Our company has a complete product range and is one of the leading manufacturers and wholesalers of hydraulic cylinders on the domestic and international markets. We adhere to excellence in quality, rely on industrial production management strategies of fine manufacturing workshops, and continuously improve the manufacturing platform and production quality of the workshop through the use of technical talents, digital high-end manufacturing equipment, and professional testing systems. We have strong creation ability, meet customer&#8217;s diverse demands with efficiency, precision and high-quality principles. <\/p>\n<p><img decoding=\"async\" src=\"https:\/\/hzpt.com\/wp-content\/uploads\/2024\/11\/songte-company-1.webp\" alt=\"Obr\u00e1zok spolo\u010dnosti\"><\/p>\n<h3>\u0160pecializ\u00e1cia<\/h3>\n<p>\u0160pecializujeme sa na v\u00fdrobu hydraulick\u00fdch valcov, ktor\u00e9 m\u00f4\u017eu nahradi\u0165 p\u00f4vodn\u00e9 valce.<\/p>\n<h3>Medzin\u00e1rodn\u00e1 certifik\u00e1cia<\/h3>\n<p>Na\u0161e v\u00fdrobky pre\u0161li certifik\u00e1ciami ISO9001, CE a \u010fal\u0161\u00edmi medzin\u00e1rodn\u00fdmi certifik\u00e1tmi, \u010do zaru\u010duje ich kvalitu a spo\u013eahlivos\u0165. <\/p>\n<h3>Slu\u017eba prisp\u00f4sobenia<\/h3>\n<p>Na\u0161a spolo\u010dnos\u0165 poskytuje slu\u017eby \u0161it\u00e9 na mieru, aby splnila \u0161pecifick\u00e9 potreby z\u00e1kazn\u00edkov.<\/p>\n<h3>V\u00fdrobn\u00e9 zariadenia<\/h3>\n<p>Na\u0161a diel\u0148a je vybaven\u00e1 modern\u00fdmi po\u010d\u00edta\u010dom riaden\u00fdmi s\u00fastruhmi, CNC obr\u00e1bac\u00edmi centrami a \u010fal\u0161\u00edmi vysoko presn\u00fdmi zariadeniami, ktor\u00e9 zabezpe\u010duj\u00fa kvalitu a presnos\u0165 na\u0161ich v\u00fdrobkov. <\/p>\n<h3>Popredajn\u00fd servis<\/h3>\n<p>Z\u00e1kazn\u00edkom poskytujeme vynikaj\u00faci popredajn\u00fd servis vr\u00e1tane \u00fadr\u017eby produktov, opr\u00e1v a v\u00fdmeny dielov.<\/p>\n<h4>Autor: lyl<\/h4>","protected":false},"excerpt":{"rendered":"<p>Bucket Cylinder For Sumitomo Middle Excavator SH240-5LR Introduction A bucket cylinder is a specially designed hydraulic cylinder used to control the movement of the bucket in heavy machinery such as excavators, backhoe loaders, and front-end loaders. Its main function is to enable lifting, lowering and tilting of the bucket, thus facilitating various material handling tasks. [&hellip;]<\/p>","protected":false},"featured_media":14789,"comment_status":"open","ping_status":"closed","template":"","meta":{"_et_pb_use_builder":"","_et_pb_old_content":"","_et_gb_content_width":""},"product_brand":[],"product_cat":[1494],"product_tag":[1495,1496],"class_list":{"0":"post-15177","1":"product","2":"type-product","3":"status-publish","4":"has-post-thumbnail","6":"product_cat-bucket-cylinders","7":"product_tag-bucket-cylinders","8":"product_tag-hydraulic-cylinders","10":"first","11":"instock","12":"shipping-taxable","13":"product-type-simple"},"amp_enabled":true,"_links":{"self":[{"href":"https:\/\/www.hydraulic-cylinders.net\/sk\/wp-json\/wp\/v2\/product\/15177","targetHints":{"allow":["GET"]}}],"collection":[{"href":"https:\/\/www.hydraulic-cylinders.net\/sk\/wp-json\/wp\/v2\/product"}],"about":[{"href":"https:\/\/www.hydraulic-cylinders.net\/sk\/wp-json\/wp\/v2\/types\/product"}],"replies":[{"embeddable":true,"href":"https:\/\/www.hydraulic-cylinders.net\/sk\/wp-json\/wp\/v2\/comments?post=15177"}],"wp:featuredmedia":[{"embeddable":true,"href":"https:\/\/www.hydraulic-cylinders.net\/sk\/wp-json\/wp\/v2\/media\/14789"}],"wp:attachment":[{"href":"https:\/\/www.hydraulic-cylinders.net\/sk\/wp-json\/wp\/v2\/media?parent=15177"}],"wp:term":[{"taxonomy":"product_brand","embeddable":true,"href":"https:\/\/www.hydraulic-cylinders.net\/sk\/wp-json\/wp\/v2\/product_brand?post=15177"},{"taxonomy":"product_cat","embeddable":true,"href":"https:\/\/www.hydraulic-cylinders.net\/sk\/wp-json\/wp\/v2\/product_cat?post=15177"},{"taxonomy":"product_tag","embeddable":true,"href":"https:\/\/www.hydraulic-cylinders.net\/sk\/wp-json\/wp\/v2\/product_tag?post=15177"}],"curies":[{"name":"pracovn\u00fd list","href":"https:\/\/api.w.org\/{rel}","templated":true}]}}