{"id":15179,"date":"2025-01-19T14:12:17","date_gmt":"2025-01-19T14:12:17","guid":{"rendered":"https:\/\/www.hydraulic-cylinders.net\/product\/bucket-cylinder-for-sumitomo-middle-excavator-sh200-3g\/"},"modified":"2025-01-19T14:12:19","modified_gmt":"2025-01-19T14:12:19","slug":"bucket-cylinder-for-sumitomo-middle-excavator-sh200-3g","status":"publish","type":"product","link":"https:\/\/www.hydraulic-cylinders.net\/sk\/produkt\/bucket-cylinder-for-sumitomo-middle-excavator-sh200-3g\/","title":{"rendered":"Valec vedra pre stredn\u00e9 r\u00fdpadlo Sumitomo SH200-3G"},"content":{"rendered":"<h1>Valec vedra pre stredn\u00e9 r\u00fdpadlo Sumitomo SH200-3G<\/h1>\n<h2>\u00davod<\/h2>\n<p>Hydraulick\u00fd valec ly\u017eice pre stredn\u00fd bager Sumitomo SH200-3G je \u0161pecializovan\u00fd hydraulick\u00fd valec, ktor\u00fd sa pou\u017e\u00edva hlavne na ovl\u00e1danie pohybu ly\u017eice v \u0165a\u017ek\u00fdch strojoch, ako s\u00fa bagre, r\u00fdpadl\u00e1-naklada\u010de a \u010deln\u00e9 naklada\u010de. Jeho hlavnou funkciou je umo\u017eni\u0165 zdv\u00edhanie, sp\u00fa\u0161\u0165anie a nakl\u00e1\u0148anie ly\u017eice, \u010do u\u013eah\u010duje manipul\u00e1ciu s r\u00f4znymi materi\u00e1lmi. V hydraulickom syst\u00e9me valec ly\u017eice vyu\u017e\u00edva zmeny tlaku hydraulick\u00e9ho oleja na dosiahnutie presn\u00e9ho ovl\u00e1dania ly\u017eice, \u010do umo\u017e\u0148uje obsluhe efekt\u00edvne manipulova\u0165 s \u0165a\u017ek\u00fdmi bremenami a prisp\u00f4sobi\u0165 sa zlo\u017eit\u00fdm pracovn\u00fdm prostrediam a r\u00f4znym prev\u00e1dzkov\u00fdm po\u017eiadavk\u00e1m.<\/p>\n<p><img decoding=\"async\" src=\"https:\/\/www.hydraulic-cylinders.net\/wp-content\/uploads\/2025\/01\/songte-company-2.webp\" alt=\"Obr\u00e1zok valca vedra\"><\/p>\n<h3>Funkcie<\/h3>\n<ul>\n<li><strong>Vysok\u00e1 pevnos\u0165 a odolnos\u0165:<\/strong> Zvy\u010dajne je vyroben\u00fd z vysokopevnostnej ocele alebo hlin\u00edka, odol\u00e1 vysok\u00e9mu tlaku a \u0165a\u017ek\u00fdm za\u0165a\u017eeniam, prisp\u00f4sob\u00ed sa n\u00e1ro\u010dn\u00fdm pracovn\u00fdm podmienkam a pri kon\u0161trukcii zoh\u013ead\u0148uje odolnos\u0165 proti opotrebovaniu a kor\u00f3zii, aby sa pred\u013a\u017eila jeho \u017eivotnos\u0165.<\/li>\n<li><strong>Efekt\u00edvna hydraulick\u00e1 prev\u00e1dzka:<\/strong> V\u010faka tlaku hydraulick\u00e9ho oleja na dosiahnutie plynul\u00e9ho roz\u0165ahovania a s\u0165ahovania dok\u00e1\u017ee r\u00fdchlo reagova\u0165 na prev\u00e1dzkov\u00e9 pr\u00edkazy, poskytova\u0165 siln\u00fa tla\u010dn\u00fa a \u0165a\u017en\u00fa silu a je vhodn\u00fd na manipul\u00e1ciu s \u0165a\u017ek\u00fdmi bremenami a zlo\u017eit\u00e9 prev\u00e1dzkov\u00e9 \u00falohy.<\/li>\n<li><strong>Viacero typov:<\/strong> Valec m\u00f4\u017ee by\u0165 jedno\u010dinn\u00fd (hydraulika pou\u017e\u00edvan\u00e1 iba v jednom smere) alebo dvoj\u010dinn\u00fd (hydraulika pou\u017e\u00edvan\u00e1 v dvoch smeroch) pod\u013ea potreby, aby splnil r\u00f4zne prev\u00e1dzkov\u00e9 potreby. Niektor\u00e9 modely s\u00fa teleskopick\u00e9, \u010do umo\u017e\u0148uje v\u00e4\u010d\u0161ie vysunutie bez zv\u00e4\u010d\u0161enia vonkaj\u0161\u00edch rozmerov, vhodn\u00e9 pre aplik\u00e1cie s obmedzen\u00fdm priestorom.<\/li>\n<li><strong>Produkcia:<\/strong> Na\u0161a spolo\u010dnos\u0165 dok\u00e1\u017ee tento produkt vyrobi\u0165 a na\u0161e produkty dok\u00e1\u017eu dokonale nahradi\u0165 tieto hydraulick\u00e9 valce.<\/li>\n<\/ul>\n<p><img decoding=\"async\" src=\"https:\/\/www.hydraulic-cylinders.net\/wp-content\/uploads\/2025\/01\/songte-cylinder-head-with-all-kinds-excavator-models.webp\" alt=\"Obr\u00e1zok produktu\"><\/p>\n<h2>Aplik\u00e1cie<\/h2>\n<p>Valec kor\u010deka pre stredn\u00fd bager Sumitomo SH200-3G sa d\u00e1 pou\u017ei\u0165 v r\u00f4znych aplik\u00e1ci\u00e1ch, ako napr\u00edklad:<\/p>\n<ul>\n<li><strong>Stavebn\u00e9 zariadenia:<\/strong> V r\u00fdpadl\u00e1ch s\u00fa d\u00f4le\u017eit\u00e9 pre kopanie, nakladanie a premiest\u0148ovanie zeminy alebo sutiny. V r\u00fdpadlov\u00fdch r\u00fdpadl\u00e1ch pom\u00e1ha valec ly\u017eice pri kopan\u00ed aj zdv\u00edhan\u00ed. <\/li>\n<li><strong>Po\u013enohospod\u00e1rske stroje:<\/strong> Pou\u017e\u00edva sa v \u010deln\u00fdch naklada\u010doch na naberanie, zdv\u00edhanie a prepravu p\u00f4dy, sena a in\u00fdch materi\u00e1lov. <\/li>\n<li><strong>R\u00fdpadl\u00e1:<\/strong> Valec ly\u017eice dosahuje kopac\u00ed \u00fa\u010dinok t\u00fdm, \u017ee umo\u017e\u0148uje ly\u017eici prenikn\u00fa\u0165 do p\u00f4dy. <\/li>\n<li><strong>Naklada\u010de:<\/strong> V \u010deln\u00fdch naklada\u010doch pom\u00e1haj\u00fa pri efekt\u00edvnom zdv\u00edhan\u00ed a nakl\u00e1\u0148an\u00ed n\u00e1kladu. <\/li>\n<\/ul>\n<h2>\u00davahy o dizajne a krit\u00e9ri\u00e1 v\u00fdberu<\/h2>\n<p>Kon\u0161truk\u010dn\u00e9 aspekty pre valec kor\u010deka pre stredn\u00fd bager Sumitomo SH200-3G zah\u0155\u0148aj\u00fa nasledovn\u00e9:<\/p>\n<ul>\n<li><strong>Nosnos\u0165:<\/strong> Valec mus\u00ed ma\u0165 dostato\u010dn\u00fa pevnos\u0165, aby zvl\u00e1dol za\u0165a\u017eenia, ktor\u00fdm bude vystaven\u00fd pri svojom pou\u017eit\u00ed.<\/li>\n<li><strong>Tesnenie:<\/strong> Na zabr\u00e1nenie \u00faniku hydraulickej kvapaliny z valca sa pou\u017e\u00edvaj\u00fa r\u00f4zne tesnenia, ako napr\u00edklad tesnenia piestov a tesnenia ty\u010d\u00ed.<\/li>\n<li><strong>Trvanlivos\u0165:<\/strong> Valec by mal by\u0165 navrhnut\u00fd tak, aby odol\u00e1val opotrebovaniu a kor\u00f3zii, \u010do sa d\u00e1 dosiahnu\u0165 starostliv\u00fdm v\u00fdberom materi\u00e1lu, povrchov\u00fdmi \u00fapravami a in\u00fdmi technikami. <\/li>\n<li><strong>Bezpe\u010dnos\u0165:<\/strong> F\u013ea\u0161a mus\u00ed by\u0165 navrhnut\u00e1 s oh\u013eadom na bezpe\u010dnos\u0165 a mus\u00ed by\u0165 vybaven\u00e1 prvkami, ako s\u00fa pretlakov\u00e9 ventily, ktor\u00e9 zabra\u0148uj\u00fa pre\u0165a\u017eeniu, a bezpe\u010dnostn\u00fdmi krytmi, ktor\u00e9 chr\u00e1nia pracovn\u00edkov pred zranen\u00edm. <\/li>\n<li><strong>\u00dadr\u017eba:<\/strong> Valec mus\u00ed by\u0165 navrhnut\u00fd pre jednoduch\u00fa \u00fadr\u017ebu s prvkami, ako s\u00fa \u013eahko pr\u00edstupn\u00e9 komponenty a \u0161tandardn\u00e9 armat\u00fary na u\u013eah\u010denie v\u00fdmeny tesnen\u00ed a in\u00fdch dielov.<\/li>\n<\/ul>\n<p><img decoding=\"async\" src=\"https:\/\/www.hydraulic-cylinders.net\/wp-content\/uploads\/2025\/01\/songte-oil-pipes-and-spare-parts.webp\" alt=\"Obr\u00e1zok \u010dast\u00ed hydraulick\u00e9ho valca\"><\/p>\n<h2>Tesnenie a mazanie<\/h2>\n<p>Valec kor\u010deka pre stredn\u00fd bager Sumitomo SH200-3G pou\u017e\u00edva r\u00f4zne tesnenia, ako s\u00fa tesnenia piestov a tesnenia ty\u010d\u00ed, vyroben\u00e9 z materi\u00e1lov odoln\u00fdch proti opotrebovaniu, ako je polyuret\u00e1n a nitrilov\u00fd kau\u010duk, aby sa zabr\u00e1nilo \u00faniku hydraulickej kvapaliny z valca. Teleso valca a z\u00e1vitov\u00fd koniec s\u00fa prec\u00edzne spracovan\u00e9 pre zlep\u0161enie odolnosti proti opotrebovaniu. Pre plynul\u00fd chod valca je potrebn\u00e9 pravidelne prid\u00e1va\u0165 primeran\u00e9 mno\u017estvo hydraulick\u00e9ho oleja na mazanie.<\/p>\n<h2>\u00dadr\u017eba a opravy<\/h2>\n<p>Pravideln\u00e1 \u00fadr\u017eba a opravy s\u00fa nevyhnutn\u00e9 pre dlh\u00fa \u017eivotnos\u0165 valca vedra. Nasleduje nieko\u013eko be\u017en\u00fdch \u00faloh \u00fadr\u017eby:<\/p>\n<ul>\n<li>Pravideln\u00e1 kontrola <\/li>\n<li>Spr\u00e1vne mazanie <\/li>\n<li>V\u00fdmena tesnenia <\/li>\n<li>Kalibra\u010dn\u00e9 kontroly <\/li>\n<\/ul>\n<p>Po\u010das in\u0161tal\u00e1cie je d\u00f4le\u017eit\u00e9 spr\u00e1vne zarovna\u0165 valec a na jeho upevnenie pou\u017ei\u0165 vhodn\u00e9 mont\u00e1\u017ene konzoly. Na pred\u013a\u017eenie \u017eivotnosti valca s vedro odpor\u00fa\u010dame pou\u017ei\u0165 na\u0161e odpor\u00fa\u010dan\u00e9 postupy kontroly, opravy a v\u00fdmeny. Pon\u00fakame tie\u017e n\u00e1hradn\u00e9 diely a slu\u017eby rekon\u0161trukcie.<\/p>\n<p><img decoding=\"async\" src=\"https:\/\/www.hydraulic-cylinders.net\/wp-content\/uploads\/2025\/01\/songte-chushion-collar.webp\" alt=\"Obr\u00e1zok \u010dast\u00ed hydraulick\u00e9ho valca\"><\/p>\n<h2>Bezpe\u010dnostn\u00e9 a environment\u00e1lne aspekty<\/h2>\n<p>Pri pou\u017e\u00edvan\u00ed valca ko\u0161\u00edka pre stredn\u00fd bager Sumitomo SH200-3G je d\u00f4le\u017eit\u00e9 dodr\u017eiava\u0165 pr\u00edslu\u0161n\u00e9 bezpe\u010dnostn\u00e9 opatrenia. Zabezpe\u010denie spr\u00e1vnej in\u0161tal\u00e1cie, pravidelnej kontroly a \u00fadr\u017eby m\u00f4\u017ee zabr\u00e1ni\u0165 potenci\u00e1lnym prev\u00e1dzkov\u00fdm rizik\u00e1m. Spr\u00e1vna likvid\u00e1cia hydraulick\u00fdch kvapal\u00edn a in\u00e9ho nebezpe\u010dn\u00e9ho odpadu je nevyhnutn\u00e1 na minimaliz\u00e1ciu negat\u00edvnych vplyvov na \u017eivotn\u00e9 prostredie.<\/p>\n<h2> Rie\u0161enie probl\u00e9mov a be\u017en\u00e9 probl\u00e9my<\/h2>\n<p>Medzi be\u017en\u00e9 probl\u00e9my s valcom lopaty pre stredn\u00fd bager Sumitomo SH200-3G patr\u00ed \u00fanik oleja, nedostato\u010dn\u00e1 alebo nerovnomern\u00e1 sila a abnorm\u00e1lny hluk. Tieto probl\u00e9my sa \u010dasto daj\u00fa vyrie\u0161i\u0165 kontrolou tesnen\u00ed, hladiny hydraulickej kvapaliny a v\u00fdmenou v\u0161etk\u00fdch chybn\u00fdch dielov. Odpor\u00fa\u010dame pravideln\u00fa \u00fadr\u017ebu a kontrolu, aby ste predi\u0161li \u010fal\u0161\u00edm probl\u00e9mom. <\/p>\n<p><img decoding=\"async\" src=\"https:\/\/www.hydraulic-cylinders.net\/wp-content\/uploads\/2025\/01\/songte-bushings-with-all-kinds-of-excavator-models.webp\" alt=\"Obr\u00e1zok \u010dast\u00ed hydraulick\u00e9ho valca\"><\/p>\n<h2>O na\u0161ej spolo\u010dnosti<\/h2>\n<p>Sme v\u00fdrobcom n\u00e1hradn\u00fdch hydraulick\u00fdch valcov. Na\u0161a spolo\u010dnos\u0165 vyr\u00e1ba \u0161irok\u00fa \u0161k\u00e1lu produktov a stala sa jedn\u00fdm z popredn\u00fdch v\u00fdrobcov a ve\u013ekoobchodn\u00fdch distrib\u00fatorov hydraulick\u00fdch valcov na dom\u00e1com aj medzin\u00e1rodnom trhu. Riadime sa strat\u00e9giou vynikaj\u00facej kvality, opieraj\u00fac sa o industrializovan\u00e9 riadenie v\u00fdroby v prec\u00edznych v\u00fdrobn\u00fdch diel\u0148ach, neust\u00e1le zlep\u0161ovanie na\u0161ich dieln\u00ed a dokonal\u00e9 v\u00fdrobn\u00e9 linky. M\u00e1me siln\u00e9 kreat\u00edvne schopnosti a pou\u017e\u00edvame princ\u00edpy vysokej \u00fa\u010dinnosti, vysokej presnosti a vysokej kvality, aby sme uspokojili rozmanit\u00e9 potreby z\u00e1kazn\u00edkov. <\/p>\n<h3>Profesionalita<\/h3>\n<p>N\u00e1\u0161 t\u00edm profesion\u00e1lov sa zameriava na poskytovanie vysokokvalitn\u00fdch produktov a slu\u017eieb na\u0161im z\u00e1kazn\u00edkom a sna\u017e\u00edme sa udr\u017ea\u0165 si poz\u00edciu popredn\u00e9ho v\u00fdrobcu hydraulick\u00fdch valcov neust\u00e1lym zdokona\u013eovan\u00edm a inov\u00e1ciami na\u0161ich produktov.<\/p>\n<h3>Medzin\u00e1rodn\u00e1 certifik\u00e1cia<\/h3>\n<p>Na\u0161e v\u00fdrobky z\u00edskali medzin\u00e1rodn\u00e9 certifik\u00e1ty ako ISO a CE, \u010do zaru\u010duje, \u017ee sp\u013a\u0148aj\u00fa medzin\u00e1rodn\u00e9 normy a predpisy kvality.<\/p>\n<h3>Slu\u017eby prisp\u00f4sobenia<\/h3>\n<p>Pon\u00fakame prisp\u00f4sobovacie slu\u017eby, ktor\u00e9 sp\u013a\u0148aj\u00fa \u0161pecifick\u00e9 potreby na\u0161ich z\u00e1kazn\u00edkov, a poskytujeme rie\u0161enia \u0161it\u00e9 na mieru, ktor\u00e9 sp\u013a\u0148aj\u00fa jedine\u010dn\u00e9 po\u017eiadavky projektu.<\/p>\n<h3>V\u00fdrobn\u00e9 zariadenia<\/h3>\n<p>Na v\u00fdrobu na\u0161ich produktov pou\u017e\u00edvame modern\u00e9 v\u00fdrobn\u00e9 zariadenia, ktor\u00e9 zaru\u010duj\u00fa vysok\u00fa presnos\u0165, kvalitu a efektivitu. <\/p>\n<h3>Popredajn\u00e9 slu\u017eby<\/h3>\n<p>Poskytujeme efekt\u00edvne a komplexn\u00e9 popredajn\u00e9 slu\u017eby vr\u00e1tane technickej podpory a n\u00e1hradn\u00fdch dielov, aby sme zabezpe\u010dili, \u017ee na\u0161i z\u00e1kazn\u00edci z na\u0161ich produktov vy\u0165a\u017eia maximum.<\/p>\n<p><img decoding=\"async\" src=\"https:\/\/hzpt.com\/wp-content\/uploads\/2024\/11\/songte-company-1.webp\" alt=\"Obr\u00e1zok valca vedra\"><\/p>\n<p>Autor: lyl<\/p>","protected":false},"excerpt":{"rendered":"<p>Bucket Cylinder For Sumitomo Middle Excavator SH200-3G Introduction The bucket cylinder for Sumitomo Middle Excavator SH200-3G is a specialized hydraulic cylinder that is mainly used to control the movement of the bucket in heavy machinery such as excavators, backhoe excavators, and front-end loaders. Its main function is to allow the bucket to be lifted, lowered, [&hellip;]<\/p>","protected":false},"featured_media":14787,"comment_status":"open","ping_status":"closed","template":"","meta":{"_et_pb_use_builder":"","_et_pb_old_content":"","_et_gb_content_width":""},"product_brand":[],"product_cat":[1494],"product_tag":[1495,1496],"class_list":{"0":"post-15179","1":"product","2":"type-product","3":"status-publish","4":"has-post-thumbnail","6":"product_cat-bucket-cylinders","7":"product_tag-bucket-cylinders","8":"product_tag-hydraulic-cylinders","10":"first","11":"instock","12":"shipping-taxable","13":"product-type-simple"},"amp_enabled":true,"_links":{"self":[{"href":"https:\/\/www.hydraulic-cylinders.net\/sk\/wp-json\/wp\/v2\/product\/15179","targetHints":{"allow":["GET"]}}],"collection":[{"href":"https:\/\/www.hydraulic-cylinders.net\/sk\/wp-json\/wp\/v2\/product"}],"about":[{"href":"https:\/\/www.hydraulic-cylinders.net\/sk\/wp-json\/wp\/v2\/types\/product"}],"replies":[{"embeddable":true,"href":"https:\/\/www.hydraulic-cylinders.net\/sk\/wp-json\/wp\/v2\/comments?post=15179"}],"wp:featuredmedia":[{"embeddable":true,"href":"https:\/\/www.hydraulic-cylinders.net\/sk\/wp-json\/wp\/v2\/media\/14787"}],"wp:attachment":[{"href":"https:\/\/www.hydraulic-cylinders.net\/sk\/wp-json\/wp\/v2\/media?parent=15179"}],"wp:term":[{"taxonomy":"product_brand","embeddable":true,"href":"https:\/\/www.hydraulic-cylinders.net\/sk\/wp-json\/wp\/v2\/product_brand?post=15179"},{"taxonomy":"product_cat","embeddable":true,"href":"https:\/\/www.hydraulic-cylinders.net\/sk\/wp-json\/wp\/v2\/product_cat?post=15179"},{"taxonomy":"product_tag","embeddable":true,"href":"https:\/\/www.hydraulic-cylinders.net\/sk\/wp-json\/wp\/v2\/product_tag?post=15179"}],"curies":[{"name":"pracovn\u00fd list","href":"https:\/\/api.w.org\/{rel}","templated":true}]}}