{"id":15193,"date":"2025-01-19T14:13:19","date_gmt":"2025-01-19T14:13:19","guid":{"rendered":"https:\/\/www.hydraulic-cylinders.net\/product\/bucket-cylinder-for-sumitomo-large-excavator-sh480hd-5\/"},"modified":"2025-01-19T14:13:21","modified_gmt":"2025-01-19T14:13:21","slug":"bucket-cylinder-for-sumitomo-large-excavator-sh480hd-5","status":"publish","type":"product","link":"https:\/\/www.hydraulic-cylinders.net\/sk\/produkt\/bucket-cylinder-for-sumitomo-large-excavator-sh480hd-5\/","title":{"rendered":"Valec vedra pre ve\u013ek\u00e9 r\u00fdpadlo Sumitomo SH480HD-5"},"content":{"rendered":"<h1>Valec vedra pre ve\u013ek\u00e9 r\u00fdpadlo Sumitomo SH480HD-5<\/h1>\n<h2>\u00davod<\/h2>\n<p>Hydraulick\u00fd valec ly\u017eice je \u0161peci\u00e1lne navrhnut\u00fd hydraulick\u00fd valec pou\u017e\u00edvan\u00fd predov\u0161etk\u00fdm na ovl\u00e1danie pohybu ly\u017e\u00edc v \u0165a\u017ek\u00fdch strojoch, ako s\u00fa bagre, r\u00fdpadl\u00e1 a \u010deln\u00e9 naklada\u010de. Jeho hlavnou funkciou je umo\u017eni\u0165 ly\u017eici zdv\u00edha\u0165, sp\u00fa\u0161\u0165a\u0165 a nakl\u00e1\u0148a\u0165, v\u010faka \u010domu je ide\u00e1lna pre r\u00f4zne \u00falohy manipul\u00e1cie s materi\u00e1lom. V hydraulickom syst\u00e9me riadia valce ly\u017eice presn\u00fd pohyb ly\u017eice pomocou zmien tlaku hydraulick\u00e9ho oleja, \u010do umo\u017e\u0148uje obsluhe efekt\u00edvne manipulova\u0165 s \u0165a\u017ek\u00fdmi bremenami a prisp\u00f4sobova\u0165 sa zlo\u017eit\u00fdm pracovn\u00fdm prostrediam a r\u00f4znorod\u00fdm po\u017eiadavk\u00e1m na pr\u00e1cu.<\/p>\n<p><img decoding=\"async\" src=\"https:\/\/www.hydraulic-cylinders.net\/wp-content\/uploads\/2025\/01\/songte-company-2.webp\" alt=\"Valec vedra pre ve\u013ek\u00e9 r\u00fdpadlo Sumitomo SH480HD-5\"><\/p>\n<h2>Funkcie<\/h2>\n<ul>\n<li>\n<h3>Vysok\u00e1 pevnos\u0165 a odolnos\u0165<\/h3>\n<p>Valce s kor\u010dekom s\u00fa zvy\u010dajne vyroben\u00e9 z vysokopevnostnej ocele alebo hlin\u00edka, s\u00fa schopn\u00e9 odol\u00e1va\u0165 vysok\u00e9mu tlaku a \u0165a\u017ek\u00fdm za\u0165a\u017eeniam, prisp\u00f4sobi\u0165 sa n\u00e1ro\u010dn\u00fdm pracovn\u00fdm podmienkam a s\u00fa navrhnut\u00e9 s oh\u013eadom na trvanlivos\u0165 a odolnos\u0165 vo\u010di kor\u00f3zii, \u010d\u00edm sa predl\u017euje ich \u017eivotnos\u0165.<\/p>\n<\/li>\n<li>\n<h3>Efekt\u00edvne hydraulick\u00e9 oper\u00e1cie<\/h3>\n<p>Valce kor\u010dekov vyu\u017e\u00edvaj\u00fa hydraulick\u00fd tlak oleja na dosiahnutie plynul\u00fdch pohybov vys\u00favania a s\u0165ahovania, r\u00fdchlo reaguj\u00fa na ovl\u00e1dacie povely, poskytuj\u00fa siln\u00e9 tla\u010dn\u00e9 a \u0165a\u017en\u00e9 sily a s\u00fa vhodn\u00e9 na manipul\u00e1ciu s \u0165a\u017ek\u00fdmi bremenami a zlo\u017eit\u00fdmi pracovn\u00fdmi \u00falohami.<\/p>\n<\/li>\n<li>\n<h3>R\u00f4zne typy<\/h3>\n<p>Valce kor\u010dekov m\u00f4\u017eu by\u0165 jedno\u010dinn\u00e9 alebo dvoj\u010dinn\u00e9 (vyu\u017e\u00edvaj\u00face hydraulick\u00fd tlak v jednom alebo oboch smeroch) v z\u00e1vislosti od prev\u00e1dzkov\u00fdch po\u017eiadaviek. Niektor\u00e9 modely s\u00fa teleskopick\u00e9, \u010do umo\u017e\u0148uje v\u00e4\u010d\u0161ie vysunutie bez zv\u00e4\u010d\u0161enia vonkaj\u0161\u00edch rozmerov, vhodn\u00e9 pre aplik\u00e1cie s obmedzen\u00fdm priestorom.<\/p>\n<\/li>\n<li>\n<h3>Vymenite\u013en\u00e9<\/h3>\n<p>N\u00e1\u0161 produkt dok\u00e1\u017ee dokonale nahradi\u0165 tieto hydraulick\u00e9 valce.<\/p>\n<\/li>\n<\/ul>\n<p><img decoding=\"async\" src=\"https:\/\/www.hydraulic-cylinders.net\/wp-content\/uploads\/2025\/01\/songte-cylinder-head-with-all-kinds-excavator-models.webp\" alt=\"Valec vedra pre ve\u013ek\u00e9 r\u00fdpadlo Sumitomo SH480HD-5\"><\/p>\n<h2>Aplik\u00e1cie<\/h2>\n<p>Valce s lopatou sa \u0161iroko pou\u017e\u00edvaj\u00fa v r\u00f4znych odvetviach vr\u00e1tane stavebn\u00fdch strojov, po\u013enohospod\u00e1rskych strojov, r\u00fdpadiel a naklada\u010dov. Ni\u017e\u0161ie s\u00fa uveden\u00e9 niektor\u00e9 z najbe\u017enej\u0161\u00edch aplik\u00e1ci\u00ed:<\/p>\n<ul>\n<li>\n<h3>Stavebn\u00e9 stroje<\/h3>\n<p>V bagroch s\u00fa nevyhnutn\u00e9 na kopanie, nakladanie a premiest\u0148ovanie zeminy alebo sutiny. V r\u00fdpadlo-naklada\u010doch pom\u00e1haj\u00fa valce ko\u0161\u00edkov pri v\u00fdkopov\u00fdch pr\u00e1cach aj zdv\u00edhan\u00ed. V \u010deln\u00fdch naklada\u010doch pom\u00e1haj\u00fa pri efekt\u00edvnom zdv\u00edhan\u00ed a vykl\u00e1pan\u00ed n\u00e1kladu.<\/p>\n<\/li>\n<li>\n<h3>Po\u013enohospod\u00e1rske stroje<\/h3>\n<p>Pou\u017e\u00edvaj\u00fa sa v \u010deln\u00fdch naklada\u010doch na naberanie, zdv\u00edhanie a prepravu p\u00f4dy, sena a in\u00fdch materi\u00e1lov.<\/p>\n<\/li>\n<li>\n<h3>R\u00fdpadl\u00e1<\/h3>\n<p>Valce korby umo\u017e\u0148uj\u00fa kopanie t\u00fdm, \u017ee umo\u017e\u0148uj\u00fa korbe r\u00fdpadla prenikn\u00fa\u0165 do p\u00f4dy.<\/p>\n<\/li>\n<li>\n<h3>Naklada\u010de<\/h3>\n<p>V \u010deln\u00fdch naklada\u010doch pom\u00e1haj\u00fa pri efekt\u00edvnom zdv\u00edhan\u00ed a vykladan\u00ed n\u00e1kladu.<\/p>\n<\/li>\n<\/ul>\n<h2>\u00davahy o dizajne a krit\u00e9ri\u00e1 v\u00fdberu<\/h2>\n<p>Pri v\u00fdbere valcov s lopatkami je potrebn\u00e9 zv\u00e1\u017ei\u0165 nieko\u013eko kon\u0161truk\u010dn\u00fdch aspektov, vr\u00e1tane:<\/p>\n<ul>\n<li>\n<h3>Nosnos\u0165<\/h3>\n<p>Nosnos\u0165 valca mus\u00ed by\u0165 dostato\u010dn\u00e1 na to, aby zvl\u00e1dla za\u0165a\u017eenie a zabezpe\u010dila plynul\u00fd chod.<\/p>\n<\/li>\n<li>\n<h3>Tesnenie<\/h3>\n<p>Na zabr\u00e1nenie \u00faniku a zabezpe\u010denie spr\u00e1vnej funkcie valca sa musia pou\u017ei\u0165 r\u00f4zne tesniace komponenty, ako s\u00fa tesnenia piestov a tesnenia ty\u010d\u00ed.<\/p>\n<\/li>\n<li>\n<h3>Trvanlivos\u0165<\/h3>\n<p>Valec mus\u00ed by\u0165 navrhnut\u00fd tak, aby bol odoln\u00fd v n\u00e1ro\u010dn\u00fdch podmienkach prostredia a odoln\u00fd vo\u010di kor\u00f3zii a opotrebeniu.<\/p>\n<\/li>\n<li>\n<h3>Bezpe\u010dnos\u0165<\/h3>\n<p>Valce s ko\u0161\u00edkom musia by\u0165 navrhnut\u00e9 s bezpe\u010dnostn\u00fdmi prvkami, ako s\u00fa napr\u00edklad pretlakov\u00e9 ventily, aby sa zabr\u00e1nilo pre\u0165a\u017eeniu a zabezpe\u010dila sa bezpe\u010dn\u00e1 prev\u00e1dzka.<\/p>\n<\/li>\n<li>\n<h3>Udr\u017eiavate\u013enos\u0165<\/h3>\n<p>Valec mus\u00ed by\u0165 navrhnut\u00fd pre jednoduch\u00fa \u00fadr\u017ebu vr\u00e1tane jednoduchej demont\u00e1\u017ee a op\u00e4tovnej mont\u00e1\u017ee, \u013eahk\u00e9ho pr\u00edstupu ku komponentom a mo\u017enosti r\u00fdchlej v\u00fdmeny dielov.<\/p>\n<\/li>\n<\/ul>\n<p><img decoding=\"async\" src=\"https:\/\/www.hydraulic-cylinders.net\/wp-content\/uploads\/2025\/01\/songte-oil-pipes-and-spare-parts.webp\" alt=\"Valec vedra pre ve\u013ek\u00e9 r\u00fdpadlo Sumitomo SH480HD-5\"><\/p>\n<h2>Tesnenie a mazanie<\/h2>\n<p>Na zabr\u00e1nenie \u00faniku a zabezpe\u010denie spr\u00e1vnej funkcie valca sa musia pou\u017ei\u0165 r\u00f4zne tesniace komponenty, ako s\u00fa tesnenia piestov a tesnenia ty\u010d\u00ed. Teleso valca a z\u00e1vitov\u00e9 konce s\u00fa jemne opracovan\u00e9, aby sa zlep\u0161ila odolnos\u0165 proti opotrebovaniu. Pravidelne prid\u00e1vajte vhodn\u00fd hydraulick\u00fd olej na mazanie valca.<\/p>\n<h2>\u00dadr\u017eba a odstra\u0148ovanie probl\u00e9mov<\/h2>\n<p>Pravideln\u00e1 kontrola, vhodn\u00e9 mazanie, v\u00fdmena tesnen\u00ed a kontrola kalibr\u00e1cie s\u00fa be\u017en\u00fdmi \u00falohami \u00fadr\u017eby. Spr\u00e1vna in\u0161tal\u00e1cia, mazanie a nastavenie s\u00fa nevyhnutn\u00e9 pre zabezpe\u010denie dlhej \u017eivotnosti valca s vedro. Po\u010das in\u0161tal\u00e1cie by sa malo zabezpe\u010di\u0165 spr\u00e1vne vedenie pre zarovnanie a na upevnenie valca by sa mali pou\u017ei\u0165 vhodn\u00e9 mont\u00e1\u017ene konzoly.<\/p>\n<p><img decoding=\"async\" src=\"https:\/\/www.hydraulic-cylinders.net\/wp-content\/uploads\/2025\/01\/songte-chushion-collar.webp\" alt=\"Valec vedra pre ve\u013ek\u00e9 r\u00fdpadlo Sumitomo SH480HD-5\"><\/p>\n<h2>Bezpe\u010dnostn\u00e9 aspekty a faktory prostredia<\/h2>\n<p>Pri pou\u017e\u00edvan\u00ed vedrov\u00fdch valcov s\u00fa bezpe\u010dnostn\u00e9 opatrenia k\u013e\u00fa\u010dov\u00e9. Na zabr\u00e1nenie pre\u0165a\u017eeniu a zaistenie bezpe\u010dnej prev\u00e1dzky by mali by\u0165 nain\u0161talovan\u00e9 bezpe\u010dnostn\u00e9 prvky, ako s\u00fa poistn\u00e9 ventily. Musia sa prija\u0165 vhodn\u00e9 opatrenia na ochranu \u017eivotn\u00e9ho prostredia, aby sa predi\u0161lo \u00faniku oleja a po\u0161kodeniu \u017eivotn\u00e9ho prostredia.<\/p>\n<h2>Predstavenie spolo\u010dnosti<\/h2>\n<p>Sme popredn\u00fdm v\u00fdrobcom a distrib\u00fatorom hydraulick\u00fdch valcov na dom\u00e1com aj medzin\u00e1rodnom trhu a \u0161pecializujeme sa na n\u00e1hradn\u00e9 hydraulick\u00e9 valce. Dodr\u017eiavame z\u00e1sady vynikaj\u00facej kvality a opierame sa o strat\u00e9giu industrializovan\u00e9ho riadenia v\u00fdroby sofistikovan\u00fdch v\u00fdrobn\u00fdch dieln\u00ed. Neust\u00e1le zlep\u0161ujeme v\u00fdrobn\u00fa platformu na\u0161ej dielne vyu\u017e\u00edvan\u00edm technick\u00fdch talentov, \u0161pi\u010dkov\u00fdch digit\u00e1lnych v\u00fdrobn\u00fdch zariaden\u00ed a profesion\u00e1lnych testovac\u00edch syst\u00e9mov, zdokona\u013eujeme v\u00fdrobn\u00fa linku zameran\u00fa na kvalitu v\u00fdrobkov a m\u00e1me siln\u00e9 v\u00fdrobn\u00e9 kapacity, ktor\u00e9 sp\u013a\u0148aj\u00fa rozmanit\u00e9 potreby z\u00e1kazn\u00edkov s vysokou efektivitou, vysokou presnos\u0165ou a vysokou kvalitou.<\/p>\n<p><img decoding=\"async\" src=\"https:\/\/hzpt.com\/wp-content\/uploads\/2024\/11\/songte-company-1.webp\" alt=\"Valec vedra pre ve\u013ek\u00e9 r\u00fdpadlo Sumitomo SH480HD-5\"><\/p>\n<h3>Profesionalita<\/h3>\n<p>M\u00e1me t\u00edm odborn\u00edkov na hydraulick\u00e9 valce, ktor\u00ed pom\u00e1haj\u00fa z\u00e1kazn\u00edkom vybra\u0165 si ten spr\u00e1vny valec pre ich \u0161pecifick\u00e9 potreby.<\/p>\n<h3>Medzin\u00e1rodn\u00e1 certifik\u00e1cia<\/h3>\n<p>Na\u0161e v\u00fdrobky pre\u0161li certifik\u00e1ciou ISO9001: 2008 a CE.<\/p>\n<h3>Slu\u017eby prisp\u00f4sobenia<\/h3>\n<p>Poskytujeme slu\u017eby na mieru, aby sme splnili r\u00f4zne potreby z\u00e1kazn\u00edkov a pon\u00fakli rie\u0161enia \u0161it\u00e9 na mieru.<\/p>\n<h3>V\u00fdrobn\u00e9 zariadenia<\/h3>\n<p>Sme vybaven\u00ed modern\u00fdm vybaven\u00edm, ako s\u00fa CNC stroje, automatick\u00e9 zv\u00e1racie stroje a pokovovacie stroje, ktor\u00e9 dok\u00e1\u017eu splni\u0165 rozmanit\u00e9 po\u017eiadavky na\u0161ich z\u00e1kazn\u00edkov.<\/p>\n<h3>Popredajn\u00fd servis<\/h3>\n<p>Poskytujeme popredajn\u00fd servis vr\u00e1tane opr\u00e1v a \u00fadr\u017eby, aby sme zabezpe\u010dili bezprobl\u00e9mov\u00fa prev\u00e1dzku zariaden\u00ed na\u0161ich z\u00e1kazn\u00edkov.<\/p>\n<p>Autor: lyl<\/p>","protected":false},"excerpt":{"rendered":"<p>Bucket Cylinder For Sumitomo Large Excavator SH480HD-5 Introduction A bucket cylinder is a specially designed hydraulic cylinder used primarily to control the movement of buckets in heavy machinery such as excavators, backhoes, and front-end loaders. Its main function is to enable the bucket to lift, lower, and tilt, making it ideal for various material handling [&hellip;]<\/p>","protected":false},"featured_media":14788,"comment_status":"open","ping_status":"closed","template":"","meta":{"_et_pb_use_builder":"","_et_pb_old_content":"","_et_gb_content_width":""},"product_brand":[],"product_cat":[1494],"product_tag":[1495,1496],"class_list":{"0":"post-15193","1":"product","2":"type-product","3":"status-publish","4":"has-post-thumbnail","6":"product_cat-bucket-cylinders","7":"product_tag-bucket-cylinders","8":"product_tag-hydraulic-cylinders","10":"first","11":"instock","12":"shipping-taxable","13":"product-type-simple"},"amp_enabled":true,"_links":{"self":[{"href":"https:\/\/www.hydraulic-cylinders.net\/sk\/wp-json\/wp\/v2\/product\/15193","targetHints":{"allow":["GET"]}}],"collection":[{"href":"https:\/\/www.hydraulic-cylinders.net\/sk\/wp-json\/wp\/v2\/product"}],"about":[{"href":"https:\/\/www.hydraulic-cylinders.net\/sk\/wp-json\/wp\/v2\/types\/product"}],"replies":[{"embeddable":true,"href":"https:\/\/www.hydraulic-cylinders.net\/sk\/wp-json\/wp\/v2\/comments?post=15193"}],"wp:featuredmedia":[{"embeddable":true,"href":"https:\/\/www.hydraulic-cylinders.net\/sk\/wp-json\/wp\/v2\/media\/14788"}],"wp:attachment":[{"href":"https:\/\/www.hydraulic-cylinders.net\/sk\/wp-json\/wp\/v2\/media?parent=15193"}],"wp:term":[{"taxonomy":"product_brand","embeddable":true,"href":"https:\/\/www.hydraulic-cylinders.net\/sk\/wp-json\/wp\/v2\/product_brand?post=15193"},{"taxonomy":"product_cat","embeddable":true,"href":"https:\/\/www.hydraulic-cylinders.net\/sk\/wp-json\/wp\/v2\/product_cat?post=15193"},{"taxonomy":"product_tag","embeddable":true,"href":"https:\/\/www.hydraulic-cylinders.net\/sk\/wp-json\/wp\/v2\/product_tag?post=15193"}],"curies":[{"name":"pracovn\u00fd list","href":"https:\/\/api.w.org\/{rel}","templated":true}]}}