{"id":15197,"date":"2025-01-19T14:13:35","date_gmt":"2025-01-19T14:13:35","guid":{"rendered":"https:\/\/www.hydraulic-cylinders.net\/product\/bucket-cylinder-for-jcb-small-excavator-js240lc\/"},"modified":"2025-01-19T14:13:37","modified_gmt":"2025-01-19T14:13:37","slug":"bucket-cylinder-for-jcb-small-excavator-js240lc","status":"publish","type":"product","link":"https:\/\/www.hydraulic-cylinders.net\/sk\/produkt\/bucket-cylinder-for-jcb-small-excavator-js240lc\/","title":{"rendered":"Valec lopaty pre mal\u00e9 r\u00fdpadlo JCB JS240LC"},"content":{"rendered":"<h1>Valec lopaty pre mal\u00e9 r\u00fdpadlo JCB JS240LC<\/h1>\n<h2>\u00davod<\/h2>\n<p>Hydraulick\u00fd valec ly\u017eice je \u0161peci\u00e1lne navrhnut\u00fd hydraulick\u00fd valec pou\u017e\u00edvan\u00fd na ovl\u00e1danie pohybu ly\u017eice v \u0165a\u017ek\u00fdch strojoch, ako s\u00fa bagre, r\u00fdpadlo-naklada\u010de a \u010deln\u00e9 naklada\u010de. Jeho hlavnou funkciou je umo\u017eni\u0165 zdv\u00edhanie, sp\u00fa\u0161\u0165anie a nakl\u00e1\u0148anie ly\u017eice, v\u010faka \u010domu je vhodn\u00e1 na r\u00f4zne \u00falohy manipul\u00e1cie s materi\u00e1lom. V hydraulickom syst\u00e9me dosahuje valec ly\u017eice presn\u00e9 ovl\u00e1danie ly\u017eice prostredn\u00edctvom zmien tlaku hydraulick\u00e9ho oleja, \u010do umo\u017e\u0148uje obsluhe efekt\u00edvne manipulova\u0165 s \u0165a\u017ek\u00fdmi bremenami a prisp\u00f4sobova\u0165 sa zlo\u017eit\u00fdm pracovn\u00fdm prostrediam a r\u00f4znorod\u00fdm po\u017eiadavk\u00e1m pr\u00e1ce.<\/p>\n<p><img decoding=\"async\" src=\"https:\/\/www.hydraulic-cylinders.net\/wp-content\/uploads\/2025\/01\/songte-company-2.webp\" alt=\"Valec lopaty pre mal\u00e9 r\u00fdpadlo JCB JS240LC\"><\/p>\n<h2>Funkcie<\/h2>\n<ul>\n<li>Vysok\u00e1 pevnos\u0165 a odolnos\u0165: Zvy\u010dajne je vyroben\u00fd z vysokopevnostnej ocele alebo hlin\u00edka, odol\u00e1 vysok\u00e9mu tlaku a \u0165a\u017ek\u00fdm za\u0165a\u017eeniam a prisp\u00f4sob\u00ed sa n\u00e1ro\u010dn\u00fdm pracovn\u00fdm podmienkam. Kon\u0161trukcia zoh\u013ead\u0148uje odolnos\u0165 vo\u010di opotrebovaniu a kor\u00f3zii, aby sa pred\u013a\u017eila jeho \u017eivotnos\u0165.<\/li>\n<li>Efekt\u00edvna hydraulick\u00e1 prev\u00e1dzka: Vyu\u017e\u00edva tlak hydraulick\u00e9ho oleja na dosiahnutie plynul\u00e9ho teleskopick\u00e9ho pohybu, poskytuje r\u00fdchlu odozvu na ovl\u00e1dacie povely a dod\u00e1va siln\u00e9 tla\u010dn\u00e9 a \u0165a\u017en\u00e9 sily, v\u010faka \u010domu je vhodn\u00fd na manipul\u00e1ciu s \u0165a\u017ek\u00fdmi bremenami a zlo\u017eit\u00fdmi pracovn\u00fdmi \u00falohami.<\/li>\n<li>R\u00f4zne typy: Pod\u013ea po\u017eiadaviek je mo\u017en\u00e9 zvoli\u0165 bu\u010f jedno\u010dinn\u00fd (hydraulick\u00fd pohon sa pou\u017e\u00edva iba v jednom smere), alebo dvoj\u010dinn\u00fd (hydraulick\u00fd pohon sa pou\u017e\u00edva v oboch smeroch) valec a niektor\u00e9 modely s\u00fa teleskopick\u00e9, \u010do umo\u017e\u0148uje v\u00e4\u010d\u0161ie vysunutie bez zv\u00e4\u010d\u0161enia vonkaj\u0161\u00edch rozmerov, ide\u00e1lne pre aplik\u00e1cie s obmedzen\u00fdm priestorom.<\/li>\n<li>Dokonal\u00e1 n\u00e1hrada: Na\u0161e produkty dok\u00e1\u017eu dokonale nahradi\u0165 tieto hydraulick\u00e9 valce.<br \/>\n  <img decoding=\"async\" src=\"https:\/\/www.hydraulic-cylinders.net\/wp-content\/uploads\/2025\/01\/songte-cylinder-head-with-all-kinds-excavator-models.webp\" alt=\"Valec lopaty pre mal\u00e9 r\u00fdpadlo JCB JS240LC\"><\/li>\n<\/ul>\n<h2>Aplik\u00e1cie<\/h2>\n<ul>\n<li>Stavebn\u00e9 zariadenia: Nach\u00e1dzaj\u00fa sa v bagroch a s\u00fa nevyhnutn\u00e9 na kopanie, nakladanie a premiest\u0148ovanie zeminy alebo sutiny. V r\u00fdpadlo-naklada\u010doch pom\u00e1ha valec ly\u017eice pri kopan\u00ed aj zdv\u00edhan\u00ed.<\/li>\n<li>Po\u013enohospod\u00e1rske stroje: Pou\u017e\u00edvaj\u00fa sa v \u010deln\u00fdch naklada\u010doch na naberanie, zdv\u00edhanie a prepravu p\u00f4dy, sena a in\u00fdch materi\u00e1lov.<\/li>\n<li>R\u00fdpadl\u00e1: Valec ly\u017eice umo\u017e\u0148uje kopanie t\u00fdm, \u017ee umo\u017e\u0148uje ly\u017eici prenikn\u00fa\u0165 do p\u00f4dy.<\/li>\n<li>Naklada\u010de: \u010celn\u00e9 naklada\u010de pom\u00e1haj\u00fa pri efekt\u00edvnom zdv\u00edhan\u00ed a vykladan\u00ed tovaru.<\/li>\n<\/ul>\n<h2>\u00davahy o dizajne a krit\u00e9ri\u00e1 v\u00fdberu<\/h2>\n<ul>\n<li>\u00danosnos\u0165: Diskutujte o schopnosti valca odol\u00e1va\u0165 za\u0165a\u017eeniu a tlaku.<\/li>\n<li>Tesnenie: Vysvetlite pou\u017eitie r\u00f4znych tesnen\u00ed, ako s\u00fa tesnenia piestov a tesnenia ty\u010d\u00ed, ktor\u00e9 s\u00fa vyroben\u00e9 z materi\u00e1lov odoln\u00fdch vo\u010di opotrebovaniu, ako je polyuret\u00e1n a nitrilov\u00fd kau\u010duk. Spome\u0148te jemn\u00fa povrchov\u00fa \u00fapravu telesa valca a z\u00e1vitov\u00e9ho konca na zlep\u0161enie odolnosti vo\u010di opotrebovaniu.<\/li>\n<li>Trvanlivos\u0165: Pop\u00ed\u0161te, ako je valec navrhnut\u00fd tak, aby odolal n\u00e1ro\u010dn\u00fdm prev\u00e1dzkov\u00fdm podmienkam a poskytoval dlh\u00fa \u017eivotnos\u0165.<\/li>\n<li>Bezpe\u010dnos\u0165: Uve\u010fte bezpe\u010dnostn\u00e9 prvky zabudovan\u00e9 do kon\u0161trukcie a d\u00f4le\u017eitos\u0165 dodr\u017eiavania bezpe\u010dnostn\u00fdch opatren\u00ed pri pou\u017e\u00edvan\u00ed f\u013ea\u0161e.<\/li>\n<li>\u00dadr\u017eba: Diskutujte o jednoduchosti \u00fadr\u017eby a opr\u00e1v vr\u00e1tane pravideln\u00fdch kontrol a prevent\u00edvnych opatren\u00ed.<\/li>\n<\/ul>\n<p><img decoding=\"async\" src=\"https:\/\/www.hydraulic-cylinders.net\/wp-content\/uploads\/2025\/01\/songte-oil-pipes-and-spare-parts.webp\" alt=\"Valec lopaty pre mal\u00e9 r\u00fdpadlo JCB JS240LC\"><\/p>\n<h2>Tesnenie a mazanie<\/h2>\n<p>Valec kor\u010deka vyu\u017e\u00edva r\u00f4zne tesnenia, ako s\u00fa piestne tesnenia a tesnenia ty\u010d\u00ed, vyroben\u00e9 z materi\u00e1lov odoln\u00fdch vo\u010di opotrebovaniu, ako je polyuret\u00e1n a nitrilov\u00fd kau\u010duk. Teleso valca a z\u00e1vitov\u00fd koniec prech\u00e1dzaj\u00fa jemnou povrchovou \u00fapravou na zv\u00fd\u0161enie odolnosti vo\u010di opotrebovaniu. Je potrebn\u00e9 pravideln\u00e9 mazanie vhodn\u00fdm mno\u017estvom hydraulick\u00e9ho oleja.<\/p>\n<h2>Kontrola a prevent\u00edvna \u00fadr\u017eba<\/h2>\n<ul>\n<li>Pravideln\u00e9 kontroly: Zd\u00f4raznite d\u00f4le\u017eitos\u0165 pravideln\u00fdch kontrol, aby ste v\u010das odhalili ak\u00e9ko\u013evek potenci\u00e1lne probl\u00e9my.<\/li>\n<li>Spr\u00e1vne mazanie: Zd\u00f4raznite d\u00f4le\u017eitos\u0165 vhodn\u00e9ho mazania pre zabezpe\u010denie optim\u00e1lneho v\u00fdkonu.<\/li>\n<li>V\u00fdmena tesnenia: Poskytnite pokyny pre v\u00fdmenu tesnenia a zd\u00f4raznite jeho \u00falohu pri udr\u017eiavan\u00ed integrity valca.<\/li>\n<li>Kontrola kalibr\u00e1cie: Vysvetlite potrebu pravideln\u00fdch kontrol kalibr\u00e1cie na zabezpe\u010denie presnej prev\u00e1dzky.<\/li>\n<\/ul>\n<p><img decoding=\"async\" src=\"https:\/\/www.hydraulic-cylinders.net\/wp-content\/uploads\/2025\/01\/songte-chushion-collar.webp\" alt=\"Valec lopaty pre mal\u00e9 r\u00fdpadlo JCB JS240LC\"><\/p>\n<h2>Bezpe\u010dnostn\u00e9 aspekty a faktory prostredia<\/h2>\n<p>Diskutujte o d\u00f4le\u017eitosti bezpe\u010dnostn\u00fdch opatren\u00ed pri pou\u017e\u00edvan\u00ed valca s vedrom v r\u00f4znych aplik\u00e1ci\u00e1ch a zd\u00f4raznite environment\u00e1lne aspekty s\u00favisiace s jeho prev\u00e1dzkou.<\/p>\n<h2>Rie\u0161enie probl\u00e9mov a be\u017en\u00e9 probl\u00e9my<\/h2>\n<p>Zamerajte sa na be\u017en\u00e9 tipy a rie\u0161enia probl\u00e9mov, ktor\u00e9 pom\u00f4\u017eu \u010ditate\u013eom efekt\u00edvne diagnostikova\u0165 a rie\u0161i\u0165 probl\u00e9my. Poskytnite prevent\u00edvne opatrenia na minimaliz\u00e1ciu potenci\u00e1lnych probl\u00e9mov.<\/p>\n<p><img decoding=\"async\" src=\"https:\/\/www.hydraulic-cylinders.net\/wp-content\/uploads\/2025\/01\/songte-bushings-with-all-kinds-of-excavator-models.webp\" alt=\"Valec lopaty pre mal\u00e9 r\u00fdpadlo JCB JS240LC\"><\/p>\n<h2>O na\u0161ej spolo\u010dnosti<\/h2>\n<p>Sme v\u00fdrobcom n\u00e1hradn\u00fdch hydraulick\u00fdch valcov a pon\u00fakame \u0161irok\u00fd sortiment produktov. Stali sme sa jedn\u00fdm z popredn\u00fdch v\u00fdrobcov a ve\u013ekoobchodn\u00fdch distrib\u00fatorov hydraulick\u00fdch valcov na dom\u00e1com aj medzin\u00e1rodnom trhu. Dodr\u017eiavame princ\u00edpy excelentnosti a spoliehame sa na strat\u00e9gie riadenia priemyselnej v\u00fdroby v na\u0161ich prepracovan\u00fdch v\u00fdrobn\u00fdch diel\u0148ach. V\u010faka na\u0161im technick\u00fdm talentom, pokro\u010dil\u00e9mu digit\u00e1lnemu v\u00fdrobn\u00e9mu zariadeniu a profesion\u00e1lnym testovac\u00edm syst\u00e9mom neust\u00e1le zlep\u0161ujeme na\u0161u v\u00fdrobn\u00fa platformu a v\u00fdrobn\u00e9 linky zameran\u00e9 na kvalitu v\u00fdrobkov. M\u00e1me siln\u00e9 kreat\u00edvne schopnosti a sna\u017e\u00edme sa uspokoji\u0165 rozmanit\u00e9 potreby na\u0161ich z\u00e1kazn\u00edkov s vysokou efektivitou, presnos\u0165ou a kvalitou.<\/p>\n<p><img decoding=\"async\" src=\"https:\/\/www.hydraulic-cylinders.net\/wp-content\/uploads\/2025\/01\/songte-company-3.webp\" alt=\"Valec lopaty pre mal\u00e9 r\u00fdpadlo JCB JS240LC\"><\/p>\n<h3>Profesionalita<\/h3>\n<p>Explain the company&#8217;s professionalism and expertise in the field.<\/p>\n<h3>Medzin\u00e1rodn\u00e9 certifik\u00e1cie<\/h3>\n<p>Zd\u00f4raznite v\u0161etky medzin\u00e1rodn\u00e9 certifik\u00e1cie, ktor\u00e9 spolo\u010dnos\u0165 z\u00edskala.<\/p>\n<h3>Slu\u017eby prisp\u00f4sobenia<\/h3>\n<p>Discuss the company&#8217;s ability to provide customized services based on customer requirements.<\/p>\n<h3>V\u00fdrobn\u00e9 zariadenia<\/h3>\n<p>Pop\u00ed\u0161te modern\u00e9 v\u00fdrobn\u00e9 zariadenia, ktor\u00e9 spolo\u010dnos\u0165 pou\u017e\u00edva.<\/p>\n<h3>Popredajn\u00fd servis<\/h3>\n<p>Emphasize the company&#8217;s commitment to providing excellent after-sales service to customers.<\/p>\n<p>Autor: lyl<\/p>","protected":false},"excerpt":{"rendered":"<p>Bucket Cylinder For JCB Small Excavator JS240LC Introduction The bucket cylinder is a specially designed hydraulic cylinder used to control the movement of the bucket in heavy machinery such as excavators, backhoe loaders, and front loaders. Its main function is to enable the lifting, lowering, and tilting of the bucket, making it suitable for various [&hellip;]<\/p>","protected":false},"featured_media":14782,"comment_status":"open","ping_status":"closed","template":"","meta":{"_et_pb_use_builder":"","_et_pb_old_content":"","_et_gb_content_width":""},"product_brand":[],"product_cat":[1494],"product_tag":[1495,1496],"class_list":{"0":"post-15197","1":"product","2":"type-product","3":"status-publish","4":"has-post-thumbnail","6":"product_cat-bucket-cylinders","7":"product_tag-bucket-cylinders","8":"product_tag-hydraulic-cylinders","10":"first","11":"instock","12":"shipping-taxable","13":"product-type-simple"},"amp_enabled":true,"_links":{"self":[{"href":"https:\/\/www.hydraulic-cylinders.net\/sk\/wp-json\/wp\/v2\/product\/15197","targetHints":{"allow":["GET"]}}],"collection":[{"href":"https:\/\/www.hydraulic-cylinders.net\/sk\/wp-json\/wp\/v2\/product"}],"about":[{"href":"https:\/\/www.hydraulic-cylinders.net\/sk\/wp-json\/wp\/v2\/types\/product"}],"replies":[{"embeddable":true,"href":"https:\/\/www.hydraulic-cylinders.net\/sk\/wp-json\/wp\/v2\/comments?post=15197"}],"wp:featuredmedia":[{"embeddable":true,"href":"https:\/\/www.hydraulic-cylinders.net\/sk\/wp-json\/wp\/v2\/media\/14782"}],"wp:attachment":[{"href":"https:\/\/www.hydraulic-cylinders.net\/sk\/wp-json\/wp\/v2\/media?parent=15197"}],"wp:term":[{"taxonomy":"product_brand","embeddable":true,"href":"https:\/\/www.hydraulic-cylinders.net\/sk\/wp-json\/wp\/v2\/product_brand?post=15197"},{"taxonomy":"product_cat","embeddable":true,"href":"https:\/\/www.hydraulic-cylinders.net\/sk\/wp-json\/wp\/v2\/product_cat?post=15197"},{"taxonomy":"product_tag","embeddable":true,"href":"https:\/\/www.hydraulic-cylinders.net\/sk\/wp-json\/wp\/v2\/product_tag?post=15197"}],"curies":[{"name":"pracovn\u00fd list","href":"https:\/\/api.w.org\/{rel}","templated":true}]}}