{"id":1520,"date":"2023-09-27T09:31:49","date_gmt":"2023-09-27T09:31:49","guid":{"rendered":"https:\/\/hydraulic-cylinders.net\/?post_type=product&#038;p=1520"},"modified":"2025-04-11T03:26:00","modified_gmt":"2025-04-11T03:26:00","slug":"aerial-work-platform-rotary-actuator","status":"publish","type":"product","link":"https:\/\/www.hydraulic-cylinders.net\/sk\/produkt\/aerial-work-platform-rotary-actuator\/","title":{"rendered":"Rota\u010dn\u00fd aktu\u00e1tor pre pracovn\u00fa plo\u0161inu"},"content":{"rendered":"<h1 style=\"text-align: center;\"><strong>Rota\u010dn\u00fd aktu\u00e1tor pre pracovn\u00fa plo\u0161inu<\/strong><\/h1>\n<p><img loading=\"lazy\" decoding=\"async\" class=\"size-medium wp-image-1521 aligncenter\" src=\"https:\/\/hydraulic-cylinders.net\/wp-content\/uploads\/2023\/09\/rotary-actuator-1-2-300x300.webp\" alt=\"\" width=\"300\" height=\"300\" \/><\/p>\n<p>Rota\u010dn\u00fd pohon s\u00e9rie HBM je nez\u00e1visle navrhnut\u00fd a vyvinut\u00fd rota\u010dn\u00fd pohon na ovl\u00e1danie ramien k\u013abov\u00fdch pracovn\u00fdch plo\u0161\u00edn. Pod\u013ea po\u017eiadaviek z\u00e1kazn\u00edka na in\u0161tal\u00e1ciu a v\u00fdkon je mo\u017en\u00e9 realizova\u0165 zodpovedaj\u00faci prisp\u00f4sobiv\u00fd dizajn, aby sa zabezpe\u010dila prisp\u00f4sobivos\u0165 a flexibilita prev\u00e1dzky.<\/p>\n<p>V\u010faka metrickej kon\u0161trukcii jednotky umo\u017e\u0148uje unik\u00e1tne tesnenie a kon\u0161trukcia n\u00edzky koeficient trenia a vysok\u00fd v\u00fdstupn\u00fd kr\u00fatiaci moment. Okrem toho anal\u00fdza met\u00f3dou kone\u010dn\u00fdch prvkov a testovanie \u017eivotnosti prispievaj\u00fa k stabilite a spo\u013eahlivosti produktu. V porovnan\u00ed s podobn\u00fdmi produktmi na trhu sa v\u00fdstupn\u00fd kr\u00fatiaci moment rota\u010dn\u00e9ho aktu\u00e1tora s\u00e9rie HBM pri rovnakej ve\u013ekosti zvy\u0161uje o 10% a\u017e 20%, otv\u00e1rac\u00ed tlak sa zni\u017euje o 50%, prev\u00e1dzka je stabilnej\u0161ia, \u00fa\u010dinnos\u0165 je vy\u0161\u0161ia, otv\u00e1rac\u00ed tlak je lep\u0161\u00ed a v kone\u010dnom d\u00f4sledku sa zabezpe\u010duje bezpe\u010dn\u00e1, spo\u013eahliv\u00e1 a efekt\u00edvna prev\u00e1dzka vysokohorskej pracovnej plo\u0161iny.<\/p>\n<p>K\u013e\u00fa\u010dov\u00e9 charakteristiky rota\u010dn\u00e9ho aktu\u00e1tora pre pracovn\u00fa plo\u0161inu:<\/p>\n<ol>\n<li><strong>N\u00edzky koeficient trenia:<\/strong><\/li>\n<\/ol>\n<ul>\n<li>Kritick\u00fd komponent rota\u010dn\u00e9ho aktu\u00e1tora s\u00e9rie HBM \u2013 \u0161pir\u00e1lov\u00e1 dr\u00e1\u017eka pre rot\u00e1ciu a prenos kr\u00fatiaceho momentu,<br \/>\nvyzna\u010duje sa vynikaj\u00facou presnos\u0165ou, vyv\u00e1\u017een\u00fdm rozlo\u017een\u00edm nap\u00e4tia a stabiln\u00fdm prenosom. V\u010faka axi\u00e1lnym lo\u017eisk\u00e1m s n\u00edzkym tren\u00edm a jedine\u010dnej kon\u0161trukcii tesniaceho syst\u00e9mu m\u00e1 rota\u010dn\u00fd aktu\u00e1tor s\u00e9rie HBM n\u00edzky koeficient trenia po\u010das prenosu.<\/li>\n<\/ul>\n<ol start=\"2\">\n<li><strong>Vysok\u00fd v\u00fdstupn\u00fd kr\u00fatiaci moment:<\/strong><\/li>\n<\/ol>\n<ul>\n<li>V\u010faka neust\u00e1lemu inovat\u00edvnemu v\u00fdskumu a valid\u00e1cii je rota\u010dn\u00fd pohon s\u00e9rie HBM navrhnut\u00fd kompaktne, aby plne vyu\u017eil obmedzen\u00fd vn\u00fatorn\u00fd priestor a pren\u00e1\u0161al vysok\u00fd v\u00fdstupn\u00fd kr\u00fatiaci moment prostredn\u00edctvom tlaku kvapaliny. V porovnan\u00ed s podobn\u00fdmi produktmi poskytuje rota\u010dn\u00fd pohon s\u00e9rie HBM o 10% a\u017e 20% vy\u0161\u0161\u00ed v\u00fdstupn\u00fd kr\u00fatiaci moment pri rovnakej ve\u013ekosti produktu.<\/li>\n<\/ul>\n<ol start=\"3\">\n<li><strong>Dlh\u00e1 \u017eivotnos\u0165:<\/strong><\/li>\n<\/ol>\n<ul>\n<li>Po\u010das procesu n\u00e1vrhu sa pomocou softv\u00e9ru FEA vykon\u00e1va komplexn\u00e1 anal\u00fdza a v\u00fdpo\u010det pre ka\u017ed\u00fa ve\u013ekos\u0165 rota\u010dn\u00e9ho aktu\u00e1tora HBM. Okrem toho sa neust\u00e1le vykon\u00e1va optimaliz\u00e1cia produktu, aby sa zabezpe\u010dilo, \u017ee ka\u017ed\u00e1 ve\u013ekos\u0165 produktu sp\u013a\u0148a po\u017eiadavky na dlh\u00fa \u017eivotnos\u0165.<\/li>\n<li>Okrem be\u017en\u00fdch tov\u00e1rensk\u00fdch testov s\u00fa k dispoz\u00edcii dve \u0161pecializovan\u00e9 sk\u00fa\u0161obn\u00e9 lavice pre rota\u010dn\u00e9 aktu\u00e1tory, ktor\u00e9 sa vykon\u00e1vaj\u00fa pod\u013ea po\u017eiadaviek z\u00e1kazn\u00edka a aplik\u00e1cie, \u010do zabezpe\u010duje vynikaj\u00facu odolnos\u0165 a dlh\u00fa \u017eivotnos\u0165.<\/li>\n<\/ul>\n<h2><strong>Parameter rota\u010dn\u00e9ho aktu\u00e1tora pracovnej plo\u0161iny:<\/strong><\/h2>\n<table border=\"1\" cellspacing=\"0\" cellpadding=\"0\">\n<tbody>\n<tr>\n<td>N\u00e1zov produktu<\/td>\n<td>Rota\u010dn\u00fd aktu\u00e1tor pre pracovn\u00fa plo\u0161inu<\/td>\n<\/tr>\n<tr>\n<td>Vlastnosti:<\/td>\n<td>Realiz\u00e1cia kyvu plo\u0161iny a k\u013euky<\/td>\n<\/tr>\n<tr>\n<td>Kr\u00fatiaci moment:<\/td>\n<td>500\uff5e5000 Nm<\/td>\n<\/tr>\n<tr>\n<td>Uhol nato\u010denia:<\/td>\n<td>0\uff5e360\u00b0<\/td>\n<\/tr>\n<tr>\n<td>Tlak:<\/td>\n<td>21 MPa (\u0161tandardn\u00fd pracovn\u00fd tlak)<\/td>\n<\/tr>\n<tr>\n<td>Aplik\u00e1cie rota\u010dn\u00e9ho aktu\u00e1tora:<\/td>\n<td>Letov\u00e1 pracovn\u00e1 plo\u0161ina<\/td>\n<\/tr>\n<\/tbody>\n<\/table>\n<h2><strong>Sch\u00e9ma identifik\u00e1cie plo\u0161iny pre pr\u00e1cu na plo\u0161ine:<\/strong><\/h2>\n<p><img loading=\"lazy\" decoding=\"async\" class=\"alignnone wp-image-1517 size-full\" src=\"https:\/\/hydraulic-cylinders.net\/wp-content\/uploads\/2023\/09\/aerial-work-platform-cylinder-construct.webp\" alt=\"\" width=\"600\" height=\"400\" srcset=\"https:\/\/hydraulic-cylinders.net\/wp-content\/uploads\/2023\/09\/aerial-work-platform-cylinder-construct.webp 600w, https:\/\/hydraulic-cylinders.net\/wp-content\/uploads\/2023\/09\/aerial-work-platform-cylinder-construct-480x320.webp 480w\" sizes=\"(min-width: 0px) and (max-width: 480px) 480px, (min-width: 481px) 600px, 100vw\" \/><\/p>\n<h2><strong>Ve\u013ekos\u0165 a \u0161pecifik\u00e1cia rota\u010dn\u00e9ho aktu\u00e1tora pre pracovn\u00fa plo\u0161inu:<\/strong><\/h2>\n<p><img loading=\"lazy\" decoding=\"async\" class=\"alignnone wp-image-1522 size-full\" src=\"https:\/\/hydraulic-cylinders.net\/wp-content\/uploads\/2023\/09\/rotary-actuator-2.webp\" alt=\"\" width=\"729\" height=\"992\" srcset=\"https:\/\/hydraulic-cylinders.net\/wp-content\/uploads\/2023\/09\/rotary-actuator-2.webp 729w, https:\/\/hydraulic-cylinders.net\/wp-content\/uploads\/2023\/09\/rotary-actuator-2-480x653.webp 480w\" sizes=\"(min-width: 0px) and (max-width: 480px) 480px, (min-width: 481px) 729px, 100vw\" \/><\/p>\n<h2><strong>Met\u00f3da pou\u017eitia rota\u010dn\u00e9ho aktu\u00e1tora pracovnej plo\u0161iny:<\/strong><\/h2>\n<ol>\n<li><strong>In\u0161tal\u00e1cia aktu\u00e1tora:<\/strong><\/li>\n<\/ol>\n<ul>\n<li>Pre spr\u00e1vnu in\u0161tal\u00e1ciu rota\u010dn\u00e9ho aktu\u00e1tora pracovnej plo\u0161iny dodr\u017eiavajte pokyny v\u00fdrobcu.<\/li>\n<li>Uistite sa, \u017ee ovl\u00e1da\u010d je bezpe\u010dne namontovan\u00fd na kon\u0161trukciu plo\u0161iny, \u010d\u00edm sa zabezpe\u010d\u00ed stabiln\u00e9 a spo\u013eahliv\u00e9 pripojenie.<\/li>\n<\/ul>\n<ol start=\"2\">\n<li><strong>Elektrick\u00e9 a hydraulick\u00e9 pripojenie:<\/strong><\/li>\n<\/ol>\n<ul>\n<li>Pripojte ovl\u00e1da\u010d k elektrick\u00fdm a hydraulick\u00fdm syst\u00e9mom pracovnej plo\u0161iny pod\u013ea poskytnut\u00fdch pokynov.<\/li>\n<li>Uistite sa, \u017ee v\u0161etky pripojenia s\u00fa bezpe\u010dn\u00e9 a spr\u00e1vne utesnen\u00e9, aby ste predi\u0161li \u00fanikom alebo elektrick\u00fdm poruch\u00e1m.<\/li>\n<\/ul>\n<ol start=\"3\">\n<li><strong>Ovl\u00e1danie rot\u00e1cie:<\/strong><\/li>\n<\/ol>\n<ul>\n<li>Na ovl\u00e1danie rota\u010dn\u00e9ho pohybu pracovnej plo\u0161iny pou\u017eite dodan\u00fd ovl\u00e1dac\u00ed panel alebo rozhranie.<\/li>\n<li>Pre plynul\u00e9 a presn\u00e9 ot\u00e1\u010danie dodr\u017eiavajte odpor\u00fa\u010dan\u00e9 prev\u00e1dzkov\u00e9 postupy a bezpe\u010dnostn\u00e9 pokyny.<\/li>\n<\/ul>\n<ol start=\"4\">\n<li><strong>Bezpe\u010dnostn\u00e9 aspekty:<\/strong><\/li>\n<\/ol>\n<ul>\n<li>Pred obsluhou pracovnej plo\u0161iny sa obozn\u00e1mte s bezpe\u010dnostn\u00fdmi prvkami a n\u00fadzov\u00fdmi postupmi.<\/li>\n<li>Zabezpe\u010dte, aby v\u0161etci oper\u00e1tori absolvovali riadne \u0161kolenie o bezpe\u010dnej obsluhe plo\u0161iny a rota\u010dn\u00e9ho pohonu plo\u0161iny.<\/li>\n<\/ul>\n<h2><strong>Ako odvzdu\u0161ni\u0165 hydraulick\u00fd syst\u00e9m?<\/strong><\/h2>\n<p>Odvzdu\u0161nenie hydraulick\u00e9ho syst\u00e9mu je k\u013e\u00fa\u010dov\u00fd postup \u00fadr\u017eby, ktor\u00fd zabezpe\u010duje optim\u00e1lny v\u00fdkon a zabra\u0148uje nerovnomern\u00e9mu alebo nekonzistentn\u00e9mu hydraulick\u00e9mu chodu. Tu je podrobn\u00fd n\u00e1vod, ako odvzdu\u0161ni\u0165 hydraulick\u00fd syst\u00e9m:<\/p>\n<ol>\n<li><strong>Identifikujte body krv\u00e1cania:<\/strong><\/li>\n<\/ol>\n<ul>\n<li>N\u00e1jdite odvzdu\u0161\u0148ovacie body v hydraulickom syst\u00e9me. Tieto sa zvy\u010dajne nach\u00e1dzaj\u00fa pri vysok\u00fdch energi\u00e1ch, napr\u00edklad na vrchu hydraulick\u00fdch valcov, regula\u010dn\u00fdch ventilov alebo z\u00e1sobn\u00edkov \u010derpadiel.<\/li>\n<li>Pre identifik\u00e1ciu \u0161pecifick\u00fdch odvzdu\u0161\u0148ovac\u00edch bodov pre v\u00e1\u0161 syst\u00e9m si pozrite n\u00e1vod na obsluhu hydraulick\u00e9ho syst\u00e9mu alebo pokyny v\u00fdrobcu.<\/li>\n<\/ul>\n<ol start=\"2\">\n<li><strong>Pripravte syst\u00e9m:<\/strong><\/li>\n<\/ol>\n<ul>\n<li>Vypnite nap\u00e1janie hydraulick\u00e9ho syst\u00e9mu a uvo\u013enite tlak spusten\u00edm alebo zasunut\u00edm hydraulick\u00fdch valcov alebo uvo\u013enen\u00edm tlakov\u00e9ho ventilu.<\/li>\n<li>Uistite sa, \u017ee m\u00e1te potrebn\u00e9 n\u00e1stroje a bezpe\u010dnostn\u00e9 vybavenie na vykonanie procesu odvzdu\u0161\u0148ovania vr\u00e1tane ochrann\u00fdch okuliarov a rukav\u00edc.<\/li>\n<\/ul>\n<ol start=\"3\">\n<li><strong>Umiestnenie zbern\u00e9ho kontajnera:<\/strong><\/li>\n<\/ol>\n<ul>\n<li>Pod odvzdu\u0161\u0148ovac\u00ed bod umiestnite vhodn\u00fa n\u00e1dobu alebo odtokov\u00fa misku na zachytenie hydraulickej kvapaliny, ktor\u00e1 by mohla unikn\u00fa\u0165 po\u010das odvzdu\u0161\u0148ovania.<\/li>\n<li>Pom\u00f4\u017ee to predch\u00e1dza\u0165 rozliatiu a udr\u017eiava\u0165 pracovn\u00fd priestor \u010dist\u00fd.<\/li>\n<\/ul>\n<ol start=\"4\">\n<li><strong>Otvorte odvzdu\u0161\u0148ovac\u00ed ventil:<\/strong><\/li>\n<\/ol>\n<ul>\n<li>Pomaly a \u010diasto\u010dne otvorte odvzdu\u0161\u0148ovac\u00ed ventil v ur\u010denom odvzdu\u0161\u0148ovacom bode pomocou vhodn\u00e9ho k\u013e\u00fa\u010da alebo n\u00e1stroja.<\/li>\n<li>V tejto f\u00e1ze bu\u010fte opatrn\u00ed, aby ste ventil \u00faplne neodstr\u00e1nili; namiesto toho vytvorte mal\u00fd otvor, aby mohol unika\u0165 vzduch a tekutina.<\/li>\n<\/ul>\n<ol start=\"5\">\n<li><strong>Za\u010diatok krv\u00e1cania:<\/strong><\/li>\n<\/ol>\n<ul>\n<li>S \u010diasto\u010dne otvoren\u00fdm odvzdu\u0161\u0148ovac\u00edm ventilom aktivujte hydraulick\u00fd syst\u00e9m jeho zapnut\u00edm alebo pou\u017eit\u00edm pr\u00edslu\u0161n\u00fdch ovl\u00e1dac\u00edch prvkov.<\/li>\n<li>Nechajte hydraulick\u00fa kvapalinu preteka\u0165 syst\u00e9mom a vytla\u010dte v\u0161etky zachyten\u00e9 vzduchov\u00e9 bubliny. V\u0161imnete si, \u017ee vzduch a kvapalina unikaj\u00fa cez \u010diasto\u010dne otvoren\u00fd odvzdu\u0161\u0148ovac\u00ed ventil.<\/li>\n<\/ul>\n<ol start=\"6\">\n<li><strong>Monitorovanie a opakovanie:<\/strong><\/li>\n<\/ol>\n<ul>\n<li>Sledujte prietok kvapaliny a v\u0161imnite si v\u0161etky vzduchov\u00e9 bubliny unikaj\u00face z odvzdu\u0161\u0148ovacieho ventilu.<\/li>\n<li>Ke\u010f je prietok kvapaliny rovnomern\u00fd a bez vzduchov\u00fdch bubl\u00edn, pevne zatvorte odvzdu\u0161\u0148ovac\u00ed ventil, aby ste zabr\u00e1nili \u010fal\u0161iemu vniknutiu vzduchu do syst\u00e9mu.<\/li>\n<li>Ak vzduchov\u00e9 bubliny pretrv\u00e1vaj\u00fa, zopakujte proces odvzdu\u0161\u0148ovania \u010diasto\u010dn\u00fdm otvoren\u00edm odvzdu\u0161\u0148ovacieho ventilu a nechajte preteka\u0165 viac kvapaliny, k\u00fdm sa vzduch \u00faplne neodstr\u00e1ni.<\/li>\n<\/ul>\n<ol start=\"7\">\n<li><strong>Skontrolujte hladiny kvapal\u00edn:<\/strong><\/li>\n<\/ol>\n<ul>\n<li>Po odvzdu\u0161nen\u00ed skontrolujte hladinu hydraulickej kvapaliny v z\u00e1sobn\u00edku alebo n\u00e1dr\u017ei syst\u00e9mu.<\/li>\n<li>V pr\u00edpade potreby dopl\u0148te kvapalinu, aby ste udr\u017eali odpor\u00fa\u010dan\u00fa hladinu.<\/li>\n<\/ul>\n<ol start=\"8\">\n<li><strong>Otestujte a overte:<\/strong><\/li>\n<\/ol>\n<ul>\n<li>Po dokon\u010den\u00ed odvzdu\u0161nenia a op\u00e4tovnej mont\u00e1\u017ei hydraulick\u00e9ho syst\u00e9mu otestujte jeho \u010dinnos\u0165, aby ste zabezpe\u010dili plynul\u00fd a konzistentn\u00fd hydraulick\u00fd v\u00fdkon.<\/li>\n<li>Overte, \u010di sa nevyskytuj\u00fa \u017eiadne nezvy\u010dajn\u00e9 zvuky ani vibr\u00e1cie a \u010di syst\u00e9m spr\u00e1vne reaguje na ovl\u00e1dacie vstupy.<\/li>\n<\/ul>\n<h2><strong>Schopnos\u0165 a kapacita tov\u00e1rne:<\/strong><\/h2>\n<h3>(1) Mont\u00e1\u017e<\/h3>\n<p>Disponujeme prvotriednou nez\u00e1vislou v\u00fdskumnou a v\u00fdvojovou mont\u00e1\u017enou platformou. Diel\u0148a na v\u00fdrobu hydraulick\u00fdch valcov m\u00e1 \u0161tyri poloautomatick\u00e9 mont\u00e1\u017ene linky zdv\u00edhac\u00edch valcov a jednu automatick\u00fa mont\u00e1\u017enu linku nakl\u00e1pac\u00edch valcov s projektovanou ro\u010dnou v\u00fdrobnou kapacitou 1 mili\u00f3n kusov. Diel\u0148a na v\u00fdrobu \u0161peci\u00e1lnych valcov je vybaven\u00e1 r\u00f4znymi \u0161pecifik\u00e1ciami poloautomatick\u00e9ho syst\u00e9mu \u010distenia a mont\u00e1\u017ee s projektovanou ro\u010dnou v\u00fdrobnou kapacitou 200 000 kusov a je vybaven\u00e1 zn\u00e1mym CNC obr\u00e1bac\u00edm zariaden\u00edm, obr\u00e1bac\u00edm centrom, \u0161peci\u00e1lnym zariaden\u00edm na vysoko presn\u00e9 spracovanie valcov, robotick\u00fdm zv\u00e1rac\u00edm strojom, automatick\u00fdm \u010distiacim strojom, automatick\u00fdm mont\u00e1\u017enym strojom valcov a automatickou lakovacou v\u00fdrobnou linkou. Existuj\u00face kritick\u00e9 zariadenia maj\u00fa viac ako 300 s\u00faprav (s\u00e1d). Optim\u00e1lne alokovanie a efekt\u00edvne vyu\u017e\u00edvanie zdrojov zariaden\u00ed zabezpe\u010duje po\u017eiadavky na presnos\u0165 v\u00fdrobkov a sp\u013a\u0148a po\u017eiadavky na vysok\u00fa kvalitu v\u00fdrobkov.<\/p>\n<p><img loading=\"lazy\" decoding=\"async\" class=\"alignnone wp-image-626\" src=\"https:\/\/hydraulic-cylinders.net\/wp-content\/uploads\/2023\/08\/hydraulic-cylinder-product-1-300x158.webp\" alt=\"\" width=\"495\" height=\"260\" srcset=\"https:\/\/hydraulic-cylinders.net\/wp-content\/uploads\/2023\/08\/hydraulic-cylinder-product-1-300x158.webp 495w, https:\/\/hydraulic-cylinders.net\/wp-content\/uploads\/2023\/08\/hydraulic-cylinder-product-1-480x252.webp 480w\" sizes=\"(min-width: 0px) and (max-width: 480px) 480px, (min-width: 481px) 495px, 100vw\" \/> <img loading=\"lazy\" decoding=\"async\" class=\"alignnone wp-image-627\" src=\"https:\/\/hydraulic-cylinders.net\/wp-content\/uploads\/2023\/08\/hydraulic-cylinder-product-2-300x189.webp\" alt=\"\" width=\"413\" height=\"260\" \/><\/p>\n<h3>(2) Obr\u00e1banie<\/h3>\n<p>Obr\u00e1bacia diel\u0148a je vybaven\u00e1 prisp\u00f4soben\u00fdm s\u00fastru\u017en\u00edckym centrom na \u0161ikm\u00e9 ko\u013eajnice, obr\u00e1bac\u00edm centrom, vysokor\u00fdchlostn\u00fdm honovac\u00edm strojom, zv\u00e1rac\u00edm robotom a \u010fal\u0161\u00edm s\u00favisiacim zariaden\u00edm, ktor\u00e9 dok\u00e1\u017ee spracova\u0165 valcov\u00e9 r\u00fary s maxim\u00e1lnym vn\u00fatorn\u00fdm priemerom 400 mm a maxim\u00e1lnou d\u013a\u017ekou 6 metrov.<\/p>\n<p><img loading=\"lazy\" decoding=\"async\" class=\"alignnone wp-image-628 size-large\" src=\"https:\/\/hydraulic-cylinders.net\/wp-content\/uploads\/2023\/08\/hydraulic-cylinder-product-3-1024x391.webp\" alt=\"\" width=\"1024\" height=\"391\" srcset=\"https:\/\/hydraulic-cylinders.net\/wp-content\/uploads\/2023\/08\/hydraulic-cylinder-product-3-980x374.webp 980w, https:\/\/hydraulic-cylinders.net\/wp-content\/uploads\/2023\/08\/hydraulic-cylinder-product-3-480x183.webp 480w\" sizes=\"(min-width: 0px) and (max-width: 480px) 480px, (min-width: 481px) and (max-width: 980px) 980px, (min-width: 981px) 1024px, 100vw\" \/><\/p>\n<h3>(3) Zv\u00e1ranie<\/h3>\n<p><img loading=\"lazy\" decoding=\"async\" class=\"alignnone wp-image-629 size-large\" src=\"https:\/\/hydraulic-cylinders.net\/wp-content\/uploads\/2023\/08\/hydraulic-cylinder-product-4-1024x510.webp\" alt=\"\" width=\"1024\" height=\"510\" srcset=\"https:\/\/hydraulic-cylinders.net\/wp-content\/uploads\/2023\/08\/hydraulic-cylinder-product-4-980x488.webp 980w, https:\/\/hydraulic-cylinders.net\/wp-content\/uploads\/2023\/08\/hydraulic-cylinder-product-4-480x239.webp 480w\" sizes=\"(min-width: 0px) and (max-width: 480px) 480px, (min-width: 481px) and (max-width: 980px) 980px, (min-width: 981px) 1024px, 100vw\" \/><\/p>\n<h3>(4) Ma\u013eovanie a natieranie<\/h3>\n<p>S mal\u00fdmi a stredne ve\u013ek\u00fdmi valcov\u00fdmi automatick\u00fdmi linkami na nan\u00e1\u0161anie farieb na vodnej b\u00e1ze, na dosiahnutie automatick\u00e9ho nakladania a vykladania robotmi a automatick\u00e9ho striekania, je projektovan\u00e1 kapacita 4000 kusov za smenu;<br \/>\nM\u00e1me tie\u017e poloautomatick\u00fa linku na v\u00fdrobu farieb pre ve\u013ek\u00e9 valce poh\u00e1\u0148an\u00e9 re\u0165azou s projektovanou kapacitou 60 kusov za smenu.<\/p>\n<p><img loading=\"lazy\" decoding=\"async\" class=\"alignnone wp-image-630\" src=\"https:\/\/hydraulic-cylinders.net\/wp-content\/uploads\/2023\/08\/hydraulic-cylinder-product-5-300x213.webp\" alt=\"\" width=\"366\" height=\"260\" \/> <img loading=\"lazy\" decoding=\"async\" class=\"alignnone wp-image-631\" src=\"https:\/\/hydraulic-cylinders.net\/wp-content\/uploads\/2023\/08\/hydraulic-cylinder-product-6-300x225.webp\" alt=\"\" width=\"347\" height=\"260\" \/><\/p>\n<h3>(5) Testovanie<\/h3>\n<p>Disponujeme prvotriednymi kontroln\u00fdmi zariadeniami a sk\u00fa\u0161obn\u00fdmi zariadeniami, ktor\u00e9 zabezpe\u010duj\u00fa, \u017ee v\u00fdkonnos\u0165 valca sp\u013a\u0148a po\u017eiadavky.<\/p>\n<p><img loading=\"lazy\" decoding=\"async\" class=\"alignnone wp-image-632\" src=\"https:\/\/hydraulic-cylinders.net\/wp-content\/uploads\/2023\/08\/hydraulic-cylinder-product-8-300x200.webp\" alt=\"\" width=\"389\" height=\"260\" \/><\/p>\n<p>&nbsp;<\/p>\n<p>&nbsp;<\/p>\n<p>Sme jedn\u00fdm z najlep\u0161\u00edch v\u00fdrobcov hydraulick\u00fdch valcov. Pon\u00fakame komplexn\u00e9 hydraulick\u00e9 valce. Poskytujeme aj zodpovedaj\u00face <a href=\"https:\/\/hzpt.com\/agricultural-pto-gearbox\/\" target=\"_blank\" rel=\"noopener\">po\u013enohospod\u00e1rske prevodovky<\/a>Na\u0161e produkty sme vyv\u00e1\u017eali klientom po celom svete a v\u010faka vynikaj\u00facej kvalite produktov a popredajn\u00e9mu servisu sme si z\u00edskali dobr\u00fa reput\u00e1ciu. V\u00edtame z\u00e1kazn\u00edkov doma aj v zahrani\u010d\u00ed, ktor\u00ed n\u00e1s kontaktuj\u00fa za \u00fa\u010delom rokovania o obchodn\u00fdch z\u00e1le\u017eitostiach, v\u00fdmeny inform\u00e1ci\u00ed a <a href=\"https:\/\/www.hydraulic-cylinders.net\/sk\/contact-us\/\">spolupracova\u0165 s nami<\/a>!<\/p>","protected":false},"excerpt":{"rendered":"<p>Aerial Work Platform Rotary Actuator HBM series rotary actuator is a rotary actuator independently designed and developed for the arms control of articulated aerial work platforms. According to customer installation and performance requirements, the corresponding customized design can be realized to ensure the adaptability and flexibility of operation. Based on the metric unit design, the [&hellip;]<\/p>","protected":false},"featured_media":1523,"comment_status":"open","ping_status":"closed","template":"","meta":{"_et_pb_use_builder":"","_et_pb_old_content":"","_et_gb_content_width":""},"product_brand":[],"product_cat":[1500,1550,1376],"product_tag":[1380],"class_list":{"0":"post-1520","1":"product","2":"type-product","3":"status-publish","4":"has-post-thumbnail","6":"product_cat-aerial-work-vehicle-hydraulic-cylinder","7":"product_cat-double-acting-hydraulic-cylinder","8":"product_cat-hydraulic-cylinder","9":"product_tag-hydraulic-cylinder","11":"first","12":"instock","13":"shipping-taxable","14":"product-type-simple"},"amp_enabled":true,"_links":{"self":[{"href":"https:\/\/www.hydraulic-cylinders.net\/sk\/wp-json\/wp\/v2\/product\/1520","targetHints":{"allow":["GET"]}}],"collection":[{"href":"https:\/\/www.hydraulic-cylinders.net\/sk\/wp-json\/wp\/v2\/product"}],"about":[{"href":"https:\/\/www.hydraulic-cylinders.net\/sk\/wp-json\/wp\/v2\/types\/product"}],"replies":[{"embeddable":true,"href":"https:\/\/www.hydraulic-cylinders.net\/sk\/wp-json\/wp\/v2\/comments?post=1520"}],"wp:featuredmedia":[{"embeddable":true,"href":"https:\/\/www.hydraulic-cylinders.net\/sk\/wp-json\/wp\/v2\/media\/1523"}],"wp:attachment":[{"href":"https:\/\/www.hydraulic-cylinders.net\/sk\/wp-json\/wp\/v2\/media?parent=1520"}],"wp:term":[{"taxonomy":"product_brand","embeddable":true,"href":"https:\/\/www.hydraulic-cylinders.net\/sk\/wp-json\/wp\/v2\/product_brand?post=1520"},{"taxonomy":"product_cat","embeddable":true,"href":"https:\/\/www.hydraulic-cylinders.net\/sk\/wp-json\/wp\/v2\/product_cat?post=1520"},{"taxonomy":"product_tag","embeddable":true,"href":"https:\/\/www.hydraulic-cylinders.net\/sk\/wp-json\/wp\/v2\/product_tag?post=1520"}],"curies":[{"name":"pracovn\u00fd list","href":"https:\/\/api.w.org\/{rel}","templated":true}]}}