{"id":15210,"date":"2025-01-19T14:14:32","date_gmt":"2025-01-19T14:14:32","guid":{"rendered":"https:\/\/www.hydraulic-cylinders.net\/product\/bucket-cylinder-for-caterpillar-small-excavator-e312d2gc\/"},"modified":"2025-01-19T14:14:34","modified_gmt":"2025-01-19T14:14:34","slug":"bucket-cylinder-for-caterpillar-small-excavator-e312d2gc","status":"publish","type":"product","link":"https:\/\/www.hydraulic-cylinders.net\/sk\/produkt\/bucket-cylinder-for-caterpillar-small-excavator-e312d2gc\/","title":{"rendered":"Valec vedra pre mal\u00e9 r\u00fdpadlo Caterpillar E312D2GC"},"content":{"rendered":"<h1>Valec vedra pre mal\u00e9 r\u00fdpadlo Caterpillar E312D2GC<\/h1>\n<h2>\u00davod<\/h2>\n<p>Hydraulick\u00fd valec, tie\u017e zn\u00e1my ako hydraulick\u00fd valec, je \u0161pecializovan\u00fd hydraulick\u00fd piest pou\u017e\u00edvan\u00fd na ovl\u00e1danie pohybu ly\u017eice v \u0165a\u017ek\u00fdch strojoch, ako s\u00fa bagre, r\u00fdpadl\u00e1 a naklada\u010de. Jeho hlavnou funkciou je umo\u017eni\u0165 zdv\u00edhanie, sp\u00fa\u0161\u0165anie a nakl\u00e1\u0148anie ly\u017eice, \u010do u\u013eah\u010duje manipul\u00e1ciu s r\u00f4znymi materi\u00e1lmi. V hydraulickom syst\u00e9me valec ly\u017eice presne riadi pohyb ly\u017eice zmenou tlaku hydraulick\u00e9ho oleja, \u010do umo\u017e\u0148uje obsluhe efekt\u00edvne manipulova\u0165 s \u0165a\u017ek\u00fdmi predmetmi a prisp\u00f4sobi\u0165 sa zlo\u017eit\u00fdm pracovn\u00fdm prostrediam a r\u00f4znorod\u00fdm prev\u00e1dzkov\u00fdm potreb\u00e1m.<\/p>\n<p><img decoding=\"async\" src=\"https:\/\/www.hydraulic-cylinders.net\/wp-content\/uploads\/2025\/01\/songte-company-2.webp\" alt=\"Obr\u00e1zok valca vedra\"><\/p>\n<h2>Funkcie<\/h2>\n<ul>\n<li>\n<h3>Vysok\u00e1 pevnos\u0165 a odolnos\u0165<\/h3>\n<p>Valce s kor\u010dekom s\u00fa zvy\u010dajne vyroben\u00e9 z vysokopevnostnej ocele alebo hlin\u00edka, ktor\u00e9 odol\u00e1vaj\u00fa vysok\u00e9mu tlaku a \u0165a\u017ek\u00fdm za\u0165a\u017eeniam, v\u010faka \u010domu s\u00fa vhodn\u00e9 do n\u00e1ro\u010dn\u00fdch pracovn\u00fdch prostred\u00ed. Kon\u0161trukcia zoh\u013ead\u0148uje aj odolnos\u0165 vo\u010di opotrebovaniu a kor\u00f3zii, \u010d\u00edm sa predl\u017euje ich \u017eivotnos\u0165.<\/p>\n<\/li>\n<li>\n<h3>Efekt\u00edvna hydraulick\u00e1 prev\u00e1dzka<\/h3>\n<p>Valec kor\u010deka vyu\u017e\u00edva tlak hydraulick\u00e9ho oleja na dosiahnutie plynul\u00fdch pohybov roz\u0165ahovania a s\u0165ahovania, r\u00fdchlo reaguje na ovl\u00e1dacie povely a poskytuje siln\u00e9 tla\u010dn\u00e9 a \u0165a\u017en\u00e9 sily, v\u010faka \u010domu je vhodn\u00fd na manipul\u00e1ciu s \u0165a\u017ek\u00fdmi predmetmi a zlo\u017eit\u00e9 pracovn\u00e9 \u00falohy.<\/p>\n<\/li>\n<li>\n<h3>R\u00f4zne typy<\/h3>\n<p>Hydraulick\u00e9 valce kor\u010dekov je mo\u017en\u00e9 vybra\u0165 pod\u013ea potrieb, vr\u00e1tane jedno\u010dinn\u00fdch (hydraulick\u00fd pohon sa pou\u017e\u00edva iba v jednom smere) alebo dvoj\u010dinn\u00fdch (hydraulick\u00fd pohon sa pou\u017e\u00edva v oboch smeroch) valcov, aby sa splnili r\u00f4zne prev\u00e1dzkov\u00e9 po\u017eiadavky. Niektor\u00e9 modely s\u00fa teleskopick\u00e9, \u010do umo\u017e\u0148uje v\u00e4\u010d\u0161ie vysunutie bez zv\u00e4\u010d\u0161enia vonkaj\u0161\u00edch rozmerov, v\u010faka \u010domu s\u00fa vhodn\u00e9 pre aplik\u00e1cie v obmedzenom priestore.<\/p>\n<\/li>\n<li>\n<h3>V\u00fdmena produktu<\/h3>\n<p>Na\u0161e produkty dok\u00e1\u017eu dokonale nahradi\u0165 hydraulick\u00e9 valce r\u00f4znych zna\u010diek, modelov a ve\u013ekost\u00ed.<\/p>\n<\/li>\n<li>\n<h3>Aplik\u00e1cie<\/h3>\n<p>Valce s ko\u0161\u00edkom sa \u0161iroko pou\u017e\u00edvaj\u00fa v r\u00f4znych \u0165a\u017ek\u00fdch strojoch vr\u00e1tane:<\/p>\n<ul>\n<li>Stavebn\u00e9 zariadenia: V bagroch s\u00fa nevyhnutn\u00e9 na kopanie, nakladanie a premiest\u0148ovanie zeminy alebo sutiny. V r\u00fdpadlo-naklada\u010doch pom\u00e1ha valec ly\u017eice pri kopan\u00ed a zdv\u00edhan\u00ed. <\/li>\n<li>Po\u013enohospod\u00e1rske stroje: Pou\u017e\u00edvaj\u00fa sa v \u010deln\u00fdch naklada\u010doch na naberanie, zdv\u00edhanie a prepravu p\u00f4dy, sena a in\u00fdch materi\u00e1lov. <\/li>\n<li>R\u00fdpadl\u00e1: Valec ly\u017eice umo\u017e\u0148uje ly\u017eici prenikn\u00fa\u0165 do p\u00f4dy. <\/li>\n<li>Naklada\u010de: V \u010deln\u00fdch naklada\u010doch pom\u00e1haj\u00fa pri efekt\u00edvnom zdv\u00edhan\u00ed a nakl\u00e1\u0148an\u00ed bremien.<\/li>\n<\/ul>\n<\/li>\n<\/ul>\n<h2>\u00davahy o dizajne a krit\u00e9ri\u00e1 v\u00fdberu<\/h2>\n<p>Kon\u0161trukcia a v\u00fdber valca vedra zoh\u013ead\u0148uje r\u00f4zne faktory vr\u00e1tane:<\/p>\n<ul>\n<li>\n<h3>Nosnos\u0165<\/h3>\n<p>Valec mus\u00ed ma\u0165 dostato\u010dn\u00fa pevnos\u0165, aby odolal \u0165a\u017ek\u00fdm za\u0165a\u017eeniam a vysok\u00e9mu tlaku. <\/p>\n<\/li>\n<li>\n<h3>Tesnenie a trvanlivos\u0165<\/h3>\n<p>Valec mus\u00ed ma\u0165 vysoko kvalitn\u00e9 tesnenia a materi\u00e1ly, ktor\u00e9 s\u00fa odoln\u00e9 vo\u010di opotrebovaniu a kor\u00f3zii, \u010d\u00edm sa predl\u017euje jeho \u017eivotnos\u0165. <\/p>\n<\/li>\n<li>\n<h3>Bezpe\u010dnos\u0165 a \u00fadr\u017eba<\/h3>\n<p>Valec mus\u00ed by\u0165 navrhnut\u00fd s oh\u013eadom na bezpe\u010dnostn\u00e9 prvky a jednoduch\u00fa \u00fadr\u017ebu, aby oper\u00e1tori mohli \u013eahko a bezpe\u010dne kontrolova\u0165, opravova\u0165 a vymie\u0148a\u0165 diely. <\/p>\n<\/li>\n<\/ul>\n<p><img decoding=\"async\" src=\"https:\/\/www.hydraulic-cylinders.net\/wp-content\/uploads\/2025\/01\/songte-oil-pipes-and-spare-parts.webp\" alt=\"Obr\u00e1zok \u010dast\u00ed hydraulick\u00e9ho valca\"><\/p>\n<h2>Tesnenie a mazanie<\/h2>\n<p>Valec kor\u010deka pou\u017e\u00edva r\u00f4zne tesnenia vr\u00e1tane piestov\u00fdch tesnen\u00ed, tesnen\u00ed ty\u010d\u00ed a stierac\u00edch tesnen\u00ed, vyroben\u00e9 z materi\u00e1lov odoln\u00fdch vo\u010di opotrebovaniu, ako je polyuret\u00e1n a nitrilov\u00fd kau\u010duk. Teleso valca a z\u00e1vity prech\u00e1dzaj\u00fa jemn\u00fdm opracovan\u00edm, aby sa zlep\u0161ila odolnos\u0165 vo\u010di opotrebovaniu. Na mazanie je potrebn\u00e9 pravideln\u00e9 prid\u00e1vanie hydraulick\u00e9ho oleja.<\/p>\n<p><img decoding=\"async\" src=\"https:\/\/www.hydraulic-cylinders.net\/wp-content\/uploads\/2025\/01\/songte-chushion-collar.webp\" alt=\"Obr\u00e1zok \u010dast\u00ed hydraulick\u00e9ho valca\"><\/p>\n<h2>\u00dadr\u017eba a opravy<\/h2>\n<p>Pravideln\u00e1 \u00fadr\u017eba a opravy s\u00fa nevyhnutn\u00e9 na pred\u013a\u017eenie \u017eivotnosti valca vedra a zabezpe\u010denie bezpe\u010dnej prev\u00e1dzky. Medzi be\u017en\u00e9 \u00falohy \u00fadr\u017eby patria:<\/p>\n<ul>\n<li>Pravideln\u00e1 kontrola<\/li>\n<li>Vhodn\u00e9 mazanie<\/li>\n<li>V\u00fdmena tesnenia<\/li>\n<li>Kontrola kalibr\u00e1cie<\/li>\n<\/ul>\n<p>Spr\u00e1vna in\u0161tal\u00e1cia, mazanie a nastavenie s\u00fa k\u013e\u00fa\u010dov\u00e9 pre bezpe\u010dn\u00fa a efekt\u00edvnu prev\u00e1dzku. Odpor\u00fa\u010dame spr\u00e1vne zarovna\u0165 valec, pou\u017ei\u0165 vhodn\u00e9 mont\u00e1\u017ene konzoly na jeho upevnenie a dodr\u017eiava\u0165 odpor\u00fa\u010dan\u00e9 postupy kontroly, opravy a v\u00fdmeny.<\/p>\n<p><img decoding=\"async\" src=\"https:\/\/www.hydraulic-cylinders.net\/wp-content\/uploads\/2025\/01\/songte-bushings-with-all-kinds-of-excavator-models.webp\" alt=\"Obr\u00e1zok \u010dast\u00ed hydraulick\u00e9ho valca\"><\/p>\n<h2>Bezpe\u010dnostn\u00e9 aspekty a faktory prostredia<\/h2>\n<p>Pri obsluhe valca s vedrom zohr\u00e1vaj\u00fa bezpe\u010dnostn\u00e9 opatrenia k\u013e\u00fa\u010dov\u00fa \u00falohu. Obsluha by mala dodr\u017eiava\u0165 bezpe\u010dn\u00e9 prev\u00e1dzkov\u00e9 postupy, dodr\u017eiava\u0165 pr\u00edslu\u0161n\u00e9 bezpe\u010dnostn\u00e9 pokyny a nosi\u0165 vhodn\u00e9 osobn\u00e9 ochrann\u00e9 prostriedky. Zoh\u013ead\u0148ujeme tie\u017e environment\u00e1lne faktory a sna\u017e\u00edme sa zni\u017eova\u0165 odpad, zne\u010distenie a spotrebu energie po\u010das na\u0161ich v\u00fdrobn\u00fdch procesov.<\/p>\n<h2>Diagnostika por\u00fach a be\u017en\u00e9 probl\u00e9my<\/h2>\n<p>Valec vedra m\u00f4\u017ee ma\u0165 r\u00f4zne poruchy vr\u00e1tane \u00faniku tesnenia, nedostato\u010dn\u00e9ho tlaku oleja a zn\u00ed\u017eenej nosnosti. Medzi be\u017en\u00e9 probl\u00e9my patr\u00ed opotrebovanie, kor\u00f3zia a po\u0161kodenie vn\u00fatorn\u00fdch komponentov. Na zabr\u00e1nenie \u010fal\u0161iemu po\u0161kodeniu a zabezpe\u010denie bezpe\u010dnej prev\u00e1dzky je nevyhnutn\u00e1 spr\u00e1vna diagnostika a r\u00fdchla oprava.<\/p>\n<p><img decoding=\"async\" src=\"https:\/\/hzpt.com\/wp-content\/uploads\/2024\/11\/songte-company-1.webp\" alt=\"Obr\u00e1zok \u010dast\u00ed hydraulick\u00e9ho valca\"><\/p>\n<h2>O n\u00e1s<\/h2>\n<p>Sme popredn\u00fdm v\u00fdrobcom a ve\u013ekoobchodn\u00fdm distrib\u00fatorom hydraulick\u00fdch valcov a pon\u00fakame \u0161irok\u00fa \u0161k\u00e1lu produktov na dom\u00e1cich aj medzin\u00e1rodn\u00fdch trhoch. Sna\u017e\u00edme sa o vynikaj\u00facu kvalitu a v na\u0161ich prec\u00edznych v\u00fdrobn\u00fdch diel\u0148ach sa spoliehame na industrializovan\u00e9 strat\u00e9gie riadenia v\u00fdroby. Na\u0161e produkty s\u00fa vyr\u00e1ban\u00e9 s pou\u017eit\u00edm najmodernej\u0161\u00edch technol\u00f3gi\u00ed, \u0161pi\u010dkov\u00fdch v\u00fdrobn\u00fdch zariaden\u00ed a profesion\u00e1lnych kontroln\u00fdch syst\u00e9mov, \u010do n\u00e1m umo\u017e\u0148uje efekt\u00edvne a presne uspokojova\u0165 rozmanit\u00e9 potreby z\u00e1kazn\u00edkov.<\/p>\n<p>Pon\u00fakame slu\u017eby na mieru, modern\u00e9 v\u00fdrobn\u00e9 zariadenia a spo\u013eahliv\u00fd popredajn\u00fd servis. Na\u0161a spolo\u010dnos\u0165 z\u00edskala medzin\u00e1rodn\u00e9 certifik\u00e1cie a dosiahla uznanie ako popredn\u00fd v\u00fdrobca hydraulick\u00fdch valcov na celom svete. <\/p>\n<p><img decoding=\"async\" src=\"https:\/\/www.hydraulic-cylinders.net\/wp-content\/uploads\/2025\/01\/songte-company-3.webp\" alt=\"Obr\u00e1zok spolo\u010dnosti\"><\/p>\n<p>Autor: lyl<\/p>","protected":false},"excerpt":{"rendered":"<p>Bucket Cylinder For Caterpillar Small Excavator E312D2GC Introduction The bucket cylinder, also known as the hydraulic cylinder, is a specialized hydraulic ram used to control the movement of the bucket in heavy machinery such as excavators, backhoes, and loaders. Its primary function is to enable the bucket to lift, lower, and tilt, making it easier [&hellip;]<\/p>","protected":false},"featured_media":14785,"comment_status":"open","ping_status":"closed","template":"","meta":{"_et_pb_use_builder":"","_et_pb_old_content":"","_et_gb_content_width":""},"product_brand":[],"product_cat":[1494],"product_tag":[1495,1496],"class_list":{"0":"post-15210","1":"product","2":"type-product","3":"status-publish","4":"has-post-thumbnail","6":"product_cat-bucket-cylinders","7":"product_tag-bucket-cylinders","8":"product_tag-hydraulic-cylinders","10":"first","11":"instock","12":"shipping-taxable","13":"product-type-simple"},"amp_enabled":true,"_links":{"self":[{"href":"https:\/\/www.hydraulic-cylinders.net\/sk\/wp-json\/wp\/v2\/product\/15210","targetHints":{"allow":["GET"]}}],"collection":[{"href":"https:\/\/www.hydraulic-cylinders.net\/sk\/wp-json\/wp\/v2\/product"}],"about":[{"href":"https:\/\/www.hydraulic-cylinders.net\/sk\/wp-json\/wp\/v2\/types\/product"}],"replies":[{"embeddable":true,"href":"https:\/\/www.hydraulic-cylinders.net\/sk\/wp-json\/wp\/v2\/comments?post=15210"}],"wp:featuredmedia":[{"embeddable":true,"href":"https:\/\/www.hydraulic-cylinders.net\/sk\/wp-json\/wp\/v2\/media\/14785"}],"wp:attachment":[{"href":"https:\/\/www.hydraulic-cylinders.net\/sk\/wp-json\/wp\/v2\/media?parent=15210"}],"wp:term":[{"taxonomy":"product_brand","embeddable":true,"href":"https:\/\/www.hydraulic-cylinders.net\/sk\/wp-json\/wp\/v2\/product_brand?post=15210"},{"taxonomy":"product_cat","embeddable":true,"href":"https:\/\/www.hydraulic-cylinders.net\/sk\/wp-json\/wp\/v2\/product_cat?post=15210"},{"taxonomy":"product_tag","embeddable":true,"href":"https:\/\/www.hydraulic-cylinders.net\/sk\/wp-json\/wp\/v2\/product_tag?post=15210"}],"curies":[{"name":"pracovn\u00fd list","href":"https:\/\/api.w.org\/{rel}","templated":true}]}}