{"id":15213,"date":"2025-01-19T14:14:44","date_gmt":"2025-01-19T14:14:44","guid":{"rendered":"https:\/\/www.hydraulic-cylinders.net\/product\/bucket-cylinder-for-caterpillar-small-excavator-e300-9d301-7d\/"},"modified":"2025-01-19T14:14:46","modified_gmt":"2025-01-19T14:14:46","slug":"bucket-cylinder-for-caterpillar-small-excavator-e300-9d301-7d","status":"publish","type":"product","link":"https:\/\/www.hydraulic-cylinders.net\/sk\/produkt\/bucket-cylinder-for-caterpillar-small-excavator-e300-9d301-7d\/","title":{"rendered":"Valec vedra pre mal\u00e9 r\u00fdpadlo Caterpillar E300.9D301.7D"},"content":{"rendered":"<h1>Valec vedra pre mal\u00e9 r\u00fdpadlo Caterpillar E300.9D301.7D<\/h1>\n<h2>\u00davod<\/h2>\n<p>Hydraulick\u00fd valec ly\u017eice je \u0161peci\u00e1lne navrhnut\u00fd hydraulick\u00fd valec, ktor\u00fd sa pou\u017e\u00edva predov\u0161etk\u00fdm na ovl\u00e1danie pohybu ly\u017eice v \u0165a\u017ek\u00fdch strojoch, ako s\u00fa bagre, r\u00fdpadl\u00e1 a \u010deln\u00e9 naklada\u010de. Jeho hlavnou funkciou je umo\u017eni\u0165 zdv\u00edhanie, sp\u00fa\u0161\u0165anie a nakl\u00e1\u0148anie ly\u017eice, \u010do u\u013eah\u010duje vykon\u00e1vanie r\u00f4znych \u00faloh manipul\u00e1cie s materi\u00e1lom. V hydraulickom syst\u00e9me dosahuje valec ly\u017eice presn\u00e9 ovl\u00e1danie ly\u017eice zmenami tlaku hydraulick\u00e9ho oleja, \u010do umo\u017e\u0148uje obsluhe efekt\u00edvne manipulova\u0165 s \u0165a\u017ek\u00fdmi bremenami a prisp\u00f4sobova\u0165 sa zlo\u017eit\u00fdm pracovn\u00fdm prostrediam a r\u00f4znorod\u00fdm po\u017eiadavk\u00e1m na pr\u00e1cu.<\/p>\n<p><img decoding=\"async\" src=\"https:\/\/www.hydraulic-cylinders.net\/wp-content\/uploads\/2025\/01\/songte-company-2.webp\"><\/p>\n<h2>Funkcie<\/h2>\n<ul>\n<li>Vysok\u00e1 pevnos\u0165 a odolnos\u0165: Zvy\u010dajne s\u00fa vyroben\u00e9 z vysokopevnostnej ocele alebo hlin\u00edka, schopn\u00e9 odol\u00e1va\u0165 vysok\u00e9mu tlaku a \u0165a\u017ek\u00fdm za\u0165a\u017eeniam a s\u00fa navrhnut\u00e9 s oh\u013eadom na odolnos\u0165 vo\u010di opotrebovaniu a kor\u00f3zii, \u010d\u00edm sa predl\u017euje \u017eivotnos\u0165.<\/li>\n<li>Efekt\u00edvna hydraulick\u00e1 prev\u00e1dzka: Plynul\u00fd teleskopick\u00fd pohyb dosiahnut\u00fd vyu\u017eit\u00edm tlaku hydraulick\u00e9ho oleja, schopn\u00fd r\u00fdchlo reagova\u0165 na ovl\u00e1dacie povely a poskytova\u0165 siln\u00fa tla\u010dn\u00fa a \u0165a\u017en\u00fa silu, vhodn\u00fd na manipul\u00e1ciu s \u0165a\u017ek\u00fdmi bremenami a zlo\u017eit\u00e9 pracovn\u00e9 \u00falohy.<\/li>\n<li>R\u00f4zne typy: Jedno\u010dinn\u00e9 (hydraulika pou\u017e\u00edvan\u00e1 iba v jednom smere) alebo dvoj\u010dinn\u00e9 (hydraulika pou\u017e\u00edvan\u00e1 v dvoch smeroch) valce je mo\u017en\u00e9 zvoli\u0165 pod\u013ea potrieb, aby sa splnili r\u00f4zne prev\u00e1dzkov\u00e9 po\u017eiadavky. Niektor\u00e9 modely s\u00fa teleskopick\u00e9, \u010do umo\u017e\u0148uje v\u00e4\u010d\u0161ie vysunutie bez zv\u00e4\u010d\u0161enia vonkaj\u0161\u00edch rozmerov, vhodn\u00e9 pre aplik\u00e1cie s obmedzen\u00fdm priestorom.<\/li>\n<li>Dokonal\u00e1 n\u00e1hrada: N\u00e1\u0161 produkt dok\u00e1\u017ee dokonale nahradi\u0165 tieto hydraulick\u00e9 valce.<\/li>\n<\/ul>\n<p><img decoding=\"async\" src=\"https:\/\/www.hydraulic-cylinders.net\/wp-content\/uploads\/2025\/01\/songte-cylinder-head-with-all-kinds-excavator-models.webp\"><\/p>\n<h2>Aplik\u00e1cie<\/h2>\n<h3>Stavebn\u00e9 stroje<\/h3>\n<p>V bagroch s\u00fa nevyhnutn\u00e9 pre v\u00fdkopov\u00e9 pr\u00e1ce, nakladanie a premiest\u0148ovanie zeminy alebo sutiny. V r\u00fdpadlo-naklada\u010doch pom\u00e1haj\u00fa valce ko\u0161\u00edkov pri kopan\u00ed aj zdv\u00edhan\u00ed. V \u010deln\u00fdch naklada\u010doch pom\u00e1haj\u00fa pri efekt\u00edvnom zdv\u00edhan\u00ed a vykladan\u00ed n\u00e1kladu.<\/p>\n<h3>Po\u013enohospod\u00e1rske stroje<\/h3>\n<p>Pou\u017e\u00edva sa pre \u010deln\u00e9 naklada\u010de, na zdv\u00edhanie, zdv\u00edhanie a prepravu zeminy, sena a in\u00fdch materi\u00e1lov. V bagroch umo\u017e\u0148uje valec ly\u017eice kopanie t\u00fdm, \u017ee umo\u017e\u0148uje ly\u017eici prenikn\u00fa\u0165 do p\u00f4dy. V \u010deln\u00fdch naklada\u010doch pom\u00e1haj\u00fa pri efekt\u00edvnom zdv\u00edhan\u00ed a nakl\u00e1\u0148an\u00ed tovaru.<\/p>\n<p><img decoding=\"async\" src=\"https:\/\/www.hydraulic-cylinders.net\/wp-content\/uploads\/2025\/01\/songte-chushion-collar.webp\"><\/p>\n<h2>\u00davahy o dizajne a krit\u00e9ri\u00e1 v\u00fdberu<\/h2>\n<h3>Nosnos\u0165<\/h3>\n<p>Pri v\u00fdbere alebo projektovan\u00ed je potrebn\u00e9 zoh\u013eadni\u0165 nosnos\u0165 valca s vedrom. Mal by by\u0165 navrhnut\u00fd tak, aby odolal po\u017eadovanej nosnosti, aby sa zabezpe\u010dila bezpe\u010dnos\u0165 po\u010das prev\u00e1dzky.<\/p>\n<h3>Tesnenie<\/h3>\n<p>Tesnenie valca vedra je k\u013e\u00fa\u010dov\u00e9 pre jeho prev\u00e1dzku. Mus\u00ed pou\u017e\u00edva\u0165 r\u00f4zne tesniace zariadenia, ako napr\u00edklad tesniaci kr\u00fa\u017eok piestu a tesniaci kr\u00fa\u017eok ty\u010de. Tesniaci materi\u00e1l mus\u00ed by\u0165 odoln\u00fd vo\u010di opotrebovaniu, ako je polyuret\u00e1n alebo nitrilov\u00e1 guma, a telo valca a z\u00e1vitov\u00fd koniec musia by\u0165 jemne opracovan\u00e9, aby sa zlep\u0161ila odolnos\u0165 vo\u010di opotrebovaniu.<\/p>\n<h3>Trvanlivos\u0165<\/h3>\n<p>Valec s vedrom by mal ma\u0165 dlh\u00fa \u017eivotnos\u0165. Preto by pou\u017eit\u00fd materi\u00e1l mal sp\u013a\u0148a\u0165 po\u017eadovan\u00e9 normy pevnosti a h\u00fa\u017eevnatosti, by\u0165 odoln\u00fd vo\u010di opotrebovaniu a kor\u00f3zii a mal by by\u0165 schopn\u00fd odol\u00e1va\u0165 n\u00e1ro\u010dn\u00fdm pracovn\u00fdm podmienkam.<\/p>\n<h3>Bezpe\u010dnos\u0165<\/h3>\n<p>Valec s vedrom by mal ma\u0165 bezpe\u010dnostn\u00e9 prvky, ako s\u00fa pretlakov\u00e9 ventily, aby sa predi\u0161lo nehod\u00e1m v d\u00f4sledku poruchy alebo pre\u0165a\u017eenia. Pre zaistenie bezpe\u010dnej prev\u00e1dzky je potrebn\u00e9 venova\u0165 osobitn\u00fa pozornos\u0165 n\u00e1vrhu a v\u00fdberu komponentov.<\/p>\n<h3>\u00dadr\u017eba<\/h3>\n<p>Valec kor\u010deka by mal by\u0165 navrhnut\u00fd pre jednoduch\u00fa \u00fadr\u017ebu s \u013eahko vymenite\u013en\u00fdmi komponentmi. Pre zabezpe\u010denie efekt\u00edvnej prev\u00e1dzky by sa mala vykon\u00e1va\u0165 pravideln\u00e1 kontrola a v\u00fdmena tesnen\u00ed, mazanie a nastavenie piestnej ty\u010de.<\/p>\n<p><img decoding=\"async\" src=\"https:\/\/www.hydraulic-cylinders.net\/wp-content\/uploads\/2025\/01\/songte-oil-pipes-and-spare-parts.webp\"><\/p>\n<h2>In\u0161tala\u010dn\u00e1 pr\u00edru\u010dka<\/h2>\n<p>In\u0161tal\u00e1cia valca s vedrom by mala prebieha\u0165 pod\u013ea t\u00fdchto krokov:<\/p>\n<ul>\n<li>Spr\u00e1vne zarovnajte valec<\/li>\n<li>Na upevnenie valca pou\u017eite vhodn\u00e9 mont\u00e1\u017ene konzoly<\/li>\n<li>Uistite sa, \u017ee v\u0161etky pripojenia s\u00fa bezpe\u010dn\u00e9 a bez \u00fanikov<\/li>\n<li>Pridajte pr\u00edslu\u0161n\u00e9 mno\u017estvo hydraulick\u00e9ho oleja na mazanie<\/li>\n<\/ul>\n<h2>\u00dadr\u017eba<\/h2>\n<p>Pravideln\u00e1 \u00fadr\u017eba je nevyhnutn\u00e1 pre zabezpe\u010denie efekt\u00edvnej prev\u00e1dzky a dlh\u0161ej \u017eivotnosti valca vedra. Nasleduj\u00fa be\u017en\u00e9 \u00falohy \u00fadr\u017eby:<\/p>\n<ul>\n<li>Pravideln\u00e1 kontrola<\/li>\n<li>Spr\u00e1vne mazanie<\/li>\n<li>V\u00fdmena tesnen\u00ed<\/li>\n<li>Kalibra\u010dn\u00e9 kontroly<\/li>\n<\/ul>\n<h2>Bezpe\u010dnostn\u00e9 aspekty a faktory prostredia<\/h2>\n<p>Pri pou\u017e\u00edvan\u00ed vedrov\u00e9ho valca je potrebn\u00e9 dodr\u017eiava\u0165 bezpe\u010dnostn\u00e9 opatrenia, aby sa predi\u0161lo nehod\u00e1m. Pre zabezpe\u010denie spr\u00e1vnej prev\u00e1dzky valca je potrebn\u00e9 zoh\u013eadni\u0165 aj faktory prostredia, ako s\u00fa pracovn\u00e9 podmienky a teplota.<\/p>\n<h2>Rie\u0161enie probl\u00e9mov a be\u017en\u00e9 probl\u00e9my<\/h2>\n<p>Medzi be\u017en\u00e9 probl\u00e9my s valcom vedra patr\u00ed \u00fanik oleja, nedostato\u010dn\u00fd tlak a abnorm\u00e1lny hluk. Tipy na rie\u0161enie probl\u00e9mov zah\u0155\u0148aj\u00fa kontrolu tesnen\u00ed, kontrolu hladiny a kvality oleja a kontrolu piestnej ty\u010de, \u010di nevykazuje zn\u00e1mky opotrebovania. Prevent\u00edvne opatrenia, ako je pravideln\u00e1 \u00fadr\u017eba a spr\u00e1vne pou\u017e\u00edvanie, m\u00f4\u017eu pom\u00f4c\u0165 zn\u00ed\u017ei\u0165 potenci\u00e1lne probl\u00e9my.<\/p>\n<p><img decoding=\"async\" src=\"https:\/\/www.hydraulic-cylinders.net\/wp-content\/uploads\/2025\/01\/songte-bushings-with-all-kinds-of-excavator-models.webp\"><\/p>\n<h2>O na\u0161ej spolo\u010dnosti<\/h2>\n<p>We are a manufacturer of hydraulic cylinders, providing a complete range of products. We are one of the leading manufacturers and wholesale distributors of hydraulic cylinders in the domestic and international markets. We follow the principle of excellent quality and rely on industrialized production management strategies in finely manufactured workshops. Our company constantly improves the manufacturing platform of the workshop, perfecting the production route of product quality, and has a strong creativity in the use of high-efficiency, high-precision, and high-quality principles to meet customers&#8217; diverse needs.<\/p>\n<p><img decoding=\"async\" src=\"https:\/\/hzpt.com\/wp-content\/uploads\/2024\/11\/songte-company-1.webp\"><\/p>\n<h3>Profesionalita<\/h3>\n<p>Na\u0161a spolo\u010dnos\u0165 m\u00e1 t\u00edm profesion\u00e1lnych in\u017einierov a technikov, ktor\u00ed z\u00e1kazn\u00edkom poskytuj\u00fa efekt\u00edvne a spo\u013eahliv\u00e9 rie\u0161enia v oblasti hydraulick\u00fdch valcov. V\u010faka rozsiahlym sk\u00fasenostiam vo v\u00fdrobe a siln\u00fdm technick\u00fdm schopnostiam dok\u00e1\u017eeme z\u00e1kazn\u00edkom poskytn\u00fa\u0165 vysoko kvalitn\u00e9 produkty a slu\u017eby.<\/p>\n<h3>Medzin\u00e1rodn\u00e1 certifik\u00e1cia<\/h3>\n<p>Na\u0161a spolo\u010dnos\u0165 pre\u0161la s\u00e9riou medzin\u00e1rodn\u00fdch certifik\u00e1ci\u00ed, ako napr\u00edklad ISO a CE, aby zabezpe\u010dila kvalitu a bezpe\u010dnos\u0165 na\u0161ich v\u00fdrobkov.<\/p>\n<h3>Slu\u017eby prisp\u00f4sobenia<\/h3>\n<p>Pon\u00fakame rie\u0161enia hydraulick\u00fdch valcov na mieru pre z\u00e1kazn\u00edkov so \u0161pecifick\u00fdmi po\u017eiadavkami, aby sme splnili ich jedine\u010dn\u00e9 potreby.<\/p>\n<h3>V\u00fdrobn\u00e9 zariadenia<\/h3>\n<p>Na\u0161a spolo\u010dnos\u0165 pou\u017e\u00edva pokro\u010dil\u00e9 digit\u00e1lne v\u00fdrobn\u00e9 zariadenia na zabezpe\u010denie presnosti hydraulick\u00fdch valcov.<\/p>\n<h3>Popredajn\u00fd servis<\/h3>\n<p>Poskytujeme komplexn\u00e9 popredajn\u00e9 slu\u017eby vr\u00e1tane \u00fadr\u017eby, opr\u00e1v a v\u00fdmeny, aby sme zabezpe\u010dili dlhodob\u00fa a efekt\u00edvnu prev\u00e1dzku na\u0161ich hydraulick\u00fdch valcov.<\/p>\n<p>Autor: lyl<\/p>","protected":false},"excerpt":{"rendered":"<p>Bucket Cylinder For Caterpillar Small Excavator E300.9D301.7D Introduction A bucket cylinder is a specially designed hydraulic cylinder primarily used to control the movement of a bucket in heavy machinery such as excavators, backhoes, and front-end loaders. Its main function is to enable the bucket to lift, lower, and tilt, making it easier to handle various [&hellip;]<\/p>","protected":false},"featured_media":14780,"comment_status":"open","ping_status":"closed","template":"","meta":{"_et_pb_use_builder":"","_et_pb_old_content":"","_et_gb_content_width":""},"product_brand":[],"product_cat":[1494],"product_tag":[1495,1496],"class_list":{"0":"post-15213","1":"product","2":"type-product","3":"status-publish","4":"has-post-thumbnail","6":"product_cat-bucket-cylinders","7":"product_tag-bucket-cylinders","8":"product_tag-hydraulic-cylinders","10":"first","11":"instock","12":"shipping-taxable","13":"product-type-simple"},"amp_enabled":true,"_links":{"self":[{"href":"https:\/\/www.hydraulic-cylinders.net\/sk\/wp-json\/wp\/v2\/product\/15213","targetHints":{"allow":["GET"]}}],"collection":[{"href":"https:\/\/www.hydraulic-cylinders.net\/sk\/wp-json\/wp\/v2\/product"}],"about":[{"href":"https:\/\/www.hydraulic-cylinders.net\/sk\/wp-json\/wp\/v2\/types\/product"}],"replies":[{"embeddable":true,"href":"https:\/\/www.hydraulic-cylinders.net\/sk\/wp-json\/wp\/v2\/comments?post=15213"}],"wp:featuredmedia":[{"embeddable":true,"href":"https:\/\/www.hydraulic-cylinders.net\/sk\/wp-json\/wp\/v2\/media\/14780"}],"wp:attachment":[{"href":"https:\/\/www.hydraulic-cylinders.net\/sk\/wp-json\/wp\/v2\/media?parent=15213"}],"wp:term":[{"taxonomy":"product_brand","embeddable":true,"href":"https:\/\/www.hydraulic-cylinders.net\/sk\/wp-json\/wp\/v2\/product_brand?post=15213"},{"taxonomy":"product_cat","embeddable":true,"href":"https:\/\/www.hydraulic-cylinders.net\/sk\/wp-json\/wp\/v2\/product_cat?post=15213"},{"taxonomy":"product_tag","embeddable":true,"href":"https:\/\/www.hydraulic-cylinders.net\/sk\/wp-json\/wp\/v2\/product_tag?post=15213"}],"curies":[{"name":"pracovn\u00fd list","href":"https:\/\/api.w.org\/{rel}","templated":true}]}}