{"id":15219,"date":"2025-01-19T14:15:18","date_gmt":"2025-01-19T14:15:18","guid":{"rendered":"https:\/\/www.hydraulic-cylinders.net\/product\/bucket-cylinder-for-caterpillar-small-excavator-e301-7dcr\/"},"modified":"2025-01-19T14:15:20","modified_gmt":"2025-01-19T14:15:20","slug":"bucket-cylinder-for-caterpillar-small-excavator-e301-7dcr","status":"publish","type":"product","link":"https:\/\/www.hydraulic-cylinders.net\/sk\/produkt\/bucket-cylinder-for-caterpillar-small-excavator-e301-7dcr\/","title":{"rendered":"Valec vedra pre mal\u00e9 r\u00fdpadlo Caterpillar E301.7DCR"},"content":{"rendered":"<h1>Valec vedra pre mal\u00e9 r\u00fdpadlo Caterpillar E301.7DCR<\/h1>\n<h2>\u00davod<\/h2>\n<p>Hydraulick\u00fd valec pre mal\u00e9 r\u00fdpadl\u00e1 Caterpillar E301.7DCR je \u0161pecializovan\u00fd hydraulick\u00fd valec, ktor\u00fd sa prim\u00e1rne pou\u017e\u00edva na ovl\u00e1danie pohybu r\u00fdpadiel v \u0165a\u017ek\u00fdch strojoch, ako s\u00fa r\u00fdpadl\u00e1, r\u00fdpadl\u00e1-naklada\u010de a \u010deln\u00e9 naklada\u010de. Jeho hlavnou funkciou je umo\u017eni\u0165 zdv\u00edhanie, sp\u00fa\u0161\u0165anie a nakl\u00e1\u0148anie r\u00fdpadla, \u010do u\u013eah\u010duje prepravu r\u00f4znych materi\u00e1lov. V hydraulick\u00fdch syst\u00e9moch valec r\u00fdpadla vyu\u017e\u00edva zmeny tlaku hydraulick\u00e9ho oleja na dosiahnutie presn\u00e9ho ovl\u00e1dania r\u00fdpadla, \u010do umo\u017e\u0148uje obsluhe efekt\u00edvne manipulova\u0165 s \u0165a\u017ek\u00fdmi predmetmi a prisp\u00f4sobi\u0165 sa zlo\u017eit\u00fdm pracovn\u00fdm prostrediam a r\u00f4znym prev\u00e1dzkov\u00fdm po\u017eiadavk\u00e1m. <\/p>\n<p><img decoding=\"async\" src=\"https:\/\/www.hydraulic-cylinders.net\/wp-content\/uploads\/2025\/01\/songte-company-2.webp\" alt=\"Obr\u00e1zok valca vedra\"><\/p>\n<h2>Funkcie<\/h2>\n<ul>\n<li>\n<h3>Vysok\u00e1 pevnos\u0165 a odolnos\u0165:<\/h3>\n<p> Zvy\u010dajne je vyroben\u00fd z vysokopevnostnej ocele alebo hlin\u00edka, odol\u00e1 vysok\u00e9mu tlaku a \u0165a\u017ek\u00fdm za\u0165a\u017eeniam, prisp\u00f4sob\u00ed sa n\u00e1ro\u010dn\u00fdm pracovn\u00fdm podmienkam a pri kon\u0161trukcii zoh\u013ead\u0148uje odolnos\u0165 proti opotrebovaniu a kor\u00f3zii, aby sa pred\u013a\u017eila jeho \u017eivotnos\u0165.<\/li>\n<li>\n<h3>Efekt\u00edvna hydraulick\u00e1 prev\u00e1dzka:<\/h3>\n<p> Vyu\u017e\u00edva tlak hydraulick\u00e9ho oleja na dosiahnutie plynul\u00e9ho roz\u0165ahovania a s\u0165ahovania, dok\u00e1\u017ee r\u00fdchlo reagova\u0165 na ovl\u00e1dacie povely, poskytuje siln\u00fa tla\u010dn\u00fa a \u0165a\u017en\u00fa silu a je vhodn\u00fd na manipul\u00e1ciu s \u0165a\u017ek\u00fdmi predmetmi a zlo\u017eit\u00e9 prev\u00e1dzkov\u00e9 \u00falohy.<\/li>\n<li>\n<h3>R\u00f4zne typy:<\/h3>\n<p> Pod\u013ea prev\u00e1dzkov\u00fdch potrieb je mo\u017en\u00e9 vybra\u0165 jedno\u010dinn\u00e9 (hydraulicky ovl\u00e1dan\u00e9 iba v jednom smere) alebo dvoj\u010dinn\u00e9 (hydraulicky ovl\u00e1dan\u00e9 v oboch smeroch) valce. Niektor\u00e9 modely s\u00fa teleskopick\u00e9, \u010do umo\u017e\u0148uje v\u00e4\u010d\u0161ie vysunutie bez zv\u00e4\u010d\u0161enia vonkaj\u0161\u00edch rozmerov, vhodn\u00e9 pre aplik\u00e1cie v obmedzenom priestore.<\/li>\n<li>\n<h3>Prisp\u00f4sobite\u013en\u00e9:<\/h3>\n<p> Tento produkt vieme vyrobi\u0165 a n\u00e1\u0161 produkt dok\u00e1\u017ee dokonale nahradi\u0165 tieto hydraulick\u00e9 valce.<\/li>\n<\/ul>\n<p><img decoding=\"async\" src=\"https:\/\/www.hydraulic-cylinders.net\/wp-content\/uploads\/2025\/01\/songte-cylinder-head-with-all-kinds-excavator-models.webp\" alt=\"Prisp\u00f4sobite\u013en\u00fd obr\u00e1zok produktu\"><\/p>\n<h2>Aplik\u00e1cie<\/h2>\n<p>Valec kor\u010deka pre mal\u00e9 r\u00fdpadlo Caterpillar E301.7DCR sa d\u00e1 pou\u017ei\u0165 v r\u00f4znych odvetviach, ako s\u00fa stavebn\u00e9 stroje, po\u013enohospod\u00e1rske stroje, r\u00fdpadl\u00e1 a \u010deln\u00e9 naklada\u010de.<\/p>\n<ul>\n<li>\n<h3>Stavebn\u00e9 vybavenie:<\/h3>\n<p> V bagroch s\u00fa nevyhnutn\u00e9 na kopanie, nakladanie a premiest\u0148ovanie zeminy alebo sutiny. V r\u00fdpadlo-naklada\u010doch pom\u00e1ha valec ly\u017eice pri kopan\u00ed aj zdv\u00edhan\u00ed. <\/li>\n<li>\n<h3>Po\u013enohospod\u00e1rske stroje:<\/h3>\n<p> Pou\u017e\u00edvaj\u00fa sa v \u010deln\u00fdch naklada\u010doch a pom\u00e1haj\u00fa pri naberan\u00ed, zdv\u00edhan\u00ed a premiest\u0148ovan\u00ed p\u00f4dy, sena a in\u00fdch materi\u00e1lov.<\/li>\n<li>\n<h3>R\u00fdpadl\u00e1:<\/h3>\n<p> Valec ly\u017eice umo\u017e\u0148uje v\u00fdkopov\u00e9 pr\u00e1ce t\u00fdm, \u017ee umo\u017e\u0148uje ly\u017eici prenikn\u00fa\u0165 do p\u00f4dy. <\/li>\n<li>\n<h3>\u010celn\u00e9 naklada\u010de:<\/h3>\n<p> V \u010deln\u00fdch naklada\u010doch pom\u00e1haj\u00fa pri efekt\u00edvnom zdv\u00edhan\u00ed a vykladan\u00ed tovaru. <\/li>\n<\/ul>\n<h2>\u00davahy o dizajne a krit\u00e9ri\u00e1 v\u00fdberu<\/h2>\n<ul>\n<li>\n<h3>Nosnos\u0165:<\/h3>\n<p> Hydraulick\u00fd valec mus\u00ed by\u0165 dostato\u010dne pevn\u00fd, aby odolal nam\u00e1haniu sp\u00f4soben\u00e9mu \u0165a\u017ek\u00fdmi bremenami.<\/li>\n<li>\n<h3>Tesnenie:<\/h3>\n<p> R\u00f4zne tesniace komponenty, ako s\u00fa tesnenia piestov, tesnenia ty\u010d\u00ed, stieracie tesnenia a opotrebovacie kr\u00fa\u017eky, sa musia vybera\u0165 starostlivo. Mali by by\u0165 vyroben\u00e9 z materi\u00e1lov odoln\u00fdch vo\u010di opotrebovaniu, ako je polyuret\u00e1n alebo nitrilov\u00e1 guma, aby sa zabezpe\u010dila dlh\u00e1 \u017eivotnos\u0165. <\/li>\n<li>\n<h3>Trvanlivos\u0165:<\/h3>\n<p> Teleso valca a z\u00e1vitov\u00e9 koncov\u00e9 plochy musia by\u0165 presne opracovan\u00e9, aby sa zv\u00fd\u0161ila odolnos\u0165 proti opotrebovaniu. <\/li>\n<li>\n<h3>Bezpe\u010dnos\u0165:<\/h3>\n<p> V\u0161etky valce musia sp\u013a\u0148a\u0165 bezpe\u010dnostn\u00e9 normy, aby sa predi\u0161lo poruch\u00e1m hydraulick\u00e9ho syst\u00e9mu, ktor\u00e9 by mohli vies\u0165 k nehod\u00e1m.<\/li>\n<li>\n<h3>Udr\u017eiavate\u013enos\u0165:<\/h3>\n<p> Kon\u0161trukcia hydraulick\u00e9ho valca by mala zoh\u013ead\u0148ova\u0165 udr\u017eiavate\u013enos\u0165, aby sa u\u013eah\u010dila oprava a \u00fadr\u017eba.<\/li>\n<\/ul>\n<p><img decoding=\"async\" src=\"https:\/\/www.hydraulic-cylinders.net\/wp-content\/uploads\/2025\/01\/songte-oil-pipes-and-spare-parts.webp\" alt=\"Obr\u00e1zok n\u00e1hradn\u00fdch dielov\"><\/p>\n<h2>Tesnenie a mazanie<\/h2>\n<p>Mala by sa pou\u017ei\u0165 \u0161irok\u00e1 \u0161k\u00e1la tesniacich komponentov, od tesnen\u00ed piestov a\u017e po tesnenia ty\u010d\u00ed, stieracie tesnenia a opotrebovacie kr\u00fa\u017eky. Mali by by\u0165 vyroben\u00e9 z materi\u00e1lov odoln\u00fdch vo\u010di opotrebovaniu, ako je polyuret\u00e1n alebo nitrilov\u00fd kau\u010duk, aby sa zabezpe\u010dila dlh\u00e1 \u017eivotnos\u0165. Teleso valca a z\u00e1vitov\u00e9 konce by mali by\u0165 presne opracovan\u00e9, aby sa zv\u00fd\u0161ila odolnos\u0165 vo\u010di opotrebovaniu. Pravideln\u00e9 mazanie je nevyhnutn\u00e9 pre zabezpe\u010denie spr\u00e1vnej prev\u00e1dzky hydraulick\u00e9ho valca. Hydraulick\u00fd olej by sa mal prid\u00e1va\u0165 v pravideln\u00fdch intervaloch, aby sa mazali komponenty a udr\u017eiavali v dobrom prev\u00e1dzkovom stave.<\/p>\n<h2>\u00dadr\u017eba a opravy<\/h2>\n<p>Pravideln\u00e1 \u00fadr\u017eba je nevyhnutn\u00e1 pre zaistenie dlhej \u017eivotnosti hydraulick\u00e9ho valca. Odpor\u00fa\u010da sa pravidelne kontrolova\u0165 a udr\u017eiava\u0165 valec. Pravideln\u00e9 \u00fadr\u017eb\u00e1rske \u00falohy m\u00f4\u017eu zah\u0155\u0148a\u0165 mazanie, v\u00fdmenu tesnenia a kalibra\u010dn\u00e9 kontroly. Spr\u00e1vna in\u0161tal\u00e1cia a zarovnanie valca s\u00fa nevyhnutn\u00e9 pre optim\u00e1lny v\u00fdkon. Spr\u00e1vne postupy \u00fadr\u017eby a opravy m\u00f4\u017eu by\u0165 u\u017eito\u010dn\u00e9 pri diagnostike a rie\u0161en\u00ed probl\u00e9mov.<\/p>\n<p><img decoding=\"async\" src=\"https:\/\/www.hydraulic-cylinders.net\/wp-content\/uploads\/2025\/01\/songte-chushion-collar.webp\" alt=\"Obr\u00e1zok \u00fadr\u017eby\"><\/p>\n<h2>Bezpe\u010dnostn\u00e9 aspekty a faktory prostredia<\/h2>\n<p>Pri pou\u017e\u00edvan\u00ed hydraulick\u00fdch valcov je potrebn\u00e9 dodr\u017eiava\u0165 bezpe\u010dnostn\u00e9 opatrenia, aby sa predi\u0161lo nehod\u00e1m. Je nevyhnutn\u00e9 d\u00f4sledne dodr\u017eiava\u0165 bezpe\u010dnostn\u00e9 pokyny a predpisy. Hydraulick\u00e9 syst\u00e9my sa musia pravidelne kontrolova\u0165 na tesnos\u0165, kor\u00f3ziu a in\u00e9 zn\u00e1mky opotrebovania, aby sa zabezpe\u010dila ich bezpe\u010dnos\u0165 a funk\u010dnos\u0165. <\/p>\n<p><img decoding=\"async\" src=\"https:\/\/hzpt.com\/wp-content\/uploads\/2024\/11\/songte-company-1.webp\" alt=\"Bezpe\u010dnostn\u00fd obr\u00e1zok\"><\/p>\n<h2>Be\u017en\u00e9 probl\u00e9my a ich rie\u0161enie<\/h2>\n<ul>\n<li>\n<h3>\u00danik:<\/h3>\n<p> Jedn\u00fdm z naj\u010dastej\u0161\u00edch probl\u00e9mov je \u00fanik oleja z hydraulick\u00e9ho valca. M\u00f4\u017ee to by\u0165 sp\u00f4soben\u00e9 chybn\u00fdmi tesneniami alebo opotrebovan\u00fdmi komponentmi. Aby sa predi\u0161lo \u00faniku, musia sa v\u0161etky tesnenia pravidelne kontrolova\u0165 a v pr\u00edpade potreby vymie\u0148a\u0165. <\/li>\n<li>\n<h3>Pomal\u00e1 prev\u00e1dzka:<\/h3>\n<p> Pomal\u00fd chod hydraulick\u00fdch valcov m\u00f4\u017ee by\u0165 sp\u00f4soben\u00fd r\u00f4znymi faktormi vr\u00e1tane n\u00edzkeho hydraulick\u00e9ho tlaku, upchat\u00e9ho alebo zne\u010disten\u00e9ho hydraulick\u00e9ho filtra alebo opotrebovan\u00fdch komponentov. Hydraulick\u00fd syst\u00e9m by sa mal skontrolova\u0165, aby sa identifikovala hlavn\u00e1 pr\u00ed\u010dina probl\u00e9mu. <\/li>\n<li>\n<h3>Nadmern\u00fd hluk:<\/h3>\n<p> Nadmern\u00fd hluk m\u00f4\u017ee by\u0165 sp\u00f4soben\u00fd vzduchom v hydraulickom syst\u00e9me alebo opotrebovan\u00fdm hydraulick\u00fdm valcom. Syst\u00e9m by mal by\u0165 odvzdu\u0161nen\u00fd a hydraulick\u00fd valec by mal by\u0165 skontrolovan\u00fd, \u010di nejav\u00ed zn\u00e1mky opotrebovania.<\/li>\n<\/ul>\n<p>Aby sa predi\u0161lo t\u00fdmto probl\u00e9mom, mali by sa prija\u0165 prevent\u00edvne opatrenia. Patria sem pravideln\u00e9 \u00fadr\u017eb\u00e1rske pr\u00e1ce, ako je mazanie, \u010distenie a v\u00fdmena tesnen\u00ed. <\/p>\n<p><img decoding=\"async\" src=\"https:\/\/www.hydraulic-cylinders.net\/wp-content\/uploads\/2025\/01\/songte-bushings-with-all-kinds-of-excavator-models.webp\" alt=\"Obr\u00e1zok rie\u0161enia probl\u00e9mov\"><\/p>\n<h2>O na\u0161ej spolo\u010dnosti<\/h2>\n<p>Sme v\u00fdrobcom hydraulick\u00fdch valcov, ktor\u00e9 m\u00f4\u017eu nahradi\u0165 existuj\u00face hydraulick\u00e9 valce. Na\u0161a spolo\u010dnos\u0165 m\u00e1 \u0161irok\u00fa \u0161k\u00e1lu produktov\u00fdch kateg\u00f3ri\u00ed a stala sa jedn\u00fdm z popredn\u00fdch v\u00fdrobcov a ve\u013ekoobchodn\u00edkov s hydraulick\u00fdmi valcami na dom\u00e1com aj medzin\u00e1rodnom trhu. Riadime sa princ\u00edpom vynikaj\u00facej kvality a spoliehame sa na strat\u00e9giu industrializovan\u00e9ho riadenia v\u00fdroby v prec\u00edznych v\u00fdrobn\u00fdch diel\u0148ach. Na\u0161e produkty s\u00fa vyr\u00e1ban\u00e9 s pou\u017eit\u00edm \u0161pi\u010dkov\u00fdch digit\u00e1lnych v\u00fdrobn\u00fdch zariaden\u00ed a profesion\u00e1lnych testovac\u00edch syst\u00e9mov a neust\u00e1le vylep\u0161ujeme na\u0161e v\u00fdrobn\u00e9 linky pre lep\u0161iu kvalitu produktov. M\u00e1me siln\u00fa schopnos\u0165 vytv\u00e1ra\u0165 s vysokou \u00fa\u010dinnos\u0165ou, vysokou presnos\u0165ou a vysokou kvalitou, aby sme splnili rozmanit\u00e9 potreby z\u00e1kazn\u00edkov. <\/p>\n<p><img decoding=\"async\" src=\"https:\/\/www.hydraulic-cylinders.net\/wp-content\/uploads\/2025\/01\/songte-company-3.webp\" alt=\"Obr\u00e1zok spolo\u010dnosti\"><\/p>\n<h2>Profesionalita, medzin\u00e1rodn\u00e1 certifik\u00e1cia, slu\u017eby prisp\u00f4sobenia, v\u00fdrobn\u00e9 zariadenia a popredajn\u00e9 slu\u017eby<\/h2>\n<ul>\n<li>\n<h3>Profesionalita:<\/h3>\n<p> M\u00e1me profesion\u00e1lny technick\u00fd t\u00edm a t\u00edm pre v\u00fdrobu vysoko kvalitn\u00fdch produktov.<\/li>\n<li>\n<h3>Medzin\u00e1rodn\u00e1 certifik\u00e1cia:<\/h3>\n<p> Na\u0161e v\u00fdrobky z\u00edskali medzin\u00e1rodn\u00e9 certifik\u00e1cie ako ISO9001 a CE.<\/li>\n<li>\n<h3>Slu\u017eby prisp\u00f4sobenia:<\/h3>\n<p> Vieme doda\u0165 produkty na mieru pod\u013ea potrieb a technick\u00fdch po\u017eiadaviek z\u00e1kazn\u00edka.<\/li>\n<li>\n<h3>V\u00fdrobn\u00e9 vybavenie:<\/h3>\n<p> Na zlep\u0161enie kvality v\u00fdrobkov pou\u017e\u00edvame \u0161pi\u010dkov\u00e9 digit\u00e1lne v\u00fdrobn\u00e9 zariadenia a profesion\u00e1lne testovacie syst\u00e9my.<\/li>\n<li>\n<h3>Popredajn\u00e9 slu\u017eby:<\/h3>\n<p> Z\u00e1kazn\u00edkom poskytujeme kompletn\u00fd sortiment popredajn\u00fdch slu\u017eieb vr\u00e1tane \u00fadr\u017eby produktov, technickej podpory a slu\u017eieb v\u00fdmeny produktov.<\/li>\n<\/ul>\n<p>Na\u0161a spolo\u010dnos\u0165 sa zav\u00e4zuje poskytova\u0165 z\u00e1kazn\u00edkom vysoko kvalitn\u00e9 hydraulick\u00e9 valce, profesion\u00e1lnu technick\u00fa podporu a vynikaj\u00faci popredajn\u00fd servis. <\/p>\n<p>Autor: lyl.<\/p>","protected":false},"excerpt":{"rendered":"<p>Bucket Cylinder For Caterpillar Small Excavator E301.7DCR Introduction The Bucket Cylinder for Caterpillar Small Excavator E301.7DCR is a specialized hydraulic cylinder primarily used for controlling the movement of buckets in heavy machinery such as excavators, backhoe excavators, and front-end loaders. Its main function is to enable the bucket to lift, lower, and tilt, making it [&hellip;]<\/p>","protected":false},"featured_media":14765,"comment_status":"open","ping_status":"closed","template":"","meta":{"_et_pb_use_builder":"","_et_pb_old_content":"","_et_gb_content_width":""},"product_brand":[],"product_cat":[1494],"product_tag":[1495,1496],"class_list":{"0":"post-15219","1":"product","2":"type-product","3":"status-publish","4":"has-post-thumbnail","6":"product_cat-bucket-cylinders","7":"product_tag-bucket-cylinders","8":"product_tag-hydraulic-cylinders","10":"first","11":"instock","12":"shipping-taxable","13":"product-type-simple"},"amp_enabled":true,"_links":{"self":[{"href":"https:\/\/www.hydraulic-cylinders.net\/sk\/wp-json\/wp\/v2\/product\/15219","targetHints":{"allow":["GET"]}}],"collection":[{"href":"https:\/\/www.hydraulic-cylinders.net\/sk\/wp-json\/wp\/v2\/product"}],"about":[{"href":"https:\/\/www.hydraulic-cylinders.net\/sk\/wp-json\/wp\/v2\/types\/product"}],"replies":[{"embeddable":true,"href":"https:\/\/www.hydraulic-cylinders.net\/sk\/wp-json\/wp\/v2\/comments?post=15219"}],"wp:featuredmedia":[{"embeddable":true,"href":"https:\/\/www.hydraulic-cylinders.net\/sk\/wp-json\/wp\/v2\/media\/14765"}],"wp:attachment":[{"href":"https:\/\/www.hydraulic-cylinders.net\/sk\/wp-json\/wp\/v2\/media?parent=15219"}],"wp:term":[{"taxonomy":"product_brand","embeddable":true,"href":"https:\/\/www.hydraulic-cylinders.net\/sk\/wp-json\/wp\/v2\/product_brand?post=15219"},{"taxonomy":"product_cat","embeddable":true,"href":"https:\/\/www.hydraulic-cylinders.net\/sk\/wp-json\/wp\/v2\/product_cat?post=15219"},{"taxonomy":"product_tag","embeddable":true,"href":"https:\/\/www.hydraulic-cylinders.net\/sk\/wp-json\/wp\/v2\/product_tag?post=15219"}],"curies":[{"name":"pracovn\u00fd list","href":"https:\/\/api.w.org\/{rel}","templated":true}]}}