{"id":15224,"date":"2025-01-19T14:15:37","date_gmt":"2025-01-19T14:15:37","guid":{"rendered":"https:\/\/www.hydraulic-cylinders.net\/product\/bucket-cylinder-for-caterpillar-small-excavator-e318dl\/"},"modified":"2025-01-19T14:15:39","modified_gmt":"2025-01-19T14:15:39","slug":"bucket-cylinder-for-caterpillar-small-excavator-e318dl","status":"publish","type":"product","link":"https:\/\/www.hydraulic-cylinders.net\/sk\/produkt\/bucket-cylinder-for-caterpillar-small-excavator-e318dl\/","title":{"rendered":"Valec vedra pre mal\u00e9 r\u00fdpadlo Caterpillar E318DL"},"content":{"rendered":"<h1>Valec vedra pre mal\u00e9 r\u00fdpadlo Caterpillar E318DL<\/h1>\n<h2>\u00davod<\/h2>\n<p>Hydraulick\u00fd valec ly\u017eice pre mal\u00e9 r\u00fdpadl\u00e1 Caterpillar E318DL je \u0161peci\u00e1lne navrhnut\u00fd hydraulick\u00fd valec pou\u017e\u00edvan\u00fd na ovl\u00e1danie pohybu ly\u017eice v \u0165a\u017ek\u00fdch strojoch, ako s\u00fa r\u00fdpadl\u00e1, r\u00fdpadl\u00e1-naklada\u010de a \u010deln\u00e9 naklada\u010de. Jeho hlavnou funkciou je umo\u017eni\u0165 zdv\u00edhanie, sp\u00fa\u0161\u0165anie a nakl\u00e1\u0148anie ly\u017eice, \u010do u\u013eah\u010duje manipul\u00e1ciu s r\u00f4znymi materi\u00e1lmi. V hydraulickom syst\u00e9me valec ly\u017eice presne riadi pohyby ly\u017eice zmenou tlaku hydraulick\u00e9ho oleja, \u010do umo\u017e\u0148uje obsluhe efekt\u00edvne manipulova\u0165 s \u0165a\u017ek\u00fdmi bremenami a prisp\u00f4sobi\u0165 sa zlo\u017eit\u00fdm pracovn\u00fdm prostrediam a r\u00f4znym prev\u00e1dzkov\u00fdm potreb\u00e1m.<\/p>\n<p><img decoding=\"async\" src=\"https:\/\/www.hydraulic-cylinders.net\/wp-content\/uploads\/2025\/01\/songte-company-2.webp\" alt=\"Obr\u00e1zok valca vedra\"><\/p>\n<h2>Vlastnosti produktu<\/h2>\n<ul>\n<li>Vysok\u00e1 pevnos\u0165 a odolnos\u0165: Vyroben\u00e9 z vysokopevnostnej ocele alebo hlin\u00edka, odol\u00e1 vysok\u00e9mu tlaku a \u0165a\u017ek\u00fdm za\u0165a\u017eeniam, \u010d\u00edm sa prisp\u00f4sob\u00ed n\u00e1ro\u010dn\u00fdm pracovn\u00fdm podmienkam. Kon\u0161trukcia zoh\u013ead\u0148uje odolnos\u0165 vo\u010di opotrebovaniu a kor\u00f3zii, \u010d\u00edm sa predl\u017euje jej \u017eivotnos\u0165.<\/li>\n<li>Efekt\u00edvna hydraulick\u00e1 prev\u00e1dzka: Vyu\u017e\u00edva tlak hydraulick\u00e9ho oleja na dosiahnutie plynul\u00fdch, teleskopick\u00fdch pohybov, r\u00fdchlej reakcie na ovl\u00e1dacie povely a poskytuje siln\u00fa tla\u010dn\u00fa a \u0165a\u017en\u00fa silu, ktor\u00e1 je vhodn\u00e1 na manipul\u00e1ciu s \u0165a\u017ek\u00fdmi bremenami a zlo\u017eit\u00e9 prev\u00e1dzkov\u00e9 \u00falohy.<\/li>\n<li>R\u00f4zne typy: Typy valcov je mo\u017en\u00e9 vybra\u0165 pod\u013ea prev\u00e1dzkov\u00fdch potrieb, ako napr\u00edklad jedno\u010dinn\u00e9 (hydraulicky ovl\u00e1dan\u00e9 iba v jednom smere) alebo dvoj\u010dinn\u00e9 (hydraulicky ovl\u00e1dan\u00e9 v oboch smeroch). Niektor\u00e9 modely s\u00fa roz\u0161\u00edrite\u013en\u00e9, \u010do umo\u017e\u0148uje v\u00e4\u010d\u0161ie roz\u0161\u00edrenie bez zv\u00e4\u010d\u0161enia vonkaj\u0161\u00edch rozmerov, vhodn\u00e9 pre aplik\u00e1cie s obmedzen\u00fdm priestorom.<\/li>\n<li>M\u00f4\u017ee by\u0165 vyroben\u00e9 na\u0161ou spolo\u010dnos\u0165ou: Na\u0161e produkty dok\u00e1\u017eu dokonale nahradi\u0165 tieto hydraulick\u00e9 valce.<\/li>\n<\/ul>\n<p><img decoding=\"async\" src=\"https:\/\/www.hydraulic-cylinders.net\/wp-content\/uploads\/2025\/01\/songte-cylinder-head-with-all-kinds-excavator-models.webp\" alt=\"Obr\u00e1zok v\u00fdmeny valca vedra\"><\/p>\n<h2>Aplik\u00e1cie<\/h2>\n<p>Valec vedra pre mal\u00e9 r\u00fdpadlo Caterpillar E318DL sa \u0161iroko pou\u017e\u00edva v r\u00f4znych \u0165a\u017ek\u00fdch strojoch, ako napr\u00edklad:<\/p>\n<ul>\n<li>Stavebn\u00e9 zariadenia: V bagroch s\u00fa nevyhnutn\u00e9 na kopanie, nakladanie a premiest\u0148ovanie zeminy alebo sutiny. V r\u00fdpadlov\u00fdch bagroch pom\u00e1haj\u00fa valce ko\u0161\u00edkov pri kopan\u00ed a zdv\u00edhan\u00ed. <\/li>\n<li>Po\u013enohospod\u00e1rske stroje: Pou\u017e\u00edvaj\u00fa sa na \u010deln\u00e9 naklada\u010de, zdv\u00edhanie a prepravu p\u00f4dy, sena a in\u00fdch materi\u00e1lov. <\/li>\n<li>R\u00fdpadl\u00e1: Valce lopaty umo\u017e\u0148uj\u00fa v\u00fdkop t\u00fdm, \u017ee umo\u017e\u0148uj\u00fa lopate prenikn\u00fa\u0165 do p\u00f4dy. <\/li>\n<li>Naklada\u010de: \u010celn\u00e9 naklada\u010de pom\u00e1haj\u00fa pri efekt\u00edvnom zdv\u00edhan\u00ed a vykladan\u00ed tovaru. <\/li>\n<\/ul>\n<h2>\u00davahy o dizajne a krit\u00e9ri\u00e1 v\u00fdberu<\/h2>\n<p>Kon\u0161trukcia valca vedra pre mal\u00e9 r\u00fdpadlo Caterpillar E318DL zoh\u013ead\u0148uje nasleduj\u00face faktory:<\/p>\n<ul>\n<li>Nosnos\u0165: Valec mus\u00ed ma\u0165 dostato\u010dn\u00fa nosnos\u0165, aby uniesol hmotnos\u0165 bremena bez ohnutia alebo zlomenia. <\/li>\n<li>Tesnenie: Valec mus\u00ed by\u0165 utesnen\u00fd, aby sa zabr\u00e1nilo \u00faniku hydraulick\u00e9ho oleja, \u010do m\u00f4\u017ee po\u0161kodi\u0165 valec a in\u00e9 komponenty stroja.<\/li>\n<li>Trvanlivos\u0165: Valec mus\u00ed by\u0165 odoln\u00fd a schopn\u00fd odol\u00e1va\u0165 opotrebovaniu sp\u00f4soben\u00e9mu neust\u00e1lym pou\u017e\u00edvan\u00edm, drsn\u00fdm pracovn\u00fdm prostred\u00edm a vystaven\u00edm poveternostn\u00fdm vplyvom. <\/li>\n<li>Bezpe\u010dnos\u0165: F\u013ea\u0161a mus\u00ed by\u0165 navrhnut\u00e1 s oh\u013eadom na bezpe\u010dnos\u0165 vr\u00e1tane bezpe\u010dnostn\u00fdch prvkov, ako s\u00fa tla\u010didl\u00e1 n\u00fadzov\u00e9ho zastavenia, pretlakov\u00e9 ventily a ochrana proti pre\u0165a\u017eeniu. <\/li>\n<li>\u00dadr\u017eba: Valec by mal by\u0165 \u013eahko udr\u017eiavate\u013en\u00fd a opravovate\u013en\u00fd, \u010do by umo\u017e\u0148ovalo r\u00fdchlu a jednoduch\u00fa v\u00fdmenu opotrebovan\u00fdch alebo po\u0161koden\u00fdch dielov. <\/li>\n<\/ul>\n<p><img decoding=\"async\" src=\"https:\/\/www.hydraulic-cylinders.net\/wp-content\/uploads\/2025\/01\/songte-oil-pipes-and-spare-parts.webp\" alt=\"Obr\u00e1zok \u010dast\u00ed valca vedra\"><\/p>\n<h2>Tesnenie a mazanie<\/h2>\n<p>Valec kor\u010deka pre mal\u00e9 r\u00fdpadlo Caterpillar E318DL pou\u017e\u00edva r\u00f4zne tesniace komponenty, ako s\u00fa tesnenia piestov, tesnenia ty\u010d\u00ed at\u010f., vyroben\u00e9 z materi\u00e1lov odoln\u00fdch vo\u010di opotrebovaniu, ako je polyuret\u00e1n a nitrilov\u00fd kau\u010duk. Teleso valca a z\u00e1vitov\u00e9 konce prech\u00e1dzaj\u00fa presn\u00fdm spracovan\u00edm, aby sa zlep\u0161ila odolnos\u0165 vo\u010di opotrebovaniu. Pravideln\u00e9 mazanie vhodn\u00fdm hydraulick\u00fdm olejom je nevyhnutn\u00e9 na udr\u017eanie spr\u00e1vnej funkcie valca a pred\u013a\u017eenie jeho \u017eivotnosti. <\/p>\n<h2>\u00dadr\u017eba a prevent\u00edvne opatrenia<\/h2>\n<p>Odpor\u00fa\u010daj\u00fa sa nasleduj\u00face prevent\u00edvne opatrenia a \u00fadr\u017eb\u00e1rske \u00falohy:<\/p>\n<ul>\n<li>Pravideln\u00e1 kontrola: Pravidelne kontrolujte valec, \u010di nevykazuje zn\u00e1mky opotrebovania, netesnost\u00ed alebo in\u00e9ho po\u0161kodenia. <\/li>\n<li>Mazanie: Valec pravidelne nama\u017ete vhodn\u00fdm hydraulick\u00fdm olejom. <\/li>\n<li>V\u00fdmena tesnenia: V pr\u00edpade potreby vyme\u0148te tesnenia valcov. <\/li>\n<li>Kontrola kalibr\u00e1cie: Pravidelne kontrolujte kalibr\u00e1ciu valca, aby ste zabezpe\u010dili jeho spr\u00e1vnu prev\u00e1dzku. <\/li>\n<\/ul>\n<p><img decoding=\"async\" src=\"https:\/\/www.hydraulic-cylinders.net\/wp-content\/uploads\/2025\/01\/songte-chushion-collar.webp\" alt=\"Obr\u00e1zok in\u0161tal\u00e1cie valca vedra\"><\/p>\n<h2>Bezpe\u010dnostn\u00e9 aspekty a faktory prostredia<\/h2>\n<p>Pri obsluhe \u0165a\u017ek\u00fdch strojov, ktor\u00e9 pou\u017e\u00edvaj\u00fa valec ko\u0161\u00edka pre mal\u00e9 r\u00fdpadlo Caterpillar E318DL, sa musia dodr\u017eiava\u0165 pr\u00edslu\u0161n\u00e9 bezpe\u010dnostn\u00e9 opatrenia. Prev\u00e1dzku valca m\u00f4\u017eu ovplyvni\u0165 aj faktory prostredia, ako je teplota, vlhkos\u0165 a kvalita ovzdu\u0161ia, a preto ich treba zoh\u013eadni\u0165.<\/p>\n<h2>Be\u017en\u00e9 probl\u00e9my a ich rie\u0161enie<\/h2>\n<p>Medzi be\u017en\u00e9 probl\u00e9my, ktor\u00e9 sa m\u00f4\u017eu vyskytn\u00fa\u0165 s valcom lopaty pre mal\u00e9 r\u00fdpadlo Caterpillar E318DL, patria netesnosti, opotrebovan\u00e9 tesnenia a probl\u00e9my s kalibr\u00e1ciou. Tipy na rie\u0161enie probl\u00e9mov a ich rie\u0161enia m\u00f4\u017eu zah\u0155\u0148a\u0165 v\u00fdmenu po\u0161koden\u00fdch dielov, \u00fapravu kalibr\u00e1cie at\u010f. Prevent\u00edvne opatrenia m\u00f4\u017eu pom\u00f4c\u0165 minimalizova\u0165 potenci\u00e1lne probl\u00e9my.<\/p>\n<p><img decoding=\"async\" src=\"https:\/\/www.hydraulic-cylinders.net\/wp-content\/uploads\/2025\/01\/songte-bushings-with-all-kinds-of-excavator-models.webp\" alt=\"Obr\u00e1zok puzdier valca vedra\"><\/p>\n<h2>O na\u0161ej spolo\u010dnosti<\/h2>\n<p>Sme v\u00fdrobcom n\u00e1hradn\u00fdch hydraulick\u00fdch valcov, pon\u00fakame \u0161irok\u00fd sortiment produktov a st\u00e1vame sa popredn\u00fdm v\u00fdrobcom a ve\u013ekoobchodn\u00edkom hydraulick\u00fdch valcov na dom\u00e1com aj medzin\u00e1rodnom trhu. Riadime sa vynikaj\u00facou kvalitou a spoliehame sa na strat\u00e9gie riadenia priemyselnej v\u00fdroby z prec\u00edznych v\u00fdrobn\u00fdch dieln\u00ed. Vyu\u017e\u00edvame technologick\u00e9 talenty, \u0161pi\u010dkov\u00e9 digit\u00e1lne v\u00fdrobn\u00e9 zariadenia a profesion\u00e1lny testovac\u00ed syst\u00e9m na neust\u00e1le zlep\u0161ovanie v\u00fdrobnej platformy, zdokona\u013eovanie v\u00fdrobnej linky kvality produktov a siln\u00e9 tvoriv\u00e9 schopnosti. V\u010faka vysokej efektivite, vysokej presnosti a princ\u00edpom vysokej kvality uspokojujeme rozmanit\u00e9 potreby na\u0161ich z\u00e1kazn\u00edkov.<\/p>\n<ul>\n<li>Profesionalita<\/li>\n<li>Medzin\u00e1rodn\u00e1 certifik\u00e1cia<\/li>\n<li>Slu\u017eby prisp\u00f4sobenia<\/li>\n<li>V\u00fdrobn\u00e9 zariadenia<\/li>\n<li>Popredajn\u00e9 slu\u017eby<\/li>\n<\/ul>\n<p><img decoding=\"async\" src=\"https:\/\/hzpt.com\/wp-content\/uploads\/2024\/11\/songte-company-1.webp\" alt=\"Obr\u00e1zok spolo\u010dnosti\"><\/p>\n<p>Autor: lyl<\/p>","protected":false},"excerpt":{"rendered":"<p>Bucket Cylinder For Caterpillar Small Excavator E318DL Introduction The Bucket Cylinder for Caterpillar Small Excavator E318DL is a specially designed hydraulic cylinder used to control the movement of the bucket in heavy machinery such as excavators, backhoe excavators, and front loader machines. Its main function is to enable the bucket to lift, lower, and tilt, [&hellip;]<\/p>","protected":false},"featured_media":14787,"comment_status":"open","ping_status":"closed","template":"","meta":{"_et_pb_use_builder":"","_et_pb_old_content":"","_et_gb_content_width":""},"product_brand":[],"product_cat":[1494],"product_tag":[1495,1496],"class_list":{"0":"post-15224","1":"product","2":"type-product","3":"status-publish","4":"has-post-thumbnail","6":"product_cat-bucket-cylinders","7":"product_tag-bucket-cylinders","8":"product_tag-hydraulic-cylinders","10":"first","11":"instock","12":"shipping-taxable","13":"product-type-simple"},"amp_enabled":true,"_links":{"self":[{"href":"https:\/\/www.hydraulic-cylinders.net\/sk\/wp-json\/wp\/v2\/product\/15224","targetHints":{"allow":["GET"]}}],"collection":[{"href":"https:\/\/www.hydraulic-cylinders.net\/sk\/wp-json\/wp\/v2\/product"}],"about":[{"href":"https:\/\/www.hydraulic-cylinders.net\/sk\/wp-json\/wp\/v2\/types\/product"}],"replies":[{"embeddable":true,"href":"https:\/\/www.hydraulic-cylinders.net\/sk\/wp-json\/wp\/v2\/comments?post=15224"}],"wp:featuredmedia":[{"embeddable":true,"href":"https:\/\/www.hydraulic-cylinders.net\/sk\/wp-json\/wp\/v2\/media\/14787"}],"wp:attachment":[{"href":"https:\/\/www.hydraulic-cylinders.net\/sk\/wp-json\/wp\/v2\/media?parent=15224"}],"wp:term":[{"taxonomy":"product_brand","embeddable":true,"href":"https:\/\/www.hydraulic-cylinders.net\/sk\/wp-json\/wp\/v2\/product_brand?post=15224"},{"taxonomy":"product_cat","embeddable":true,"href":"https:\/\/www.hydraulic-cylinders.net\/sk\/wp-json\/wp\/v2\/product_cat?post=15224"},{"taxonomy":"product_tag","embeddable":true,"href":"https:\/\/www.hydraulic-cylinders.net\/sk\/wp-json\/wp\/v2\/product_tag?post=15224"}],"curies":[{"name":"pracovn\u00fd list","href":"https:\/\/api.w.org\/{rel}","templated":true}]}}