{"id":15244,"date":"2025-01-19T14:17:12","date_gmt":"2025-01-19T14:17:12","guid":{"rendered":"https:\/\/www.hydraulic-cylinders.net\/product\/bucket-cylinder-for-caterpillar-large-excavator-e349dz\/"},"modified":"2025-01-19T14:17:14","modified_gmt":"2025-01-19T14:17:14","slug":"bucket-cylinder-for-caterpillar-large-excavator-e349dz","status":"publish","type":"product","link":"https:\/\/www.hydraulic-cylinders.net\/sk\/produkt\/bucket-cylinder-for-caterpillar-large-excavator-e349dz\/","title":{"rendered":"Valec vedra pre ve\u013ek\u00e9 r\u00fdpadlo Caterpillar E349DZ"},"content":{"rendered":"<h1>Valec vedra pre ve\u013ek\u00e9 r\u00fdpadlo Caterpillar E349DZ<\/h1>\n<h2>\u00davod<\/h2>\n<p>Hydraulick\u00fd valec ly\u017eice je \u0161peci\u00e1lne navrhnut\u00fd hydraulick\u00fd valec, ktor\u00fd riadi pohyb ly\u017e\u00edc v \u0165a\u017ek\u00fdch strojoch, ako s\u00fa bagre, r\u00fdpadlo-naklada\u010de a \u010deln\u00e9 naklada\u010de. Jeho hlavnou funkciou je umo\u017eni\u0165 zdv\u00edhanie, sp\u00fa\u0161\u0165anie a nakl\u00e1\u0148anie ly\u017eice, \u010do u\u013eah\u010duje manipul\u00e1ciu s r\u00f4znymi materi\u00e1lmi. V hydraulickom syst\u00e9me dosahuje valec ly\u017eice presn\u00e9 ovl\u00e1danie pohybu ly\u017eice prostredn\u00edctvom zmien tlaku hydraulick\u00e9ho oleja, \u010do umo\u017e\u0148uje obsluhe efekt\u00edvne manipulova\u0165 s \u0165a\u017ek\u00fdmi bremenami a prisp\u00f4sobova\u0165 sa zlo\u017eit\u00fdm pracovn\u00fdm prostrediam a r\u00f4znorod\u00fdm prev\u00e1dzkov\u00fdm potreb\u00e1m.<\/p>\n<p><img decoding=\"async\" src=\"https:\/\/www.hydraulic-cylinders.net\/wp-content\/uploads\/2025\/01\/songte-company-2.webp\"><\/p>\n<h2>Funkcie<\/h2>\n<ul>\n<li>\n<h3>Vysok\u00e1 pevnos\u0165 a odolnos\u0165<\/h3>\n<\/li>\n<p>Valce s kor\u010dekom s\u00fa zvy\u010dajne vyroben\u00e9 z vysokopevnostnej ocele alebo hlin\u00edka, ktor\u00e9 odol\u00e1vaj\u00fa vysok\u00e9mu tlaku a \u0165a\u017ek\u00fdm za\u0165a\u017eeniam, prisp\u00f4sobuj\u00fa sa n\u00e1ro\u010dn\u00fdm pracovn\u00fdm podmienkam a s\u00fa navrhnut\u00e9 tak, aby zoh\u013ead\u0148ovali odolnos\u0165 vo\u010di opotrebovaniu a kor\u00f3zii, aby sa pred\u013a\u017eila ich \u017eivotnos\u0165.<\/p>\n<li>\n<h3>Efekt\u00edvna hydraulick\u00e1 prev\u00e1dzka<\/h3>\n<\/li>\n<p>Valce kor\u010dekov vyu\u017e\u00edvaj\u00fa hydraulick\u00fd tlak oleja na dosiahnutie plynul\u00e9ho vys\u00favania a s\u0165ahovania a dok\u00e1\u017eu r\u00fdchlo reagova\u0165 na ovl\u00e1dacie povely, aby poskytli siln\u00e9 tla\u010dn\u00e9 a \u0165a\u017en\u00e9 sily, v\u010faka \u010domu s\u00fa vhodn\u00e9 na manipul\u00e1ciu s \u0165a\u017ek\u00fdmi bremenami a zlo\u017eit\u00e9 prev\u00e1dzkov\u00e9 \u00falohy.<\/p>\n<li>\n<h3>R\u00f4zne typy<\/h3>\n<\/li>\n<p>Valce kor\u010dekov je mo\u017en\u00e9 vybra\u0165 pod\u013ea prev\u00e1dzkov\u00fdch potrieb, napr\u00edklad ako jedno\u010dinn\u00e9 (hydraulika sa pou\u017e\u00edva iba v jednom smere) alebo dvoj\u010dinn\u00e9 (hydraulika sa pou\u017e\u00edva v oboch smeroch). Niektor\u00e9 modely s\u00fa teleskopick\u00e9, \u010do umo\u017e\u0148uje v\u00e4\u010d\u0161ie vysunutie bez zv\u00e4\u010d\u0161enia vonkaj\u0161\u00edch rozmerov, v\u010faka \u010domu s\u00fa vhodn\u00e9 pre aplik\u00e1cie s obmedzen\u00fdm priestorom.<\/p>\n<li>\n<h3>Kompatibiln\u00e1 n\u00e1hrada<\/h3>\n<\/li>\n<p>Na\u0161e produkty dok\u00e1\u017eu dokonale nahradi\u0165 tieto hydraulick\u00e9 valce.<\/p>\n<\/ul>\n<p><img decoding=\"async\" src=\"https:\/\/www.hydraulic-cylinders.net\/wp-content\/uploads\/2025\/01\/songte-cylinder-head-with-all-kinds-excavator-models.webp\"><\/p>\n<h2>Aplik\u00e1cie<\/h2>\n<p>Valce s lopatou sa \u0161iroko pou\u017e\u00edvaj\u00fa v r\u00f4znych odvetviach, ako s\u00fa stavebn\u00e9 stroje, po\u013enohospod\u00e1rske stroje, bagre a naklada\u010de. Tu je nieko\u013eko pr\u00edkladov:<\/p>\n<ul>\n<li>\n<h3>Stavebn\u00e9 stroje<\/h3>\n<\/li>\n<p>Valce lopaty s\u00fa nevyhnutn\u00e9 na kopanie, nakladanie a premiest\u0148ovanie zeminy alebo sutiny v bagroch a r\u00fdpadlo-naklada\u010doch. V \u010deln\u00fdch naklada\u010doch pom\u00e1haj\u00fa efekt\u00edvne zdv\u00edha\u0165 a nakl\u00e1\u0148a\u0165 tovar.<\/p>\n<li>\n<h3>Po\u013enohospod\u00e1rske stroje<\/h3>\n<\/li>\n<p>Valce kor\u010dekov sa pou\u017e\u00edvaj\u00fa pre \u010deln\u00e9 naklada\u010de na zdv\u00edhanie, zdv\u00edhanie a prepravu p\u00f4dy, sena a in\u00fdch materi\u00e1lov.<\/p>\n<li>\n<h3>R\u00fdpadl\u00e1<\/h3>\n<\/li>\n<p>Valce kor\u010dekov umo\u017e\u0148uj\u00fa v\u00fdkop t\u00fdm, \u017ee umo\u017e\u0148uj\u00fa kor\u010deku prenikn\u00fa\u0165 do p\u00f4dy.<\/p>\n<li>\n<h3>Naklada\u010de<\/h3>\n<\/li>\n<p>Valce kor\u010dekov pom\u00e1haj\u00fa efekt\u00edvne zdv\u00edha\u0165 a nakl\u00e1\u0148a\u0165 tovar v \u010deln\u00fdch naklada\u010doch.<\/p>\n<\/ul>\n<h2>\u00davahy o dizajne a krit\u00e9ri\u00e1 v\u00fdberu<\/h2>\n<p>Pri v\u00fdbere valcov s kore\u010dkami by sa mali zv\u00e1\u017ei\u0165 r\u00f4zne faktory, ako je nosnos\u0165, tesnos\u0165, trvanlivos\u0165, bezpe\u010dnos\u0165 a \u00fadr\u017eba. Tu s\u00fa niektor\u00e9 kon\u0161truk\u010dn\u00e9 aspekty a krit\u00e9ri\u00e1 v\u00fdberu:<\/p>\n<ul>\n<li>\n<h3>Nosnos\u0165<\/h3>\n<\/li>\n<p>Valec vedra mus\u00ed by\u0165 schopn\u00fd odola\u0165 maxim\u00e1lnemu za\u0165a\u017eeniu, ktor\u00e9 m\u00f4\u017ee po\u010das prev\u00e1dzky vznikn\u00fa\u0165.<\/p>\n<li>\n<h3>Tesnenie<\/h3>\n<\/li>\n<p>Valec vedra by mal ma\u0165 dobr\u00e9 tesnenie, aby sa zabr\u00e1nilo \u00faniku oleja a zabezpe\u010dila sa plynul\u00e1 prev\u00e1dzka.<\/p>\n<li>\n<h3>Trvanlivos\u0165<\/h3>\n<\/li>\n<p>Valec vedra by mal by\u0165 vyroben\u00fd z vysoko kvalitn\u00fdch a odoln\u00fdch materi\u00e1lov, aby odolal n\u00e1ro\u010dn\u00e9mu pracovn\u00e9mu prostrediu a zabezpe\u010dil dlh\u00fa \u017eivotnos\u0165.<\/p>\n<li>\n<h3>Bezpe\u010dnos\u0165<\/h3>\n<\/li>\n<p>Valec s vedrom by mal ma\u0165 bezpe\u010dnostn\u00e9 prvky, ako s\u00fa poistn\u00e9 ventily a tlakomery, aby sa zabr\u00e1nilo pre\u0165a\u017eeniu a zabezpe\u010dila sa bezpe\u010dn\u00e1 prev\u00e1dzka.<\/p>\n<li>\n<h3>Udr\u017eiavate\u013enos\u0165<\/h3>\n<\/li>\n<p>Valec vedra by sa mal da\u0165 \u013eahko udr\u017eiava\u0165 a opravova\u0165 a n\u00e1hradn\u00e9 diely by mali by\u0165 \u013eahko dostupn\u00e9.<\/p>\n<\/ul>\n<p><img decoding=\"async\" src=\"https:\/\/www.hydraulic-cylinders.net\/wp-content\/uploads\/2025\/01\/songte-oil-pipes-and-spare-parts.webp\"><\/p>\n<h2>Tesnenie a mazanie<\/h2>\n<p>V valcoch ko\u0161\u00edkov by sa mali pou\u017e\u00edva\u0165 r\u00f4zne tesniace komponenty, ako s\u00fa piestne tesnenia a tesnenia ty\u010d\u00ed, aby sa zabr\u00e1nilo \u00faniku oleja a zabezpe\u010dila sa plynul\u00e1 prev\u00e1dzka. Tesnenia by mali by\u0165 vyroben\u00e9 z materi\u00e1lov odoln\u00fdch vo\u010di opotrebovaniu, ako je polyuret\u00e1n a nitrilov\u00fd kau\u010duk. Teleso valca a z\u00e1vitov\u00e9 konce by mali by\u0165 jemne opracovan\u00e9, aby sa zlep\u0161ila odolnos\u0165 vo\u010di opotrebovaniu. Valec ko\u0161\u00edka vy\u017eaduje pravideln\u00e9 mazanie hydraulick\u00fdm olejom, aby sa zabezpe\u010dila plynul\u00e1 prev\u00e1dzka. <\/p>\n<h2>\u00dadr\u017eba a opravy<\/h2>\n<p>Pravideln\u00e1 kontrola a prevent\u00edvna \u00fadr\u017eba m\u00f4\u017eu pom\u00f4c\u0165 predch\u00e1dza\u0165 potenci\u00e1lnym probl\u00e9mom a pred\u013a\u017ei\u0165 \u017eivotnos\u0165 valca vedra. Tu s\u00fa tri be\u017en\u00e9 \u00falohy \u00fadr\u017eby:<\/p>\n<ul>\n<li>Pravideln\u00e1 kontrola<\/li>\n<p>Pravidelne kontrolujte \u00faniky oleja, opotrebovanie a in\u00e9 probl\u00e9my.<\/p>\n<li>Vhodn\u00e9 mazanie<\/li>\n<p>Uistite sa, \u017ee valec ly\u017eice je spr\u00e1vne namazan\u00fd hydraulick\u00fdm olejom.<\/p>\n<li>V\u00fdmena tesnenia a kontrola kalibr\u00e1cie<\/li>\n<p>Pravidelne vymie\u0148ajte opotrebovan\u00e9 tesnenia a kontrolujte kalibr\u00e1ciu, aby ste zabezpe\u010dili optim\u00e1lny v\u00fdkon.<\/p>\n<\/ul>\n<p><img decoding=\"async\" src=\"https:\/\/www.hydraulic-cylinders.net\/wp-content\/uploads\/2025\/01\/songte-chushion-collar.webp\"><\/p>\n<h2>Bezpe\u010dnostn\u00e9 a environment\u00e1lne aspekty<\/h2>\n<p>Pri pou\u017e\u00edvan\u00ed valcov s kore\u010dkami by sa mali prija\u0165 bezpe\u010dnostn\u00e9 opatrenia, aby sa predi\u0161lo nehod\u00e1m. Je nevyhnutn\u00e9 dodr\u017eiava\u0165 bezpe\u010dnostn\u00e9 pokyny a pou\u017e\u00edva\u0165 vhodn\u00e9 osobn\u00e9 ochrann\u00e9 prostriedky. Mali by sa zoh\u013eadni\u0165 aj environment\u00e1lne aspekty, ako napr\u00edklad spr\u00e1vna likvid\u00e1cia hydraulick\u00e9ho oleja a in\u00e9ho odpadu.<\/p>\n<h2>Rie\u0161enie probl\u00e9mov a be\u017en\u00e9 probl\u00e9my<\/h2>\n<p>Tu s\u00fa niektor\u00e9 be\u017en\u00e9 probl\u00e9my, ktor\u00e9 sa m\u00f4\u017eu vyskytn\u00fa\u0165 pri pou\u017e\u00edvan\u00ed valcov s vedrovou hlav\u0148ou, a nieko\u013eko n\u00e1vrhov na rie\u0161enie probl\u00e9mov:<\/p>\n<ul>\n<li>\n<h3>\u00danik oleja<\/h3>\n<\/li>\n<p>Skontrolujte, \u010di nie s\u00fa po\u0161koden\u00e9 tesnenia, a v pr\u00edpade potreby ich vyme\u0148te.<\/p>\n<li>\n<h3>Pomal\u00e1 prev\u00e1dzka<\/h3>\n<\/li>\n<p>Skontrolujte, \u010di nie je dostatok hydraulick\u00e9ho oleja, a v pr\u00edpade potreby ho dopl\u0148te.<\/p>\n<li>\n<h3>Nadmern\u00fd hluk<\/h3>\n<\/li>\n<p>Skontrolujte, \u010di nie s\u00fa komponenty po\u0161koden\u00e9 alebo opotrebovan\u00e9, a v pr\u00edpade potreby ich vyme\u0148te.<\/p>\n<\/ul>\n<p><img decoding=\"async\" src=\"https:\/\/www.hydraulic-cylinders.net\/wp-content\/uploads\/2025\/01\/songte-bushings-with-all-kinds-of-excavator-models.webp\"><\/p>\n<h2>O na\u0161ej spolo\u010dnosti<\/h2>\n<p>Sme v\u00fdrobcom n\u00e1hradn\u00fdch hydraulick\u00fdch valcov s kompletn\u00fdm sortimentom produktov a stali sme sa jedn\u00fdm z popredn\u00fdch v\u00fdrobcov a ve\u013ekoobchodn\u00fdch distrib\u00fatorov hydraulick\u00fdch valcov na dom\u00e1com aj medzin\u00e1rodnom trhu. Dodr\u017eiavame princ\u00edp excelentnosti v kvalite a spoliehame sa na strat\u00e9gie riadenia priemyselnej v\u00fdroby v prec\u00edznych v\u00fdrobn\u00fdch diel\u0148ach. Na\u0161a spolo\u010dnos\u0165 neust\u00e1le zlep\u0161uje v\u00fdrobn\u00fa platformu dielne, zdokona\u013euje v\u00fdrobn\u00fa linku kvality produktov a m\u00e1 siln\u00fa tvoriv\u00fa kapacitu. Sp\u013a\u0148ame rozmanit\u00e9 potreby na\u0161ich z\u00e1kazn\u00edkov s vysokou efektivitou, vysokou presnos\u0165ou a vysok\u00fdmi \u0161tandardmi kvality.<\/p>\n<p><img decoding=\"async\" src=\"https:\/\/hzpt.com\/wp-content\/uploads\/2024\/11\/songte-company-1.webp\"><\/p>\n<h2>Na\u0161e slu\u017eby<\/h2>\n<ul>\n<li>\n<h3>Profesionalita<\/h3>\n<\/li>\n<p>M\u00e1me t\u00edm profesion\u00e1lnych in\u017einierov a technikov, ktor\u00ed dok\u00e1\u017eu poskytn\u00fa\u0165 rie\u0161enia na mieru pre va\u0161e potreby v oblasti hydraulick\u00fdch valcov.<\/p>\n<li>\n<h3>Medzin\u00e1rodn\u00e1 certifik\u00e1cia<\/h3>\n<\/li>\n<p>Z\u00edskali sme medzin\u00e1rodn\u00e9 certifik\u00e1ty ako ISO9001, CE a SGS, ktor\u00e9 zaru\u010duj\u00fa, \u017ee kvalita na\u0161ich v\u00fdrobkov sp\u013a\u0148a medzin\u00e1rodn\u00e9 \u0161tandardy.<\/p>\n<li>\n<h3>Slu\u017eby prisp\u00f4sobenia<\/h3>\n<\/li>\n<p>Pon\u00fakame slu\u017eby prisp\u00f4sobenia, aby sme splnili \u0161pecifick\u00e9 potreby na\u0161ich z\u00e1kazn\u00edkov.<\/p>\n<li>\n<h3>Pokro\u010dil\u00e9 v\u00fdrobn\u00e9 zariadenia<\/h3>\n<\/li>\n<p>Na zabezpe\u010denie kvality na\u0161ich produktov pou\u017e\u00edvame modern\u00e9 v\u00fdrobn\u00e9 zariadenia a testovacie syst\u00e9my.<\/p>\n<li>\n<h3>Popredajn\u00fd servis<\/h3>\n<\/li>\n<p>Poskytujeme popredajn\u00fd servis a technick\u00fa podporu, aby sme zabezpe\u010dili dlhodob\u00fd v\u00fdkon na\u0161ich produktov.<\/p>\n<\/ul>\n<p>Autor: lyl<\/p>","protected":false},"excerpt":{"rendered":"<p>Bucket Cylinder For Caterpillar Large Excavator E349DZ Introduction A bucket cylinder is a specially designed hydraulic cylinder that controls the movement of buckets in heavy machinery such as excavators, backhoe loaders, and front-end loaders. Its main function is to allow the bucket to lift, lower, and tilt, making it easier to handle various materials. In [&hellip;]<\/p>","protected":false},"featured_media":14778,"comment_status":"open","ping_status":"closed","template":"","meta":{"_et_pb_use_builder":"","_et_pb_old_content":"","_et_gb_content_width":""},"product_brand":[],"product_cat":[1494],"product_tag":[1495,1496],"class_list":{"0":"post-15244","1":"product","2":"type-product","3":"status-publish","4":"has-post-thumbnail","6":"product_cat-bucket-cylinders","7":"product_tag-bucket-cylinders","8":"product_tag-hydraulic-cylinders","10":"first","11":"instock","12":"shipping-taxable","13":"product-type-simple"},"amp_enabled":true,"_links":{"self":[{"href":"https:\/\/www.hydraulic-cylinders.net\/sk\/wp-json\/wp\/v2\/product\/15244","targetHints":{"allow":["GET"]}}],"collection":[{"href":"https:\/\/www.hydraulic-cylinders.net\/sk\/wp-json\/wp\/v2\/product"}],"about":[{"href":"https:\/\/www.hydraulic-cylinders.net\/sk\/wp-json\/wp\/v2\/types\/product"}],"replies":[{"embeddable":true,"href":"https:\/\/www.hydraulic-cylinders.net\/sk\/wp-json\/wp\/v2\/comments?post=15244"}],"wp:featuredmedia":[{"embeddable":true,"href":"https:\/\/www.hydraulic-cylinders.net\/sk\/wp-json\/wp\/v2\/media\/14778"}],"wp:attachment":[{"href":"https:\/\/www.hydraulic-cylinders.net\/sk\/wp-json\/wp\/v2\/media?parent=15244"}],"wp:term":[{"taxonomy":"product_brand","embeddable":true,"href":"https:\/\/www.hydraulic-cylinders.net\/sk\/wp-json\/wp\/v2\/product_brand?post=15244"},{"taxonomy":"product_cat","embeddable":true,"href":"https:\/\/www.hydraulic-cylinders.net\/sk\/wp-json\/wp\/v2\/product_cat?post=15244"},{"taxonomy":"product_tag","embeddable":true,"href":"https:\/\/www.hydraulic-cylinders.net\/sk\/wp-json\/wp\/v2\/product_tag?post=15244"}],"curies":[{"name":"pracovn\u00fd list","href":"https:\/\/api.w.org\/{rel}","templated":true}]}}