{"id":15246,"date":"2025-01-19T14:17:21","date_gmt":"2025-01-19T14:17:21","guid":{"rendered":"https:\/\/www.hydraulic-cylinders.net\/product\/bucket-cylinder-for-caterpillar-large-excavator-e390dl\/"},"modified":"2025-01-19T14:17:23","modified_gmt":"2025-01-19T14:17:23","slug":"bucket-cylinder-for-caterpillar-large-excavator-e390dl","status":"publish","type":"product","link":"https:\/\/www.hydraulic-cylinders.net\/sk\/produkt\/bucket-cylinder-for-caterpillar-large-excavator-e390dl\/","title":{"rendered":"Valec vedra pre ve\u013ek\u00e9 r\u00fdpadlo Caterpillar E390DL"},"content":{"rendered":"<h2>Valec vedra pre ve\u013ek\u00e9 r\u00fdpadlo Caterpillar E390DL<\/h2>\n<h3>\u00davod<\/h3>\n<p>Hydraulick\u00fd valec ly\u017eice pre ve\u013ek\u00e9 r\u00fdpadlo Caterpillar E390DL je \u0161pecializovan\u00fd hydraulick\u00fd valec ur\u010den\u00fd predov\u0161etk\u00fdm na ovl\u00e1danie pohybu ly\u017eice v \u0165a\u017ek\u00fdch strojoch, ako s\u00fa r\u00fdpadl\u00e1, r\u00fdpadlo-naklada\u010de a \u010deln\u00e9 naklada\u010de. Jeho hlavnou funkciou je umo\u017eni\u0165 zdv\u00edhanie, sp\u00fa\u0161\u0165anie a nakl\u00e1\u0148anie ly\u017eice, \u010do u\u013eah\u010duje vykon\u00e1vanie r\u00f4znych \u00faloh manipul\u00e1cie s materi\u00e1lom. V hydraulickom syst\u00e9me riadia valce ly\u017eice presn\u00e9 pohyby ly\u017eice prostredn\u00edctvom zmien tlaku hydraulick\u00e9ho oleja, \u010do umo\u017e\u0148uje obsluhe efekt\u00edvne manipulova\u0165 s \u0165a\u017ek\u00fdmi bremenami, prisp\u00f4sobova\u0165 sa zlo\u017eit\u00fdm pracovn\u00fdm prostrediam a r\u00f4znorod\u00fdm po\u017eiadavk\u00e1m na pr\u00e1cu.<\/p>\n<p><img decoding=\"async\" src=\"https:\/\/www.hydraulic-cylinders.net\/wp-content\/uploads\/2025\/01\/songte-company-2.webp\" alt=\"Valec vedra pre ve\u013ek\u00e9 r\u00fdpadlo Caterpillar E390DL\" \/><\/p>\n<h3>Funkcie<\/h3>\n<ul>\n<li>Vysok\u00e1 pevnos\u0165 a odolnos\u0165: Zvy\u010dajne je vyroben\u00fd z vysokopevnostnej ocele alebo hlin\u00edka, odol\u00e1 vysok\u00e9mu tlaku a \u0165a\u017ek\u00fdm za\u0165a\u017eeniam, prisp\u00f4sob\u00ed sa n\u00e1ro\u010dn\u00fdm pracovn\u00fdm podmienkam a je navrhnut\u00fd s oh\u013eadom na odolnos\u0165 vo\u010di opotrebovaniu a kor\u00f3zii, aby sa pred\u013a\u017eila jeho \u017eivotnos\u0165.<\/li>\n<li>Efekt\u00edvna hydraulick\u00e1 prev\u00e1dzka: V\u010faka vyu\u017eitiu tlaku hydraulick\u00e9ho oleja na dosiahnutie plynul\u00fdch pohybov vys\u00favania a s\u0165ahovania dok\u00e1\u017ee r\u00fdchlo reagova\u0165 na ovl\u00e1dacie povely, poskytova\u0165 siln\u00e9 tla\u010dn\u00e9 a \u0165a\u017en\u00e9 sily a je vhodn\u00fd na manipul\u00e1ciu s \u0165a\u017ek\u00fdmi bremenami a zlo\u017eit\u00fdmi pracovn\u00fdmi \u00falohami.<\/li>\n<li>R\u00f4zne typy: Jedno\u010dinn\u00e9 (hydraulicky ovl\u00e1dan\u00e9 iba v jednom smere) alebo dvoj\u010dinn\u00e9 (hydraulicky ovl\u00e1dan\u00e9 v dvoch smeroch) valce je mo\u017en\u00e9 zvoli\u0165 pod\u013ea po\u017eiadaviek, aby sa splnili r\u00f4zne prev\u00e1dzkov\u00e9 potreby. Niektor\u00e9 modely s\u00fa teleskopick\u00e9, \u010do umo\u017e\u0148uje v\u00e4\u010d\u0161ie vysunutie bez zv\u00e4\u010d\u0161enia vonkaj\u0161\u00edch rozmerov, v\u010faka \u010domu s\u00fa vhodn\u00e9 pre aplik\u00e1cie s obmedzen\u00fdm priestorom.<\/li>\n<li>Vysok\u00e1 kompatibilita: N\u00e1\u0161 produkt dok\u00e1\u017ee dokonale nahradi\u0165 tieto hydraulick\u00e9 valce<\/li>\n<li>Prisp\u00f4sobite\u013en\u00e9: Tento produkt vieme vyrobi\u0165 pod\u013ea va\u0161ich \u0161pecifik\u00e1ci\u00ed, aby sme splnili va\u0161e \u0161pecifick\u00e9 potreby.<\/li>\n<\/ul>\n<p><img decoding=\"async\" src=\"https:\/\/www.hydraulic-cylinders.net\/wp-content\/uploads\/2025\/01\/songte-cylinder-head-with-all-kinds-excavator-models.webp\" alt=\"Valec vedra pre ve\u013ek\u00e9 r\u00fdpadlo Caterpillar E390DL\" \/><\/p>\n<h3>Aplik\u00e1cie<\/h3>\n<p>Valce s kore\u010dkami sa \u0161iroko pou\u017e\u00edvaj\u00fa v r\u00f4znych \u0165a\u017ek\u00fdch strojoch, ako napr\u00edklad:<\/p>\n<ul>\n<li>Stavebn\u00e9 zariadenia: V bagroch s\u00fa k\u013e\u00fa\u010dov\u00e9 pre kopanie, nakladanie a premiest\u0148ovanie zeminy alebo sutiny. V r\u00fdpadlo-naklada\u010doch pom\u00e1haj\u00fa valce ko\u0161\u00edkov pri kopan\u00ed a zdv\u00edhan\u00ed.<\/li>\n<li>Po\u013enohospod\u00e1rske stroje: Pou\u017e\u00edvaj\u00fa sa v \u010deln\u00fdch naklada\u010doch na naberanie, zdv\u00edhanie a prepravu p\u00f4dy, sena a in\u00fdch materi\u00e1lov.<\/li>\n<li>R\u00fdpadl\u00e1: Valce s lopatou umo\u017e\u0148uj\u00fa v\u00fdkopov\u00e9 pr\u00e1ce t\u00fdm, \u017ee umo\u017e\u0148uj\u00fa lopate prenikn\u00fa\u0165 cez p\u00f4du.<\/li>\n<li>Naklada\u010de: \u010celn\u00e9 naklada\u010de \u00fa\u010dinne pom\u00e1haj\u00fa pri zdv\u00edhan\u00ed a vykladan\u00ed tovaru.<\/li>\n<\/ul>\n<h3>Krit\u00e9ri\u00e1 n\u00e1vrhu a v\u00fdberu<\/h3>\n<p>Pri navrhovan\u00ed a v\u00fdbere valcov s ko\u0161\u00edkom je potrebn\u00e9 zv\u00e1\u017ei\u0165 nieko\u013eko faktorov:<\/p>\n<ul>\n<li>Nosnos\u0165: Valce s ko\u0161\u00edkom by mali by\u0165 schopn\u00e9 unies\u0165 za\u0165a\u017eenie strojov, v ktor\u00fdch sa pou\u017e\u00edvaj\u00fa, a hmotnos\u0165 manipulovan\u00e9ho materi\u00e1lu.<\/li>\n<li>Tesnenie: Na zabezpe\u010denie \u00fa\u010dinn\u00e9ho utesnenia a zabr\u00e1nenie \u00faniku sa musia pou\u017ei\u0165 r\u00f4zne tesniace komponenty, ako s\u00fa tesnenia piestov, tesnenia ty\u010d\u00ed a stieracie tesnenia.<\/li>\n<li>Trvanlivos\u0165: Valce s ko\u0161\u00edkom musia by\u0165 navrhnut\u00e9 s oh\u013eadom na odolnos\u0165, aby sa zabezpe\u010dila ich odolnos\u0165 vo\u010di n\u00e1ro\u010dn\u00fdm pracovn\u00fdm podmienkam, dlhodob\u00e9mu pou\u017e\u00edvaniu a \u0165a\u017ek\u00fdm za\u0165a\u017eeniam.<\/li>\n<li>Bezpe\u010dnos\u0165: Valce s ko\u0161\u00edkom by mali by\u0165 navrhnut\u00e9 a vyroben\u00e9 tak, aby sp\u013a\u0148ali pr\u00edsne bezpe\u010dnostn\u00e9 normy, zabezpe\u010dovali bezpe\u010dn\u00fa prev\u00e1dzku a predch\u00e1dzali nehod\u00e1m.<\/li>\n<li>\u00dadr\u017eba: Valce s ko\u0161\u00edkom by mali by\u0165 navrhnut\u00e9 s oh\u013eadom na jednoduch\u00fa \u00fadr\u017ebu, aby sa dali \u013eahko rozobra\u0165, opravi\u0165 a v pr\u00edpade potreby vymeni\u0165 diely.<\/li>\n<\/ul>\n<p><img decoding=\"async\" src=\"https:\/\/www.hydraulic-cylinders.net\/wp-content\/uploads\/2025\/01\/songte-oil-pipes-and-spare-parts.webp\" alt=\"Valec vedra pre ve\u013ek\u00e9 r\u00fdpadlo Caterpillar E390DL\" \/><\/p>\n<h3>Tesnenie a mazanie<\/h3>\n<p>Pre zabezpe\u010denie spr\u00e1vnej funkcie vy\u017eaduj\u00fa valce kypri\u010da spr\u00e1vne tesnenie a mazanie. To zah\u0155\u0148a pou\u017eitie r\u00f4znych tesniacich komponentov, ako s\u00fa tesnenia piestov, tesnenia ty\u010d\u00ed a stiera\u010de vyroben\u00e9 z odoln\u00fdch materi\u00e1lov, ako je polyuret\u00e1n a nitrilov\u00fd kau\u010duk, ako aj presn\u00e9 spracovanie tela valca a z\u00e1vitov\u00fdch povrchov na zv\u00fd\u0161enie odolnosti proti opotrebovaniu. Na zabezpe\u010denie spr\u00e1vneho mazania je potrebn\u00e9 pravideln\u00e9 prid\u00e1vanie vhodn\u00e9ho mno\u017estva hydraulick\u00e9ho oleja.<\/p>\n<h3>\u00dadr\u017eba a opravy<\/h3>\n<p>Pravideln\u00e1 kontrola a prevent\u00edvna \u00fadr\u017eba s\u00fa k\u013e\u00fa\u010dov\u00e9 pre dlh\u00fa \u017eivotnos\u0165 valcov. Medzi be\u017en\u00e9 \u00falohy \u00fadr\u017eby patria:<\/p>\n<ul>\n<li>Pravideln\u00e1 kontrola: Skontrolujte valec, \u010di nevykazuje zn\u00e1mky po\u0161kodenia alebo opotrebenia, ako s\u00fa \u00faniky oleja, praskliny, prelia\u010diny alebo hrdza.<\/li>\n<li>Mazanie: Pravidelne nan\u00e1\u0161ajte vhodn\u00e9 mazivo na kritick\u00e9 povrchy.<\/li>\n<li>V\u00fdmena tesnenia: Vyme\u0148te v\u0161etky opotrebovan\u00e9 alebo po\u0161koden\u00e9 tesnenia, aby ste predi\u0161li \u00faniku oleja.<\/li>\n<li>Calibration check: Check the cylinder&#8217;s performance regularly to ensure it is functioning correctly.<\/li>\n<\/ul>\n<p><img decoding=\"async\" src=\"https:\/\/www.hydraulic-cylinders.net\/wp-content\/uploads\/2025\/01\/songte-chushion-collar.webp\" alt=\"Valec vedra pre ve\u013ek\u00e9 r\u00fdpadlo Caterpillar E390DL\" \/><\/p>\n<h3>Bezpe\u010dnostn\u00e9 aspekty a faktory prostredia<\/h3>\n<p>Valce s vedrom sa musia pou\u017e\u00edva\u0165 opatrne a s vhodn\u00fdmi bezpe\u010dnostn\u00fdmi pom\u00f4ckami, ako s\u00fa rukavice a pracovn\u00e1 obuv. Spr\u00e1vna likvid\u00e1cia hydraulick\u00e9ho oleja a in\u00e9ho odpadu je k\u013e\u00fa\u010dov\u00e1 pre bezpe\u010dnos\u0165 \u017eivotn\u00e9ho prostredia a mus\u00ed sa vykon\u00e1va\u0165 v s\u00falade s miestnymi predpismi.<\/p>\n<h3>Diagnostika por\u00fach a be\u017en\u00e9 probl\u00e9my<\/h3>\n<p>Medzi be\u017en\u00e9 probl\u00e9my, ktor\u00e9 m\u00f4\u017eu ovplyvni\u0165 v\u00fdkon valcov vedier, patria \u00faniky oleja, po\u0161kodenie piestu a opotrebovanie tesnenia. Na diagnostikovanie a rie\u0161enie t\u00fdchto probl\u00e9mov v\u00e1m m\u00f4\u017eu pom\u00f4c\u0165 nasleduj\u00face tipy:<\/p>\n<ul>\n<li>Pravidelne kontrolujte valec, \u010di nie je po\u0161koden\u00fd alebo opotrebovan\u00fd.<\/li>\n<li>Vyme\u0148te v\u0161etky opotrebovan\u00e9 alebo po\u0161koden\u00e9 tesnenia alebo komponenty.<\/li>\n<li>Skontrolujte a pod\u013ea potreby upravte kalibr\u00e1ciu.<\/li>\n<\/ul>\n<p><img decoding=\"async\" src=\"https:\/\/www.hydraulic-cylinders.net\/wp-content\/uploads\/2025\/01\/songte-bushings-with-all-kinds-of-excavator-models.webp\" alt=\"Valec vedra pre ve\u013ek\u00e9 r\u00fdpadlo Caterpillar E390DL\" \/><\/p>\n<h3>O na\u0161ej spolo\u010dnosti<\/h3>\n<p>Sme popredn\u00fdm v\u00fdrobcom a ve\u013ekoobchodn\u00fdm distrib\u00fatorom hydraulick\u00fdch valcov na dom\u00e1com aj medzin\u00e1rodnom trhu. Dodr\u017eiavame vynikaj\u00face \u0161tandardy kvality, spoliehame sa na strat\u00e9gie riadenia priemyselnej v\u00fdroby v prec\u00edzne spracovan\u00fdch v\u00fdrobn\u00fdch diel\u0148ach a neust\u00e1le zlep\u0161ujeme na\u0161u v\u00fdrobn\u00fa platformu a postupy zabezpe\u010dovania kvality produktov prostredn\u00edctvom vyu\u017e\u00edvania technick\u00fdch talentov, \u0161pi\u010dkov\u00fdch digit\u00e1lnych v\u00fdrobn\u00fdch zariaden\u00ed a profesion\u00e1lnych testovac\u00edch syst\u00e9mov. M\u00e1me siln\u00e9 inova\u010dn\u00e9 schopnosti a poskytujeme vysoko efekt\u00edvne, presn\u00e9 a kvalitn\u00e9 produkty a slu\u017eby, ktor\u00e9 uspokojuj\u00fa rozmanit\u00e9 potreby z\u00e1kazn\u00edkov.<\/p>\n<p><img decoding=\"async\" src=\"https:\/\/hzpt.com\/wp-content\/uploads\/2024\/11\/songte-company-1.webp\" alt=\"Valec vedra pre ve\u013ek\u00e9 r\u00fdpadlo Caterpillar E390DL\" \/><\/p>\n<h3>Pre\u010do si vybra\u0165 n\u00e1s?<\/h3>\n<ul>\n<li>Profesionalita: M\u00e1me t\u00edm sk\u00fasen\u00fdch odborn\u00edkov, ktor\u00ed s\u00fa expertmi v oblasti hydraulick\u00fdch valcov.<\/li>\n<li>Medzin\u00e1rodn\u00e1 certifik\u00e1cia: Z\u00edskali sme certifik\u00e1t ISO9001 a \u010fal\u0161ie medzin\u00e1rodn\u00e9 certifik\u00e1cie, ktor\u00e9 zaru\u010duj\u00fa kvalitu na\u0161ich v\u00fdrobkov.<\/li>\n<li>Slu\u017eby prisp\u00f4sobenia: M\u00f4\u017eeme poskytn\u00fa\u0165 produkty na mieru pod\u013ea va\u0161ich \u0161pecifik\u00e1ci\u00ed, aby sme splnili va\u0161e \u0161pecifick\u00e9 potreby.<\/li>\n<li>Pokro\u010dil\u00e9 v\u00fdrobn\u00e9 zariadenia: Spoliehame sa na pokro\u010dil\u00e9 v\u00fdrobn\u00e9 zariadenia, aby sme zabezpe\u010dili presnos\u0165 a kvalitu na\u0161ich produktov.<\/li>\n<li>Popredajn\u00fd servis: Na\u0161im z\u00e1kazn\u00edkom poskytujeme vynikaj\u00faci popredajn\u00fd servis vr\u00e1tane \u00fadr\u017eby, opr\u00e1v a rekon\u0161trukci\u00ed.<\/li>\n<\/ul>\n<p>Autor: lyl<\/p>","protected":false},"excerpt":{"rendered":"<p>Bucket Cylinder for Caterpillar Large Excavator E390DL Introduction A bucket cylinder for a Caterpillar large excavator E390DL is a specialized hydraulic cylinder designed primarily for controlling the movement of the bucket in heavy machinery such as excavators, backhoe loaders, and front-end loaders. Its main function is to enable the bucket to lift, lower, and tilt, [&hellip;]<\/p>","protected":false},"featured_media":14773,"comment_status":"open","ping_status":"closed","template":"","meta":{"_et_pb_use_builder":"","_et_pb_old_content":"","_et_gb_content_width":""},"product_brand":[],"product_cat":[1494],"product_tag":[1495,1496],"class_list":{"0":"post-15246","1":"product","2":"type-product","3":"status-publish","4":"has-post-thumbnail","6":"product_cat-bucket-cylinders","7":"product_tag-bucket-cylinders","8":"product_tag-hydraulic-cylinders","10":"first","11":"instock","12":"shipping-taxable","13":"product-type-simple"},"amp_enabled":true,"_links":{"self":[{"href":"https:\/\/www.hydraulic-cylinders.net\/sk\/wp-json\/wp\/v2\/product\/15246","targetHints":{"allow":["GET"]}}],"collection":[{"href":"https:\/\/www.hydraulic-cylinders.net\/sk\/wp-json\/wp\/v2\/product"}],"about":[{"href":"https:\/\/www.hydraulic-cylinders.net\/sk\/wp-json\/wp\/v2\/types\/product"}],"replies":[{"embeddable":true,"href":"https:\/\/www.hydraulic-cylinders.net\/sk\/wp-json\/wp\/v2\/comments?post=15246"}],"wp:featuredmedia":[{"embeddable":true,"href":"https:\/\/www.hydraulic-cylinders.net\/sk\/wp-json\/wp\/v2\/media\/14773"}],"wp:attachment":[{"href":"https:\/\/www.hydraulic-cylinders.net\/sk\/wp-json\/wp\/v2\/media?parent=15246"}],"wp:term":[{"taxonomy":"product_brand","embeddable":true,"href":"https:\/\/www.hydraulic-cylinders.net\/sk\/wp-json\/wp\/v2\/product_brand?post=15246"},{"taxonomy":"product_cat","embeddable":true,"href":"https:\/\/www.hydraulic-cylinders.net\/sk\/wp-json\/wp\/v2\/product_cat?post=15246"},{"taxonomy":"product_tag","embeddable":true,"href":"https:\/\/www.hydraulic-cylinders.net\/sk\/wp-json\/wp\/v2\/product_tag?post=15246"}],"curies":[{"name":"pracovn\u00fd list","href":"https:\/\/api.w.org\/{rel}","templated":true}]}}