{"id":15255,"date":"2025-01-19T14:18:02","date_gmt":"2025-01-19T14:18:02","guid":{"rendered":"https:\/\/www.hydraulic-cylinders.net\/product\/bucket-cylinder-for-caterpillar-large-excavator-e330d-330l\/"},"modified":"2025-01-19T14:18:04","modified_gmt":"2025-01-19T14:18:04","slug":"bucket-cylinder-for-caterpillar-large-excavator-e330d-330l","status":"publish","type":"product","link":"https:\/\/www.hydraulic-cylinders.net\/sk\/produkt\/bucket-cylinder-for-caterpillar-large-excavator-e330d-330l\/","title":{"rendered":"Valec vedra pre ve\u013ek\u00e9 r\u00fdpadlo Caterpillar E330D\/330L"},"content":{"rendered":"<h1>Valec vedra pre ve\u013ek\u00e9 r\u00fdpadlo Caterpillar E330D\/330L<\/h1>\n<h2>\u00davod<\/h2>\n<p>Hydraulick\u00fd valec ly\u017eice pre ve\u013ek\u00e9 r\u00fdpadl\u00e1 Caterpillar E330D\/330L je \u0161peci\u00e1lne navrhnut\u00fd hydraulick\u00fd valec, ktor\u00fd sa pou\u017e\u00edva hlavne na ovl\u00e1danie pohybu ly\u017eice v \u0165a\u017ek\u00fdch strojoch, ako s\u00fa r\u00fdpadl\u00e1, r\u00fdpadl\u00e1-naklada\u010de a \u010deln\u00e9 naklada\u010de. Jeho hlavnou funkciou je umo\u017eni\u0165 zdv\u00edhanie, sp\u00fa\u0161\u0165anie a nakl\u00e1\u0148anie ly\u017eice, \u010do u\u013eah\u010duje vykon\u00e1vanie r\u00f4znych \u00faloh manipul\u00e1cie s materi\u00e1lom. V hydraulickom syst\u00e9me valec ly\u017eice riadi presn\u00fd pohyb ly\u017eice prostredn\u00edctvom zmien tlaku hydraulick\u00e9ho oleja, \u010do umo\u017e\u0148uje obsluhe efekt\u00edvne manipulova\u0165 s \u0165a\u017ek\u00fdmi bremenami a prisp\u00f4sobova\u0165 sa zlo\u017eit\u00fdm pracovn\u00fdm prostrediam a r\u00f4znym prev\u00e1dzkov\u00fdm po\u017eiadavk\u00e1m.<\/p>\n<p><img decoding=\"async\" src=\"https:\/\/www.hydraulic-cylinders.net\/wp-content\/uploads\/2025\/01\/songte-company-2.webp\" \/><\/p>\n<h2>Funkcie<\/h2>\n<ul>\n<li>\n<h3>Vysok\u00e1 pevnos\u0165 a odolnos\u0165<\/h3>\n<p>Valec vedra je zvy\u010dajne vyroben\u00fd z vysokopevnostnej ocele alebo hlin\u00edka, ktor\u00fd odol\u00e1 vysok\u00e9mu tlaku a \u0165a\u017ek\u00fdm za\u0165a\u017eeniam, prisp\u00f4sob\u00ed sa n\u00e1ro\u010dn\u00fdm pracovn\u00fdm podmienkam a je navrhnut\u00fd tak, aby odol\u00e1val opotrebovaniu a kor\u00f3zii, \u010d\u00edm sa predl\u017euje jeho \u017eivotnos\u0165.<\/p>\n<\/li>\n<li>\n<h3>Efekt\u00edvna hydraulick\u00e1 prev\u00e1dzka<\/h3>\n<p>Valec kor\u010deka vyu\u017e\u00edva tlak hydraulick\u00e9ho oleja na dosiahnutie plynul\u00e9ho vys\u00favania a s\u0165ahovania, dok\u00e1\u017ee r\u00fdchlo reagova\u0165 na ovl\u00e1dacie povely, poskytuje siln\u00e9 tla\u010dn\u00e9 a \u0165a\u017en\u00e9 sily a je vhodn\u00fd na manipul\u00e1ciu s \u0165a\u017ek\u00fdmi bremenami a zlo\u017eit\u00e9 prev\u00e1dzkov\u00e9 \u00falohy.<\/p>\n<\/li>\n<li>\n<h3>R\u00f4zne typy<\/h3>\n<p>Valec kor\u010deka je mo\u017en\u00e9 zvoli\u0165 ako jedno\u010dinn\u00fd (hydraulick\u00fd pohon sa pou\u017e\u00edva iba v jednom smere) alebo dvoj\u010dinn\u00fd (hydraulick\u00fd pohon sa pou\u017e\u00edva v oboch smeroch) pod\u013ea potrieb a po\u017eiadaviek na splnenie r\u00f4znych prev\u00e1dzkov\u00fdch po\u017eiadaviek. Niektor\u00e9 modely s\u00fa teleskopick\u00e9, \u010do umo\u017e\u0148uje v\u00e4\u010d\u0161ie vysunutie bez zv\u00e4\u010d\u0161enia vonkaj\u0161\u00edch rozmerov, vhodn\u00e9 pre aplik\u00e1cie s obmedzen\u00fdm priestorom.<\/p>\n<\/li>\n<li>\n<h3>Dokonal\u00e1 n\u00e1hrada<\/h3>\n<p>Na\u0161e produkty dok\u00e1\u017eu dokonale nahradi\u0165 tieto hydraulick\u00e9 valce. Pon\u00fakame r\u00f4zne typy a modely valcov s ko\u0161\u00edkom a vieme ich prisp\u00f4sobi\u0165 po\u017eiadavk\u00e1m z\u00e1kazn\u00edkov.<\/p>\n<\/li>\n<li>\n<h3>\u0160irok\u00e9 uplatnenie<\/h3>\n<p>Valec vedra sa \u0161iroko pou\u017e\u00edva v r\u00f4znych stavebn\u00fdch strojoch, ako s\u00fa r\u00fdpadl\u00e1, r\u00fdpadl\u00e1-naklada\u010de, \u010deln\u00e9 naklada\u010de a po\u013enohospod\u00e1rske stroje, ako s\u00fa naklada\u010de, r\u00fdpadl\u00e1 at\u010f. Pou\u017e\u00edva sa aj v in\u00fdch zariadeniach na manipul\u00e1ciu s materi\u00e1lom, ako s\u00fa vysokozdvi\u017en\u00e9 voz\u00edky.<\/p>\n<\/li>\n<\/ul>\n<h2>\u00davahy o dizajne a krit\u00e9ri\u00e1 v\u00fdberu<\/h2>\n<ul>\n<li>\n<h3>Nosnos\u0165<\/h3>\n<p>Valec s vedro mus\u00ed by\u0165 schopn\u00fd odola\u0165 za\u0165a\u017eeniu a tlaku manipulovan\u00e9ho materi\u00e1lu a nosnos\u0165 valca by sa mala ur\u010di\u0165 pod\u013ea \u0161pecifick\u00fdch prev\u00e1dzkov\u00fdch po\u017eiadaviek.<\/p>\n<\/li>\n<li>\n<h3>Tesniaci v\u00fdkon<\/h3>\n<p>Valec kor\u010deka pou\u017e\u00edva r\u00f4zne tesniace prvky, ako s\u00fa tesnenia piestov a tesnenia ty\u010d\u00ed, vyroben\u00e9 z materi\u00e1lov odoln\u00fdch vo\u010di opotrebovaniu, ako je polyuret\u00e1n a nitrilov\u00fd kau\u010duk, aby sa zabezpe\u010dil dobr\u00fd tesniaci v\u00fdkon a zabr\u00e1nilo sa \u00faniku oleja. Teleso valca a povrch z\u00e1vitov\u00e9ho konca s\u00fa jemne opracovan\u00e9 pre zlep\u0161enie odolnosti vo\u010di opotrebovaniu.<\/p>\n<\/li>\n<li>\n<h3>Trvanlivos\u0165<\/h3>\n<p>Valec s vedrom by mal by\u0165 vyroben\u00fd z vysoko kvalitn\u00fdch materi\u00e1lov a v\u00fdber materi\u00e1lov a v\u00fdrobn\u00fdch procesov by mal zabezpe\u010di\u0165 dobr\u00fa odolnos\u0165 a pred\u013a\u017ei\u0165 \u017eivotnos\u0165 valca.<\/p>\n<\/li>\n<li>\n<h3>Bezpe\u010dnos\u0165<\/h3>\n<p>Valec s vedrom by mal by\u0165 navrhnut\u00fd a vyroben\u00fd s oh\u013eadom na bezpe\u010dnos\u0165 a jeho bezpe\u010dnostn\u00e9 vlastnosti by mali sp\u013a\u0148a\u0165 pr\u00edslu\u0161n\u00e9 n\u00e1rodn\u00e9 a medzin\u00e1rodn\u00e9 normy.<\/p>\n<\/li>\n<li>\n<h3>\u00dadr\u017eba<\/h3>\n<p>Valec s vedrom by sa mal da\u0165 \u013eahko udr\u017eiava\u0165 a opravova\u0165 a jeho komponenty by sa mali da\u0165 \u013eahko rozobra\u0165 a vymeni\u0165. Pravideln\u00e1 kontrola a \u00fadr\u017eba by sa mali vykon\u00e1va\u0165, aby sa zabezpe\u010dilo, \u017ee valec je v dobrom prev\u00e1dzkovom stave.<\/p>\n<\/li>\n<\/ul>\n<p><img decoding=\"async\" src=\"https:\/\/www.hydraulic-cylinders.net\/wp-content\/uploads\/2025\/01\/songte-oil-pipes-and-spare-parts.webp\" \/><\/p>\n<h2>In\u0161tal\u00e1cia a \u00fadr\u017eba<\/h2>\n<p>Spr\u00e1vna in\u0161tal\u00e1cia a \u00fadr\u017eba valca vedra m\u00f4\u017ee pom\u00f4c\u0165 zabezpe\u010di\u0165 jeho dlhodob\u00fa a spo\u013eahliv\u00fa prev\u00e1dzku. Nasleduj\u00fa be\u017en\u00e9 \u00falohy \u00fadr\u017eby:<\/p>\n<h3>Pravideln\u00e1 kontrola<\/h3>\n<p>Pravideln\u00e1 kontrola valca vedra m\u00f4\u017ee pom\u00f4c\u0165 odhali\u0165 potenci\u00e1lne probl\u00e9my a predch\u00e1dza\u0165 poruch\u00e1m. Zah\u0155\u0148a kontrolu hladiny hydraulick\u00e9ho oleja, kontrolu tesnen\u00ed a tesnen\u00ed, \u010di nie s\u00fa opotrebovan\u00e9 a po\u0161koden\u00e9, a kontrolu valca, \u010di nie je prasknut\u00fd alebo in\u00fd po\u0161koden\u00fd.<\/p>\n<h3>Mazanie<\/h3>\n<p>Valec ly\u017eice vy\u017eaduje pravideln\u00e9 mazanie, aby sa zabezpe\u010dila hladk\u00e1 a efekt\u00edvna prev\u00e1dzka. Vhodn\u00fd hydraulick\u00fd olej by sa mal vybra\u0165 a doplni\u0165 pod\u013ea odpor\u00fa\u010dan\u00ed v\u00fdrobcu.<\/p>\n<h3>V\u00fdmena tesnenia a kontrola kalibr\u00e1cie<\/h3>\n<p>Tesnenia valca vedra by sa mali pravidelne vymie\u0148a\u0165, aby sa zabr\u00e1nilo \u00faniku oleja. Okrem toho by sa mali vykon\u00e1va\u0165 kalibra\u010dn\u00e9 kontroly, aby sa zabezpe\u010dilo, \u017ee valec funguje spr\u00e1vne.<\/p>\n<h2>Bezpe\u010dnostn\u00e9 aspekty a faktory prostredia<\/h2>\n<p>Pri pou\u017e\u00edvan\u00ed valca s vedrom je d\u00f4le\u017eit\u00e9 dodr\u017eiava\u0165 bezpe\u010dnostn\u00e9 opatrenia, aby sa predi\u0161lo nehod\u00e1m. Medzi be\u017en\u00e9 bezpe\u010dnostn\u00e9 opatrenia patr\u00ed nosenie ochrann\u00e9ho odevu a vybavenia, dodr\u017eiavanie prev\u00e1dzkov\u00fdch a \u00fadr\u017eb\u00e1rskych postupov a pou\u017e\u00edvanie vhodn\u00e9ho pr\u00edslu\u0161enstva a nadstavcov.<\/p>\n<p><img decoding=\"async\" src=\"https:\/\/www.hydraulic-cylinders.net\/wp-content\/uploads\/2025\/01\/songte-bushings-with-all-kinds-of-excavator-models.webp\" \/><\/p>\n<h2>Rie\u0161enie probl\u00e9mov a be\u017en\u00e9 probl\u00e9my<\/h2>\n<p>Po\u010das prev\u00e1dzky sa m\u00f4\u017ee vyskytn\u00fa\u0165 mno\u017estvo probl\u00e9mov s valcom vedra, ako je \u00fanik oleja, nedostato\u010dn\u00e1 sila a abnorm\u00e1lny hluk. Na diagnostiku a vyrie\u0161enie t\u00fdchto probl\u00e9mov je potrebn\u00e9 identifikova\u0165 pr\u00ed\u010dinu a prija\u0165 vhodn\u00e9 opatrenia. Medzi be\u017en\u00e9 rie\u0161enia patr\u00ed nastavenie hydraulick\u00e9ho tlaku, v\u00fdmena tesnen\u00ed a oprava alebo v\u00fdmena po\u0161koden\u00fdch dielov.<\/p>\n<h2>O na\u0161ej spolo\u010dnosti<\/h2>\n<p>Sme v\u00fdrobcom hydraulick\u00fdch valcov a popredn\u00fdm v\u00fdrobcom a ve\u013ekoobchodn\u00edkom hydraulick\u00fdch valcov na dom\u00e1com aj medzin\u00e1rodnom trhu. Dodr\u017eiavame z\u00e1sadu vynikaj\u00facej kvality a spoliehame sa na industrializovan\u00fa strat\u00e9giu riadenia v\u00fdroby v r\u00e1mci jemn\u00fdch v\u00fdrobn\u00fdch dieln\u00ed. Na\u0161a spolo\u010dnos\u0165 neust\u00e1le zlep\u0161uje v\u00fdrobn\u00fa platformu dielne, zlep\u0161uje kvalitu v\u00fdrobnej linky produktov a m\u00e1 siln\u00fa kreativitu, vysok\u00fa efektivitu, vysok\u00fa presnos\u0165 a vysoko kvalitn\u00e9 produkty, aby sp\u013a\u0148ala rozmanit\u00e9 potreby z\u00e1kazn\u00edkov.<\/p>\n<ul>\n<li>\n<h3>Profesionalita<\/h3>\n<p>Na\u0161a spolo\u010dnos\u0165 m\u00e1 profesion\u00e1lny t\u00edm in\u017einierov a technikov s bohat\u00fdmi sk\u00fasenos\u0165ami v oblasti n\u00e1vrhu a v\u00fdroby hydraulick\u00fdch valcov. Z\u00e1kazn\u00edkom dok\u00e1\u017eu poskytn\u00fa\u0165 rie\u0161enia na mieru a technick\u00fa podporu.<\/p>\n<\/li>\n<li>\n<h3>Medzin\u00e1rodn\u00e1 certifik\u00e1cia<\/h3>\n<p>Produkty na\u0161ej spolo\u010dnosti z\u00edskali r\u00f4zne medzin\u00e1rodn\u00e9 certifik\u00e1cie, ako napr\u00edklad CE, ISO a SGS, ktor\u00e9 zabezpe\u010duj\u00fa, \u017ee na\u0161e produkty sp\u013a\u0148aj\u00fa medzin\u00e1rodn\u00e9 normy a po\u017eiadavky z\u00e1kazn\u00edkov.<\/p>\n<\/li>\n<li>\n<h3>Slu\u017eba prisp\u00f4sobenia<\/h3>\n<p>Na\u0161a spolo\u010dnos\u0165 dok\u00e1\u017ee prisp\u00f4sobi\u0165 hydraulick\u00e9 valce pod\u013ea po\u017eiadaviek z\u00e1kazn\u00edkov, ako s\u00fa rozmery, tlak a materi\u00e1l.<\/p>\n<\/li>\n<li>\n<h3>V\u00fdrobn\u00e9 zariadenia<\/h3>\n<p>Na\u0161a spolo\u010dnos\u0165 m\u00e1 modern\u00e9 v\u00fdrobn\u00e9 zariadenia, ako s\u00fa CNC obr\u00e1bacie centr\u00e1, zv\u00e1racie roboty a testovacie zariadenia, ktor\u00e9 zabezpe\u010duj\u00fa vysok\u00fa kvalitu a presnos\u0165 na\u0161ich v\u00fdrobkov.<\/p>\n<\/li>\n<li>\n<h3>Popredajn\u00fd servis<\/h3>\n<p>Na\u0161a spolo\u010dnos\u0165 poskytuje z\u00e1kazn\u00edkom komplexn\u00fd popredajn\u00fd servis, ako je technick\u00e1 podpora, \u00fadr\u017eba produktov a opravy, aby z\u00e1kazn\u00edci mohli na\u0161e produkty pou\u017e\u00edva\u0165 s d\u00f4verou.<\/p>\n<\/li>\n<\/ul>\n<p><img decoding=\"async\" src=\"https:\/\/hzpt.com\/wp-content\/uploads\/2024\/11\/songte-company-1.webp\" \/><\/p>\n<p>Autor: lyl<\/p>","protected":false},"excerpt":{"rendered":"<p>Bucket Cylinder For Caterpillar Large Excavator E330D\/330L Introduction The bucket cylinder for Caterpillar large excavator E330D\/330L is a specially designed hydraulic cylinder that is mainly used to control the movement of the bucket in heavy machinery such as excavators, backhoes, and front-end loaders. Its main function is to allow the bucket to lift, lower, and [&hellip;]<\/p>","protected":false},"featured_media":14785,"comment_status":"open","ping_status":"closed","template":"","meta":{"_et_pb_use_builder":"","_et_pb_old_content":"","_et_gb_content_width":""},"product_brand":[],"product_cat":[1494],"product_tag":[1495,1496],"class_list":{"0":"post-15255","1":"product","2":"type-product","3":"status-publish","4":"has-post-thumbnail","6":"product_cat-bucket-cylinders","7":"product_tag-bucket-cylinders","8":"product_tag-hydraulic-cylinders","10":"first","11":"instock","12":"shipping-taxable","13":"product-type-simple"},"amp_enabled":true,"_links":{"self":[{"href":"https:\/\/www.hydraulic-cylinders.net\/sk\/wp-json\/wp\/v2\/product\/15255","targetHints":{"allow":["GET"]}}],"collection":[{"href":"https:\/\/www.hydraulic-cylinders.net\/sk\/wp-json\/wp\/v2\/product"}],"about":[{"href":"https:\/\/www.hydraulic-cylinders.net\/sk\/wp-json\/wp\/v2\/types\/product"}],"replies":[{"embeddable":true,"href":"https:\/\/www.hydraulic-cylinders.net\/sk\/wp-json\/wp\/v2\/comments?post=15255"}],"wp:featuredmedia":[{"embeddable":true,"href":"https:\/\/www.hydraulic-cylinders.net\/sk\/wp-json\/wp\/v2\/media\/14785"}],"wp:attachment":[{"href":"https:\/\/www.hydraulic-cylinders.net\/sk\/wp-json\/wp\/v2\/media?parent=15255"}],"wp:term":[{"taxonomy":"product_brand","embeddable":true,"href":"https:\/\/www.hydraulic-cylinders.net\/sk\/wp-json\/wp\/v2\/product_brand?post=15255"},{"taxonomy":"product_cat","embeddable":true,"href":"https:\/\/www.hydraulic-cylinders.net\/sk\/wp-json\/wp\/v2\/product_cat?post=15255"},{"taxonomy":"product_tag","embeddable":true,"href":"https:\/\/www.hydraulic-cylinders.net\/sk\/wp-json\/wp\/v2\/product_tag?post=15255"}],"curies":[{"name":"pracovn\u00fd list","href":"https:\/\/api.w.org\/{rel}","templated":true}]}}