{"id":15269,"date":"2025-01-19T14:19:04","date_gmt":"2025-01-19T14:19:04","guid":{"rendered":"https:\/\/www.hydraulic-cylinders.net\/product\/bucket-cylinder-for-doosan-small-excavator-dh150-7\/"},"modified":"2025-01-19T14:19:06","modified_gmt":"2025-01-19T14:19:06","slug":"bucket-cylinder-for-doosan-small-excavator-dh150-7","status":"publish","type":"product","link":"https:\/\/www.hydraulic-cylinders.net\/sk\/produkt\/bucket-cylinder-for-doosan-small-excavator-dh150-7\/","title":{"rendered":"Valec vedra pre mal\u00e9 r\u00fdpadlo Doosan DH150-7"},"content":{"rendered":"<h1>Valec vedra pre mal\u00e9 r\u00fdpadlo Doosan DH150-7<\/h1>\n<h2>\u00davod<\/h2>\n<p>Hydraulick\u00fd valec ly\u017eice je \u0161peci\u00e1lne navrhnut\u00fd hydraulick\u00fd valec, ktor\u00fd sa pou\u017e\u00edva predov\u0161etk\u00fdm na ovl\u00e1danie pohybu ly\u017e\u00edc v \u0165a\u017ek\u00fdch strojoch, ako s\u00fa bagre, r\u00fdpadl\u00e1-naklada\u010de a \u010deln\u00e9 naklada\u010de. Jeho hlavnou funkciou je umo\u017eni\u0165 ly\u017eici zdv\u00edha\u0165, sp\u00fa\u0161\u0165a\u0165 a nakl\u00e1\u0148a\u0165, \u010do u\u013eah\u010duje vykon\u00e1vanie r\u00f4znych \u00faloh manipul\u00e1cie s materi\u00e1lom. V hydraulickom syst\u00e9me riadi valec ly\u017eice presn\u00fd pohyb ly\u017eice prostredn\u00edctvom zmien tlaku hydraulick\u00e9ho oleja, \u010do umo\u017e\u0148uje obsluhe efekt\u00edvne manipulova\u0165 s \u0165a\u017ek\u00fdmi bremenami a prisp\u00f4sobova\u0165 sa zlo\u017eit\u00fdm pracovn\u00fdm prostrediam a r\u00f4znorod\u00fdm po\u017eiadavk\u00e1m na pr\u00e1cu.<\/p>\n<p><img decoding=\"async\" src=\"https:\/\/www.hydraulic-cylinders.net\/wp-content\/uploads\/2025\/01\/songte-company-2.webp\"><\/p>\n<h2>Funkcie<\/h2>\n<ul>\n<li>Vysok\u00e1 pevnos\u0165 a odolnos\u0165: Zvy\u010dajne je vyroben\u00fd z vysokopevnostnej ocele alebo hlin\u00edka, je schopn\u00fd odol\u00e1va\u0165 vysok\u00e9mu tlaku a \u0165a\u017ek\u00fdm za\u0165a\u017eeniam, \u010d\u00edm sa prisp\u00f4sobuje n\u00e1ro\u010dn\u00fdm pracovn\u00fdm podmienkam. Jeho kon\u0161trukcia zoh\u013ead\u0148uje odolnos\u0165 vo\u010di opotrebovaniu a kor\u00f3zii, \u010d\u00edm sa predl\u017euje jeho \u017eivotnos\u0165.<\/li>\n<li>Efekt\u00edvna hydraulick\u00e1 prev\u00e1dzka: Vyu\u017e\u00edva tlak hydraulick\u00e9ho oleja na dosiahnutie plynul\u00e9ho teleskopick\u00e9ho pohybu, dok\u00e1\u017ee r\u00fdchlo reagova\u0165 na ovl\u00e1dacie povely, poskytuje siln\u00fa \u0165a\u017en\u00fa silu a je vhodn\u00fd na manipul\u00e1ciu s \u0165a\u017ek\u00fdmi predmetmi a zlo\u017eit\u00e9 \u00falohy.<\/li>\n<li>R\u00f4zne typy: Jedno\u010dinn\u00e9 (hydraulicky ovl\u00e1dan\u00e9 iba v jednom smere) alebo dvoj\u010dinn\u00e9 (hydraulicky ovl\u00e1dan\u00e9 v oboch smeroch) valce je mo\u017en\u00e9 vybra\u0165 pod\u013ea po\u017eiadaviek, aby sa splnili r\u00f4zne prev\u00e1dzkov\u00e9 potreby. Niektor\u00e9 modely s\u00fa teleskopick\u00e9, \u010do umo\u017e\u0148uje v\u00e4\u010d\u0161ie vysunutie bez zv\u00e4\u010d\u0161enia vonkaj\u0161\u00edch rozmerov, vhodn\u00e9 pre aplik\u00e1cie v obmedzenom priestore.<\/li>\n<li>Jednoduch\u00e1 in\u0161tal\u00e1cia: D\u00e1 sa \u013eahko nain\u0161talova\u0165 a je vhodn\u00fd pre r\u00f4zne typy strojov.<\/li>\n<li>Prisp\u00f4sobite\u013en\u00e9: Mo\u017eno prisp\u00f4sobi\u0165 individu\u00e1lnym potreb\u00e1m z\u00e1kazn\u00edka a poskytn\u00fa\u0165 rie\u0161enia \u0161it\u00e9 na mieru pre r\u00f4zne aplik\u00e1cie.<\/li>\n<\/ul>\n<p><img decoding=\"async\" src=\"https:\/\/www.hydraulic-cylinders.net\/wp-content\/uploads\/2025\/01\/songte-cylinder-head-with-all-kinds-excavator-models.webp\"><\/p>\n<h2>Aplik\u00e1cie<\/h2>\n<p>Valce s kol\u00edkmi sa \u0161iroko pou\u017e\u00edvaj\u00fa v r\u00f4znych odvetviach, ako je stavebn\u00edctvo, po\u013enohospod\u00e1rstvo a ban\u00edctvo.<\/p>\n<h3>Stavebn\u00e9 stroje<\/h3>\n<ul>\n<li>V bagroch s\u00fa k\u013e\u00fa\u010dov\u00e9 pre kopanie, nakladanie a premiest\u0148ovanie zeminy alebo sutiny. <\/li>\n<li>V r\u00fdpadl\u00e1ch-r\u00fdpadl\u00e1ch pom\u00e1haj\u00fa valce ko\u0161\u00edkov pri kopan\u00ed aj zdv\u00edhan\u00ed.<\/li>\n<li>V \u010deln\u00fdch naklada\u010doch pom\u00e1haj\u00fa efekt\u00edvne zdv\u00edha\u0165 a vyklada\u0165 n\u00e1klad.<\/li>\n<\/ul>\n<h3>Po\u013enohospod\u00e1rske stroje<\/h3>\n<ul>\n<li>Pou\u017e\u00edva sa v \u010deln\u00fdch naklada\u010doch na naberanie, zdv\u00edhanie a prepravu p\u00f4dy, sena a in\u00fdch materi\u00e1lov.<\/li>\n<\/ul>\n<h3>\u0164a\u017eobn\u00e9 stroje<\/h3>\n<ul>\n<li>V r\u00fdpadl\u00e1ch umo\u017e\u0148uj\u00fa valce ko\u0161\u00edkov v\u00fdkopov\u00e9 pr\u00e1ce t\u00fdm, \u017ee umo\u017e\u0148uj\u00fa ko\u0161\u00edku prenikn\u00fa\u0165 do p\u00f4dy.<\/li>\n<\/ul>\n<h2>\u00davahy o dizajne a krit\u00e9ri\u00e1 v\u00fdberu<\/h2>\n<ul>\n<li>\u00danosnos\u0165: Schopnos\u0165 valca unies\u0165 za\u0165a\u017eenie bez deform\u00e1cie alebo poruchy.<\/li>\n<li>Tesnenie: Na zabezpe\u010denie bez\u00fate\u0161nej prev\u00e1dzky pou\u017eite r\u00f4zne tesniace prvky, ako s\u00fa tesnenia piestov, tesnenia ty\u010d\u00ed at\u010f.<\/li>\n<li>Trvanlivos\u0165: Valec by mal by\u0165 schopn\u00fd odol\u00e1va\u0165 drsn\u00e9mu prostrediu a vysok\u00e9mu za\u0165a\u017eeniu po\u010das dlh\u00e9ho obdobia.<\/li>\n<li>Bezpe\u010dnos\u0165: Aby sa zabr\u00e1nilo pre\u0165a\u017eeniu a zabezpe\u010dila sa bezpe\u010dn\u00e1 prev\u00e1dzka, mali by sa nain\u0161talova\u0165 bezpe\u010dnostn\u00e9 prvky, ako s\u00fa koncov\u00e9 sp\u00edna\u010de a poistn\u00e9 ventily.<\/li>\n<li>\u00dadr\u017eba: Valec by mal by\u0165 navrhnut\u00fd pre jednoduch\u00fa \u00fadr\u017ebu a opravu.<\/li>\n<\/ul>\n<p><img decoding=\"async\" src=\"https:\/\/www.hydraulic-cylinders.net\/wp-content\/uploads\/2025\/01\/songte-oil-pipes-and-spare-parts.webp\"><\/p>\n<h2>Tesnenie a mazanie<\/h2>\n<p>Na zabezpe\u010denie bez\u00fate\u0161nej prev\u00e1dzky sa pou\u017e\u00edvaj\u00fa r\u00f4zne tesniace prvky, ako s\u00fa tesnenia piestov, tesnenia ty\u010d\u00ed at\u010f. Tesnenia s\u00fa vyroben\u00e9 z materi\u00e1lov odoln\u00fdch proti opotrebovaniu, ako je polyuret\u00e1n a nitrilov\u00fd kau\u010duk. Teleso valca a povrch z\u00e1vitu s\u00fa jemne opracovan\u00e9, aby sa zlep\u0161ila odolnos\u0165 proti opotrebovaniu. Na mazanie valca a zabezpe\u010denie jeho plynul\u00e9ho chodu by sa mal pravidelne prid\u00e1va\u0165 hydraulick\u00fd olej.<\/p>\n<h2>Pravideln\u00e1 kontrola a opatrenia prevent\u00edvnej \u00fadr\u017eby<\/h2>\n<ul>\n<li>Pravideln\u00e1 kontrola: Pravidelne kontrolujte valec, \u010di nevykazuje zn\u00e1mky opotrebovania a po\u0161kodenia, ako s\u00fa \u0161krabance, prelia\u010diny a praskliny.<\/li>\n<li>Mazanie: Spr\u00e1vne mazanie je nevyhnutn\u00e9, aby sa zabr\u00e1nilo po\u0161kodeniu valca v d\u00f4sledku nedostato\u010dn\u00e9ho mazania.<\/li>\n<li>V\u00fdmena tesnenia: Ak je tesnenie po\u0161koden\u00e9 alebo opotrebovan\u00e9, malo by sa v\u010das vymeni\u0165, aby sa predi\u0161lo \u00faniku oleja a po\u0161kodeniu valca.<\/li>\n<li>Kontrola kalibr\u00e1cie: Kalibr\u00e1ciu je potrebn\u00e9 pravidelne kontrolova\u0165, aby sa zabezpe\u010dilo, \u017ee valec pracuje v r\u00e1mci \u0161pecifikovan\u00fdch parametrov.<\/li>\n<\/ul>\n<p>Spr\u00e1vna in\u0161tal\u00e1cia, mazanie a nastavenie s\u00fa d\u00f4le\u017eit\u00e9 pre spr\u00e1vnu prev\u00e1dzku a dlh\u00fa \u017eivotnos\u0165 valca. Po\u010das in\u0161tal\u00e1cie je d\u00f4le\u017eit\u00e9 valec spr\u00e1vne zarovna\u0165 a na jeho upevnenie pou\u017ei\u0165 vhodn\u00e9 mont\u00e1\u017ene konzoly. Na pred\u013a\u017eenie \u017eivotnosti valca s\u00fa uveden\u00e9 odpor\u00fa\u010dan\u00e9 postupy kontroly, opravy a v\u00fdmeny.<\/p>\n<p><img decoding=\"async\" src=\"https:\/\/www.hydraulic-cylinders.net\/wp-content\/uploads\/2025\/01\/songte-chushion-collar.webp\"><\/p>\n<h2>Bezpe\u010dnostn\u00e9 aspekty a faktory prostredia<\/h2>\n<p>Pri pou\u017e\u00edvan\u00ed vedrov\u00fdch valcov je d\u00f4le\u017eit\u00e9 dodr\u017eiava\u0165 bezpe\u010dnostn\u00e9 opatrenia, aby sa predi\u0161lo nehod\u00e1m a zraneniam. Spr\u00e1vna in\u0161tal\u00e1cia, pravideln\u00e1 \u00fadr\u017eba a kontrola m\u00f4\u017eu minimalizova\u0165 riziko poruchy valca a zabezpe\u010di\u0165 bezpe\u010dn\u00fa prev\u00e1dzku. Pri v\u00fdbere a pou\u017e\u00edvan\u00ed vedrov\u00fdch valcov by sa mali zv\u00e1\u017ei\u0165 aj faktory prostredia, ako je teplota, vlhkos\u0165 a vystavenie chemik\u00e1li\u00e1m.<\/p>\n<p><img decoding=\"async\" src=\"https:\/\/hzpt.com\/wp-content\/uploads\/2024\/11\/songte-company-1.webp\"><\/p>\n<h2>Be\u017en\u00e9 probl\u00e9my a ich rie\u0161enie<\/h2>\n<p>Medzi be\u017en\u00e9 probl\u00e9my, ktor\u00e9 sa m\u00f4\u017eu vyskytn\u00fa\u0165 s valcami vedra, patr\u00ed \u00fanik oleja, po\u0161koden\u00e9 tesnenia a opotrebovan\u00e9 piesty a ty\u010de. Rie\u0161enie probl\u00e9mov m\u00f4\u017ee pom\u00f4c\u0165 identifikova\u0165 pr\u00ed\u010dinu probl\u00e9mu a poskytn\u00fa\u0165 \u00fa\u010dinn\u00e9 rie\u0161enia. Pravideln\u00e1 kontrola, \u00fadr\u017eba a opravy m\u00f4\u017eu predch\u00e1dza\u0165 potenci\u00e1lnym probl\u00e9mom.<\/p>\n<p><img decoding=\"async\" src=\"https:\/\/www.hydraulic-cylinders.net\/wp-content\/uploads\/2025\/01\/songte-bushings-with-all-kinds-of-excavator-models.webp\"><\/p>\n<h2>O na\u0161ej spolo\u010dnosti<\/h2>\n<p>Sme popredn\u00fdm v\u00fdrobcom a ve\u013ekoobchodn\u00fdm distrib\u00fatorom hydraulick\u00fdch valcov na dom\u00e1com aj medzin\u00e1rodnom trhu a pon\u00fakame kompletn\u00fd sortiment produktov. Riadime sa princ\u00edpom vynikaj\u00facej kvality, spoliehame sa na strat\u00e9giu riadenia priemyselnej v\u00fdroby v jemn\u00fdch v\u00fdrobn\u00fdch diel\u0148ach, neust\u00e1le zlep\u0161ujeme v\u00fdrobn\u00e9 platformy dieln\u00ed, zlep\u0161ujeme v\u00fdrobn\u00fd postup kvality produktov a m\u00e1me siln\u00fa tvoriv\u00fa schopnos\u0165 uspokojova\u0165 rozmanit\u00e9 potreby na\u0161ich z\u00e1kazn\u00edkov s vysokou efektivitou, presnos\u0165ou a kvalitou. Poskytujeme profesion\u00e1lne, medzin\u00e1rodne certifikovan\u00e9, prisp\u00f4soben\u00e9 slu\u017eby s modern\u00fdm v\u00fdrobn\u00fdm zariaden\u00edm a profesion\u00e1lnymi testovac\u00edmi syst\u00e9mami a dod\u00e1vame n\u00e1hradn\u00e9 diely a repasovan\u00e9 slu\u017eby na zlep\u0161enie \u017eivotnosti valcov.<\/p>\n<p>Autor: lyl<\/p>","protected":false},"excerpt":{"rendered":"<p>Bucket Cylinder For Doosan Small Excavator DH150-7 Introduction A bucket cylinder is a specially designed hydraulic cylinder that is primarily used to control the movement of buckets in heavy machinery such as excavators, backhoes, and front loaders. Its main function is to enable the bucket to lift, lower, and tilt, making it easier to handle [&hellip;]<\/p>","protected":false},"featured_media":14787,"comment_status":"open","ping_status":"closed","template":"","meta":{"_et_pb_use_builder":"","_et_pb_old_content":"","_et_gb_content_width":""},"product_brand":[],"product_cat":[1494],"product_tag":[1495,1496],"class_list":{"0":"post-15269","1":"product","2":"type-product","3":"status-publish","4":"has-post-thumbnail","6":"product_cat-bucket-cylinders","7":"product_tag-bucket-cylinders","8":"product_tag-hydraulic-cylinders","10":"first","11":"instock","12":"shipping-taxable","13":"product-type-simple"},"amp_enabled":true,"_links":{"self":[{"href":"https:\/\/www.hydraulic-cylinders.net\/sk\/wp-json\/wp\/v2\/product\/15269","targetHints":{"allow":["GET"]}}],"collection":[{"href":"https:\/\/www.hydraulic-cylinders.net\/sk\/wp-json\/wp\/v2\/product"}],"about":[{"href":"https:\/\/www.hydraulic-cylinders.net\/sk\/wp-json\/wp\/v2\/types\/product"}],"replies":[{"embeddable":true,"href":"https:\/\/www.hydraulic-cylinders.net\/sk\/wp-json\/wp\/v2\/comments?post=15269"}],"wp:featuredmedia":[{"embeddable":true,"href":"https:\/\/www.hydraulic-cylinders.net\/sk\/wp-json\/wp\/v2\/media\/14787"}],"wp:attachment":[{"href":"https:\/\/www.hydraulic-cylinders.net\/sk\/wp-json\/wp\/v2\/media?parent=15269"}],"wp:term":[{"taxonomy":"product_brand","embeddable":true,"href":"https:\/\/www.hydraulic-cylinders.net\/sk\/wp-json\/wp\/v2\/product_brand?post=15269"},{"taxonomy":"product_cat","embeddable":true,"href":"https:\/\/www.hydraulic-cylinders.net\/sk\/wp-json\/wp\/v2\/product_cat?post=15269"},{"taxonomy":"product_tag","embeddable":true,"href":"https:\/\/www.hydraulic-cylinders.net\/sk\/wp-json\/wp\/v2\/product_tag?post=15269"}],"curies":[{"name":"pracovn\u00fd list","href":"https:\/\/api.w.org\/{rel}","templated":true}]}}