{"id":15280,"date":"2025-01-19T14:19:51","date_gmt":"2025-01-19T14:19:51","guid":{"rendered":"https:\/\/www.hydraulic-cylinders.net\/product\/bucket-cylinder-for-doosan-middle-excavator-dh215-9e-2\/"},"modified":"2025-01-19T14:19:53","modified_gmt":"2025-01-19T14:19:53","slug":"bucket-cylinder-for-doosan-middle-excavator-dh215-9e-2","status":"publish","type":"product","link":"https:\/\/www.hydraulic-cylinders.net\/sk\/produkt\/bucket-cylinder-for-doosan-middle-excavator-dh215-9e-2\/","title":{"rendered":"Valec vedra pre stredn\u00fd bager Doosan DH215-9E"},"content":{"rendered":"<h1>Valec vedra pre stredn\u00fd bager Doosan DH215-9E<\/h1>\n<h2>\u00davod<\/h2>\n<p>Hydraulick\u00fd valec ly\u017eice je \u0161peci\u00e1lne navrhnut\u00fd hydraulick\u00fd valec pou\u017e\u00edvan\u00fd na ovl\u00e1danie pohybu ly\u017eice v \u0165a\u017ek\u00fdch strojoch, ako s\u00fa bagre, r\u00fdpadlo-naklada\u010de a \u010deln\u00e9 naklada\u010de. Jeho hlavnou funkciou je umo\u017eni\u0165 zdv\u00edhanie, sp\u00fa\u0161\u0165anie a nakl\u00e1\u0148anie ly\u017eice, \u010do u\u013eah\u010duje vykon\u00e1vanie r\u00f4znych \u00faloh manipul\u00e1cie s materi\u00e1lom. V hydraulickom syst\u00e9me vyu\u017e\u00edva valec ly\u017eice zmeny tlaku hydraulick\u00e9ho oleja na dosiahnutie presn\u00e9ho ovl\u00e1dania ly\u017eice, \u010do umo\u017e\u0148uje obsluhe efekt\u00edvne manipulova\u0165 s \u0165a\u017ek\u00fdmi bremenami a prisp\u00f4sobi\u0165 sa zlo\u017eit\u00fdm pracovn\u00fdm prostrediam a r\u00f4znorod\u00fdm po\u017eiadavk\u00e1m na pr\u00e1cu.<\/p>\n<p><img decoding=\"async\" src=\"https:\/\/www.hydraulic-cylinders.net\/wp-content\/uploads\/2025\/01\/songte-company-2.webp\" alt=\"Obr\u00e1zok valca vedra\"><\/p>\n<h2>Funkcie<\/h2>\n<ul>\n<li>Vysok\u00e1 pevnos\u0165 a odolnos\u0165: Valec s vedro, zvy\u010dajne vyroben\u00fd z vysokopevnostnej ocele alebo hlin\u00edka, odol\u00e1 vysok\u00e9mu tlaku a \u0165a\u017ek\u00fdm za\u0165a\u017eeniam, \u010d\u00edm sa prisp\u00f4sob\u00ed n\u00e1ro\u010dn\u00fdm pracovn\u00fdm podmienkam. Jeho kon\u0161trukcia zoh\u013ead\u0148uje odolnos\u0165 vo\u010di opotrebovaniu a kor\u00f3zii, aby sa pred\u013a\u017eila jeho \u017eivotnos\u0165.<\/li>\n<li>Efekt\u00edvna hydraulick\u00e1 prev\u00e1dzka: V\u010faka vyu\u017eitiu tlaku hydraulick\u00e9ho oleja dosahuje valec ly\u017eice plynul\u00e9 vys\u00favanie a zas\u00favanie, \u010do umo\u017e\u0148uje r\u00fdchlu reakciu na ovl\u00e1dacie povely a poskytuje siln\u00e9 tla\u010dn\u00e9 a \u0165a\u017en\u00e9 sily vhodn\u00e9 na manipul\u00e1ciu s \u0165a\u017ek\u00fdmi bremenami a zlo\u017eit\u00fdmi \u00falohami.<\/li>\n<li>R\u00f4zne typy: Valce kor\u010dekov je mo\u017en\u00e9 zvoli\u0165 ako jedno\u010dinn\u00e9 (hydraulick\u00e9 iba v jednom smere) alebo dvoj\u010dinn\u00e9 (hydraulick\u00e9 v oboch smeroch), aby sp\u013a\u0148ali r\u00f4zne prev\u00e1dzkov\u00e9 potreby. Niektor\u00e9 modely s\u00fa teleskopick\u00e9, \u010do umo\u017e\u0148uje v\u00e4\u010d\u0161ie vysunutie bez zv\u00e4\u010d\u0161enia vonkaj\u0161\u00edch rozmerov, v\u010faka \u010domu s\u00fa vhodn\u00e9 pre aplik\u00e1cie s obmedzen\u00fdm priestorom.<\/li>\n<li>Dokonal\u00e1 n\u00e1hrada: N\u00e1\u0161 valec vedra dok\u00e1\u017ee bez probl\u00e9mov nahradi\u0165 tieto hydraulick\u00e9 valce.<\/li>\n<\/ul>\n<p><img decoding=\"async\" src=\"https:\/\/www.hydraulic-cylinders.net\/wp-content\/uploads\/2025\/01\/songte-cylinder-head-with-all-kinds-excavator-models.webp\" alt=\"Obr\u00e1zok hlavy valcov\"><\/p>\n<h2>Aplik\u00e1cie<\/h2>\n<p>Valec s ko\u0161\u00edkom nach\u00e1dza uplatnenie v r\u00f4znych zariadeniach:<\/p>\n<ul>\n<li>Stavebn\u00e9 zariadenia: Nach\u00e1dzaj\u00fa sa v bagroch a s\u00fa nevyhnutn\u00e9 na kopanie, nakladanie a premiest\u0148ovanie zeminy alebo sutiny. V r\u00fdpadlo-naklada\u010doch pom\u00e1ha valec ly\u017eice pri kopan\u00ed aj zdv\u00edhan\u00ed.<\/li>\n<li>Po\u013enohospod\u00e1rske stroje: Pou\u017e\u00edvaj\u00fa sa v \u010deln\u00fdch naklada\u010doch na naberanie, zdv\u00edhanie a prepravu p\u00f4dy, sena a in\u00fdch materi\u00e1lov.<\/li>\n<li>R\u00fdpadl\u00e1: Valec ly\u017eice umo\u017e\u0148uje kopanie t\u00fdm, \u017ee umo\u017e\u0148uje ly\u017eici prenikn\u00fa\u0165 do p\u00f4dy.<\/li>\n<li>Naklada\u010de: \u010celn\u00e9 naklada\u010de pom\u00e1haj\u00fa pri efekt\u00edvnom zdv\u00edhan\u00ed a vykladan\u00ed tovaru.<\/li>\n<\/ul>\n<h2>\u00davahy o dizajne a krit\u00e9ri\u00e1 v\u00fdberu<\/h2>\n<p>Pri navrhovan\u00ed valcov s ko\u0161\u00edkom sa berie do \u00favahy nieko\u013eko faktorov:<\/p>\n<ul>\n<li>Nosnos\u0165: Valec mus\u00ed by\u0165 schopn\u00fd odola\u0165 predpokladan\u00e9mu za\u0165a\u017eeniu a tlaku.<\/li>\n<li>Tesnenie: Pou\u017e\u00edvaj\u00fa sa r\u00f4zne tesnenia, ako s\u00fa tesnenia piestov a tesnenia ty\u010d\u00ed, vyroben\u00e9 z materi\u00e1lov odoln\u00fdch vo\u010di opotrebovaniu, ako je polyuret\u00e1n a nitrilov\u00fd kau\u010duk. Teleso valca a z\u00e1vitov\u00e9 konce prech\u00e1dzaj\u00fa jemn\u00fdm spracovan\u00edm na zv\u00fd\u0161enie odolnosti vo\u010di opotrebovaniu.<\/li>\n<li>Trvanlivos\u0165: Valec vedra je navrhnut\u00fd tak, aby zabezpe\u010dil dlh\u00fa \u017eivotnos\u0165 aj v n\u00e1ro\u010dn\u00fdch podmienkach.<\/li>\n<li>Bezpe\u010dnos\u0165: Bezpe\u010dnostn\u00e9 prvky s\u00fa zabudovan\u00e9 na predch\u00e1dzanie nehod\u00e1m a zaistenie pohodlia obsluhy.<\/li>\n<li>\u00dadr\u017eba: D\u00f4raz sa kladie na jednoduchos\u0165 \u00fadr\u017eby a opravy.<\/li>\n<\/ul>\n<p><img decoding=\"async\" src=\"https:\/\/www.hydraulic-cylinders.net\/wp-content\/uploads\/2025\/01\/songte-oil-pipes-and-spare-parts.webp\" alt=\"Obr\u00e1zok ropovodov\"><\/p>\n<h2>Tesnenie a mazanie<\/h2>\n<p>Valec kor\u010deka pou\u017e\u00edva r\u00f4zne tesnenia, ako s\u00fa piestne tesnenia a tesnenia ty\u010d\u00ed. Tieto tesnenia s\u00fa vyroben\u00e9 z materi\u00e1lov odoln\u00fdch vo\u010di opotrebovaniu, ako je polyuret\u00e1n a nitrilov\u00fd kau\u010duk. Teleso valca a z\u00e1vitov\u00e9 konce s\u00fa jemne o\u0161etren\u00e9 pre zlep\u0161enie odolnosti vo\u010di opotrebovaniu. Na zabezpe\u010denie hladk\u00e9ho chodu je potrebn\u00e9 pravideln\u00e9 mazanie vhodn\u00fdm mno\u017estvom hydraulick\u00e9ho oleja.<\/p>\n<h2>Pravideln\u00e1 kontrola a prevent\u00edvna \u00fadr\u017eba<\/h2>\n<p>Pre udr\u017eanie optim\u00e1lneho v\u00fdkonu valca vedra sa odpor\u00fa\u010da pravideln\u00e1 kontrola a prevent\u00edvna \u00fadr\u017eba:<\/p>\n<ul>\n<li>Skontrolujte, \u010di nejav\u00ed zn\u00e1mky opotrebovania, \u00faniku alebo po\u0161kodenia.<\/li>\n<li>Zabezpe\u010dte spr\u00e1vne mazanie.<\/li>\n<li>Pravidelne vymie\u0148ajte tesnenia, aby sa zachovala ich \u00fa\u010dinnos\u0165.<\/li>\n<li>Vykonajte kalibra\u010dn\u00e9 kontroly, aby ste zabezpe\u010dili presn\u00fa prev\u00e1dzku.<\/li>\n<\/ul>\n<p><img decoding=\"async\" src=\"https:\/\/www.hydraulic-cylinders.net\/wp-content\/uploads\/2025\/01\/songte-chushion-collar.webp\" alt=\"Obr\u00e1zok obojku Chushion\"><\/p>\n<h2>Bezpe\u010dnostn\u00e9 aspekty a faktory prostredia<\/h2>\n<p>Pri pou\u017e\u00edvan\u00ed valca s vedrom je nevyhnutn\u00e9 dodr\u017eiava\u0165 bezpe\u010dnostn\u00e9 opatrenia, aby sa predi\u0161lo nehod\u00e1m. Bezpe\u010dnostn\u00e9 prvky by mali by\u0165 spr\u00e1vne nain\u0161talovan\u00e9 a udr\u017eiavan\u00e9. Pre zabezpe\u010denie optim\u00e1lneho v\u00fdkonu by sa mali zoh\u013eadni\u0165 aj faktory prostredia, ako je teplota a vlhkos\u0165.<\/p>\n<h2>Diagnostika por\u00fach a be\u017en\u00e9 probl\u00e9my<\/h2>\n<p>Medzi be\u017en\u00e9 probl\u00e9my, ktor\u00e9 sa m\u00f4\u017eu vyskytn\u00fa\u0165 s valcom vedra, patria netesnosti, nedostato\u010dn\u00fd tlak a abnorm\u00e1lny hluk. Na rie\u0161enie t\u00fdchto probl\u00e9mov:<\/p>\n<ul>\n<li>Skontrolujte, \u010di nie s\u00fa vidite\u013en\u00e9 netesnosti, a ihne\u010f ich opravte.<\/li>\n<li>Uistite sa, \u017ee hydraulick\u00fd syst\u00e9m m\u00e1 dostato\u010dn\u00fd tlak.<\/li>\n<li>Presk\u00famajte a odstr\u00e1\u0148te ak\u00fdko\u013evek abnorm\u00e1lny hluk kontrolou valca a jeho komponentov.<\/li>\n<\/ul>\n<p><img decoding=\"async\" src=\"https:\/\/www.hydraulic-cylinders.net\/wp-content\/uploads\/2025\/01\/songte-bushings-with-all-kinds-of-excavator-models.webp\" alt=\"Obr\u00e1zok puzdier\"><\/p>\n<p>Pravideln\u00e9 \u00fadr\u017eb\u00e1rske \u00falohy, ako je spr\u00e1vna in\u0161tal\u00e1cia, vhodn\u00e9 mazanie a kalibra\u010dn\u00e9 kontroly, s\u00fa nevyhnutn\u00e9 na zabezpe\u010denie dlhej \u017eivotnosti a optim\u00e1lneho v\u00fdkonu valca s ko\u0161\u00edkom. Poskytnutie pokynov na spr\u00e1vne zarovnanie po\u010das in\u0161tal\u00e1cie a odpor\u00fa\u010danie pou\u017eitia vhodn\u00fdch mont\u00e1\u017enych konzol na upevnenie valca s\u00fa k\u013e\u00fa\u010dov\u00e9. Mali by sa dodr\u017eiava\u0165 odpor\u00fa\u010dan\u00e9 postupy kontroly, opravy a v\u00fdmeny, ako aj tipy na pred\u013a\u017eenie \u017eivotnosti valca s ko\u0161\u00edkom.<\/p>\n<h2>O na\u0161ej spolo\u010dnosti<\/h2>\n<p>Sme popredn\u00fdm v\u00fdrobcom a ve\u013ekoobchodn\u00fdm distrib\u00fatorom hydraulick\u00fdch valcov na dom\u00e1com aj medzin\u00e1rodnom trhu. N\u00e1\u0161 rozsiahly sortiment produktov a z\u00e1v\u00e4zok k excelentnosti z n\u00e1s robia jedn\u00e9ho z popredn\u00fdch v\u00fdrobcov hydraulick\u00fdch valcov v tomto odvetv\u00ed. Dodr\u017eiavame z\u00e1sady vysokej kvality a v na\u0161ej dobre vybavenej v\u00fdrobnej dielni vyu\u017e\u00edvame strat\u00e9gie riadenia priemyselnej v\u00fdroby. V\u010faka na\u0161im technick\u00fdm znalostiam, najmodernej\u0161iemu v\u00fdrobn\u00e9mu zariadeniu a profesion\u00e1lnym testovac\u00edm syst\u00e9mom neust\u00e1le zlep\u0161ujeme na\u0161u v\u00fdrobn\u00fa platformu, zvy\u0161ujeme kvalitu produktov a m\u00e1me siln\u00fa schopnos\u0165 splni\u0165 rozmanit\u00e9 po\u017eiadavky z\u00e1kazn\u00edkov, pokia\u013e ide o efekt\u00edvnos\u0165, presnos\u0165 a vysok\u00e9 \u0161tandardy kvality.<\/p>\n<p><img decoding=\"async\" src=\"https:\/\/www.hydraulic-cylinders.net\/wp-content\/uploads\/2025\/01\/songte-company-3.webp\" alt=\"Obr\u00e1zok spolo\u010dnosti\"><\/p>\n<p>Okrem na\u0161ej profesionality, medzin\u00e1rodn\u00fdch certifik\u00e1ci\u00ed a z\u00e1kazkov\u00fdch slu\u017eieb sa na\u0161a spolo\u010dnos\u0165 m\u00f4\u017ee pochv\u00e1li\u0165 modern\u00fdm v\u00fdrobn\u00fdm vybaven\u00edm a vynikaj\u00facim popredajn\u00fdm servisom.<\/p>\n<p><img decoding=\"async\" src=\"https:\/\/hzpt.com\/wp-content\/uploads\/2024\/11\/songte-company-1.webp\" alt=\"Obr\u00e1zok spolo\u010dnosti\"><\/p>\n<p>Autor: lyl<\/p>","protected":false},"excerpt":{"rendered":"<p>Bucket Cylinder For Doosan Middle Excavator DH215-9E Introduction A bucket cylinder is a specially designed hydraulic cylinder used to control the movement of the bucket in heavy machinery such as excavators, backhoe loaders, and front-end loaders. Its main function is to enable the lifting, lowering, and tilting of the bucket, making it easier to handle [&hellip;]<\/p>","protected":false},"featured_media":14762,"comment_status":"open","ping_status":"closed","template":"","meta":{"_et_pb_use_builder":"","_et_pb_old_content":"","_et_gb_content_width":""},"product_brand":[],"product_cat":[1494],"product_tag":[1495,1496],"class_list":{"0":"post-15280","1":"product","2":"type-product","3":"status-publish","4":"has-post-thumbnail","6":"product_cat-bucket-cylinders","7":"product_tag-bucket-cylinders","8":"product_tag-hydraulic-cylinders","10":"first","11":"instock","12":"shipping-taxable","13":"product-type-simple"},"amp_enabled":true,"_links":{"self":[{"href":"https:\/\/www.hydraulic-cylinders.net\/sk\/wp-json\/wp\/v2\/product\/15280","targetHints":{"allow":["GET"]}}],"collection":[{"href":"https:\/\/www.hydraulic-cylinders.net\/sk\/wp-json\/wp\/v2\/product"}],"about":[{"href":"https:\/\/www.hydraulic-cylinders.net\/sk\/wp-json\/wp\/v2\/types\/product"}],"replies":[{"embeddable":true,"href":"https:\/\/www.hydraulic-cylinders.net\/sk\/wp-json\/wp\/v2\/comments?post=15280"}],"wp:featuredmedia":[{"embeddable":true,"href":"https:\/\/www.hydraulic-cylinders.net\/sk\/wp-json\/wp\/v2\/media\/14762"}],"wp:attachment":[{"href":"https:\/\/www.hydraulic-cylinders.net\/sk\/wp-json\/wp\/v2\/media?parent=15280"}],"wp:term":[{"taxonomy":"product_brand","embeddable":true,"href":"https:\/\/www.hydraulic-cylinders.net\/sk\/wp-json\/wp\/v2\/product_brand?post=15280"},{"taxonomy":"product_cat","embeddable":true,"href":"https:\/\/www.hydraulic-cylinders.net\/sk\/wp-json\/wp\/v2\/product_cat?post=15280"},{"taxonomy":"product_tag","embeddable":true,"href":"https:\/\/www.hydraulic-cylinders.net\/sk\/wp-json\/wp\/v2\/product_tag?post=15280"}],"curies":[{"name":"pracovn\u00fd list","href":"https:\/\/api.w.org\/{rel}","templated":true}]}}