{"id":15281,"date":"2025-01-19T14:19:55","date_gmt":"2025-01-19T14:19:55","guid":{"rendered":"https:\/\/www.hydraulic-cylinders.net\/product\/bucket-cylinder-for-doosan-middle-excavator-dh220lc-9e\/"},"modified":"2025-01-19T14:20:04","modified_gmt":"2025-01-19T14:20:04","slug":"bucket-cylinder-for-doosan-middle-excavator-dh220lc-9e","status":"publish","type":"product","link":"https:\/\/www.hydraulic-cylinders.net\/sk\/produkt\/bucket-cylinder-for-doosan-middle-excavator-dh220lc-9e\/","title":{"rendered":"Valec vedra pre stredn\u00fd bager Doosan DH220LC-9E"},"content":{"rendered":"<h1>Valec vedra pre stredn\u00fd bager Doosan DH220LC-9E<\/h1>\n<h2>\u00davod<\/h2>\n<p>Hydraulick\u00fd valec ly\u017eice pre stredn\u00fd bager Doosan DH220LC-9E je hydraulick\u00fd valec ur\u010den\u00fd na ovl\u00e1danie pohybu ly\u017eice v \u0165a\u017ek\u00fdch strojoch, ako s\u00fa bagre, r\u00fdpadl\u00e1-naklada\u010de a \u010deln\u00e9 naklada\u010de. Jeho hlavnou funkciou je umo\u017eni\u0165 zdv\u00edhanie, sp\u00fa\u0161\u0165anie a nakl\u00e1\u0148anie ly\u017eice, \u010do u\u013eah\u010duje vykon\u00e1vanie r\u00f4znych \u00faloh manipul\u00e1cie s materi\u00e1lom. V hydraulickom syst\u00e9me valec ly\u017eice vyu\u017e\u00edva tlak hydraulick\u00e9ho oleja na presn\u00e9 ovl\u00e1danie ly\u017eice, \u010do umo\u017e\u0148uje obsluhe efekt\u00edvne manipulova\u0165 s \u0165a\u017ek\u00fdmi bremenami, prisp\u00f4sobi\u0165 sa zlo\u017eit\u00fdm pracovn\u00fdm prostrediam a sp\u013a\u0148a\u0165 r\u00f4zne po\u017eiadavky na pr\u00e1cu.<\/p>\n<p><img decoding=\"async\" src=\"https:\/\/www.hydraulic-cylinders.net\/wp-content\/uploads\/2025\/01\/songte-company-2.webp\" alt=\"Obr\u00e1zok valca vedra\"><\/p>\n<h2>Funkcie<\/h2>\n<ul>\n<li>Vysok\u00e1 pevnos\u0165 a odolnos\u0165: zvy\u010dajne vyroben\u00e9 z vysokopevnostnej ocele alebo hlin\u00edka, schopn\u00e9 odol\u00e1va\u0165 vysok\u00e9mu tlaku a \u0165a\u017ek\u00fdm za\u0165a\u017eeniam, vhodn\u00e9 do n\u00e1ro\u010dn\u00fdch pracovn\u00fdch prostred\u00ed, navrhnut\u00e9 s oh\u013eadom na odolnos\u0165 vo\u010di opotrebovaniu a kor\u00f3zii, aby sa pred\u013a\u017eila \u017eivotnos\u0165.<\/li>\n<li>Efekt\u00edvna hydraulick\u00e1 prev\u00e1dzka: vyu\u017e\u00edva tlak hydraulick\u00e9ho oleja na dosiahnutie plynul\u00e9ho vys\u00favania a s\u0165ahovania, je schopn\u00e1 r\u00fdchlo reagova\u0165 na ovl\u00e1dacie povely, poskytuje siln\u00fa tla\u010dn\u00fa a \u0165a\u017en\u00fa silu, vhodn\u00e1 na manipul\u00e1ciu s \u0165a\u017ek\u00fdmi bremenami a zlo\u017eit\u00fdmi pracovn\u00fdmi \u00falohami.<\/li>\n<li>R\u00f4zne typy: pod\u013ea po\u017eiadaviek je mo\u017en\u00e9 vybra\u0165 jedno\u010dinn\u00e9 (hydraulika sa pou\u017e\u00edva iba v jednom smere) alebo dvoj\u010dinn\u00e9 (hydraulika sa pou\u017e\u00edva v dvoch smeroch), niektor\u00e9 modely s\u00fa teleskopick\u00e9, \u010do umo\u017e\u0148uje v\u00e4\u010d\u0161ie vysunutie bez zv\u00e4\u010d\u0161enia vonkaj\u0161\u00edch rozmerov, vhodn\u00e9 pre aplik\u00e1cie s obmedzen\u00fdm priestorom.<\/li>\n<li>Dokonal\u00e1 n\u00e1hrada: na\u0161e produkty dok\u00e1\u017eu dokonale nahradi\u0165 tieto hydraulick\u00e9 valce.<\/li>\n<\/ul>\n<p><img decoding=\"async\" src=\"https:\/\/www.hydraulic-cylinders.net\/wp-content\/uploads\/2025\/01\/songte-cylinder-head-with-all-kinds-excavator-models.webp\" alt=\"Obr\u00e1zok v\u00fdmeny valca vedra\"><\/p>\n<h2>Aplik\u00e1cie<\/h2>\n<p>Valec korby pre stredn\u00e9 r\u00fdpadlo Doosan DH220LC-9E sa \u0161iroko pou\u017e\u00edva v r\u00f4znych aplik\u00e1ci\u00e1ch \u0165a\u017ek\u00fdch strojov, ako napr\u00edklad:<\/p>\n<ul>\n<li>Stavebn\u00e9 zariadenia: s\u00fa nevyhnutn\u00e9 na v\u00fdkopov\u00e9 pr\u00e1ce, nakladanie a premiest\u0148ovanie zeminy alebo sutiny v r\u00fdpadl\u00e1ch a r\u00fdpadlov\u00fdch bagroch; valce ko\u0161\u00edkov pom\u00e1haj\u00fa pri kopan\u00ed a zdv\u00edhan\u00ed v r\u00fdpadlov\u00fdch bagroch.<\/li>\n<li>Po\u013enohospod\u00e1rske stroje: pou\u017e\u00edvaj\u00fa sa v \u010deln\u00fdch naklada\u010doch na odh\u0155\u0148anie, zdv\u00edhanie a prepravu p\u00f4dy, sena a in\u00fdch materi\u00e1lov; valce ly\u017eice umo\u017e\u0148uj\u00fa kopanie t\u00fdm, \u017ee umo\u017e\u0148uj\u00fa ly\u017eici prenikn\u00fa\u0165 do p\u00f4dy v bagroch.<\/li>\n<li>Naklada\u010d: v \u010deln\u00fdch naklada\u010doch pom\u00e1haj\u00fa valce ko\u0161\u00edkov pri efekt\u00edvnom zdv\u00edhan\u00ed a vykladan\u00ed tovaru.<\/li>\n<\/ul>\n<h2>\u00davahy o dizajne a krit\u00e9ri\u00e1 v\u00fdberu<\/h2>\n<p>Valec lopaty pre stredn\u00e9 r\u00fdpadlo Doosan DH220LC-9E je navrhnut\u00fd s nieko\u013ek\u00fdmi k\u013e\u00fa\u010dov\u00fdmi aspektmi, ako napr\u00edklad:<\/p>\n<ul>\n<li>Nosnos\u0165: valec mus\u00ed by\u0165 schopn\u00fd odola\u0165 maxim\u00e1lnemu za\u0165a\u017eeniu, ktor\u00e9mu bude vystaven\u00fd.<\/li>\n<li>Tesnenie: je d\u00f4le\u017eit\u00e9 na zabr\u00e1nenie \u00fanikom a udr\u017eanie hydraulick\u00e9ho tlaku.<\/li>\n<li>Trvanlivos\u0165: valec mus\u00ed by\u0165 schopn\u00fd odola\u0165 drsn\u00e9mu prostrediu a intenz\u00edvnemu pou\u017e\u00edvaniu.<\/li>\n<li>Bezpe\u010dnos\u0165: f\u013ea\u0161a mus\u00ed by\u0165 navrhnut\u00e1 s bezpe\u010dnostn\u00fdmi prvkami, aby sa predi\u0161lo nehod\u00e1m alebo zraneniam.<\/li>\n<li>\u00dadr\u017eba: valec mus\u00ed by\u0165 \u013eahko udr\u017eiavate\u013en\u00fd a opravovate\u013en\u00fd, aby sa minimalizovali prestoje.<\/li>\n<\/ul>\n<p><img decoding=\"async\" src=\"https:\/\/www.hydraulic-cylinders.net\/wp-content\/uploads\/2025\/01\/songte-oil-pipes-and-spare-parts.webp\" alt=\"Komponenty valca vedra\"><\/p>\n<h2>Tesnenie a mazanie<\/h2>\n<p>Valec kor\u010deka pre stredn\u00fd bager Doosan DH220LC-9E pou\u017e\u00edva r\u00f4zne tesniace komponenty, ako s\u00fa tesnenia piestov, tesnenia ty\u010d\u00ed at\u010f. vyroben\u00e9 z materi\u00e1lov odoln\u00fdch vo\u010di opotrebovaniu, ako je polyuret\u00e1n, nitrilov\u00e1 guma at\u010f. Teleso valca a z\u00e1vitov\u00e9 koncov\u00e9 plochy s\u00fa jemne opracovan\u00e9 pre zlep\u0161enie odolnosti vo\u010di opotrebovaniu. Pre plynul\u00fd chod je potrebn\u00e9 pravideln\u00e9 mazanie vhodn\u00fdm mno\u017estvom hydraulick\u00e9ho oleja.<\/p>\n<h2>\u00dadr\u017eba a opravy<\/h2>\n<p>Pravideln\u00e1 kontrola, mazanie a v\u00fdmena tesnen\u00ed patria medzi be\u017en\u00e9 \u00falohy \u00fadr\u017eby valca lopaty pre stredn\u00e9 r\u00fdpadlo Doosan DH220LC-9E. Spr\u00e1vna in\u0161tal\u00e1cia, mazanie a nastavenie s\u00fa nevyhnutn\u00e9 pre optim\u00e1lny v\u00fdkon. Odpor\u00fa\u010da sa spr\u00e1vne zarovnanie valca a pou\u017eitie vhodn\u00fdch mont\u00e1\u017enych konzol. Pon\u00fakame tie\u017e n\u00e1hradn\u00e9 diely a repasn\u00e9 slu\u017eby na pred\u013a\u017eenie \u017eivotnosti valca.<\/p>\n<p><img decoding=\"async\" src=\"https:\/\/www.hydraulic-cylinders.net\/wp-content\/uploads\/2025\/01\/songte-chushion-collar.webp\" alt=\"Obr\u00e1zok in\u0161tal\u00e1cie valca vedra\"><\/p>\n<h2>Bezpe\u010dnostn\u00e9 a environment\u00e1lne aspekty<\/h2>\n<p>Pri pou\u017e\u00edvan\u00ed valca lopaty pre stredn\u00fd bager Doosan DH220LC-9E sa musia dodr\u017eiava\u0165 pr\u00edslu\u0161n\u00e9 bezpe\u010dnostn\u00e9 opatrenia. Hydraulick\u00e9 syst\u00e9my pracuj\u00fa pod vysok\u00fdm tlakom a pri nespr\u00e1vnej manipul\u00e1cii m\u00f4\u017eu sp\u00f4sobi\u0165 v\u00e1\u017ene zranenia alebo nehody. Spr\u00e1vna likvid\u00e1cia pou\u017eit\u00e9ho hydraulick\u00e9ho oleja a in\u00fdch komponentov je nevyhnutn\u00e1 na minimaliz\u00e1ciu vplyvu na \u017eivotn\u00e9 prostredie.<\/p>\n<h2>Rie\u0161enie probl\u00e9mov a be\u017en\u00e9 probl\u00e9my<\/h2>\n<p>Valec lopaty pre stredn\u00fd bager Doosan DH220LC-9E sa m\u00f4\u017ee vyskytn\u00fa\u0165 v d\u00f4sledku nespr\u00e1vneho pou\u017e\u00edvania alebo opotrebovania, ako s\u00fa probl\u00e9my, ako s\u00fa netesnosti, zn\u00ed\u017een\u00fd v\u00fdkon a po\u0161kodenie. Na zabr\u00e1nenie \u010fal\u0161iemu po\u0161kodeniu je nevyhnutn\u00e1 spr\u00e1vna diagnostika a v\u010dasn\u00e1 oprava. Poskytujeme tipy na rie\u0161enie probl\u00e9mov a rie\u0161enia, ktor\u00e9 \u010ditate\u013eom pom\u00f4\u017eu efekt\u00edvne diagnostikova\u0165 a rie\u0161i\u0165 probl\u00e9my. Na minimaliz\u00e1ciu potenci\u00e1lnych probl\u00e9mov sa odpor\u00fa\u010daj\u00fa aj prevent\u00edvne opatrenia.<\/p>\n<p><img decoding=\"async\" src=\"https:\/\/www.hydraulic-cylinders.net\/wp-content\/uploads\/2025\/01\/songte-bushings-with-all-kinds-of-excavator-models.webp\" alt=\"Obr\u00e1zok puzdier valca vedra\"><\/p>\n<h2>O n\u00e1s<\/h2>\n<p>Sme v\u00fdrobcom n\u00e1hradn\u00fdch dielov pre hydraulick\u00e9 valce a pon\u00fakame \u0161irok\u00fd sortiment produktov. Sme jedn\u00fdm z popredn\u00fdch v\u00fdrobcov a ve\u013ekoobchodn\u00edkov s hydraulick\u00fdmi valcami na dom\u00e1com aj medzin\u00e1rodnom trhu. Dodr\u017eiavame z\u00e1sady vynikaj\u00facej kvality, spoliehame sa na strat\u00e9giu industrializovan\u00e9ho riadenia v\u00fdroby v prepracovanej v\u00fdrobnej dielni a neust\u00e1le zlep\u0161ujeme v\u00fdrobn\u00fa platformu dielne, zlep\u0161ujeme v\u00fdrobn\u00fa cestu zameran\u00fa na kvalitu v\u00fdrobkov a m\u00e1me siln\u00e9 inova\u010dn\u00e9 schopnosti. Uspokojujeme rozmanit\u00e9 potreby z\u00e1kazn\u00edkov vysokou \u00fa\u010dinnos\u0165ou, vysokou presnos\u0165ou a princ\u00edpmi vysokej kvality.<\/p>\n<p>Poskytujeme profesion\u00e1lne, medzin\u00e1rodne certifikovan\u00e9, prisp\u00f4soben\u00e9 slu\u017eby a pou\u017e\u00edvame modern\u00e9 v\u00fdrobn\u00e9 zariadenia a profesion\u00e1lne testovacie syst\u00e9my. Pon\u00fakame spo\u013eahliv\u00e9 v\u00fdrobn\u00e9 zariadenia a vynikaj\u00faci popredajn\u00fd servis.<\/p>\n<p><img decoding=\"async\" src=\"https:\/\/www.hydraulic-cylinders.net\/wp-content\/uploads\/2025\/01\/songte-company-3.webp\" alt=\"Obr\u00e1zok spolo\u010dnosti\"><\/p>\n<p><em>Autor: lyl<\/em><\/p>","protected":false},"excerpt":{"rendered":"<p>Bucket Cylinder For Doosan Middle Excavator DH220LC-9E Introduction The Bucket Cylinder for Doosan Middle Excavator DH220LC-9E is a hydraulic cylinder designed to control the movement of the bucket in heavy machinery such as excavators, backhoe excavators, and front-end loaders. Its main function is to enable the bucket to lift, lower, and tilt, making it easier [&hellip;]<\/p>","protected":false},"featured_media":14761,"comment_status":"open","ping_status":"closed","template":"","meta":{"_et_pb_use_builder":"","_et_pb_old_content":"","_et_gb_content_width":""},"product_brand":[],"product_cat":[1494],"product_tag":[1495,1496],"class_list":{"0":"post-15281","1":"product","2":"type-product","3":"status-publish","4":"has-post-thumbnail","6":"product_cat-bucket-cylinders","7":"product_tag-bucket-cylinders","8":"product_tag-hydraulic-cylinders","10":"first","11":"instock","12":"shipping-taxable","13":"product-type-simple"},"amp_enabled":true,"_links":{"self":[{"href":"https:\/\/www.hydraulic-cylinders.net\/sk\/wp-json\/wp\/v2\/product\/15281","targetHints":{"allow":["GET"]}}],"collection":[{"href":"https:\/\/www.hydraulic-cylinders.net\/sk\/wp-json\/wp\/v2\/product"}],"about":[{"href":"https:\/\/www.hydraulic-cylinders.net\/sk\/wp-json\/wp\/v2\/types\/product"}],"replies":[{"embeddable":true,"href":"https:\/\/www.hydraulic-cylinders.net\/sk\/wp-json\/wp\/v2\/comments?post=15281"}],"wp:featuredmedia":[{"embeddable":true,"href":"https:\/\/www.hydraulic-cylinders.net\/sk\/wp-json\/wp\/v2\/media\/14761"}],"wp:attachment":[{"href":"https:\/\/www.hydraulic-cylinders.net\/sk\/wp-json\/wp\/v2\/media?parent=15281"}],"wp:term":[{"taxonomy":"product_brand","embeddable":true,"href":"https:\/\/www.hydraulic-cylinders.net\/sk\/wp-json\/wp\/v2\/product_brand?post=15281"},{"taxonomy":"product_cat","embeddable":true,"href":"https:\/\/www.hydraulic-cylinders.net\/sk\/wp-json\/wp\/v2\/product_cat?post=15281"},{"taxonomy":"product_tag","embeddable":true,"href":"https:\/\/www.hydraulic-cylinders.net\/sk\/wp-json\/wp\/v2\/product_tag?post=15281"}],"curies":[{"name":"pracovn\u00fd list","href":"https:\/\/api.w.org\/{rel}","templated":true}]}}