{"id":15283,"date":"2025-01-19T14:20:12","date_gmt":"2025-01-19T14:20:12","guid":{"rendered":"https:\/\/www.hydraulic-cylinders.net\/product\/bucket-cylinder-for-doosan-middle-excavator-dh260lc\/"},"modified":"2025-01-19T14:20:14","modified_gmt":"2025-01-19T14:20:14","slug":"bucket-cylinder-for-doosan-middle-excavator-dh260lc","status":"publish","type":"product","link":"https:\/\/www.hydraulic-cylinders.net\/sk\/produkt\/bucket-cylinder-for-doosan-middle-excavator-dh260lc\/","title":{"rendered":"Valec vedra pre stredn\u00fd bager Doosan DH260LC"},"content":{"rendered":"<h1>Valec vedra pre stredn\u00fd bager Doosan DH260LC<\/h1>\n<h2>\u00davod<\/h2>\n<p>Hydraulick\u00fd valec ly\u017eice pre stredn\u00fd bager Doosan DH260LC je \u0161peci\u00e1lne navrhnut\u00fd hydraulick\u00fd valec, ktor\u00fd sa pou\u017e\u00edva predov\u0161etk\u00fdm na ovl\u00e1danie pohybu ly\u017eice v \u0165a\u017ek\u00fdch strojoch, ako s\u00fa bagre, r\u00fdpadlo-naklada\u010de a \u010deln\u00e9 naklada\u010de. Jeho hlavnou funkciou je umo\u017eni\u0165 zdv\u00edhanie, sp\u00fa\u0161\u0165anie a nakl\u00e1\u0148anie ly\u017eice, \u010do u\u013eah\u010duje r\u00f4zne \u00falohy manipul\u00e1cie s materi\u00e1lom. V hydraulickom syst\u00e9me umo\u017e\u0148uje valec ly\u017eice presn\u00e9 ovl\u00e1danie ly\u017eice zmenou tlaku hydraulick\u00e9ho oleja, \u010do umo\u017e\u0148uje obsluhe efekt\u00edvne manipulova\u0165 s \u0165a\u017ek\u00fdmi bremenami a prisp\u00f4sobi\u0165 sa zlo\u017eit\u00fdm pracovn\u00fdm prostrediam a r\u00f4znym prev\u00e1dzkov\u00fdm po\u017eiadavk\u00e1m.<\/p>\n<p><img decoding=\"async\" src=\"https:\/\/www.hydraulic-cylinders.net\/wp-content\/uploads\/2025\/01\/songte-company-2.webp\" alt=\"Obr\u00e1zok valca vedra\"><\/p>\n<h2>Vlastnosti produktu<\/h2>\n<ul>\n<li>Vysok\u00e1 pevnos\u0165 a odolnos\u0165: Zvy\u010dajne vyroben\u00fd z vysokopevnostnej ocele alebo hlin\u00edka, odol\u00e1 vysok\u00e9mu tlaku a \u0165a\u017ek\u00fdm za\u0165a\u017eeniam, \u010d\u00edm sa prisp\u00f4sob\u00ed n\u00e1ro\u010dn\u00fdm pracovn\u00fdm podmienkam. Kon\u0161trukcia zoh\u013ead\u0148uje odolnos\u0165 proti opotrebovaniu a kor\u00f3zii, \u010d\u00edm sa predl\u017euje \u017eivotnos\u0165.<\/li>\n<li>Efekt\u00edvna hydraulick\u00e1 prev\u00e1dzka: Plynul\u00e9 roz\u0165ahovacie a s\u0165ahovacie pohyby sa dosahuj\u00fa pomocou tlaku hydraulick\u00e9ho oleja, \u010do umo\u017e\u0148uje r\u00fdchlu odozvu na ovl\u00e1dacie povely a poskytuje siln\u00e9 tla\u010dn\u00e9 a \u0165a\u017en\u00e9 sily vhodn\u00e9 na manipul\u00e1ciu s \u0165a\u017ek\u00fdmi bremenami a zlo\u017eit\u00fdmi prev\u00e1dzkov\u00fdmi \u00falohami.<\/li>\n<li>R\u00f4zne typy: Typy valcov je mo\u017en\u00e9 vybra\u0165 pod\u013ea prev\u00e1dzkov\u00fdch po\u017eiadaviek, vr\u00e1tane jedno\u010dinn\u00fdch (hydraulick\u00fd pohon sa pou\u017e\u00edva iba v jednom smere) alebo dvoj\u010dinn\u00fdch (hydraulick\u00fd pohon sa pou\u017e\u00edva v oboch smeroch). Niektor\u00e9 modely s\u00fa teleskopick\u00e9, \u010do umo\u017e\u0148uje v\u00e4\u010d\u0161ie vysunutie bez zv\u00e4\u010d\u0161enia vonkaj\u0161\u00edch rozmerov, v\u010faka \u010domu s\u00fa vhodn\u00e9 pre aplik\u00e1cie v obmedzenom priestore.<\/li>\n<li>Kompatibiln\u00e1 n\u00e1hrada: Na\u0161e produkty dok\u00e1\u017eu dokonale nahradi\u0165 podobn\u00e9 hydraulick\u00e9 valce a poskytuj\u00fa z\u00e1kazn\u00edkom cenovo v\u00fdhodn\u00e9 rie\u0161enie pre v\u00fdmenu valcov.<\/li>\n<\/ul>\n<p><img decoding=\"async\" src=\"https:\/\/www.hydraulic-cylinders.net\/wp-content\/uploads\/2025\/01\/songte-cylinder-head-with-all-kinds-excavator-models.webp\" alt=\"Obr\u00e1zok v\u00fdmeny valca vedra\"><\/p>\n<h2>Aplik\u00e1cie<\/h2>\n<p>Valec korby pre stredn\u00e9 r\u00fdpadlo Doosan DH260LC sa d\u00e1 pou\u017ei\u0165 v r\u00f4znych aplik\u00e1ci\u00e1ch \u0165a\u017ek\u00fdch strojov:<\/p>\n<h3>Stavebn\u00e9 stroje<\/h3>\n<p>V bagroch je nevyhnutn\u00fd na kopanie, nakladanie a premiest\u0148ovanie zeminy alebo sutiny. V r\u00fdpadlo-naklada\u010doch pom\u00e1ha valec ly\u017eice pri kopan\u00ed aj zdv\u00edhan\u00ed. Pri \u010deln\u00fdch naklada\u010doch pom\u00e1haj\u00fa pri efekt\u00edvnom zdv\u00edhan\u00ed a nakl\u00e1\u0148an\u00ed bremien.<\/p>\n<h3>Po\u013enohospod\u00e1rske stroje<\/h3>\n<p>Pou\u017e\u00edva sa v \u010deln\u00fdch naklada\u010doch na nakladanie, zdv\u00edhanie a prepravu zeminy, sena a in\u00fdch materi\u00e1lov. V r\u00fdpadl\u00e1ch umo\u017e\u0148uje valec ly\u017eice kopanie t\u00fdm, \u017ee umo\u017e\u0148uje ly\u017eici prenikn\u00fa\u0165 do p\u00f4dy. <\/p>\n<h3>In\u00ed<\/h3>\n<p>V r\u00f4znych priemyseln\u00fdch prostrediach m\u00f4\u017ee valec vedra u\u013eah\u010di\u0165 pohyb \u0165a\u017ek\u00fdch predmetov, v\u010faka \u010domu je cenn\u00fdm n\u00e1strojom pri manipul\u00e1cii s materi\u00e1lom.<\/p>\n<h2>\u00davahy o dizajne a krit\u00e9ri\u00e1 v\u00fdberu<\/h2>\n<p>Valce s vedrom je potrebn\u00e9 navrhn\u00fa\u0165 a vybra\u0165 na z\u00e1klade nieko\u013ek\u00fdch k\u013e\u00fa\u010dov\u00fdch faktorov:<\/p>\n<h3>Nosnos\u0165<\/h3>\n<p>Nosnos\u0165 valca by mala by\u0165 tak\u00e1, aby po\u010das prev\u00e1dzky odolala vysok\u00e9mu tlaku a ve\u013ek\u00e9mu za\u0165a\u017eeniu.<\/p>\n<h3>Tesnenie<\/h3>\n<p>Na zabr\u00e1nenie \u00faniku oleja a zlep\u0161enie tesniaceho v\u00fdkonu valca by sa mali pou\u017e\u00edva\u0165 r\u00f4zne tesniace prvky, ako s\u00fa tesnenia piestov a tesnenia ty\u010d\u00ed. Tesniace prvky by mali by\u0165 vyroben\u00e9 z materi\u00e1lov odoln\u00fdch vo\u010di opotrebovaniu, ako je polyuret\u00e1n a nitrilov\u00fd kau\u010duk. Teleso valca a povrch z\u00e1vitu by mali by\u0165 jemne o\u0161etren\u00e9, aby sa zlep\u0161ila odolnos\u0165 vo\u010di opotrebovaniu.<\/p>\n<h3>Trvanlivos\u0165<\/h3>\n<p>Valec by mal by\u0165 vyroben\u00fd z vysokopevnostn\u00fdch materi\u00e1lov, ktor\u00e9 odol\u00e1vaj\u00fa n\u00e1ro\u010dn\u00fdm pracovn\u00fdm podmienkam a s\u00fa odoln\u00e9 vo\u010di opotrebovaniu a kor\u00f3zii, aby sa pred\u013a\u017eila jeho \u017eivotnos\u0165.<\/p>\n<h3>Bezpe\u010dnos\u0165<\/h3>\n<p>Valec by mal by\u0165 navrhnut\u00fd s oh\u013eadom na bezpe\u010dnos\u0165, aby sa predi\u0161lo nehod\u00e1m po\u010das prev\u00e1dzky.<\/p>\n<h3>\u00dadr\u017eba<\/h3>\n<p>Valec by mal by\u0165 navrhnut\u00fd tak, aby sa dal \u013eahko udr\u017eiava\u0165 a opravova\u0165, s \u013eahko dostupn\u00fdmi vymenite\u013en\u00fdmi dielmi. Na zabezpe\u010denie optim\u00e1lneho v\u00fdkonu by sa mala vykon\u00e1va\u0165 pravideln\u00e1 \u00fadr\u017eba a kontrola.<\/p>\n<p><img decoding=\"async\" src=\"https:\/\/www.hydraulic-cylinders.net\/wp-content\/uploads\/2025\/01\/songte-oil-pipes-and-spare-parts.webp\" alt=\"Obr\u00e1zok \u010dast\u00ed valca vedra\"><\/p>\n<h2>Tesnenie a mazanie<\/h2>\n<p>Valce kor\u010dekov vy\u017eaduj\u00fa r\u00f4zne tesniace prvky, aby sa zabr\u00e1nilo \u00faniku oleja a zlep\u0161il sa tesniaci v\u00fdkon. Medzi tieto prvky patria tesnenia piestov, tesnenia ty\u010d\u00ed a in\u00e9 tesnenia vyroben\u00e9 z materi\u00e1lov odoln\u00fdch vo\u010di opotrebovaniu, ako je polyuret\u00e1n a nitrilov\u00fd kau\u010duk. Teleso valca a povrch z\u00e1vitu by mali by\u0165 jemne o\u0161etren\u00e9, aby sa zlep\u0161ila odolnos\u0165 vo\u010di opotrebovaniu. Na udr\u017eanie v\u00fdkonu valca je potrebn\u00e9 pravideln\u00e9 mazanie vhodn\u00fdm hydraulick\u00fdm olejom.<\/p>\n<h2>\u00dadr\u017eba a prevent\u00edvne opatrenia<\/h2>\n<p>Pravideln\u00e1 \u00fadr\u017eba a kontrola s\u00fa nevyhnutn\u00e9 na zabezpe\u010denie optim\u00e1lneho v\u00fdkonu valcov s vedrom. Medzi prevent\u00edvne opatrenia, ktor\u00e9 mo\u017eno prija\u0165, patria:<\/p>\n<ul>\n<li>Pravideln\u00e9 kontroly na zistenie a prevenciu opotrebenia a po\u0161kodenia.<\/li>\n<li>Pravideln\u00e9 mazanie spr\u00e1vnym hydraulick\u00fdm olejom, aby sa predi\u0161lo po\u0161kodeniu v d\u00f4sledku kontamin\u00e1cie olejom.<\/li>\n<li>Pravideln\u00e1 v\u00fdmena opotrebovan\u00fdch alebo po\u0161koden\u00fdch tesnen\u00ed, aby sa zabr\u00e1nilo \u00faniku oleja.<\/li>\n<\/ul>\n<p>Spr\u00e1vna in\u0161tal\u00e1cia, mazanie a nastavenie s\u00fa k\u013e\u00fa\u010dov\u00e9 pre optim\u00e1lny v\u00fdkon a dlh\u00fa \u017eivotnos\u0165 valcov s lopatkami. Po\u010das in\u0161tal\u00e1cie by sa malo zabezpe\u010di\u0165 spr\u00e1vne vedenie pre zarovnanie a na upevnenie valca by sa mali pou\u017ei\u0165 vhodn\u00e9 mont\u00e1\u017ene konzoly. Na pred\u013a\u017eenie \u017eivotnosti valca by sa mali dodr\u017eiava\u0165 odpor\u00fa\u010dan\u00e9 postupy kontroly, opravy a v\u00fdmeny.<\/p>\n<p><img decoding=\"async\" src=\"https:\/\/www.hydraulic-cylinders.net\/wp-content\/uploads\/2025\/01\/songte-chushion-collar.webp\" alt=\"Obr\u00e1zok in\u0161tal\u00e1cie valca vedra\"><\/p>\n<h2>Bezpe\u010dnostn\u00e9 a environment\u00e1lne aspekty<\/h2>\n<p>Hydraulick\u00e9 valce by sa mali pou\u017e\u00edva\u0165 s bezpe\u010dnostn\u00fdmi opatreniami, aby sa predi\u0161lo nehod\u00e1m po\u010das prev\u00e1dzky. Mali by sa zoh\u013eadni\u0165 aj environment\u00e1lne aspekty, aby sa minimalizoval vplyv hydraulick\u00fdch kvapal\u00edn na \u017eivotn\u00e9 prostredie.<\/p>\n<h2>Diagnostika a rie\u0161enie probl\u00e9mov<\/h2>\n<p>Medzi be\u017en\u00e9 probl\u00e9my, ktor\u00e9 sa m\u00f4\u017eu vyskytn\u00fa\u0165 s valcami vedier, patr\u00ed \u00fanik oleja, nedostato\u010dn\u00e1 sila a pomal\u00e1 doba odozvy. Tieto probl\u00e9my je mo\u017en\u00e9 vyrie\u0161i\u0165 v\u00fdmenou opotrebovan\u00fdch alebo po\u0161koden\u00fdch tesnen\u00ed, nastaven\u00edm tlaku hydraulick\u00e9ho syst\u00e9mu alebo v\u00fdmenou dielov.<\/p>\n<h2>O na\u0161ej spolo\u010dnosti<\/h2>\n<p>Sme renomovan\u00ed v\u00fdrobcovia hydraulick\u00fdch valcov a poskytujeme \u0161irok\u00fa \u0161k\u00e1lu produktov, v\u010faka ktor\u00fdm sme sa stali popredn\u00fdm v\u00fdrobcom a ve\u013ekoobchodn\u00edkom hydraulick\u00fdch valcov na dom\u00e1com aj medzin\u00e1rodnom trhu. Sna\u017e\u00edme sa dosiahnu\u0165 excelentnos\u0165 v kvalite, pri\u010dom sa spoliehame na industrializovan\u00e9 strat\u00e9gie riadenia v\u00fdroby so sofistikovan\u00fdmi v\u00fdrobn\u00fdmi diel\u0148ami, pokro\u010dil\u00fdm digit\u00e1lnym v\u00fdrobn\u00fdm zariaden\u00edm a profesion\u00e1lnymi testovac\u00edmi syst\u00e9mami. Neust\u00e1le zlep\u0161ujeme na\u0161u v\u00fdrobn\u00fa platformu, zdokona\u013eujeme na\u0161u v\u00fdrobn\u00fa linku na zv\u00fd\u0161enie kvality produktov a m\u00e1me siln\u00e9 inova\u010dn\u00e9 schopnosti. Dodr\u017eiavame z\u00e1sady vysokej efektivity, vysokej presnosti a vysokej kvality, aby sme uspokojili rozmanit\u00e9 potreby na\u0161ich z\u00e1kazn\u00edkov.<\/p>\n<p><img decoding=\"async\" src=\"https:\/\/hzpt.com\/wp-content\/uploads\/2024\/11\/songte-company-1.webp\" alt=\"Obr\u00e1zok spolo\u010dnosti\"><\/p>\n<h3>Profesionalita<\/h3>\n<p>Na\u0161a spolo\u010dnos\u0165 m\u00e1 t\u00edm odborn\u00edkov s rozsiahlymi sk\u00fasenos\u0165ami vo v\u00fdvoji, v\u00fdrobe a testovan\u00ed hydraulick\u00fdch valcov. N\u00e1\u0161 profesion\u00e1lny t\u00edm zabezpe\u010duje, aby na\u0161e produkty sp\u013a\u0148ali najvy\u0161\u0161ie \u0161tandardy kvality.<\/p>\n<h3>Medzin\u00e1rodn\u00e1 certifik\u00e1cia<\/h3>\n<p>Na\u0161e v\u00fdrobky s\u00fa certifikovan\u00e9 pod\u013ea medzin\u00e1rodn\u00fdch noriem ako ISO9001, CE a ROHS, \u010do zaru\u010duje kvalitu a bezpe\u010dnos\u0165 na\u0161ich v\u00fdrobkov.<\/p>\n<h3>Slu\u017eby prisp\u00f4sobenia<\/h3>\n<p>Pon\u00fakame hydraulick\u00e9 valce navrhnut\u00e9 na mieru, aby sme splnili \u0161pecifick\u00e9 potreby na\u0161ich z\u00e1kazn\u00edkov.<\/p>\n<h3>V\u00fdrobn\u00e9 zariadenia<\/h3>\n<p>Disponujeme modern\u00fdmi v\u00fdrobn\u00fdmi zariadeniami, ako s\u00fa CNC obr\u00e1bacie centr\u00e1 a automatick\u00e9 zv\u00e1racie stroje, aby sme zabezpe\u010dili presnos\u0165 na\u0161ich v\u00fdrobkov.<\/p>\n<h3>Popredajn\u00fd servis<\/h3>\n<p>Na\u0161im z\u00e1kazn\u00edkom poskytujeme vynikaj\u00faci popredajn\u00fd servis a technick\u00fa podporu vr\u00e1tane opr\u00e1v a v\u00fdmeny dielov.<\/p>\n<p>Autor lyl.<\/p>\n<p><img decoding=\"async\" src=\"https:\/\/www.hydraulic-cylinders.net\/wp-content\/uploads\/2025\/01\/songte-bushings-with-all-kinds-of-excavator-models.webp\" alt=\"Obr\u00e1zok puzdier valca vedra\"><\/p>","protected":false},"excerpt":{"rendered":"<p>Bucket Cylinder For Doosan Middle Excavator DH260LC Introduction The Bucket Cylinder for Doosan Middle Excavator DH260LC is a specially designed hydraulic cylinder that is primarily used to control the movement of the bucket in heavy machinery such as excavators, backhoe loaders, and front-end loaders. Its main function is to allow the bucket to be lifted, [&hellip;]<\/p>","protected":false},"featured_media":14788,"comment_status":"open","ping_status":"closed","template":"","meta":{"_et_pb_use_builder":"","_et_pb_old_content":"","_et_gb_content_width":""},"product_brand":[],"product_cat":[1494],"product_tag":[1495,1496],"class_list":{"0":"post-15283","1":"product","2":"type-product","3":"status-publish","4":"has-post-thumbnail","6":"product_cat-bucket-cylinders","7":"product_tag-bucket-cylinders","8":"product_tag-hydraulic-cylinders","10":"first","11":"instock","12":"shipping-taxable","13":"product-type-simple"},"amp_enabled":true,"_links":{"self":[{"href":"https:\/\/www.hydraulic-cylinders.net\/sk\/wp-json\/wp\/v2\/product\/15283","targetHints":{"allow":["GET"]}}],"collection":[{"href":"https:\/\/www.hydraulic-cylinders.net\/sk\/wp-json\/wp\/v2\/product"}],"about":[{"href":"https:\/\/www.hydraulic-cylinders.net\/sk\/wp-json\/wp\/v2\/types\/product"}],"replies":[{"embeddable":true,"href":"https:\/\/www.hydraulic-cylinders.net\/sk\/wp-json\/wp\/v2\/comments?post=15283"}],"wp:featuredmedia":[{"embeddable":true,"href":"https:\/\/www.hydraulic-cylinders.net\/sk\/wp-json\/wp\/v2\/media\/14788"}],"wp:attachment":[{"href":"https:\/\/www.hydraulic-cylinders.net\/sk\/wp-json\/wp\/v2\/media?parent=15283"}],"wp:term":[{"taxonomy":"product_brand","embeddable":true,"href":"https:\/\/www.hydraulic-cylinders.net\/sk\/wp-json\/wp\/v2\/product_brand?post=15283"},{"taxonomy":"product_cat","embeddable":true,"href":"https:\/\/www.hydraulic-cylinders.net\/sk\/wp-json\/wp\/v2\/product_cat?post=15283"},{"taxonomy":"product_tag","embeddable":true,"href":"https:\/\/www.hydraulic-cylinders.net\/sk\/wp-json\/wp\/v2\/product_tag?post=15283"}],"curies":[{"name":"pracovn\u00fd list","href":"https:\/\/api.w.org\/{rel}","templated":true}]}}