{"id":15290,"date":"2025-01-19T14:20:40","date_gmt":"2025-01-19T14:20:40","guid":{"rendered":"https:\/\/www.hydraulic-cylinders.net\/product\/bucket-cylinder-for-doosan-large-excavator-dh300-5\/"},"modified":"2025-01-19T14:20:42","modified_gmt":"2025-01-19T14:20:42","slug":"bucket-cylinder-for-doosan-large-excavator-dh300-5","status":"publish","type":"product","link":"https:\/\/www.hydraulic-cylinders.net\/sk\/produkt\/bucket-cylinder-for-doosan-large-excavator-dh300-5\/","title":{"rendered":"Valec vedra pre ve\u013ek\u00e9 r\u00fdpadlo Doosan DH300-5"},"content":{"rendered":"<h1>Valec vedra pre ve\u013ek\u00e9 r\u00fdpadlo Doosan DH300-5<\/h1>\n<h2>\u00davod<\/h2>\n<p>Hydraulick\u00fd valec ly\u017eice pre ve\u013ek\u00e9 r\u00fdpadlo Doosan DH300-5 je \u0161pecializovan\u00fd hydraulick\u00fd valec pou\u017e\u00edvan\u00fd na ovl\u00e1danie pohybu ly\u017eice v \u0165a\u017ek\u00fdch strojoch, ako s\u00fa r\u00fdpadl\u00e1, r\u00fdpadlo-naklada\u010de a \u010deln\u00e9 naklada\u010de. Jeho hlavn\u00fdm \u00fa\u010delom je umo\u017eni\u0165 zdv\u00edhanie, sp\u00fa\u0161\u0165anie a nakl\u00e1\u0148anie ly\u017eice, \u010do u\u013eah\u010duje manipul\u00e1ciu s r\u00f4znymi materi\u00e1lmi. V hydraulickom syst\u00e9me valec ly\u017eice presne riadi pohyb ly\u017eice prostredn\u00edctvom zmien tlaku hydraulick\u00e9ho oleja, \u010do umo\u017e\u0148uje obsluhe efekt\u00edvne manipulova\u0165 s \u0165a\u017ek\u00fdmi bremenami a prisp\u00f4sobi\u0165 sa zlo\u017eit\u00fdm pracovn\u00fdm prostrediam a r\u00f4znym prev\u00e1dzkov\u00fdm potreb\u00e1m.<\/p>\n<p><img decoding=\"async\" src=\"https:\/\/www.hydraulic-cylinders.net\/wp-content\/uploads\/2025\/01\/songte-company-2.webp\" alt=\"Obr\u00e1zok valca vedra\"><\/p>\n<h2>Funkcie<\/h2>\n<ul>\n<li><strong>Vysok\u00e1 pevnos\u0165 a odolnos\u0165:<\/strong> Zvy\u010dajne je vyroben\u00fd z vysokopevnostnej ocele alebo hlin\u00edka, odol\u00e1 vysok\u00e9mu tlaku a \u0165a\u017ek\u00fdm za\u0165a\u017eeniam, prisp\u00f4sob\u00ed sa n\u00e1ro\u010dn\u00fdm pracovn\u00fdm podmienkam a bol navrhnut\u00fd s oh\u013eadom na odolnos\u0165 vo\u010di opotrebovaniu a kor\u00f3zii, aby sa pred\u013a\u017eila jeho \u017eivotnos\u0165.<\/li>\n<li><strong>Efekt\u00edvne hydraulick\u00e9 oper\u00e1cie:<\/strong> Vyu\u017e\u00edva hydraulick\u00fd tlak oleja na dosiahnutie plynul\u00e9ho teleskopick\u00e9ho pohybu, dok\u00e1\u017ee r\u00fdchlo reagova\u0165 na ovl\u00e1dacie povely, poskytuje siln\u00e9 tla\u010dn\u00e9 a \u0165a\u017en\u00e9 sily a je vhodn\u00fd na manipul\u00e1ciu s \u0165a\u017ek\u00fdmi bremenami a zlo\u017eit\u00e9 prev\u00e1dzkov\u00e9 \u00falohy.<\/li>\n<li><strong>R\u00f4zne typy:<\/strong> Jedno\u010dinn\u00e9 (hydraulika pou\u017e\u00edvan\u00e1 iba v jednom smere) alebo dvoj\u010dinn\u00e9 (hydraulika pou\u017e\u00edvan\u00e1 v dvoch smeroch) valce je mo\u017en\u00e9 vybra\u0165 pod\u013ea po\u017eiadaviek, aby sa splnili r\u00f4zne prev\u00e1dzkov\u00e9 potreby. Niektor\u00e9 modely s\u00fa teleskopick\u00e9, \u010do umo\u017e\u0148uje v\u00e4\u010d\u0161ie vysunutie bez zv\u00e4\u010d\u0161enia vonkaj\u0161\u00edch rozmerov, v\u010faka \u010domu s\u00fa vhodn\u00e9 pre aplik\u00e1cie s obmedzen\u00fdm priestorom.<\/li>\n<li><strong>Dokonal\u00e1 n\u00e1hrada:<\/strong> N\u00e1\u0161 hydraulick\u00fd valec s ko\u0161\u00edkom dok\u00e1\u017ee dokonale nahradi\u0165 p\u00f4vodn\u00fd hydraulick\u00fd valec od v\u00fdrobcu.<\/li>\n<\/ul>\n<p><img decoding=\"async\" src=\"https:\/\/www.hydraulic-cylinders.net\/wp-content\/uploads\/2025\/01\/songte-cylinder-head-with-all-kinds-excavator-models.webp\" alt=\"Obr\u00e1zok n\u00e1hradn\u00e9ho valca\"><\/p>\n<h2>Aplik\u00e1cie<\/h2>\n<p>Valec s ko\u0161\u00edkom m\u00e1 \u0161irok\u00e9 uplatnenie v r\u00f4znych odvetviach. Niektor\u00e9 pr\u00edklady s\u00fa:<\/p>\n<ul>\n<li><strong>Stavebn\u00e9 vybavenie:<\/strong> V bagroch s\u00fa nevyhnutn\u00e9 na kopanie, nakladanie a premiest\u0148ovanie zeminy alebo sutiny. V r\u00fdpadlo-naklada\u010doch pom\u00e1ha valec ly\u017eice pri v\u00fdkopov\u00fdch pr\u00e1cach aj zdv\u00edhan\u00ed. <\/li>\n<li><strong>Po\u013enohospod\u00e1rske stroje:<\/strong> Pou\u017e\u00edva sa v \u010deln\u00fdch naklada\u010doch na naberanie, zdv\u00edhanie a prepravu p\u00f4dy, sena a in\u00fdch materi\u00e1lov. <\/li>\n<li><strong>R\u00fdpadl\u00e1:<\/strong> Valec vedra umo\u017e\u0148uje vedru prenikn\u00fa\u0165 do p\u00f4dy a vykon\u00e1va\u0165 v\u00fdkopov\u00e9 \u010dinnosti. <\/li>\n<li><strong>\u010celn\u00e9 naklada\u010de:<\/strong> V \u010deln\u00fdch naklada\u010doch pom\u00e1haj\u00fa s efekt\u00edvnym zdv\u00edhan\u00edm a nakl\u00e1\u0148an\u00edm n\u00e1kladu. <\/li>\n<\/ul>\n<h2>\u00davahy o dizajne a krit\u00e9ri\u00e1 v\u00fdberu<\/h2>\n<p>Kon\u0161truk\u010dn\u00e9 aspekty a krit\u00e9ri\u00e1 v\u00fdberu valca s ko\u0161\u00edkom s\u00fa nevyhnutn\u00e9 pre zabezpe\u010denie jeho spr\u00e1vnej prev\u00e1dzky a dlhej \u017eivotnosti. Niektor\u00e9 z t\u00fdchto aspektov s\u00fa:<\/p>\n<h3>Nosnos\u0165<\/h3>\n<p>Valec kor\u010deka mus\u00ed by\u0165 schopn\u00fd zvl\u00e1dnu\u0165 nosnos\u0165 stroja, v ktorom je nain\u0161talovan\u00fd. Je d\u00f4le\u017eit\u00e9 vybra\u0165 si valec, ktor\u00fd znesie maxim\u00e1lnu nosnos\u0165 stroja, ber\u00fac do \u00favahy ak\u00e9ko\u013evek potenci\u00e1lne pre\u0165a\u017eenia, ku ktor\u00fdm m\u00f4\u017ee d\u00f4js\u0165.<\/p>\n<h3>Tesnenie<\/h3>\n<p>Valec vedra mus\u00ed by\u0165 spr\u00e1vne utesnen\u00fd, aby sa zabr\u00e1nilo \u00faniku hydraulickej kvapaliny. Je d\u00f4le\u017eit\u00e9 vybra\u0165 si tesnenia, ktor\u00e9 s\u00fa vyroben\u00e9 z odoln\u00fdch materi\u00e1lov a s\u00fa navrhnut\u00e9 tak, aby odol\u00e1vali opotrebovaniu.<\/p>\n<h3>Trvanlivos\u0165<\/h3>\n<p>Valec s vedrom mus\u00ed by\u0165 odoln\u00fd a navrhnut\u00fd tak, aby odolal n\u00e1ro\u010dn\u00fdm podmienkam. Teleso valca a koncov\u00e9 uz\u00e1very by mali by\u0165 vyroben\u00e9 z vysoko pevn\u00fdch materi\u00e1lov, ktor\u00e9 s\u00fa odoln\u00e9 vo\u010di kor\u00f3zii a opotrebovaniu.<\/p>\n<h3>Bezpe\u010dnos\u0165<\/h3>\n<p>Valec s vedrom mus\u00ed by\u0165 navrhnut\u00fd s oh\u013eadom na bezpe\u010dnos\u0165. Je d\u00f4le\u017eit\u00e9 vybra\u0165 si valec, ktor\u00fd m\u00e1 bezpe\u010dnostn\u00e9 prvky, ako s\u00fa pretlakov\u00e9 ventily a bezpe\u010dnostn\u00e9 z\u00e1mky, aby sa predi\u0161lo nehod\u00e1m.<\/p>\n<h3>\u00dadr\u017eba<\/h3>\n<p>Valec s vedrom sa mus\u00ed \u013eahko udr\u017eiava\u0165. Je d\u00f4le\u017eit\u00e9 vybra\u0165 si valec, ktor\u00fd sa d\u00e1 \u013eahko rozobra\u0165 a znova zlo\u017ei\u0165 kv\u00f4li \u00fadr\u017ebe. Pravideln\u00e1 \u00fadr\u017eba, ako je mazanie a v\u00fdmena tesnen\u00ed, je nevyhnutn\u00e1 pre pred\u013a\u017eenie jeho \u017eivotnosti.<\/p>\n<p><img decoding=\"async\" src=\"https:\/\/www.hydraulic-cylinders.net\/wp-content\/uploads\/2025\/01\/songte-oil-pipes-and-spare-parts.webp\" alt=\"Obr\u00e1zok \u010dast\u00ed hydraulick\u00e9ho valca\"><\/p>\n<h2>Tesnenie a mazanie<\/h2>\n<p>Valec kor\u010deka pou\u017e\u00edva r\u00f4zne tesniace komponenty, ako s\u00fa tesnenia piestov a tesnenia ty\u010d\u00ed, vyroben\u00e9 z materi\u00e1lov ako polyuret\u00e1n a nitrilov\u00fd kau\u010duk, aby sa zabr\u00e1nilo \u00faniku kvapaliny. Teleso valca a koncov\u00e9 uz\u00e1very s\u00fa jemne opracovan\u00e9, aby sa zlep\u0161ila odolnos\u0165 vo\u010di opotrebovaniu. Pravideln\u00e9 mazanie hydraulick\u00fdm olejom je nevyhnutn\u00e9 pre udr\u017eanie hladk\u00e9ho chodu a zn\u00ed\u017eenie opotrebenia.<\/p>\n<h2>Kontrola a prevent\u00edvna \u00fadr\u017eba<\/h2>\n<p>Pravideln\u00e1 kontrola a prevent\u00edvna \u00fadr\u017eba s\u00fa nevyhnutn\u00e9 na pred\u013a\u017eenie \u017eivotnosti valca vedra. Niektor\u00e9 be\u017en\u00e9 \u00falohy \u00fadr\u017eby s\u00fa:<\/p>\n<ul>\n<li><strong>Pravideln\u00e1 kontrola:<\/strong> Skontrolujte valec, \u010di nie je opotrebovan\u00fd alebo po\u0161koden\u00fd, skontrolujte tesnenia a skontrolujte v\u0161etky spoje, \u010di netesnia.<\/li>\n<li><strong>Mazanie:<\/strong> Pravidelne nama\u017ete valec hydraulick\u00fdm olejom, aby ste zn\u00ed\u017eili trenie a opotrebovanie.<\/li>\n<li><strong>V\u00fdmena tesnenia:<\/strong> Vyme\u0148te v\u0161etky po\u0161koden\u00e9 tesnenia, aby ste predi\u0161li \u00faniku hydraulickej kvapaliny.<\/li>\n<li><strong>Kontrola kalibr\u00e1cie:<\/strong> Skontrolujte kalibr\u00e1ciu valca, aby ste sa uistili, \u017ee funguje spr\u00e1vne.<\/li>\n<\/ul>\n<p>Je d\u00f4le\u017eit\u00e9 spr\u00e1vne nain\u0161talova\u0165 valec s vedrom, aby sa predi\u0161lo mo\u017en\u00e9mu po\u0161kodeniu a zabezpe\u010dila sa bezpe\u010dn\u00e1 prev\u00e1dzka. V\u017edy dodr\u017eiavajte pokyny v\u00fdrobcu a pou\u017e\u00edvajte vhodn\u00e9 mont\u00e1\u017ene n\u00e1stroje a vybavenie. Spr\u00e1vne zarovnanie a pou\u017eitie vhodn\u00fdch mont\u00e1\u017enych konzol m\u00f4\u017ee pom\u00f4c\u0165 stabilizova\u0165 valec. Ak je potrebn\u00e9 valec opravi\u0165 alebo prestava\u0165, odpor\u00fa\u010da sa pou\u017ei\u0165 origin\u00e1lne diely a riadi\u0165 sa pokynmi v\u00fdrobcu.<\/p>\n<p><img decoding=\"async\" src=\"https:\/\/www.hydraulic-cylinders.net\/wp-content\/uploads\/2025\/01\/songte-chushion-collar.webp\" alt=\"Obr\u00e1zok vank\u00fa\u0161ov\u00e9ho goliera\"><\/p>\n<h2>Bezpe\u010dnostn\u00e9 a environment\u00e1lne aspekty<\/h2>\n<p>Pri pou\u017e\u00edvan\u00ed valca s vedrom je potrebn\u00e9 dodr\u017eiava\u0165 bezpe\u010dnostn\u00e9 opatrenia, aby sa predi\u0161lo nehod\u00e1m. Je nevyhnutn\u00e9 dodr\u017eiava\u0165 bezpe\u010dnostn\u00e9 pokyny a predpisy, ako napr\u00edklad nosenie vhodn\u00fdch ochrann\u00fdch prostriedkov a zabezpe\u010denie spr\u00e1vnej \u00fadr\u017eby a prev\u00e1dzky stroja. Musia sa zoh\u013eadni\u0165 aj environment\u00e1lne aspekty, ako napr\u00edklad spr\u00e1vna likvid\u00e1cia hydraulick\u00fdch kvapal\u00edn a ak\u00fdchko\u013evek in\u00fdch materi\u00e1lov, ktor\u00e9 m\u00f4\u017eu by\u0165 \u0161kodliv\u00e9 pre \u017eivotn\u00e9 prostredie.<\/p>\n<h2>Be\u017en\u00e9 probl\u00e9my a ich rie\u0161enie<\/h2>\n<p>Po\u010das prev\u00e1dzky sa m\u00f4\u017ee vyskytn\u00fa\u0165 r\u00f4zne probl\u00e9my s valcom vedra. Medzi be\u017en\u00e9 probl\u00e9my patria:<\/p>\n<ul>\n<li><strong>\u00daniky tekut\u00edn:<\/strong> M\u00f4\u017ee to by\u0165 sp\u00f4soben\u00e9 po\u0161koden\u00fdmi tesneniami alebo spojmi.<\/li>\n<li><strong>Pomal\u00e1 prev\u00e1dzka:<\/strong> M\u00f4\u017ee to by\u0165 sp\u00f4soben\u00e9 n\u00edzkou hladinou hydraulickej kvapaliny alebo opotrebovan\u00fdmi tesneniami.<\/li>\n<li><strong>Nadmern\u00fd hluk:<\/strong> M\u00f4\u017ee to by\u0165 sp\u00f4soben\u00e9 opotrebovan\u00fdmi lo\u017eiskami alebo in\u00fdmi pohybliv\u00fdmi \u010das\u0165ami.<\/li>\n<\/ul>\n<p>Na rie\u0161enie t\u00fdchto probl\u00e9mov je d\u00f4le\u017eit\u00e9 dodr\u017eiava\u0165 pokyny v\u00fdrobcu a pou\u017e\u00edva\u0165 vhodn\u00e9 met\u00f3dy rie\u0161enia probl\u00e9mov. Odpor\u00fa\u010da sa vykon\u00e1va\u0165 pravideln\u00fa \u00fadr\u017ebu, aby sa predi\u0161lo t\u00fdmto probl\u00e9mom.<\/p>\n<p><img decoding=\"async\" src=\"https:\/\/www.hydraulic-cylinders.net\/wp-content\/uploads\/2025\/01\/songte-bushings-with-all-kinds-of-excavator-models.webp\" alt=\"Obr\u00e1zok puzdier hydraulick\u00e9ho valca\"><\/p>\n<h2>O na\u0161ej spolo\u010dnosti<\/h2>\n<p>Sme popredn\u00fdm v\u00fdrobcom a ve\u013ekoobchodn\u00fdm distrib\u00fatorom hydraulick\u00fdch valcov so \u0161pecializ\u00e1ciou na v\u00fdmenu hydraulick\u00fdch valcov. Na\u0161a spolo\u010dnos\u0165 pon\u00faka komplexn\u00fd sortiment produktov vr\u00e1tane r\u00f4znych typov hydraulick\u00fdch valcov, ktor\u00e9 sa stali jedn\u00fdm z popredn\u00fdch produktov na dom\u00e1com aj zahrani\u010dnom trhu. Na\u0161a spolo\u010dnos\u0165 sa riadi princ\u00edpom vynikaj\u00facej kvality a spolieha sa na strat\u00e9gie riadenia v\u00fdroby \u0161pecifick\u00e9 pre dan\u00e9 odvetvie v prec\u00edzne spracovan\u00fdch diel\u0148ach, ako aj na technick\u00e9 talenty, \u0161pi\u010dkov\u00e9 digit\u00e1lne v\u00fdrobn\u00e9 zariadenia a profesion\u00e1lne testovacie syst\u00e9my, \u010d\u00edm neust\u00e1le zlep\u0161ujeme v\u00fdrobn\u00fa platformu v dielni a zlep\u0161ujeme kvalitu v\u00fdroby produktov. M\u00e1me siln\u00e9 kreat\u00edvne schopnosti a dok\u00e1\u017eeme uspokoji\u0165 rozmanit\u00e9 potreby z\u00e1kazn\u00edkov na princ\u00edpoch vysokej efektivity, vysokej presnosti a vysokej kvality.<\/p>\n<p><img decoding=\"async\" src=\"https:\/\/hzpt.com\/wp-content\/uploads\/2024\/11\/songte-company-1.webp\" alt=\"Obr\u00e1zok spolo\u010dnosti\"><\/p>\n<h3>Profesionalita<\/h3>\n<p>Na\u0161a spolo\u010dnos\u0165 m\u00e1 vysoko \u0161pecializovan\u00fd t\u00edm profesion\u00e1lov s dlhoro\u010dn\u00fdmi sk\u00fasenos\u0165ami v tomto odvetv\u00ed. Od n\u00e1vrhu cez v\u00fdrobu a\u017e po predaj m\u00e1me t\u00edm odborn\u00edkov, ktor\u00ed zabezpe\u010duj\u00fa kvalitu a efekt\u00edvnos\u0165.<\/p>\n<h3>Medzin\u00e1rodn\u00e1 certifik\u00e1cia<\/h3>\n<p>Na\u0161a spolo\u010dnos\u0165 z\u00edskala r\u00f4zne medzin\u00e1rodn\u00e9 certifik\u00e1ty, ako napr\u00edklad ISO9001 a CE, \u010do zaru\u010duje, \u017ee na\u0161e v\u00fdrobky sp\u013a\u0148aj\u00fa medzin\u00e1rodn\u00e9 \u0161tandardy kvality a bezpe\u010dnosti.<\/p>\n<h3>Slu\u017eby na mieru<\/h3>\n<p>Na\u0161a spolo\u010dnos\u0165 poskytuje slu\u017eby na mieru, ktor\u00e9 sp\u013a\u0148aj\u00fa \u0161pecifick\u00e9 potreby z\u00e1kazn\u00edkov, vr\u00e1tane z\u00e1kazkov\u00fdch n\u00e1vrhov, ve\u013ekost\u00ed a materi\u00e1lov.<\/p>\n<h3>V\u00fdrobn\u00e9 zariadenia<\/h3>\n<p>Na\u0161a spolo\u010dnos\u0165 investovala do modern\u00fdch v\u00fdrobn\u00fdch zariaden\u00ed vr\u00e1tane CNC strojov a testovac\u00edch zariaden\u00ed, aby zabezpe\u010dila presnos\u0165 a efekt\u00edvnos\u0165 v\u00fdroby.<\/p>\n<h3>Popredajn\u00fd servis<\/h3>\n<p>Na\u0161a spolo\u010dnos\u0165 poskytuje komplexn\u00e9 popredajn\u00e9 slu\u017eby vr\u00e1tane \u00fadr\u017eby a opr\u00e1v, aby sme zabezpe\u010dili spokojnos\u0165 z\u00e1kazn\u00edkov a pred\u013a\u017eili \u017eivotnos\u0165 produktov.<\/p>\n<h4>Autor: lyl<\/h4>","protected":false},"excerpt":{"rendered":"<p>Bucket Cylinder For Doosan Large Excavator DH300-5 Introduction The bucket cylinder for Doosan large excavator DH300-5 is a specialized hydraulic cylinder used to control the movement of the bucket in heavy machinery such as excavators, backhoe loaders, and front-end loaders. Its main purpose is to allow the bucket to be raised, lowered, and tilted, making [&hellip;]<\/p>","protected":false},"featured_media":14776,"comment_status":"open","ping_status":"closed","template":"","meta":{"_et_pb_use_builder":"","_et_pb_old_content":"","_et_gb_content_width":""},"product_brand":[],"product_cat":[1494],"product_tag":[1495,1496],"class_list":{"0":"post-15290","1":"product","2":"type-product","3":"status-publish","4":"has-post-thumbnail","6":"product_cat-bucket-cylinders","7":"product_tag-bucket-cylinders","8":"product_tag-hydraulic-cylinders","10":"first","11":"instock","12":"shipping-taxable","13":"product-type-simple"},"amp_enabled":true,"_links":{"self":[{"href":"https:\/\/www.hydraulic-cylinders.net\/sk\/wp-json\/wp\/v2\/product\/15290","targetHints":{"allow":["GET"]}}],"collection":[{"href":"https:\/\/www.hydraulic-cylinders.net\/sk\/wp-json\/wp\/v2\/product"}],"about":[{"href":"https:\/\/www.hydraulic-cylinders.net\/sk\/wp-json\/wp\/v2\/types\/product"}],"replies":[{"embeddable":true,"href":"https:\/\/www.hydraulic-cylinders.net\/sk\/wp-json\/wp\/v2\/comments?post=15290"}],"wp:featuredmedia":[{"embeddable":true,"href":"https:\/\/www.hydraulic-cylinders.net\/sk\/wp-json\/wp\/v2\/media\/14776"}],"wp:attachment":[{"href":"https:\/\/www.hydraulic-cylinders.net\/sk\/wp-json\/wp\/v2\/media?parent=15290"}],"wp:term":[{"taxonomy":"product_brand","embeddable":true,"href":"https:\/\/www.hydraulic-cylinders.net\/sk\/wp-json\/wp\/v2\/product_brand?post=15290"},{"taxonomy":"product_cat","embeddable":true,"href":"https:\/\/www.hydraulic-cylinders.net\/sk\/wp-json\/wp\/v2\/product_cat?post=15290"},{"taxonomy":"product_tag","embeddable":true,"href":"https:\/\/www.hydraulic-cylinders.net\/sk\/wp-json\/wp\/v2\/product_tag?post=15290"}],"curies":[{"name":"pracovn\u00fd list","href":"https:\/\/api.w.org\/{rel}","templated":true}]}}