{"id":15292,"date":"2025-01-19T14:20:47","date_gmt":"2025-01-19T14:20:47","guid":{"rendered":"https:\/\/www.hydraulic-cylinders.net\/product\/bucket-cylinder-for-doosan-large-excavator-d370l-9\/"},"modified":"2025-01-19T14:20:49","modified_gmt":"2025-01-19T14:20:49","slug":"bucket-cylinder-for-doosan-large-excavator-d370l-9","status":"publish","type":"product","link":"https:\/\/www.hydraulic-cylinders.net\/sk\/produkt\/bucket-cylinder-for-doosan-large-excavator-d370l-9\/","title":{"rendered":"Valec vedra pre ve\u013ek\u00e9 r\u00fdpadlo Doosan D370L-9"},"content":{"rendered":"<h1>Valec vedra pre ve\u013ek\u00e9 r\u00fdpadlo Doosan D370L-9<\/h1>\n<h2>\u00davod<\/h2>\n<p>Hydraulick\u00fd valec ly\u017eice je \u0161peci\u00e1lne navrhnut\u00fd hydraulick\u00fd valec pou\u017e\u00edvan\u00fd na ovl\u00e1danie pohybu ly\u017e\u00edc v \u0165a\u017ek\u00fdch strojoch, ako s\u00fa bagre, r\u00fdpadl\u00e1 a \u010deln\u00e9 naklada\u010de. Jeho hlavnou funkciou je umo\u017eni\u0165 ly\u017eici zdv\u00edhanie, sp\u00fa\u0161\u0165anie a nakl\u00e1\u0148anie, \u010do u\u013eah\u010duje vykon\u00e1vanie r\u00f4znych \u00faloh manipul\u00e1cie s materi\u00e1lom. V hydraulickom syst\u00e9me valec ly\u017eice riadi presn\u00e9 pohyby ly\u017eice prostredn\u00edctvom zmien tlaku hydraulick\u00e9ho oleja, \u010do umo\u017e\u0148uje obsluhe efekt\u00edvne manipulova\u0165 s \u0165a\u017ek\u00fdmi bremenami a prisp\u00f4sobova\u0165 sa zlo\u017eit\u00fdm pracovn\u00fdm prostrediam a r\u00f4znorod\u00fdm po\u017eiadavk\u00e1m na pr\u00e1cu.<\/p>\n<p><img decoding=\"async\" src=\"https:\/\/www.hydraulic-cylinders.net\/wp-content\/uploads\/2025\/01\/songte-company-2.webp\" alt=\"Valec vedra pre ve\u013ek\u00e9 r\u00fdpadlo Doosan D370L-9\"><\/p>\n<h2>Funkcie<\/h2>\n<ul>\n<li>Vysok\u00e1 pevnos\u0165 a odolnos\u0165: Zvy\u010dajne s\u00fa vyroben\u00e9 z vysokopevnostnej ocele alebo hlin\u00edka, schopn\u00e9 odol\u00e1va\u0165 vysok\u00e9mu tlaku a \u0165a\u017ek\u00fdm za\u0165a\u017eeniam a s\u00fa navrhnut\u00e9 s oh\u013eadom na odolnos\u0165 vo\u010di opotrebovaniu a kor\u00f3zii, aby sa pred\u013a\u017eila \u017eivotnos\u0165.<\/li>\n<li>Efekt\u00edvna hydraulick\u00e1 prev\u00e1dzka: Vyu\u017e\u00edva tlak hydraulick\u00e9ho oleja na dosiahnutie plynul\u00fdch pohybov vys\u00favania a s\u0165ahovania, je schopn\u00fd r\u00fdchlo reagova\u0165 na ovl\u00e1dacie povely a poskytova\u0165 siln\u00e9 tla\u010dn\u00e9 a \u0165a\u017en\u00e9 sily, vhodn\u00e9 na manipul\u00e1ciu s \u0165a\u017ek\u00fdmi bremenami a zlo\u017eit\u00fdmi pracovn\u00fdmi \u00falohami.<\/li>\n<li>R\u00f4zne typy: Pod\u013ea potreby si m\u00f4\u017eete vybra\u0165 medzi jedno\u010dinn\u00fdmi (hydraulick\u00e9 iba v jednom smere) alebo dvoj\u010dinn\u00fdmi (hydraulick\u00e9 v oboch smeroch) valcami, aby ste splnili r\u00f4zne prev\u00e1dzkov\u00e9 po\u017eiadavky. Niektor\u00e9 modely s\u00fa teleskopick\u00e9, \u010do umo\u017e\u0148uje v\u00e4\u010d\u0161ie vysunutie bez zv\u00e4\u010d\u0161enia vonkaj\u0161\u00edch rozmerov, vhodn\u00e9 pre aplik\u00e1cie s obmedzen\u00fdm priestorom.<\/li>\n<li>Mo\u017enos\u0165 v\u00fdmeny: N\u00e1\u0161 produkt dok\u00e1\u017ee dokonale nahradi\u0165 tieto hydraulick\u00e9 valce.<\/li>\n<\/ul>\n<p><img decoding=\"async\" src=\"https:\/\/www.hydraulic-cylinders.net\/wp-content\/uploads\/2025\/01\/songte-cylinder-head-with-all-kinds-excavator-models.webp\" alt=\"Valec vedra pre ve\u013ek\u00e9 r\u00fdpadlo Doosan D370L-9\"><\/p>\n<h2>Aplik\u00e1cie<\/h2>\n<p>Valec s vedrom sa \u0161iroko pou\u017e\u00edva v r\u00f4znych zariadeniach vr\u00e1tane:<\/p>\n<h3>Stavebn\u00e9 stroje<\/h3>\n<p>Stavebn\u00e9 stroje sa pri kopan\u00ed, nakladan\u00ed a premiest\u0148ovan\u00ed zeminy alebo sutiny vo ve\u013ekej miere spoliehaj\u00fa na r\u00fdpadl\u00e1. V r\u00fdpadlov\u00fdch naklada\u010doch pom\u00e1haj\u00fa valce ko\u0161\u00edkov pri kopan\u00ed aj zdv\u00edhan\u00ed. \u010celn\u00e9 naklada\u010de pou\u017e\u00edvaj\u00fa valce ko\u0161\u00edkov na efekt\u00edvne zdv\u00edhanie a nakl\u00e1\u0148anie bremien.<\/p>\n<h3>Po\u013enohospod\u00e1rske stroje<\/h3>\n<p>Pou\u017e\u00edvaj\u00fa sa pre \u010deln\u00e9 naklada\u010de, na zdv\u00edhanie, nakladanie a prepravu zeminy, sena a in\u00fdch materi\u00e1lov. V r\u00fdpadl\u00e1ch dosahuj\u00fa valce ko\u0161\u00edkov kopacie \u010dinnosti t\u00fdm, \u017ee umo\u017e\u0148uj\u00fa ko\u0161\u00edku prenikn\u00fa\u0165 do p\u00f4dy. V \u010deln\u00fdch naklada\u010doch pom\u00e1haj\u00fa efekt\u00edvne zdv\u00edha\u0165 a vyklada\u0165 tovar.<\/p>\n<p><img decoding=\"async\" src=\"https:\/\/www.hydraulic-cylinders.net\/wp-content\/uploads\/2025\/01\/songte-bushings-with-all-kinds-of-excavator-models.webp\" alt=\"Valec vedra pre ve\u013ek\u00e9 r\u00fdpadlo Doosan D370L-9\"><\/p>\n<h2>\u00davahy o dizajne a krit\u00e9ri\u00e1 v\u00fdberu<\/h2>\n<p>Z h\u013eadiska kon\u0161trukcie musia valce s ko\u0161\u00edkom zoh\u013eadni\u0165 nosnos\u0165, tesnenie, trvanlivos\u0165, bezpe\u010dnos\u0165 a \u00fadr\u017ebu. Nasleduj\u00face body tieto faktory podrobnej\u0161ie vysvet\u013euj\u00fa:<\/p>\n<h3>Nosnos\u0165<\/h3>\n<p>Valec mus\u00ed ma\u0165 dostato\u010dn\u00fa pevnos\u0165, aby uniesol maxim\u00e1lne za\u0165a\u017eenie bez deform\u00e1cie. V\u00fdber spr\u00e1vnej ve\u013ekosti valca je d\u00f4le\u017eit\u00fd pre zabezpe\u010denie maxim\u00e1lneho v\u00fdkonu a dlhej \u017eivotnosti.<\/p>\n<h3>Tesnenie<\/h3>\n<p>Valec mus\u00ed ma\u0165 vysoko kvalitn\u00e9 tesnenia, aby sa zabr\u00e1nilo \u00fanikom a kontamin\u00e1cii. Pre tesnenia by sa mali zvoli\u0165 vhodn\u00e9 materi\u00e1ly, ako je polyuret\u00e1n a nitrilov\u00e1 guma, aby sa zabezpe\u010dila odolnos\u0165 vo\u010di opotrebovaniu a dlh\u00e1 \u017eivotnos\u0165.<\/p>\n<h3>Trvanlivos\u0165<\/h3>\n<p>Komponenty valca, ako napr\u00edklad teleso valca a piestna ty\u010d, by mali by\u0165 vyroben\u00e9 z vysoko kvalitn\u00fdch materi\u00e1lov, aby odolali n\u00e1ro\u010dn\u00fdm prev\u00e1dzkov\u00fdm podmienkam a poskytovali dlhotrvaj\u00faci v\u00fdkon. Povrch telesa valca a z\u00e1vitov\u00fdch koncov by mal by\u0165 jemne opracovan\u00fd, aby sa zlep\u0161ila odolnos\u0165 proti opotrebovaniu.<\/p>\n<h3>Bezpe\u010dnos\u0165<\/h3>\n<p>Bezpe\u010dnos\u0165 je pri pr\u00e1ci s \u0165a\u017ek\u00fdmi zariadeniami mimoriadne d\u00f4le\u017eit\u00e1. Valec vedra by mal by\u0165 navrhnut\u00fd s bezpe\u010dnostn\u00fdmi prvkami, ako s\u00fa pretlakov\u00e9 ventily, ktor\u00e9 zabra\u0148uj\u00fa pre\u0165a\u017eeniu, a bezpe\u010dnostn\u00e9 z\u00e1mky, ktor\u00e9 zabra\u0148uj\u00fa nehod\u00e1m sp\u00f4soben\u00fdm n\u00e1hlou stratou hydraulick\u00e9ho tlaku.<\/p>\n<h3>\u00dadr\u017eba<\/h3>\n<p>Na zabezpe\u010denie optim\u00e1lneho v\u00fdkonu a dlhej \u017eivotnosti valca s ko\u0161\u00edkom je potrebn\u00e1 pravideln\u00e1 \u00fadr\u017eba. Spr\u00e1vne mazanie a v\u00fdmena tesnen\u00ed s\u00fa nevyhnutn\u00e9 na zabr\u00e1nenie po\u0161kodenia vn\u00fatorn\u00fdch komponentov valca. Dodr\u017eiavan\u00edm pl\u00e1nu \u00fadr\u017eby odpor\u00fa\u010dan\u00e9ho v\u00fdrobcom je mo\u017en\u00e9 v\u00fdrazne pred\u013a\u017ei\u0165 \u017eivotnos\u0165 valca s ko\u0161\u00edkom.<\/p>\n<p><img decoding=\"async\" src=\"https:\/\/www.hydraulic-cylinders.net\/wp-content\/uploads\/2025\/01\/songte-oil-pipes-and-spare-parts.webp\" alt=\"Valec vedra pre ve\u013ek\u00e9 r\u00fdpadlo Doosan D370L-9\"><\/p>\n<h2>Tesnenie a mazanie<\/h2>\n<p>Hydraulick\u00fd valec vyu\u017e\u00edva r\u00f4zne tesniace komponenty vr\u00e1tane tesnen\u00ed piestov a tesnen\u00ed ty\u010d\u00ed, aby sa zabr\u00e1nilo \u00faniku hydraulickej kvapaliny. Pre dlhodob\u00fd v\u00fdkon je potrebn\u00e9 pou\u017ei\u0165 vysoko kvalitn\u00e9 tesnenia vyroben\u00e9 z materi\u00e1lov odoln\u00fdch vo\u010di opotrebovaniu, ako je polyuret\u00e1n alebo nitrilov\u00fd kau\u010duk. Na udr\u017eanie optim\u00e1lneho v\u00fdkonu valca a zabr\u00e1nenie opotrebovaniu vn\u00fatorn\u00fdch \u010dast\u00ed v d\u00f4sledku trenia je potrebn\u00e9 pravideln\u00e9 mazanie. Hydraulick\u00fd valec vy\u017eaduje pravideln\u00e9 v\u00fdmeny oleja v z\u00e1vislosti od pou\u017eitia a prev\u00e1dzkov\u00fdch podmienok, aby sa zabezpe\u010dilo spr\u00e1vne mazanie a chr\u00e1nili sa vn\u00fatorn\u00e9 komponenty pred po\u0161koden\u00edm.<\/p>\n<h2>\u00dadr\u017eba<\/h2>\n<p>Pravideln\u00e1 \u00fadr\u017eba a prevent\u00edvne opatrenia predl\u017euj\u00fa \u017eivotnos\u0165 valca s lopatou. Medzi be\u017en\u00e9 \u00falohy \u00fadr\u017eby patr\u00ed pravideln\u00e1 kontrola, vhodn\u00e9 mazanie, v\u00fdmena tesnen\u00ed a kontrola kalibr\u00e1cie. Spr\u00e1vna in\u0161tal\u00e1cia je nevyhnutn\u00e1 pre optim\u00e1lny v\u00fdkon. Po\u010das in\u0161tal\u00e1cie mus\u00ed by\u0165 valec spr\u00e1vne zarovnan\u00fd a bezpe\u010dne upevnen\u00fd na mieste pomocou vhodn\u00fdch mont\u00e1\u017enych konzol. Na zabezpe\u010denie optim\u00e1lneho v\u00fdkonu a \u017eivotnosti valca s lopatou by sa mali dodr\u017eiava\u0165 odpor\u00fa\u010dan\u00e9 postupy kontroly, opravy a v\u00fdmeny.<\/p>\n<p><img decoding=\"async\" src=\"https:\/\/www.hydraulic-cylinders.net\/wp-content\/uploads\/2025\/01\/songte-chushion-collar.webp\" alt=\"Valec vedra pre ve\u013ek\u00e9 r\u00fdpadlo Doosan D370L-9\"><\/p>\n<h2>Bezpe\u010dnostn\u00e9 aspekty a faktory prostredia<\/h2>\n<p>Valec kor\u010deka je kritickou s\u00fa\u010das\u0165ou \u0165a\u017ek\u00fdch strojov a mus\u00ed by\u0165 navrhnut\u00fd a in\u0161talovan\u00fd s oh\u013eadom na bezpe\u010dnos\u0165. Obsluha mus\u00ed by\u0165 vy\u0161kolen\u00e1 na bezpe\u010dn\u00fa obsluhu strojov a dodr\u017eiavanie v\u0161etk\u00fdch bezpe\u010dnostn\u00fdch pokynov. Je tie\u017e d\u00f4le\u017eit\u00e9 zv\u00e1\u017ei\u0165 environment\u00e1lne faktory, ako je hlukov\u00e9 zne\u010distenie, zne\u010distenie ovzdu\u0161ia a kontamin\u00e1cia p\u00f4dy v d\u00f4sledku pou\u017e\u00edvania \u0165a\u017ek\u00fdch strojov.<\/p>\n<h2>Rie\u0161enie probl\u00e9mov a be\u017en\u00e9 probl\u00e9my<\/h2>\n<p>Medzi be\u017en\u00e9 probl\u00e9my s valcami vedra patr\u00ed netesnos\u0165, slab\u00fd v\u00fdkon a abnorm\u00e1lne zvuky. Pravideln\u00e1 kontrola a \u00fadr\u017eba m\u00f4\u017eu v\u00e4\u010d\u0161ine probl\u00e9mov pred\u00eds\u0165. V pr\u00edpade ak\u00fdchko\u013evek probl\u00e9mov by sa mal hydraulick\u00fd syst\u00e9m valca starostlivo diagnostikova\u0165, aby sa identifikovala ich pr\u00ed\u010dina. Na vyrie\u0161enie probl\u00e9mu by sa mali pou\u017ei\u0165 vhodn\u00e9 rie\u0161enia a mali by sa prija\u0165 prevent\u00edvne opatrenia, aby sa v bud\u00facnosti predi\u0161lo podobn\u00fdm probl\u00e9mom.<\/p>\n<h2>O n\u00e1s<\/h2>\n<p>Sme v\u00fdrobca \u0161pecializuj\u00faci sa na v\u00fdrobu n\u00e1hradn\u00fdch hydraulick\u00fdch valcov. Na\u0161e produkty pokr\u00fdvaj\u00fa \u0161irok\u00fa \u0161k\u00e1lu typov a stali sme sa jedn\u00fdm z popredn\u00fdch v\u00fdrobcov a ve\u013ekoobchodn\u00fdch distrib\u00fatorov hydraulick\u00fdch valcov na dom\u00e1com aj medzin\u00e1rodnom trhu. Dodr\u017eiavame z\u00e1sadu vynikaj\u00facej kvality, spoliehame sa na industrializovan\u00e9 strat\u00e9gie riadenia v\u00fdroby v prec\u00edznych v\u00fdrobn\u00fdch diel\u0148ach, neust\u00e1le zlep\u0161ujeme na\u0161u v\u00fdrobn\u00fa platformu a zdokona\u013eujeme na\u0161u v\u00fdrobn\u00fa cestu zameran\u00fa na kvalitu produktov. M\u00e1me siln\u00fa kreativitu, aby sme uspokojili rozmanit\u00e9 potreby z\u00e1kazn\u00edkov efekt\u00edvnymi, presn\u00fdmi a vysoko kvalitn\u00fdmi princ\u00edpmi.<\/p>\n<p>Medzi siln\u00e9 str\u00e1nky na\u0161ej spolo\u010dnosti patria:<\/p>\n<ul>\n<li>Profesionalita<\/li>\n<li>Medzin\u00e1rodn\u00e1 certifik\u00e1cia<\/li>\n<li>Slu\u017eby prisp\u00f4sobenia<\/li>\n<li>Pokro\u010dil\u00e9 v\u00fdrobn\u00e9 zariadenia<\/li>\n<li>Popredajn\u00fd servis<\/li>\n<\/ul>\n<p><img decoding=\"async\" src=\"https:\/\/hzpt.com\/wp-content\/uploads\/2024\/11\/songte-company-1.webp\" alt=\"Valec vedra pre ve\u013ek\u00e9 r\u00fdpadlo Doosan D370L-9\"><\/p>\n<p>Sna\u017e\u00edme sa poskytova\u0165 na\u0161im z\u00e1kazn\u00edkom vysoko kvalitn\u00e9 produkty a slu\u017eby a zabezpe\u010di\u0165 ich spokojnos\u0165. Zaviazali sme sa k dokonalosti a neust\u00e1le zlep\u0161ujeme na\u0161e produkty a slu\u017eby, aby sme splnili potreby na\u0161ich z\u00e1kazn\u00edkov.<\/p>\n<p>Autor: lyl.<\/p>","protected":false},"excerpt":{"rendered":"<p>Bucket Cylinder For Doosan Large Excavator D370L-9 Introduction A bucket cylinder is a specially designed hydraulic cylinder used to control the movement of buckets in heavy machinery such as excavators, backhoes, and front-end loaders. Its primary function is to allow the bucket to lift, lower, and tilt, making it easier to handle various material handling [&hellip;]<\/p>","protected":false},"featured_media":14771,"comment_status":"open","ping_status":"closed","template":"","meta":{"_et_pb_use_builder":"","_et_pb_old_content":"","_et_gb_content_width":""},"product_brand":[],"product_cat":[1494],"product_tag":[1495,1496],"class_list":{"0":"post-15292","1":"product","2":"type-product","3":"status-publish","4":"has-post-thumbnail","6":"product_cat-bucket-cylinders","7":"product_tag-bucket-cylinders","8":"product_tag-hydraulic-cylinders","10":"first","11":"instock","12":"shipping-taxable","13":"product-type-simple"},"amp_enabled":true,"_links":{"self":[{"href":"https:\/\/www.hydraulic-cylinders.net\/sk\/wp-json\/wp\/v2\/product\/15292","targetHints":{"allow":["GET"]}}],"collection":[{"href":"https:\/\/www.hydraulic-cylinders.net\/sk\/wp-json\/wp\/v2\/product"}],"about":[{"href":"https:\/\/www.hydraulic-cylinders.net\/sk\/wp-json\/wp\/v2\/types\/product"}],"replies":[{"embeddable":true,"href":"https:\/\/www.hydraulic-cylinders.net\/sk\/wp-json\/wp\/v2\/comments?post=15292"}],"wp:featuredmedia":[{"embeddable":true,"href":"https:\/\/www.hydraulic-cylinders.net\/sk\/wp-json\/wp\/v2\/media\/14771"}],"wp:attachment":[{"href":"https:\/\/www.hydraulic-cylinders.net\/sk\/wp-json\/wp\/v2\/media?parent=15292"}],"wp:term":[{"taxonomy":"product_brand","embeddable":true,"href":"https:\/\/www.hydraulic-cylinders.net\/sk\/wp-json\/wp\/v2\/product_brand?post=15292"},{"taxonomy":"product_cat","embeddable":true,"href":"https:\/\/www.hydraulic-cylinders.net\/sk\/wp-json\/wp\/v2\/product_cat?post=15292"},{"taxonomy":"product_tag","embeddable":true,"href":"https:\/\/www.hydraulic-cylinders.net\/sk\/wp-json\/wp\/v2\/product_tag?post=15292"}],"curies":[{"name":"pracovn\u00fd list","href":"https:\/\/api.w.org\/{rel}","templated":true}]}}