{"id":15295,"date":"2025-01-19T14:20:59","date_gmt":"2025-01-19T14:20:59","guid":{"rendered":"https:\/\/www.hydraulic-cylinders.net\/product\/bucket-cylinder-for-doosan-large-excavator-dh300lc-7\/"},"modified":"2025-01-19T14:21:07","modified_gmt":"2025-01-19T14:21:07","slug":"bucket-cylinder-for-doosan-large-excavator-dh300lc-7","status":"publish","type":"product","link":"https:\/\/www.hydraulic-cylinders.net\/sk\/produkt\/bucket-cylinder-for-doosan-large-excavator-dh300lc-7\/","title":{"rendered":"Valec vedra pre ve\u013ek\u00e9 r\u00fdpadlo Doosan DH300LC-7"},"content":{"rendered":"<h1>Valec vedra pre ve\u013ek\u00e9 r\u00fdpadlo Doosan DH300LC-7<\/h1>\n<h2>\u00davod<\/h2>\n<h3>Definovanie valca vedra<\/h3>\n<p>Hydraulick\u00fd valec lopaty je \u0161pecializovan\u00fd hydraulick\u00fd valec pou\u017e\u00edvan\u00fd na ovl\u00e1danie pohybu lopaty v \u0165a\u017ek\u00fdch strojoch, ako s\u00fa r\u00fdpadl\u00e1, r\u00fdpadl\u00e1-naklada\u010de a \u010deln\u00e9 naklada\u010de. Jeho hlavnou funkciou je umo\u017eni\u0165 zdv\u00edhanie, sp\u00fa\u0161\u0165anie a nakl\u00e1\u0148anie lopaty, \u010d\u00edm u\u013eah\u010duje r\u00f4zne \u00falohy manipul\u00e1cie s materi\u00e1lom. V hydraulickom syst\u00e9me dosahuje valec lopaty presn\u00e9 ovl\u00e1danie pohybu lopaty zmenou tlaku hydraulick\u00e9ho oleja, \u010do umo\u017e\u0148uje obsluhe efekt\u00edvne manipulova\u0165 s \u0165a\u017ek\u00fdmi bremenami a prisp\u00f4sobi\u0165 sa zlo\u017eit\u00fdm pracovn\u00fdm prostrediam a r\u00f4znym prev\u00e1dzkov\u00fdm po\u017eiadavk\u00e1m.<\/p>\n<p><img decoding=\"async\" src=\"https:\/\/www.hydraulic-cylinders.net\/wp-content\/uploads\/2025\/01\/songte-company-2.webp\" alt=\"Obr\u00e1zok valca vedra\"><\/p>\n<h3>Vlastnosti vedrov\u00e9ho valca<\/h3>\n<ul>\n<li><strong>Vysok\u00e1 pevnos\u0165 a odolnos\u0165:<\/strong> Zvy\u010dajne je vyroben\u00fd z vysokopevnostnej ocele alebo hlin\u00edka, odol\u00e1 vysok\u00e9mu tlaku a \u0165a\u017ek\u00fdm za\u0165a\u017eeniam, prisp\u00f4sob\u00ed sa n\u00e1ro\u010dn\u00fdm pracovn\u00fdm podmienkam a je navrhnut\u00fd s oh\u013eadom na odolnos\u0165 vo\u010di opotrebovaniu a kor\u00f3zii, \u010d\u00edm sa predl\u017euje jeho \u017eivotnos\u0165.<\/li>\n<li><strong>Efekt\u00edvna hydraulick\u00e1 prev\u00e1dzka:<\/strong> V\u010faka plynul\u00e9mu vys\u00favaniu a s\u0165ahovaniu pomocou tlaku hydraulick\u00e9ho oleja dok\u00e1\u017ee r\u00fdchlo reagova\u0165 na ovl\u00e1dacie pr\u00edkazy a poskytova\u0165 siln\u00fa tla\u010dn\u00fa a \u0165a\u017en\u00fa silu, \u010do je vhodn\u00e9 na manipul\u00e1ciu s \u0165a\u017ek\u00fdmi bremenami a zlo\u017eit\u00e9 prev\u00e1dzkov\u00e9 \u00falohy.<\/li>\n<li><strong>R\u00f4zne typy:<\/strong> Pod\u013ea potrieb a prev\u00e1dzkov\u00fdch po\u017eiadaviek je mo\u017en\u00e9 vybra\u0165 jedno\u010dinn\u00e9 (hydraulicky ovl\u00e1dan\u00e9 v jednom smere) alebo dvoj\u010dinn\u00e9 (hydraulicky ovl\u00e1dan\u00e9 v oboch smeroch) valce. Niektor\u00e9 modely s\u00fa teleskopick\u00e9, \u010do umo\u017e\u0148uje v\u00e4\u010d\u0161ie vysunutie bez zv\u00e4\u010d\u0161enia vonkaj\u0161\u00edch rozmerov a s\u00fa vhodn\u00e9 pre aplik\u00e1cie s obmedzen\u00fdm priestorom.<\/li>\n<li><strong>V\u00fdmena existuj\u00facich valcov:<\/strong> Na\u0161e produkty dok\u00e1\u017eu dokonale nahradi\u0165 tieto hydraulick\u00e9 valce.<\/li>\n<\/ul>\n<p><img decoding=\"async\" src=\"https:\/\/www.hydraulic-cylinders.net\/wp-content\/uploads\/2025\/01\/songte-cylinder-head-with-all-kinds-excavator-models.webp\" alt=\"Obr\u00e1zok v\u00fdmeny valca vedra\"><\/p>\n<h3>Aplik\u00e1cie vedrov\u00e9ho valca<\/h3>\n<p>Valec kor\u010deka je z\u00e1kladnou s\u00fa\u010das\u0165ou stavebn\u00fdch zariaden\u00ed, po\u013enohospod\u00e1rskych strojov, r\u00fdpadiel a naklada\u010dov. Jeho aplik\u00e1cie zah\u0155\u0148aj\u00fa:<\/p>\n<ul>\n<li><strong>Stavebn\u00e9 vybavenie:<\/strong> V r\u00fdpadl\u00e1ch sa zistilo, \u017ee s\u00fa k\u013e\u00fa\u010dov\u00e9 pre kopanie, nakladanie a premiest\u0148ovanie zeminy alebo sutiny. V r\u00fdpadlov\u00fdch r\u00fdpadl\u00e1ch pom\u00e1ha valec ly\u017eice pri kopan\u00ed aj zdv\u00edhan\u00ed. <\/li>\n<li><strong>Po\u013enohospod\u00e1rske stroje:<\/strong> Pou\u017e\u00edva sa v \u010deln\u00fdch naklada\u010doch na naberanie, zdv\u00edhanie a prepravu p\u00f4dy, sena a in\u00fdch materi\u00e1lov. <\/li>\n<li><strong>R\u00fdpadl\u00e1:<\/strong> Valec ly\u017eice umo\u017e\u0148uje kopanie t\u00fdm, \u017ee umo\u017e\u0148uje ly\u017eici prenikn\u00fa\u0165 do p\u00f4dy.<\/li>\n<li><strong>Naklada\u010de:<\/strong> V \u010deln\u00fdch naklada\u010doch pom\u00e1haj\u00fa pri efekt\u00edvnom zdv\u00edhan\u00ed a nakl\u00e1\u0148an\u00ed tovaru. <\/li>\n<\/ul>\n<h3>\u00davahy o dizajne a krit\u00e9ri\u00e1 v\u00fdberu<\/h3>\n<p>Valec s ko\u0161\u00edkom je navrhnut\u00fd tak, aby odolal vysok\u00e9mu tlaku, poskytoval vynikaj\u00face tesnenie, odolnos\u0165, bezpe\u010dnos\u0165 a jednoduch\u00fa \u00fadr\u017ebu. Kon\u0161truk\u010dn\u00e9 aspekty a krit\u00e9ri\u00e1 v\u00fdberu s\u00fa uveden\u00e9 ni\u017e\u0161ie:<\/p>\n<ul>\n<li><strong>Nosnos\u0165:<\/strong> Valec mus\u00ed by\u0165 navrhnut\u00fd tak, aby odolal \u0165a\u017ek\u00fdm za\u0165a\u017eeniam a pohybom vysok\u00e9ho tlaku po\u010das prev\u00e1dzky.<\/li>\n<li><strong>Tesnenie:<\/strong> Valec mus\u00ed by\u0165 dobre utesnen\u00fd, aby sa zabr\u00e1nilo \u00faniku oleja a zabezpe\u010dila sa efekt\u00edvna prev\u00e1dzka. Pou\u017e\u00edvaj\u00fa sa r\u00f4zne tesniace komponenty, ako s\u00fa tesniace kr\u00fa\u017eky piestov a tesniace kr\u00fa\u017eky ty\u010d\u00ed, a uprednost\u0148uj\u00fa sa materi\u00e1ly odoln\u00e9 vo\u010di opotrebovaniu, ako je polyuret\u00e1n a nitrilov\u00e1 guma.<\/li>\n<li><strong>Trvanlivos\u0165:<\/strong> Valec mus\u00ed by\u0165 navrhnut\u00fd z materi\u00e1lov odoln\u00fdch vo\u010di opotrebovaniu, aby odolal abraz\u00edvnemu opotrebovaniu a kor\u00f3zii, \u010d\u00edm sa pred\u013a\u017ei jeho \u017eivotnos\u0165.<\/li>\n<li><strong>Bezpe\u010dnos\u0165:<\/strong> Valec mus\u00ed by\u0165 navrhnut\u00fd tak, aby sa predi\u0161lo nehod\u00e1m po\u010das prev\u00e1dzky a zabezpe\u010dila sa bezpe\u010dnos\u0165 obsluhy.<\/li>\n<li><strong>\u00dadr\u017eba:<\/strong> Valec mus\u00ed by\u0165 navrhnut\u00fd tak, aby sa u\u013eah\u010dila \u00fadr\u017eba a opravy. Hlava valca, piest a ty\u010d musia by\u0165 \u013eahko pr\u00edstupn\u00e9 a valec by sa mal da\u0165 \u013eahko rozobra\u0165 a zlo\u017ei\u0165.<\/li>\n<\/ul>\n<p><img decoding=\"async\" src=\"https:\/\/www.hydraulic-cylinders.net\/wp-content\/uploads\/2025\/01\/songte-oil-pipes-and-spare-parts.webp\" alt=\"Obr\u00e1zok \u00fadr\u017eby valca vedra\"><\/p>\n<h3>Tesnenie a mazanie valca vedra<\/h3>\n<p>V valci valca sa pou\u017e\u00edvaj\u00fa r\u00f4zne tesniace komponenty na udr\u017eanie jeho efekt\u00edvnej prev\u00e1dzky. Patria sem tesniace kr\u00fa\u017eky piestov, tesniace kr\u00fa\u017eky ty\u010d\u00ed a \u010fal\u0161ie materi\u00e1ly odoln\u00e9 vo\u010di opotrebovaniu, ktor\u00e9 odol\u00e1vaj\u00fa abraz\u00edvnemu opotrebovaniu a zabra\u0148uj\u00fa \u00faniku oleja. Hlava valca, piest a ty\u010d s\u00fa o\u0161etren\u00e9 tak, aby sa zv\u00fd\u0161ila ich odolnos\u0165 vo\u010di opotrebovaniu a po\u0161kodeniu. Valec sa mus\u00ed pravidelne maza\u0165 vhodn\u00fdm mno\u017estvom hydraulick\u00e9ho oleja, aby sa zabezpe\u010dila jeho plynul\u00e1 prev\u00e1dzka.<\/p>\n<h3>Kontroln\u00e9 a prevent\u00edvne \u00fadr\u017eb\u00e1rske opatrenia<\/h3>\n<p>Pravideln\u00e1 kontrola a prevent\u00edvna \u00fadr\u017eba s\u00fa nevyhnutn\u00e9 na zabezpe\u010denie efekt\u00edvnej a bezpe\u010dnej prev\u00e1dzky valca s vedrom. Medzi tieto opatrenia patria:<\/p>\n<ul>\n<li><strong>Pravideln\u00e1 kontrola:<\/strong> Kontrola opotrebovania valca a v pr\u00edpade potreby v\u00fdmena opotrebovan\u00fdch dielov.<\/li>\n<li><strong>Mazanie:<\/strong> Pravideln\u00e9 mazanie valca vhodn\u00fdm mno\u017estvom hydraulick\u00e9ho oleja zabezpe\u010d\u00ed hladk\u00fd chod a pred\u00edde opotrebovaniu.<\/li>\n<li><strong>V\u00fdmena tesnenia a kontrola kalibr\u00e1cie:<\/strong> Pravideln\u00e1 v\u00fdmena v\u0161etk\u00fdch opotrebovan\u00fdch tesniacich komponentov a kontrola kalibr\u00e1cie valca pre zabezpe\u010denie efekt\u00edvnej prev\u00e1dzky.<\/li>\n<\/ul>\n<p>Spr\u00e1vna in\u0161tal\u00e1cia, mazanie a nastavenie s\u00fa k\u013e\u00fa\u010dov\u00e9 pre zabezpe\u010denie optim\u00e1lneho v\u00fdkonu valca s ko\u0161\u00edkom. Po\u010das in\u0161tal\u00e1cie sa odpor\u00fa\u010da spr\u00e1vne zarovna\u0165 valec a na jeho upevnenie pou\u017ei\u0165 vhodn\u00e9 mont\u00e1\u017ene konzoly. Na pred\u013a\u017eenie \u017eivotnosti valca a udr\u017eanie jeho vynikaj\u00faceho v\u00fdkonu sa odpor\u00fa\u010da pravideln\u00e1 kontrola, oprava a v\u00fdmena.<\/p>\n<p><img decoding=\"async\" src=\"https:\/\/www.hydraulic-cylinders.net\/wp-content\/uploads\/2025\/01\/songte-chushion-collar.webp\" alt=\"Obr\u00e1zok in\u0161tal\u00e1cie valca vedra\"><\/p>\n<h3>Bezpe\u010dnostn\u00e9 aspekty a faktory prostredia<\/h3>\n<p>Bezpe\u010dnostn\u00e9 opatrenia s\u00fa k\u013e\u00fa\u010dov\u00e9 pri obsluhe \u0165a\u017ek\u00fdch strojov, ako s\u00fa r\u00fdpadl\u00e1 a naklada\u010de, ktor\u00e9 pou\u017e\u00edvaj\u00fa kypriaci valec. Medzi tieto opatrenia patr\u00ed riadne \u0161kolenie obsluhy, pravideln\u00e1 kontrola strojov a zariaden\u00ed a dodr\u017eiavanie bezpe\u010dnostn\u00fdch predpisov a pokynov.<\/p>\n<p>Faktory prostredia, ako je teplota, vlhkos\u0165 a vystavenie koroz\u00edvnym l\u00e1tkam, m\u00f4\u017eu predstavova\u0165 v\u00fdznamn\u00fa v\u00fdzvu pre efekt\u00edvnu prev\u00e1dzku valca s ko\u0161\u00edkom. Spr\u00e1vny v\u00fdber materi\u00e1lov a kon\u0161truk\u010dn\u00e9 aspekty, ako je odolnos\u0165 proti kor\u00f3zii, m\u00f4\u017eu zabezpe\u010di\u0165 optim\u00e1lny v\u00fdkon v n\u00e1ro\u010dn\u00fdch podmienkach.<\/p>\n<h3>Diagnostika be\u017en\u00fdch por\u00fach a rie\u0161enie probl\u00e9mov<\/h3>\n<p>Medzi be\u017en\u00e9 poruchy, ktor\u00e9 sa m\u00f4\u017eu vyskytn\u00fa\u0165 vo valci valca, patr\u00ed \u00fanik oleja, opotrebovanie piestu a ty\u010de a po\u0161kodenie hlavy valca. Na diagnostiku t\u00fdchto por\u00fach sa odpor\u00fa\u010da vykon\u00e1va\u0165 pravideln\u00fa \u00fadr\u017ebu a kontrolu valca. Ak sa zistia poruchy, musia sa prija\u0165 vhodn\u00e9 opatrenia na opravu a v\u00fdmenu, aby sa zabezpe\u010dil optim\u00e1lny v\u00fdkon.<\/p>\n<h3>Predstavenie spolo\u010dnosti<\/h3>\n<p>Sme v\u00fdrobca hydraulick\u00fdch valcov \u0161pecializuj\u00faci sa na v\u00fdrobu n\u00e1hradn\u00fdch valcov. Na\u0161e produkty pokr\u00fdvaj\u00fa \u0161irok\u00fa \u0161k\u00e1lu typov a stali sme sa jedn\u00fdm z popredn\u00fdch v\u00fdrobcov a ve\u013ekoobchodn\u00fdch distrib\u00fatorov hydraulick\u00fdch valcov na dom\u00e1com aj medzin\u00e1rodnom trhu. Riadime sa z\u00e1sadou vynikaj\u00facej kvality a spoliehame sa na industrializovan\u00e9 strat\u00e9gie riadenia v\u00fdroby v prec\u00edzne spracovan\u00fdch v\u00fdrobn\u00fdch diel\u0148ach. Pou\u017e\u00edvan\u00edm \u0161pi\u010dkov\u00fdch v\u00fdrobn\u00fdch zariaden\u00ed a profesion\u00e1lneho testovacieho syst\u00e9mu neust\u00e1le vylep\u0161ujeme na\u0161u v\u00fdrobn\u00fa platformu, aby sme vyr\u00e1bali vysoko efekt\u00edvne, vysoko presn\u00e9 a vysoko kvalitn\u00e9 produkty, ktor\u00e9 sp\u013a\u0148aj\u00fa rozmanit\u00e9 potreby z\u00e1kazn\u00edkov.<\/p>\n<p><img decoding=\"async\" src=\"https:\/\/hzpt.com\/wp-content\/uploads\/2024\/11\/songte-company-1.webp\" alt=\"Obr\u00e1zok spolo\u010dnosti\"><\/p>\n<h3>Na\u0161a spolo\u010dnos\u0165<\/h3>\n<ul>\n<li><strong>Profesionalita:<\/strong> M\u00e1me t\u00edm profesion\u00e1lov, ktor\u00ed sa venuj\u00fa poskytovaniu vysokokvalitn\u00fdch hydraulick\u00fdch valcov a slu\u017eieb na\u0161im z\u00e1kazn\u00edkom.<\/li>\n<li><strong>Medzin\u00e1rodn\u00e1 certifik\u00e1cia:<\/strong> Z\u00edskali sme r\u00f4zne medzin\u00e1rodn\u00e9 certifik\u00e1ty, ako napr\u00edklad ISO9001 a CE, aby sme zabezpe\u010dili kvalitu na\u0161ich v\u00fdrobkov.<\/li>\n<li><strong>Slu\u017eby prisp\u00f4sobenia:<\/strong> Poskytujeme slu\u017eby prisp\u00f4sobenia hydraulick\u00fdch valcov tak, aby vyhovovali \u0161pecifick\u00fdm potreb\u00e1m na\u0161ich z\u00e1kazn\u00edkov.<\/li>\n<li><strong>V\u00fdrobn\u00e9 vybavenie:<\/strong> Pou\u017e\u00edvame modern\u00e9 v\u00fdrobn\u00e9 zariadenia, aby sme zabezpe\u010dili vynikaj\u00facu kvalitu a efekt\u00edvnu v\u00fdrobu na\u0161ich produktov.<\/li>\n<li><strong>Popredajn\u00e9 slu\u017eby:<\/strong> Poskytujeme popredajn\u00e9 slu\u017eby, ako s\u00fa n\u00e1hradn\u00e9 diely a repasovan\u00e9 slu\u017eby, aby sme pred\u013a\u017eili \u017eivotnos\u0165 hydraulick\u00e9ho valca.<\/li>\n<\/ul>\n<p><img decoding=\"async\" src=\"https:\/\/www.hydraulic-cylinders.net\/wp-content\/uploads\/2025\/01\/songte-company-3.webp\" alt=\"Obr\u00e1zok slu\u017eieb spolo\u010dnosti\"><\/p>\n<p>Autor: lyl.<\/p>","protected":false},"excerpt":{"rendered":"<p>Bucket Cylinder For Doosan Large Excavator DH300LC-7 Introduction Defining Bucket Cylinder A Bucket Cylinder is a specialized hydraulic cylinder used to control the movement of the shovel bucket in heavy machinery such as excavators, backhoe excavators, and front-end loaders. Its main function is to enable the bucket to lift, lower, and tilt, thereby facilitating various [&hellip;]<\/p>","protected":false},"featured_media":14762,"comment_status":"open","ping_status":"closed","template":"","meta":{"_et_pb_use_builder":"","_et_pb_old_content":"","_et_gb_content_width":""},"product_brand":[],"product_cat":[1494],"product_tag":[1495,1496],"class_list":{"0":"post-15295","1":"product","2":"type-product","3":"status-publish","4":"has-post-thumbnail","6":"product_cat-bucket-cylinders","7":"product_tag-bucket-cylinders","8":"product_tag-hydraulic-cylinders","10":"first","11":"instock","12":"shipping-taxable","13":"product-type-simple"},"amp_enabled":true,"_links":{"self":[{"href":"https:\/\/www.hydraulic-cylinders.net\/sk\/wp-json\/wp\/v2\/product\/15295","targetHints":{"allow":["GET"]}}],"collection":[{"href":"https:\/\/www.hydraulic-cylinders.net\/sk\/wp-json\/wp\/v2\/product"}],"about":[{"href":"https:\/\/www.hydraulic-cylinders.net\/sk\/wp-json\/wp\/v2\/types\/product"}],"replies":[{"embeddable":true,"href":"https:\/\/www.hydraulic-cylinders.net\/sk\/wp-json\/wp\/v2\/comments?post=15295"}],"wp:featuredmedia":[{"embeddable":true,"href":"https:\/\/www.hydraulic-cylinders.net\/sk\/wp-json\/wp\/v2\/media\/14762"}],"wp:attachment":[{"href":"https:\/\/www.hydraulic-cylinders.net\/sk\/wp-json\/wp\/v2\/media?parent=15295"}],"wp:term":[{"taxonomy":"product_brand","embeddable":true,"href":"https:\/\/www.hydraulic-cylinders.net\/sk\/wp-json\/wp\/v2\/product_brand?post=15295"},{"taxonomy":"product_cat","embeddable":true,"href":"https:\/\/www.hydraulic-cylinders.net\/sk\/wp-json\/wp\/v2\/product_cat?post=15295"},{"taxonomy":"product_tag","embeddable":true,"href":"https:\/\/www.hydraulic-cylinders.net\/sk\/wp-json\/wp\/v2\/product_tag?post=15295"}],"curies":[{"name":"pracovn\u00fd list","href":"https:\/\/api.w.org\/{rel}","templated":true}]}}