{"id":15298,"date":"2025-01-19T14:21:17","date_gmt":"2025-01-19T14:21:17","guid":{"rendered":"https:\/\/www.hydraulic-cylinders.net\/product\/bucket-cylinder-for-doosan-large-excavator-dx380lc\/"},"modified":"2025-01-19T14:21:19","modified_gmt":"2025-01-19T14:21:19","slug":"bucket-cylinder-for-doosan-large-excavator-dx380lc","status":"publish","type":"product","link":"https:\/\/www.hydraulic-cylinders.net\/sk\/produkt\/bucket-cylinder-for-doosan-large-excavator-dx380lc\/","title":{"rendered":"Valec vedra pre ve\u013ek\u00e9 r\u00fdpadlo Doosan DX380LC"},"content":{"rendered":"<h2>\u00davod<\/h2>\n<h3>Defin\u00edcia valca vedra pre ve\u013ek\u00e9 r\u00fdpadlo Doosan DX380LC<\/h3>\n<p>Hydraulick\u00fd valec ly\u017eice pre ve\u013ek\u00e9 r\u00fdpadl\u00e1 Doosan DX380LC je \u0161pecializovan\u00fd hydraulick\u00fd valec ur\u010den\u00fd na ovl\u00e1danie pohybu ly\u017eice v \u0165a\u017ek\u00fdch strojoch, ako s\u00fa r\u00fdpadl\u00e1, r\u00fdpadlo-naklada\u010de a \u010deln\u00e9 naklada\u010de. Jeho hlavnou funkciou je umo\u017eni\u0165 zdv\u00edhanie, sp\u00fa\u0161\u0165anie a nakl\u00e1\u0148anie ly\u017eice, \u010do u\u013eah\u010duje vykon\u00e1vanie r\u00f4znych \u00faloh manipul\u00e1cie s materi\u00e1lom. V hydraulickom syst\u00e9me dosahuje valec ly\u017eice presn\u00e9 ovl\u00e1danie ly\u017eice prostredn\u00edctvom zmien tlaku hydraulick\u00e9ho oleja, \u010do umo\u017e\u0148uje obsluhe efekt\u00edvne manipulova\u0165 s \u0165a\u017ek\u00fdmi bremenami a prisp\u00f4sobova\u0165 sa zlo\u017eit\u00fdm pracovn\u00fdm prostrediam a r\u00f4znorod\u00fdm po\u017eiadavk\u00e1m na pr\u00e1cu.<\/p>\n<p><img decoding=\"async\" src=\"https:\/\/www.hydraulic-cylinders.net\/wp-content\/uploads\/2025\/01\/songte-company-2.webp\" alt=\"Valec vedra pre ve\u013ek\u00e9 r\u00fdpadlo Doosan DX380LC\"><\/p>\n<h2>Vlastnosti produktu<\/h2>\n<h3>Vysok\u00e1 pevnos\u0165 a odolnos\u0165<\/h3>\n<p>Valec kor\u010deka pre ve\u013ek\u00e9 r\u00fdpadlo Doosan DX380LC je zvy\u010dajne vyroben\u00fd z vysokopevnostnej ocele alebo hlin\u00edka a odol\u00e1 vysok\u00e9mu tlaku a \u0165a\u017ek\u00e9mu za\u0165a\u017eeniu, \u010d\u00edm sa prisp\u00f4sob\u00ed n\u00e1ro\u010dn\u00fdm pracovn\u00fdm podmienkam. Jeho kon\u0161trukcia zoh\u013ead\u0148uje odolnos\u0165 vo\u010di opotrebovaniu a kor\u00f3zii, aby sa pred\u013a\u017eila jeho \u017eivotnos\u0165.<\/p>\n<h3>Efekt\u00edvna hydraulick\u00e1 prev\u00e1dzka<\/h3>\n<p>Valec lopaty pre ve\u013ek\u00e9 r\u00fdpadlo Doosan DX380LC vyu\u017e\u00edva hydraulick\u00fd tlak oleja na dosiahnutie plynul\u00fdch pohybov vys\u00favania a s\u0165ahovania, \u010do mu umo\u017e\u0148uje r\u00fdchlo reagova\u0165 na povely a poskytova\u0165 siln\u00fa tla\u010dn\u00fa a \u0165a\u017en\u00fa silu, v\u010faka \u010domu je vhodn\u00fd na manipul\u00e1ciu s \u0165a\u017ek\u00fdmi bremenami a zlo\u017eit\u00fdmi pracovn\u00fdmi \u00falohami.<\/p>\n<h3>R\u00f4zne typy<\/h3>\n<p>Valec lopaty pre ve\u013ek\u00e9 r\u00fdpadlo Doosan DX380LC je k dispoz\u00edcii v jedno\u010dinnom (hydraulick\u00fd pohon pou\u017e\u00edvan\u00fd iba v jednom smere) alebo dvoj\u010dinnom (hydraulick\u00fd pohon pou\u017e\u00edvan\u00fd v dvoch smeroch) pre splnenie r\u00f4znych prev\u00e1dzkov\u00fdch po\u017eiadaviek. Niektor\u00e9 modely s\u00fa teleskopick\u00e9, \u010do umo\u017e\u0148uje v\u00e4\u010d\u0161ie vysunutie bez zv\u00e4\u010d\u0161enia vonkaj\u0161\u00edch rozmerov, v\u010faka \u010domu s\u00fa vhodn\u00e9 pre aplik\u00e1cie s obmedzen\u00fdm priestorom.<\/p>\n<h3>Dostupnos\u0165 pre produkciu<\/h3>\n<p>Vieme vyrobi\u0165 valec vedra pre ve\u013ek\u00e9 r\u00fdpadlo Doosan DX380LC a n\u00e1\u0161 produkt dok\u00e1\u017ee dokonale nahradi\u0165 tieto hydraulick\u00e9 valce.<\/p>\n<p><img decoding=\"async\" src=\"https:\/\/www.hydraulic-cylinders.net\/wp-content\/uploads\/2025\/01\/songte-cylinder-head-with-all-kinds-excavator-models.webp\" alt=\"Valec vedra pre ve\u013ek\u00e9 r\u00fdpadlo Doosan DX380LC\"><\/p>\n<h2>Aplik\u00e1cie<\/h2>\n<p>Valec vedra pre ve\u013ek\u00e9 r\u00fdpadlo Doosan DX380LC sa pou\u017e\u00edva v r\u00f4znych zariadeniach, ako napr\u00edklad:<\/p>\n<ul>\n<li>Stavebn\u00e9 zariadenia: V bagroch s\u00fa k\u013e\u00fa\u010dov\u00e9 pre kopanie, nakladanie a premiest\u0148ovanie zeminy alebo sutiny. V r\u00fdpadlo-naklada\u010doch pom\u00e1ha valec ly\u017eice pri v\u00fdkopov\u00fdch pr\u00e1cach a zdv\u00edhan\u00ed. <\/li>\n<li>Po\u013enohospod\u00e1rske stroje: Pou\u017e\u00edvaj\u00fa sa v \u010deln\u00fdch naklada\u010doch na naberanie, zdv\u00edhanie a prepravu p\u00f4dy, sena a in\u00fdch materi\u00e1lov.<\/li>\n<li>R\u00fdpadl\u00e1: Valec ly\u017eice dosahuje v\u00fdkopov\u00fd pohyb t\u00fdm, \u017ee umo\u017e\u0148uje ly\u017eici prenikn\u00fa\u0165 do p\u00f4dy.<\/li>\n<li>Naklada\u010de: \u010celn\u00e9 naklada\u010de pom\u00e1haj\u00fa pri efekt\u00edvnom zdv\u00edhan\u00ed a nakl\u00e1\u0148an\u00ed tovaru.<\/li>\n<\/ul>\n<p>Po\u010fme sa bli\u017e\u0161ie venova\u0165 ka\u017edej aplik\u00e1cii:<\/p>\n<h3>Stavebn\u00e9 stroje<\/h3>\n<p>V r\u00fdpadl\u00e1ch je valec ly\u017eice pre ve\u013ek\u00e9 r\u00fdpadlo Doosan DX380LC k\u013e\u00fa\u010dov\u00fd pre kopanie, nakladanie a premiest\u0148ovanie zeminy alebo sutiny. Poskytuje potrebn\u00fa silu na pohyb ly\u017eice hore, dole a nakl\u00e1\u0148anie, \u010do u\u013eah\u010duje obsluhe stroja vykon\u00e1vanie t\u00fdchto \u00faloh. V r\u00fdpadlo-naklada\u010doch pom\u00e1ha valec ly\u017eice pri v\u00fdkopov\u00fdch pr\u00e1cach a zdv\u00edhan\u00ed. Umo\u017e\u0148uje ly\u017eici prenikn\u00fa\u0165 do p\u00f4dy a efekt\u00edvne zdv\u00edha\u0165 bremeno.<\/p>\n<h3>Po\u013enohospod\u00e1rske stroje<\/h3>\n<p>Valec ly\u017eice pre ve\u013ek\u00e9 r\u00fdpadl\u00e1 Doosan DX380LC sa pou\u017e\u00edva v \u010deln\u00fdch naklada\u010doch na naberanie, zdv\u00edhanie a prepravu p\u00f4dy, sena a in\u00fdch materi\u00e1lov. Plynul\u00e9 vys\u00favanie a s\u0165ahovanie valca ly\u017eice umo\u017e\u0148uje obsluhe po\u013enohospod\u00e1rskych strojov \u013eahko zdv\u00edha\u0165 a prepravova\u0165 \u0165a\u017ek\u00e9 bremen\u00e1.<\/p>\n<h3>R\u00fdpadl\u00e1<\/h3>\n<p>V r\u00fdpadl\u00e1ch dosahuje valec ly\u017eice v\u00fdkopov\u00fd pohyb t\u00fdm, \u017ee umo\u017e\u0148uje ly\u017eici prenikn\u00fa\u0165 do p\u00f4dy. Poskytuje potrebn\u00fa silu na pohyb ly\u017eice hore, dole a nakl\u00e1\u0148anie, \u010do u\u013eah\u010duje obsluhe stroja vykon\u00e1vanie t\u00fdchto \u00faloh.<\/p>\n<h3>Naklada\u010de<\/h3>\n<p>V \u010deln\u00fdch naklada\u010doch pom\u00e1ha valec lopaty pre ve\u013ek\u00e9 r\u00fdpadl\u00e1 Doosan DX380LC pri efekt\u00edvnom zdv\u00edhan\u00ed a nakl\u00e1\u0148an\u00ed tovaru. Umo\u017e\u0148uje obsluhe zdv\u00edha\u0165 \u0165a\u017ek\u00e9 bremen\u00e1 a premiest\u0148ova\u0165 ich na zam\u00fd\u0161\u013ean\u00e9 miesto t\u00fdm, \u017ee poskytuje potrebn\u00fa silu potrebn\u00fa na zdv\u00edhanie a nakl\u00e1\u0148anie.<\/p>\n<h2>\u00davahy o dizajne a krit\u00e9ri\u00e1 v\u00fdberu<\/h2>\n<p>Pri kon\u0161trukcii valca vedra pre ve\u013ek\u00e9 r\u00fdpadlo Doosan DX380LC je potrebn\u00e9 zv\u00e1\u017ei\u0165 nieko\u013eko k\u013e\u00fa\u010dov\u00fdch faktorov:<\/p>\n<h3>Nosnos\u0165<\/h3>\n<p>Valec lopaty pre ve\u013ek\u00e9 r\u00fdpadlo Doosan DX380LC je navrhnut\u00fd tak, aby zvl\u00e1dal vysok\u00e9 tlaky a \u0165a\u017ek\u00e9 bremen\u00e1. Preto mus\u00ed by\u0165 schopn\u00fd odola\u0165 sil\u00e1m potrebn\u00fdm pre dan\u00fa \u00falohu.<\/p>\n<h3>Tesnenie<\/h3>\n<p>Valec kor\u010deka pre ve\u013ek\u00e9 r\u00fdpadlo Doosan DX380LC pou\u017e\u00edva r\u00f4zne tesnenia, ako s\u00fa tesnenia piestov, tesnenia ty\u010d\u00ed at\u010f., vyroben\u00e9 z materi\u00e1lov odoln\u00fdch vo\u010di opotrebovaniu, ako je polyuret\u00e1n a nitrilov\u00fd kau\u010duk. Teleso valca a povrchy z\u00e1vitov\u00fdch koncov s\u00fa jemne opracovan\u00e9 pre zv\u00fd\u0161enie odolnosti vo\u010di opotrebovaniu. Valec vy\u017eaduje pravideln\u00e9 mazanie hydraulick\u00fdm olejom, aby sa zachovala jeho spr\u00e1vna funkcia a pred\u013a\u017eila sa jeho \u017eivotnos\u0165.<\/p>\n<h3>Trvanlivos\u0165<\/h3>\n<p>Valec lopaty pre ve\u013ek\u00e9 r\u00fdpadlo Doosan DX380LC je navrhnut\u00fd tak, aby bol odoln\u00fd vo\u010di opotrebovaniu a kor\u00f3zii. Dok\u00e1\u017ee odola\u0165 n\u00e1ro\u010dn\u00fdm pracovn\u00fdm podmienkam a dlho si zachova\u0165 svoju funk\u010dnos\u0165.<\/p>\n<h3>Bezpe\u010dnos\u0165<\/h3>\n<p>Valec lopaty pre ve\u013ek\u00e9 r\u00fdpadlo Doosan DX380LC mus\u00ed by\u0165 navrhnut\u00fd s oh\u013eadom na bezpe\u010dnos\u0165, aby sa zabezpe\u010dilo, \u017ee sp\u013a\u0148a v\u0161etky bezpe\u010dnostn\u00e9 po\u017eiadavky a predch\u00e1dza sa ak\u00fdmko\u013evek potenci\u00e1lnym nehod\u00e1m po\u010das prev\u00e1dzky.<\/p>\n<h3>Udr\u017eiavate\u013enos\u0165<\/h3>\n<p>Valec lopaty pre ve\u013ek\u00e9 r\u00fdpadlo Doosan DX380LC mus\u00ed by\u0165 navrhnut\u00fd pre jednoduch\u00fa \u00fadr\u017ebu, aby sa zabezpe\u010dila jeho pravideln\u00e1 kontrola a oprava pod\u013ea potreby, \u010d\u00edm sa skr\u00e1tia prestoje a zv\u00fd\u0161i produktivita.<\/p>\n<p><img decoding=\"async\" src=\"https:\/\/www.hydraulic-cylinders.net\/wp-content\/uploads\/2025\/01\/songte-oil-pipes-and-spare-parts.webp\" alt=\"Valec vedra pre ve\u013ek\u00e9 r\u00fdpadlo Doosan DX380LC\"><\/p>\n<h2>Tesnenie a mazanie<\/h2>\n<p>Valec kor\u010deka pre ve\u013ek\u00e9 r\u00fdpadlo Doosan DX380LC pou\u017e\u00edva r\u00f4zne tesnenia, ako s\u00fa tesnenia piestov, tesnenia ty\u010d\u00ed at\u010f., vyroben\u00e9 z materi\u00e1lov odoln\u00fdch vo\u010di opotrebovaniu, ako je polyuret\u00e1n a nitrilov\u00fd kau\u010duk. Teleso valca a povrchy z\u00e1vitov\u00fdch koncov s\u00fa jemne opracovan\u00e9 pre zv\u00fd\u0161enie odolnosti vo\u010di opotrebovaniu. Odpor\u00fa\u010dame pravideln\u00e9 mazanie valca hydraulick\u00fdm olejom, aby sa zachovala jeho spr\u00e1vna funkcia a pred\u013a\u017eila sa jeho \u017eivotnos\u0165.<\/p>\n<h2>Pravideln\u00e1 kontrola a prevent\u00edvna \u00fadr\u017eba<\/h2>\n<p>Odpor\u00fa\u010dame pravideln\u00e9 kontroly a prevent\u00edvnu \u00fadr\u017ebu, aby ste udr\u017eali valec lopaty pre ve\u013ek\u00e9 r\u00fdpadlo Doosan DX380LC v optim\u00e1lnom prev\u00e1dzkovom stave. Medzi tieto \u00falohy patr\u00ed:<\/p>\n<ul>\n<li>Pravideln\u00e9 mazanie<\/li>\n<li>V\u00fdmena tesnenia<\/li>\n<li>Kontrola kalibr\u00e1cie<\/li>\n<\/ul>\n<p>Je d\u00f4le\u017eit\u00e9 spr\u00e1vne nain\u0161talova\u0165, namaza\u0165 a nastavi\u0165 valec lopaty pre ve\u013ek\u00e9 r\u00fdpadlo Doosan DX380LC. Odpor\u00fa\u010dame spr\u00e1vne zarovna\u0165 valec po\u010das in\u0161tal\u00e1cie a pou\u017ei\u0165 vhodn\u00e9 mont\u00e1\u017ene konzoly na upevnenie valca. Taktie\u017e odpor\u00fa\u010dame dodr\u017eiava\u0165 na\u0161e odpor\u00fa\u010dan\u00e9 postupy kontroly, opravy a v\u00fdmeny, aby sa pred\u013a\u017eila \u017eivotnos\u0165 valca.<\/p>\n<p><img decoding=\"async\" src=\"https:\/\/www.hydraulic-cylinders.net\/wp-content\/uploads\/2025\/01\/songte-chushion-collar.webp\" alt=\"Valec vedra pre ve\u013ek\u00e9 r\u00fdpadlo Doosan DX380LC\"><\/p>\n<h2>Bezpe\u010dnostn\u00e9 aspekty a faktory prostredia<\/h2>\n<p>Pri pou\u017e\u00edvan\u00ed valca vedra pre ve\u013ek\u00e9 r\u00fdpadlo Doosan DX380LC je d\u00f4le\u017eit\u00e9 dodr\u017eiava\u0165 v\u0161etky bezpe\u010dnostn\u00e9 postupy, aby sa predi\u0161lo nehod\u00e1m. Je tie\u017e d\u00f4le\u017eit\u00e9 zv\u00e1\u017ei\u0165 environment\u00e1lne faktory, ako je spr\u00e1vna likvid\u00e1cia pou\u017eit\u00e9ho hydraulick\u00e9ho oleja a zabr\u00e1nenie kontamin\u00e1cii \u017eivotn\u00e9ho prostredia rozliat\u00edm oleja.<\/p>\n<h2>Rie\u0161enie probl\u00e9mov a be\u017en\u00e9 probl\u00e9my<\/h2>\n<p>Medzi be\u017en\u00e9 probl\u00e9my s valcom lopaty pre ve\u013ek\u00e9 r\u00fdpadlo Doosan DX380LC patr\u00ed slab\u00e9 vys\u00favanie a s\u0165ahovanie, \u00fanik oleja a abnorm\u00e1lne zvuky. Tieto probl\u00e9my je mo\u017en\u00e9 diagnostikova\u0165 a vyrie\u0161i\u0165 kontrolou opotrebovania, zabezpe\u010den\u00edm spr\u00e1vneho mazania a v\u00fdmenou opotrebovan\u00fdch tesnen\u00ed pod\u013ea potreby.<\/p>\n<p>Pravideln\u00e9 kontroly a prevent\u00edvna \u00fadr\u017eba m\u00f4\u017eu pom\u00f4c\u0165 minimalizova\u0165 potenci\u00e1lne probl\u00e9my.<\/p>\n<p><img decoding=\"async\" src=\"https:\/\/www.hydraulic-cylinders.net\/wp-content\/uploads\/2025\/01\/songte-bushings-with-all-kinds-of-excavator-models.webp\" alt=\"Valec vedra pre ve\u013ek\u00e9 r\u00fdpadlo Doosan DX380LC\"><\/p>\n<h2>Preh\u013ead spolo\u010dnosti<\/h2>\n<p>Sme v\u00fdrobcom hydraulick\u00fdch valcov vr\u00e1tane valca vedra pre ve\u013ek\u00e9 r\u00fdpadl\u00e1 Doosan DX380LC. Pon\u00fakame kompletn\u00fd sortiment produktov a stali sme sa jedn\u00fdm z popredn\u00fdch v\u00fdrobcov a ve\u013ekoobchodn\u00fdch distrib\u00fatorov hydraulick\u00fdch valcov na dom\u00e1com aj medzin\u00e1rodnom trhu. Na\u0161a strat\u00e9gia riadenia v\u00fdroby sa opiera o vynikaj\u00facu kvalitu, vyu\u017e\u00edvanie kvalitnej v\u00fdrobnej dielne a zamestn\u00e1vanie technologick\u00fdch profesion\u00e1lov, digitalizovan\u00e9 \u0161pi\u010dkov\u00e9 v\u00fdrobn\u00e9 zariadenia a profesion\u00e1lny testovac\u00ed syst\u00e9m s cie\u013eom neust\u00e1le zlep\u0161ova\u0165 na\u0161u v\u00fdrobn\u00fa platformu, zvy\u0161ova\u0165 kvalitu na\u0161ich v\u00fdrobn\u00fdch postupov a ma\u0165 siln\u00fa v\u00fdrobn\u00fa kapacitu. Sna\u017e\u00edme sa uspokoji\u0165 rozmanit\u00e9 potreby z\u00e1kazn\u00edkov s vysokou efektivitou, vysokou presnos\u0165ou a princ\u00edpmi vysokej kvality.<\/p>\n<p>Pon\u00fakame slu\u017eby na mieru, vysoko kvalitn\u00e9 produkty a r\u00f4zne v\u00fdrobn\u00e9 zariadenia. Poskytujeme tie\u017e vynikaj\u00faci popredajn\u00fd servis, aby sme zabezpe\u010dili spokojnos\u0165 z\u00e1kazn\u00edkov.<\/p>\n<p><img decoding=\"async\" src=\"https:\/\/hzpt.com\/wp-content\/uploads\/2024\/11\/songte-company-1.webp\" alt=\"Valec vedra pre ve\u013ek\u00e9 r\u00fdpadlo Doosan DX380LC\"><\/p>\n<p>Na\u0161a spolo\u010dnos\u0165 je medzin\u00e1rodne certifikovan\u00e1 a poskytujeme profesion\u00e1lne a vysoko kvalitn\u00e9 v\u00fdrobn\u00e9 slu\u017eby. M\u00e1me t\u00edm sk\u00fasen\u00fdch odborn\u00edkov, ktor\u00ed dok\u00e1\u017eu poskytn\u00fa\u0165 rie\u0161enia na mieru, ktor\u00e9 sp\u013a\u0148aj\u00fa \u0161pecifick\u00e9 po\u017eiadavky z\u00e1kazn\u00edkov. Taktie\u017e poskytujeme \u00fadr\u017ebu, opravy a n\u00e1hradn\u00e9 diely pre hydraulick\u00e9 valce.<\/p>\n<h2>Autor<\/h2>\n<p>Autor: lyl<\/p>","protected":false},"excerpt":{"rendered":"<p>Introduction Definition of Bucket Cylinder For Doosan Large Excavator DX380LC The Bucket Cylinder For Doosan Large Excavator DX380LC is a specialized hydraulic cylinder designed to control the movement of the bucket in heavy machinery such as excavators, backhoe loaders, and front-end loaders. Its main function is to enable the bucket to lift, lower, and tilt, [&hellip;]<\/p>","protected":false},"featured_media":14788,"comment_status":"open","ping_status":"closed","template":"","meta":{"_et_pb_use_builder":"","_et_pb_old_content":"","_et_gb_content_width":""},"product_brand":[],"product_cat":[1494],"product_tag":[1495,1496],"class_list":{"0":"post-15298","1":"product","2":"type-product","3":"status-publish","4":"has-post-thumbnail","6":"product_cat-bucket-cylinders","7":"product_tag-bucket-cylinders","8":"product_tag-hydraulic-cylinders","10":"first","11":"instock","12":"shipping-taxable","13":"product-type-simple"},"amp_enabled":true,"_links":{"self":[{"href":"https:\/\/www.hydraulic-cylinders.net\/sk\/wp-json\/wp\/v2\/product\/15298","targetHints":{"allow":["GET"]}}],"collection":[{"href":"https:\/\/www.hydraulic-cylinders.net\/sk\/wp-json\/wp\/v2\/product"}],"about":[{"href":"https:\/\/www.hydraulic-cylinders.net\/sk\/wp-json\/wp\/v2\/types\/product"}],"replies":[{"embeddable":true,"href":"https:\/\/www.hydraulic-cylinders.net\/sk\/wp-json\/wp\/v2\/comments?post=15298"}],"wp:featuredmedia":[{"embeddable":true,"href":"https:\/\/www.hydraulic-cylinders.net\/sk\/wp-json\/wp\/v2\/media\/14788"}],"wp:attachment":[{"href":"https:\/\/www.hydraulic-cylinders.net\/sk\/wp-json\/wp\/v2\/media?parent=15298"}],"wp:term":[{"taxonomy":"product_brand","embeddable":true,"href":"https:\/\/www.hydraulic-cylinders.net\/sk\/wp-json\/wp\/v2\/product_brand?post=15298"},{"taxonomy":"product_cat","embeddable":true,"href":"https:\/\/www.hydraulic-cylinders.net\/sk\/wp-json\/wp\/v2\/product_cat?post=15298"},{"taxonomy":"product_tag","embeddable":true,"href":"https:\/\/www.hydraulic-cylinders.net\/sk\/wp-json\/wp\/v2\/product_tag?post=15298"}],"curies":[{"name":"pracovn\u00fd list","href":"https:\/\/api.w.org\/{rel}","templated":true}]}}