{"id":15308,"date":"2025-01-19T14:21:57","date_gmt":"2025-01-19T14:21:57","guid":{"rendered":"https:\/\/www.hydraulic-cylinders.net\/product\/bucket-cylinder-for-hyundai-small-excavator-r130-5\/"},"modified":"2025-01-19T14:21:59","modified_gmt":"2025-01-19T14:21:59","slug":"bucket-cylinder-for-hyundai-small-excavator-r130-5","status":"publish","type":"product","link":"https:\/\/www.hydraulic-cylinders.net\/sk\/produkt\/bucket-cylinder-for-hyundai-small-excavator-r130-5\/","title":{"rendered":"Valec vedra pre mal\u00e9 r\u00fdpadlo Hyundai R130-5"},"content":{"rendered":"<h1>Valec vedra pre mal\u00e9 r\u00fdpadlo Hyundai R130-5<\/h1>\n<h2>\u00davod<\/h2>\n<p>Hydraulick\u00fd valec ly\u017eice pre mal\u00e9 r\u00fdpadlo Hyundai R130-5 je \u0161peci\u00e1lne navrhnut\u00fd hydraulick\u00fd valec, ktor\u00fd sa pou\u017e\u00edva hlavne na ovl\u00e1danie pohybu ly\u017eice v \u0165a\u017ek\u00fdch strojoch, ako s\u00fa r\u00fdpadl\u00e1, r\u00fdpadlo-naklada\u010de a \u010deln\u00e9 naklada\u010de. Jeho hlavnou funkciou je umo\u017eni\u0165 zdv\u00edhanie, sp\u00fa\u0161\u0165anie a nakl\u00e1\u0148anie ly\u017eice, \u010do u\u013eah\u010duje vykon\u00e1vanie r\u00f4znych \u00faloh manipul\u00e1cie s materi\u00e1lom. V hydraulickom syst\u00e9me dosahuje valec ly\u017eice presn\u00e9 ovl\u00e1danie ly\u017eice prostredn\u00edctvom zmien tlaku hydraulick\u00e9ho oleja, \u010do umo\u017e\u0148uje obsluhe efekt\u00edvne manipulova\u0165 s \u0165a\u017ek\u00fdmi bremenami a prisp\u00f4sobi\u0165 sa zlo\u017eit\u00fdm pracovn\u00fdm prostrediam a r\u00f4znorod\u00fdm po\u017eiadavk\u00e1m pr\u00e1ce.<\/p>\n<p><img decoding=\"async\" src=\"https:\/\/www.hydraulic-cylinders.net\/wp-content\/uploads\/2025\/01\/songte-company-2.webp\" alt=\"Valec vedra\" \/><\/p>\n<h2>Funkcie<\/h2>\n<ul>\n<li>Vysok\u00e1 pevnos\u0165 a odolnos\u0165: Zvy\u010dajne vyroben\u00fd z vysokopevnostnej ocele alebo hlin\u00edka, odol\u00e1 vysok\u00e9mu tlaku a \u0165a\u017ek\u00fdm za\u0165a\u017eeniam, prisp\u00f4sob\u00ed sa n\u00e1ro\u010dn\u00fdm pracovn\u00fdm podmienkam a je navrhnut\u00fd tak, aby odol\u00e1val opotrebovaniu a kor\u00f3zii, \u010d\u00edm sa predl\u017euje jeho \u017eivotnos\u0165.<\/li>\n<li>Efekt\u00edvna hydraulick\u00e1 prev\u00e1dzka: Plynul\u00e9 pohyby vys\u00favania a s\u0165ahovania sa dosahuj\u00fa vyu\u017eit\u00edm tlaku hydraulick\u00e9ho oleja, dok\u00e1\u017ee r\u00fdchlo reagova\u0165 na prev\u00e1dzkov\u00e9 pr\u00edkazy, poskytuje siln\u00fa tla\u010dn\u00fa a \u0165ahov\u00fa silu a je vhodn\u00fd na manipul\u00e1ciu s \u0165a\u017ek\u00fdmi bremenami a zlo\u017eit\u00fdmi pracovn\u00fdmi \u00falohami.<\/li>\n<li>R\u00f4zne typy: Pod\u013ea potrieb a prev\u00e1dzkov\u00fdch po\u017eiadaviek je mo\u017en\u00e9 zvoli\u0165 jedno\u010dinn\u00fd (hydraulick\u00fd pohon pou\u017e\u00edvan\u00fd iba v jednom smere) alebo dvoj\u010dinn\u00fd (hydraulick\u00fd pohon pou\u017e\u00edvan\u00fd v oboch smeroch). Niektor\u00e9 modely s\u00fa teleskopick\u00e9, \u010do umo\u017e\u0148uje v\u00e4\u010d\u0161ie vysunutie bez zv\u00e4\u010d\u0161enia vonkaj\u0161\u00edch rozmerov, vhodn\u00e9 pre aplik\u00e1cie s obmedzen\u00fdm priestorom.<\/li>\n<li>Jednoduch\u00e1 in\u0161tal\u00e1cia a \u00fadr\u017eba: Na\u0161e produkty dok\u00e1\u017eu dokonale nahradi\u0165 tieto hydraulick\u00e9 valce.<\/li>\n<\/ul>\n<p><img decoding=\"async\" src=\"https:\/\/www.hydraulic-cylinders.net\/wp-content\/uploads\/2025\/01\/songte-cylinder-head-with-all-kinds-excavator-models.webp\" alt=\"Modely valcov s vedrom\" \/><\/p>\n<h2>Aplik\u00e1cie<\/h2>\n<p>Valec s vedrom m\u00e1 \u0161irok\u00fa \u0161k\u00e1lu aplik\u00e1ci\u00ed vr\u00e1tane:<\/p>\n<ul>\n<li>Stavebn\u00e9 zariadenia: V bagroch s\u00fa k\u013e\u00fa\u010dov\u00e9 pre kopanie, nakladanie a premiest\u0148ovanie zeminy alebo sutiny. V r\u00fdpadlo-naklada\u010doch pom\u00e1ha valec ly\u017eice pri kopan\u00ed aj zdv\u00edhan\u00ed. <\/li>\n<li>Po\u013enohospod\u00e1rske stroje: Pou\u017e\u00edvaj\u00fa sa v \u010deln\u00fdch naklada\u010doch na naberanie, zdv\u00edhanie a prepravu p\u00f4dy, sena a in\u00fdch materi\u00e1lov. <\/li>\n<li>R\u00fdpadl\u00e1: Valec ly\u017eice dosahuje kopac\u00ed \u00fa\u010dinok t\u00fdm, \u017ee umo\u017e\u0148uje ly\u017eici prenikn\u00fa\u0165 do p\u00f4dy. <\/li>\n<li>Naklada\u010de: \u010celn\u00e9 naklada\u010de pom\u00e1haj\u00fa efekt\u00edvne zdv\u00edha\u0165 a nakl\u00e1\u0148a\u0165 tovar. <\/li>\n<\/ul>\n<h2>\u00davahy o dizajne a krit\u00e9ri\u00e1 v\u00fdberu<\/h2>\n<p>Pri pou\u017eit\u00ed valca s vedrom je potrebn\u00e9 zoh\u013eadni\u0165 nasleduj\u00face kon\u0161truk\u010dn\u00e9 aspekty a krit\u00e9ri\u00e1 v\u00fdberu:<\/p>\n<ul>\n<li>Nosnos\u0165: Valec mus\u00ed by\u0165 schopn\u00fd unies\u0165 hmotnos\u0165 za\u0165a\u017eenia, ktor\u00e9 nesie.<\/li>\n<li>Tesnenie: R\u00f4zne tesniace komponenty je potrebn\u00e9 vybra\u0165 na z\u00e1klade ich odolnosti vo\u010di opotrebovaniu, ako s\u00fa tesnenia piestov, tesnenia ty\u010d\u00ed at\u010f. V\u00fdber tesniaceho materi\u00e1lu by sa mal zv\u00e1\u017ei\u0165 aj na zabr\u00e1nenie \u00faniku hydraulick\u00e9ho oleja.<\/li>\n<li>Trvanlivos\u0165: Valec mus\u00ed by\u0165 schopn\u00fd odola\u0165 vysok\u00e9mu za\u0165a\u017eeniu a drsn\u00e9mu pracovn\u00e9mu prostrediu, s ktor\u00fdm sa m\u00f4\u017ee stretn\u00fa\u0165, a povrch tela valca a z\u00e1vitov\u00e9ho konca by mal by\u0165 dobre o\u0161etren\u00fd, aby sa zlep\u0161ila odolnos\u0165 proti opotrebovaniu.<\/li>\n<li>Bezpe\u010dnos\u0165: Po\u010das prev\u00e1dzky by sa mali prija\u0165 bezpe\u010dnostn\u00e9 opatrenia, aby sa predi\u0161lo nehod\u00e1m.<\/li>\n<li>\u00dadr\u017eba: Valec je potrebn\u00e9 pravidelne maza\u0165 hydraulick\u00fdm olejom a r\u00f4zne komponenty by sa mali pravidelne kontrolova\u0165 z h\u013eadiska \u00fadr\u017eby.<\/li>\n<\/ul>\n<p><img decoding=\"async\" src=\"https:\/\/www.hydraulic-cylinders.net\/wp-content\/uploads\/2025\/01\/songte-oil-pipes-and-spare-parts.webp\" alt=\"N\u00e1hradn\u00e9 diely\" \/><\/p>\n<h2>Tesnenie a mazanie<\/h2>\n<p>Je potrebn\u00e9 pou\u017ei\u0165 r\u00f4zne tesniace komponenty, ako s\u00fa tesnenia piestov, tesnenia ty\u010d\u00ed at\u010f., a tesniace materi\u00e1ly, ako je polyuret\u00e1n a nitrilov\u00fd kau\u010duk at\u010f., by sa mali zv\u00e1\u017ei\u0165 kv\u00f4li ich odolnosti proti opotrebovaniu, aby sa zabr\u00e1nilo \u00faniku oleja. Teleso valca a z\u00e1vitov\u00fd koniec by mali by\u0165 jemne o\u0161etren\u00e9, aby sa zlep\u0161ila odolnos\u0165 proti opotrebovaniu, a pravidelne mazan\u00e9 hydraulick\u00fdm olejom, aby sa zabezpe\u010dila hladk\u00e1 prev\u00e1dzka.<\/p>\n<h2>\u00dadr\u017eba a opravy<\/h2>\n<p>Pravideln\u00e9 kontroly, vhodn\u00e9 mazanie, v\u00fdmena tesnen\u00ed a kalibra\u010dn\u00e9 kontroly s\u00fa be\u017en\u00e9 \u00falohy \u00fadr\u017eby. Spr\u00e1vna in\u0161tal\u00e1cia, mazanie a nastavenie s\u00fa nevyhnutn\u00e9 a po\u010das in\u0161tal\u00e1cie by sa malo zabezpe\u010di\u0165 spr\u00e1vne vedenie k zarovnaniu. Na upevnenie valca sa odpor\u00fa\u010da pou\u017ei\u0165 vhodn\u00e9 mont\u00e1\u017ene konzoly a poskytn\u00fa\u0165 odpor\u00fa\u010dan\u00e9 postupy kontroly, opravy a v\u00fdmeny, aby sa pred\u013a\u017eila \u017eivotnos\u0165 valca.<\/p>\n<p><img decoding=\"async\" src=\"https:\/\/www.hydraulic-cylinders.net\/wp-content\/uploads\/2025\/01\/songte-chushion-collar.webp\" alt=\"Vank\u00fa\u0161ov\u00fd golier\" \/><\/p>\n<h2>Bezpe\u010dnostn\u00e9 a environment\u00e1lne aspekty<\/h2>\n<p>Pri pou\u017e\u00edvan\u00ed vedrov\u00e9ho valca by sa mali prija\u0165 bezpe\u010dnostn\u00e9 opatrenia, aby sa predi\u0161lo nehod\u00e1m po\u010das prev\u00e1dzky. Mali by sa zoh\u013eadni\u0165 aj environment\u00e1lne aspekty, ako je \u00fanik oleja a likvid\u00e1cia odpadu.<\/p>\n<h2>Be\u017en\u00e9 probl\u00e9my a ich rie\u0161enie<\/h2>\n<p>Medzi be\u017en\u00e9 probl\u00e9my s valcom vedra patria netesnosti, abnorm\u00e1lne zvuky a deform\u00e1cia tela valca. Tipy a rie\u0161enia probl\u00e9mov m\u00f4\u017eu \u010ditate\u013eom pom\u00f4c\u0165 diagnostikova\u0165 a efekt\u00edvne rie\u0161i\u0165 probl\u00e9my a prevent\u00edvne opatrenia m\u00f4\u017eu minimalizova\u0165 potenci\u00e1lne probl\u00e9my.<\/p>\n<p><img decoding=\"async\" src=\"https:\/\/www.hydraulic-cylinders.net\/wp-content\/uploads\/2025\/01\/songte-bushings-with-all-kinds-of-excavator-models.webp\" alt=\"Puzdr\u00e1\" \/><\/p>\n<h2>O na\u0161ej spolo\u010dnosti<\/h2>\n<p>Sme v\u00fdrobca hydraulick\u00fdch valcov \u0161pecializuj\u00faci sa na n\u00e1hradn\u00e9 valce. Na\u0161e produkty s\u00fa kompletn\u00e9, v\u010faka \u010domu sme jedn\u00fdm z popredn\u00fdch v\u00fdrobcov a ve\u013ekoobchodn\u00fdch distrib\u00fatorov hydraulick\u00fdch valcov na dom\u00e1com aj medzin\u00e1rodnom trhu. Dodr\u017eiavame z\u00e1sadu vynikaj\u00facej kvality a spoliehame sa na strat\u00e9giu riadenia priemyselnej v\u00fdroby v prepracovanej v\u00fdrobnej dielni. Neust\u00e1le zlep\u0161ujeme v\u00fdrobn\u00fa platformu, zdokona\u013eujeme v\u00fdrobn\u00fa cestu zameran\u00fa na kvalitu v\u00fdrobkov a m\u00e1me siln\u00fa kreativitu a vysok\u00fa efektivitu, vysok\u00fa presnos\u0165 a princ\u00edpy vysokej kvality, aby sme splnili rozmanit\u00e9 potreby z\u00e1kazn\u00edkov.<\/p>\n<p><img decoding=\"async\" src=\"https:\/\/hzpt.com\/wp-content\/uploads\/2024\/11\/songte-company-1.webp\" alt=\"Spolo\u010dnos\u0165\" \/><\/p>\n<h2>Profesionalita<\/h2>\n<p>Na\u0161a spolo\u010dnos\u0165 m\u00e1 t\u00edm profesion\u00e1lnych technick\u00fdch pracovn\u00edkov, ktor\u00ed dok\u00e1\u017eu navrhn\u00fa\u0165 a vyvin\u00fa\u0165 hydraulick\u00e9 valce na mieru pod\u013ea po\u017eiadaviek z\u00e1kazn\u00edka. M\u00e1me sk\u00fasen\u00fd t\u00edm, ktor\u00fd dok\u00e1\u017ee z\u00e1kazn\u00edkom poskytn\u00fa\u0165 profesion\u00e1lne slu\u017eby a spo\u013eahliv\u00fa podporu.<\/p>\n<h2>Medzin\u00e1rodn\u00e1 certifik\u00e1cia<\/h2>\n<p>Z\u00edskali sme medzin\u00e1rodn\u00e9 certifik\u00e1cie ako ISO9001 a pre\u0161li sme r\u00f4znymi testami kvality a bezpe\u010dnosti, aby sme zabezpe\u010dili, \u017ee na\u0161e v\u00fdrobky sp\u013a\u0148aj\u00fa medzin\u00e1rodn\u00e9 \u0161tandardy a s\u00fa vysokej kvality.<\/p>\n<h2>Slu\u017eby na mieru<\/h2>\n<p>Na\u0161a spolo\u010dnos\u0165 poskytuje slu\u017eby na mieru a dok\u00e1\u017eeme vyrobi\u0165 hydraulick\u00e9 valce pod\u013ea po\u017eiadaviek a v\u00fdkresov z\u00e1kazn\u00edka, \u010d\u00edm z\u00e1kazn\u00edkom poskytujeme rie\u0161enia hydraulick\u00fdch valcov na mieru, ktor\u00e9 sp\u013a\u0148aj\u00fa ich jedine\u010dn\u00e9 potreby.<\/p>\n<h2>V\u00fdrobn\u00e9 zariadenia<\/h2>\n<p>Na\u0161a spolo\u010dnos\u0165 m\u00e1 kompletn\u00fd s\u00fabor modern\u00fdch v\u00fdrobn\u00fdch a testovac\u00edch zariaden\u00ed vr\u00e1tane CNC s\u00fastruhov, CNC obr\u00e1bac\u00edch centier, rovinn\u00fdch br\u00fasok a \u010fal\u0161\u00edch v\u00fdrobn\u00fdch zariaden\u00ed. Pou\u017e\u00edvame prepracovan\u00fd v\u00fdrobn\u00fd proces, aby sme zabezpe\u010dili presnos\u0165 a kvalitu ka\u017ed\u00e9ho hydraulick\u00e9ho valca.<\/p>\n<h2>Popredajn\u00fd servis<\/h2>\n<p>Na\u0161a spolo\u010dnos\u0165 poskytuje z\u00e1kazn\u00edkom kvalitn\u00fd popredajn\u00fd servis vr\u00e1tane pravidelnej \u00fadr\u017eby, opr\u00e1v a v\u00fdmeny dielov. Z\u00e1kazn\u00edkom tie\u017e poskytujeme technick\u00fa podporu a poradenstvo, ktor\u00e9 im pom\u00e1haj\u00fa rie\u0161i\u0165 probl\u00e9my pri pou\u017e\u00edvan\u00ed hydraulick\u00fdch valcov.<\/p>\n<p>Autor: lyl<\/p>","protected":false},"excerpt":{"rendered":"<p>Bucket Cylinder For Hyundai Small Excavator R130-5 Introduction The bucket cylinder for Hyundai small excavator R130-5 is a specially designed hydraulic cylinder mainly used to control the movement of the bucket in heavy machinery, such as excavators, backhoe loaders, and front-end loaders. Its main function is to enable the bucket to be lifted, lowered, and [&hellip;]<\/p>","protected":false},"featured_media":14769,"comment_status":"open","ping_status":"closed","template":"","meta":{"_et_pb_use_builder":"","_et_pb_old_content":"","_et_gb_content_width":""},"product_brand":[],"product_cat":[1494],"product_tag":[1495,1496],"class_list":{"0":"post-15308","1":"product","2":"type-product","3":"status-publish","4":"has-post-thumbnail","6":"product_cat-bucket-cylinders","7":"product_tag-bucket-cylinders","8":"product_tag-hydraulic-cylinders","10":"first","11":"instock","12":"shipping-taxable","13":"product-type-simple"},"amp_enabled":true,"_links":{"self":[{"href":"https:\/\/www.hydraulic-cylinders.net\/sk\/wp-json\/wp\/v2\/product\/15308","targetHints":{"allow":["GET"]}}],"collection":[{"href":"https:\/\/www.hydraulic-cylinders.net\/sk\/wp-json\/wp\/v2\/product"}],"about":[{"href":"https:\/\/www.hydraulic-cylinders.net\/sk\/wp-json\/wp\/v2\/types\/product"}],"replies":[{"embeddable":true,"href":"https:\/\/www.hydraulic-cylinders.net\/sk\/wp-json\/wp\/v2\/comments?post=15308"}],"wp:featuredmedia":[{"embeddable":true,"href":"https:\/\/www.hydraulic-cylinders.net\/sk\/wp-json\/wp\/v2\/media\/14769"}],"wp:attachment":[{"href":"https:\/\/www.hydraulic-cylinders.net\/sk\/wp-json\/wp\/v2\/media?parent=15308"}],"wp:term":[{"taxonomy":"product_brand","embeddable":true,"href":"https:\/\/www.hydraulic-cylinders.net\/sk\/wp-json\/wp\/v2\/product_brand?post=15308"},{"taxonomy":"product_cat","embeddable":true,"href":"https:\/\/www.hydraulic-cylinders.net\/sk\/wp-json\/wp\/v2\/product_cat?post=15308"},{"taxonomy":"product_tag","embeddable":true,"href":"https:\/\/www.hydraulic-cylinders.net\/sk\/wp-json\/wp\/v2\/product_tag?post=15308"}],"curies":[{"name":"pracovn\u00fd list","href":"https:\/\/api.w.org\/{rel}","templated":true}]}}