{"id":15309,"date":"2025-01-19T14:22:01","date_gmt":"2025-01-19T14:22:01","guid":{"rendered":"https:\/\/www.hydraulic-cylinders.net\/product\/bucket-cylinder-for-hyundai-small-excavator-r60-7-9\/"},"modified":"2025-01-19T14:22:09","modified_gmt":"2025-01-19T14:22:09","slug":"bucket-cylinder-for-hyundai-small-excavator-r60-7-9","status":"publish","type":"product","link":"https:\/\/www.hydraulic-cylinders.net\/sk\/produkt\/bucket-cylinder-for-hyundai-small-excavator-r60-7-9\/","title":{"rendered":"Valec vedra pre mal\u00e9 r\u00fdpadlo Hyundai R60-7-9"},"content":{"rendered":"<h1>Valec vedra pre mal\u00e9 r\u00fdpadlo Hyundai R60-7-9<\/h1>\n<h2>\u00davod<\/h2>\n<h3>Definovanie valca vedra<\/h3>\n<p>Hydraulick\u00fd valec ly\u017eice je \u0161pecializovan\u00fd hydraulick\u00fd valec ur\u010den\u00fd predov\u0161etk\u00fdm na ovl\u00e1danie pohybu ly\u017eice v \u0165a\u017ek\u00fdch strojoch, ako s\u00fa bagre, r\u00fdpadl\u00e1 a \u010deln\u00e9 naklada\u010de. Jeho hlavnou funkciou je umo\u017eni\u0165 ly\u017eici zdv\u00edha\u0165, sp\u00fa\u0161\u0165a\u0165 a nakl\u00e1\u0148a\u0165, \u010do u\u013eah\u010duje vykon\u00e1vanie r\u00f4znych \u00faloh manipul\u00e1cie s materi\u00e1lom. V hydraulickom syst\u00e9me dosahuje valec ly\u017eice presn\u00e9 ovl\u00e1danie pohybu ly\u017eice prostredn\u00edctvom zmien tlaku hydraulick\u00e9ho oleja, \u010do umo\u017e\u0148uje obsluhe efekt\u00edvne manipulova\u0165 s \u0165a\u017ek\u00fdmi bremenami, prisp\u00f4sobova\u0165 sa zlo\u017eit\u00fdm pracovn\u00fdm prostrediam a r\u00f4znym prev\u00e1dzkov\u00fdm potreb\u00e1m.<\/p>\n<p><img decoding=\"async\" src=\"https:\/\/www.hydraulic-cylinders.net\/wp-content\/uploads\/2025\/01\/songte-company-2.webp\" alt=\"Obr\u00e1zok valca vedra\"><\/p>\n<h3>Vlastnosti valca vedra<\/h3>\n<ul>\n<li><strong>Vysok\u00e1 pevnos\u0165 a odolnos\u0165:<\/strong> Zvy\u010dajne je vyroben\u00fd z vysokopevnostnej ocele alebo hlin\u00edka, odol\u00e1 vysok\u00e9mu tlaku a \u0165a\u017ek\u00fdm za\u0165a\u017eeniam, \u010d\u00edm sa prisp\u00f4sob\u00ed n\u00e1ro\u010dn\u00fdm pracovn\u00fdm podmienkam. Kon\u0161trukcia zoh\u013ead\u0148uje odolnos\u0165 vo\u010di opotrebovaniu a kor\u00f3zii, \u010d\u00edm sa predl\u017euje \u017eivotnos\u0165.<\/li>\n<li><strong>Efekt\u00edvna hydraulick\u00e1 prev\u00e1dzka:<\/strong> V\u010faka hydraulick\u00e9mu tlaku oleja na dosiahnutie plynul\u00e9ho vys\u00favania a zas\u00favania dok\u00e1\u017ee r\u00fdchlo reagova\u0165 na ovl\u00e1dacie povely a poskytuje siln\u00fa tla\u010dn\u00fa a \u0165a\u017en\u00fa silu, vhodn\u00fa na manipul\u00e1ciu s \u0165a\u017ek\u00fdmi bremenami a zlo\u017eit\u00e9 prev\u00e1dzkov\u00e9 \u00falohy.<\/li>\n<li><strong>R\u00f4zne typy:<\/strong> Pod\u013ea potrieb a prev\u00e1dzkov\u00fdch po\u017eiadaviek je mo\u017en\u00e9 vybra\u0165 jedno\u010dinn\u00e9 (hydraulika sa pou\u017e\u00edva iba v jednom smere) alebo dvoj\u010dinn\u00e9 (hydraulika sa pou\u017e\u00edva v oboch smeroch). Niektor\u00e9 modely s\u00fa teleskopick\u00e9, \u010do umo\u017e\u0148uje v\u00e4\u010d\u0161ie vysunutie bez zv\u00e4\u010d\u0161enia vonkaj\u0161\u00edch rozmerov, a s\u00fa vhodn\u00e9 pre aplik\u00e1cie v obmedzenom priestore.<\/li>\n<li><strong>Jednoduch\u00e1 v\u00fdmena:<\/strong> N\u00e1\u0161 produkt dok\u00e1\u017ee dokonale nahradi\u0165 tieto hydraulick\u00e9 valce.<\/li>\n<\/ul>\n<p><img decoding=\"async\" src=\"https:\/\/www.hydraulic-cylinders.net\/wp-content\/uploads\/2025\/01\/songte-cylinder-head-with-all-kinds-excavator-models.webp\" alt=\"Obr\u00e1zok v\u00fdmeny valca vedra\"><\/p>\n<h3>Aplik\u00e1cie vedrov\u00e9ho valca<\/h3>\n<p>Valec kor\u010deka m\u00e1 \u0161irok\u00e9 uplatnenie v r\u00f4znych strojoch vr\u00e1tane:<\/p>\n<ul>\n<li><strong>Stavebn\u00e9 vybavenie:<\/strong> V bagroch s\u00fa nevyhnutn\u00e9 na kopanie, nakladanie a premiest\u0148ovanie zeminy alebo sutiny. V r\u00fdpadlo-naklada\u010doch pom\u00e1ha valec ly\u017eice pri kopan\u00ed aj zdv\u00edhan\u00ed. <\/li>\n<li><strong>Po\u013enohospod\u00e1rske stroje:<\/strong> Pou\u017e\u00edva sa v \u010deln\u00fdch naklada\u010doch na kopanie, zdv\u00edhanie a prepravu p\u00f4dy, sena a in\u00fdch materi\u00e1lov. <\/li>\n<li><strong>R\u00fdpadl\u00e1:<\/strong> Valec ly\u017eice dosahuje kopacie \u010dinnosti t\u00fdm, \u017ee umo\u017e\u0148uje ly\u017eici prenikn\u00fa\u0165 do p\u00f4dy. <\/li>\n<li><strong>Naklada\u010de:<\/strong> V \u010deln\u00fdch naklada\u010doch pom\u00e1haj\u00fa pri efekt\u00edvnom zdv\u00edhan\u00ed a vykladan\u00ed tovaru. <\/li>\n<\/ul>\n<p>Pozrime sa podrobnej\u0161ie na niektor\u00e9 hlavn\u00e9 aplik\u00e1cie:<\/p>\n<h4>Stavebn\u00e9 stroje<\/h4>\n<p>V bagroch je valec ly\u017eice nevyhnutn\u00fd na kopanie, nakladanie a premiest\u0148ovanie zeminy alebo sutiny. Valec ly\u017eice pom\u00e1ha nielen pri kopan\u00ed, ale aj pri zdv\u00edhan\u00ed. V r\u00fdpadlo-naklada\u010doch sa valec ly\u017eice pou\u017e\u00edva na ovl\u00e1danie r\u00fdpadlo-naklada\u010da a jeho zdv\u00edhanie.<\/p>\n<h4>Po\u013enohospod\u00e1rske stroje<\/h4>\n<p>Valec ly\u017eice hr\u00e1 d\u00f4le\u017eit\u00fa \u00falohu v r\u00f4znych po\u013enohospod\u00e1rskych strojoch. V \u010deln\u00fdch naklada\u010doch valec pom\u00e1ha pri kopan\u00ed, zdv\u00edhan\u00ed a preprave p\u00f4dy, sena a in\u00fdch materi\u00e1lov. Po\u013enohospod\u00e1rske naklada\u010de sa pou\u017e\u00edvaj\u00fa na prepravu materi\u00e1lov na farm\u00e1ch, ako je hnoj, krmivo pre hospod\u00e1rske zvierat\u00e1 a p\u00f4da. <\/p>\n<h4>R\u00fdpadl\u00e1<\/h4>\n<p>V r\u00fdpadl\u00e1ch umo\u017e\u0148uje valec vedra prenikn\u00fa\u0165 do p\u00f4dy a potom sa pou\u017e\u00edva na zdv\u00edhanie p\u00f4dy a horninov\u00fdch materi\u00e1lov. <\/p>\n<h4>Naklada\u010de<\/h4>\n<p>V naklada\u010doch sa valec vedra pou\u017e\u00edva na efekt\u00edvne zdv\u00edhanie a vykladanie tovaru. <\/p>\n<h3>\u00davahy o dizajne a krit\u00e9ri\u00e1 v\u00fdberu<\/h3>\n<p>Valce ko\u0161\u00edkov s\u00fa neoddelite\u013enou s\u00fa\u010das\u0165ou \u0165a\u017ek\u00fdch strojov a vy\u017eaduj\u00fa si starostliv\u00e9 zv\u00e1\u017eenie a v\u00fdber. Pri v\u00fdbere valca ko\u0161\u00edkov je potrebn\u00e9 zoh\u013eadni\u0165 faktory, ako je nosnos\u0165, tesnos\u0165, odolnos\u0165, bezpe\u010dnos\u0165 a \u00fadr\u017eba. Niektor\u00e9 kon\u0161truk\u010dn\u00e9 aspekty a krit\u00e9ri\u00e1 v\u00fdberu s\u00fa:<\/p>\n<ul>\n<li><strong>Nosnos\u0165:<\/strong> Valec kor\u010deka mus\u00ed ma\u0165 primeran\u00fa kapacitu na zdv\u00edhanie a premiest\u0148ovanie po\u017eadovan\u00fdch bremien. Valec by mal by\u0165 navrhnut\u00fd tak, aby odolal n\u00e1razom a nam\u00e1haniu \u0165a\u017ek\u00fdch bremien a zachoval si stabilitu po\u010das prev\u00e1dzky.<\/li>\n<li><strong>Tesnenie:<\/strong> Valec mus\u00ed by\u0165 utesnen\u00fd, aby sa zabr\u00e1nilo \u00fanikom a zabezpe\u010dila sa plynul\u00e1 prev\u00e1dzka. Na zachovanie trvanlivosti sa musia pou\u017ei\u0165 r\u00f4zne tesniace komponenty, ako s\u00fa tesnenia piestov a ty\u010d\u00ed, vyroben\u00e9 z materi\u00e1lov odoln\u00fdch vo\u010di opotrebovaniu, ako je polyuret\u00e1n a nitrilov\u00e1 guma. <\/li>\n<li><strong>Trvanlivos\u0165:<\/strong> Valec kor\u010deka mus\u00ed by\u0165 navrhnut\u00fd tak, aby odolal n\u00e1ro\u010dn\u00fdm prev\u00e1dzkov\u00fdm podmienkam \u0165a\u017ek\u00fdch strojov. Povrch valca mus\u00ed by\u0165 o\u0161etren\u00fd, aby sa zv\u00fd\u0161ila odolnos\u0165 proti opotrebovaniu, odolnos\u0165 proti kor\u00f3zii a pred\u013a\u017eila sa jeho \u017eivotnos\u0165. <\/li>\n<li><strong>Bezpe\u010dnos\u0165:<\/strong> Bezpe\u010dnostn\u00e9 aspekty s\u00fa d\u00f4le\u017eit\u00fdm faktorom pri v\u00fdbere valca s vedro. Valec mus\u00ed by\u0165 navrhnut\u00fd tak, aby sa predi\u0161lo nehod\u00e1m, ako je n\u00e1hle zlyhanie valca a netesnosti, ktor\u00e9 m\u00f4\u017eu sp\u00f4sobi\u0165 zranenie obsluhy a po\u0161kodenie strojov. <\/li>\n<li><strong>Udr\u017eiavate\u013enos\u0165:<\/strong> Valec s vedrom by mal by\u0165 navrhnut\u00fd pre jednoduch\u00fa \u00fadr\u017ebu. Komponenty valca by mali by\u0165 \u013eahko pr\u00edstupn\u00e9 a vymenite\u013en\u00e9 a postupy \u00fadr\u017eby by mali by\u0165 jasne definovan\u00e9. <\/li>\n<\/ul>\n<p><img decoding=\"async\" src=\"https:\/\/www.hydraulic-cylinders.net\/wp-content\/uploads\/2025\/01\/songte-oil-pipes-and-spare-parts.webp\" alt=\"Obr\u00e1zok n\u00e1vrhu valca vedra\"><\/p>\n<h3>Utesnenie a mazanie valca vedra<\/h3>\n<p>Tesnenie a mazanie s\u00fa nevyhnutn\u00e9 pre plynul\u00fd chod valca vedra. Na zachovanie trvanlivosti sa musia pou\u017ei\u0165 r\u00f4zne tesniace komponenty, ako s\u00fa tesnenia piestov a ty\u010d\u00ed, vyroben\u00e9 z materi\u00e1lov odoln\u00fdch vo\u010di opotrebovaniu, ako je polyuret\u00e1n a nitrilov\u00fd kau\u010duk. Povrch valca mus\u00ed by\u0165 o\u0161etren\u00fd, aby sa zv\u00fd\u0161ila odolnos\u0165 vo\u010di opotrebovaniu a kor\u00f3zii a pred\u013a\u017eila sa jeho \u017eivotnos\u0165. Valec vy\u017eaduje pravideln\u00e9 mazanie vhodn\u00fdm hydraulick\u00fdm olejom, aby sa zabezpe\u010dil plynul\u00fd chod a zabr\u00e1nilo sa po\u0161kodeniu.<\/p>\n<h3>Pravideln\u00e1 kontrola a opatrenia prevent\u00edvnej \u00fadr\u017eby<\/h3>\n<p>Valec vedra vy\u017eaduje pravideln\u00fa kontrolu a \u00fadr\u017ebu, aby sa zabezpe\u010dila bezpe\u010dn\u00e1 a efekt\u00edvna prev\u00e1dzka. Niektor\u00e9 prevent\u00edvne opatrenia \u00fadr\u017eby s\u00fa:<\/p>\n<ul>\n<li><strong>Pravideln\u00e1 kontrola:<\/strong> Valec vedra by sa mal pravidelne kontrolova\u0165 na opotrebovanie a po\u0161kodenie. Komponenty valca, ako s\u00fa tesnenia piestov, tesnenia ty\u010d\u00ed a valec valca, by sa mali kontrolova\u0165 na tesnos\u0165 a opotrebovanie aspo\u0148 raz ro\u010dne. <\/li>\n<li><strong>Spr\u00e1vne mazanie:<\/strong> Valec ly\u017eice by sa mal pravidelne maza\u0165 vhodn\u00fdm hydraulick\u00fdm olejom, aby sa zabezpe\u010dila hladk\u00e1 prev\u00e1dzka a predi\u0161lo sa po\u0161kodeniu. <\/li>\n<li><strong>V\u00fdmena tesnenia:<\/strong> Tesnenia by sa mali pravidelne vymie\u0148a\u0165, aby sa predi\u0161lo \u00fanikom a zabezpe\u010dila sa bezprobl\u00e9mov\u00e1 prev\u00e1dzka. <\/li>\n<li><strong>Kontrola kalibr\u00e1cie:<\/strong> Valec vedra by sa mal pravidelne kalibrova\u0165, aby sa zabezpe\u010dila presn\u00e1 prev\u00e1dzka. <\/li>\n<\/ul>\n<p>Spr\u00e1vna in\u0161tal\u00e1cia je k\u013e\u00fa\u010dov\u00e1 pre bezpe\u010dn\u00fa a efekt\u00edvnu prev\u00e1dzku valca s vedro. Valec by mal by\u0165 spr\u00e1vne zarovnan\u00fd a na jeho upevnenie by sa mali pou\u017ei\u0165 vhodn\u00e9 mont\u00e1\u017ene konzoly. Na pred\u013a\u017eenie \u017eivotnosti valca by sa mali dodr\u017eiava\u0165 odpor\u00fa\u010dan\u00e9 postupy kontroly, opravy a v\u00fdmeny. <\/p>\n<p><img decoding=\"async\" src=\"https:\/\/www.hydraulic-cylinders.net\/wp-content\/uploads\/2025\/01\/songte-chushion-collar.webp\" alt=\"Obr\u00e1zok \u00fadr\u017eby valca vedra\"><\/p>\n<h3>Bezpe\u010dnostn\u00e9 a environment\u00e1lne aspekty<\/h3>\n<p>Bezpe\u010dnos\u0165 je z\u00e1kladn\u00fdm aspektom pou\u017e\u00edvania kore\u010dkov\u00fdch valcov. Obsluha mus\u00ed pri obsluhe \u0165a\u017ek\u00fdch strojov s kore\u010dkov\u00fdmi valcami dodr\u017eiava\u0165 pokyny a pokyny. Mali by sa zoh\u013eadni\u0165 aj environment\u00e1lne aspekty, ako je prevencia \u00faniku oleja a spr\u00e1vna likvid\u00e1cia hydraulick\u00e9ho oleja. <\/p>\n<h3>Diagnostika por\u00fach a be\u017en\u00e9 probl\u00e9my<\/h3>\n<p>Medzi be\u017en\u00e9 probl\u00e9my s valcami s vedrom patria netesnosti tesnenia, po\u0161kodenie ty\u010de a v\u0161eobecn\u00e9 opotrebovanie. Na diagnostikovanie probl\u00e9mov by oper\u00e1tori mali vykona\u0165 vizu\u00e1lnu kontrolu valca a tlakov\u00fa sk\u00fa\u0161ku. Ak je valec po\u0161koden\u00fd, mal by sa okam\u017eite opravi\u0165 alebo vymeni\u0165, aby sa predi\u0161lo \u010fal\u0161iemu po\u0161kodeniu a zabezpe\u010dila sa bezpe\u010dn\u00e1 prev\u00e1dzka.<\/p>\n<h3>Z\u00e1ver<\/h3>\n<p>Hydraulick\u00e9 valce s\u00fa z\u00e1kladn\u00fdmi s\u00fa\u010das\u0165ami \u0165a\u017ek\u00fdch strojov, ktor\u00e9 umo\u017e\u0148uj\u00fa efekt\u00edvnu manipul\u00e1ciu s materi\u00e1lom a jeho pohyb. Na\u0161a spolo\u010dnos\u0165 pon\u00faka \u0161irok\u00fd sortiment n\u00e1hradn\u00fdch hydraulick\u00fdch valcov s vynikaj\u00facou kvalitou, odoln\u00fdm dizajnom a slu\u017ebami na mieru. Na\u0161a spolo\u010dnos\u0165 sa zav\u00e4zuje poskytova\u0165 vysokokvalitn\u00e9 produkty a slu\u017eby, pri\u010dom sa opiera o sofistikovan\u00fa v\u00fdrobn\u00fa diel\u0148u, modern\u00e9 v\u00fdrobn\u00e9 zariadenia a profesion\u00e1lne testovacie syst\u00e9my. Dodr\u017eiavame z\u00e1sady vysokej \u00fa\u010dinnosti, vysokej presnosti a vysokej kvality, aby sme splnili rozmanit\u00e9 potreby z\u00e1kazn\u00edkov. <\/p>\n<p><img decoding=\"async\" src=\"https:\/\/hzpt.com\/wp-content\/uploads\/2024\/11\/songte-company-1.webp\" alt=\"Obr\u00e1zok spolo\u010dnosti\"><\/p>\n<h3>O autorovi<\/h3>\n<p>Autor: lyl<\/p>","protected":false},"excerpt":{"rendered":"<p>Bucket Cylinder For Hyundai Small Excavator R60-7-9 Introduction Defining Bucket Cylinder A bucket cylinder is a specialized hydraulic cylinder designed primarily to control the movement of a bucket in heavy machinery such as excavators, backhoes, and front loaders. Its main function is to enable the bucket to perform lifting, lowering, and tilting, making it easier [&hellip;]<\/p>","protected":false},"featured_media":14765,"comment_status":"open","ping_status":"closed","template":"","meta":{"_et_pb_use_builder":"","_et_pb_old_content":"","_et_gb_content_width":""},"product_brand":[],"product_cat":[1494],"product_tag":[1495,1496],"class_list":{"0":"post-15309","1":"product","2":"type-product","3":"status-publish","4":"has-post-thumbnail","6":"product_cat-bucket-cylinders","7":"product_tag-bucket-cylinders","8":"product_tag-hydraulic-cylinders","10":"first","11":"instock","12":"shipping-taxable","13":"product-type-simple"},"amp_enabled":true,"_links":{"self":[{"href":"https:\/\/www.hydraulic-cylinders.net\/sk\/wp-json\/wp\/v2\/product\/15309","targetHints":{"allow":["GET"]}}],"collection":[{"href":"https:\/\/www.hydraulic-cylinders.net\/sk\/wp-json\/wp\/v2\/product"}],"about":[{"href":"https:\/\/www.hydraulic-cylinders.net\/sk\/wp-json\/wp\/v2\/types\/product"}],"replies":[{"embeddable":true,"href":"https:\/\/www.hydraulic-cylinders.net\/sk\/wp-json\/wp\/v2\/comments?post=15309"}],"wp:featuredmedia":[{"embeddable":true,"href":"https:\/\/www.hydraulic-cylinders.net\/sk\/wp-json\/wp\/v2\/media\/14765"}],"wp:attachment":[{"href":"https:\/\/www.hydraulic-cylinders.net\/sk\/wp-json\/wp\/v2\/media?parent=15309"}],"wp:term":[{"taxonomy":"product_brand","embeddable":true,"href":"https:\/\/www.hydraulic-cylinders.net\/sk\/wp-json\/wp\/v2\/product_brand?post=15309"},{"taxonomy":"product_cat","embeddable":true,"href":"https:\/\/www.hydraulic-cylinders.net\/sk\/wp-json\/wp\/v2\/product_cat?post=15309"},{"taxonomy":"product_tag","embeddable":true,"href":"https:\/\/www.hydraulic-cylinders.net\/sk\/wp-json\/wp\/v2\/product_tag?post=15309"}],"curies":[{"name":"pracovn\u00fd list","href":"https:\/\/api.w.org\/{rel}","templated":true}]}}