{"id":1531,"date":"2023-09-28T03:14:41","date_gmt":"2023-09-28T03:14:41","guid":{"rendered":"https:\/\/hydraulic-cylinders.net\/?post_type=product&#038;p=1531"},"modified":"2025-04-11T03:25:57","modified_gmt":"2025-04-11T03:25:57","slug":"aerial-work-platform-luffing-cylinder","status":"publish","type":"product","link":"https:\/\/www.hydraulic-cylinders.net\/sk\/produkt\/aerial-work-platform-luffing-cylinder\/","title":{"rendered":"Vykl\u00e1pac\u00ed valec plo\u0161iny"},"content":{"rendered":"<h1 style=\"text-align: center;\"><strong>Vykl\u00e1pac\u00ed valec plo\u0161iny<\/strong><\/h1>\n<p><img loading=\"lazy\" decoding=\"async\" class=\"wp-image-1532 aligncenter\" src=\"https:\/\/hydraulic-cylinders.net\/wp-content\/uploads\/2023\/09\/luffing-cylinder-1-300x300.webp\" alt=\"\" width=\"400\" height=\"400\" \/><\/p>\n<p>Hydraulick\u00fd valec na zdvihnutie plo\u0161iny je k\u013e\u00fa\u010dovou s\u00fa\u010das\u0165ou plo\u0161iny a je navrhnut\u00fd tak, aby zvy\u0161oval bezpe\u010dnos\u0165 a efektivitu vo vyv\u00fd\u0161en\u00fdch pracovn\u00fdch prostrediach. Tento inovat\u00edvny hydraulick\u00fd valec zabezpe\u010duje kontrolovan\u00fd vertik\u00e1lny pohyb, \u010do umo\u017e\u0148uje presn\u00e9 zdv\u00edhanie a sp\u00fa\u0161\u0165anie plo\u0161iny.<\/p>\n<p>Hydraulick\u00fd valec na zdvihnutie pracovnej plo\u0161iny je k\u013e\u00fa\u010dov\u00fdm komponentom pracovn\u00fdch plo\u0161\u00edn, ktor\u00fd zabezpe\u010duje kontrolovan\u00fd vertik\u00e1lny pohyb a zvy\u0161uje bezpe\u010dnos\u0165 a efektivitu vo vyv\u00fd\u0161en\u00fdch pracovn\u00fdch prostrediach. V\u010faka presn\u00fdm zdv\u00edhac\u00edm schopnostiam, vysokej nosnosti a integrovan\u00fdm bezpe\u010dnostn\u00fdm prvkom umo\u017e\u0148uje tento valec obsluhe s istotou pracova\u0165 v r\u00f4znych v\u00fd\u0161kach. Dodr\u017eiavan\u00edm odpor\u00fa\u010dan\u00fdch met\u00f3d pou\u017e\u00edvania a postupov \u00fadr\u017eby m\u00f4\u017eu obsluha maximalizova\u0165 \u017eivotnos\u0165 a v\u00fdkon hydraulick\u00e9ho valca na zdvihnutie pracovnej plo\u0161iny, \u010do vedie k zv\u00fd\u0161enej produktivite, skr\u00e1teniu prestojov a zv\u00fd\u0161enej bezpe\u010dnosti pri pr\u00e1ci vo vyv\u00fd\u0161en\u00fdch pracovn\u00fdch prostrediach. Investujte do tohto pokro\u010dil\u00e9ho hydraulick\u00e9ho komponentu, aby ste pozdvihli schopnosti svojej pracovnej plo\u0161iny a posunuli svoju pr\u00e1cu na nov\u00fa \u00farove\u0148 \u00faspechu.<\/p>\n<p>K\u013e\u00fa\u010dov\u00e9 charakteristiky valca pre v\u00fdkyvn\u00e9 plo\u0161iny:<\/p>\n<ol>\n<li>Riaden\u00fd vertik\u00e1lny pohyb:<\/li>\n<\/ol>\n<ul>\n<li>Vykl\u00e1pac\u00ed valec plo\u0161iny pon\u00faka presn\u00fd a kontrolovan\u00fd vertik\u00e1lny pohyb, \u010do umo\u017e\u0148uje obsluhe presne a jednoducho nastavi\u0165 pracovn\u00fa v\u00fd\u0161ku plo\u0161iny.<\/li>\n<li>Poskytuje plynul\u00e9 a stabiln\u00e9 zdv\u00edhanie a sp\u00fa\u0161\u0165anie, \u010d\u00edm zais\u0165uje bezpe\u010dn\u00e9 a pohodln\u00e9 pracovn\u00e9 prostredie v r\u00f4znych v\u00fd\u0161kach.<\/li>\n<\/ul>\n<ol start=\"2\">\n<li>Vysok\u00e1 nosnos\u0165:<\/li>\n<\/ol>\n<ul>\n<li>Tento valec sa m\u00f4\u017ee pochv\u00e1li\u0165 vysokou nosnos\u0165ou, ktor\u00e1 mu umo\u017e\u0148uje unies\u0165 \u0165a\u017ek\u00e9 bremen\u00e1 a umiestni\u0165 na pracovn\u00fa plo\u0161inu viacer\u00fdch pracovn\u00edkov, n\u00e1strojov a zariaden\u00ed.<\/li>\n<li>Poskytuje spo\u013eahliv\u00fd zdv\u00edhac\u00ed v\u00fdkon, udr\u017eiava stabilitu a bezpe\u010dnos\u0165 aj pri zna\u010dnom u\u017eito\u010dnom za\u0165a\u017een\u00ed.<\/li>\n<\/ul>\n<ol start=\"3\">\n<li>Kompaktn\u00fd a robustn\u00fd dizajn:<\/li>\n<\/ol>\n<ul>\n<li>Vykl\u00e1pac\u00ed valec plo\u0161iny sa vyzna\u010duje kompaktn\u00fdm dizajnom, ktor\u00fd minimalizuje celkov\u00fa hmotnos\u0165 a zastavan\u00fa plochu plo\u0161iny.<\/li>\n<li>Jeho robustn\u00e1 kon\u0161trukcia zaru\u010duje odolnos\u0165 a dlh\u00fa \u017eivotnos\u0165, odol\u00e1vaj\u00fac n\u00e1ro\u010dn\u00fdm podmienkam zv\u00fd\u0161en\u00e9ho pracovn\u00e9ho prostredia.<\/li>\n<\/ul>\n<ol start=\"4\">\n<li>Integrovan\u00e9 bezpe\u010dnostn\u00e9 prvky:<\/li>\n<\/ol>\n<ul>\n<li>Tento valec m\u00e1 integrovan\u00e9 bezpe\u010dnostn\u00e9 prvky, ako je ochrana proti pre\u0165a\u017eeniu a syst\u00e9my n\u00fadzov\u00e9ho sp\u00fa\u0161\u0165ania.<\/li>\n<li>Tieto bezpe\u010dnostn\u00e9 mechanizmy poskytuj\u00fa dodato\u010dn\u00fd pokoj v du\u0161i, chr\u00e1nia pred potenci\u00e1lnymi nehodami a umo\u017e\u0148uj\u00fa r\u00fdchlu reakciu v n\u00fadzov\u00fdch situ\u00e1ci\u00e1ch.<\/li>\n<\/ul>\n<h2><strong>Parameter valca zdvihu plo\u0161iny pre pracovn\u00e9 plo\u0161iny:<\/strong><\/h2>\n<table border=\"1\" cellspacing=\"0\" cellpadding=\"0\">\n<tbody>\n<tr>\n<td>N\u00e1zov produktu<\/td>\n<td>Vykl\u00e1pac\u00ed valec plo\u0161iny<\/td>\n<\/tr>\n<tr>\n<td>Vlastnosti:<\/td>\n<td>Uvedomenie si, \u017ee rot\u00e1cia ramena hore a dole je hlavnou hnacou silou zdv\u00edhania<\/td>\n<\/tr>\n<tr>\n<td>Priemer otvoru:<\/td>\n<td>50 mm\uff5e350 mm<\/td>\n<\/tr>\n<tr>\n<td>Priemer ty\u010de:<\/td>\n<td>30 mm\uff5e300 mm<br \/>\nZdvih \u2264 3000 mm<\/td>\n<\/tr>\n<tr>\n<td>Tlak\uff1a<\/td>\n<td>30 MPa (maxim\u00e1lny tlak)<\/td>\n<\/tr>\n<tr>\n<td>Aplik\u00e1cie v\u00fdkyvn\u00e9ho valca:<\/td>\n<td>Letov\u00e1 pracovn\u00e1 plo\u0161ina<\/td>\n<\/tr>\n<\/tbody>\n<\/table>\n<h2><strong>Sch\u00e9ma identifik\u00e1cie plo\u0161iny pre pr\u00e1cu na plo\u0161ine:<\/strong><\/h2>\n<p><img loading=\"lazy\" decoding=\"async\" class=\"alignnone wp-image-1517 size-full\" src=\"https:\/\/hydraulic-cylinders.net\/wp-content\/uploads\/2023\/09\/aerial-work-platform-cylinder-construct.webp\" alt=\"\" width=\"600\" height=\"400\" srcset=\"https:\/\/hydraulic-cylinders.net\/wp-content\/uploads\/2023\/09\/aerial-work-platform-cylinder-construct.webp 600w, https:\/\/hydraulic-cylinders.net\/wp-content\/uploads\/2023\/09\/aerial-work-platform-cylinder-construct-480x320.webp 480w\" sizes=\"(min-width: 0px) and (max-width: 480px) 480px, (min-width: 481px) 600px, 100vw\" \/><\/p>\n<h2><strong>Sp\u00f4sob pou\u017eitia <\/strong><strong>Vykl\u00e1pac\u00ed valec plo\u0161iny<\/strong><strong>:<\/strong><\/h2>\n<ol>\n<li><strong>In\u0161tal\u00e1cia valca:<\/strong><\/li>\n<\/ol>\n<ul>\n<li>Pri spr\u00e1vnej in\u0161tal\u00e1cii vykl\u00e1pacieho valca pracovnej plo\u0161iny dodr\u017eiavajte pokyny v\u00fdrobcu.<\/li>\n<li>Uistite sa, \u017ee valec je bezpe\u010dne namontovan\u00fd na kon\u0161trukciu pracovnej plo\u0161iny a zabezpe\u010d\u00ed stabiln\u00e9 a spo\u013eahliv\u00e9 spojenie.<\/li>\n<\/ul>\n<ol start=\"2\">\n<li><strong>Hydraulick\u00e9 pripojenie:<\/strong><\/li>\n<\/ol>\n<ul>\n<li>Pripojte valec k hydraulick\u00e9mu syst\u00e9mu pracovnej plo\u0161iny pod\u013ea poskytnut\u00fdch pokynov.<\/li>\n<li>Uistite sa, \u017ee v\u0161etky hydraulick\u00e9 pripojenia s\u00fa bezpe\u010dn\u00e9 a spr\u00e1vne utesnen\u00e9, aby sa predi\u0161lo \u00fanikom alebo strate hydraulickej kvapaliny.<\/li>\n<\/ul>\n<ol start=\"3\">\n<li><strong>Aktiv\u00e1cia ovl\u00e1dania:<\/strong><\/li>\n<\/ol>\n<ul>\n<li>Na aktiv\u00e1ciu vykl\u00e1pacieho valca plo\u0161iny pou\u017eite ovl\u00e1dac\u00ed panel alebo rozhranie plo\u0161iny.<\/li>\n<li>Na zdvihnutie alebo spustenie plo\u0161iny do po\u017eadovanej v\u00fd\u0161ky dodr\u017eiavajte odpor\u00fa\u010dan\u00e9 prev\u00e1dzkov\u00e9 postupy.<\/li>\n<\/ul>\n<ol start=\"4\">\n<li><strong>Bezpe\u010dnostn\u00e9 opatrenia:<\/strong><\/li>\n<\/ol>\n<ul>\n<li>Pred obsluhou pracovnej plo\u0161iny sa obozn\u00e1mte s bezpe\u010dnostn\u00fdmi prvkami a n\u00fadzov\u00fdmi postupmi.<\/li>\n<li>Zabezpe\u010dte, aby v\u0161etci oper\u00e1tori absolvovali riadne \u0161kolenie o bezpe\u010dnej obsluhe plo\u0161iny a zdv\u00edhacieho valca plo\u0161iny.<\/li>\n<\/ul>\n<h2><strong>Ako odstr\u00e1ni\u0165 vodu z hydraulick\u00e9ho syst\u00e9mu traktora?<\/strong><\/h2>\n<p>Odstr\u00e1nenie vody z hydraulick\u00e9ho syst\u00e9mu traktora je nevyhnutn\u00e9 na udr\u017eanie v\u00fdkonu syst\u00e9mu a zabr\u00e1nenie po\u0161kodeniu. Tu je podrobn\u00fd n\u00e1vod, ako odstr\u00e1ni\u0165 vodu z hydraulick\u00e9ho syst\u00e9mu traktora:<\/p>\n<ol>\n<li><strong>Identifikujte kontamin\u00e1ciu vody:<\/strong><\/li>\n<\/ol>\n<ul>\n<li>Skontrolujte, \u010di sa v n\u00e1dr\u017eke nevyskytuj\u00fa zn\u00e1mky kontamin\u00e1cie vodou, ako napr\u00edklad mlie\u010dna alebo zakalen\u00e1 hydraulick\u00e1 kvapalina, zn\u00ed\u017een\u00fd v\u00fdkon syst\u00e9mu alebo kvapky vody.<\/li>\n<li>Potvr\u010fte, \u017ee pr\u00ed\u010dinou probl\u00e9mu je voda, vyl\u00fa\u010den\u00edm in\u00fdch potenci\u00e1lnych probl\u00e9mov.<\/li>\n<\/ul>\n<ol start=\"2\">\n<li><strong>Vypustite hydraulick\u00fd syst\u00e9m:<\/strong><\/li>\n<\/ol>\n<ul>\n<li>N\u00e1jdite vyp\u00fa\u0161\u0165aciu z\u00e1tku alebo ventil na hydraulickej n\u00e1dr\u017ei alebo n\u00e1dr\u017ei.<\/li>\n<li>Pod vyp\u00fa\u0161\u0165aciu z\u00e1tku umiestnite vhodn\u00fa n\u00e1dobu alebo odtokov\u00fa misku na zachytenie kvapaliny.<\/li>\n<\/ul>\n<ol start=\"3\">\n<li><strong>Otvorte vyp\u00fa\u0161\u0165aciu z\u00e1tku:<\/strong><\/li>\n<\/ol>\n<ul>\n<li>Opatrne uvo\u013enite a odstr\u00e1\u0148te vyp\u00fa\u0161\u0165aciu z\u00e1tku alebo otvorte ventil pomocou vhodn\u00e9ho k\u013e\u00fa\u010da alebo n\u00e1stroja.<\/li>\n<li>Nechajte kontaminovan\u00fa hydraulick\u00fa kvapalinu zo syst\u00e9mu \u00faplne vytiec\u0165.<\/li>\n<li>Kontaminovan\u00fa kvapalinu zlikvidujte v s\u00falade s miestnymi predpismi.<\/li>\n<\/ul>\n<ol start=\"4\">\n<li><strong>Prepl\u00e1chnite syst\u00e9m:<\/strong><\/li>\n<\/ol>\n<ul>\n<li>Po vypusten\u00ed hydraulickej kvapaliny prepl\u00e1chnite syst\u00e9m vhodn\u00fdm preplachovac\u00edm prostriedkom alebo \u010distou hydraulickou kvapalinou.<\/li>\n<li>Ria\u010fte sa odpor\u00fa\u010daniami v\u00fdrobcu t\u00fdkaj\u00facimi sa vhodn\u00e9ho preplachovacieho prostriedku a postupu.<\/li>\n<li>Pripojte hadicu k vstupu hydraulick\u00e9ho syst\u00e9mu a pou\u017eite ju na pre\u010derpanie preplachovacieho prostriedku alebo \u010distiacej kvapaliny syst\u00e9mom.<\/li>\n<li>Nechajte preplachovac\u00ed prostriedok dostato\u010dne cirkulova\u0165 syst\u00e9mom, aby sa uvo\u013enila v\u0161etka zvy\u0161n\u00e1 voda.<\/li>\n<\/ul>\n<ol start=\"5\">\n<li><strong>Vypustite preplachovac\u00ed prostriedok:<\/strong><\/li>\n<\/ol>\n<ul>\n<li>Znovu otvorte vyp\u00fa\u0161\u0165aciu z\u00e1tku alebo ventil, aby ste zo syst\u00e9mu vypustili preplachovac\u00ed prostriedok.<\/li>\n<li>Nechajte preplachovac\u00ed prostriedok \u00faplne vytiec\u0165 do n\u00e1doby alebo odtokovej misky.<\/li>\n<\/ul>\n<ol start=\"6\">\n<li><strong>Doplnenie \u010distej hydraulickej kvapaliny:<\/strong><\/li>\n<\/ol>\n<ul>\n<li>Po vypusten\u00ed v\u0161etk\u00e9ho preplachovacieho prostriedku zatvorte vyp\u00fa\u0161\u0165aciu z\u00e1tku alebo ventil.<\/li>\n<li>Dopl\u0148te hydraulick\u00fd syst\u00e9m \u010distou, odpor\u00fa\u010danou hydraulickou kvapalinou.<\/li>\n<li>Ria\u010fte sa pokynmi v\u00fdrobcu t\u00fdkaj\u00facimi sa vhodn\u00e9ho typu kvapaliny a hladiny naplnenia.<\/li>\n<\/ul>\n<ol start=\"7\">\n<li><strong>Odvzdu\u0161nenie syst\u00e9mu:<\/strong><\/li>\n<\/ol>\n<ul>\n<li>Odvzdu\u0161nite hydraulick\u00fd syst\u00e9m pod\u013ea pokynov v\u00fdrobcu alebo postupov odvzdu\u0161nenia \u0161pecifick\u00fdch pre v\u00e1\u0161 model traktora.<\/li>\n<li>Tento krok zabezpe\u010d\u00ed spr\u00e1vnu prev\u00e1dzku hydraulick\u00e9ho syst\u00e9mu a odstr\u00e1ni v\u0161etky vzduchov\u00e9 bubliny.<\/li>\n<\/ul>\n<ol start=\"8\">\n<li><strong>Otestujte syst\u00e9m:<\/strong><\/li>\n<\/ol>\n<ul>\n<li>Na\u0161tartujte traktor a zapnite hydraulick\u00fd syst\u00e9m.<\/li>\n<li>Skontrolujte, \u010di nevyd\u00e1vate abnorm\u00e1lne zvuky, netesnosti alebo probl\u00e9my s v\u00fdkonom.<\/li>\n<li>Spustite hydraulick\u00fd syst\u00e9m a overte, \u010di funguje hladko a bez probl\u00e9mov s\u00favisiacich s vodou.<\/li>\n<\/ul>\n<h2><strong>Schopnos\u0165 a kapacita tov\u00e1rne:<\/strong><\/h2>\n<h3>(1) Mont\u00e1\u017e<\/h3>\n<p>Disponujeme prvotriednou nez\u00e1vislou v\u00fdskumnou a v\u00fdvojovou mont\u00e1\u017enou platformou. Diel\u0148a na v\u00fdrobu hydraulick\u00fdch valcov m\u00e1 \u0161tyri poloautomatick\u00e9 mont\u00e1\u017ene linky zdv\u00edhac\u00edch valcov a jednu automatick\u00fa mont\u00e1\u017enu linku nakl\u00e1pac\u00edch valcov s projektovanou ro\u010dnou v\u00fdrobnou kapacitou 1 mili\u00f3n kusov. Diel\u0148a na v\u00fdrobu \u0161peci\u00e1lnych valcov je vybaven\u00e1 r\u00f4znymi \u0161pecifik\u00e1ciami poloautomatick\u00e9ho syst\u00e9mu \u010distenia a mont\u00e1\u017ee s projektovanou ro\u010dnou v\u00fdrobnou kapacitou 200 000 kusov a je vybaven\u00e1 zn\u00e1mym CNC obr\u00e1bac\u00edm zariaden\u00edm, obr\u00e1bac\u00edm centrom, \u0161peci\u00e1lnym zariaden\u00edm na vysoko presn\u00e9 spracovanie valcov, robotick\u00fdm zv\u00e1rac\u00edm strojom, automatick\u00fdm \u010distiacim strojom, automatick\u00fdm mont\u00e1\u017enym strojom valcov a automatickou lakovacou v\u00fdrobnou linkou. Existuj\u00face kritick\u00e9 zariadenia maj\u00fa viac ako 300 s\u00faprav (s\u00e1d). Optim\u00e1lne alokovanie a efekt\u00edvne vyu\u017e\u00edvanie zdrojov zariaden\u00ed zabezpe\u010duje po\u017eiadavky na presnos\u0165 v\u00fdrobkov a sp\u013a\u0148a po\u017eiadavky na vysok\u00fa kvalitu v\u00fdrobkov.<\/p>\n<p><img loading=\"lazy\" decoding=\"async\" class=\"alignnone wp-image-626\" src=\"https:\/\/hydraulic-cylinders.net\/wp-content\/uploads\/2023\/08\/hydraulic-cylinder-product-1-300x158.webp\" alt=\"\" width=\"495\" height=\"260\" srcset=\"https:\/\/hydraulic-cylinders.net\/wp-content\/uploads\/2023\/08\/hydraulic-cylinder-product-1-300x158.webp 495w, https:\/\/hydraulic-cylinders.net\/wp-content\/uploads\/2023\/08\/hydraulic-cylinder-product-1-480x252.webp 480w\" sizes=\"(min-width: 0px) and (max-width: 480px) 480px, (min-width: 481px) 495px, 100vw\" \/> <img loading=\"lazy\" decoding=\"async\" class=\"alignnone wp-image-627\" src=\"https:\/\/hydraulic-cylinders.net\/wp-content\/uploads\/2023\/08\/hydraulic-cylinder-product-2-300x189.webp\" alt=\"\" width=\"413\" height=\"260\" \/><\/p>\n<h3>(2) Obr\u00e1banie<\/h3>\n<p>Obr\u00e1bacia diel\u0148a je vybaven\u00e1 prisp\u00f4soben\u00fdm s\u00fastru\u017en\u00edckym centrom na \u0161ikm\u00e9 ko\u013eajnice, obr\u00e1bac\u00edm centrom, vysokor\u00fdchlostn\u00fdm honovac\u00edm strojom, zv\u00e1rac\u00edm robotom a \u010fal\u0161\u00edm s\u00favisiacim zariaden\u00edm, ktor\u00e9 dok\u00e1\u017ee spracova\u0165 valcov\u00e9 r\u00fary s maxim\u00e1lnym vn\u00fatorn\u00fdm priemerom 400 mm a maxim\u00e1lnou d\u013a\u017ekou 6 metrov.<\/p>\n<p><img loading=\"lazy\" decoding=\"async\" class=\"alignnone wp-image-628 size-large\" src=\"https:\/\/hydraulic-cylinders.net\/wp-content\/uploads\/2023\/08\/hydraulic-cylinder-product-3-1024x391.webp\" alt=\"\" width=\"1024\" height=\"391\" srcset=\"https:\/\/hydraulic-cylinders.net\/wp-content\/uploads\/2023\/08\/hydraulic-cylinder-product-3-980x374.webp 980w, https:\/\/hydraulic-cylinders.net\/wp-content\/uploads\/2023\/08\/hydraulic-cylinder-product-3-480x183.webp 480w\" sizes=\"(min-width: 0px) and (max-width: 480px) 480px, (min-width: 481px) and (max-width: 980px) 980px, (min-width: 981px) 1024px, 100vw\" \/><\/p>\n<h3>(3) Zv\u00e1ranie<\/h3>\n<p><img loading=\"lazy\" decoding=\"async\" class=\"alignnone wp-image-629 size-large\" src=\"https:\/\/hydraulic-cylinders.net\/wp-content\/uploads\/2023\/08\/hydraulic-cylinder-product-4-1024x510.webp\" alt=\"\" width=\"1024\" height=\"510\" srcset=\"https:\/\/hydraulic-cylinders.net\/wp-content\/uploads\/2023\/08\/hydraulic-cylinder-product-4-980x488.webp 980w, https:\/\/hydraulic-cylinders.net\/wp-content\/uploads\/2023\/08\/hydraulic-cylinder-product-4-480x239.webp 480w\" sizes=\"(min-width: 0px) and (max-width: 480px) 480px, (min-width: 481px) and (max-width: 980px) 980px, (min-width: 981px) 1024px, 100vw\" \/><\/p>\n<h3>(4) Ma\u013eovanie a natieranie<\/h3>\n<p>S mal\u00fdmi a stredne ve\u013ek\u00fdmi valcov\u00fdmi automatick\u00fdmi linkami na nan\u00e1\u0161anie farieb na vodnej b\u00e1ze, na dosiahnutie automatick\u00e9ho nakladania a vykladania robotmi a automatick\u00e9ho striekania, je projektovan\u00e1 kapacita 4000 kusov za smenu;<br \/>\nM\u00e1me tie\u017e poloautomatick\u00fa linku na v\u00fdrobu farieb pre ve\u013ek\u00e9 valce poh\u00e1\u0148an\u00e9 re\u0165azou s projektovanou kapacitou 60 kusov za smenu.<\/p>\n<p><img loading=\"lazy\" decoding=\"async\" class=\"alignnone wp-image-630\" src=\"https:\/\/hydraulic-cylinders.net\/wp-content\/uploads\/2023\/08\/hydraulic-cylinder-product-5-300x213.webp\" alt=\"\" width=\"366\" height=\"260\" \/> <img loading=\"lazy\" decoding=\"async\" class=\"alignnone wp-image-631\" src=\"https:\/\/hydraulic-cylinders.net\/wp-content\/uploads\/2023\/08\/hydraulic-cylinder-product-6-300x225.webp\" alt=\"\" width=\"347\" height=\"260\" \/><\/p>\n<h3>(5) Testovanie<\/h3>\n<p>Disponujeme prvotriednymi kontroln\u00fdmi zariadeniami a sk\u00fa\u0161obn\u00fdmi zariadeniami, ktor\u00e9 zabezpe\u010duj\u00fa, \u017ee v\u00fdkonnos\u0165 valca sp\u013a\u0148a po\u017eiadavky.<\/p>\n<p><img loading=\"lazy\" decoding=\"async\" class=\"alignnone wp-image-632\" src=\"https:\/\/hydraulic-cylinders.net\/wp-content\/uploads\/2023\/08\/hydraulic-cylinder-product-8-300x200.webp\" alt=\"\" width=\"389\" height=\"260\" \/><\/p>\n<p>&nbsp;<\/p>\n<p>&nbsp;<\/p>\n<p>Sme jedn\u00fdm z najlep\u0161\u00edch v\u00fdrobcov hydraulick\u00fdch valcov. Pon\u00fakame komplexn\u00e9 hydraulick\u00e9 valce. Poskytujeme aj zodpovedaj\u00face <a href=\"https:\/\/hzpt.com\/agricultural-pto-gearbox\/\" target=\"_blank\" rel=\"noopener\">po\u013enohospod\u00e1rske prevodovky<\/a>Na\u0161e produkty sme vyv\u00e1\u017eali klientom po celom svete a v\u010faka vynikaj\u00facej kvalite produktov a popredajn\u00e9mu servisu sme si z\u00edskali dobr\u00fa reput\u00e1ciu. V\u00edtame z\u00e1kazn\u00edkov doma aj v zahrani\u010d\u00ed, ktor\u00ed n\u00e1s kontaktuj\u00fa za \u00fa\u010delom rokovania o obchodn\u00fdch z\u00e1le\u017eitostiach, v\u00fdmeny inform\u00e1ci\u00ed a <a href=\"https:\/\/www.hydraulic-cylinders.net\/sk\/contact-us\/\">spolupracova\u0165 s nami<\/a>!<\/p>","protected":false},"excerpt":{"rendered":"<p>Aerial Work Platform Luffing Cylinder The aerial work platform luffing cylinder is a vital component in aerial work platforms, designed to enhance safety and efficiency in elevated work environments. This innovative hydraulic cylinder provides controlled vertical movement, allowing for precise lifting and lowering of the platform. The aerial work platform luffing cylinder is a crucial [&hellip;]<\/p>","protected":false},"featured_media":1533,"comment_status":"open","ping_status":"closed","template":"","meta":{"_et_pb_use_builder":"","_et_pb_old_content":"","_et_gb_content_width":""},"product_brand":[],"product_cat":[1500,1550],"product_tag":[1380],"class_list":{"0":"post-1531","1":"product","2":"type-product","3":"status-publish","4":"has-post-thumbnail","6":"product_cat-aerial-work-vehicle-hydraulic-cylinder","7":"product_cat-double-acting-hydraulic-cylinder","8":"product_tag-hydraulic-cylinder","10":"first","11":"instock","12":"shipping-taxable","13":"product-type-simple"},"amp_enabled":true,"_links":{"self":[{"href":"https:\/\/www.hydraulic-cylinders.net\/sk\/wp-json\/wp\/v2\/product\/1531","targetHints":{"allow":["GET"]}}],"collection":[{"href":"https:\/\/www.hydraulic-cylinders.net\/sk\/wp-json\/wp\/v2\/product"}],"about":[{"href":"https:\/\/www.hydraulic-cylinders.net\/sk\/wp-json\/wp\/v2\/types\/product"}],"replies":[{"embeddable":true,"href":"https:\/\/www.hydraulic-cylinders.net\/sk\/wp-json\/wp\/v2\/comments?post=1531"}],"wp:featuredmedia":[{"embeddable":true,"href":"https:\/\/www.hydraulic-cylinders.net\/sk\/wp-json\/wp\/v2\/media\/1533"}],"wp:attachment":[{"href":"https:\/\/www.hydraulic-cylinders.net\/sk\/wp-json\/wp\/v2\/media?parent=1531"}],"wp:term":[{"taxonomy":"product_brand","embeddable":true,"href":"https:\/\/www.hydraulic-cylinders.net\/sk\/wp-json\/wp\/v2\/product_brand?post=1531"},{"taxonomy":"product_cat","embeddable":true,"href":"https:\/\/www.hydraulic-cylinders.net\/sk\/wp-json\/wp\/v2\/product_cat?post=1531"},{"taxonomy":"product_tag","embeddable":true,"href":"https:\/\/www.hydraulic-cylinders.net\/sk\/wp-json\/wp\/v2\/product_tag?post=1531"}],"curies":[{"name":"pracovn\u00fd list","href":"https:\/\/api.w.org\/{rel}","templated":true}]}}