{"id":15310,"date":"2025-01-19T14:22:11","date_gmt":"2025-01-19T14:22:11","guid":{"rendered":"https:\/\/www.hydraulic-cylinders.net\/product\/bucket-cylinder-for-hyundai-small-excavator-r110-7-9\/"},"modified":"2025-01-19T14:22:13","modified_gmt":"2025-01-19T14:22:13","slug":"bucket-cylinder-for-hyundai-small-excavator-r110-7-9","status":"publish","type":"product","link":"https:\/\/www.hydraulic-cylinders.net\/sk\/produkt\/bucket-cylinder-for-hyundai-small-excavator-r110-7-9\/","title":{"rendered":"Valec vedra pre mal\u00e9 r\u00fdpadlo Hyundai R110-7-9"},"content":{"rendered":"<h1>Valec vedra pre mal\u00e9 r\u00fdpadlo Hyundai R110-7-9<\/h1>\n<h2>\u00davod<\/h2>\n<h3>Definovanie valca vedra<\/h3>\n<p>Hydraulick\u00fd valec ly\u017eice je \u0161peci\u00e1lne navrhnut\u00fd hydraulick\u00fd valec pou\u017e\u00edvan\u00fd na ovl\u00e1danie pohybu ly\u017eice v \u0165a\u017ek\u00fdch strojoch, ako s\u00fa bagre, r\u00fdpadl\u00e1-r\u00fdpadl\u00e1 a \u010deln\u00e9 naklada\u010de. Jeho hlavnou funkciou je umo\u017eni\u0165 zdv\u00edhanie, sp\u00fa\u0161\u0165anie a nakl\u00e1\u0148anie ly\u017eice, \u010d\u00edm u\u013eah\u010duje r\u00f4zne \u00falohy manipul\u00e1cie s materi\u00e1lom. V hydraulickom syst\u00e9me dosahuje valec ly\u017eice presn\u00e9 ovl\u00e1danie ly\u017eice zmenou tlaku hydraulick\u00e9ho oleja, \u010do umo\u017e\u0148uje obsluhe efekt\u00edvne manipulova\u0165 s \u0165a\u017ek\u00fdmi predmetmi a prisp\u00f4sobi\u0165 sa zlo\u017eit\u00fdm pracovn\u00fdm prostrediam a r\u00f4znorod\u00fdm po\u017eiadavk\u00e1m pr\u00e1ce.<\/p>\n<p><img decoding=\"async\" src=\"https:\/\/www.hydraulic-cylinders.net\/wp-content\/uploads\/2025\/01\/songte-company-2.webp\" alt=\"Obr\u00e1zok valca vedra\"><\/p>\n<h3>Charakteristiky valca vedra<\/h3>\n<ul>\n<li>Vysok\u00e1 pevnos\u0165 a odolnos\u0165: Zvy\u010dajne je vyroben\u00fd z vysokopevnostnej ocele alebo hlin\u00edka, odol\u00e1 vysok\u00e9mu tlaku a \u0165a\u017ek\u00fdm za\u0165a\u017eeniam, prisp\u00f4sob\u00ed sa n\u00e1ro\u010dn\u00fdm pracovn\u00fdm podmienkam a je navrhnut\u00fd s odolnos\u0165ou proti opotrebovaniu a kor\u00f3zii, aby sa pred\u013a\u017eila jeho \u017eivotnos\u0165.<\/li>\n<li>Efekt\u00edvna hydraulick\u00e1 prev\u00e1dzka: Plynul\u00e9 pohyby vys\u00favania a s\u0165ahovania sa dosahuj\u00fa pomocou tlaku hydraulick\u00e9ho oleja, ktor\u00fd dok\u00e1\u017ee r\u00fdchlo reagova\u0165 na ovl\u00e1dacie povely, poskytuje siln\u00fa tla\u010dn\u00fa a \u0165a\u017en\u00fa silu a je vhodn\u00fd na manipul\u00e1ciu s \u0165a\u017ek\u00fdmi predmetmi a zlo\u017eit\u00e9 pracovn\u00e9 \u00falohy.<\/li>\n<li>R\u00f4zne typy: Pod\u013ea potreby je mo\u017en\u00e9 zvoli\u0165 jedno\u010dinn\u00e9 (hydraulika sa pou\u017e\u00edva iba v jednom smere) alebo dvoj\u010dinn\u00e9 (hydraulika sa pou\u017e\u00edva v dvoch smeroch) valce, aby sa splnili r\u00f4zne prev\u00e1dzkov\u00e9 po\u017eiadavky. Niektor\u00e9 modely s\u00fa teleskopick\u00e9, \u010do umo\u017e\u0148uje v\u00e4\u010d\u0161ie roztiahnutie bez zv\u00e4\u010d\u0161enia vonkaj\u0161\u00edch rozmerov, v\u010faka \u010domu s\u00fa vhodn\u00e9 pre aplik\u00e1cie v obmedzenom priestore.<\/li>\n<li>N\u00e1kladovo efekt\u00edvne: Na\u0161e produkty dok\u00e1\u017eu dokonale nahradi\u0165 tieto hydraulick\u00e9 valce a s\u00fa navrhnut\u00e9 tak, aby z\u00e1kazn\u00edkom poskytovali cenovo dostupn\u00fa mo\u017enos\u0165 na zn\u00ed\u017eenie n\u00e1kladov.<\/li>\n<li>Flexibilita: Tento produkt vieme vyrobi\u0165 pod\u013ea po\u017eiadaviek z\u00e1kazn\u00edka, ber\u00fac do \u00favahy \u0161pecifick\u00e9 potreby a po\u017eiadavky ka\u017ed\u00e9ho z\u00e1kazn\u00edka.<\/li>\n<\/ul>\n<p><img decoding=\"async\" src=\"https:\/\/www.hydraulic-cylinders.net\/wp-content\/uploads\/2025\/01\/songte-cylinder-head-with-all-kinds-excavator-models.webp\" alt=\"Obr\u00e1zok modelov valcov vedra\"><\/p>\n<h3>Aplik\u00e1cie vedrov\u00e9ho valca<\/h3>\n<p>Valce s ko\u0161\u00edkom sa pou\u017e\u00edvaj\u00fa v \u0161irokej \u0161k\u00e1le odvetv\u00ed a aplik\u00e1ci\u00ed vr\u00e1tane:<\/p>\n<ul>\n<li>Stavebn\u00e9 zariadenia: V bagroch s\u00fa k\u013e\u00fa\u010dov\u00e9 pre kopanie, nakladanie a premiest\u0148ovanie zeminy alebo sutiny. V r\u00fdpadlov\u00fdch bagroch pom\u00e1haj\u00fa valce ko\u0161\u00edkov pri v\u00fdkopov\u00fdch pr\u00e1cach aj zdv\u00edhan\u00ed. <\/li>\n<li>Po\u013enohospod\u00e1rske stroje: Pou\u017e\u00edvaj\u00fa sa v \u010deln\u00fdch naklada\u010doch na naberanie, zdv\u00edhanie a prepravu p\u00f4dy, sena a in\u00fdch materi\u00e1lov. <\/li>\n<li>R\u00fdpadl\u00e1: Valec ly\u017eice umo\u017e\u0148uje kopanie t\u00fdm, \u017ee umo\u017e\u0148uje ly\u017eici prenikn\u00fa\u0165 do p\u00f4dy. <\/li>\n<li>Naklada\u010de: V \u010deln\u00fdch naklada\u010doch pom\u00e1haj\u00fa pri efekt\u00edvnom zdv\u00edhan\u00ed a nakl\u00e1\u0148an\u00ed n\u00e1kladu.<\/li>\n<\/ul>\n<p>Ni\u017e\u0161ie s\u00fa uveden\u00e9 niektor\u00e9 konkr\u00e9tne pr\u00edklady pou\u017eitia vedrov\u00fdch valcov:<\/p>\n<h4>Stavebn\u00e9 stroje<\/h4>\n<p>V r\u00fdpadl\u00e1ch sa valce ly\u017eice pou\u017e\u00edvaj\u00fa na kopanie, nakladanie a premiest\u0148ovanie zeminy alebo sutiny. Pomocou valca ly\u017eice m\u00f4\u017ee r\u00fdpadlo dosiahnu\u0165 presn\u00fa h\u013abku a uhol kopania a obsluha m\u00f4\u017ee \u013eahko ovl\u00e1da\u0165 pohyb ly\u017eice. Podobne v r\u00fdpadl\u00e1ch s r\u00fdpadlom umo\u017e\u0148uje valec ly\u017eice ly\u017eici prenika\u0165 do p\u00f4dy a pom\u00e1ha zdv\u00edha\u0165 a vyklada\u0165 sutiny.<\/p>\n<h4>Po\u013enohospod\u00e1rske stroje<\/h4>\n<p>Valec ly\u017eice sa pou\u017e\u00edva v \u010deln\u00fdch naklada\u010doch na naberanie, zdv\u00edhanie a prepravu p\u00f4dy, sena a in\u00fdch materi\u00e1lov. Plynul\u00e9 vys\u00favanie a s\u0165ahovanie valca umo\u017e\u0148uje efekt\u00edvnu manipul\u00e1ciu s \u0165a\u017ek\u00fdmi materi\u00e1lmi a obsluha m\u00f4\u017ee pomocou joysticku ovl\u00e1da\u0165 pohyb ly\u017eice.<\/p>\n<h4>R\u00fdpadl\u00e1<\/h4>\n<p>Valec ly\u017eice umo\u017e\u0148uje kopanie t\u00fdm, \u017ee umo\u017e\u0148uje ly\u017eici prenikn\u00fa\u0165 do p\u00f4dy. Valec dok\u00e1\u017ee ovl\u00e1da\u0165 h\u013abku aj uhol v\u00fdkopu, v\u010faka \u010domu je z\u00e1kladnou s\u00fa\u010das\u0165ou r\u00fdpadla.<\/p>\n<h4>Naklada\u010de<\/h4>\n<p>V \u010deln\u00fdch naklada\u010doch pom\u00e1haj\u00fa valce ly\u017eice efekt\u00edvne zdv\u00edha\u0165 a nakl\u00e1\u0148a\u0165 n\u00e1klad. Vys\u00favacie a s\u0165ahovacie pohyby valca umo\u017e\u0148uj\u00fa plynul\u00e9 zdv\u00edhanie a obsluha m\u00f4\u017ee ly\u017eicu \u013eahko ovl\u00e1da\u0165.<\/p>\n<h3>\u00davahy o dizajne a krit\u00e9ri\u00e1 v\u00fdberu<\/h3>\n<p>Pri v\u00fdbere valca s vedrom je d\u00f4le\u017eit\u00e9 zv\u00e1\u017ei\u0165 nasleduj\u00face kon\u0161truk\u010dn\u00e9 a v\u00fdberov\u00e9 krit\u00e9ri\u00e1:<\/p>\n<ul>\n<li>Nosnos\u0165: Valec by mal by\u0165 schopn\u00fd odola\u0165 po\u017eadovanej nosnosti a tlaku hydraulick\u00e9ho oleja.<\/li>\n<li>Tesnenie: Valec by mal by\u0165 riadne utesnen\u00fd, aby sa zabr\u00e1nilo \u00faniku oleja a kontamin\u00e1cii.<\/li>\n<li>Trvanlivos\u0165: Valec by mal by\u0165 vyroben\u00fd z vysoko kvalitn\u00fdch materi\u00e1lov, ktor\u00e9 odol\u00e1vaj\u00fa n\u00e1ro\u010dn\u00fdm pracovn\u00fdm podmienkam a pred\u013a\u017eia \u017eivotnos\u0165.<\/li>\n<li>Bezpe\u010dnos\u0165: Kon\u0161trukcia valca by mala zoh\u013ead\u0148ova\u0165 bezpe\u010dnostn\u00e9 aspekty, aby sa predi\u0161lo nehod\u00e1m alebo po\u0161kodeniu zariadenia.<\/li>\n<li>\u00dadr\u017eba: Valec by mal by\u0165 navrhnut\u00fd tak, aby umo\u017e\u0148oval jednoduch\u00fa \u00fadr\u017ebu, opravu a v\u00fdmenu dielov.<\/li>\n<\/ul>\n<p><img decoding=\"async\" src=\"https:\/\/www.hydraulic-cylinders.net\/wp-content\/uploads\/2025\/01\/songte-oil-pipes-and-spare-parts.webp\" alt=\"Obr\u00e1zok n\u00e1hradn\u00fdch dielov valca vedra\"><\/p>\n<h3>Tesnenie a mazanie<\/h3>\n<p>Valec kor\u010deka pou\u017e\u00edva r\u00f4zne tesniace komponenty, ako s\u00fa tesnenia piestov, tesnenia ty\u010d\u00ed at\u010f., vyroben\u00e9 z materi\u00e1lov odoln\u00fdch vo\u010di opotrebovaniu, ako je polyuret\u00e1n a nitrilov\u00fd kau\u010duk, aby sa zabr\u00e1nilo \u00faniku hydraulick\u00e9ho oleja. Teleso valca a z\u00e1vitov\u00e9 konce s\u00fa jemne opracovan\u00e9, \u010do zvy\u0161uje odolnos\u0165 vo\u010di opotrebovaniu a kor\u00f3zii. Je d\u00f4le\u017eit\u00e9 pravidelne prid\u00e1va\u0165 primeran\u00e9 mno\u017estvo hydraulick\u00e9ho oleja, aby sa zabezpe\u010dilo spr\u00e1vne mazanie valca.<\/p>\n<h3>\u00dadr\u017eba a opravy<\/h3>\n<p>Pravideln\u00e1 \u00fadr\u017eba a opravy s\u00fa nevyhnutn\u00e9 na zabezpe\u010denie spr\u00e1vnej funkcie a dlhej \u017eivotnosti valca s vedro. Medzi be\u017en\u00e9 \u00falohy \u00fadr\u017eby patria pravideln\u00e9 kontroly, mazanie, v\u00fdmena tesnen\u00ed a kalibra\u010dn\u00e9 kontroly. Je d\u00f4le\u017eit\u00e9 spr\u00e1vne nain\u0161talova\u0165 valec, spr\u00e1vne ho zarovna\u0165 a pou\u017ei\u0165 vhodn\u00e9 podporn\u00e9 konzoly na jeho upevnenie. V pr\u00edpade poruchy je potrebn\u00e1 r\u00fdchla diagnostika a oprava. Poskytujeme n\u00e1hradn\u00e9 diely a slu\u017eby rekon\u0161trukcie, aby sme pred\u013a\u017eili \u017eivotnos\u0165 valca.<\/p>\n<p><img decoding=\"async\" src=\"https:\/\/www.hydraulic-cylinders.net\/wp-content\/uploads\/2025\/01\/songte-chushion-collar.webp\" alt=\"Obr\u00e1zok goliera valca vedra\"><\/p>\n<h3>Bezpe\u010dnostn\u00e9 a environment\u00e1lne aspekty<\/h3>\n<p>Pri pou\u017e\u00edvan\u00ed valcov s kore\u010dkami je nevyhnutn\u00e9 dodr\u017eiava\u0165 bezpe\u010dnostn\u00e9 pokyny, aby sa predi\u0161lo nehod\u00e1m a po\u0161kodeniu zariaden\u00ed. Je d\u00f4le\u017eit\u00e9 zabezpe\u010di\u0165, aby bol valec spr\u00e1vne nain\u0161talovan\u00fd a spr\u00e1vne zarovnan\u00fd, aby sa predi\u0161lo opotrebovaniu. Pravideln\u00e1 kontrola a \u00fadr\u017eba s\u00fa tie\u017e potrebn\u00e9 na zabezpe\u010denie spr\u00e1vneho fungovania valca a predch\u00e1dzanie nehod\u00e1m. Je d\u00f4le\u017eit\u00e9 zoh\u013eadni\u0165 environment\u00e1lne aspekty, ako je spr\u00e1vna likvid\u00e1cia pou\u017eit\u00e9ho hydraulick\u00e9ho oleja a in\u00fdch odpadov\u00fdch produktov.<\/p>\n<h3>Rie\u0161enie probl\u00e9mov a be\u017en\u00e9 probl\u00e9my<\/h3>\n<p>Medzi be\u017en\u00e9 probl\u00e9my s valcami vedra patr\u00ed \u00fanik oleja, nedostato\u010dn\u00e9 mazanie a nespr\u00e1vne zarovnanie. Valec m\u00f4\u017ee zlyha\u0165, ak s\u00fa tesnenia opotrebovan\u00e9 alebo po\u0161koden\u00e9. Pravideln\u00e1 kontrola a \u00fadr\u017eba m\u00f4\u017eu t\u00fdmto probl\u00e9mom pred\u00eds\u0165. Ak sa vyskytne ak\u00fdko\u013evek probl\u00e9m, odpor\u00fa\u010dame konzultova\u0165 s na\u0161\u00edm technick\u00fdm t\u00edmom, aby v\u00e1m r\u00fdchlo diagnostikovali a opravili ho.<\/p>\n<p><img decoding=\"async\" src=\"https:\/\/www.hydraulic-cylinders.net\/wp-content\/uploads\/2025\/01\/songte-bushings-with-all-kinds-of-excavator-models.webp\" alt=\"Obr\u00e1zok puzdier valca vedra\"><\/p>\n<h2>O na\u0161ej spolo\u010dnosti<\/h2>\n<p>Sme popredn\u00fdm v\u00fdrobcom a ve\u013ekoobchodn\u00edkom hydraulick\u00fdch valcov a poskytujeme \u0161irok\u00fa \u0161k\u00e1lu produktov a rie\u0161en\u00ed, ktor\u00e9 uspokojuj\u00fa potreby r\u00f4znych odvetv\u00ed. Riadime sa filozofiou excelentnosti v kvalite a v na\u0161ich prec\u00edznych v\u00fdrobn\u00fdch diel\u0148ach pou\u017e\u00edvame pokro\u010dil\u00e9 strat\u00e9gie riadenia v\u00fdroby. Na\u0161a spolo\u010dnos\u0165 investuje do technol\u00f3gi\u00ed, zariaden\u00ed a profesion\u00e1lnych testovac\u00edch syst\u00e9mov s cie\u013eom vyvin\u00fa\u0165 efekt\u00edvnu, presn\u00fa a vysoko kvalitn\u00fa v\u00fdrobn\u00fa linku, ktor\u00e1 sp\u013a\u0148a potreby na\u0161ich z\u00e1kazn\u00edkov. Dok\u00e1\u017eeme poskytn\u00fa\u0165 prisp\u00f4soben\u00e9 slu\u017eby a rie\u0161enia, ktor\u00e9 sp\u013a\u0148aj\u00fa \u0161pecifick\u00e9 potreby ka\u017ed\u00e9ho z\u00e1kazn\u00edka.<\/p>\n<h3>Profesionalita<\/h3>\n<p>N\u00e1\u0161 sk\u00fasen\u00fd t\u00edm profesion\u00e1lov poskytuje na\u0161im z\u00e1kazn\u00edkom odborn\u00fa technick\u00fa podporu a konzult\u00e1cie, \u010d\u00edm zabezpe\u010dujeme, aby sme splnili ich po\u017eiadavky a prekonali ich o\u010dak\u00e1vania. Zabezpe\u010dujeme, aby bol ka\u017ed\u00fd produkt testovan\u00fd a skontrolovan\u00fd, aby sme zaru\u010dili vysok\u00fa kvalitu a funk\u010dnos\u0165.<\/p>\n<h3>Medzin\u00e1rodn\u00e1 certifik\u00e1cia<\/h3>\n<p>Na\u0161e produkty boli certifikovan\u00e9 medzin\u00e1rodn\u00fdmi organiz\u00e1ciami a normami, \u010do zabezpe\u010duje, \u017ee n\u00e1\u0161 v\u00fdrobn\u00fd proces a kontrola kvality sp\u013a\u0148aj\u00fa priemyseln\u00e9 \u0161tandardy. Na\u0161e produkty sa vyv\u00e1\u017eaj\u00fa z\u00e1kazn\u00edkom po celom svete a my sme si vybudovali reput\u00e1ciu v oblasti kvality, spo\u013eahlivosti a efekt\u00edvnosti.<\/p>\n<h3>Prisp\u00f4sobenie<\/h3>\n<p>Na\u0161e produkty dok\u00e1\u017eeme prisp\u00f4sobi\u0165 \u0161pecifick\u00fdm po\u017eiadavk\u00e1m ka\u017ed\u00e9ho z\u00e1kazn\u00edka a zabezpe\u010di\u0165 tak najlep\u0161ie rie\u0161enie pre jeho potreby. Na\u0161e produkty s\u00fa navrhnut\u00e9 tak, aby boli flexibiln\u00e9, n\u00e1kladovo efekt\u00edvne a prisp\u00f4sobite\u013en\u00e9 r\u00f4znym pracovn\u00fdm prostrediam a aplik\u00e1ci\u00e1m.<\/p>\n<h3>V\u00fdrobn\u00e9 zariadenia<\/h3>\n<p>Pou\u017e\u00edvame modern\u00e9 v\u00fdrobn\u00e9 zariadenia a stroje, aby sme zabezpe\u010dili, \u017ee na\u0161e v\u00fdrobky sp\u013a\u0148aj\u00fa najvy\u0161\u0161ie \u0161tandardy kvality. Na\u0161a v\u00fdrobn\u00e1 linka je vybaven\u00e1 najmodernej\u0161\u00edmi CNC strojmi, br\u00faskami, s\u00fastruhmi a \u010fal\u0161\u00edm \u0161pecializovan\u00fdm vybaven\u00edm, aby sme splnili \u0161pecifick\u00e9 potreby ka\u017ed\u00e9ho z\u00e1kazn\u00edka.<\/p>\n<h3>Popredajn\u00fd servis<\/h3>\n<p>Poskytujeme popredajn\u00fd servis a podporu, aby sme zabezpe\u010dili spokojnos\u0165 na\u0161ich z\u00e1kazn\u00edkov s na\u0161imi produktmi. Poskytujeme technick\u00fa podporu, n\u00e1hradn\u00e9 diely a repasn\u00e9 slu\u017eby, aby sme pred\u013a\u017eili \u017eivotnos\u0165 na\u0161ich produktov a maximalizovali ich hodnotu pre na\u0161ich z\u00e1kazn\u00edkov.<\/p>\n<p><img decoding=\"async\" src=\"https:\/\/hzpt.com\/wp-content\/uploads\/2024\/11\/songte-company-1.webp\" alt=\"Imid\u017e na\u0161ej spolo\u010dnosti\"><\/p>\n<p>Autor: lyl<\/p>","protected":false},"excerpt":{"rendered":"<p>Bucket Cylinder For Hyundai Small Excavator R110-7-9 Introduction Defining Bucket Cylinder A bucket cylinder is a specially designed hydraulic cylinder used to control the movement of the bucket in heavy machinery such as excavators, backhoe excavators, and front-end loaders. Its main function is to enable the bucket to lift, lower and tilt, thus facilitating various [&hellip;]<\/p>","protected":false},"featured_media":14762,"comment_status":"open","ping_status":"closed","template":"","meta":{"_et_pb_use_builder":"","_et_pb_old_content":"","_et_gb_content_width":""},"product_brand":[],"product_cat":[1494],"product_tag":[1495,1496],"class_list":{"0":"post-15310","1":"product","2":"type-product","3":"status-publish","4":"has-post-thumbnail","6":"product_cat-bucket-cylinders","7":"product_tag-bucket-cylinders","8":"product_tag-hydraulic-cylinders","10":"first","11":"instock","12":"shipping-taxable","13":"product-type-simple"},"amp_enabled":true,"_links":{"self":[{"href":"https:\/\/www.hydraulic-cylinders.net\/sk\/wp-json\/wp\/v2\/product\/15310","targetHints":{"allow":["GET"]}}],"collection":[{"href":"https:\/\/www.hydraulic-cylinders.net\/sk\/wp-json\/wp\/v2\/product"}],"about":[{"href":"https:\/\/www.hydraulic-cylinders.net\/sk\/wp-json\/wp\/v2\/types\/product"}],"replies":[{"embeddable":true,"href":"https:\/\/www.hydraulic-cylinders.net\/sk\/wp-json\/wp\/v2\/comments?post=15310"}],"wp:featuredmedia":[{"embeddable":true,"href":"https:\/\/www.hydraulic-cylinders.net\/sk\/wp-json\/wp\/v2\/media\/14762"}],"wp:attachment":[{"href":"https:\/\/www.hydraulic-cylinders.net\/sk\/wp-json\/wp\/v2\/media?parent=15310"}],"wp:term":[{"taxonomy":"product_brand","embeddable":true,"href":"https:\/\/www.hydraulic-cylinders.net\/sk\/wp-json\/wp\/v2\/product_brand?post=15310"},{"taxonomy":"product_cat","embeddable":true,"href":"https:\/\/www.hydraulic-cylinders.net\/sk\/wp-json\/wp\/v2\/product_cat?post=15310"},{"taxonomy":"product_tag","embeddable":true,"href":"https:\/\/www.hydraulic-cylinders.net\/sk\/wp-json\/wp\/v2\/product_tag?post=15310"}],"curies":[{"name":"pracovn\u00fd list","href":"https:\/\/api.w.org\/{rel}","templated":true}]}}