{"id":15313,"date":"2025-01-19T14:22:24","date_gmt":"2025-01-19T14:22:24","guid":{"rendered":"https:\/\/www.hydraulic-cylinders.net\/product\/bucket-cylinder-for-hyundai-middle-excavator-r200-5-5d\/"},"modified":"2025-01-19T14:22:26","modified_gmt":"2025-01-19T14:22:26","slug":"bucket-cylinder-for-hyundai-middle-excavator-r200-5-5d","status":"publish","type":"product","link":"https:\/\/www.hydraulic-cylinders.net\/sk\/produkt\/bucket-cylinder-for-hyundai-middle-excavator-r200-5-5d\/","title":{"rendered":"Valec vedra pre stredn\u00fd bager Hyundai R200-5-5D"},"content":{"rendered":"<h1>Valec vedra pre stredn\u00fd bager Hyundai R200-5-5D<\/h1>\n<h2>\u00davod<\/h2>\n<p>Hydraulick\u00fd valec ly\u017eice je \u0161peci\u00e1lne navrhnut\u00fd hydraulick\u00fd valec pou\u017e\u00edvan\u00fd na ovl\u00e1danie pohybu ly\u017eice v \u0165a\u017ek\u00fdch strojoch, ako s\u00fa r\u00fdpadl\u00e1, r\u00fdpadl\u00e1-naklada\u010de a \u010deln\u00e9 naklada\u010de. Jeho hlavnou funkciou je umo\u017eni\u0165 zdv\u00edhanie, sp\u00fa\u0161\u0165anie a nakl\u00e1\u0148anie ly\u017eice, \u010do u\u013eah\u010duje prepravu r\u00f4znych materi\u00e1lov. V hydraulickom syst\u00e9me dosahuje valec ly\u017eice presn\u00e9 ovl\u00e1danie pohybov ly\u017eice prostredn\u00edctvom zmien tlaku hydraulick\u00e9ho oleja, \u010do umo\u017e\u0148uje obsluhe efekt\u00edvne manipulova\u0165 s \u0165a\u017ek\u00fdmi materi\u00e1lmi, prisp\u00f4sobi\u0165 sa zlo\u017eit\u00fdm pracovn\u00fdm prostrediam a r\u00f4znym prev\u00e1dzkov\u00fdm po\u017eiadavk\u00e1m.<\/p>\n<p><img decoding=\"async\" src=\"https:\/\/www.hydraulic-cylinders.net\/wp-content\/uploads\/2025\/01\/songte-company-2.webp\"><\/p>\n<h2>Funkcie<\/h2>\n<ul>\n<li>Vysok\u00e1 pevnos\u0165 a odolnos\u0165: zvy\u010dajne vyroben\u00e9 z vysokopevnostnej ocele alebo hlin\u00edka, odol\u00e1vaj\u00fa vysok\u00e9mu tlaku a \u0165a\u017ek\u00fdm za\u0165a\u017eeniam, prisp\u00f4sobia sa n\u00e1ro\u010dn\u00fdm pracovn\u00fdm podmienkam a s\u00fa navrhnut\u00e9 s odolnos\u0165ou proti opotrebovaniu a kor\u00f3zii, aby sa pred\u013a\u017eila ich \u017eivotnos\u0165.<\/li>\n<li>Efekt\u00edvna hydraulick\u00e1 prev\u00e1dzka: vyu\u017e\u00edva tlak hydraulick\u00e9ho oleja na dosiahnutie plynul\u00fdch pohybov vys\u00favania a s\u0165ahovania, dok\u00e1\u017ee r\u00fdchlo reagova\u0165 na ovl\u00e1dacie povely, poskytuje siln\u00e9 tla\u010dn\u00e9 a \u0165a\u017en\u00e9 sily a je vhodn\u00e1 na manipul\u00e1ciu s \u0165a\u017ek\u00fdmi materi\u00e1lmi a zlo\u017eit\u00e9 prev\u00e1dzkov\u00e9 \u00falohy.<\/li>\n<li>R\u00f4zne typy: pod\u013ea po\u017eiadaviek si m\u00f4\u017eete vybra\u0165 jedno\u010dinn\u00e9 (hydraulick\u00fd pohon sa pou\u017e\u00edva iba v jednom smere) alebo dvoj\u010dinn\u00e9 (hydraulick\u00fd pohon sa pou\u017e\u00edva v dvoch smeroch) valce, aby ste splnili r\u00f4zne prev\u00e1dzkov\u00e9 potreby. Niektor\u00e9 modely s\u00fa teleskopick\u00e9, \u010do umo\u017e\u0148uje v\u00e4\u010d\u0161ie vysunutie bez zv\u00e4\u010d\u0161enia vonkaj\u0161\u00edch rozmerov, vhodn\u00e9 pre aplik\u00e1cie s obmedzen\u00fdm priestorom.<\/li>\n<li>Jednoduch\u00e1 in\u0161tal\u00e1cia: n\u00e1\u0161 produkt dok\u00e1\u017ee dokonale nahradi\u0165 tieto hydraulick\u00e9 valce.<\/li>\n<\/ul>\n<p><img decoding=\"async\" src=\"https:\/\/www.hydraulic-cylinders.net\/wp-content\/uploads\/2025\/01\/songte-cylinder-head-with-all-kinds-excavator-models.webp\"><\/p>\n<h2>Aplik\u00e1cie<\/h2>\n<p>Valec s ko\u0161\u00edkom sa \u0161iroko pou\u017e\u00edva v r\u00f4znych \u0165a\u017ek\u00fdch strojoch, ako napr\u00edklad:<\/p>\n<ul>\n<li>Stavebn\u00e9 zariadenia: V bagroch s\u00fa nevyhnutn\u00e9 na kopanie, nakladanie a premiest\u0148ovanie zeminy alebo sutiny. V r\u00fdpadl\u00e1ch-r\u00fdpadl\u00e1ch pom\u00e1haj\u00fa pri kopan\u00ed a zdv\u00edhan\u00ed. <\/li>\n<li>Po\u013enohospod\u00e1rske stroje: Pou\u017e\u00edvaj\u00fa sa v \u010deln\u00fdch naklada\u010doch na naberanie, zdv\u00edhanie a prepravu p\u00f4dy, sena a in\u00fdch materi\u00e1lov. <\/li>\n<li>R\u00fdpadl\u00e1: Valec ly\u017eice umo\u017e\u0148uje kopanie t\u00fdm, \u017ee umo\u017e\u0148uje ly\u017eici prenikn\u00fa\u0165 do p\u00f4dy. <\/li>\n<li>Naklada\u010de: \u010celn\u00e9 naklada\u010de pom\u00e1haj\u00fa efekt\u00edvne zdv\u00edha\u0165 a vyklada\u0165 tovar.<\/li>\n<\/ul>\n<h2>\u00davahy o dizajne a \u0161tandardy v\u00fdberu<\/h2>\n<ul>\n<li>Nosnos\u0165: Valec by mal by\u0165 navrhnut\u00fd tak, aby odolal maxim\u00e1lnemu za\u0165a\u017eeniu a tlaku.<\/li>\n<li>Tesnenie: R\u00f4zne tesniace komponenty, ako s\u00fa tesnenia piestov, tesnenia ty\u010d\u00ed at\u010f., by mali by\u0165 vyroben\u00e9 z materi\u00e1lov odoln\u00fdch vo\u010di opotrebovaniu, aby sa zabezpe\u010dila dlhodob\u00e1 tesniaca \u00fa\u010dinnos\u0165 v n\u00e1ro\u010dn\u00fdch podmienkach.<\/li>\n<li>Trvanlivos\u0165: Valec by mal by\u0165 navrhnut\u00fd tak, aby odolal \u00fanavov\u00e9mu nam\u00e1haniu a opotrebovaniu sp\u00f4soben\u00e9mu dlhodob\u00fdm pou\u017e\u00edvan\u00edm.<\/li>\n<li>Bezpe\u010dnos\u0165: Hydraulick\u00fd syst\u00e9m by mal by\u0165 navrhnut\u00fd tak, aby sa predi\u0161lo nehod\u00e1m a zabezpe\u010dila sa bezpe\u010dnos\u0165 obsluhy.<\/li>\n<li>\u00dadr\u017eba: Valec by mal by\u0165 navrhnut\u00fd s oh\u013eadom na jednoduch\u00fa \u00fadr\u017ebu vr\u00e1tane jednoduchej demont\u00e1\u017ee, op\u00e4tovnej mont\u00e1\u017ee a v\u00fdmeny po\u0161koden\u00fdch komponentov.<\/li>\n<\/ul>\n<p><img decoding=\"async\" src=\"https:\/\/www.hydraulic-cylinders.net\/wp-content\/uploads\/2025\/01\/songte-oil-pipes-and-spare-parts.webp\"><\/p>\n<h2>Tesnenie a mazanie<\/h2>\n<p>R\u00f4zne tesniace komponenty, ako s\u00fa tesnenia piestov, tesnenia ty\u010d\u00ed at\u010f., by mali by\u0165 vyroben\u00e9 z materi\u00e1lov odoln\u00fdch vo\u010di opotrebovaniu, aby sa zabezpe\u010dila dlhodob\u00e1 tesniaca \u00fa\u010dinnos\u0165 v n\u00e1ro\u010dn\u00fdch podmienkach. Teleso valca a z\u00e1vitov\u00fd koniec s\u00fa jemne opracovan\u00e9, aby sa zlep\u0161ila odolnos\u0165 vo\u010di opotrebovaniu. Na mazanie je potrebn\u00e9 pravidelne prid\u00e1va\u0165 primeran\u00e9 mno\u017estvo hydraulick\u00e9ho oleja.<\/p>\n<h2>\u00dadr\u017eba a bezpe\u010dnostn\u00e9 opatrenia<\/h2>\n<ul>\n<li>Pravideln\u00e1 kontrola: Pravideln\u00e1 kontrola valca m\u00f4\u017ee pred\u00eds\u0165 potenci\u00e1lnym probl\u00e9mom.<\/li>\n<li>Spr\u00e1vne mazanie: Spr\u00e1vne mazanie m\u00f4\u017ee udr\u017ea\u0165 v\u00fdkon valca.<\/li>\n<li>V\u00fdmena tesnenia: Pravideln\u00e1 v\u00fdmena tesnen\u00ed m\u00f4\u017ee zlep\u0161i\u0165 tesniaci v\u00fdkon valca. <\/li>\n<li>Kontrola kalibr\u00e1cie: Valec by sa mal pravidelne kalibrova\u0165, aby sa zabezpe\u010dila jeho presnos\u0165.<\/li>\n<\/ul>\n<p><img decoding=\"async\" src=\"https:\/\/www.hydraulic-cylinders.net\/wp-content\/uploads\/2025\/01\/songte-chushion-collar.webp\"><\/p>\n<h2>Bezpe\u010dnostn\u00e9 aspekty a faktory prostredia<\/h2>\n<p>Pri pou\u017e\u00edvan\u00ed hydraulick\u00fdch valcov s\u00fa bezpe\u010dnostn\u00e9 opatrenia nevyhnutn\u00e9, aby sa predi\u0161lo nehod\u00e1m. Spr\u00e1vna likvid\u00e1cia hydraulickej kvapaliny a in\u00fdch odpadov\u00fdch materi\u00e1lov je tie\u017e potrebn\u00e1 na ochranu \u017eivotn\u00e9ho prostredia.<\/p>\n<h2>Diagnostika a rie\u0161enie probl\u00e9mov<\/h2>\n<p>Ak valec nefunguje spr\u00e1vne, m\u00f4\u017ee to ma\u0165 za n\u00e1sledok slab\u00fd v\u00fdkon alebo dokonca nehody. Spr\u00e1vna diagnostika a rie\u0161enie probl\u00e9mov m\u00f4\u017ee pom\u00f4c\u0165 tieto probl\u00e9my vyrie\u0161i\u0165.<\/p>\n<h2>O na\u0161ej spolo\u010dnosti<\/h2>\n<p>Sme v\u00fdrobcom n\u00e1hradn\u00fdch hydraulick\u00fdch valcov. Na\u0161a spolo\u010dnos\u0165 pon\u00faka \u0161irok\u00fd sortiment produktov a stala sa jedn\u00fdm z popredn\u00fdch v\u00fdrobcov a ve\u013ekoobchodn\u00edkov s hydraulick\u00fdmi valcami na dom\u00e1com aj medzin\u00e1rodnom trhu. Riadime sa z\u00e1sadou vynikaj\u00facej kvality a spoliehame sa na industrializovan\u00fa strat\u00e9giu riadenia v\u00fdroby v jemn\u00fdch v\u00fdrobn\u00fdch diel\u0148ach. Na\u0161a spolo\u010dnos\u0165 neust\u00e1le zlep\u0161uje v\u00fdrobn\u00fa platformu dielne, zdokona\u013euje proces kvality v\u00fdroby produktu a m\u00e1 siln\u00e9 kreat\u00edvne schopnosti na uspokojenie rozmanit\u00fdch potrieb z\u00e1kazn\u00edkov s vysokou efektivitou, vysokou presnos\u0165ou a vysokou kvalitou. <\/p>\n<ul>\n<li>Profesionalita: Zamestn\u00e1vame t\u00edm sk\u00fasen\u00fdch odborn\u00edkov, ktor\u00ed sa venuj\u00fa v\u00fdrobe vysoko kvalitn\u00fdch hydraulick\u00fdch valcov.<\/li>\n<li>Medzin\u00e1rodn\u00e1 certifik\u00e1cia: Na\u0161e v\u00fdrobky pre\u0161li medzin\u00e1rodn\u00fdmi certifik\u00e1ciami kvality a boli exportovan\u00e9 do mnoh\u00fdch kraj\u00edn a regi\u00f3nov po celom svete.<\/li>\n<li>Slu\u017eby prisp\u00f4sobenia: Pon\u00fakame slu\u017eby na mieru, ktor\u00e9 sp\u013a\u0148aj\u00fa individu\u00e1lne potreby z\u00e1kazn\u00edkov.<\/li>\n<li>V\u00fdrobn\u00e9 zariadenia: Na zabezpe\u010denie kvality a efekt\u00edvnosti n\u00e1\u0161ho v\u00fdrobn\u00e9ho procesu pou\u017e\u00edvame pokro\u010dil\u00e9 digit\u00e1lne v\u00fdrobn\u00e9 zariadenia.<\/li>\n<li>Popredajn\u00fd servis: Pon\u00fakame komplexn\u00fd popredajn\u00fd servis, aby sme zabezpe\u010dili spokojnos\u0165 z\u00e1kazn\u00edkov.<\/li>\n<\/ul>\n<p><img decoding=\"async\" src=\"https:\/\/www.hydraulic-cylinders.net\/wp-content\/uploads\/2025\/01\/songte-company-3.webp\"><\/p>\n<p>Autor: lyl.<\/p>","protected":false},"excerpt":{"rendered":"<p>Bucket Cylinder for Hyundai Middle Excavator R200-5-5D Introduction A bucket cylinder is a specially designed hydraulic cylinder used to control the movement of the bucket in heavy machinery like excavators, backhoe excavators, and front-end loaders. Its main function is to enable the bucket to lift, lower, and tilt, making it easier to transport various materials. [&hellip;]<\/p>","protected":false},"featured_media":14788,"comment_status":"open","ping_status":"closed","template":"","meta":{"_et_pb_use_builder":"","_et_pb_old_content":"","_et_gb_content_width":""},"product_brand":[],"product_cat":[1494],"product_tag":[1495,1496],"class_list":{"0":"post-15313","1":"product","2":"type-product","3":"status-publish","4":"has-post-thumbnail","6":"product_cat-bucket-cylinders","7":"product_tag-bucket-cylinders","8":"product_tag-hydraulic-cylinders","10":"first","11":"instock","12":"shipping-taxable","13":"product-type-simple"},"amp_enabled":true,"_links":{"self":[{"href":"https:\/\/www.hydraulic-cylinders.net\/sk\/wp-json\/wp\/v2\/product\/15313","targetHints":{"allow":["GET"]}}],"collection":[{"href":"https:\/\/www.hydraulic-cylinders.net\/sk\/wp-json\/wp\/v2\/product"}],"about":[{"href":"https:\/\/www.hydraulic-cylinders.net\/sk\/wp-json\/wp\/v2\/types\/product"}],"replies":[{"embeddable":true,"href":"https:\/\/www.hydraulic-cylinders.net\/sk\/wp-json\/wp\/v2\/comments?post=15313"}],"wp:featuredmedia":[{"embeddable":true,"href":"https:\/\/www.hydraulic-cylinders.net\/sk\/wp-json\/wp\/v2\/media\/14788"}],"wp:attachment":[{"href":"https:\/\/www.hydraulic-cylinders.net\/sk\/wp-json\/wp\/v2\/media?parent=15313"}],"wp:term":[{"taxonomy":"product_brand","embeddable":true,"href":"https:\/\/www.hydraulic-cylinders.net\/sk\/wp-json\/wp\/v2\/product_brand?post=15313"},{"taxonomy":"product_cat","embeddable":true,"href":"https:\/\/www.hydraulic-cylinders.net\/sk\/wp-json\/wp\/v2\/product_cat?post=15313"},{"taxonomy":"product_tag","embeddable":true,"href":"https:\/\/www.hydraulic-cylinders.net\/sk\/wp-json\/wp\/v2\/product_tag?post=15313"}],"curies":[{"name":"pracovn\u00fd list","href":"https:\/\/api.w.org\/{rel}","templated":true}]}}