{"id":15318,"date":"2025-01-19T14:22:44","date_gmt":"2025-01-19T14:22:44","guid":{"rendered":"https:\/\/www.hydraulic-cylinders.net\/product\/bucket-cylinder-for-hyundai-middle-excavator-r200lc\/"},"modified":"2025-01-19T14:22:46","modified_gmt":"2025-01-19T14:22:46","slug":"bucket-cylinder-for-hyundai-middle-excavator-r200lc","status":"publish","type":"product","link":"https:\/\/www.hydraulic-cylinders.net\/sk\/produkt\/bucket-cylinder-for-hyundai-middle-excavator-r200lc\/","title":{"rendered":"Valec vedra pre stredn\u00fd bager Hyundai R200LC"},"content":{"rendered":"<h1>Valec vedra pre stredn\u00fd bager Hyundai R200LC<\/h1>\n<h2>\u00davod<\/h2>\n<p>Hydraulick\u00fd valec ly\u017eice pre stredn\u00e9 r\u00fdpadlo Hyundai R200LC je \u0161pecializovan\u00fd hydraulick\u00fd valec ur\u010den\u00fd na ovl\u00e1danie pohybu ly\u017eice v \u0165a\u017ek\u00fdch strojoch, ako s\u00fa r\u00fdpadl\u00e1, r\u00fdpadl\u00e1-naklada\u010de a \u010deln\u00e9 naklada\u010de. Jeho hlavnou funkciou je umo\u017eni\u0165 zdv\u00edhanie, sp\u00fa\u0161\u0165anie a nakl\u00e1\u0148anie ly\u017eice, \u010d\u00edm sa u\u013eah\u010duj\u00fa r\u00f4zne \u00falohy manipul\u00e1cie s materi\u00e1lom. V hydraulickom syst\u00e9me valec ly\u017eice riadi presn\u00e9 pohyby ly\u017eice prostredn\u00edctvom zmien tlaku hydraulick\u00e9ho oleja, \u010do umo\u017e\u0148uje obsluhe efekt\u00edvne manipulova\u0165 s \u0165a\u017ek\u00fdmi predmetmi a prisp\u00f4sobi\u0165 sa zlo\u017eit\u00fdm pracovn\u00fdm prostrediam a r\u00f4znym prev\u00e1dzkov\u00fdm po\u017eiadavk\u00e1m.<\/p>\n<p><img decoding=\"async\" src=\"https:\/\/www.hydraulic-cylinders.net\/wp-content\/uploads\/2025\/01\/songte-company-2.webp\"\/><\/p>\n<h2>Funkcie<\/h2>\n<ul>\n<li>\n<h3>Vysok\u00e1 pevnos\u0165 a odolnos\u0165<\/h3>\n<p>Valec vedra je zvy\u010dajne vyroben\u00fd z vysokopevnostnej ocele alebo hlin\u00edka, je schopn\u00fd odol\u00e1va\u0165 vysok\u00e9mu tlaku a \u0165a\u017ek\u00e9mu za\u0165a\u017eeniu, prisp\u00f4sobi\u0165 sa n\u00e1ro\u010dn\u00fdm pracovn\u00fdm podmienkam a je navrhnut\u00fd tak, aby bol odoln\u00fd vo\u010di opotrebovaniu a kor\u00f3zii, aby sa pred\u013a\u017eila jeho \u017eivotnos\u0165.<\/p>\n<\/li>\n<li>\n<h3>Efekt\u00edvna hydraulick\u00e1 prev\u00e1dzka<\/h3>\n<p>Valec kor\u010deka vyu\u017e\u00edva hydraulick\u00fd tlak oleja na dosiahnutie plynul\u00e9ho vys\u00favania a zas\u00favania, r\u00fdchlu reakciu na prev\u00e1dzkov\u00e9 povely a poskytovanie siln\u00fdch tla\u010dn\u00fdch a \u0165a\u017en\u00fdch s\u00edl vhodn\u00fdch pre n\u00e1ro\u010dn\u00e9 a zlo\u017eit\u00e9 prev\u00e1dzkov\u00e9 \u00falohy.<\/p>\n<\/li>\n<li>\n<h3>R\u00f4zne typy<\/h3>\n<p>Valec kor\u010deka m\u00f4\u017ee by\u0165 jedno\u010dinn\u00fd (vyu\u017e\u00edvaj\u00faci hydraulick\u00fd tlak v jednom smere) alebo dvoj\u010dinn\u00fd (vyu\u017e\u00edvaj\u00faci hydraulick\u00fd tlak v dvoch smeroch) v z\u00e1vislosti od prev\u00e1dzkov\u00fdch potrieb. Niektor\u00e9 modely s\u00fa teleskopick\u00e9, \u010do umo\u017e\u0148uje v\u00e4\u010d\u0161ie vysunutie bez zv\u00e4\u010d\u0161enia vonkaj\u0161\u00edch rozmerov, vhodn\u00e9 pre aplik\u00e1cie s obmedzen\u00fdm priestorom.<\/p>\n<\/li>\n<li>\n<h3>Dokonal\u00e1 n\u00e1hrada<\/h3>\n<p>N\u00e1\u0161 produkt dok\u00e1\u017ee dokonale nahradi\u0165 tieto hydraulick\u00e9 valce. <\/p>\n<\/li>\n<\/ul>\n<p><img decoding=\"async\" src=\"https:\/\/www.hydraulic-cylinders.net\/wp-content\/uploads\/2025\/01\/songte-cylinder-head-with-all-kinds-excavator-models.webp\"\/><\/p>\n<h2>Aplik\u00e1cie<\/h2>\n<ul>\n<li>\n<h3>Stavebn\u00e9 stroje<\/h3>\n<p>V bagroch s\u00fa nevyhnutn\u00e9 na kopanie, nakladanie a premiest\u0148ovanie zeminy alebo sutiny. V r\u00fdpadlo-naklada\u010doch pom\u00e1ha valec ly\u017eice pri kopan\u00ed a zdv\u00edhan\u00ed. V \u010deln\u00fdch naklada\u010doch pom\u00e1haj\u00fa efekt\u00edvne zdv\u00edha\u0165 a nakl\u00e1\u0148a\u0165 tovar.<\/p>\n<\/li>\n<li>\n<h3>Po\u013enohospod\u00e1rske stroje<\/h3>\n<p>Pou\u017e\u00edva sa v \u010deln\u00fdch naklada\u010doch na naberanie, zdv\u00edhanie a prepravu zeminy, sena a in\u00fdch materi\u00e1lov. V r\u00fdpadl\u00e1ch umo\u017e\u0148uje valec ly\u017eice kopanie t\u00fdm, \u017ee umo\u017e\u0148uje ly\u017eici prenikn\u00fa\u0165 do p\u00f4dy.<\/p>\n<\/li>\n<\/ul>\n<h2>Normy n\u00e1vrhu a v\u00fdberu<\/h2>\n<ul>\n<li>\n<h3>Nosnos\u0165<\/h3>\n<p>Nosnos\u0165 valca vedra by mala by\u0165 dostato\u010dne pevn\u00e1, aby odolala vysok\u00e9mu tlaku a \u0165a\u017ek\u00fdm za\u0165a\u017eeniam.<\/p>\n<\/li>\n<li>\n<h3>Tesnenie<\/h3>\n<p>Valec mus\u00ed by\u0165 utesnen\u00fd pomocou r\u00f4znych tesniacich komponentov, ako s\u00fa tesnenia piestov, tesnenia ty\u010d\u00ed at\u010f., vyroben\u00fdch z materi\u00e1lov odoln\u00fdch vo\u010di opotrebovaniu, ako je polyuret\u00e1n a nitrilov\u00e1 guma.<\/p>\n<\/li>\n<li>\n<h3>Trvanlivos\u0165<\/h3>\n<p>Valec by mal by\u0165 navrhnut\u00fd tak, aby odol\u00e1val opotrebovaniu, a teleso valca a z\u00e1vitov\u00e9 koncov\u00e9 povrchy by mali by\u0165 jemne opracovan\u00e9, aby sa zlep\u0161ila odolnos\u0165 proti opotrebovaniu.<\/p>\n<\/li>\n<li>\n<h3>Bezpe\u010dnos\u0165<\/h3>\n<p>Valce s vedrom by mali sp\u013a\u0148a\u0165 bezpe\u010dnostn\u00e9 normy a nemali by predstavova\u0165 hrozbu pre obsluhu ani in\u00fd person\u00e1l.<\/p>\n<\/li>\n<li>\n<h3>\u00dadr\u017eba<\/h3>\n<p>Valec by mal by\u0165 navrhnut\u00fd pre jednoduch\u00fa \u00fadr\u017ebu a opravy a mala by sa vykon\u00e1va\u0165 pravideln\u00e1 \u00fadr\u017eba, aby sa zabezpe\u010dila jeho spr\u00e1vna prev\u00e1dzka.<\/p>\n<\/li>\n<\/ul>\n<p><img decoding=\"async\" src=\"https:\/\/www.hydraulic-cylinders.net\/wp-content\/uploads\/2025\/01\/songte-oil-pipes-and-spare-parts.webp\"\/><\/p>\n<h2>Tesnenie a mazanie<\/h2>\n<p>Valec kor\u010deka pou\u017e\u00edva r\u00f4zne tesniace komponenty, ako s\u00fa tesnenia piestov, tesnenia ty\u010d\u00ed at\u010f., vyroben\u00e9 z materi\u00e1lov odoln\u00fdch vo\u010di opotrebovaniu, ako je polyuret\u00e1n a nitrilov\u00fd kau\u010duk. Teleso valca a z\u00e1vitov\u00e9 koncov\u00e9 plochy s\u00fa jemne opracovan\u00e9, aby sa zlep\u0161ila odolnos\u0165 vo\u010di opotrebovaniu. Pravideln\u00e9 prid\u00e1vanie hydraulick\u00e9ho oleja je nevyhnutn\u00e9 na zabezpe\u010denie mazania valca a hydraulick\u00fd olej by sa mal prid\u00e1va\u0165 v spr\u00e1vnom mno\u017estve, aby sa predi\u0161lo po\u0161kodeniu.<\/p>\n<h2>\u00dadr\u017eba a opravy<\/h2>\n<ul>\n<li>\n<h3>Pravideln\u00e1 kontrola<\/h3>\n<p>Pravideln\u00e9 kontroly s\u00fa potrebn\u00e9 na zabezpe\u010denie spr\u00e1vnej funkcie valca vedra a v pr\u00edpade potreby by sa mali diely vymeni\u0165 alebo opravi\u0165.<\/p>\n<\/li>\n<li>\n<h3>Mazanie<\/h3>\n<p>Valec vedra vy\u017eaduje dostato\u010dn\u00e9 mazanie a pravideln\u00e9 mazanie je nevyhnutn\u00e9 pre zabezpe\u010denie jeho spr\u00e1vnej prev\u00e1dzky.<\/p>\n<\/li>\n<li>\n<h3>V\u00fdmena tesnenia<\/h3>\n<p>Ak sa zistia po\u0161koden\u00e9 alebo netesn\u00e9 \u010dasti tesniaceho syst\u00e9mu, mali by sa okam\u017eite vymeni\u0165, aby sa zabezpe\u010dila spr\u00e1vna funkcia valca.<\/p>\n<\/li>\n<li>\n<h3>Zarovnanie a kalibr\u00e1cia<\/h3>\n<p>Po\u010das in\u0161tal\u00e1cie mus\u00ed by\u0165 valec vedra spr\u00e1vne zarovnan\u00fd a kalibrovan\u00fd, aby sa zabezpe\u010dila spr\u00e1vna prev\u00e1dzka a predi\u0161lo sa po\u0161kodeniu.<\/p>\n<\/li>\n<\/ul>\n<p><img decoding=\"async\" src=\"https:\/\/www.hydraulic-cylinders.net\/wp-content\/uploads\/2025\/01\/songte-chushion-collar.webp\"\/><\/p>\n<h2>Bezpe\u010dnostn\u00e9 aspekty a faktory prostredia<\/h2>\n<p>Pri pou\u017e\u00edvan\u00ed vedrov\u00fdch valcov je nevyhnutn\u00e9 dodr\u017eiava\u0165 bezpe\u010dnostn\u00e9 opatrenia, aby sa predi\u0161lo nehod\u00e1m. Pre zabezpe\u010denie spr\u00e1vnej prev\u00e1dzky valca by sa mali zv\u00e1\u017ei\u0165 a vyhn\u00fa\u0165 faktorom prostredia, ako je teplota, vlhkos\u0165 a prach.<\/p>\n<h2>Rie\u0161enie probl\u00e9mov a be\u017en\u00e9 probl\u00e9my<\/h2>\n<p>Medzi be\u017en\u00e9 probl\u00e9my, ktor\u00e9 sa m\u00f4\u017eu vyskytn\u00fa\u0165 po\u010das prev\u00e1dzky valca vedra, patr\u00ed netesnos\u0165, deform\u00e1cia a po\u0161kodenie r\u00f4znych komponentov. Pravideln\u00e1 \u00fadr\u017eba a kontrola s\u00fa nevyhnutn\u00e9 na predch\u00e1dzanie t\u00fdmto probl\u00e9mom. Ak sa vyskytn\u00fa ak\u00e9ko\u013evek probl\u00e9my, mali by sa vykona\u0165 vhodn\u00e9 diagnostick\u00e9 a opravn\u00e9 opatrenia a mali by sa podnikn\u00fa\u0165 kroky na zabr\u00e1nenie vzniku podobn\u00fdch probl\u00e9mov v bud\u00facnosti.<\/p>\n<p><img decoding=\"async\" src=\"https:\/\/www.hydraulic-cylinders.net\/wp-content\/uploads\/2025\/01\/songte-bushings-with-all-kinds-of-excavator-models.webp\"\/><\/p>\n<h2>O n\u00e1s<\/h2>\n<p>Na\u0161a spolo\u010dnos\u0165 je popredn\u00fdm v\u00fdrobcom a ve\u013ekoobchodn\u00fdm distrib\u00fatorom hydraulick\u00fdch valcov na dom\u00e1com aj medzin\u00e1rodnom trhu a sp\u013a\u0148a r\u00f4zne potreby z\u00e1kazn\u00edkov v\u010faka prepracovan\u00fdm v\u00fdrobn\u00fdm diel\u0148am, pokro\u010dil\u00e9mu digit\u00e1lnemu v\u00fdrobn\u00e9mu zariadeniu, profesion\u00e1lnym testovac\u00edm syst\u00e9mom a technick\u00e9mu person\u00e1lu. Riadime sa princ\u00edpmi vysokej efektivity, vysokej presnosti a vysokej kvality, aby sme splnili r\u00f4zne potreby z\u00e1kazn\u00edkov a pon\u00fakali vynikaj\u00facu kvalitu a perfektn\u00fd servis.<\/p>\n<p><img decoding=\"async\" src=\"https:\/\/hzpt.com\/wp-content\/uploads\/2024\/11\/songte-company-1.webp\"\/> <\/p>\n<h5>Autor: lyl<\/h5>","protected":false},"excerpt":{"rendered":"<p>Bucket Cylinder For Hyundai Middle Excavator R200LC Introduction The bucket cylinder for Hyundai middle excavator R200LC is a specialized hydraulic cylinder designed for controlling the movement of the bucket in heavy machinery such as excavators, backhoe excavators, and front-end loaders. Its main function is to enable the bucket to lift, lower, and tilt, thus facilitating [&hellip;]<\/p>","protected":false},"featured_media":14780,"comment_status":"open","ping_status":"closed","template":"","meta":{"_et_pb_use_builder":"","_et_pb_old_content":"","_et_gb_content_width":""},"product_brand":[],"product_cat":[1494],"product_tag":[1495,1496],"class_list":{"0":"post-15318","1":"product","2":"type-product","3":"status-publish","4":"has-post-thumbnail","6":"product_cat-bucket-cylinders","7":"product_tag-bucket-cylinders","8":"product_tag-hydraulic-cylinders","10":"first","11":"instock","12":"shipping-taxable","13":"product-type-simple"},"amp_enabled":true,"_links":{"self":[{"href":"https:\/\/www.hydraulic-cylinders.net\/sk\/wp-json\/wp\/v2\/product\/15318","targetHints":{"allow":["GET"]}}],"collection":[{"href":"https:\/\/www.hydraulic-cylinders.net\/sk\/wp-json\/wp\/v2\/product"}],"about":[{"href":"https:\/\/www.hydraulic-cylinders.net\/sk\/wp-json\/wp\/v2\/types\/product"}],"replies":[{"embeddable":true,"href":"https:\/\/www.hydraulic-cylinders.net\/sk\/wp-json\/wp\/v2\/comments?post=15318"}],"wp:featuredmedia":[{"embeddable":true,"href":"https:\/\/www.hydraulic-cylinders.net\/sk\/wp-json\/wp\/v2\/media\/14780"}],"wp:attachment":[{"href":"https:\/\/www.hydraulic-cylinders.net\/sk\/wp-json\/wp\/v2\/media?parent=15318"}],"wp:term":[{"taxonomy":"product_brand","embeddable":true,"href":"https:\/\/www.hydraulic-cylinders.net\/sk\/wp-json\/wp\/v2\/product_brand?post=15318"},{"taxonomy":"product_cat","embeddable":true,"href":"https:\/\/www.hydraulic-cylinders.net\/sk\/wp-json\/wp\/v2\/product_cat?post=15318"},{"taxonomy":"product_tag","embeddable":true,"href":"https:\/\/www.hydraulic-cylinders.net\/sk\/wp-json\/wp\/v2\/product_tag?post=15318"}],"curies":[{"name":"pracovn\u00fd list","href":"https:\/\/api.w.org\/{rel}","templated":true}]}}