{"id":15324,"date":"2025-01-19T14:23:14","date_gmt":"2025-01-19T14:23:14","guid":{"rendered":"https:\/\/www.hydraulic-cylinders.net\/product\/bucket-cylinder-for-hyundai-large-excavator-r350lc-7\/"},"modified":"2025-01-19T14:23:16","modified_gmt":"2025-01-19T14:23:16","slug":"bucket-cylinder-for-hyundai-large-excavator-r350lc-7","status":"publish","type":"product","link":"https:\/\/www.hydraulic-cylinders.net\/sk\/produkt\/bucket-cylinder-for-hyundai-large-excavator-r350lc-7\/","title":{"rendered":"Valec vedra pre ve\u013ek\u00e9 r\u00fdpadlo Hyundai R350LC-7"},"content":{"rendered":"<h1>Valec vedra pre ve\u013ek\u00e9 r\u00fdpadlo Hyundai R350LC-7<\/h1>\n<h2>\u00davod<\/h2>\n<h3>Definovanie valca vedra<\/h3>\n<p>Hydraulick\u00fd valec ly\u017eice je \u0161peci\u00e1lne navrhnut\u00fd hydraulick\u00fd valec, ktor\u00fd sa pou\u017e\u00edva predov\u0161etk\u00fdm na ovl\u00e1danie pohybu ly\u017eice v \u0165a\u017ek\u00fdch strojoch, ako s\u00fa bagre, r\u00fdpadlo-naklada\u010de a \u010deln\u00e9 naklada\u010de. Jeho hlavnou funkciou je umo\u017eni\u0165 zdv\u00edhanie, sp\u00fa\u0161\u0165anie a nakl\u00e1\u0148anie ly\u017eice, \u010do u\u013eah\u010duje vykon\u00e1vanie r\u00f4znych \u00faloh manipul\u00e1cie s materi\u00e1lom. V hydraulickom syst\u00e9me dosahuje valec ly\u017eice presn\u00e9 ovl\u00e1danie ly\u017eice zmenou tlaku hydraulick\u00e9ho oleja, \u010do umo\u017e\u0148uje obsluhe efekt\u00edvne manipulova\u0165 s \u0165a\u017ek\u00fdmi bremenami a prisp\u00f4sobi\u0165 sa zlo\u017eit\u00fdm pracovn\u00fdm prostrediam a r\u00f4znorod\u00fdm potreb\u00e1m pr\u00e1ce.<\/p>\n<p><img decoding=\"async\" src=\"https:\/\/www.hydraulic-cylinders.net\/wp-content\/uploads\/2025\/01\/songte-company-2.webp\" alt=\"Obr\u00e1zok valca vedra\"><\/p>\n<h3>Funkcie<\/h3>\n<ul>\n<li>Vysok\u00e1 pevnos\u0165 a odolnos\u0165: Zvy\u010dajne je vyroben\u00fd z vysokopevnostnej ocele alebo hlin\u00edka, odol\u00e1 vysok\u00e9mu tlaku a \u0165a\u017ek\u00fdm za\u0165a\u017eeniam, prisp\u00f4sob\u00ed sa n\u00e1ro\u010dn\u00fdm pracovn\u00fdm podmienkam a zoh\u013ead\u0148uje odolnos\u0165 vo\u010di opotrebovaniu a kor\u00f3zii, \u010d\u00edm predl\u017euje \u017eivotnos\u0165.<\/li>\n<li>Efekt\u00edvna hydraulick\u00e1 prev\u00e1dzka: Plynul\u00e9 pohyby vys\u00favania a s\u0165ahovania sa dosahuj\u00fa pomocou tlaku hydraulick\u00e9ho oleja, ktor\u00fd poskytuje siln\u00e9 tla\u010dn\u00e9 a \u0165a\u017en\u00e9 sily, vhodn\u00e9 na manipul\u00e1ciu s \u0165a\u017ek\u00fdmi bremenami a zlo\u017eit\u00e9 pracovn\u00e9 \u00falohy.<\/li>\n<li>R\u00f4zne typy: Pod\u013ea potreby je mo\u017en\u00e9 zvoli\u0165 jedno\u010dinn\u00e9 (hydraulick\u00e9 iba v jednom smere) alebo dvoj\u010dinn\u00e9 (hydraulick\u00e9 v oboch smeroch) valce, aby sa splnili r\u00f4zne prev\u00e1dzkov\u00e9 po\u017eiadavky. Niektor\u00e9 modely s\u00fa teleskopick\u00e9, \u010do umo\u017e\u0148uje v\u00e4\u010d\u0161ie vysunutie bez zv\u00e4\u010d\u0161enia vonkaj\u0161\u00edch rozmerov, vhodn\u00e9 pre aplik\u00e1cie s obmedzen\u00fdm priestorom.<\/li>\n<li>Jednoduch\u00e1 v\u00fdmena: N\u00e1\u0161 produkt dok\u00e1\u017ee dokonale nahradi\u0165 tieto hydraulick\u00e9 valce.<\/li>\n<\/ul>\n<p><img decoding=\"async\" src=\"https:\/\/www.hydraulic-cylinders.net\/wp-content\/uploads\/2025\/01\/songte-cylinder-head-with-all-kinds-excavator-models.webp\" alt=\"Obr\u00e1zok v\u00fdmeny valca vedra\"><\/p>\n<h3>Aplik\u00e1cie<\/h3>\n<p>Valec s vedrom sa \u0161iroko pou\u017e\u00edva v r\u00f4znych oblastiach vr\u00e1tane:<\/p>\n<h4>Stavebn\u00e9 stroje<\/h4>\n<ul>\n<li>R\u00fdpadl\u00e1: Valce ly\u017eice r\u00fdpadla umo\u017e\u0148uj\u00fa v\u00fdkopov\u00e9 a kopacie pr\u00e1ce. <\/li>\n<li>R\u00fdpadlo-naklada\u010de: Valce ly\u017e\u00edc r\u00fdpadlo-naklada\u010da prispievaj\u00fa k v\u00fdkopu aj zdv\u00edhaniu.<\/li>\n<\/ul>\n<h4>Po\u013enohospod\u00e1rske stroje<\/h4>\n<ul>\n<li>\u010celn\u00e9 naklada\u010de: Pou\u017e\u00edvaj\u00fa sa na zdv\u00edhanie a prepravu zeminy, sena a in\u00fdch materi\u00e1lov.<\/li>\n<\/ul>\n<p>Toto je len nieko\u013eko pr\u00edkladov z mnoh\u00fdch aplik\u00e1ci\u00ed kore\u010dkov\u00fdch valcov.<\/p>\n<h3>\u00davahy o dizajne a krit\u00e9ri\u00e1 v\u00fdberu<\/h3>\n<p>Pri navrhovan\u00ed a v\u00fdbere valcov s ko\u0161\u00edkom sa ber\u00fa do \u00favahy niektor\u00e9 k\u013e\u00fa\u010dov\u00e9 faktory:<\/p>\n<h4>\u00danosnos\u0165<\/h4>\n<p>Valec mus\u00ed by\u0165 schopn\u00fd odola\u0165 \u0165a\u017ek\u00fdm za\u0165a\u017eeniam bez deform\u00e1cie alebo poruchy, \u010d\u00edm sa zabezpe\u010d\u00ed dlhodob\u00e1 bezpe\u010dn\u00e1 a spo\u013eahliv\u00e1 prev\u00e1dzka.<\/p>\n<h4>Tesnenie<\/h4>\n<p>Tesniaci syst\u00e9m mus\u00ed by\u0165 schopn\u00fd zabr\u00e1ni\u0165 alebo minimalizova\u0165 vn\u00fatorn\u00fd a vonkaj\u0161\u00ed \u00fanik hydraulick\u00e9ho oleja, \u010d\u00edm sa zabezpe\u010d\u00ed efekt\u00edvna a \u010dist\u00e1 prev\u00e1dzka.<\/p>\n<h4>Trvanlivos\u0165<\/h4>\n<p>Valec mus\u00ed by\u0165 odoln\u00fd a odoln\u00fd vo\u010di opotrebovaniu, kor\u00f3zii a po\u0161kodeniu vplyvom prostredia a vonkaj\u0161\u00edch s\u00edl, aby sa zabezpe\u010dila dlh\u00e1 \u017eivotnos\u0165.<\/p>\n<h4>Bezpe\u010dnos\u0165<\/h4>\n<p>Valec mus\u00ed by\u0165 navrhnut\u00fd a vyroben\u00fd tak, aby zabezpe\u010doval bezpe\u010dn\u00fa a spo\u013eahliv\u00fa prev\u00e1dzku a chr\u00e1nil obsluhu a zariadenia pred nehodami a po\u0161koden\u00edm.<\/p>\n<h4>Udr\u017eiavate\u013enos\u0165<\/h4>\n<p>Valec by mal by\u0165 navrhnut\u00fd tak, aby sa dal \u013eahko udr\u017eiava\u0165, umo\u017e\u0148oval jednoduch\u00fd pr\u00edstup k vn\u00fatorn\u00fdm komponentom a v\u00fdmenu opotrebovan\u00fdch dielov, \u010d\u00edm by sa zn\u00ed\u017eili prestoje a n\u00e1klady na \u00fadr\u017ebu.<\/p>\n<p><img decoding=\"async\" src=\"https:\/\/www.hydraulic-cylinders.net\/wp-content\/uploads\/2025\/01\/songte-oil-pipes-and-spare-parts.webp\" alt=\"Obr\u00e1zok n\u00e1vrhu valca vedra\"><\/p>\n<h3>Tesnenie a mazanie<\/h3>\n<p>Valec kor\u010deka pou\u017e\u00edva r\u00f4zne tesniace prvky, ako s\u00fa tesnenia piestov a tesnenia ty\u010d\u00ed, vyroben\u00e9 z materi\u00e1lov odoln\u00fdch vo\u010di opotrebovaniu, ako je polyuret\u00e1n a nitrilov\u00fd kau\u010duk, aby sa zabr\u00e1nilo vn\u00fatorn\u00e9mu a vonkaj\u0161iemu \u00faniku oleja. Teleso valca a z\u00e1vitov\u00fd koniec s\u00fa jemne opracovan\u00e9 na zv\u00fd\u0161enie odolnosti vo\u010di opotrebovaniu.<\/p>\n<p>Valec vy\u017eaduje pravideln\u00e9 mazanie, aby sa zabezpe\u010dila hladk\u00e1 prev\u00e1dzka. Odpor\u00fa\u010da sa pou\u017e\u00edva\u0165 vhodn\u00fd hydraulick\u00fd olej a pravidelne ho prid\u00e1va\u0165 v primeranom mno\u017estve.<\/p>\n<h3>\u00dadr\u017eba a opravy<\/h3>\n<p>Pravideln\u00e1 kontrola a prevent\u00edvna \u00fadr\u017eba s\u00fa nevyhnutn\u00e9 pre zabezpe\u010denie dlhodobej spo\u013eahlivej prev\u00e1dzky valca s vedrom. Odpor\u00fa\u010daj\u00fa sa nasleduj\u00face \u00falohy \u00fadr\u017eby:<\/p>\n<ul>\n<li>Pravideln\u00e1 kontrola<\/li>\n<li>Spr\u00e1vne mazanie<\/li>\n<li>V\u00fdmena tesnenia<\/li>\n<li>Kontrola kalibr\u00e1cie<\/li>\n<\/ul>\n<p>Je d\u00f4le\u017eit\u00e9 poskytn\u00fa\u0165 spr\u00e1vne pokyny pre spr\u00e1vnu in\u0161tal\u00e1ciu valca vr\u00e1tane spr\u00e1vneho zarovnania valca a pou\u017eitia vhodn\u00fdch mont\u00e1\u017enych konzol na jeho upevnenie. Na pred\u013a\u017eenie \u017eivotnosti valca s vedro s\u00fa uveden\u00e9 odpor\u00fa\u010dan\u00e9 postupy kontroly, opravy a v\u00fdmeny vr\u00e1tane n\u00e1hradn\u00fdch dielov a slu\u017eieb rekon\u0161trukcie.<\/p>\n<p><img decoding=\"async\" src=\"https:\/\/www.hydraulic-cylinders.net\/wp-content\/uploads\/2025\/01\/songte-chushion-collar.webp\" alt=\"Obr\u00e1zok \u00fadr\u017eby valca vedra\"><\/p>\n<h3>Bezpe\u010dnostn\u00e9 aspekty a faktory prostredia<\/h3>\n<p>Valec kor\u010deka je kritickou s\u00fa\u010das\u0165ou \u0165a\u017ek\u00fdch strojov a bezpe\u010dnostn\u00e9 aspekty s\u00fa prvorad\u00e9. Mali by sa prija\u0165 vhodn\u00e9 opatrenia na zabezpe\u010denie bezpe\u010dnej prev\u00e1dzky a predch\u00e1dzanie nehod\u00e1m alebo po\u0161kodeniu.<\/p>\n<p>Faktory prostredia, ako je teplota, vlhkos\u0165 a zne\u010distenie, m\u00f4\u017eu ovplyvni\u0165 prev\u00e1dzku a \u017eivotnos\u0165 valca s vedro. Mali by sa prija\u0165 vhodn\u00e9 opatrenia na ochranu valca a zabezpe\u010denie spr\u00e1vnej prev\u00e1dzky.<\/p>\n<h3>Rie\u0161enie probl\u00e9mov a be\u017en\u00e9 probl\u00e9my<\/h3>\n<p>Medzi be\u017en\u00e9 probl\u00e9my s\u00favisiace s valcom vedra patria \u00faniky oleja, pomal\u00e1 prev\u00e1dzka a abnorm\u00e1lny hluk. Poskytuj\u00fa sa tipy a rie\u0161enia probl\u00e9mov, ktor\u00e9 pom\u00e1haj\u00fa diagnostikova\u0165 a vyrie\u0161i\u0165 probl\u00e9my, ako aj prevent\u00edvne opatrenia na minimaliz\u00e1ciu potenci\u00e1lnych probl\u00e9mov.<\/p>\n<p><img decoding=\"async\" src=\"https:\/\/www.hydraulic-cylinders.net\/wp-content\/uploads\/2025\/01\/songte-bushings-with-all-kinds-of-excavator-models.webp\" alt=\"Obr\u00e1zok rie\u0161enia probl\u00e9mov s valcom vedra\"><\/p>\n<h2>O na\u0161ej spolo\u010dnosti<\/h2>\n<p>Sme v\u00fdrobcom n\u00e1hradn\u00fdch hydraulick\u00fdch valcov s kompletn\u00fdm sortimentom produktov a st\u00e1vame sa jedn\u00fdm z popredn\u00fdch v\u00fdrobcov a ve\u013ekoobchodn\u00fdch distrib\u00fatorov hydraulick\u00fdch valcov na dom\u00e1com aj zahrani\u010dnom trhu. Dodr\u017eiavame princ\u00edpy excelentnosti v kvalite, spoliehame sa na strat\u00e9gie riadenia priemyselnej v\u00fdroby v jemn\u00fdch v\u00fdrobn\u00fdch diel\u0148ach a neust\u00e1le zlep\u0161ujeme v\u00fdrobn\u00fa platformu dielne a zdokona\u013eujeme v\u00fdrobn\u00fa linku kvality v\u00fdrobkov. Na\u0161a spolo\u010dnos\u0165 sa vyzna\u010duje silnou kreativitou, vysokou efektivitou, vysokou presnos\u0165ou a princ\u00edpmi vysokej kvality, aby sme uspokojili rozmanit\u00e9 potreby z\u00e1kazn\u00edkov.<\/p>\n<h3>Profesionalita<\/h3>\n<p>N\u00e1\u0161 t\u00edm sa sklad\u00e1 z odborn\u00edkov s rozsiahlymi sk\u00fasenos\u0165ami v danom odvetv\u00ed, ktor\u00ed s\u00fa odhodlan\u00ed poskytova\u0165 vysoko kvalitn\u00e9 produkty a slu\u017eby.<\/p>\n<h3>Medzin\u00e1rodn\u00e1 certifik\u00e1cia<\/h3>\n<p>Z\u00edskali sme medzin\u00e1rodn\u00e9 certifik\u00e1ty ako ISO 9001, CE a SGS, ktor\u00e9 zaru\u010duj\u00fa, \u017ee na\u0161e produkty sp\u013a\u0148aj\u00fa vysok\u00e9 \u0161tandardy kvality.<\/p>\n<h3>Slu\u017eby prisp\u00f4sobenia<\/h3>\n<p>Pon\u00fakame prisp\u00f4sobovacie slu\u017eby, ktor\u00e9 sp\u013a\u0148aj\u00fa \u0161pecifick\u00e9 potreby a po\u017eiadavky z\u00e1kazn\u00edkov, a poskytujeme rie\u0161enia na mieru pre r\u00f4zne aplik\u00e1cie.<\/p>\n<h3>V\u00fdrobn\u00e9 zariadenia<\/h3>\n<p>Na\u0161a spolo\u010dnos\u0165 m\u00e1 modern\u00e9 v\u00fdrobn\u00e9 zariadenia a technol\u00f3gie vr\u00e1tane CNC obr\u00e1bac\u00edch centier, zv\u00e1rac\u00edch robotov a \u010fal\u0161\u00edch \u0161pi\u010dkov\u00fdch digit\u00e1lnych v\u00fdrobn\u00fdch zariaden\u00ed.<\/p>\n<h3>Popredajn\u00fd servis<\/h3>\n<p>Poskytujeme komplexn\u00fd popredajn\u00fd servis vr\u00e1tane technickej podpory, opr\u00e1v a \u00fadr\u017eby, aby sme zabezpe\u010dili spokojnos\u0165 z\u00e1kazn\u00edkov a dlhodob\u00fa spolupr\u00e1cu.<\/p>\n<p><img decoding=\"async\" src=\"https:\/\/www.hydraulic-cylinders.net\/wp-content\/uploads\/2025\/01\/songte-company-3.webp\" alt=\"Obr\u00e1zok spolo\u010dnosti s valcom na vedro\"><\/p>\n<p>Autor: lyl<\/p>","protected":false},"excerpt":{"rendered":"<p>Bucket Cylinder For Hyundai Large Excavator R350LC-7 Introduction Defining the Bucket Cylinder A bucket cylinder is a specially designed hydraulic cylinder that is primarily used to control the movement of the bucket in heavy machinery such as excavators, backhoe loaders, and front-end loaders. Its main function is to enable the bucket to lift, lower, and [&hellip;]<\/p>","protected":false},"featured_media":14765,"comment_status":"open","ping_status":"closed","template":"","meta":{"_et_pb_use_builder":"","_et_pb_old_content":"","_et_gb_content_width":""},"product_brand":[],"product_cat":[1494],"product_tag":[1495,1496],"class_list":{"0":"post-15324","1":"product","2":"type-product","3":"status-publish","4":"has-post-thumbnail","6":"product_cat-bucket-cylinders","7":"product_tag-bucket-cylinders","8":"product_tag-hydraulic-cylinders","10":"first","11":"instock","12":"shipping-taxable","13":"product-type-simple"},"amp_enabled":true,"_links":{"self":[{"href":"https:\/\/www.hydraulic-cylinders.net\/sk\/wp-json\/wp\/v2\/product\/15324","targetHints":{"allow":["GET"]}}],"collection":[{"href":"https:\/\/www.hydraulic-cylinders.net\/sk\/wp-json\/wp\/v2\/product"}],"about":[{"href":"https:\/\/www.hydraulic-cylinders.net\/sk\/wp-json\/wp\/v2\/types\/product"}],"replies":[{"embeddable":true,"href":"https:\/\/www.hydraulic-cylinders.net\/sk\/wp-json\/wp\/v2\/comments?post=15324"}],"wp:featuredmedia":[{"embeddable":true,"href":"https:\/\/www.hydraulic-cylinders.net\/sk\/wp-json\/wp\/v2\/media\/14765"}],"wp:attachment":[{"href":"https:\/\/www.hydraulic-cylinders.net\/sk\/wp-json\/wp\/v2\/media?parent=15324"}],"wp:term":[{"taxonomy":"product_brand","embeddable":true,"href":"https:\/\/www.hydraulic-cylinders.net\/sk\/wp-json\/wp\/v2\/product_brand?post=15324"},{"taxonomy":"product_cat","embeddable":true,"href":"https:\/\/www.hydraulic-cylinders.net\/sk\/wp-json\/wp\/v2\/product_cat?post=15324"},{"taxonomy":"product_tag","embeddable":true,"href":"https:\/\/www.hydraulic-cylinders.net\/sk\/wp-json\/wp\/v2\/product_tag?post=15324"}],"curies":[{"name":"pracovn\u00fd list","href":"https:\/\/api.w.org\/{rel}","templated":true}]}}