{"id":15326,"date":"2025-01-19T14:23:24","date_gmt":"2025-01-19T14:23:24","guid":{"rendered":"https:\/\/www.hydraulic-cylinders.net\/product\/bucket-cylinder-for-hyundai-large-excavator-r37lc-7\/"},"modified":"2025-01-19T14:23:26","modified_gmt":"2025-01-19T14:23:26","slug":"bucket-cylinder-for-hyundai-large-excavator-r37lc-7","status":"publish","type":"product","link":"https:\/\/www.hydraulic-cylinders.net\/sk\/produkt\/bucket-cylinder-for-hyundai-large-excavator-r37lc-7\/","title":{"rendered":"Valec vedra pre ve\u013ek\u00e9 r\u00fdpadlo Hyundai R37LC-7"},"content":{"rendered":"<h1>Valec vedra pre ve\u013ek\u00e9 r\u00fdpadlo Hyundai R37LC-7<\/h1>\n<h2>\u00davod<\/h2>\n<p>Hydraulick\u00fd valec ly\u017eice pre ve\u013ek\u00e9 r\u00fdpadl\u00e1 Hyundai R37LC-7 je \u0161peci\u00e1lne navrhnut\u00fd hydraulick\u00fd valec pou\u017e\u00edvan\u00fd na ovl\u00e1danie pohybu ly\u017e\u00edc v \u0165a\u017ek\u00fdch strojoch, ako s\u00fa r\u00fdpadl\u00e1, r\u00fdpadl\u00e1-naklada\u010de a \u010deln\u00e9 naklada\u010de. Jeho hlavnou funkciou je umo\u017eni\u0165 zdv\u00edhanie, sp\u00fa\u0161\u0165anie a nakl\u00e1\u0148anie ly\u017eice, \u010do u\u013eah\u010duje vykon\u00e1vanie r\u00f4znych \u00faloh manipul\u00e1cie s materi\u00e1lom. V hydraulickom syst\u00e9me valec ly\u017eice vyu\u017e\u00edva zmenu tlaku hydraulick\u00e9ho oleja na dosiahnutie presn\u00e9ho ovl\u00e1dania ly\u017eice, \u010do umo\u017e\u0148uje obsluhe efekt\u00edvne manipulova\u0165 s \u0165a\u017ek\u00fdmi bremenami, prisp\u00f4sobi\u0165 sa zlo\u017eit\u00fdm pracovn\u00fdm prostrediam a r\u00f4znym prev\u00e1dzkov\u00fdm po\u017eiadavk\u00e1m.<\/p>\n<p><img decoding=\"async\" src=\"https:\/\/www.hydraulic-cylinders.net\/wp-content\/uploads\/2025\/01\/songte-company-2.webp\" \/><\/p>\n<h2>Funkcie<\/h2>\n<ul>\n<li>\n<h3>Vysok\u00e1 pevnos\u0165 a odolnos\u0165<\/h3>\n<p>Valec vedra je zvy\u010dajne vyroben\u00fd z vysokopevnostnej ocele alebo hlin\u00edka, je schopn\u00fd odol\u00e1va\u0165 vysok\u00e9mu tlaku a \u0165a\u017ek\u00e9mu za\u0165a\u017eeniu, prisp\u00f4sobi\u0165 sa n\u00e1ro\u010dn\u00fdm pracovn\u00fdm podmienkam a je navrhnut\u00fd s oh\u013eadom na odolnos\u0165 vo\u010di opotrebovaniu a kor\u00f3zii, \u010d\u00edm sa predl\u017euje jeho \u017eivotnos\u0165.<\/p>\n<\/li>\n<li>\n<h3>Efekt\u00edvna hydraulick\u00e1 prev\u00e1dzka<\/h3>\n<p>V\u010faka plynul\u00e9mu vys\u00favaniu a zas\u00favaniu pomocou tlaku hydraulick\u00e9ho oleja dok\u00e1\u017ee valec ly\u017eice r\u00fdchlo reagova\u0165 na ovl\u00e1dacie povely, poskytova\u0165 siln\u00e9 tla\u010dn\u00e9 a \u0165a\u017en\u00e9 sily a je vhodn\u00fd na manipul\u00e1ciu s \u0165a\u017ek\u00fdmi predmetmi a zlo\u017eit\u00e9 prev\u00e1dzkov\u00e9 \u00falohy.<\/p>\n<\/li>\n<li>\n<h3>Viacer\u00e9 typy<\/h3>\n<p>Valec kor\u010deka je mo\u017en\u00e9 zvoli\u0165 ako jedno\u010dinn\u00fd (hydraulicky ovl\u00e1dan\u00fd v jednom smere) alebo dvoj\u010dinn\u00fd (hydraulicky ovl\u00e1dan\u00fd v dvoch smeroch) pod\u013ea po\u017eiadaviek na splnenie r\u00f4znych prev\u00e1dzkov\u00fdch potrieb a niektor\u00e9 modely s\u00fa teleskopick\u00e9, \u010do umo\u017e\u0148uje v\u00e4\u010d\u0161ie vysunutie bez zv\u00e4\u010d\u0161enia vonkaj\u0161\u00edch rozmerov, vhodn\u00e9 pre aplik\u00e1cie s obmedzen\u00fdm priestorom.<\/p>\n<\/li>\n<li>\n<h3>Dokonal\u00e1 n\u00e1hrada<\/h3>\n<p>Tento produkt vieme vyrobi\u0165 a na\u0161e produkty dok\u00e1\u017eu dokonale nahradi\u0165 tieto hydraulick\u00e9 valce.<\/p>\n<\/li>\n<li>\n<h3>Aplik\u00e1cia<\/h3>\n<p>Valec vedra sa \u0161iroko pou\u017e\u00edva v r\u00f4znych \u0165a\u017ek\u00fdch strojoch, ako napr\u00edklad:<\/p>\n<ul>\n<li><strong>Stavebn\u00e9 vybavenie:<\/strong> V r\u00fdpadl\u00e1ch s\u00fa k\u013e\u00fa\u010dov\u00e9 pre kopanie, nakladanie a premiest\u0148ovanie zeminy alebo sutiny. V r\u00fdpadlov\u00fdch r\u00fdpadl\u00e1ch pom\u00e1ha valec ly\u017eice pri kopan\u00ed aj zdv\u00edhan\u00ed. <\/li>\n<li><strong>Po\u013enohospod\u00e1rske stroje:<\/strong> Pou\u017e\u00edva sa pre \u010deln\u00e9 naklada\u010de na naberanie, zdv\u00edhanie a prepravu p\u00f4dy, sena a in\u00fdch materi\u00e1lov. <\/li>\n<li><strong>R\u00fdpadl\u00e1:<\/strong> Valec ly\u017eice umo\u017e\u0148uje kopanie t\u00fdm, \u017ee umo\u017e\u0148uje ly\u017eici prenikn\u00fa\u0165 do p\u00f4dy.<\/li>\n<li><strong>Naklada\u010de:<\/strong> V \u010deln\u00fdch naklada\u010doch pom\u00e1haj\u00fa efekt\u00edvne zdv\u00edha\u0165 a vyklada\u0165 tovar.<\/li>\n<\/ul>\n<\/li>\n<\/ul>\n<h2>\u00davahy o dizajne a krit\u00e9ri\u00e1 v\u00fdberu<\/h2>\n<ul>\n<li>\n<h3>Nosnos\u0165<\/h3>\n<p>Nosnos\u0165 valca vedra je k\u013e\u00fa\u010dov\u00e1 pre zabezpe\u010denie toho, aby zvl\u00e1dol zam\u00fd\u0161\u013ean\u00e9 pracovn\u00e9 za\u0165a\u017eenie bez poruchy alebo skr\u00e1tenej \u017eivotnosti. <\/p>\n<\/li>\n<li>\n<h3>Tesnenie<\/h3>\n<p>Tesnenie je k\u013e\u00fa\u010dov\u00fdm kon\u0161truk\u010dn\u00fdm krit\u00e9riom, preto\u017ee zabra\u0148uje \u00faniku kvapaliny a kontamin\u00e1cii \u017eivotn\u00e9ho prostredia. Pri v\u00fdbere tesniacich materi\u00e1lov by sa mala zoh\u013eadni\u0165 odolnos\u0165 vo\u010di opotrebovaniu a koroz\u00edvne vlastnosti, aby sa zabezpe\u010dila dlh\u00e1 \u017eivotnos\u0165.<\/p>\n<\/li>\n<li>\n<h3>Trvanlivos\u0165<\/h3>\n<p>Trvanlivos\u0165 valca vedra je nevyhnutn\u00e1 na zabezpe\u010denie toho, aby vydr\u017eal drsn\u00e9 pracovn\u00e9 prostredie a vysok\u00e9 za\u0165a\u017eenie bez poruchy alebo skr\u00e1tenej \u017eivotnosti.<\/p>\n<\/li>\n<li>\n<h3>Bezpe\u010dnos\u0165<\/h3>\n<p>Kon\u0161trukcia valca vedra by mala zoh\u013ead\u0148ova\u0165 bezpe\u010dnostn\u00e9 faktory, aby sa predi\u0161lo nehod\u00e1m a zabezpe\u010dila sa bezpe\u010dnos\u0165 obsluhy.<\/p>\n<\/li>\n<li>\n<h3>\u00dadr\u017eba<\/h3>\n<p>\u00dadr\u017eba valca s vedrom by mala by\u0165 jednoduch\u00e1 a priamo\u010diara, \u010do by umo\u017e\u0148ovalo r\u00fdchle opravy, v\u00fdmeny a zabezpe\u010dovalo by, aby bol valec v\u017edy v optim\u00e1lnom stave.<\/p>\n<\/li>\n<\/ul>\n<p><img decoding=\"async\" src=\"https:\/\/www.hydraulic-cylinders.net\/wp-content\/uploads\/2025\/01\/songte-oil-pipes-and-spare-parts.webp\" \/><\/p>\n<h2>Tesnenie a mazanie<\/h2>\n<p>Valec kor\u010deka pou\u017e\u00edva r\u00f4zne tesniace komponenty, ako s\u00fa tesnenia piestov a tesnenia ty\u010d\u00ed, vyroben\u00e9 z materi\u00e1lov odoln\u00fdch vo\u010di opotrebovaniu, ako je polyuret\u00e1n a nitrilov\u00fd kau\u010duk, aby sa zabr\u00e1nilo \u00faniku oleja. Teleso valca a z\u00e1vitov\u00fd povrch s\u00fa jemne opracovan\u00e9, aby sa zlep\u0161ila odolnos\u0165 vo\u010di opotrebovaniu. Valec kor\u010deka vy\u017eaduje pravideln\u00e9 mazanie hydraulick\u00fdm olejom, aby sa zabezpe\u010dila hladk\u00e1 prev\u00e1dzka a dlh\u00e1 \u017eivotnos\u0165.<\/p>\n<h2>Kontrola a \u00fadr\u017eba<\/h2>\n<p>Pravideln\u00e1 kontrola, mazanie a v\u00fdmena tesnen\u00ed s\u00fa nevyhnutn\u00fdmi \u00falohami \u00fadr\u017eby valca s ko\u0161\u00edkom. Spr\u00e1vna in\u0161tal\u00e1cia, mazanie a nastavenie s\u00fa k\u013e\u00fa\u010dov\u00e9 pre zabezpe\u010denie optim\u00e1lnej prev\u00e1dzky valca. Zabezpe\u010denie spr\u00e1vneho zarovnania a pou\u017eitie vhodn\u00fdch mont\u00e1\u017enych konzol na upevnenie valca je nevyhnutn\u00e9. Odpor\u00fa\u010dan\u00e9 postupy kontroly, opravy a v\u00fdmeny m\u00f4\u017eu pom\u00f4c\u0165 pred\u013a\u017ei\u0165 \u017eivotnos\u0165 valca s ko\u0161\u00edkom.<\/p>\n<p><img decoding=\"async\" src=\"https:\/\/www.hydraulic-cylinders.net\/wp-content\/uploads\/2025\/01\/songte-chushion-collar.webp\" \/><\/p>\n<h2>Bezpe\u010dnostn\u00e9 aspekty a faktory prostredia<\/h2>\n<p>Bezpe\u010dn\u00e1 prev\u00e1dzka valca s ko\u0161\u00edkom je k\u013e\u00fa\u010dov\u00e1 pre predch\u00e1dzanie nehod\u00e1m a zaistenie bezpe\u010dnosti obsluhy. Pri in\u0161tal\u00e1cii, prev\u00e1dzke a \u00fadr\u017ebe valca je nevyhnutn\u00e9 dodr\u017eiava\u0165 bezpe\u010dnostn\u00e9 postupy. Pri navrhovan\u00ed a v\u00fdbere valca s ko\u0161\u00edkom by sa mali zoh\u013eadni\u0165 faktory prostredia, ako je kontamin\u00e1cia a zne\u010distenie.<\/p>\n<h2>Diagnostika por\u00fach a be\u017en\u00e9 probl\u00e9my<\/h2>\n<p>Medzi be\u017en\u00e9 probl\u00e9my s valcami vedra patr\u00ed \u00fanik oleja, zn\u00ed\u017een\u00fd v\u00fdkon a zv\u00fd\u0161en\u00e9 opotrebovanie. Techniky diagnostiky por\u00fach, ako je vizu\u00e1lna kontrola, tlakov\u00e1 sk\u00fa\u0161ka a meranie rozmerov, m\u00f4\u017eu pom\u00f4c\u0165 identifikova\u0165 pr\u00ed\u010dinu probl\u00e9mu. Medzi be\u017en\u00e9 prevent\u00edvne opatrenia patr\u00ed pravideln\u00e1 kontrola, mazanie a v\u00fdmena tesnen\u00ed.<\/p>\n<p><img decoding=\"async\" src=\"https:\/\/www.hydraulic-cylinders.net\/wp-content\/uploads\/2025\/01\/songte-bushings-with-all-kinds-of-excavator-models.webp\" \/><\/p>\n<h2>O na\u0161ej spolo\u010dnosti<\/h2>\n<p>Sme popredn\u00fdm v\u00fdrobcom a ve\u013ekoobchodn\u00fdm distrib\u00fatorom hydraulick\u00fdch valcov na dom\u00e1com aj medzin\u00e1rodnom trhu. Pon\u00fakame kompletn\u00fd sortiment produktov a db\u00e1me na vynikaj\u00facu kvalitu, pri\u010dom sa opierame o prepracovan\u00e9 v\u00fdrobn\u00e9 dielne a industrializovan\u00e9 strat\u00e9gie riadenia v\u00fdroby. Na\u0161e produkty s\u00fa vyr\u00e1ban\u00e9 s pou\u017eit\u00edm pokro\u010dil\u00fdch technol\u00f3gi\u00ed, \u0161pi\u010dkov\u00fdch v\u00fdrobn\u00fdch zariaden\u00ed a profesion\u00e1lnych testovac\u00edch syst\u00e9mov. Zaviazali sme sa poskytova\u0165 na\u0161im z\u00e1kazn\u00edkom efekt\u00edvne, presn\u00e9 a vysoko kvalitn\u00e9 produkty, ktor\u00e9 sp\u013a\u0148aj\u00fa ich rozmanit\u00e9 potreby.<\/p>\n<ul>\n<li>\n<h3>Profesionalita<\/h3>\n<p>Na\u0161a spolo\u010dnos\u0165 m\u00e1 vysoko profesion\u00e1lny t\u00edm, ktor\u00fd sa zaviazal poskytova\u0165 z\u00e1kazn\u00edkom tie najlep\u0161ie mo\u017en\u00e9 produkty a slu\u017eby.<\/p>\n<\/li>\n<li>\n<h3>Medzin\u00e1rodn\u00e1 certifik\u00e1cia<\/h3>\n<p>Na\u0161a spolo\u010dnos\u0165 z\u00edskala r\u00f4zne medzin\u00e1rodn\u00e9 certifik\u00e1ty ako CE, ISO a SGS, \u010do zaru\u010duje, \u017ee na\u0161e produkty sp\u013a\u0148aj\u00fa glob\u00e1lne \u0161tandardy kvality.<\/p>\n<\/li>\n<li>\n<h3>Slu\u017eby prisp\u00f4sobenia<\/h3>\n<p>Na\u0161a spolo\u010dnos\u0165 pon\u00faka slu\u017eby prisp\u00f4sobenia, aby splnila \u0161pecifick\u00e9 po\u017eiadavky a potreby z\u00e1kazn\u00edkov.<\/p>\n<\/li>\n<li>\n<h3>V\u00fdrobn\u00e9 zariadenia<\/h3>\n<p>Na\u0161a spolo\u010dnos\u0165 pou\u017e\u00edva modern\u00e9 v\u00fdrobn\u00e9 zariadenia na zlep\u0161enie kvality a efekt\u00edvnosti v\u00fdrobkov.<\/p>\n<\/li>\n<li>\n<h3>Popredajn\u00fd servis<\/h3>\n<p>Na\u0161a spolo\u010dnos\u0165 poskytuje vynikaj\u00faci popredajn\u00fd servis, aby sme zabezpe\u010dili spokojnos\u0165 na\u0161ich z\u00e1kazn\u00edkov s na\u0161imi produktmi a slu\u017ebami.<\/p>\n<\/li>\n<\/ul>\n<p><img decoding=\"async\" src=\"https:\/\/hzpt.com\/wp-content\/uploads\/2024\/11\/songte-company-1.webp\" \/><\/p>\n<p>Autor: lyl.<\/p>","protected":false},"excerpt":{"rendered":"<p>Bucket Cylinder For Hyundai Large Excavator R37LC-7 Introduction The Bucket Cylinder for Hyundai Large Excavator R37LC-7 is a specially designed hydraulic cylinder used to control the movement of buckets in heavy machinery such as excavators, backhoe excavators, and front-end loaders. Its primary function is to enable the bucket to lift, lower and tilt, making it [&hellip;]<\/p>","protected":false},"featured_media":14761,"comment_status":"open","ping_status":"closed","template":"","meta":{"_et_pb_use_builder":"","_et_pb_old_content":"","_et_gb_content_width":""},"product_brand":[],"product_cat":[1494],"product_tag":[1495,1496],"class_list":{"0":"post-15326","1":"product","2":"type-product","3":"status-publish","4":"has-post-thumbnail","6":"product_cat-bucket-cylinders","7":"product_tag-bucket-cylinders","8":"product_tag-hydraulic-cylinders","10":"first","11":"instock","12":"shipping-taxable","13":"product-type-simple"},"amp_enabled":true,"_links":{"self":[{"href":"https:\/\/www.hydraulic-cylinders.net\/sk\/wp-json\/wp\/v2\/product\/15326","targetHints":{"allow":["GET"]}}],"collection":[{"href":"https:\/\/www.hydraulic-cylinders.net\/sk\/wp-json\/wp\/v2\/product"}],"about":[{"href":"https:\/\/www.hydraulic-cylinders.net\/sk\/wp-json\/wp\/v2\/types\/product"}],"replies":[{"embeddable":true,"href":"https:\/\/www.hydraulic-cylinders.net\/sk\/wp-json\/wp\/v2\/comments?post=15326"}],"wp:featuredmedia":[{"embeddable":true,"href":"https:\/\/www.hydraulic-cylinders.net\/sk\/wp-json\/wp\/v2\/media\/14761"}],"wp:attachment":[{"href":"https:\/\/www.hydraulic-cylinders.net\/sk\/wp-json\/wp\/v2\/media?parent=15326"}],"wp:term":[{"taxonomy":"product_brand","embeddable":true,"href":"https:\/\/www.hydraulic-cylinders.net\/sk\/wp-json\/wp\/v2\/product_brand?post=15326"},{"taxonomy":"product_cat","embeddable":true,"href":"https:\/\/www.hydraulic-cylinders.net\/sk\/wp-json\/wp\/v2\/product_cat?post=15326"},{"taxonomy":"product_tag","embeddable":true,"href":"https:\/\/www.hydraulic-cylinders.net\/sk\/wp-json\/wp\/v2\/product_tag?post=15326"}],"curies":[{"name":"pracovn\u00fd list","href":"https:\/\/api.w.org\/{rel}","templated":true}]}}