{"id":15329,"date":"2025-01-19T14:23:37","date_gmt":"2025-01-19T14:23:37","guid":{"rendered":"https:\/\/www.hydraulic-cylinders.net\/product\/bucket-cylinder-for-hyundai-large-excavator-r320lc-7\/"},"modified":"2025-01-19T14:23:39","modified_gmt":"2025-01-19T14:23:39","slug":"bucket-cylinder-for-hyundai-large-excavator-r320lc-7","status":"publish","type":"product","link":"https:\/\/www.hydraulic-cylinders.net\/sk\/produkt\/bucket-cylinder-for-hyundai-large-excavator-r320lc-7\/","title":{"rendered":"Valec vedra pre ve\u013ek\u00e9 r\u00fdpadlo Hyundai R320LC-7"},"content":{"rendered":"<h1>Valec vedra pre ve\u013ek\u00e9 r\u00fdpadlo Hyundai R320LC-7<\/h1>\n<h2>\u00davod<\/h2>\n<p>Hydraulick\u00fd valec ly\u017eice je \u0161pecializovan\u00fd hydraulick\u00fd valec pou\u017e\u00edvan\u00fd predov\u0161etk\u00fdm na ovl\u00e1danie pohybu ly\u017e\u00edc v \u0165a\u017ek\u00fdch strojoch, ako s\u00fa bagre, r\u00fdpadl\u00e1 a \u010deln\u00e9 naklada\u010de. Jeho hlavnou funkciou je zdv\u00edhanie, sp\u00fa\u0161\u0165anie a nakl\u00e1\u0148anie ly\u017eice, \u010do u\u013eah\u010duje manipul\u00e1ciu s r\u00f4znymi materi\u00e1lmi. V hydraulickom syst\u00e9me dosahuje valec ly\u017eice presn\u00e9 ovl\u00e1danie ly\u017eice zmenou tlaku hydraulick\u00e9ho oleja, \u010do umo\u017e\u0148uje obsluhe efekt\u00edvne manipulova\u0165 s \u0165a\u017ek\u00fdmi bremenami a prisp\u00f4sobi\u0165 sa zlo\u017eit\u00fdm pracovn\u00fdm prostrediam a r\u00f4znym prev\u00e1dzkov\u00fdm po\u017eiadavk\u00e1m.<\/p>\n<p><img decoding=\"async\" src=\"https:\/\/www.hydraulic-cylinders.net\/wp-content\/uploads\/2025\/01\/songte-company-2.webp\" alt=\"obr\u00e1zok valca vedra\"><\/p>\n<h2>Funkcie<\/h2>\n<ul>\n<li>Vysok\u00e1 pevnos\u0165 a odolnos\u0165: Valec s vedro, zvy\u010dajne vyroben\u00fd z vysokopevnostnej ocele alebo hlin\u00edka, odol\u00e1 vysok\u00e9mu tlaku a \u0165a\u017ek\u00fdm za\u0165a\u017eeniam, \u010d\u00edm sa prisp\u00f4sob\u00ed n\u00e1ro\u010dn\u00fdm pracovn\u00fdm podmienkam. Kon\u0161trukcia zoh\u013ead\u0148uje odolnos\u0165 proti opotrebovaniu a kor\u00f3zii, \u010d\u00edm sa predl\u017euje jeho \u017eivotnos\u0165.<\/li>\n<li>Efekt\u00edvna hydraulick\u00e1 prev\u00e1dzka: Dosahuje plynul\u00fd teleskopick\u00fd pohyb vyu\u017eit\u00edm tlaku hydraulick\u00e9ho oleja, \u010d\u00edm poskytuje siln\u00fa tla\u010dn\u00fa a \u0165a\u017en\u00fa silu, vhodn\u00fa na manipul\u00e1ciu s \u0165a\u017ek\u00fdmi bremenami a zlo\u017eit\u00e9 prev\u00e1dzkov\u00e9 \u00falohy.<\/li>\n<li>R\u00f4zne typy: Jedno\u010dinn\u00fd (hydraulick\u00fd pohon sa pou\u017e\u00edva iba v jednom smere) alebo dvoj\u010dinn\u00fd (hydraulick\u00fd pohon sa pou\u017e\u00edva v oboch smeroch) valec je mo\u017en\u00e9 zvoli\u0165 pod\u013ea potrieb, aby sa splnili r\u00f4zne prev\u00e1dzkov\u00e9 po\u017eiadavky. Niektor\u00e9 modely s\u00fa teleskopick\u00e9, \u010do umo\u017e\u0148uje v\u00e4\u010d\u0161ie vysunutie bez zv\u00e4\u010d\u0161enia vonkaj\u0161\u00edch rozmerov, vhodn\u00e9 pre aplik\u00e1cie s obmedzen\u00fdm priestorom.<\/li>\n<li>Z\u00e1kazkov\u00e1 v\u00fdroba: N\u00e1\u0161 produkt dok\u00e1\u017ee dokonale nahradi\u0165 tieto hydraulick\u00e9 valce.<\/li>\n<\/ul>\n<p><img decoding=\"async\" src=\"https:\/\/www.hydraulic-cylinders.net\/wp-content\/uploads\/2025\/01\/songte-cylinder-head-with-all-kinds-excavator-models.webp\" alt=\"obr\u00e1zok v\u00fdmeny valca vedra\"><\/p>\n<h2>Aplik\u00e1cie<\/h2>\n<p>Valec vedra sa \u0161iroko pou\u017e\u00edva v r\u00f4znych \u0165a\u017ek\u00fdch strojoch, ako napr\u00edklad:<\/p>\n<ul>\n<li>Stavebn\u00e9 zariadenia: V bagroch s\u00fa k\u013e\u00fa\u010dov\u00e9 pre kopanie, nakladanie a premiest\u0148ovanie zeminy alebo sutiny. V r\u00fdpadlo-naklada\u010doch pom\u00e1ha valec ly\u017eice pri kopan\u00ed aj zdv\u00edhan\u00ed. V \u010deln\u00fdch naklada\u010doch pom\u00e1haj\u00fa pri efekt\u00edvnom zdv\u00edhan\u00ed a vykladan\u00ed tovaru.<\/li>\n<li>Po\u013enohospod\u00e1rske stroje: Pou\u017e\u00edvaj\u00fa sa v \u010deln\u00fdch naklada\u010doch na naberanie, zdv\u00edhanie a prepravu p\u00f4dy, sena a in\u00fdch materi\u00e1lov. V r\u00fdpadl\u00e1ch valec ly\u017eice dosahuje kopac\u00ed \u00fa\u010dinok t\u00fdm, \u017ee umo\u017e\u0148uje ly\u017eici prenikn\u00fa\u0165 do p\u00f4dy. <\/li>\n<\/ul>\n<h2>\u00davahy o dizajne a \u0161tandardy v\u00fdberu<\/h2>\n<p>Valec vedra je navrhnut\u00fd tak, aby zoh\u013ead\u0148oval nasleduj\u00face faktory:<\/p>\n<ul>\n<li>\u00danosnos\u0165<\/li>\n<li>Tesniaci v\u00fdkon<\/li>\n<li>Trvanlivos\u0165<\/li>\n<li>Bezpe\u010dnos\u0165<\/li>\n<li>Udr\u017eiavate\u013enos\u0165<\/li>\n<\/ul>\n<p>K\u013e\u00fa\u010dov\u00e9 aspekty dizajnu s\u00fa nasledovn\u00e9:<\/p>\n<h3>Nosnos\u0165<\/h3>\n<p>Valce s kor\u010dekom s\u00fa vyroben\u00e9 z vysokopevnostn\u00fdch materi\u00e1lov, ako je oce\u013e alebo hlin\u00edk, ktor\u00e9 odol\u00e1vaj\u00fa vysok\u00e9mu tlaku a \u0165a\u017ek\u00fdm za\u0165a\u017eeniam. Kon\u0161trukcia zoh\u013ead\u0148uje odolnos\u0165 vo\u010di opotrebovaniu a kor\u00f3zii, \u010d\u00edm sa predl\u017euje ich \u017eivotnos\u0165.<\/p>\n<h3>Tesniaci v\u00fdkon<\/h3>\n<p>Na zabr\u00e1nenie \u00faniku hydraulick\u00e9ho oleja sa pou\u017e\u00edvaj\u00fa r\u00f4zne tesniace komponenty, ako s\u00fa tesnenia piestov a tesnenia ty\u010d\u00ed. Tieto tesnenia s\u00fa vyroben\u00e9 z materi\u00e1lov odoln\u00fdch vo\u010di opotrebovaniu, ako je polyuret\u00e1n a nitrilov\u00e1 guma.<\/p>\n<h3>Trvanlivos\u0165<\/h3>\n<p>Teleso valca a z\u00e1vitov\u00fd koniec s\u00fa presne opracovan\u00e9 pre zlep\u0161enie odolnosti proti opotrebovaniu. Povrch je o\u0161etren\u00fd antikor\u00f3znymi materi\u00e1lmi pre pred\u013a\u017eenie \u017eivotnosti valca.<\/p>\n<h3>Bezpe\u010dnos\u0165<\/h3>\n<p>Valec vedra je vybaven\u00fd bezpe\u010dnostn\u00fdmi zariadeniami, ako je napr\u00edklad pretlakov\u00fd ventil, aby sa zabr\u00e1nilo po\u0161kodeniu v d\u00f4sledku nadmern\u00e9ho tlaku.<\/p>\n<h3>Udr\u017eiavate\u013enos\u0165<\/h3>\n<p>Valec je navrhnut\u00fd tak, aby sa dal \u013eahko udr\u017eiava\u0165. Odpor\u00fa\u010daj\u00fa sa pravideln\u00e9 kontroly a v\u00fdmena opotrebovan\u00fdch dielov, ako s\u00fa tesnenia a puzdr\u00e1.<\/p>\n<p><img decoding=\"async\" src=\"https:\/\/www.hydraulic-cylinders.net\/wp-content\/uploads\/2025\/01\/songte-oil-pipes-and-spare-parts.webp\" alt=\"obr\u00e1zok \u010dast\u00ed valca vedra\"><\/p>\n<h2>Tesnenie a mazanie<\/h2>\n<p>Na zabr\u00e1nenie \u00faniku hydraulick\u00e9ho oleja sa pou\u017e\u00edvaj\u00fa r\u00f4zne tesniace komponenty, ako s\u00fa tesnenia piestov a tesnenia ty\u010d\u00ed. Tieto tesnenia s\u00fa vyroben\u00e9 z materi\u00e1lov odoln\u00fdch vo\u010di opotrebovaniu, ako je polyuret\u00e1n a nitrilov\u00fd kau\u010duk. Teleso valca a z\u00e1vitov\u00fd koniec s\u00fa presne opracovan\u00e9, aby sa zlep\u0161ila odolnos\u0165 vo\u010di opotrebovaniu. Povrch je o\u0161etren\u00fd antikor\u00f3znymi materi\u00e1lmi, aby sa pred\u013a\u017eila \u017eivotnos\u0165 valca. Je potrebn\u00e9 pravideln\u00e9 mazanie vhodn\u00fdm mno\u017estvom hydraulick\u00e9ho oleja.<\/p>\n<h2>Kontroln\u00e9 a prevent\u00edvne \u00fadr\u017eb\u00e1rske opatrenia<\/h2>\n<p>Pravideln\u00e9 kontroly a opatrenia prevent\u00edvnej \u00fadr\u017eby zah\u0155\u0148aj\u00fa:<\/p>\n<ul>\n<li>Kontrola \u00fanikov<\/li>\n<li>Kontrola uvo\u013enenia alebo po\u0161kodenia<\/li>\n<li>Kontrola nadmern\u00e9ho opotrebenia<\/li>\n<li>Mazanie<\/li>\n<li>V\u00fdmena opotrebovan\u00fdch dielov<\/li>\n<li>Kalibra\u010dn\u00e9 kontroly<\/li>\n<\/ul>\n<p>Spr\u00e1vna in\u0161tal\u00e1cia, mazanie a nastavenie valca vedra s\u00fa nevyhnutn\u00e9. Po\u010das in\u0161tal\u00e1cie by sa malo zabezpe\u010di\u0165 spr\u00e1vne vedenie pre zarovnanie. Na upevnenie valca odpor\u00fa\u010dame pou\u017ei\u0165 vhodn\u00e9 mont\u00e1\u017ene konzoly. Na pred\u013a\u017eenie \u017eivotnosti valca vedra s\u00fa k dispoz\u00edcii odpor\u00fa\u010dan\u00e9 postupy kontroly, opravy a v\u00fdmeny. <\/p>\n<p><img decoding=\"async\" src=\"https:\/\/www.hydraulic-cylinders.net\/wp-content\/uploads\/2025\/01\/songte-chushion-collar.webp\" alt=\"obr\u00e1zok in\u0161tal\u00e1cie vedrov\u00e9ho valca\"><\/p>\n<h2>Bezpe\u010dnostn\u00e9 aspekty a faktory prostredia<\/h2>\n<p>Pri manipul\u00e1cii s \u0165a\u017ek\u00fdmi strojmi, ako je napr\u00edklad vedrov\u00fd valec, s\u00fa nevyhnutn\u00e9 bezpe\u010dnostn\u00e9 opatrenia. Mali by sa pou\u017e\u00edva\u0165 vhodn\u00e9 bezpe\u010dnostn\u00e9 prostriedky, ako s\u00fa rukavice, ochrann\u00e9 okuliare a prilby. \u00daniky oleja by sa mali okam\u017eite vy\u010disti\u0165, aby sa zn\u00ed\u017eilo riziko po\u0161myknutia a p\u00e1du. Pri pou\u017e\u00edvan\u00ed vedrov\u00e9ho valca by sa mali zoh\u013eadni\u0165 aj faktory prostredia, ako je teplota a vlhkos\u0165.<\/p>\n<h2>Rie\u0161enie probl\u00e9mov a be\u017en\u00e9 probl\u00e9my<\/h2>\n<p>Medzi be\u017en\u00e9 probl\u00e9my, ktor\u00e9 sa m\u00f4\u017eu vyskytn\u00fa\u0165 pri pou\u017e\u00edvan\u00ed valca s vedrom, patria:<\/p>\n<ul>\n<li>Unikaj\u00faci hydraulick\u00fd olej<\/li>\n<li>Po\u0161kodenie telesa valca<\/li>\n<li>Opotrebovan\u00e9 tesnenia<\/li>\n<li>Uvo\u013enen\u00e9 alebo po\u0161koden\u00e9 komponenty<\/li>\n<li>Neschopnos\u0165 reagova\u0165 na ovl\u00e1dacie pr\u00edkazy<\/li>\n<\/ul>\n<p>Pre efekt\u00edvnu diagnostiku a rie\u0161enie probl\u00e9mov odpor\u00fa\u010dame dodr\u017eiava\u0165 odpor\u00fa\u010dan\u00e9 postupy kontroly, opravy a v\u00fdmeny. Taktie\u017e navrhujeme prevent\u00edvne opatrenia, ako s\u00fa pravideln\u00e9 kontroly, \u00fadr\u017eba a kalibra\u010dn\u00e9 kontroly.<\/p>\n<p><img decoding=\"async\" src=\"https:\/\/www.hydraulic-cylinders.net\/wp-content\/uploads\/2025\/01\/songte-bushings-with-all-kinds-of-excavator-models.webp\" alt=\"obr\u00e1zok puzdier valca vedra\"><\/p>\n<h2>O na\u0161ej spolo\u010dnosti<\/h2>\n<p>Sme popredn\u00fdm v\u00fdrobcom a ve\u013ekoobchodn\u00edkom hydraulick\u00fdch valcov na dom\u00e1com aj medzin\u00e1rodnom trhu. \u0160pecializujeme sa na v\u00fdrobu kore\u010dkov\u00fdch valcov, ktor\u00e9 dok\u00e1\u017eu dokonale nahradi\u0165 tieto hydraulick\u00e9 valce. Na\u0161e v\u00fdrobky s\u00fa zn\u00e1me svojou vynikaj\u00facou kvalitou a spoliehame sa na industrializovan\u00fa strat\u00e9giu riadenia v\u00fdroby na\u0161ej sofistikovanej v\u00fdrobnej dielne, technologick\u00e9 talenty, pokro\u010dil\u00e9 digit\u00e1lne v\u00fdrobn\u00e9 zariadenia a profesion\u00e1lne testovacie syst\u00e9my, aby sme neust\u00e1le zlep\u0161ovali na\u0161u v\u00fdrobn\u00fa platformu. M\u00e1me siln\u00e9 kreat\u00edvne schopnosti a riadime sa z\u00e1sadami vysokej efektivity, vysokej presnosti a vysokej kvality. Sme odhodlan\u00ed uspokojova\u0165 rozmanit\u00e9 potreby na\u0161ich z\u00e1kazn\u00edkov.<\/p>\n<p>Na\u0161a spolo\u010dnos\u0165 pon\u00faka profesion\u00e1lne slu\u017eby a produkty na mieru a z\u00edskali sme medzin\u00e1rodn\u00e9 certifik\u00e1ty ako ISO9001 a CE, ktor\u00e9 zaru\u010duj\u00fa kvalitu na\u0161ich produktov a slu\u017eieb.<\/p>\n<p>M\u00e1me profesion\u00e1lny v\u00fdrobn\u00fd t\u00edm a modern\u00e9 v\u00fdrobn\u00e9 vybavenie vr\u00e1tane CNC strojov, hydraulick\u00fdch sk\u00fa\u0161obn\u00fdch stol\u00edc a \u010fal\u0161\u00edch testovac\u00edch zariaden\u00ed, aby sme zabezpe\u010dili, \u017ee na\u0161e produkty sp\u013a\u0148aj\u00fa najvy\u0161\u0161ie \u0161tandardy kvality. Pon\u00fakame tie\u017e popredajn\u00fd servis vr\u00e1tane v\u00fdmeny dielov a repasovan\u00fdch slu\u017eieb, aby sme maximalizovali \u017eivotnos\u0165 na\u0161ich produktov.<\/p>\n<p><img decoding=\"async\" src=\"https:\/\/hzpt.com\/wp-content\/uploads\/2024\/11\/songte-company-1.webp\" alt=\"imid\u017e spolo\u010dnosti\"><\/p>\n<p>Autor: lyl<\/p>","protected":false},"excerpt":{"rendered":"<p>Bucket Cylinder For Hyundai Large Excavator R320LC-7 Introduction A bucket cylinder is a specialized hydraulic cylinder used primarily to control the movement of buckets in heavy machinery such as excavators, backhoes, and front loaders. Its main function is to lift, lower, and tilt the bucket, making it easier to handle various materials. In the hydraulic [&hellip;]<\/p>","protected":false},"featured_media":14787,"comment_status":"open","ping_status":"closed","template":"","meta":{"_et_pb_use_builder":"","_et_pb_old_content":"","_et_gb_content_width":""},"product_brand":[],"product_cat":[1494],"product_tag":[1495,1496],"class_list":{"0":"post-15329","1":"product","2":"type-product","3":"status-publish","4":"has-post-thumbnail","6":"product_cat-bucket-cylinders","7":"product_tag-bucket-cylinders","8":"product_tag-hydraulic-cylinders","10":"first","11":"instock","12":"shipping-taxable","13":"product-type-simple"},"amp_enabled":true,"_links":{"self":[{"href":"https:\/\/www.hydraulic-cylinders.net\/sk\/wp-json\/wp\/v2\/product\/15329","targetHints":{"allow":["GET"]}}],"collection":[{"href":"https:\/\/www.hydraulic-cylinders.net\/sk\/wp-json\/wp\/v2\/product"}],"about":[{"href":"https:\/\/www.hydraulic-cylinders.net\/sk\/wp-json\/wp\/v2\/types\/product"}],"replies":[{"embeddable":true,"href":"https:\/\/www.hydraulic-cylinders.net\/sk\/wp-json\/wp\/v2\/comments?post=15329"}],"wp:featuredmedia":[{"embeddable":true,"href":"https:\/\/www.hydraulic-cylinders.net\/sk\/wp-json\/wp\/v2\/media\/14787"}],"wp:attachment":[{"href":"https:\/\/www.hydraulic-cylinders.net\/sk\/wp-json\/wp\/v2\/media?parent=15329"}],"wp:term":[{"taxonomy":"product_brand","embeddable":true,"href":"https:\/\/www.hydraulic-cylinders.net\/sk\/wp-json\/wp\/v2\/product_brand?post=15329"},{"taxonomy":"product_cat","embeddable":true,"href":"https:\/\/www.hydraulic-cylinders.net\/sk\/wp-json\/wp\/v2\/product_cat?post=15329"},{"taxonomy":"product_tag","embeddable":true,"href":"https:\/\/www.hydraulic-cylinders.net\/sk\/wp-json\/wp\/v2\/product_tag?post=15329"}],"curies":[{"name":"pracovn\u00fd list","href":"https:\/\/api.w.org\/{rel}","templated":true}]}}