{"id":15330,"date":"2025-01-19T14:23:41","date_gmt":"2025-01-19T14:23:41","guid":{"rendered":"https:\/\/www.hydraulic-cylinders.net\/product\/bucket-cylinder-for-hyundai-large-excavator-r370lc-7\/"},"modified":"2025-01-19T14:23:43","modified_gmt":"2025-01-19T14:23:43","slug":"bucket-cylinder-for-hyundai-large-excavator-r370lc-7","status":"publish","type":"product","link":"https:\/\/www.hydraulic-cylinders.net\/sk\/produkt\/bucket-cylinder-for-hyundai-large-excavator-r370lc-7\/","title":{"rendered":"Valec vedra pre ve\u013ek\u00e9 r\u00fdpadlo Hyundai R370LC-7"},"content":{"rendered":"<h1>Valec vedra pre ve\u013ek\u00e9 r\u00fdpadlo Hyundai R370LC-7<\/h1>\n<h2>\u00davod<\/h2>\n<h3>Defin\u00edcia produktu<\/h3>\n<p>Hydraulick\u00fd valec ly\u017eice je typ hydraulick\u00e9ho valca \u0161peci\u00e1lne navrhnut\u00e9ho na ovl\u00e1danie pohybu ly\u017e\u00edc v \u0165a\u017ek\u00fdch strojoch, ako s\u00fa bagre, r\u00fdpadl\u00e1 a \u010deln\u00e9 naklada\u010de. Jeho hlavnou funkciou je umo\u017eni\u0165 zdv\u00edhanie, sp\u00fa\u0161\u0165anie a nakl\u00e1\u0148anie ly\u017e\u00edc, \u010do u\u013eah\u010duje vykon\u00e1vanie r\u00f4znych \u00faloh manipul\u00e1cie s materi\u00e1lom. V hydraulick\u00fdch syst\u00e9moch vyu\u017e\u00edvaj\u00fa valce ly\u017eice zmeny tlaku hydraulick\u00e9ho oleja na dosiahnutie presn\u00e9ho ovl\u00e1dania ly\u017eice, \u010do umo\u017e\u0148uje obsluhe efekt\u00edvne manipulova\u0165 s \u0165a\u017ek\u00fdmi bremenami, prisp\u00f4sobi\u0165 sa zlo\u017eit\u00fdm pracovn\u00fdm prostrediam a r\u00f4znorod\u00fdm po\u017eiadavk\u00e1m pr\u00e1ce.<\/p>\n<p><img decoding=\"async\" src=\"https:\/\/www.hydraulic-cylinders.net\/wp-content\/uploads\/2025\/01\/songte-company-2.webp\" alt=\"Obr\u00e1zok valca vedra\"><\/p>\n<h3>Vlastnosti produktu<\/h3>\n<ul>\n<li><strong>Vysok\u00e1 pevnos\u0165 a odolnos\u0165:<\/strong> Valce s kor\u010dekmi, ktor\u00e9 s\u00fa zvy\u010dajne vyroben\u00e9 z vysokopevnostnej ocele alebo hlin\u00edka, odol\u00e1vaj\u00fa vysok\u00e9mu tlaku a \u0165a\u017ek\u00fdm za\u0165a\u017eeniam, \u010d\u00edm sa prisp\u00f4sobuj\u00fa n\u00e1ro\u010dn\u00fdm pracovn\u00fdm podmienkam. Kon\u0161trukcia zoh\u013ead\u0148uje odolnos\u0165 vo\u010di opotrebovaniu a kor\u00f3zii, \u010d\u00edm sa predl\u017euje ich \u017eivotnos\u0165.<\/li>\n<li><strong>Efekt\u00edvna hydraulick\u00e1 prev\u00e1dzka:<\/strong> V\u010faka hydraulick\u00e9mu tlaku oleja na dosiahnutie plynul\u00e9ho vys\u00favania a s\u0165ahovania dok\u00e1\u017eu valce ly\u017e\u00edc r\u00fdchlo reagova\u0165 na ovl\u00e1dacie povely a poskytova\u0165 siln\u00fa tla\u010dn\u00fa a \u0165a\u017en\u00fa silu, vhodn\u00fa na manipul\u00e1ciu s \u0165a\u017ek\u00fdmi bremenami a zlo\u017eit\u00e9 pracovn\u00e9 \u00falohy.<\/li>\n<li><strong>R\u00f4zne typy:<\/strong> Valce kor\u010dekov je mo\u017en\u00e9 vybra\u0165 ako jedno\u010dinn\u00e9 (hydraulika pou\u017e\u00edvan\u00e1 iba v jednom smere) alebo dvoj\u010dinn\u00e9 (hydraulika pou\u017e\u00edvan\u00e1 v oboch smeroch) pod\u013ea \u0161pecifick\u00fdch prev\u00e1dzkov\u00fdch potrieb. Niektor\u00e9 modely s\u00fa teleskopick\u00e9, \u010do umo\u017e\u0148uje v\u00e4\u010d\u0161ie vysunutie bez zv\u00e4\u010d\u0161enia vonkaj\u0161\u00edch rozmerov, vhodn\u00e9 pre aplik\u00e1cie v obmedzenom priestore.<\/li>\n<li><strong>Dokonal\u00e1 n\u00e1hrada:<\/strong> N\u00e1\u0161 valec s ko\u0161\u00edkom dok\u00e1\u017ee dokonale nahradi\u0165 tieto hydraulick\u00e9 valce. <\/li>\n<\/ul>\n<p><img decoding=\"async\" src=\"https:\/\/www.hydraulic-cylinders.net\/wp-content\/uploads\/2025\/01\/songte-cylinder-head-with-all-kinds-excavator-models.webp\" alt=\"Obr\u00e1zok v\u00fdmeny valca vedra\"><\/p>\n<h3>Scen\u00e1re aplik\u00e1ci\u00ed<\/h3>\n<p>Valce s kore\u010dkami sa \u0161iroko pou\u017e\u00edvaj\u00fa v r\u00f4znych stavebn\u00fdch, po\u013enohospod\u00e1rskych a bansk\u00fdch strojoch, ako napr\u00edklad:<\/p>\n<ul>\n<li><strong>Stavebn\u00e9 vybavenie:<\/strong> V bagroch s\u00fa k\u013e\u00fa\u010dov\u00e9 pre v\u00fdkopov\u00e9 pr\u00e1ce, nakladanie a premiest\u0148ovanie zeminy alebo sutiny. V r\u00fdpadlo-naklada\u010doch pom\u00e1haj\u00fa valce ko\u0161\u00edkov pri v\u00fdkopov\u00fdch pr\u00e1cach aj zdv\u00edhan\u00ed. <\/li>\n<li><strong>Po\u013enohospod\u00e1rske stroje:<\/strong> Pou\u017e\u00edva sa v \u010deln\u00fdch naklada\u010doch na naberanie, zdv\u00edhanie a prepravu p\u00f4dy, sena a in\u00fdch materi\u00e1lov.<\/li>\n<li><strong>\u0164a\u017eobn\u00e9 stroje:<\/strong> Valce korby umo\u017e\u0148uj\u00fa v\u00fdkopov\u00e9 pr\u00e1ce t\u00fdm, \u017ee umo\u017e\u0148uj\u00fa korbe prenikn\u00fa\u0165 do p\u00f4dy. <\/li>\n<li><strong>Ostatn\u00e9 stroje:<\/strong> V \u010deln\u00fdch naklada\u010doch pom\u00e1haj\u00fa valce ko\u0161\u00edkov pri efekt\u00edvnom zdv\u00edhan\u00ed a vykladan\u00ed tovaru.<\/li>\n<\/ul>\n<h3>\u00davahy o dizajne a krit\u00e9ri\u00e1 v\u00fdberu<\/h3>\n<p>Pri v\u00fdbere valca s vedrom je potrebn\u00e9 zv\u00e1\u017ei\u0165 nieko\u013eko faktorov, vr\u00e1tane:<\/p>\n<ul>\n<li><strong>Nosnos\u0165:<\/strong> Valec mus\u00ed by\u0165 schopn\u00fd zvl\u00e1dnu\u0165 maxim\u00e1lne za\u0165a\u017eenie, ktor\u00e9mu bude vystaven\u00fd, bez toho, aby sa ohnul alebo katastrof\u00e1lne zlyhal.<\/li>\n<li><strong>Tesnenie:<\/strong> Valec mus\u00ed udr\u017eiava\u0165 dobr\u00e9 utesnenie, aby sa zabr\u00e1nilo \u00faniku hydraulickej kvapaliny, \u010do by zn\u00ed\u017eilo jeho \u00fa\u010dinnos\u0165 a viedlo k potenci\u00e1lnym bezpe\u010dnostn\u00fdm rizik\u00e1m.<\/li>\n<li><strong>Trvanlivos\u0165:<\/strong> Valec mus\u00ed by\u0165 vyroben\u00fd z materi\u00e1lov, ktor\u00e9 odol\u00e1vaj\u00fa opotrebovaniu a kor\u00f3zii, \u010d\u00edm sa zabezpe\u010d\u00ed jeho dlh\u00e1 \u017eivotnos\u0165 v n\u00e1ro\u010dn\u00fdch podmienkach. <\/li>\n<li><strong>Bezpe\u010dnos\u0165:<\/strong> Valec mus\u00ed by\u0165 navrhnut\u00fd a nain\u0161talovan\u00fd s bezpe\u010dnostn\u00fdmi prvkami, aby sa predi\u0161lo nehod\u00e1m po\u010das prev\u00e1dzky.<\/li>\n<li><strong>Udr\u017eiavate\u013enos\u0165:<\/strong> F\u013ea\u0161a mus\u00ed by\u0165 \u013eahko udr\u017eiavate\u013en\u00e1 a opravovate\u013en\u00e1, s \u013eahko dostupn\u00fdmi n\u00e1hradn\u00fdmi dielmi a postupy \u00fadr\u017eby sa musia pr\u00edsne dodr\u017eiava\u0165, aby sa zabezpe\u010dila jej spo\u013eahliv\u00e1 prev\u00e1dzka.<\/li>\n<\/ul>\n<p><img decoding=\"async\" src=\"https:\/\/www.hydraulic-cylinders.net\/wp-content\/uploads\/2025\/01\/songte-oil-pipes-and-spare-parts.webp\" alt=\"Obr\u00e1zok n\u00e1vrhu valca vedra\"><\/p>\n<h3>Tesnenie a mazanie<\/h3>\n<p>Valec kor\u010deka vy\u017eaduje r\u00f4zne tesniace komponenty, ako s\u00fa piestne tesnenia a tesnenia ty\u010d\u00ed, aby sa zabezpe\u010dilo dobr\u00e9 utesnenie a zabr\u00e1nilo sa \u00faniku hydraulickej kvapaliny. Tesnenia s\u00fa vyroben\u00e9 z materi\u00e1lov odoln\u00fdch vo\u010di opotrebovaniu, ako je polyuret\u00e1n a nitrilov\u00fd kau\u010duk. Teleso valca a z\u00e1vitov\u00e9 koncov\u00e9 plochy s\u00fa jemne upraven\u00e9 pre zlep\u0161enie odolnosti vo\u010di opotrebovaniu. Valec vy\u017eaduje pravideln\u00e9 mazanie hydraulick\u00fdm olejom, aby sa zabezpe\u010dila jeho hladk\u00e1 prev\u00e1dzka.<\/p>\n<h3>\u00dadr\u017eba a prevent\u00edvne opatrenia<\/h3>\n<p>Pravideln\u00e1 \u00fadr\u017eba a prevent\u00edvne opatrenia s\u00fa k\u013e\u00fa\u010dov\u00e9 pre zabezpe\u010denie dlhodob\u00e9ho v\u00fdkonu a \u017eivotnosti valca s ko\u0161\u00edkom. Medzi be\u017en\u00e9 \u00falohy \u00fadr\u017eby patria:<\/p>\n<ul>\n<li><strong>Pravideln\u00e1 kontrola:<\/strong> Valec \u010dasto kontrolujte, \u010di neobsahuje netesnosti, praskliny alebo prelia\u010diny, a skontrolujte jeho spr\u00e1vne zarovnanie a ulo\u017eenie s ostatn\u00fdmi komponentmi.<\/li>\n<li><strong>Spr\u00e1vne mazanie:<\/strong> Pridajte primeran\u00e9 mno\u017estvo hydraulick\u00e9ho oleja na mazanie valca a zabezpe\u010dte tak plynul\u00fd chod.<\/li>\n<li><strong>V\u00fdmena tesnenia:<\/strong> Pravidelne vymie\u0148ajte tesnenia, aby ste zabezpe\u010dili dobr\u00e9 utesnenie a zabr\u00e1nili \u00faniku hydraulickej kvapaliny.<\/li>\n<li><strong>Kontrola kalibr\u00e1cie:<\/strong> Check the cylinder&#8217;s calibration regularly to ensure that it operates within its specified parameters.<\/li>\n<\/ul>\n<p><img decoding=\"async\" src=\"https:\/\/www.hydraulic-cylinders.net\/wp-content\/uploads\/2025\/01\/songte-chushion-collar.webp\" alt=\"Obr\u00e1zok \u00fadr\u017eby valca vedra\"><\/p>\n<h3>Bezpe\u010dnostn\u00e9 aspekty a faktory prostredia<\/h3>\n<p>Pri pou\u017e\u00edvan\u00ed vedrov\u00fdch valcov je potrebn\u00e9 zv\u00e1\u017ei\u0165 bezpe\u010dnostn\u00e9 opatrenia, aby sa predi\u0161lo nehod\u00e1m. Obsluha mus\u00ed by\u0165 vy\u0161kolen\u00e1 v spr\u00e1vnom pou\u017e\u00edvan\u00ed zariadenia vr\u00e1tane bezpe\u010dnostn\u00fdch postupov a prevent\u00edvnych opatren\u00ed. Faktory prostredia, ako je teplota, vlhkos\u0165 a prach, m\u00f4\u017eu ovplyvni\u0165 v\u00fdkon a \u017eivotnos\u0165 valca, a preto je potrebn\u00e9 prija\u0165 spr\u00e1vne opatrenia na \u00fadr\u017ebu a ochranu, aby sa zabezpe\u010dila jeho spo\u013eahliv\u00e1 prev\u00e1dzka.<\/p>\n<h3>Rie\u0161enie probl\u00e9mov a be\u017en\u00e9 probl\u00e9my<\/h3>\n<p>Medzi be\u017en\u00e9 probl\u00e9my s valcami vedra patria:<\/p>\n<ul>\n<li><strong>\u00danik:<\/strong> Hydraulic fluid leakage can cause a loss of pressure and reduce the cylinder&#8217;s effectiveness.<\/li>\n<li><strong>Porucha tesnenia:<\/strong> Tesnenia sa m\u00f4\u017eu opotrebova\u0165 alebo po\u0161kodi\u0165, \u010do vedie k \u00faniku hydraulickej kvapaliny a poruche valca.<\/li>\n<li><strong>Oh\u00fdbanie:<\/strong> Valec sa m\u00f4\u017ee ohn\u00fa\u0165 v d\u00f4sledku pre\u0165a\u017eenia alebo nespr\u00e1vnej in\u0161tal\u00e1cie, \u010do zni\u017euje jeho \u00fa\u010dinnos\u0165 a m\u00f4\u017ee sp\u00f4sobi\u0165 bezpe\u010dnostn\u00e9 rizik\u00e1.<\/li>\n<\/ul>\n<p>Na diagnostikovanie a rie\u0161enie t\u00fdchto probl\u00e9mov by oper\u00e1tori mali dodr\u017eiava\u0165 spr\u00e1vne postupy \u00fadr\u017eby a kontroly, pou\u017e\u00edva\u0165 vhodn\u00e9 hydraulick\u00e9 kvapaliny a maziv\u00e1 a vymeni\u0165 v\u0161etky po\u0161koden\u00e9 alebo opotrebovan\u00e9 komponenty.<\/p>\n<p><img decoding=\"async\" src=\"https:\/\/www.hydraulic-cylinders.net\/wp-content\/uploads\/2025\/01\/songte-bushings-with-all-kinds-of-excavator-models.webp\" alt=\"Obr\u00e1zok rie\u0161enia probl\u00e9mov s valcom vedra\"><\/p>\n<h2>O na\u0161ej spolo\u010dnosti<\/h2>\n<p>Sme popredn\u00fdm v\u00fdrobcom a ve\u013ekoobchodn\u00fdm distrib\u00fatorom hydraulick\u00fdch valcov na dom\u00e1com aj medzin\u00e1rodnom trhu. Zaviazali sme sa poskytova\u0165 vysokokvalitn\u00e9 produkty a slu\u017eby, pri\u010dom sa opierame o na\u0161u strat\u00e9giu riadenia industrializovanej v\u00fdroby zalo\u017een\u00fa na vynikaj\u00facej kvalite, pokro\u010dil\u00fdch technol\u00f3gi\u00e1ch a profesion\u00e1lnych talentoch. Na\u0161a v\u00fdrobn\u00e1 platforma sa neust\u00e1le zlep\u0161uje a m\u00e1me siln\u00e9 v\u00fdrobn\u00e9 kapacity, aby sme uspokojili rozmanit\u00e9 potreby na\u0161ich z\u00e1kazn\u00edkov.<\/p>\n<h3>Profesionalita<\/h3>\n<p>Na\u0161a spolo\u010dnos\u0165 m\u00e1 t\u00edm sk\u00fasen\u00fdch a profesion\u00e1lnych in\u017einierov a technikov, ktor\u00ed sa \u0161pecializuj\u00fa na n\u00e1vrh, v\u00fdvoj a v\u00fdrobu hydraulick\u00fdch valcov. Disponujeme tie\u017e najmodernej\u0161\u00edm vybaven\u00edm a komplexn\u00fdm testovac\u00edm syst\u00e9mom, aby sme zabezpe\u010dili kvalitu na\u0161ich produktov.<\/p>\n<h3>Medzin\u00e1rodn\u00e1 certifik\u00e1cia<\/h3>\n<p>Our hydraulic cylinders have passed the ISO 9001:2015 international quality management system certification, CE certification, and other international certification standards. We adhere to strict quality control standards to ensure that our products meet or exceed our customers&#8217; expectations.<\/p>\n<h3>Slu\u017eby prisp\u00f4sobenia<\/h3>\n<p>Poskytujeme slu\u017eby na mieru, ktor\u00e9 sp\u013a\u0148aj\u00fa r\u00f4zne po\u017eiadavky z\u00e1kazn\u00edkov. N\u00e1\u0161 t\u00edm dizajn\u00e9rov a in\u017einierov dok\u00e1\u017ee vyvin\u00fa\u0165 rie\u0161enia hydraulick\u00fdch valcov na mieru pre \u0161pecifick\u00e9 priemyseln\u00e9 aplik\u00e1cie.<\/p>\n<h3>V\u00fdrobn\u00e9 zariadenia<\/h3>\n<p>Na\u0161a spolo\u010dnos\u0165 m\u00e1 modern\u00e9 v\u00fdrobn\u00e9 zariadenia vr\u00e1tane CNC s\u00fastruhov, fr\u00e9zok, br\u00fasok a in\u00fdch presn\u00fdch obr\u00e1bac\u00edch zariaden\u00ed, aby sme zabezpe\u010dili presnos\u0165 a kvalitu na\u0161ich v\u00fdrobkov.<\/p>\n<h3>Popredajn\u00fd servis<\/h3>\n<p>Poskytujeme komplexn\u00e9 popredajn\u00e9 slu\u017eby, ktor\u00e9 pom\u00e1haj\u00fa z\u00e1kazn\u00edkom rie\u0161i\u0165 probl\u00e9my, s ktor\u00fdmi sa stret\u00e1vaj\u00fa po\u010das pou\u017e\u00edvania na\u0161ich produktov. Taktie\u017e poskytujeme n\u00e1hradn\u00e9 diely a repasn\u00e9 slu\u017eby na pred\u013a\u017eenie \u017eivotnosti na\u0161ich produktov.<\/p>\n<p><img decoding=\"async\" src=\"https:\/\/hzpt.com\/wp-content\/uploads\/2024\/11\/songte-company-1.webp\" alt=\"O na\u0161ej spolo\u010dnosti Image\"><\/p>\n<h3>Autor: lyl.<\/h3>","protected":false},"excerpt":{"rendered":"<p>Bucket Cylinder For Hyundai Large Excavator R370LC-7 Introduction Product Definition A bucket cylinder is a type of hydraulic cylinder specially designed for controlling the movement of buckets in heavy machinery such as excavators, backhoes, and front-end loaders. Its main function is to enable buckets to be lifted, lowered, and tilted, making it easier to carry [&hellip;]<\/p>","protected":false},"featured_media":14785,"comment_status":"open","ping_status":"closed","template":"","meta":{"_et_pb_use_builder":"","_et_pb_old_content":"","_et_gb_content_width":""},"product_brand":[],"product_cat":[1494],"product_tag":[1495,1496],"class_list":{"0":"post-15330","1":"product","2":"type-product","3":"status-publish","4":"has-post-thumbnail","6":"product_cat-bucket-cylinders","7":"product_tag-bucket-cylinders","8":"product_tag-hydraulic-cylinders","10":"first","11":"instock","12":"shipping-taxable","13":"product-type-simple"},"amp_enabled":true,"_links":{"self":[{"href":"https:\/\/www.hydraulic-cylinders.net\/sk\/wp-json\/wp\/v2\/product\/15330","targetHints":{"allow":["GET"]}}],"collection":[{"href":"https:\/\/www.hydraulic-cylinders.net\/sk\/wp-json\/wp\/v2\/product"}],"about":[{"href":"https:\/\/www.hydraulic-cylinders.net\/sk\/wp-json\/wp\/v2\/types\/product"}],"replies":[{"embeddable":true,"href":"https:\/\/www.hydraulic-cylinders.net\/sk\/wp-json\/wp\/v2\/comments?post=15330"}],"wp:featuredmedia":[{"embeddable":true,"href":"https:\/\/www.hydraulic-cylinders.net\/sk\/wp-json\/wp\/v2\/media\/14785"}],"wp:attachment":[{"href":"https:\/\/www.hydraulic-cylinders.net\/sk\/wp-json\/wp\/v2\/media?parent=15330"}],"wp:term":[{"taxonomy":"product_brand","embeddable":true,"href":"https:\/\/www.hydraulic-cylinders.net\/sk\/wp-json\/wp\/v2\/product_brand?post=15330"},{"taxonomy":"product_cat","embeddable":true,"href":"https:\/\/www.hydraulic-cylinders.net\/sk\/wp-json\/wp\/v2\/product_cat?post=15330"},{"taxonomy":"product_tag","embeddable":true,"href":"https:\/\/www.hydraulic-cylinders.net\/sk\/wp-json\/wp\/v2\/product_tag?post=15330"}],"curies":[{"name":"pracovn\u00fd list","href":"https:\/\/api.w.org\/{rel}","templated":true}]}}