{"id":15331,"date":"2025-01-19T14:23:44","date_gmt":"2025-01-19T14:23:44","guid":{"rendered":"https:\/\/www.hydraulic-cylinders.net\/product\/bucket-cylinder-for-hyundai-large-excavator-r450lc-5\/"},"modified":"2025-01-19T14:23:46","modified_gmt":"2025-01-19T14:23:46","slug":"bucket-cylinder-for-hyundai-large-excavator-r450lc-5","status":"publish","type":"product","link":"https:\/\/www.hydraulic-cylinders.net\/sk\/produkt\/bucket-cylinder-for-hyundai-large-excavator-r450lc-5\/","title":{"rendered":"Valec vedra pre ve\u013ek\u00e9 r\u00fdpadlo Hyundai R450LC-5"},"content":{"rendered":"<p><!--Title--><\/p>\n<h1>Valec vedra pre ve\u013ek\u00e9 r\u00fdpadlo Hyundai R450LC-5<\/h1>\n<p><!--Introduction--><\/p>\n<h2>\u00davod<\/h2>\n<p>Hydraulick\u00fd valec ly\u017eice pre ve\u013ek\u00e9 r\u00fdpadlo Hyundai R450LC-5 je \u0161pecializovan\u00fd hydraulick\u00fd valec pou\u017e\u00edvan\u00fd na ovl\u00e1danie pohybov ly\u017eice v \u0165a\u017ek\u00fdch strojoch, ako s\u00fa r\u00fdpadl\u00e1, r\u00fdpadl\u00e1-naklada\u010de a \u010deln\u00e9 naklada\u010de. Jeho hlavnou funkciou je umo\u017eni\u0165 zdv\u00edhanie, sp\u00fa\u0161\u0165anie a nakl\u00e1\u0148anie ly\u017eice, \u010do u\u013eah\u010duje vykon\u00e1vanie r\u00f4znych \u00faloh manipul\u00e1cie s materi\u00e1lom. V hydraulickom syst\u00e9me valec ly\u017eice riadi presn\u00fd pohyb ly\u017eice zmenou tlaku hydraulick\u00e9ho oleja, \u010do umo\u017e\u0148uje obsluhe efekt\u00edvne manipulova\u0165 s \u0165a\u017ek\u00fdmi bremenami a prisp\u00f4sobi\u0165 sa zlo\u017eit\u00fdm pracovn\u00fdm prostrediam a r\u00f4znorod\u00fdm prev\u00e1dzkov\u00fdm po\u017eiadavk\u00e1m.<\/p>\n<p><!--Product Image--><br \/>\n<img decoding=\"async\" src=\"https:\/\/www.hydraulic-cylinders.net\/wp-content\/uploads\/2025\/01\/songte-company-2.webp\" alt=\"Obr\u00e1zok valca vedra\"><\/p>\n<p><!--Product Features--><\/p>\n<h2>Vlastnosti produktu<\/h2>\n<ul>\n<li>Vysok\u00e1 pevnos\u0165 a odolnos\u0165: Zvy\u010dajne vyroben\u00e9 z vysokopevnostnej ocele alebo hlin\u00edka, schopn\u00e9 odol\u00e1va\u0165 vysok\u00e9mu tlaku a \u0165a\u017ek\u00fdm za\u0165a\u017eeniam, vhodn\u00e9 do n\u00e1ro\u010dn\u00fdch pracovn\u00fdch prostred\u00ed, navrhnut\u00e9 s oh\u013eadom na odolnos\u0165 vo\u010di opotrebovaniu a kor\u00f3zii a pred\u013a\u017eenie \u017eivotnosti.<\/li>\n<li>Efekt\u00edvne hydraulick\u00e9 oper\u00e1cie: Plynul\u00e9 pohyby vys\u00favania a zas\u00favania sa dosahuj\u00fa pomocou tlaku hydraulick\u00e9ho oleja, r\u00fdchlo reaguj\u00fa na prev\u00e1dzkov\u00e9 povely, poskytuj\u00fa siln\u00e9 tla\u010dn\u00e9 a \u0165a\u017en\u00e9 sily a s\u00fa vhodn\u00e9 na manipul\u00e1ciu s \u0165a\u017ek\u00fdmi bremenami a zlo\u017eit\u00fdmi pracovn\u00fdmi \u00falohami.<\/li>\n<li>R\u00f4zne typy: Jedno\u010dinn\u00e9 (hydraulika sa pou\u017e\u00edva iba v jednom smere) alebo dvoj\u010dinn\u00e9 (hydraulika sa pou\u017e\u00edva v oboch smeroch) valce je mo\u017en\u00e9 vybra\u0165 pod\u013ea potrieb, aby sa splnili r\u00f4zne prev\u00e1dzkov\u00e9 po\u017eiadavky. Niektor\u00e9 modely s\u00fa teleskopick\u00e9, \u010do umo\u017e\u0148uje v\u00e4\u010d\u0161ie vysunutie bez zv\u00e4\u010d\u0161enia vonkaj\u0161\u00edch rozmerov, vhodn\u00e9 pre aplik\u00e1cie s obmedzen\u00fdm priestorom.<\/li>\n<li>Dokonal\u00e1 n\u00e1hrada: Na\u0161e produkty dok\u00e1\u017eu dokonale nahradi\u0165 tieto hydraulick\u00e9 valce.<\/li>\n<\/ul>\n<p><!--Product Replacement Image--><br \/>\n<img decoding=\"async\" src=\"https:\/\/www.hydraulic-cylinders.net\/wp-content\/uploads\/2025\/01\/songte-cylinder-head-with-all-kinds-excavator-models.webp\" alt=\"Obr\u00e1zok n\u00e1hradn\u00e9ho produktu\"><\/p>\n<p><!--Product Applications--><\/p>\n<h2>Aplik\u00e1cie produktov<\/h2>\n<p>Valec s vedrom sa \u0161iroko pou\u017e\u00edva v r\u00f4znych priemyseln\u00fdch aplik\u00e1ci\u00e1ch, vr\u00e1tane, ale nie v\u00fdlu\u010dne:<\/p>\n<ul>\n<li>Stavebn\u00e9 zariadenia: V bagroch s\u00fa nevyhnutn\u00e9 pre v\u00fdkopov\u00e9 pr\u00e1ce, nakladanie a premiest\u0148ovanie zeminy alebo sutiny. V r\u00fdpadlo-naklada\u010doch pom\u00e1ha valec ly\u017eice pri v\u00fdkopov\u00fdch pr\u00e1cach aj zdv\u00edhan\u00ed.<\/li>\n<li>Po\u013enohospod\u00e1rske stroje: Pou\u017e\u00edvaj\u00fa sa na \u010deln\u00e9 naklada\u010de, zdv\u00edhanie a prepravu p\u00f4dy, sena a in\u00fdch materi\u00e1lov. Valec ly\u017eice v r\u00fdpadl\u00e1ch umo\u017e\u0148uje kopanie t\u00fdm, \u017ee ly\u017eica prenik\u00e1 do p\u00f4dy.<\/li>\n<li>Naklada\u010de: V \u010deln\u00fdch naklada\u010doch pom\u00e1haj\u00fa pri efekt\u00edvnom zdv\u00edhan\u00ed a vykladan\u00ed n\u00e1kladu.<\/li>\n<\/ul>\n<p><!--Design and Selection Standards--><\/p>\n<h2>Normy n\u00e1vrhu a v\u00fdberu<\/h2>\n<p>Medzi normy pre n\u00e1vrh a v\u00fdber valcov vedra patria:<\/p>\n<ul>\n<li>Nosnos\u0165: Mala by by\u0165 schopn\u00e1 odola\u0165 maxim\u00e1lnej hmotnosti a tlaku, ktor\u00e9mu je vystaven\u00e1, \u010d\u00edm sa zabezpe\u010d\u00ed bezpe\u010dn\u00e1 a stabiln\u00e1 prev\u00e1dzka.<\/li>\n<li>Tesnenie: Valec vedra by mal by\u0165 utesnen\u00fd, aby sa zabr\u00e1nilo \u00faniku kvapaliny a zabezpe\u010dila sa efekt\u00edvna hydraulick\u00e1 prev\u00e1dzka. Na zaistenie dlhej \u017eivotnosti by sa mali pou\u017ei\u0165 vysokokvalitn\u00e9 tesniace materi\u00e1ly.<\/li>\n<li>Trvanlivos\u0165: Valec vedra by mal ma\u0165 vynikaj\u00facu odolnos\u0165 vo\u010di opotrebovaniu a kor\u00f3zii, aby sa zabezpe\u010dila dlh\u00e1 \u017eivotnos\u0165.<\/li>\n<li>Bezpe\u010dnos\u0165: Valec vedra by mal by\u0165 navrhnut\u00fd s bezpe\u010dnostn\u00fdmi prvkami, ako s\u00fa poistn\u00e9 ventily, aby sa zabr\u00e1nilo pre\u0165a\u017eeniu alebo n\u00e1hlym poklesom hydraulick\u00e9ho tlaku, \u010d\u00edm sa zabezpe\u010d\u00ed bezpe\u010dnos\u0165 obsluhy.<\/li>\n<li>\u00dadr\u017eba: Valec vedra by mal by\u0165 navrhnut\u00fd s oh\u013eadom na jednoduch\u00fa \u00fadr\u017ebu, aby sa v pr\u00edpade potreby dala \u013eahko kontrolova\u0165, udr\u017eiava\u0165 a opravova\u0165.<\/li>\n<\/ul>\n<p><!--Product Pipes and Spare Parts Image--><br \/>\n<img decoding=\"async\" src=\"https:\/\/www.hydraulic-cylinders.net\/wp-content\/uploads\/2025\/01\/songte-oil-pipes-and-spare-parts.webp\" alt=\"Obr\u00e1zok produktov, potrubia a n\u00e1hradn\u00e9 diely\"><\/p>\n<p><!--Sealing and Lubrication--><\/p>\n<h2>Tesnenie a mazanie<\/h2>\n<p>Efekt\u00edvna prev\u00e1dzka valca vedra z\u00e1vis\u00ed od spr\u00e1vneho utesnenia a mazania. Prij\u00edmaj\u00fa sa tieto opatrenia:<\/p>\n<ul>\n<li>Na zabezpe\u010denie tesn\u00e9ho utesnenia sa pou\u017e\u00edvaj\u00fa r\u00f4zne tesniace komponenty, ako s\u00fa tesnenia piestov a tesnenia ty\u010d\u00ed. Mali by by\u0165 vyroben\u00e9 z materi\u00e1lov odoln\u00fdch vo\u010di opotrebovaniu, ako je polyuret\u00e1n a nitrilov\u00e1 guma.<\/li>\n<li>Teleso valca a povrch z\u00e1vitov\u00e9ho konca s\u00fa jemne opracovan\u00e9 pre zlep\u0161enie odolnosti proti opotrebovaniu.<\/li>\n<li>Valec ly\u017eice by sa mal pravidelne maza\u0165 pr\u00edslu\u0161n\u00fdm mno\u017estvom hydraulick\u00e9ho oleja, aby sa zabezpe\u010dila hladk\u00e1 prev\u00e1dzka a pred\u013a\u017eila sa jeho \u017eivotnos\u0165.<\/li>\n<\/ul>\n<p><!--Maintenance and Repair--><\/p>\n<h2>\u00dadr\u017eba a opravy<\/h2>\n<p>Pravideln\u00e1 \u00fadr\u017eba a opravy s\u00fa nevyhnutn\u00e9 pre dlh\u00fa \u017eivotnos\u0165 valca vedra. Mali by sa vykon\u00e1va\u0165 nasleduj\u00face \u00falohy \u00fadr\u017eby:<\/p>\n<ul>\n<li>Pravideln\u00e9 kontroly: Skontrolujte \u00fanik oleja, deform\u00e1ciu a po\u0161kodenie telesa valca, ty\u010de a piesta. Zabezpe\u010dte spr\u00e1vnu in\u0161tal\u00e1ciu a zarovnanie.<\/li>\n<li>Spr\u00e1vne mazanie: Pravidelne nama\u017ete valec ly\u017eice pr\u00edslu\u0161n\u00fdm mno\u017estvom hydraulick\u00e9ho oleja, aby ste zabezpe\u010dili plynul\u00fd chod.<\/li>\n<li>V\u00fdmena tesnenia: Tesnenia pravidelne vymie\u0148ajte, aby ste zabezpe\u010dili pevn\u00e9 utesnenie.<\/li>\n<li>Kontrola kalibr\u00e1cie: Vykonajte kalibra\u010dn\u00e9 kontroly, aby ste zabezpe\u010dili bezpe\u010dn\u00fa a presn\u00fa prev\u00e1dzku.<\/li>\n<\/ul>\n<p><!--Product Cushion Collar Image--><br \/>\n<img decoding=\"async\" src=\"https:\/\/www.hydraulic-cylinders.net\/wp-content\/uploads\/2025\/01\/songte-chushion-collar.webp\" alt=\"Obr\u00e1zok vank\u00fa\u0161ov\u00e9ho goliera produktu\"><\/p>\n<p><!--Safety Considerations--><\/p>\n<h2>Bezpe\u010dnostn\u00e9 aspekty<\/h2>\n<p>Pri pou\u017e\u00edvan\u00ed vedrovej f\u013ea\u0161e by sa mali dodr\u017eiava\u0165 nasleduj\u00face bezpe\u010dnostn\u00e9 opatrenia:<\/p>\n<ul>\n<li>Zabezpe\u010dte spr\u00e1vnu in\u0161tal\u00e1ciu a zarovnanie, aby ste predi\u0161li nehod\u00e1m.<\/li>\n<li>Dodr\u017eiavajte n\u00e1vod na obsluhu a bezpe\u010dnostn\u00e9 opatrenia v\u00fdrobcu.<\/li>\n<li>Noste vhodn\u00e9 osobn\u00e9 ochrann\u00e9 prostriedky (OOP), ako s\u00fa rukavice, ochrann\u00e9 okuliare a prilby.<\/li>\n<li>Nepre\u0165a\u017eujte valec vedra a dodr\u017eiavajte jeho maxim\u00e1lny pracovn\u00fd tlak a nosnos\u0165.<\/li>\n<li>Zabezpe\u010dte spr\u00e1vnu \u00fadr\u017ebu, aby ste predi\u0161li nehod\u00e1m.<\/li>\n<\/ul>\n<p><!--Product Bushings and Excavator Models Image--><br \/>\n<img decoding=\"async\" src=\"https:\/\/www.hydraulic-cylinders.net\/wp-content\/uploads\/2025\/01\/songte-bushings-with-all-kinds-of-excavator-models.webp\" alt=\"Obr\u00e1zok puzdier produktu a modelov r\u00fdpadiel\"><\/p>\n<p><!--About Us--><\/p>\n<h2>O n\u00e1s<\/h2>\n<p>Sme popredn\u00fdm v\u00fdrobcom a ve\u013ekoobchodn\u00fdm distrib\u00fatorom hydraulick\u00fdch valcov na dom\u00e1com aj medzin\u00e1rodnom trhu a poskytujeme kompletn\u00fd sortiment produktov z tejto oblasti. V na\u0161ej spolo\u010dnosti sa riadime z\u00e1kladn\u00fdmi hodnotami excelentnosti a kvality a spoliehame sa na industrializovan\u00e9 strat\u00e9gie riadenia v\u00fdroby v prec\u00edzne vyladen\u00fdch v\u00fdrobn\u00fdch diel\u0148ach. Neust\u00e1le vylep\u0161ujeme na\u0161u v\u00fdrobn\u00fa platformu od pou\u017e\u00edvania digit\u00e1lnych \u0161pi\u010dkov\u00fdch v\u00fdrobn\u00fdch zariaden\u00ed, technick\u00fdch talentov a profesion\u00e1lnych testovac\u00edch syst\u00e9mov a\u017e po dokonal\u00e9 v\u00fdrobn\u00e9 linky na dosiahnutie kvality v\u00fdrobkov. S vysokou \u00fa\u010dinnos\u0165ou, vysokou presnos\u0165ou a vysokou kvalitou ako na\u0161imi z\u00e1sadami uspokojujeme rozmanit\u00e9 potreby na\u0161ich z\u00e1kazn\u00edkov.<\/p>\n<p><!--Company Image--><br \/>\n<img decoding=\"async\" src=\"https:\/\/hzpt.com\/wp-content\/uploads\/2024\/11\/songte-company-1.webp\" alt=\"Obr\u00e1zok spolo\u010dnosti\"><\/p>\n<p><!--Company Details--><\/p>\n<h2>\u00dadaje o spolo\u010dnosti<\/h2>\n<ul>\n<li>Profesionalita: Na\u0161a spolo\u010dnos\u0165 m\u00e1 t\u00edm profesion\u00e1lnych odborn\u00edkov, ktor\u00ed dok\u00e1\u017eu z\u00e1kazn\u00edkom poskytn\u00fa\u0165 najprofesion\u00e1lnej\u0161ie slu\u017eby.<\/li>\n<li>Medzin\u00e1rodn\u00e1 certifik\u00e1cia: Na\u0161e v\u00fdrobky pre\u0161li r\u00f4znymi medzin\u00e1rodn\u00fdmi certifik\u00e1ciami, ako napr\u00edklad ISO9001 a CE, \u010do zaru\u010duje kvalitu a bezpe\u010dnos\u0165.<\/li>\n<li>Slu\u017eby prisp\u00f4sobenia: M\u00f4\u017eeme poskytn\u00fa\u0165 slu\u017eby prisp\u00f4soben\u00e9 potreb\u00e1m z\u00e1kazn\u00edka, ako s\u00fa napr\u00edklad prisp\u00f4soben\u00e9 ve\u013ekosti valcov, materi\u00e1ly a funkcie.<\/li>\n<li>Pokro\u010dil\u00e9 v\u00fdrobn\u00e9 zariadenia: Na\u0161a spolo\u010dnos\u0165 m\u00e1 kompletn\u00fa sadu pokro\u010dil\u00fdch zariaden\u00ed na v\u00fdrobu hydraulick\u00fdch valcov, ako s\u00fa CNC s\u00fastruhy, honovacie stroje a automatick\u00e9 zv\u00e1racie stroje.<\/li>\n<li>Popredajn\u00fd servis: Na\u0161a spolo\u010dnos\u0165 poskytuje z\u00e1kazn\u00edkom perfektn\u00fd popredajn\u00fd servis, ako s\u00fa opravy a v\u00fdmena dielov a rekon\u0161truk\u010dn\u00e9 slu\u017eby, \u010d\u00edm zabezpe\u010duje kvalitu produktov a spokojnos\u0165 pou\u017e\u00edvate\u013eov.<\/li>\n<\/ul>\n<p><!--Author--><\/p>\n<p>Autor: lyl<\/p>","protected":false},"excerpt":{"rendered":"<p>Bucket Cylinder For Hyundai Large Excavator R450LC-5 Introduction A bucket cylinder for Hyundai large excavator R450LC-5 is a specialized hydraulic cylinder used to control the bucket&#8217;s movements in heavy machinery such as excavators, backhoes, and front-end loaders. Its main function is to enable the bucket to lift, lower and tilt, making it easier to handle [&hellip;]<\/p>","protected":false},"featured_media":14784,"comment_status":"open","ping_status":"closed","template":"","meta":{"_et_pb_use_builder":"","_et_pb_old_content":"","_et_gb_content_width":""},"product_brand":[],"product_cat":[1494],"product_tag":[1495,1496],"class_list":{"0":"post-15331","1":"product","2":"type-product","3":"status-publish","4":"has-post-thumbnail","6":"product_cat-bucket-cylinders","7":"product_tag-bucket-cylinders","8":"product_tag-hydraulic-cylinders","10":"first","11":"instock","12":"shipping-taxable","13":"product-type-simple"},"amp_enabled":true,"_links":{"self":[{"href":"https:\/\/www.hydraulic-cylinders.net\/sk\/wp-json\/wp\/v2\/product\/15331","targetHints":{"allow":["GET"]}}],"collection":[{"href":"https:\/\/www.hydraulic-cylinders.net\/sk\/wp-json\/wp\/v2\/product"}],"about":[{"href":"https:\/\/www.hydraulic-cylinders.net\/sk\/wp-json\/wp\/v2\/types\/product"}],"replies":[{"embeddable":true,"href":"https:\/\/www.hydraulic-cylinders.net\/sk\/wp-json\/wp\/v2\/comments?post=15331"}],"wp:featuredmedia":[{"embeddable":true,"href":"https:\/\/www.hydraulic-cylinders.net\/sk\/wp-json\/wp\/v2\/media\/14784"}],"wp:attachment":[{"href":"https:\/\/www.hydraulic-cylinders.net\/sk\/wp-json\/wp\/v2\/media?parent=15331"}],"wp:term":[{"taxonomy":"product_brand","embeddable":true,"href":"https:\/\/www.hydraulic-cylinders.net\/sk\/wp-json\/wp\/v2\/product_brand?post=15331"},{"taxonomy":"product_cat","embeddable":true,"href":"https:\/\/www.hydraulic-cylinders.net\/sk\/wp-json\/wp\/v2\/product_cat?post=15331"},{"taxonomy":"product_tag","embeddable":true,"href":"https:\/\/www.hydraulic-cylinders.net\/sk\/wp-json\/wp\/v2\/product_tag?post=15331"}],"curies":[{"name":"pracovn\u00fd list","href":"https:\/\/api.w.org\/{rel}","templated":true}]}}