{"id":15338,"date":"2025-01-19T14:24:17","date_gmt":"2025-01-19T14:24:17","guid":{"rendered":"https:\/\/www.hydraulic-cylinders.net\/product\/bucket-cylinder-for-kobelco-small-excavator-sk70sr-2\/"},"modified":"2025-01-19T14:24:19","modified_gmt":"2025-01-19T14:24:19","slug":"bucket-cylinder-for-kobelco-small-excavator-sk70sr-2","status":"publish","type":"product","link":"https:\/\/www.hydraulic-cylinders.net\/sk\/produkt\/bucket-cylinder-for-kobelco-small-excavator-sk70sr-2\/","title":{"rendered":"Valec vedra pre mal\u00e9 r\u00fdpadlo Kobelco SK70SR-2"},"content":{"rendered":"<p><!DOCTYPE html><br \/>\n<html><br \/>\n<head><br \/>\n<title>Valec vedra pre mal\u00e9 r\u00fdpadlo Kobelco SK70SR-2<\/title><br \/>\n<\/head><br \/>\n<body><\/p>\n<h1>Valec vedra pre mal\u00e9 r\u00fdpadlo Kobelco SK70SR-2<\/h1>\n<h2>\u00davod<\/h2>\n<p>Hydraulick\u00fd valec ly\u017eice pre mal\u00e9 r\u00fdpadlo Kobelco SK70SR-2 je \u0161peci\u00e1lne navrhnut\u00fd hydraulick\u00fd valec pou\u017e\u00edvan\u00fd na ovl\u00e1danie pohybu ly\u017eice v \u0165a\u017ek\u00fdch strojoch, ako s\u00fa r\u00fdpadl\u00e1, r\u00fdpadlo-naklada\u010de a \u010deln\u00e9 naklada\u010de. Jeho hlavnou funkciou je umo\u017eni\u0165 zdv\u00edhanie, sp\u00fa\u0161\u0165anie a nakl\u00e1\u0148anie ly\u017eice, \u010do ju rob\u00ed pohodlnou pri r\u00f4znych \u00faloh\u00e1ch manipul\u00e1cie s materi\u00e1lom. V hydraulickom syst\u00e9me dosahuje valec ly\u017eice presn\u00e9 ovl\u00e1danie ly\u017eice pomocou kol\u00edsania tlaku hydraulick\u00e9ho oleja, \u010do umo\u017e\u0148uje obsluhe efekt\u00edvne manipulova\u0165 s \u0165a\u017ek\u00fdmi bremenami a prisp\u00f4sobi\u0165 sa zlo\u017eit\u00fdm pracovn\u00fdm prostrediam a r\u00f4znorod\u00fdm po\u017eiadavk\u00e1m na pr\u00e1cu.<\/p>\n<p><img decoding=\"async\" src=\"https:\/\/www.hydraulic-cylinders.net\/wp-content\/uploads\/2025\/01\/songte-company-2.webp\" alt=\"Obr\u00e1zok valca vedra\"><\/p>\n<h2>Funkcie<\/h2>\n<ul>\n<li>Vysok\u00e1 pevnos\u0165 a odolnos\u0165: Zvy\u010dajne s\u00fa vyroben\u00e9 z vysokopevnostnej ocele alebo hlin\u00edka, schopn\u00e9 odol\u00e1va\u0165 vysok\u00e9mu tlaku a \u0165a\u017ek\u00e9mu za\u0165a\u017eeniu, prisp\u00f4sobi\u0165 sa n\u00e1ro\u010dn\u00fdm pracovn\u00fdm podmienkam, navrhnut\u00e9 s oh\u013eadom na odolnos\u0165 vo\u010di opotrebovaniu a kor\u00f3zii, \u010d\u00edm sa predl\u017euje \u017eivotnos\u0165.<\/li>\n<li>Efekt\u00edvna hydraulick\u00e1 prev\u00e1dzka: Vyu\u017e\u00edva tlak hydraulick\u00e9ho oleja na dosiahnutie plynul\u00e9ho vys\u00favania a zas\u00favania, dok\u00e1\u017ee r\u00fdchlo reagova\u0165 na ovl\u00e1dacie povely a poskytuje siln\u00e9 tla\u010dn\u00e9 a \u0165a\u017en\u00e9 sily, vhodn\u00e9 na manipul\u00e1ciu s \u0165a\u017ek\u00fdmi bremenami a zlo\u017eit\u00fdmi pracovn\u00fdmi \u00falohami.<\/li>\n<li>R\u00f4zne typy: Pod\u013ea potreby si m\u00f4\u017eete vybra\u0165 medzi jedno\u010dinn\u00fdmi (hydraulicky ovl\u00e1dan\u00e9 iba v jednom smere) alebo dvoj\u010dinn\u00fdmi (hydraulicky ovl\u00e1dan\u00e9 v oboch smeroch) valcami, niektor\u00e9 modely s\u00fa teleskopick\u00e9, \u010do umo\u017e\u0148uje v\u00e4\u010d\u0161ie vysunutie bez zv\u00e4\u010d\u0161enia vonkaj\u0161\u00edch rozmerov, vhodn\u00e9 pre aplik\u00e1cie s obmedzen\u00fdm priestorom.<\/li>\n<li>Dokonal\u00e1 n\u00e1hrada: N\u00e1\u0161 produkt dok\u00e1\u017ee dokonale nahradi\u0165 tieto hydraulick\u00e9 valce.<\/li>\n<\/ul>\n<p><img decoding=\"async\" src=\"https:\/\/www.hydraulic-cylinders.net\/wp-content\/uploads\/2025\/01\/songte-cylinder-head-with-all-kinds-excavator-models.webp\" alt=\"N\u00e1hradn\u00fd obr\u00e1zok\"><\/p>\n<h2>Aplik\u00e1cie<\/h2>\n<h3>Stavebn\u00e9 vybavenie:<\/h3>\n<p>V bagroch s\u00fa nevyhnutn\u00e9 na kopanie, nakladanie a premiest\u0148ovanie zeminy alebo sutiny. V r\u00fdpadlo-naklada\u010doch pom\u00e1ha valec ly\u017eice pri kopan\u00ed aj zdv\u00edhan\u00ed.<\/p>\n<h3>Po\u013enohospod\u00e1rske stroje:<\/h3>\n<p>Pou\u017e\u00edva sa v \u010deln\u00fdch naklada\u010doch na naberanie, zdv\u00edhanie a prepravu p\u00f4dy, sena a in\u00fdch materi\u00e1lov.<\/p>\n<h3>R\u00fdpadl\u00e1:<\/h3>\n<p>Valec ly\u017eice umo\u017e\u0148uje kopanie t\u00fdm, \u017ee umo\u017e\u0148uje ly\u017eici prenikn\u00fa\u0165 do p\u00f4dy.<\/p>\n<h3>Naklada\u010de:<\/h3>\n<p>V \u010deln\u00fdch naklada\u010doch pom\u00e1haj\u00fa pri efekt\u00edvnom zdv\u00edhan\u00ed a nakl\u00e1\u0148an\u00ed tovaru.<\/p>\n<p><img decoding=\"async\" src=\"https:\/\/www.hydraulic-cylinders.net\/wp-content\/uploads\/2025\/01\/songte-oil-pipes-and-spare-parts.webp\" alt=\"Obr\u00e1zok aplik\u00e1ci\u00ed\"><\/p>\n<h2>\u00davahy o dizajne a krit\u00e9ri\u00e1 v\u00fdberu<\/h2>\n<ul>\n<li>\u00danosnos\u0165: Diskutujte o schopnosti valca odol\u00e1va\u0165 za\u0165a\u017eeniu a tlaku.<\/li>\n<li>Tesnenie: Hovorte o r\u00f4znych tesniacich komponentoch, ako s\u00fa tesnenia piestov a tesnenia ty\u010d\u00ed, a o pou\u017eit\u00ed materi\u00e1lov odoln\u00fdch vo\u010di opotrebovaniu, ako je polyuret\u00e1n a nitrilov\u00e1 guma.<\/li>\n<li>Trvanlivos\u0165: Uve\u010fte jemn\u00fa povrchov\u00fa \u00fapravu telesa valca a z\u00e1vitov\u00fdch koncov na zlep\u0161enie odolnosti vo\u010di opotrebovaniu.<\/li>\n<li>Bezpe\u010dnos\u0165: Prediskutujte bezpe\u010dnostn\u00e9 aspekty pri n\u00e1vrhu a zabezpe\u010dte bezpe\u010dn\u00fa prev\u00e1dzku valca.<\/li>\n<li>\u00dadr\u017eba: Zd\u00f4raznite d\u00f4le\u017eitos\u0165 pravidelnej kontroly a prevent\u00edvnej \u00fadr\u017eby pre pred\u013a\u017eenie \u017eivotnosti valca.<\/li>\n<\/ul>\n<p><img decoding=\"async\" src=\"https:\/\/www.hydraulic-cylinders.net\/wp-content\/uploads\/2025\/01\/songte-chushion-collar.webp\" alt=\"Obr\u00e1zok s aspektmi dizajnu\"><\/p>\n<h2>Tesnenie a mazanie<\/h2>\n<p>Valec kor\u010deka vyu\u017e\u00edva r\u00f4zne tesniace komponenty, ako s\u00fa piestne tesnenia a tesnenia ty\u010d\u00ed. Tieto tesnenia s\u00fa vyroben\u00e9 z materi\u00e1lov odoln\u00fdch vo\u010di opotrebovaniu, ako je polyuret\u00e1n a nitrilov\u00fd kau\u010duk. Teleso valca a z\u00e1vitov\u00e9 konce prech\u00e1dzaj\u00fa jemnou povrchovou \u00fapravou na zv\u00fd\u0161enie odolnosti vo\u010di opotrebovaniu. Pravideln\u00e9 mazanie vhodn\u00fdm hydraulick\u00fdm olejom je nevyhnutn\u00e9 na zabezpe\u010denie hladk\u00e9ho chodu a zabr\u00e1nenie opotrebovaniu.<\/p>\n<p><img decoding=\"async\" src=\"https:\/\/www.hydraulic-cylinders.net\/wp-content\/uploads\/2025\/01\/songte-bushings-with-all-kinds-of-excavator-models.webp\" alt=\"Obr\u00e1zok tesnenia a mazania\"><\/p>\n<h2>Kontrola a prevent\u00edvna \u00fadr\u017eba<\/h2>\n<ul>\n<li>Pravideln\u00e1 kontrola: Zd\u00f4raznite d\u00f4le\u017eitos\u0165 pravidelnej kontroly valca, \u010di nevykazuje zn\u00e1mky po\u0161kodenia alebo opotrebovania.<\/li>\n<li>Spr\u00e1vne mazanie: Zd\u00f4raznite potrebu spr\u00e1vneho mazania, aby sa zabezpe\u010dila hladk\u00e1 prev\u00e1dzka a zabr\u00e1nilo sa pred\u010dasn\u00e9mu zlyhaniu.<\/li>\n<li>V\u00fdmena tesnenia: Diskutujte o d\u00f4le\u017eitosti v\u010dasnej v\u00fdmeny tesnenia pre udr\u017eanie optim\u00e1lneho v\u00fdkonu.<\/li>\n<li>Kontrola kalibr\u00e1cie: Zd\u00f4raznite d\u00f4le\u017eitos\u0165 pravideln\u00fdch kontrol kalibr\u00e1cie pre zabezpe\u010denie presnej prev\u00e1dzky.<\/li>\n<\/ul>\n<p><img decoding=\"async\" src=\"https:\/\/hzpt.com\/wp-content\/uploads\/2024\/11\/songte-company-1.webp\" alt=\"Obr\u00e1zok \u00fadr\u017eby\"><\/p>\n<h2>Bezpe\u010dnostn\u00e9 aspekty a faktory prostredia<\/h2>\n<p>Pri pou\u017e\u00edvan\u00ed hydraulick\u00e9ho valca je nevyhnutn\u00e9 dodr\u017eiava\u0165 bezpe\u010dnostn\u00e9 opatrenia, aby sa predi\u0161lo nehod\u00e1m a zabezpe\u010dila sa bezpe\u010dnos\u0165 obsluhy a okolit\u00fdch os\u00f4b. Mali by sa prija\u0165 bezpe\u010dnostn\u00e9 opatrenia, aby sa predi\u0161lo potenci\u00e1lnym nebezpe\u010denstv\u00e1m. Okrem toho by sa mali zv\u00e1\u017ei\u0165 environment\u00e1lne faktory, ako je prevencia \u00faniku a spr\u00e1vna likvid\u00e1cia hydraulick\u00fdch kvapal\u00edn, aby sa minimalizoval ak\u00fdko\u013evek negat\u00edvny vplyv na \u017eivotn\u00e9 prostredie.<\/p>\n<h2>Diagnostika por\u00fach a rie\u0161enie probl\u00e9mov<\/h2>\n<p>Medzi be\u017en\u00e9 poruchy a probl\u00e9my, ktor\u00e9 sa m\u00f4\u017eu vyskytn\u00fa\u0165 s valcom vedra, patria netesnosti, nedostato\u010dn\u00fd v\u00fdkon a abnorm\u00e1lne pohyby. Poskytnite tipy a rie\u0161enia na diagnostiku a rie\u0161enie t\u00fdchto probl\u00e9mov, ako aj prevent\u00edvne opatrenia na minimaliz\u00e1ciu potenci\u00e1lnych probl\u00e9mov.<\/p>\n<p><img decoding=\"async\" src=\"https:\/\/www.hydraulic-cylinders.net\/wp-content\/uploads\/2025\/01\/songte-company-3.webp\" alt=\"Obr\u00e1zok rie\u0161enia probl\u00e9mov\"><\/p>\n<h2>Predstavenie spolo\u010dnosti<\/h2>\n<p>Sme v\u00fdrobcom n\u00e1hradn\u00fdch hydraulick\u00fdch valcov a jedn\u00fdm z popredn\u00fdch v\u00fdrobcov a ve\u013ekoobchodn\u00fdch distrib\u00fatorov na dom\u00e1com aj medzin\u00e1rodnom trhu. Dr\u017e\u00edme sa \u00fasilia o excelentnos\u0165 v kvalite a spoliehame sa na industrializovan\u00fa strat\u00e9giu riadenia v\u00fdroby zalo\u017een\u00fa na jemn\u00fdch v\u00fdrobn\u00fdch diel\u0148ach. V\u010faka vyu\u017eitiu technick\u00fdch talentov, \u0161pi\u010dkov\u00fdch digit\u00e1lnych v\u00fdrobn\u00fdch zariaden\u00ed a profesion\u00e1lnych testovac\u00edch syst\u00e9mov na\u0161a spolo\u010dnos\u0165 neust\u00e1le zlep\u0161uje v\u00fdrobn\u00fa platformu, zdokona\u013euje v\u00fdrobn\u00fa cestu kvality produktov a m\u00e1 siln\u00e9 kreat\u00edvne schopnosti. Sna\u017e\u00edme sa uspokoji\u0165 rozmanit\u00e9 potreby z\u00e1kazn\u00edkov s vysokou efektivitou, presnos\u0165ou a kvalitou.<\/p>\n<p><img decoding=\"async\" src=\"https:\/\/www.hydraulic-cylinders.net\/wp-content\/uploads\/2025\/01\/songte-company-3.webp\" alt=\"Obr\u00e1zok spolo\u010dnosti\"><\/p>\n<p>Od profesionality, medzin\u00e1rodn\u00fdch certifik\u00e1ci\u00ed, slu\u017eieb na mieru, v\u00fdrobn\u00fdch zariaden\u00ed a\u017e po popredajn\u00fd servis, roz\u0161irujeme zavedenie spolo\u010dnosti v r\u00f4znych aspektoch.<\/p>\n<p><em>Autor: lyl<\/em><\/p>\n<p><\/body><br \/>\n<\/html><\/p>","protected":false},"excerpt":{"rendered":"<p>Bucket Cylinder For Kobelco Small Excavator SK70SR-2 Bucket Cylinder For Kobelco Small Excavator SK70SR-2 Introduction The bucket cylinder for Kobelco small excavator SK70SR-2 is a specially designed hydraulic cylinder used for controlling the movement of the bucket in heavy machinery such as excavators, backhoe loaders, and front-end loaders. Its main function is to enable the [&hellip;]<\/p>","protected":false},"featured_media":14769,"comment_status":"open","ping_status":"closed","template":"","meta":{"_et_pb_use_builder":"","_et_pb_old_content":"","_et_gb_content_width":""},"product_brand":[],"product_cat":[1494],"product_tag":[1495,1496],"class_list":{"0":"post-15338","1":"product","2":"type-product","3":"status-publish","4":"has-post-thumbnail","6":"product_cat-bucket-cylinders","7":"product_tag-bucket-cylinders","8":"product_tag-hydraulic-cylinders","10":"first","11":"instock","12":"shipping-taxable","13":"product-type-simple"},"amp_enabled":true,"_links":{"self":[{"href":"https:\/\/www.hydraulic-cylinders.net\/sk\/wp-json\/wp\/v2\/product\/15338","targetHints":{"allow":["GET"]}}],"collection":[{"href":"https:\/\/www.hydraulic-cylinders.net\/sk\/wp-json\/wp\/v2\/product"}],"about":[{"href":"https:\/\/www.hydraulic-cylinders.net\/sk\/wp-json\/wp\/v2\/types\/product"}],"replies":[{"embeddable":true,"href":"https:\/\/www.hydraulic-cylinders.net\/sk\/wp-json\/wp\/v2\/comments?post=15338"}],"wp:featuredmedia":[{"embeddable":true,"href":"https:\/\/www.hydraulic-cylinders.net\/sk\/wp-json\/wp\/v2\/media\/14769"}],"wp:attachment":[{"href":"https:\/\/www.hydraulic-cylinders.net\/sk\/wp-json\/wp\/v2\/media?parent=15338"}],"wp:term":[{"taxonomy":"product_brand","embeddable":true,"href":"https:\/\/www.hydraulic-cylinders.net\/sk\/wp-json\/wp\/v2\/product_brand?post=15338"},{"taxonomy":"product_cat","embeddable":true,"href":"https:\/\/www.hydraulic-cylinders.net\/sk\/wp-json\/wp\/v2\/product_cat?post=15338"},{"taxonomy":"product_tag","embeddable":true,"href":"https:\/\/www.hydraulic-cylinders.net\/sk\/wp-json\/wp\/v2\/product_tag?post=15338"}],"curies":[{"name":"pracovn\u00fd list","href":"https:\/\/api.w.org\/{rel}","templated":true}]}}