{"id":1534,"date":"2023-09-28T03:59:02","date_gmt":"2023-09-28T03:59:02","guid":{"rendered":"https:\/\/hydraulic-cylinders.net\/?post_type=product&#038;p=1534"},"modified":"2025-04-14T01:11:44","modified_gmt":"2025-04-14T01:11:44","slug":"aerial-work-platform-telescopic-cylinder","status":"publish","type":"product","link":"https:\/\/www.hydraulic-cylinders.net\/sk\/produkt\/aerial-work-platform-telescopic-cylinder\/","title":{"rendered":"Teleskopick\u00fd valec pre pracovn\u00e9 plo\u0161iny"},"content":{"rendered":"<h1 style=\"text-align: center;\"><strong>Teleskopick\u00fd valec pre pracovn\u00e9 plo\u0161iny<\/strong><\/h1>\n<p><img loading=\"lazy\" decoding=\"async\" class=\"wp-image-1535 aligncenter\" src=\"https:\/\/hydraulic-cylinders.net\/wp-content\/uploads\/2023\/09\/telescopic-cylinder-1-300x300.webp\" alt=\"\" width=\"400\" height=\"400\" \/>Teleskopick\u00fd valec pre pracovn\u00e9 plo\u0161iny je v\u00fdkonn\u00fd a d\u00f4le\u017eit\u00fd komponent pracovn\u00fdch plo\u0161\u00edn, navrhnut\u00fd tak, aby poskytoval dlh\u0161\u00ed dosah a zv\u00fd\u0161en\u00fa v\u0161estrannos\u0165 vo vyv\u00fd\u0161en\u00fdch pracovn\u00fdch prostrediach. Tento inovat\u00edvny hydraulick\u00fd valec umo\u017e\u0148uje teleskopick\u00fd pohyb plo\u0161iny, \u010do obsluhe umo\u017e\u0148uje \u013eahk\u00fd a presn\u00fd pr\u00edstup do vyv\u00fd\u0161en\u00fdch priestorov.<\/p>\n<p>Teleskopick\u00fd valec pre pracovn\u00fa plo\u0161inu predstavuje prelomov\u00fa vo\u013ebu v oblasti vyv\u00fd\u0161en\u00fdch pracovn\u00fdch plo\u0161\u00edn, preto\u017ee poskytuje pred\u013a\u017een\u00fd dosah a zv\u00fd\u0161en\u00fa v\u0161estrannos\u0165. V\u010faka svojim pozoruhodn\u00fdm vlastnostiam, vr\u00e1tane pred\u013a\u017een\u00e9ho dosahu, plynul\u00e9ho teleskopick\u00e9ho pohybu, vysokej nosnosti a kompaktn\u00e9ho dizajnu, umo\u017e\u0148uje tento valec obsluhe efekt\u00edvne a s istotou zvl\u00e1da\u0165 \u00falohy vo v\u00fd\u0161k\u00e1ch. Dodr\u017eiavan\u00edm odpor\u00fa\u010dan\u00fdch met\u00f3d pou\u017e\u00edvania a postupov \u00fadr\u017eby m\u00f4\u017eu obsluha maximalizova\u0165 \u017eivotnos\u0165 a v\u00fdkon teleskopick\u00e9ho valca pre pracovn\u00fa plo\u0161inu, \u010do vedie k zv\u00fd\u0161enej produktivite, skr\u00e1teniu prestojov a zv\u00fd\u0161enej bezpe\u010dnosti pri pr\u00e1ci vo v\u00fd\u0161k\u00e1ch. Investujte do tohto \u0161pi\u010dkov\u00e9ho hydraulick\u00e9ho komponentu, aby ste pozdvihli mo\u017enosti svojej pracovnej plo\u0161iny a posunuli svoju pr\u00e1cu vo v\u00fd\u0161k\u00e1ch na nov\u00fa \u00farove\u0148 \u00faspechu.<\/p>\n<p>K\u013e\u00fa\u010dov\u00e9 vlastnosti teleskopick\u00e9ho valca pre pracovn\u00fa plo\u0161inu:<\/p>\n<ol>\n<li>Mo\u017enos\u0165 roz\u0161\u00edren\u00e9ho dosahu:<\/li>\n<\/ol>\n<ul>\n<li>Teleskopick\u00fd valec plo\u0161iny sa m\u00f4\u017ee pochv\u00e1li\u0165 p\u00f4sobiv\u00fdm v\u00fdsuvn\u00fdm dosahom, ktor\u00fd umo\u017e\u0148uje obsluhe bez n\u00e1mahy dosiahnu\u0165 v\u00e4\u010d\u0161ie v\u00fd\u0161ky a vzdialenosti.<\/li>\n<li>Poskytuje flexibilitu a prisp\u00f4sobivos\u0165, \u010do umo\u017e\u0148uje pracovn\u00edkom pr\u00edstup do n\u00e1ro\u010dn\u00fdch oblast\u00ed a efekt\u00edvne plni\u0165 \u00falohy.<\/li>\n<\/ul>\n<ol start=\"2\">\n<li>Plynul\u00fd teleskopick\u00fd pohyb:<\/li>\n<\/ol>\n<ul>\n<li>Tento valec zais\u0165uje plynul\u00fd a kontrolovan\u00fd teleskopick\u00fd pohyb, \u010do umo\u017e\u0148uje presn\u00e9 polohovanie pracovnej plo\u0161iny.<\/li>\n<li>Pon\u00faka stabiln\u00e9 a stabiln\u00e9 vys\u00favanie a zas\u00favanie, \u010d\u00edm zais\u0165uje bezpe\u010dn\u00e9 pracovn\u00e9 prostredie v r\u00f4znych v\u00fd\u0161kach.<\/li>\n<\/ul>\n<ol start=\"3\">\n<li>Vysok\u00e1 nosnos\u0165:<\/li>\n<\/ol>\n<ul>\n<li>Teleskopick\u00fd valec pre pracovn\u00fa plo\u0161inu je navrhnut\u00fd na manipul\u00e1ciu s \u0165a\u017ek\u00fdmi bremenami a m\u00e1 robustn\u00fa kon\u0161trukciu, ktor\u00e1 unesie zna\u010dn\u00e9 u\u017eito\u010dn\u00e9 za\u0165a\u017eenie.<\/li>\n<li>Umo\u017e\u0148uje oper\u00e1torom prepravova\u0165 na plo\u0161ine viacero pracovn\u00edkov, n\u00e1strojov a zariaden\u00ed bez toho, aby bola ohrozen\u00e1 stabilita alebo bezpe\u010dnos\u0165.<\/li>\n<\/ul>\n<ol start=\"4\">\n<li>Kompaktn\u00fd dizajn:<\/li>\n<\/ol>\n<ul>\n<li>V\u010faka kompaktn\u00e9mu dizajnu tento valec optimalizuje priestor na pracovnej plo\u0161ine a zabezpe\u010duje minim\u00e1lny vplyv na celkov\u00fa hmotnos\u0165 a zastavan\u00fa plochu.<\/li>\n<li>Kompaktnos\u0165 valca umo\u017e\u0148uje vynikaj\u00facu man\u00e9vrovate\u013enos\u0165 a jednoduch\u00fa prepravu.<\/li>\n<\/ul>\n<h2><strong>Parameter teleskopick\u00e9ho valca plo\u0161iny pre pracovn\u00e9 plo\u0161iny:<\/strong><\/h2>\n<table border=\"1\" cellspacing=\"0\" cellpadding=\"0\">\n<tbody>\n<tr>\n<td>N\u00e1zov produktu<\/td>\n<td>Teleskopick\u00fd valec pre pracovn\u00e9 plo\u0161iny<\/td>\n<\/tr>\n<tr>\n<td>Vlastnosti:<\/td>\n<td>Realizujte line\u00e1rny teleskopick\u00fd pohyb ramena<\/td>\n<\/tr>\n<tr>\n<td>Priemer otvoru:<\/td>\n<td>45 mm\uff5e200 mm<\/td>\n<\/tr>\n<tr>\n<td>Priemer ty\u010de:<\/td>\n<td>32 mm\uff5e180 mm<br \/>\nZdvih \u2264 15 000 mm<\/td>\n<\/tr>\n<tr>\n<td>Tlak\uff1a<\/td>\n<td>30 MPa (maxim\u00e1lny tlak)<\/td>\n<\/tr>\n<tr>\n<td>Aplik\u00e1cie teleskopick\u00e9ho valca:<\/td>\n<td>Letov\u00e1 pracovn\u00e1 plo\u0161ina<\/td>\n<\/tr>\n<\/tbody>\n<\/table>\n<h2><strong>Sch\u00e9ma identifik\u00e1cie plo\u0161iny pre pr\u00e1cu na plo\u0161ine:<\/strong><\/h2>\n<p><img loading=\"lazy\" decoding=\"async\" class=\"alignnone wp-image-1517 size-full\" src=\"https:\/\/hydraulic-cylinders.net\/wp-content\/uploads\/2023\/09\/aerial-work-platform-cylinder-construct.webp\" alt=\"\" width=\"600\" height=\"400\" srcset=\"https:\/\/hydraulic-cylinders.net\/wp-content\/uploads\/2023\/09\/aerial-work-platform-cylinder-construct.webp 600w, https:\/\/hydraulic-cylinders.net\/wp-content\/uploads\/2023\/09\/aerial-work-platform-cylinder-construct-480x320.webp 480w\" sizes=\"(min-width: 0px) and (max-width: 480px) 480px, (min-width: 481px) 600px, 100vw\" \/><\/p>\n<h2><strong>Met\u00f3da pou\u017eitia teleskopick\u00e9ho valca pre pracovn\u00fa plo\u0161inu<\/strong><strong>:<\/strong><\/h2>\n<ol>\n<li><strong>In\u0161tal\u00e1cia valca:<\/strong><\/li>\n<\/ol>\n<ul>\n<li>Pri spr\u00e1vnej in\u0161tal\u00e1cii vykl\u00e1pacieho valca pracovnej plo\u0161iny dodr\u017eiavajte pokyny v\u00fdrobcu.<\/li>\n<li>Uistite sa, \u017ee valec je bezpe\u010dne namontovan\u00fd na kon\u0161trukciu pracovnej plo\u0161iny a zabezpe\u010d\u00ed stabiln\u00e9 a spo\u013eahliv\u00e9 spojenie.<\/li>\n<\/ul>\n<ol start=\"2\">\n<li><strong>Hydraulick\u00e9 pripojenie:<\/strong><\/li>\n<\/ol>\n<ul>\n<li>Pripojte valec k hydraulick\u00e9mu syst\u00e9mu pracovnej plo\u0161iny pod\u013ea poskytnut\u00fdch pokynov.<\/li>\n<li>Uistite sa, \u017ee v\u0161etky hydraulick\u00e9 pripojenia s\u00fa bezpe\u010dn\u00e9 a spr\u00e1vne utesnen\u00e9, aby sa predi\u0161lo \u00fanikom alebo strate hydraulickej kvapaliny.<\/li>\n<\/ul>\n<ol start=\"3\">\n<li><strong>Aktiv\u00e1cia ovl\u00e1dania:<\/strong><\/li>\n<\/ol>\n<ul>\n<li>Na aktiv\u00e1ciu vykl\u00e1pacieho valca plo\u0161iny pou\u017eite ovl\u00e1dac\u00ed panel alebo rozhranie plo\u0161iny.<\/li>\n<li>Na zdvihnutie alebo spustenie plo\u0161iny do po\u017eadovanej v\u00fd\u0161ky dodr\u017eiavajte odpor\u00fa\u010dan\u00e9 prev\u00e1dzkov\u00e9 postupy.<\/li>\n<\/ul>\n<ol start=\"4\">\n<li><strong>Bezpe\u010dnostn\u00e9 opatrenia:<\/strong><\/li>\n<\/ol>\n<ul>\n<li>Pred obsluhou pracovnej plo\u0161iny sa obozn\u00e1mte s bezpe\u010dnostn\u00fdmi prvkami a n\u00fadzov\u00fdmi postupmi.<\/li>\n<li>Zabezpe\u010dte, aby v\u0161etci oper\u00e1tori absolvovali riadne \u0161kolenie o bezpe\u010dnej obsluhe plo\u0161iny a zdv\u00edhacieho valca plo\u0161iny.<\/li>\n<\/ul>\n<h2><strong>Ak\u00fd hydraulick\u00fd z\u00e1kon pou\u017e\u00edva brzdov\u00fd syst\u00e9m?<\/strong><\/h2>\n<p>Brzdov\u00fd syst\u00e9m vo vozidl\u00e1ch zvy\u010dajne vyu\u017e\u00edva Pascalov hydraulick\u00fd z\u00e1kon. Pascalov z\u00e1kon hovor\u00ed, \u017ee ke\u010f je na kvapalinu v uzavretom syst\u00e9me p\u00f4soben\u00fd tlak, tlak sa pren\u00e1\u0161a rovnomerne vo v\u0161etk\u00fdch smeroch.<\/p>\n<p>V pr\u00edpade hydraulick\u00e9ho brzdov\u00e9ho syst\u00e9mu, ke\u010f je stla\u010den\u00fd brzdov\u00fd ped\u00e1l, p\u00f4sob\u00ed sila na hlavn\u00fd brzdov\u00fd valec, ktor\u00fd obsahuje hydraulick\u00fa kvapalinu. Sila p\u00f4sobiaca na kvapalinu vytv\u00e1ra tlak, ktor\u00fd sa rovnomerne pren\u00e1\u0161a v celom brzdovom syst\u00e9me.<\/p>\n<p>Tento tlak sa potom pren\u00e1\u0161a na brzdov\u00e9 \u010de\u013euste alebo valce kolies, v z\u00e1vislosti od typu brzdov\u00e9ho syst\u00e9mu, ktor\u00e9 sa nach\u00e1dzaj\u00fa na ka\u017edom kolese. Tlak sp\u00f4sobuje aktiv\u00e1ciu \u010de\u013eust\u00ed alebo valcov, \u010do n\u00e1sledne pritla\u010d\u00ed brzdov\u00e9 do\u0161ti\u010dky alebo \u010de\u013euste k brzdov\u00fdm rotorom alebo bubnom, \u010d\u00edm sa vytvor\u00ed trenie a spomal\u00ed alebo zastav\u00ed vozidlo.<\/p>\n<p>Pascalov z\u00e1kon zabezpe\u010duje, \u017ee sila p\u00f4sobiaca na brzdov\u00fd ped\u00e1l sa zn\u00e1sob\u00ed a prenesie rovnomerne na v\u0161etky brzdy v syst\u00e9me bez oh\u013eadu na ich umiestnenie. To umo\u017e\u0148uje konzistentn\u00fd brzdn\u00fd v\u00fdkon na v\u0161etk\u00fdch koles\u00e1ch a zais\u0165uje \u00fa\u010dinn\u00e9 brzdenie aj v zlo\u017eit\u00fdch hydraulick\u00fdch brzdov\u00fdch syst\u00e9moch.<\/p>\n<p>Stoj\u00ed za zmienku, \u017ee v niektor\u00fdch pokro\u010dil\u00fdch brzdov\u00fdch syst\u00e9moch sa na optimaliz\u00e1ciu brzdn\u00e9ho v\u00fdkonu, stability a ovl\u00e1dania m\u00f4\u017eu pou\u017ei\u0165 aj \u010fal\u0161ie princ\u00edpy hydrauliky, ako napr\u00edklad Bernoulliho princ\u00edp alebo princ\u00edp dynamiky tekut\u00edn. Pascalov z\u00e1kon v\u0161ak zost\u00e1va z\u00e1kladom z\u00e1kladnej \u010dinnosti hydraulick\u00fdch brzdov\u00fdch syst\u00e9mov.<\/p>\n<h2><strong>Schopnos\u0165 a kapacita tov\u00e1rne:<\/strong><\/h2>\n<h3>(1) Mont\u00e1\u017e<\/h3>\n<p>Disponujeme prvotriednou nez\u00e1vislou v\u00fdskumnou a v\u00fdvojovou mont\u00e1\u017enou platformou. Diel\u0148a na v\u00fdrobu hydraulick\u00fdch valcov m\u00e1 \u0161tyri poloautomatick\u00e9 mont\u00e1\u017ene linky zdv\u00edhac\u00edch valcov a jednu automatick\u00fa mont\u00e1\u017enu linku nakl\u00e1pac\u00edch valcov s projektovanou ro\u010dnou v\u00fdrobnou kapacitou 1 mili\u00f3n kusov. Diel\u0148a na v\u00fdrobu \u0161peci\u00e1lnych valcov je vybaven\u00e1 r\u00f4znymi \u0161pecifik\u00e1ciami poloautomatick\u00e9ho syst\u00e9mu \u010distenia a mont\u00e1\u017ee s projektovanou ro\u010dnou v\u00fdrobnou kapacitou 200 000 kusov a je vybaven\u00e1 zn\u00e1mym CNC obr\u00e1bac\u00edm zariaden\u00edm, obr\u00e1bac\u00edm centrom, \u0161peci\u00e1lnym zariaden\u00edm na vysoko presn\u00e9 spracovanie valcov, robotick\u00fdm zv\u00e1rac\u00edm strojom, automatick\u00fdm \u010distiacim strojom, automatick\u00fdm mont\u00e1\u017enym strojom valcov a automatickou lakovacou v\u00fdrobnou linkou. Existuj\u00face kritick\u00e9 zariadenia maj\u00fa viac ako 300 s\u00faprav (s\u00e1d). Optim\u00e1lne alokovanie a efekt\u00edvne vyu\u017e\u00edvanie zdrojov zariaden\u00ed zabezpe\u010duje po\u017eiadavky na presnos\u0165 v\u00fdrobkov a sp\u013a\u0148a po\u017eiadavky na vysok\u00fa kvalitu v\u00fdrobkov.<\/p>\n<p><img loading=\"lazy\" decoding=\"async\" class=\"alignnone wp-image-626\" src=\"https:\/\/hydraulic-cylinders.net\/wp-content\/uploads\/2023\/08\/hydraulic-cylinder-product-1-300x158.webp\" alt=\"\" width=\"495\" height=\"260\" srcset=\"https:\/\/hydraulic-cylinders.net\/wp-content\/uploads\/2023\/08\/hydraulic-cylinder-product-1-300x158.webp 495w, https:\/\/hydraulic-cylinders.net\/wp-content\/uploads\/2023\/08\/hydraulic-cylinder-product-1-480x252.webp 480w\" sizes=\"(min-width: 0px) and (max-width: 480px) 480px, (min-width: 481px) 495px, 100vw\" \/> <img loading=\"lazy\" decoding=\"async\" class=\"alignnone wp-image-627\" src=\"https:\/\/hydraulic-cylinders.net\/wp-content\/uploads\/2023\/08\/hydraulic-cylinder-product-2-300x189.webp\" alt=\"\" width=\"413\" height=\"260\" \/><\/p>\n<h3>(2) Obr\u00e1banie<\/h3>\n<p>Obr\u00e1bacia diel\u0148a je vybaven\u00e1 prisp\u00f4soben\u00fdm s\u00fastru\u017en\u00edckym centrom na \u0161ikm\u00e9 ko\u013eajnice, obr\u00e1bac\u00edm centrom, vysokor\u00fdchlostn\u00fdm honovac\u00edm strojom, zv\u00e1rac\u00edm robotom a \u010fal\u0161\u00edm s\u00favisiacim zariaden\u00edm, ktor\u00e9 dok\u00e1\u017ee spracova\u0165 valcov\u00e9 r\u00fary s maxim\u00e1lnym vn\u00fatorn\u00fdm priemerom 400 mm a maxim\u00e1lnou d\u013a\u017ekou 6 metrov.<\/p>\n<p><img loading=\"lazy\" decoding=\"async\" class=\"alignnone wp-image-628 size-large\" src=\"https:\/\/hydraulic-cylinders.net\/wp-content\/uploads\/2023\/08\/hydraulic-cylinder-product-3-1024x391.webp\" alt=\"\" width=\"1024\" height=\"391\" srcset=\"https:\/\/hydraulic-cylinders.net\/wp-content\/uploads\/2023\/08\/hydraulic-cylinder-product-3-980x374.webp 980w, https:\/\/hydraulic-cylinders.net\/wp-content\/uploads\/2023\/08\/hydraulic-cylinder-product-3-480x183.webp 480w\" sizes=\"(min-width: 0px) and (max-width: 480px) 480px, (min-width: 481px) and (max-width: 980px) 980px, (min-width: 981px) 1024px, 100vw\" \/><\/p>\n<h3>(3) Zv\u00e1ranie<\/h3>\n<p><img loading=\"lazy\" decoding=\"async\" class=\"alignnone wp-image-629 size-large\" src=\"https:\/\/hydraulic-cylinders.net\/wp-content\/uploads\/2023\/08\/hydraulic-cylinder-product-4-1024x510.webp\" alt=\"\" width=\"1024\" height=\"510\" srcset=\"https:\/\/hydraulic-cylinders.net\/wp-content\/uploads\/2023\/08\/hydraulic-cylinder-product-4-980x488.webp 980w, https:\/\/hydraulic-cylinders.net\/wp-content\/uploads\/2023\/08\/hydraulic-cylinder-product-4-480x239.webp 480w\" sizes=\"(min-width: 0px) and (max-width: 480px) 480px, (min-width: 481px) and (max-width: 980px) 980px, (min-width: 981px) 1024px, 100vw\" \/><\/p>\n<h3>(4) Ma\u013eovanie a natieranie<\/h3>\n<p>S mal\u00fdmi a stredne ve\u013ek\u00fdmi valcov\u00fdmi automatick\u00fdmi linkami na nan\u00e1\u0161anie farieb na vodnej b\u00e1ze, na dosiahnutie automatick\u00e9ho nakladania a vykladania robotmi a automatick\u00e9ho striekania, je projektovan\u00e1 kapacita 4000 kusov za smenu;<br \/>\nM\u00e1me tie\u017e poloautomatick\u00fa linku na v\u00fdrobu farieb pre ve\u013ek\u00e9 valce poh\u00e1\u0148an\u00e9 re\u0165azou s projektovanou kapacitou 60 kusov za smenu.<\/p>\n<p><img loading=\"lazy\" decoding=\"async\" class=\"alignnone wp-image-630\" src=\"https:\/\/hydraulic-cylinders.net\/wp-content\/uploads\/2023\/08\/hydraulic-cylinder-product-5-300x213.webp\" alt=\"\" width=\"366\" height=\"260\" \/> <img loading=\"lazy\" decoding=\"async\" class=\"alignnone wp-image-631\" src=\"https:\/\/hydraulic-cylinders.net\/wp-content\/uploads\/2023\/08\/hydraulic-cylinder-product-6-300x225.webp\" alt=\"\" width=\"347\" height=\"260\" \/><\/p>\n<h3>(5) Testovanie<\/h3>\n<p>Disponujeme prvotriednymi kontroln\u00fdmi zariadeniami a sk\u00fa\u0161obn\u00fdmi zariadeniami, ktor\u00e9 zabezpe\u010duj\u00fa, \u017ee v\u00fdkonnos\u0165 valca sp\u013a\u0148a po\u017eiadavky.<\/p>\n<p><img loading=\"lazy\" decoding=\"async\" class=\"alignnone wp-image-632\" src=\"https:\/\/hydraulic-cylinders.net\/wp-content\/uploads\/2023\/08\/hydraulic-cylinder-product-8-300x200.webp\" alt=\"\" width=\"389\" height=\"260\" \/><\/p>\n<p>&nbsp;<\/p>\n<p>&nbsp;<\/p>\n<p>Sme jedn\u00fdm z najlep\u0161\u00edch v\u00fdrobcov hydraulick\u00fdch valcov. Pon\u00fakame komplexn\u00e9 hydraulick\u00e9 valce. Poskytujeme aj zodpovedaj\u00face <a href=\"https:\/\/hzpt.com\/agricultural-pto-gearbox\/\" target=\"_blank\" rel=\"noopener\">po\u013enohospod\u00e1rske prevodovky<\/a>Na\u0161e produkty sme vyv\u00e1\u017eali klientom po celom svete a v\u010faka vynikaj\u00facej kvalite produktov a popredajn\u00e9mu servisu sme si z\u00edskali dobr\u00fa reput\u00e1ciu. V\u00edtame z\u00e1kazn\u00edkov doma aj v zahrani\u010d\u00ed, ktor\u00ed n\u00e1s kontaktuj\u00fa za \u00fa\u010delom rokovania o obchodn\u00fdch z\u00e1le\u017eitostiach, v\u00fdmeny inform\u00e1ci\u00ed a <a href=\"https:\/\/www.hydraulic-cylinders.net\/sk\/contact-us\/\">spolupracova\u0165 s nami<\/a>!<\/p>","protected":false},"excerpt":{"rendered":"<p>Aerial Work Platform Telescopic Cylinder The aerial work platform telescopic cylinder is a powerful and essential component in aerial work platforms, designed to provide extended reach and enhanced versatility in elevated work environments. This innovative hydraulic cylinder enables the telescopic movement of the platform, allowing operators to access elevated areas with ease and precision. The [&hellip;]<\/p>","protected":false},"featured_media":1536,"comment_status":"open","ping_status":"closed","template":"","meta":{"_et_pb_use_builder":"","_et_pb_old_content":"","_et_gb_content_width":""},"product_brand":[],"product_cat":[1500,1550,1393],"product_tag":[1380],"class_list":{"0":"post-1534","1":"product","2":"type-product","3":"status-publish","4":"has-post-thumbnail","6":"product_cat-aerial-work-vehicle-hydraulic-cylinder","7":"product_cat-double-acting-hydraulic-cylinder","8":"product_cat-telescopic-hydraulic-cylinder","9":"product_tag-hydraulic-cylinder","11":"first","12":"instock","13":"shipping-taxable","14":"product-type-simple"},"amp_enabled":true,"_links":{"self":[{"href":"https:\/\/www.hydraulic-cylinders.net\/sk\/wp-json\/wp\/v2\/product\/1534","targetHints":{"allow":["GET"]}}],"collection":[{"href":"https:\/\/www.hydraulic-cylinders.net\/sk\/wp-json\/wp\/v2\/product"}],"about":[{"href":"https:\/\/www.hydraulic-cylinders.net\/sk\/wp-json\/wp\/v2\/types\/product"}],"replies":[{"embeddable":true,"href":"https:\/\/www.hydraulic-cylinders.net\/sk\/wp-json\/wp\/v2\/comments?post=1534"}],"wp:featuredmedia":[{"embeddable":true,"href":"https:\/\/www.hydraulic-cylinders.net\/sk\/wp-json\/wp\/v2\/media\/1536"}],"wp:attachment":[{"href":"https:\/\/www.hydraulic-cylinders.net\/sk\/wp-json\/wp\/v2\/media?parent=1534"}],"wp:term":[{"taxonomy":"product_brand","embeddable":true,"href":"https:\/\/www.hydraulic-cylinders.net\/sk\/wp-json\/wp\/v2\/product_brand?post=1534"},{"taxonomy":"product_cat","embeddable":true,"href":"https:\/\/www.hydraulic-cylinders.net\/sk\/wp-json\/wp\/v2\/product_cat?post=1534"},{"taxonomy":"product_tag","embeddable":true,"href":"https:\/\/www.hydraulic-cylinders.net\/sk\/wp-json\/wp\/v2\/product_tag?post=1534"}],"curies":[{"name":"pracovn\u00fd list","href":"https:\/\/api.w.org\/{rel}","templated":true}]}}