{"id":15342,"date":"2025-01-19T14:24:34","date_gmt":"2025-01-19T14:24:34","guid":{"rendered":"https:\/\/www.hydraulic-cylinders.net\/product\/bucket-cylinder-for-kobelco-small-excavator-sk45\/"},"modified":"2025-01-19T14:24:36","modified_gmt":"2025-01-19T14:24:36","slug":"bucket-cylinder-for-kobelco-small-excavator-sk45","status":"publish","type":"product","link":"https:\/\/www.hydraulic-cylinders.net\/sk\/produkt\/bucket-cylinder-for-kobelco-small-excavator-sk45\/","title":{"rendered":"Valec vedra pre mal\u00e9 r\u00fdpadlo Kobelco SK45"},"content":{"rendered":"<h1>Valec vedra pre mal\u00e9 r\u00fdpadlo Kobelco SK45<\/h1>\n<h2>\u00davod<\/h2>\n<p>Hydraulick\u00fd valec ly\u017eice pre mal\u00e9 r\u00fdpadlo Kobelco SK45 je \u0161pecializovan\u00fd hydraulick\u00fd valec pou\u017e\u00edvan\u00fd na ovl\u00e1danie pohybu ly\u017eice v \u0165a\u017ek\u00fdch strojoch, ako s\u00fa r\u00fdpadl\u00e1, r\u00fdpadlo-naklada\u010de a \u010deln\u00e9 naklada\u010de. Jeho hlavnou funkciou je zdv\u00edhanie, sp\u00fa\u0161\u0165anie a nakl\u00e1\u0148anie ly\u017eice, \u010do u\u013eah\u010duje vykon\u00e1vanie r\u00f4znych \u00faloh manipul\u00e1cie s materi\u00e1lom. V hydraulickom syst\u00e9me valec ly\u017eice riadi presn\u00fd pohyb ly\u017eice pomocou tlaku hydraulick\u00e9ho oleja, \u010do umo\u017e\u0148uje obsluhe efekt\u00edvne manipulova\u0165 s \u0165a\u017ek\u00fdmi bremenami a prisp\u00f4sobi\u0165 sa zlo\u017eit\u00fdm pracovn\u00fdm prostrediam a r\u00f4znorod\u00fdm po\u017eiadavk\u00e1m na pr\u00e1cu.<\/p>\n<p><img decoding=\"async\" src=\"https:\/\/www.hydraulic-cylinders.net\/wp-content\/uploads\/2025\/01\/songte-company-2.webp\"><\/p>\n<h2>Funkcie<\/h2>\n<ul>\n<li>Vysok\u00e1 pevnos\u0165 a odolnos\u0165: Zvy\u010dajne je vyroben\u00fd z vysokopevnostnej ocele alebo hlin\u00edka, odol\u00e1 vysok\u00e9mu tlaku a \u0165a\u017ek\u00fdm za\u0165a\u017eeniam, \u010d\u00edm sa prisp\u00f4sob\u00ed n\u00e1ro\u010dn\u00fdm pracovn\u00fdm podmienkam. Je navrhnut\u00fd s oh\u013eadom na odolnos\u0165 vo\u010di opotrebovaniu a kor\u00f3zii, \u010d\u00edm sa predl\u017euje jeho \u017eivotnos\u0165.<\/li>\n<li>Efekt\u00edvna hydraulick\u00e1 prev\u00e1dzka: Plynul\u00e9 vys\u00favanie a zas\u00favanie sa dosahuje pomocou tlaku hydraulick\u00e9ho oleja, \u010do umo\u017e\u0148uje r\u00fdchlu reakciu na ovl\u00e1dacie povely a poskytuje siln\u00e9 tla\u010dn\u00e9 a \u0165a\u017en\u00e9 sily, vhodn\u00e9 na manipul\u00e1ciu s \u0165a\u017ek\u00fdmi bremenami a zlo\u017eit\u00fdmi \u00falohami.<\/li>\n<li>R\u00f4zne typy: Jedno\u010dinn\u00e9 (hydraulicky ovl\u00e1dan\u00e9 iba v jednom smere) alebo dvoj\u010dinn\u00e9 (hydraulicky ovl\u00e1dan\u00e9 v oboch smeroch) valce je mo\u017en\u00e9 vybra\u0165 pod\u013ea po\u017eiadaviek, aby sa splnili r\u00f4zne prev\u00e1dzkov\u00e9 potreby. Niektor\u00e9 modely s\u00fa teleskopick\u00e9, \u010do umo\u017e\u0148uje v\u00e4\u010d\u0161ie vysunutie bez zv\u00e4\u010d\u0161enia vonkaj\u0161\u00edch rozmerov, vhodn\u00e9 pre aplik\u00e1cie s obmedzen\u00fdm priestorom.<\/li>\n<li>Dokonal\u00e1 n\u00e1hrada: Na\u0161e produkty dok\u00e1\u017eu dokonale nahradi\u0165 tieto hydraulick\u00e9 valce.<\/li>\n<\/ul>\n<p><img decoding=\"async\" src=\"https:\/\/www.hydraulic-cylinders.net\/wp-content\/uploads\/2025\/01\/songte-cylinder-head-with-all-kinds-excavator-models.webp\"><\/p>\n<h2>Aplik\u00e1cie<\/h2>\n<p>Valec vedra pre mal\u00e9 r\u00fdpadlo Kobelco SK45 sa \u0161iroko pou\u017e\u00edva v r\u00f4znych \u0165a\u017ek\u00fdch strojoch, ako napr\u00edklad:<\/p>\n<ul>\n<li>Stavebn\u00e9 zariadenia: Pre r\u00fdpadl\u00e1 je nevyhnutn\u00e9 kopa\u0165, naklada\u0165 a premiest\u0148ova\u0165 zeminu alebo sutiny. V r\u00fdpadlo-naklada\u010doch pom\u00e1ha valec ly\u017eice pri kopan\u00ed aj zdv\u00edhan\u00ed. <\/li>\n<li>Po\u013enohospod\u00e1rske stroje: Pou\u017e\u00edvaj\u00fa sa v \u010deln\u00fdch naklada\u010doch na naberanie, zdv\u00edhanie a prepravu p\u00f4dy, sena a in\u00fdch materi\u00e1lov. V r\u00fdpadl\u00e1ch umo\u017e\u0148uje valec ly\u017eice kopanie t\u00fdm, \u017ee umo\u017e\u0148uje ly\u017eici prenikn\u00fa\u0165 do p\u00f4dy. V \u010deln\u00fdch naklada\u010doch pom\u00e1haj\u00fa pri efekt\u00edvnom zdv\u00edhan\u00ed a vykladan\u00ed n\u00e1kladu.<\/li>\n<\/ul>\n<h2>\u00davahy o dizajne a \u0161tandardy v\u00fdberu<\/h2>\n<ul>\n<li>Nosnos\u0165: Valec vedra by mal by\u0165 navrhnut\u00fd tak, aby odolal vysok\u00e9mu tlaku a \u0165a\u017ek\u00fdm za\u0165a\u017eeniam.<\/li>\n<li>Tesnenie: Mali by sa pou\u017ei\u0165 r\u00f4zne tesniace komponenty, ako s\u00fa tesnenia piestov a tesnenia ty\u010d\u00ed, a mali by by\u0165 vyroben\u00e9 z materi\u00e1lov odoln\u00fdch vo\u010di opotrebovaniu, ako je polyuret\u00e1n a nitrilov\u00e1 guma.<\/li>\n<li>Trvanlivos\u0165: Teleso valca a z\u00e1vitov\u00fd koniec by mali by\u0165 jemne opracovan\u00e9, aby sa zlep\u0161ila odolnos\u0165 vo\u010di opotrebovaniu. <\/li>\n<li>Bezpe\u010dnos\u0165: Valec s vedrom by mal by\u0165 navrhnut\u00fd s oh\u013eadom na bezpe\u010dnos\u0165, s bezpe\u010dnostn\u00fdmi mechanizmami, ako s\u00fa pretlakov\u00e9 ventily, a primeranou ochranou okolo pohybliv\u00fdch \u010dast\u00ed, aby sa predi\u0161lo zraneniam. <\/li>\n<li>\u00dadr\u017eba: Valec by mal by\u0165 navrhnut\u00fd pre jednoduch\u00fa mont\u00e1\u017e a demont\u00e1\u017e, s \u013eahko vymenite\u013en\u00fdmi dielmi a \u013eahko \u010distite\u013en\u00fdmi povrchmi pre u\u013eah\u010denie \u00fadr\u017eby.<\/li>\n<\/ul>\n<p><img decoding=\"async\" src=\"https:\/\/www.hydraulic-cylinders.net\/wp-content\/uploads\/2025\/01\/songte-oil-pipes-and-spare-parts.webp\"><\/p>\n<h2>Tesnenie a mazanie<\/h2>\n<p>Valec kor\u010deka by mal pou\u017e\u00edva\u0165 r\u00f4zne tesniace komponenty, ako s\u00fa tesnenia piestov a tesnenia ty\u010d\u00ed vyroben\u00e9 z materi\u00e1lov odoln\u00fdch vo\u010di opotrebovaniu, ako je polyuret\u00e1n a nitrilov\u00fd kau\u010duk. Na udr\u017eanie valca v dobrom prev\u00e1dzkovom stave je potrebn\u00e9 pravideln\u00e9 mazanie vhodn\u00fdm mno\u017estvom hydraulick\u00e9ho oleja.<\/p>\n<h2>\u00dadr\u017eba a opravy<\/h2>\n<p>Pravideln\u00e1 kontrola, vhodn\u00e9 mazanie a v\u010dasn\u00e1 v\u00fdmena opotrebovan\u00fdch tesnen\u00ed patria medzi be\u017en\u00e9 \u00falohy \u00fadr\u017eby. Spr\u00e1vna in\u0161tal\u00e1cia, mazanie a nastavenie s\u00fa k\u013e\u00fa\u010dov\u00e9 pre pou\u017e\u00edvanie valca lopaty pre mal\u00e9 r\u00fdpadlo Kobelco SK45.<\/p>\n<ul>\n<li>Pravideln\u00e1 kontrola: Pravideln\u00e1 kontrola by sa mala vykon\u00e1va\u0165, aby sa zabezpe\u010dilo, \u017ee je valec v dobrom prev\u00e1dzkovom stave, a opotrebovan\u00e9 diely by sa mali okam\u017eite vymeni\u0165.<\/li>\n<li>Vhodn\u00e9 mazanie: Mazanie by sa malo vykon\u00e1va\u0165 v pravideln\u00fdch intervaloch, aby sa zabezpe\u010dil hladk\u00fd chod valca. <\/li>\n<li>V\u00fdmena tesnenia a kontrola kalibr\u00e1cie: Opotrebovan\u00e9 tesnenia by sa mali okam\u017eite vymeni\u0165, aby sa predi\u0161lo \u00faniku oleja. Kalibr\u00e1cia by sa mala vykon\u00e1va\u0165 pravidelne, aby sa zabezpe\u010dilo, \u017ee valec vedra funguje spr\u00e1vne. <\/li>\n<\/ul>\n<p><img decoding=\"async\" src=\"https:\/\/www.hydraulic-cylinders.net\/wp-content\/uploads\/2025\/01\/songte-chushion-collar.webp\"><\/p>\n<h2>Bezpe\u010dnostn\u00e9 aspekty a faktory prostredia<\/h2>\n<p>Pri pou\u017e\u00edvan\u00ed valca s vedro by sa mali dodr\u017eiava\u0165 bezpe\u010dnostn\u00e9 opatrenia, aby sa predi\u0161lo zraneniam. Je nevyhnutn\u00e9 dodr\u017eiava\u0165 pokyny v\u00fdrobcu t\u00fdkaj\u00face sa in\u0161tal\u00e1cie, pou\u017e\u00edvania, \u00fadr\u017eby a opravy, aby sa zabezpe\u010dila bezpe\u010dnos\u0165 obsluhy a ostatn\u00fdch pracovn\u00edkov. Pri v\u00fdbere a pou\u017e\u00edvan\u00ed valca s vedro by sa mali zoh\u013eadni\u0165 aj faktory prostredia, ako je teplota a vlhkos\u0165.<\/p>\n<h2>Rie\u0161enie probl\u00e9mov a be\u017en\u00e9 probl\u00e9my<\/h2>\n<p>Medzi be\u017en\u00e9 probl\u00e9my s valcom vedra patr\u00ed \u00fanik oleja, pomal\u00e1 prev\u00e1dzka a zn\u00ed\u017een\u00fd v\u00fdkon. Je nevyhnutn\u00e9 spr\u00e1vne diagnostikova\u0165 probl\u00e9m a prija\u0165 vhodn\u00e9 opatrenia na jeho vyrie\u0161enie. Odpor\u00fa\u010da sa poradi\u0165 sa s v\u00fdrobcom alebo kvalifikovan\u00fdm technikom, aby ste vyrie\u0161ili ak\u00e9ko\u013evek probl\u00e9my.<\/p>\n<ul>\n<li>\u00danik oleja: Skontrolujte tesnenie a v pr\u00edpade potreby ho vyme\u0148te. Uistite sa, \u017ee valec je \u010dist\u00fd a bez ne\u010dist\u00f4t.<\/li>\n<li>Pomal\u00e1 prev\u00e1dzka: Skontrolujte hladinu a kvalitu hydraulick\u00e9ho oleja. V pr\u00edpade potreby olej vyme\u0148te. Skontrolujte, \u010di hydraulick\u00fd syst\u00e9m nie je upchat\u00fd alebo po\u0161koden\u00fd. <\/li>\n<li>Zn\u00ed\u017een\u00fd v\u00fdkon: Skontrolujte valec, \u010di nie je po\u0161koden\u00fd alebo opotrebovan\u00fd. V pr\u00edpade potreby vyme\u0148te diely.<\/li>\n<\/ul>\n<p><img decoding=\"async\" src=\"https:\/\/www.hydraulic-cylinders.net\/wp-content\/uploads\/2025\/01\/songte-bushings-with-all-kinds-of-excavator-models.webp\"><\/p>\n<h2>O na\u0161ej spolo\u010dnosti<\/h2>\n<p>Sme popredn\u00fdm v\u00fdrobcom a ve\u013ekoobchodn\u00fdm distrib\u00fatorom hydraulick\u00fdch valcov na dom\u00e1com aj medzin\u00e1rodnom trhu. Na\u0161a spolo\u010dnos\u0165 pon\u00faka kompletn\u00fd sortiment hydraulick\u00fdch valcov, dodr\u017eiava z\u00e1sadu vynikaj\u00facej kvality a neust\u00e1le zlep\u0161uje kvalitu v\u00fdrobkov a efektivitu v\u00fdroby. Na\u0161e produkty vyr\u00e1ba t\u00edm profesion\u00e1lov na najmodernej\u0161\u00edch zariadeniach so zameran\u00edm na prisp\u00f4sobenie a spokojnos\u0165 z\u00e1kazn\u00edkov.<\/p>\n<ul>\n<li>Profesionalita: M\u00e1me t\u00edm profesion\u00e1lov s dlhoro\u010dn\u00fdmi sk\u00fasenos\u0165ami v oblasti kon\u0161trukcie a v\u00fdroby hydraulick\u00fdch valcov. <\/li>\n<li>Medzin\u00e1rodn\u00e1 certifik\u00e1cia: Na\u0161e produkty maj\u00fa medzin\u00e1rodn\u00e9 certifik\u00e1cie ako ISO9001 a CE.<\/li>\n<li>Prisp\u00f4sobenie: Pon\u00fakame slu\u017eby prisp\u00f4sobenia, aby sme splnili \u0161pecifick\u00e9 potreby na\u0161ich z\u00e1kazn\u00edkov.<\/li>\n<li>V\u00fdrobn\u00e9 zariadenia: M\u00e1me modern\u00e9 v\u00fdrobn\u00e9 zariadenia, aby sme zabezpe\u010dili, \u017ee na\u0161e v\u00fdrobky sp\u013a\u0148aj\u00fa najvy\u0161\u0161ie \u0161tandardy kvality. <\/li>\n<li>Popredajn\u00fd servis: Pon\u00fakame komplexn\u00fd popredajn\u00fd servis, aby sme zabezpe\u010dili spokojnos\u0165 z\u00e1kazn\u00edkov a v\u00fdkon produktu.<\/li>\n<\/ul>\n<p><img decoding=\"async\" src=\"https:\/\/hzpt.com\/wp-content\/uploads\/2024\/11\/songte-company-1.webp\"><\/p>\n<p><em>Autor: lyl<\/em><\/p>","protected":false},"excerpt":{"rendered":"<p>Bucket Cylinder For Kobelco Small Excavator SK45 Introduction A bucket cylinder for Kobelco small excavator SK45 is a specialized hydraulic cylinder used to control the movement of the bucket in heavy machinery such as excavators, backhoe loaders, and front loaders. Its main function is to lift, lower, and tilt the bucket, making it easier to [&hellip;]<\/p>","protected":false},"featured_media":14789,"comment_status":"open","ping_status":"closed","template":"","meta":{"_et_pb_use_builder":"","_et_pb_old_content":"","_et_gb_content_width":""},"product_brand":[],"product_cat":[1494],"product_tag":[1495,1496],"class_list":{"0":"post-15342","1":"product","2":"type-product","3":"status-publish","4":"has-post-thumbnail","6":"product_cat-bucket-cylinders","7":"product_tag-bucket-cylinders","8":"product_tag-hydraulic-cylinders","10":"first","11":"instock","12":"shipping-taxable","13":"product-type-simple"},"amp_enabled":true,"_links":{"self":[{"href":"https:\/\/www.hydraulic-cylinders.net\/sk\/wp-json\/wp\/v2\/product\/15342","targetHints":{"allow":["GET"]}}],"collection":[{"href":"https:\/\/www.hydraulic-cylinders.net\/sk\/wp-json\/wp\/v2\/product"}],"about":[{"href":"https:\/\/www.hydraulic-cylinders.net\/sk\/wp-json\/wp\/v2\/types\/product"}],"replies":[{"embeddable":true,"href":"https:\/\/www.hydraulic-cylinders.net\/sk\/wp-json\/wp\/v2\/comments?post=15342"}],"wp:featuredmedia":[{"embeddable":true,"href":"https:\/\/www.hydraulic-cylinders.net\/sk\/wp-json\/wp\/v2\/media\/14789"}],"wp:attachment":[{"href":"https:\/\/www.hydraulic-cylinders.net\/sk\/wp-json\/wp\/v2\/media?parent=15342"}],"wp:term":[{"taxonomy":"product_brand","embeddable":true,"href":"https:\/\/www.hydraulic-cylinders.net\/sk\/wp-json\/wp\/v2\/product_brand?post=15342"},{"taxonomy":"product_cat","embeddable":true,"href":"https:\/\/www.hydraulic-cylinders.net\/sk\/wp-json\/wp\/v2\/product_cat?post=15342"},{"taxonomy":"product_tag","embeddable":true,"href":"https:\/\/www.hydraulic-cylinders.net\/sk\/wp-json\/wp\/v2\/product_tag?post=15342"}],"curies":[{"name":"pracovn\u00fd list","href":"https:\/\/api.w.org\/{rel}","templated":true}]}}