{"id":15356,"date":"2025-01-19T14:25:38","date_gmt":"2025-01-19T14:25:38","guid":{"rendered":"https:\/\/www.hydraulic-cylinders.net\/product\/bucket-cylinder-for-kobelco-middle-excavator-sk270d-8\/"},"modified":"2025-01-19T14:25:40","modified_gmt":"2025-01-19T14:25:40","slug":"bucket-cylinder-for-kobelco-middle-excavator-sk270d-8","status":"publish","type":"product","link":"https:\/\/www.hydraulic-cylinders.net\/sk\/produkt\/bucket-cylinder-for-kobelco-middle-excavator-sk270d-8\/","title":{"rendered":"Valec vedra pre stredn\u00fd bager Kobelco SK270D-8"},"content":{"rendered":"<h1>Valec vedra pre stredn\u00fd bager Kobelco SK270D-8<\/h1>\n<h2>\u00davod<\/h2>\n<p>Hydraulick\u00fd valec ly\u017eice pre stredn\u00e9 r\u00fdpadlo Kobelco SK270D-8 je \u0161peci\u00e1lne navrhnut\u00fd hydraulick\u00fd valec pou\u017e\u00edvan\u00fd na ovl\u00e1danie pohybu ly\u017eice v \u0165a\u017ek\u00fdch strojoch, ako s\u00fa r\u00fdpadl\u00e1, r\u00fdpadl\u00e1-naklada\u010de a \u010deln\u00e9 naklada\u010de. Jeho hlavnou funkciou je umo\u017eni\u0165 zdv\u00edhanie, sp\u00fa\u0161\u0165anie a nakl\u00e1\u0148anie ly\u017eice, \u010do u\u013eah\u010duje vykon\u00e1vanie r\u00f4znych \u00faloh manipul\u00e1cie s materi\u00e1lom. V hydraulickom syst\u00e9me dosahuje valec ly\u017eice presn\u00e9 ovl\u00e1danie ly\u017eice prostredn\u00edctvom zmeny tlaku hydraulick\u00e9ho oleja, \u010do umo\u017e\u0148uje obsluhe efekt\u00edvne manipulova\u0165 s \u0165a\u017ek\u00fdmi predmetmi a prisp\u00f4sobi\u0165 sa zlo\u017eit\u00fdm pracovn\u00fdm prostrediam a r\u00f4znorod\u00fdm po\u017eiadavk\u00e1m na pr\u00e1cu.<\/p>\n<p><img decoding=\"async\" src=\"https:\/\/www.hydraulic-cylinders.net\/wp-content\/uploads\/2025\/01\/songte-company-2.webp\" alt=\"Obr\u00e1zok valca vedra\"><\/p>\n<h2>Funkcie<\/h2>\n<ul>\n<li>Vysok\u00e1 pevnos\u0165 a odolnos\u0165: Zvy\u010dajne vyroben\u00e9 z vysokopevnostnej ocele alebo hlin\u00edka, schopn\u00e9 odol\u00e1va\u0165 vysok\u00e9mu tlaku a \u0165a\u017ek\u00fdm za\u0165a\u017eeniam, prisp\u00f4sobite\u013en\u00e9 drsn\u00fdm pracovn\u00fdm podmienkam a navrhnut\u00e9 s oh\u013eadom na odolnos\u0165 vo\u010di opotrebovaniu a kor\u00f3zii, aby sa pred\u013a\u017eila \u017eivotnos\u0165.<\/li>\n<li>Efekt\u00edvna hydraulick\u00e1 prev\u00e1dzka: Plynul\u00fd pohyb vys\u00favania a zas\u00favania sa dosahuje vyu\u017eit\u00edm tlaku hydraulick\u00e9ho oleja. Dok\u00e1\u017ee r\u00fdchlo reagova\u0165 na prev\u00e1dzkov\u00e9 povely a poskytuje siln\u00fa tla\u010dn\u00fa a \u0165a\u017en\u00fa silu, v\u010faka \u010domu je vhodn\u00fd na manipul\u00e1ciu s \u0165a\u017ek\u00fdmi predmetmi a zlo\u017eit\u00e9 pracovn\u00e9 \u00falohy.<\/li>\n<li>R\u00f4zne typy: Jedno\u010dinn\u00e9 (hydraulika sa pou\u017e\u00edva iba v jednom smere) alebo dvoj\u010dinn\u00e9 (hydraulika sa pou\u017e\u00edva v oboch smeroch) valce je mo\u017en\u00e9 vybra\u0165 pod\u013ea potrieb a splni\u0165 r\u00f4zne prev\u00e1dzkov\u00e9 po\u017eiadavky. Niektor\u00e9 modely s\u00fa zas\u00favate\u013en\u00e9, \u010do umo\u017e\u0148uje v\u00e4\u010d\u0161\u00ed dosah bez zv\u00e4\u010d\u0161enia vonkaj\u0161\u00edch rozmerov, v\u010faka \u010domu s\u00fa vhodn\u00e9 pre aplik\u00e1cie s obmedzen\u00fdm priestorom.<\/li>\n<li>Vymenite\u013en\u00e9: N\u00e1\u0161 produkt je perfektnou n\u00e1hradou za tieto hydraulick\u00e9 valce. <\/li>\n<\/ul>\n<p><img decoding=\"async\" src=\"https:\/\/www.hydraulic-cylinders.net\/wp-content\/uploads\/2025\/01\/songte-cylinder-head-with-all-kinds-excavator-models.webp\" alt=\"Obr\u00e1zok valca vedra\"><\/p>\n<h2>Aplik\u00e1cie<\/h2>\n<h3>Stavebn\u00e9 stroje<\/h3>\n<p>V bagroch s\u00fa nevyhnutn\u00e9 na kopanie, nakladanie a premiest\u0148ovanie zeminy alebo sutiny. V r\u00fdpadlo-naklada\u010doch pom\u00e1ha valec ly\u017eice pri kopan\u00ed aj zdv\u00edhan\u00ed. V \u010deln\u00fdch naklada\u010doch pom\u00e1haj\u00fa pri efekt\u00edvnom zdv\u00edhan\u00ed a nakl\u00e1\u0148an\u00ed tovaru.<\/p>\n<h3>Po\u013enohospod\u00e1rske stroje<\/h3>\n<p>Pou\u017e\u00edva sa pre \u010deln\u00e9 naklada\u010de na naberanie, zdv\u00edhanie a prepravu zeminy, sena a in\u00fdch materi\u00e1lov. V r\u00fdpadl\u00e1ch umo\u017e\u0148uj\u00fa valce ly\u017eice kopanie t\u00fdm, \u017ee umo\u017e\u0148uj\u00fa ly\u017eici prenikn\u00fa\u0165 do p\u00f4dy. <\/p>\n<h2>\u00davahy o dizajne a krit\u00e9ri\u00e1 v\u00fdberu<\/h2>\n<h3>\u00danosnos\u0165<\/h3>\n<p>Valce s ko\u0161\u00edkom s\u00fa zvy\u010dajne navrhnut\u00e9 tak, aby odolali vysok\u00e9mu tlaku a \u0165a\u017ek\u00fdm n\u00e1kladom. V\u00fdber materi\u00e1lov a technol\u00f3gie spracovania by sa mal zv\u00e1\u017ei\u0165 na z\u00e1klade t\u00fdchto faktorov, aby sa zabezpe\u010dila dlhodob\u00e1 \u017eivotnos\u0165 a spo\u013eahlivos\u0165 valca.<\/p>\n<h3>Tesnenie<\/h3>\n<p>Mali by sa pou\u017ei\u0165 r\u00f4zne tesniace komponenty, ako s\u00fa tesnenia piestov, tesnenia ty\u010d\u00ed a in\u00e9. Pre tesniace komponenty sa uprednost\u0148uje polyuret\u00e1n, nitrilov\u00fd kau\u010duk a in\u00e9 materi\u00e1ly odoln\u00e9 vo\u010di opotrebovaniu. Teleso valca a z\u00e1vitov\u00fd koniec by mali by\u0165 jemne opracovan\u00e9, aby sa zlep\u0161ila odolnos\u0165 vo\u010di opotrebovaniu. Pravideln\u00e9 dop\u013a\u0148anie hydraulick\u00e9ho oleja je nevyhnutn\u00e9 pre mazanie.<\/p>\n<p><img decoding=\"async\" src=\"https:\/\/www.hydraulic-cylinders.net\/wp-content\/uploads\/2025\/01\/songte-oil-pipes-and-spare-parts.webp\" alt=\"Obr\u00e1zok valca vedra\"><\/p>\n<h2>\u00dadr\u017eba a odstra\u0148ovanie probl\u00e9mov<\/h2>\n<p>Pravideln\u00e1 \u00fadr\u017eba vr\u00e1tane mazania, v\u00fdmeny tesnen\u00ed a kalibra\u010dn\u00fdch kontrol je k\u013e\u00fa\u010dov\u00e1 pre pred\u013a\u017eenie \u017eivotnosti valcov s kore\u010dkami. Na zabezpe\u010denie spr\u00e1vnej funkcie by sa mali dodr\u017eiava\u0165 spr\u00e1vne postupy in\u0161tal\u00e1cie, mazania a nastavenia. Odpor\u00fa\u010da sa spr\u00e1vne zarovna\u0165 valec, pou\u017ei\u0165 vhodn\u00e9 mont\u00e1\u017ene konzoly na jeho upevnenie a dodr\u017eiava\u0165 odpor\u00fa\u010dan\u00e9 postupy kontroly, opravy a v\u00fdmeny. <\/p>\n<ul>\n<li>Pravideln\u00e1 kontrola<\/li>\n<li>Vhodn\u00e9 mazanie<\/li>\n<li>V\u00fdmena tesnen\u00ed a kontroly kalibr\u00e1cie<\/li>\n<\/ul>\n<p><img decoding=\"async\" src=\"https:\/\/www.hydraulic-cylinders.net\/wp-content\/uploads\/2025\/01\/songte-chushion-collar.webp\" alt=\"Obr\u00e1zok valca vedra\"><\/p>\n<h2>Bezpe\u010dnostn\u00e9 a environment\u00e1lne aspekty<\/h2>\n<p>S valcami na vedre by sa malo manipulova\u0165 s primeran\u00fdmi bezpe\u010dnostn\u00fdmi opatreniami a pod\u013ea pokynov v\u00fdrobcu, aby sa predi\u0161lo nehod\u00e1m a zraneniam. Je d\u00f4le\u017eit\u00e9 spr\u00e1vne recyklova\u0165 alebo likvidova\u0165 hydraulick\u00fd olej, aby sa chr\u00e1nilo \u017eivotn\u00e9 prostredie.<\/p>\n<p><img decoding=\"async\" src=\"https:\/\/www.hydraulic-cylinders.net\/wp-content\/uploads\/2025\/01\/songte-bushings-with-all-kinds-of-excavator-models.webp\" alt=\"Obr\u00e1zok valca vedra\"><\/p>\n<h2>O na\u0161ej spolo\u010dnosti<\/h2>\n<p>Sme popredn\u00fdm v\u00fdrobcom a ve\u013ekoobchodn\u00edkom hydraulick\u00fdch valcov na dom\u00e1com aj medzin\u00e1rodnom trhu s kompletn\u00fdm sortimentom produktov. Dodr\u017eiavame strat\u00e9giu industrializovan\u00e9ho riadenia v\u00fdroby zalo\u017een\u00fa na vynikaj\u00facej kvalite a spoliehame sa na vyu\u017eitie technick\u00fdch talentov, \u0161pi\u010dkov\u00fdch digit\u00e1lnych v\u00fdrobn\u00fdch zariaden\u00ed a profesion\u00e1lnych testovac\u00edch syst\u00e9mov s cie\u013eom neust\u00e1le zlep\u0161ova\u0165 v\u00fdrobn\u00fa platformu v dielni a zlep\u0161ova\u0165 v\u00fdrobn\u00fa cestu kvality produktov. M\u00e1me siln\u00e9 tvoriv\u00e9 schopnosti a dodr\u017eiavame z\u00e1sady vysokej efektivity, vysokej presnosti a vysokej kvality, aby sme uspokojili rozmanit\u00e9 potreby z\u00e1kazn\u00edkov.<\/p>\n<p><img decoding=\"async\" src=\"https:\/\/hzpt.com\/wp-content\/uploads\/2024\/11\/songte-company-1.webp\" alt=\"Obr\u00e1zok valca vedra\"><\/p>\n<h3>Profesionalita<\/h3>\n<p>M\u00e1me profesion\u00e1lny t\u00edm s dlhoro\u010dn\u00fdmi sk\u00fasenos\u0165ami vo v\u00fdrobe hydraulick\u00fdch valcov, \u010do zaru\u010duje kvalitu a spo\u013eahlivos\u0165 na\u0161ich produktov.<\/p>\n<h3>Medzin\u00e1rodn\u00e1 certifik\u00e1cia<\/h3>\n<p>Na\u0161e v\u00fdrobky pre\u0161li r\u00f4znymi medzin\u00e1rodn\u00fdmi certifika\u010dn\u00fdmi normami, ako napr\u00edklad ISO9001, CE a \u010fal\u0161\u00edmi, \u010do zaru\u010duje kvalitu a spo\u013eahlivos\u0165 v\u00fdrobkov.<\/p>\n<h3>Prisp\u00f4sobenie<\/h3>\n<p>Pon\u00fakame slu\u017eby prisp\u00f4sobenia, aby sme splnili r\u00f4zne potreby na\u0161ich z\u00e1kazn\u00edkov.<\/p>\n<h3>V\u00fdrobn\u00e9 zariadenia<\/h3>\n<p>M\u00e1me modern\u00e9 v\u00fdrobn\u00e9 zariadenia a technol\u00f3gie, aby sme zabezpe\u010dili kvalitu na\u0161ich v\u00fdrobkov.<\/p>\n<h3>Popredajn\u00fd servis<\/h3>\n<p>Poskytujeme komplexn\u00e9 popredajn\u00e9 slu\u017eby vr\u00e1tane v\u00fdmeny dielov a repase, aby sme pred\u013a\u017eili \u017eivotnos\u0165 na\u0161ich produktov.<\/p>\n<p>Autor: lyl<\/p>","protected":false},"excerpt":{"rendered":"<p>Bucket Cylinder For Kobelco Middle Excavator SK270D-8 Introduction The bucket cylinder for Kobelco middle excavator SK270D-8 is a specially designed hydraulic cylinder used to control the movement of the bucket in heavy machinery, such as excavators, backhoe excavators, and front-end loaders. Its main function is to enable the bucket to lift, lower, and tilt, making [&hellip;]<\/p>","protected":false},"featured_media":14761,"comment_status":"open","ping_status":"closed","template":"","meta":{"_et_pb_use_builder":"","_et_pb_old_content":"","_et_gb_content_width":""},"product_brand":[],"product_cat":[1494],"product_tag":[1495,1496],"class_list":{"0":"post-15356","1":"product","2":"type-product","3":"status-publish","4":"has-post-thumbnail","6":"product_cat-bucket-cylinders","7":"product_tag-bucket-cylinders","8":"product_tag-hydraulic-cylinders","10":"first","11":"instock","12":"shipping-taxable","13":"product-type-simple"},"amp_enabled":true,"_links":{"self":[{"href":"https:\/\/www.hydraulic-cylinders.net\/sk\/wp-json\/wp\/v2\/product\/15356","targetHints":{"allow":["GET"]}}],"collection":[{"href":"https:\/\/www.hydraulic-cylinders.net\/sk\/wp-json\/wp\/v2\/product"}],"about":[{"href":"https:\/\/www.hydraulic-cylinders.net\/sk\/wp-json\/wp\/v2\/types\/product"}],"replies":[{"embeddable":true,"href":"https:\/\/www.hydraulic-cylinders.net\/sk\/wp-json\/wp\/v2\/comments?post=15356"}],"wp:featuredmedia":[{"embeddable":true,"href":"https:\/\/www.hydraulic-cylinders.net\/sk\/wp-json\/wp\/v2\/media\/14761"}],"wp:attachment":[{"href":"https:\/\/www.hydraulic-cylinders.net\/sk\/wp-json\/wp\/v2\/media?parent=15356"}],"wp:term":[{"taxonomy":"product_brand","embeddable":true,"href":"https:\/\/www.hydraulic-cylinders.net\/sk\/wp-json\/wp\/v2\/product_brand?post=15356"},{"taxonomy":"product_cat","embeddable":true,"href":"https:\/\/www.hydraulic-cylinders.net\/sk\/wp-json\/wp\/v2\/product_cat?post=15356"},{"taxonomy":"product_tag","embeddable":true,"href":"https:\/\/www.hydraulic-cylinders.net\/sk\/wp-json\/wp\/v2\/product_tag?post=15356"}],"curies":[{"name":"pracovn\u00fd list","href":"https:\/\/api.w.org\/{rel}","templated":true}]}}