{"id":15368,"date":"2025-01-19T14:26:32","date_gmt":"2025-01-19T14:26:32","guid":{"rendered":"https:\/\/www.hydraulic-cylinders.net\/product\/bucket-cylinder-for-kobelco-large-excavator-sk310\/"},"modified":"2025-01-19T14:26:34","modified_gmt":"2025-01-19T14:26:34","slug":"bucket-cylinder-for-kobelco-large-excavator-sk310","status":"publish","type":"product","link":"https:\/\/www.hydraulic-cylinders.net\/sk\/produkt\/bucket-cylinder-for-kobelco-large-excavator-sk310\/","title":{"rendered":"Valec vedra pre ve\u013ek\u00e9 r\u00fdpadlo Kobelco SK310"},"content":{"rendered":"<h1>Valec vedra pre ve\u013ek\u00e9 r\u00fdpadlo Kobelco SK310<\/h1>\n<h2>\u00davod<\/h2>\n<p>Hydraulick\u00fd valec ly\u017eice pre ve\u013ek\u00e9 r\u00fdpadlo Kobelco SK310 je typ hydraulick\u00e9ho valca \u0161peci\u00e1lne navrhnut\u00e9ho na ovl\u00e1danie pohybu ly\u017eice v \u0165a\u017ek\u00fdch strojoch, ako s\u00fa r\u00fdpadl\u00e1, r\u00fdpadl\u00e1-naklada\u010de a \u010deln\u00e9 naklada\u010de. Jeho hlavnou funkciou je umo\u017eni\u0165 zdv\u00edhanie, sp\u00fa\u0161\u0165anie a nakl\u00e1\u0148anie ly\u017eice, \u010do ju rob\u00ed pohodlnou pri r\u00f4znych \u00faloh\u00e1ch manipul\u00e1cie s materi\u00e1lom. V hydraulickom syst\u00e9me dosahuje valec ly\u017eice presn\u00e9 ovl\u00e1danie ly\u017eice prostredn\u00edctvom zmien tlaku hydraulick\u00e9ho oleja, \u010do umo\u017e\u0148uje obsluhe efekt\u00edvne manipulova\u0165 s \u0165a\u017ek\u00fdmi bremenami a prisp\u00f4sobi\u0165 sa zlo\u017eit\u00fdm pracovn\u00fdm prostrediam a r\u00f4znym prev\u00e1dzkov\u00fdm po\u017eiadavk\u00e1m.<\/p>\n<p><img decoding=\"async\" src=\"https:\/\/www.hydraulic-cylinders.net\/wp-content\/uploads\/2025\/01\/songte-company-2.webp\"><\/p>\n<h2>Funkcie<\/h2>\n<ul>\n<li>Vysok\u00e1 pevnos\u0165 a odolnos\u0165: Zvy\u010dajne je vyroben\u00fd z vysokopevnostnej ocele alebo hlin\u00edka, odol\u00e1 vysok\u00e9mu tlaku a \u0165a\u017ek\u00fdm za\u0165a\u017eeniam, prisp\u00f4sob\u00ed sa n\u00e1ro\u010dn\u00fdm pracovn\u00fdm podmienkam a je navrhnut\u00fd s oh\u013eadom na odolnos\u0165 vo\u010di opotrebovaniu a kor\u00f3zii, aby sa pred\u013a\u017eila jeho \u017eivotnos\u0165.<\/li>\n<li>Efekt\u00edvna hydraulick\u00e1 prev\u00e1dzka: Plynul\u00fd pohyb vys\u00favania a s\u0165ahovania sa dosahuje pomocou tlaku hydraulick\u00e9ho oleja, \u010do umo\u017e\u0148uje r\u00fdchlu reakciu na prev\u00e1dzkov\u00e9 povely, poskytuje siln\u00e9 tla\u010dn\u00e9 a \u0165a\u017en\u00e9 sily a je vhodn\u00e9 na manipul\u00e1ciu s \u0165a\u017ek\u00fdmi bremenami a zlo\u017eit\u00fdmi prev\u00e1dzkov\u00fdmi \u00falohami.<\/li>\n<li>R\u00f4zne typy: Pod\u013ea prev\u00e1dzkov\u00fdch po\u017eiadaviek je mo\u017en\u00e9 vybra\u0165 jedno\u010dinn\u00e9 (hydraulicky ovl\u00e1dan\u00e9 v jednom smere) alebo dvoj\u010dinn\u00e9 (hydraulicky ovl\u00e1dan\u00e9 v oboch smeroch) valce. Niektor\u00e9 modely s\u00fa teleskopick\u00e9, \u010do umo\u017e\u0148uje v\u00e4\u010d\u0161ie vysunutie bez zv\u00e4\u010d\u0161enia vonkaj\u0161\u00edch rozmerov, vhodn\u00e9 pre aplik\u00e1cie s obmedzen\u00fdm priestorom.<\/li>\n<li>Vymenite\u013en\u00e9: N\u00e1\u0161 produkt dok\u00e1\u017ee dokonale nahradi\u0165 tieto hydraulick\u00e9 valce.<\/li>\n<\/ul>\n<p><img decoding=\"async\" src=\"https:\/\/www.hydraulic-cylinders.net\/wp-content\/uploads\/2025\/01\/songte-cylinder-head-with-all-kinds-excavator-models.webp\"><\/p>\n<h2>Aplik\u00e1cie<\/h2>\n<ul>\n<li>Stavebn\u00e9 zariadenia: V bagroch s\u00fa k\u013e\u00fa\u010dov\u00e9 pre v\u00fdkopov\u00e9 pr\u00e1ce, nakladanie a premiest\u0148ovanie zeminy alebo sutiny. V r\u00fdpadlo-naklada\u010doch pom\u00e1haj\u00fa valce ko\u0161\u00edkov pri v\u00fdkopov\u00fdch pr\u00e1cach aj zdv\u00edhan\u00ed. <\/li>\n<li>Po\u013enohospod\u00e1rske stroje: Pou\u017e\u00edvaj\u00fa sa v \u010deln\u00fdch naklada\u010doch na naberanie, zdv\u00edhanie a prepravu p\u00f4dy, sena a in\u00fdch materi\u00e1lov. <\/li>\n<li>R\u00fdpadl\u00e1: Valce ly\u017eice umo\u017e\u0148uj\u00fa kopanie t\u00fdm, \u017ee umo\u017e\u0148uj\u00fa ly\u017eici prenikn\u00fa\u0165 do p\u00f4dy. <\/li>\n<li>Naklada\u010de: V \u010deln\u00fdch naklada\u010doch pom\u00e1haj\u00fa pri efekt\u00edvnom zdv\u00edhan\u00ed a nakl\u00e1\u0148an\u00ed bremien. <\/li>\n<\/ul>\n<h2>\u00davahy o dizajne a krit\u00e9ri\u00e1 v\u00fdberu<\/h2>\n<ul>\n<li>Nosnos\u0165: Valec by mal by\u0165 navrhnut\u00fd tak, aby odolal maxim\u00e1lnemu za\u0165a\u017eeniu, ktor\u00e9mu m\u00f4\u017ee by\u0165 vystaven\u00fd po\u010das prev\u00e1dzky. <\/li>\n<li>Tesnenie: Na zabezpe\u010denie tesnosti a odolnosti valca by sa mali zvoli\u0165 r\u00f4zne tesniace prvky, ako s\u00fa tesnenia piestov, tesnenia ty\u010d\u00ed a stiera\u010de. <\/li>\n<li>Trvanlivos\u0165: Pre zaistenie dlhej \u017eivotnosti by mal by\u0165 valec navrhnut\u00fd z materi\u00e1lov odoln\u00fdch vo\u010di opotrebovaniu a kor\u00f3zii. <\/li>\n<li>Bezpe\u010dnos\u0165: Mali by by\u0165 zabudovan\u00e9 bezpe\u010dnostn\u00e9 prvky, aby sa predi\u0161lo nehod\u00e1m a zraneniam. <\/li>\n<li>\u00dadr\u017eba: F\u013ea\u0161a by mala by\u0165 navrhnut\u00e1 pre jednoduch\u00fa \u00fadr\u017ebu, s pr\u00edstupn\u00fdmi komponentmi a jasn\u00fdmi pokynmi na \u00fadr\u017ebu.<\/li>\n<\/ul>\n<p><img decoding=\"async\" src=\"https:\/\/www.hydraulic-cylinders.net\/wp-content\/uploads\/2025\/01\/songte-oil-pipes-and-spare-parts.webp\"><\/p>\n<h2>Tesnenie a mazanie<\/h2>\n<p>Valec vyu\u017e\u00edva r\u00f4zne tesniace prvky, ako s\u00fa tesnenia piestov, tesnenia ty\u010d\u00ed a stieracie tesnenia. Tieto tesnenia s\u00fa vyroben\u00e9 z materi\u00e1lov odoln\u00fdch vo\u010di opotrebovaniu, ako je polyuret\u00e1n a nitrilov\u00fd kau\u010duk, aby sa zabezpe\u010dila ich trvanlivos\u0165. Teleso valca a z\u00e1vitov\u00e9 koncov\u00e9 plochy s\u00fa jemne opracovan\u00e9 pre zlep\u0161enie odolnosti vo\u010di opotrebovaniu. Pravideln\u00e9 mazanie vhodn\u00fdm hydraulick\u00fdm olejom je nevyhnutn\u00e9 pre zabezpe\u010denie plynul\u00e9ho chodu, zn\u00ed\u017eenie opotrebenia a pred\u013a\u017eenie \u017eivotnosti valca.<\/p>\n<h2>Kontroln\u00e9 a prevent\u00edvne \u00fadr\u017eb\u00e1rske opatrenia<\/h2>\n<ul>\n<li>Pravideln\u00e1 kontrola: F\u013ea\u0161a by sa mala pravidelne kontrolova\u0165 na opotrebovanie a po\u0161kodenie. V\u0161etky po\u0161koden\u00e9 alebo opotrebovan\u00e9 diely by sa mali okam\u017eite vymeni\u0165. <\/li>\n<li>Spr\u00e1vne mazanie: Valec by mal by\u0165 mazan\u00fd pod\u013ea pokynov v\u00fdrobcu. <\/li>\n<li>V\u00fdmena tesnenia: Tesnenia by sa mali pravidelne vymie\u0148a\u0165, preto\u017ee sa opotreb\u00favaj\u00fa, aby sa predi\u0161lo \u00faniku a zabezpe\u010dila sa spr\u00e1vna funkcia valca. <\/li>\n<li>Kontrola kalibr\u00e1cie: Valec by sa mal pravidelne kontrolova\u0165, aby sa zabezpe\u010dilo, \u017ee funguje spr\u00e1vne a je spr\u00e1vne kalibrovan\u00fd. <\/li>\n<\/ul>\n<h2>Sprievodca in\u0161tal\u00e1ciou produktu<\/h2>\n<p>Spr\u00e1vna in\u0161tal\u00e1cia je k\u013e\u00fa\u010dov\u00e1 pre bezpe\u010dn\u00fa a efekt\u00edvnu prev\u00e1dzku valca. Mali by ste dodr\u017eiava\u0165 nasleduj\u00face tipy:<\/p>\n<ul>\n<li>Valec by mal by\u0165 po\u010das in\u0161tal\u00e1cie spr\u00e1vne zarovnan\u00fd. <\/li>\n<li>Na upevnenie valca sa odpor\u00fa\u010da pou\u017eitie vhodn\u00fdch mont\u00e1\u017enych konzol. <\/li>\n<li>Pre zaistenie dlhej \u017eivotnosti by sa mali dodr\u017eiava\u0165 odpor\u00fa\u010dan\u00e9 postupy kontroly, opravy a v\u00fdmeny.<\/li>\n<\/ul>\n<p><img decoding=\"async\" src=\"https:\/\/www.hydraulic-cylinders.net\/wp-content\/uploads\/2025\/01\/songte-chushion-collar.webp\"><\/p>\n<h2>Bezpe\u010dnostn\u00e9 aspekty a faktory prostredia<\/h2>\n<p>Pri pou\u017e\u00edvan\u00ed vedrov\u00fdch valcov by sa mali prija\u0165 bezpe\u010dnostn\u00e9 opatrenia na predch\u00e1dzanie nehod\u00e1m a zraneniam. Tieto opatrenia zah\u0155\u0148aj\u00fa \u0161kolenie obsluhy, spr\u00e1vnu in\u0161tal\u00e1ciu a pravideln\u00fa kontrolu a \u00fadr\u017ebu. Okrem toho by sa pri n\u00e1vrhu a in\u0161tal\u00e1cii valca mali zoh\u013eadni\u0165 faktory prostredia, ako je teplota, vlhkos\u0165 a koroz\u00edvne l\u00e1tky, aby sa predi\u0161lo po\u0161kodeniu a zabezpe\u010dila sa dlh\u00e1 \u017eivotnos\u0165.<\/p>\n<h2>Diagnostika por\u00fach a be\u017en\u00e9 probl\u00e9my<\/h2>\n<p>Medzi be\u017en\u00e9 probl\u00e9my, ktor\u00e9 m\u00f4\u017eu ovplyvni\u0165 \u010dinnos\u0165 valca vedra, patria netesnosti, abnorm\u00e1lny hluk a nedostato\u010dn\u00e1 sila. Tieto probl\u00e9my m\u00f4\u017eu vznikn\u00fa\u0165 v d\u00f4sledku po\u0161kodenia alebo opotrebovania tesnenia, netesnost\u00ed v hydraulickom syst\u00e9me alebo in\u00fdch mechanick\u00fdch por\u00fach. Pravideln\u00e1 \u00fadr\u017eba a kontrola m\u00f4\u017eu pom\u00f4c\u0165 identifikova\u0165 a predch\u00e1dza\u0165 tak\u00fdmto probl\u00e9mom.<\/p>\n<h2>Predstavenie spolo\u010dnosti<\/h2>\n<p>Sme v\u00fdrobcom n\u00e1hradn\u00fdch hydraulick\u00fdch valcov s kompletn\u00fdm sortimentom produktov. Sme jedn\u00fdm z popredn\u00fdch v\u00fdrobcov a ve\u013ekoobchodn\u00fdch distrib\u00fatorov hydraulick\u00fdch valcov na dom\u00e1com aj medzin\u00e1rodnom trhu. Dodr\u017eiavame z\u00e1sadu vynikaj\u00facej kvality a v na\u0161ich sofistikovan\u00fdch v\u00fdrobn\u00fdch diel\u0148ach sa spoliehame na industrializovan\u00e9 strat\u00e9gie riadenia v\u00fdroby. Neust\u00e1le zlep\u0161ujeme na\u0161e v\u00fdrobn\u00e9 platformy v oblasti technologick\u00fdch talentov, digit\u00e1lnych \u0161pi\u010dkov\u00fdch v\u00fdrobn\u00fdch zariaden\u00ed a profesion\u00e1lnych testovac\u00edch syst\u00e9mov. Disponujeme robustn\u00fdmi kreat\u00edvnymi schopnos\u0165ami, ktor\u00e9 sp\u013a\u0148aj\u00fa rozmanit\u00e9 potreby z\u00e1kazn\u00edkov s vysokou efektivitou, vysokou presnos\u0165ou a vysokou kvalitou.<\/p>\n<p><img decoding=\"async\" src=\"https:\/\/hzpt.com\/wp-content\/uploads\/2024\/11\/songte-company-1.webp\"><\/p>\n<h3>Profesionalita:<\/h3>\n<p>M\u00e1me profesion\u00e1lny t\u00edm pre n\u00e1vrh a v\u00fdvoj s v\u00fdnimo\u010dn\u00fdmi technick\u00fdmi schopnos\u0165ami a bohat\u00fdmi sk\u00fasenos\u0165ami s navrhovan\u00edm a v\u00fdrobou hydraulick\u00fdch valcov, ktor\u00e9 dokonale vyhovuj\u00fa potreb\u00e1m na\u0161ich z\u00e1kazn\u00edkov.<\/p>\n<h3>Medzin\u00e1rodn\u00e1 certifik\u00e1cia:<\/h3>\n<p>Z\u00edskali sme certifik\u00e1ty ISO 9001 a CE, \u010do zaru\u010duje, \u017ee na\u0161e v\u00fdrobky sp\u013a\u0148aj\u00fa medzin\u00e1rodn\u00e9 \u0161tandardy kvality.<\/p>\n<h3>Slu\u017eby prisp\u00f4sobenia:<\/h3>\n<p>Poskytujeme slu\u017eby prisp\u00f4sobenia, aby sme splnili \u0161pecifick\u00e9 potreby na\u0161ich z\u00e1kazn\u00edkov. Dok\u00e1\u017eeme navrhn\u00fa\u0165 a vyrobi\u0165 hydraulick\u00e9 valce pod\u013ea po\u017eiadaviek z\u00e1kazn\u00edka s r\u00f4znymi \u0161pecifik\u00e1ciami a modelmi.<\/p>\n<h3>V\u00fdrobn\u00e9 vybavenie:<\/h3>\n<p>Disponujeme modern\u00fdm v\u00fdrobn\u00fdm zariaden\u00edm, ako s\u00fa CNC s\u00fastruhy, CNC obr\u00e1bacie centr\u00e1 a CNC br\u00fasky, aby sme zabezpe\u010dili presnos\u0165 a kvalitu na\u0161ich v\u00fdrobkov.<\/p>\n<h3>Popredajn\u00fd servis:<\/h3>\n<p>Poskytujeme komplexn\u00e9 popredajn\u00e9 slu\u017eby vr\u00e1tane technickej podpory, opr\u00e1v a v\u00fdmeny dielov, aby sme zabezpe\u010dili spokojnos\u0165 na\u0161ich z\u00e1kazn\u00edkov s na\u0161imi produktmi a slu\u017ebami.<\/p>\n<p>Autor: lyl<\/p>\n<p><img decoding=\"async\" src=\"https:\/\/www.hydraulic-cylinders.net\/wp-content\/uploads\/2025\/01\/songte-bushings-with-all-kinds-of-excavator-models.webp\"><\/p>","protected":false},"excerpt":{"rendered":"<p>Bucket Cylinder for Kobelco Large Excavator SK310 Introduction The bucket cylinder for Kobelco large excavator SK310 is a type of hydraulic cylinder specifically designed to control the movement of the bucket in heavy machinery such as excavators, backhoes, and front-end loaders. Its main function is to enable the bucket to lift, lower, and tilt, making [&hellip;]<\/p>","protected":false},"featured_media":14769,"comment_status":"open","ping_status":"closed","template":"","meta":{"_et_pb_use_builder":"","_et_pb_old_content":"","_et_gb_content_width":""},"product_brand":[],"product_cat":[1494],"product_tag":[1495,1496],"class_list":{"0":"post-15368","1":"product","2":"type-product","3":"status-publish","4":"has-post-thumbnail","6":"product_cat-bucket-cylinders","7":"product_tag-bucket-cylinders","8":"product_tag-hydraulic-cylinders","10":"first","11":"instock","12":"shipping-taxable","13":"product-type-simple"},"amp_enabled":true,"_links":{"self":[{"href":"https:\/\/www.hydraulic-cylinders.net\/sk\/wp-json\/wp\/v2\/product\/15368","targetHints":{"allow":["GET"]}}],"collection":[{"href":"https:\/\/www.hydraulic-cylinders.net\/sk\/wp-json\/wp\/v2\/product"}],"about":[{"href":"https:\/\/www.hydraulic-cylinders.net\/sk\/wp-json\/wp\/v2\/types\/product"}],"replies":[{"embeddable":true,"href":"https:\/\/www.hydraulic-cylinders.net\/sk\/wp-json\/wp\/v2\/comments?post=15368"}],"wp:featuredmedia":[{"embeddable":true,"href":"https:\/\/www.hydraulic-cylinders.net\/sk\/wp-json\/wp\/v2\/media\/14769"}],"wp:attachment":[{"href":"https:\/\/www.hydraulic-cylinders.net\/sk\/wp-json\/wp\/v2\/media?parent=15368"}],"wp:term":[{"taxonomy":"product_brand","embeddable":true,"href":"https:\/\/www.hydraulic-cylinders.net\/sk\/wp-json\/wp\/v2\/product_brand?post=15368"},{"taxonomy":"product_cat","embeddable":true,"href":"https:\/\/www.hydraulic-cylinders.net\/sk\/wp-json\/wp\/v2\/product_cat?post=15368"},{"taxonomy":"product_tag","embeddable":true,"href":"https:\/\/www.hydraulic-cylinders.net\/sk\/wp-json\/wp\/v2\/product_tag?post=15368"}],"curies":[{"name":"pracovn\u00fd list","href":"https:\/\/api.w.org\/{rel}","templated":true}]}}