{"id":15377,"date":"2025-01-19T14:27:15","date_gmt":"2025-01-19T14:27:15","guid":{"rendered":"https:\/\/www.hydraulic-cylinders.net\/product\/bucket-cylinder-for-yugong-wy135-8\/"},"modified":"2025-01-19T14:27:22","modified_gmt":"2025-01-19T14:27:22","slug":"bucket-cylinder-for-yugong-wy135-8","status":"publish","type":"product","link":"https:\/\/www.hydraulic-cylinders.net\/sk\/produkt\/bucket-cylinder-for-yugong-wy135-8\/","title":{"rendered":"Valec vedra pre Yugong WY135-8"},"content":{"rendered":"<h1>Valec vedra pre Yugong WY135-8<\/h1>\n<h2>\u00davod<\/h2>\n<p>Hydraulick\u00fd valec ly\u017eice pre Yugong WY135-8 je \u0161pecializovan\u00fd hydraulick\u00fd valec, ktor\u00fd sa prim\u00e1rne pou\u017e\u00edva na ovl\u00e1danie pohybu ly\u017eice v \u0165a\u017ek\u00fdch strojoch, ako s\u00fa bagre, r\u00fdpadl\u00e1 a \u010deln\u00e9 naklada\u010de. Jeho hlavnou funkciou je umo\u017eni\u0165 zdv\u00edhanie, sp\u00fa\u0161\u0165anie a nakl\u00e1\u0148anie ly\u017eice, \u010do u\u013eah\u010duje prepravu r\u00f4znych materi\u00e1lov. V hydraulickom syst\u00e9me valec ly\u017eice presne riadi pohyb ly\u017eice zmenou tlaku hydraulick\u00e9ho oleja, \u010do umo\u017e\u0148uje obsluhe efekt\u00edvne manipulova\u0165 s \u0165a\u017ek\u00fdmi bremenami, prisp\u00f4sobi\u0165 sa zlo\u017eit\u00fdm pracovn\u00fdm prostrediam a r\u00f4znorod\u00fdm po\u017eiadavk\u00e1m pr\u00e1ce.<\/p>\n<p><img decoding=\"async\" src=\"https:\/\/www.hydraulic-cylinders.net\/wp-content\/uploads\/2025\/01\/songte-company-2.webp\"\/><\/p>\n<h2>Funkcie<\/h2>\n<ul>\n<li>Vysok\u00e1 pevnos\u0165 a odolnos\u0165: Zvy\u010dajne s\u00fa vyroben\u00e9 z vysokopevnostnej ocele alebo hlin\u00edka, odol\u00e1vaj\u00fa vysok\u00e9mu tlaku a \u0165a\u017ek\u00fdm za\u0165a\u017eeniam, prisp\u00f4sobuj\u00fa sa n\u00e1ro\u010dn\u00fdm pracovn\u00fdm podmienkam a s\u00fa navrhnut\u00e9 s oh\u013eadom na odolnos\u0165 vo\u010di opotrebovaniu a kor\u00f3zii, \u010d\u00edm sa predl\u017euje ich \u017eivotnos\u0165.<\/li>\n<li>Efekt\u00edvna hydraulick\u00e1 prev\u00e1dzka: Vyu\u017e\u00edva tlak hydraulick\u00e9ho oleja na dosiahnutie plynul\u00e9ho vys\u00favania a zas\u00favania, r\u00fdchlu reakciu na ovl\u00e1dacie povely, poskytovanie silnej tla\u010dnej a \u0165a\u017enej sily a je vhodn\u00e1 na manipul\u00e1ciu s \u0165a\u017ek\u00fdmi bremenami a zlo\u017eit\u00fdmi pracovn\u00fdmi \u00falohami.<\/li>\n<li>R\u00f4zne typy: Jedno\u010dinn\u00e9 (hydraulicky ovl\u00e1dan\u00e9 iba v jednom smere) alebo dvoj\u010dinn\u00e9 (hydraulicky ovl\u00e1dan\u00e9 v oboch smeroch) valce je mo\u017en\u00e9 zvoli\u0165 pod\u013ea potreby splnenia r\u00f4znych prev\u00e1dzkov\u00fdch po\u017eiadaviek. Niektor\u00e9 modely s\u00fa teleskopick\u00e9, \u010do umo\u017e\u0148uje v\u00e4\u010d\u0161ie vysunutie bez zv\u00e4\u010d\u0161enia vonkaj\u0161\u00edch rozmerov, v\u010faka \u010domu s\u00fa vhodn\u00e9 pre aplik\u00e1cie s obmedzen\u00fdm priestorom.<\/li>\n<li>Vymenite\u013en\u00e9: N\u00e1\u0161 produkt dok\u00e1\u017ee dokonale nahradi\u0165 tieto hydraulick\u00e9 valce.<\/li>\n<\/ul>\n<p><img decoding=\"async\" src=\"https:\/\/www.hydraulic-cylinders.net\/wp-content\/uploads\/2025\/01\/songte-cylinder-head-with-all-kinds-excavator-models.webp\"\/><\/p>\n<h2>Aplik\u00e1cie<\/h2>\n<p>Valec s ko\u0161\u00edkom pre Yugong WY135-8 sa \u0161iroko pou\u017e\u00edva v r\u00f4znych odvetviach:<\/p>\n<ul>\n<li>Stavebn\u00e9 zariadenia: V bagroch s\u00fa k\u013e\u00fa\u010dov\u00e9 pre kopanie, nakladanie a premiest\u0148ovanie zeminy alebo sutiny. V r\u00fdpadlo-naklada\u010doch pom\u00e1ha valec ly\u017eice pri kopan\u00ed aj zdv\u00edhan\u00ed. <\/li>\n<li>Po\u013enohospod\u00e1rske stroje: Pou\u017e\u00edvaj\u00fa sa v \u010deln\u00fdch naklada\u010doch na naberanie, zdv\u00edhanie a prepravu p\u00f4dy, sena a in\u00fdch materi\u00e1lov.<\/li>\n<li>R\u00fdpadl\u00e1: Valec ly\u017eice umo\u017e\u0148uje kopanie t\u00fdm, \u017ee umo\u017e\u0148uje ly\u017eici prenikn\u00fa\u0165 do p\u00f4dy.<\/li>\n<li>\u010celn\u00e9 naklada\u010de: V \u010deln\u00fdch naklada\u010doch pom\u00e1haj\u00fa efekt\u00edvne zdv\u00edha\u0165 a nakl\u00e1\u0148a\u0165 bremena.<\/li>\n<\/ul>\n<p>Ka\u017ed\u00e1 aplik\u00e1cia je podrobne rozobrat\u00e1 ni\u017e\u0161ie:<\/p>\n<h3>Stavebn\u00e9 stroje<\/h3>\n<p>V bagroch je valec ly\u017eice z\u00e1kladnou s\u00fa\u010das\u0165ou, ktor\u00e1 pom\u00e1ha kopa\u0165, naklada\u0165 a premiest\u0148ova\u0165 zeminu alebo sutiny. M\u00e1 v\u00fdkon vykon\u00e1va\u0165 v\u0161etky \u0165a\u017ek\u00e9 \u00falohy s \u013eahkos\u0165ou a presnos\u0165ou. V r\u00fdpadlo-naklada\u010doch pom\u00e1ha valec ly\u017eice pri kopan\u00ed aj zdv\u00edhan\u00ed, v\u010faka \u010domu je nepostr\u00e1date\u013en\u00fdm n\u00e1strojom pre stavebn\u00e9 projekty.<\/p>\n<h3>Po\u013enohospod\u00e1rske stroje<\/h3>\n<p>Valec ly\u017eice je d\u00f4le\u017eitou s\u00fa\u010das\u0165ou po\u013enohospod\u00e1rskych strojov, najm\u00e4 \u010deln\u00fdch naklada\u010dov. Umo\u017e\u0148uje efekt\u00edvne nakladanie a vykladanie r\u00f4znych materi\u00e1lov, ako je p\u00f4da, seno a in\u00e9 po\u013enohospod\u00e1rske produkty. Jeho v\u00fdkon a stabilita ho robia ide\u00e1lnym na pou\u017eitie v po\u013enohospod\u00e1rskom sektore.<\/p>\n<h3>R\u00fdpadl\u00e1<\/h3>\n<p>Valec ly\u017eice pre Yugong WY135-8 hr\u00e1 v r\u00fdpadl\u00e1ch k\u013e\u00fa\u010dov\u00fa \u00falohu, preto\u017ee umo\u017e\u0148uje ly\u017eici prenikn\u00fa\u0165 do p\u00f4dy a zdv\u00edha\u0165 \u0165a\u017ek\u00e9 bremen\u00e1. V\u010faka svojej presnosti a \u00fa\u010dinnosti dok\u00e1\u017ee s \u013eahkos\u0165ou vykon\u00e1va\u0165 aj tie najn\u00e1ro\u010dnej\u0161ie \u00falohy, v\u010faka \u010domu je nepostr\u00e1date\u013en\u00fdm n\u00e1strojom pre ak\u00fdko\u013evek v\u00fdkopov\u00fd projekt.<\/p>\n<h3>\u010celn\u00e9 naklada\u010de<\/h3>\n<p>V \u010deln\u00fdch naklada\u010doch pom\u00e1ha valec ly\u017eice efekt\u00edvne zdv\u00edha\u0165 a nakl\u00e1\u0148a\u0165 bremena. V\u010faka svojmu v\u00fdkonu a stabilite dok\u00e1\u017ee \u013eahko zvl\u00e1dnu\u0165 \u0165a\u017ek\u00e9 bremen\u00e1, \u010do z neho rob\u00ed z\u00e1kladn\u00fa s\u00fa\u010das\u0165 ka\u017ed\u00e9ho \u010deln\u00e9ho naklada\u010da.<\/p>\n<h2>\u00davahy o dizajne a krit\u00e9ri\u00e1 v\u00fdberu<\/h2>\n<p>Kon\u0161truk\u010dn\u00e9 aspekty a krit\u00e9ri\u00e1 v\u00fdberu valca s ko\u0161\u00edkom pre Yugong WY135-8 s\u00fa nasledovn\u00e9:<\/p>\n<h3>\u00danosnos\u0165<\/h3>\n<p>Nosnos\u0165 valca je z\u00e1kladn\u00fdm faktorom pri jeho kon\u0161trukcii. Valec mus\u00ed by\u0165 schopn\u00fd odola\u0165 vysok\u00e9mu tlaku a \u0165a\u017ek\u00fdm za\u0165a\u017eeniam bez deform\u00e1cie alebo poruchy.<\/p>\n<h3>Tesnenie<\/h3>\n<p>Valec mus\u00ed ma\u0165 vynikaj\u00face tesnenie, aby sa zabr\u00e1nilo \u00faniku oleja a zabezpe\u010dila sa jeho plynul\u00e1 prev\u00e1dzka. Na zabezpe\u010denie maxim\u00e1lnej odolnosti proti opotrebovaniu a prevencie \u00faniku sa pou\u017e\u00edvaj\u00fa r\u00f4zne tesniace materi\u00e1ly, ako je polyuret\u00e1n a nitrilov\u00e1 guma.<\/p>\n<h3>Trvanlivos\u0165<\/h3>\n<p>Valec mus\u00ed by\u0165 odoln\u00fd a schopn\u00fd odola\u0165 n\u00e1ro\u010dn\u00fdm pracovn\u00fdm podmienkam a vysok\u00e9mu za\u0165a\u017eeniu. Pou\u017eit\u00e9 materi\u00e1ly musia ma\u0165 vysok\u00fa pevnos\u0165 a dobr\u00fa odolnos\u0165 vo\u010di opotrebovaniu, aby sa zabezpe\u010dila dlh\u00e1 \u017eivotnos\u0165 valca.<\/p>\n<h3>Bezpe\u010dnos\u0165<\/h3>\n<p>Bezpe\u010dnos\u0165 f\u013ea\u0161e je nanajv\u00fd\u0161 d\u00f4le\u017eit\u00e1 a mus\u00ed by\u0165 navrhnut\u00e1 s bezpe\u010dnostn\u00fdmi prvkami, ako s\u00fa pretlakov\u00e9 ventily, bezpe\u010dnostn\u00e9 z\u00e1mky a \u010fal\u0161ie bezpe\u010dnostn\u00e9 mechanizmy, aby sa predi\u0161lo nehod\u00e1m a zabezpe\u010dila sa bezpe\u010dnos\u0165 obsluhy.<\/p>\n<h3>\u00dadr\u017eba<\/h3>\n<p>Valec mus\u00ed by\u0165 navrhnut\u00fd s oh\u013eadom na jednoduch\u00fa \u00fadr\u017ebu, ako je jednoduch\u00e1 demont\u00e1\u017e a op\u00e4tovn\u00e1 mont\u00e1\u017e, \u013eahk\u00fd pr\u00edstup k vymenite\u013en\u00fdm dielom a jednoduch\u00e9 postupy \u00fadr\u017eby.<\/p>\n<p><img decoding=\"async\" src=\"https:\/\/www.hydraulic-cylinders.net\/wp-content\/uploads\/2025\/01\/songte-oil-pipes-and-spare-parts.webp\"\/><\/p>\n<h2>Tesnenie a mazanie<\/h2>\n<p>Hydraulick\u00fd valec pre Yugong WY135-8 pou\u017e\u00edva r\u00f4zne tesniace komponenty, ako s\u00fa tesnenia piestov a tesnenia ty\u010d\u00ed vyroben\u00e9 z materi\u00e1lov odoln\u00fdch vo\u010di opotrebovaniu, ako je polyuret\u00e1n a nitrilov\u00fd kau\u010duk. Teleso valca a z\u00e1vitov\u00e9 koncov\u00e9 plochy s\u00fa jemne o\u0161etren\u00e9 pre zv\u00fd\u0161enie odolnosti vo\u010di opotrebovaniu. Mazanie sa zabezpe\u010duje pridan\u00edm vhodn\u00e9ho mno\u017estva hydraulick\u00e9ho oleja, aby sa zabezpe\u010dil plynul\u00fd pohyb valca.<\/p>\n<h2>\u00dadr\u017eba a prevent\u00edvne opatrenia<\/h2>\n<p>Valec s ko\u0161\u00edkom pre Yugong WY135-8 si vy\u017eaduje pravideln\u00fa \u00fadr\u017ebu, aby sa zabezpe\u010dila jeho dlh\u00e1 \u017eivotnos\u0165 a optim\u00e1lny v\u00fdkon. \u00dalohy \u00fadr\u017eby zah\u0155\u0148aj\u00fa pravideln\u00fa kontrolu, mazanie, v\u00fdmenu tesnen\u00ed a kalibra\u010dn\u00e9 kontroly. Spr\u00e1vna in\u0161tal\u00e1cia, mazanie a nastavenie s\u00fa k\u013e\u00fa\u010dov\u00e9 pre optim\u00e1lny v\u00fdkon valca. Po\u010das in\u0161tal\u00e1cie by sa malo zabezpe\u010di\u0165 spr\u00e1vne vedenie pre zarovnanie a na upevnenie valca by sa mali pou\u017ei\u0165 vhodn\u00e9 mont\u00e1\u017ene konzoly. Mali by sa dodr\u017eiava\u0165 odpor\u00fa\u010dan\u00e9 postupy kontroly, opravy a v\u00fdmeny spolu s technikami, ktor\u00e9 zvy\u0161uj\u00fa \u017eivotnos\u0165 valca.<\/p>\n<p><img decoding=\"async\" src=\"https:\/\/www.hydraulic-cylinders.net\/wp-content\/uploads\/2025\/01\/songte-chushion-collar.webp\"\/><\/p>\n<h2>Bezpe\u010dnostn\u00e9 aspekty a faktory prostredia<\/h2>\n<p>Pri pou\u017e\u00edvan\u00ed valca s vedrom pre Yugong WY135-8 je potrebn\u00e9 dodr\u017eiava\u0165 bezpe\u010dnostn\u00e9 opatrenia, ako je zabezpe\u010denie spr\u00e1vnej in\u0161tal\u00e1cie, pravideln\u00e1 kontrola a \u00fadr\u017eba a dodr\u017eiavanie bezpe\u010dnostn\u00fdch pokynov na predch\u00e1dzanie nehod\u00e1m. Pri pou\u017e\u00edvan\u00ed valca je potrebn\u00e9 zoh\u013eadni\u0165 faktory prostredia, ako je teplota, vlhkos\u0165, koroz\u00edvne l\u00e1tky a prach.<\/p>\n<h2>Rie\u0161enie probl\u00e9mov a be\u017en\u00e9 probl\u00e9my<\/h2>\n<p>Nasleduje nieko\u013eko be\u017en\u00fdch probl\u00e9mov, ktor\u00e9 sa m\u00f4\u017eu vyskytn\u00fa\u0165 pri pou\u017e\u00edvan\u00ed valca vedra pre Yugong WY135-8:<\/p>\n<ul>\n<li>\u00danik oleja v d\u00f4sledku opotrebovan\u00fdch tesnen\u00ed<\/li>\n<li>Nedostato\u010dn\u00fd tlak v d\u00f4sledku chybn\u00e9ho \u010derpadla alebo ventilu<\/li>\n<li>Nadmern\u00e9 oh\u00fdbanie valca v d\u00f4sledku pre\u0165a\u017eenia alebo nespr\u00e1vnej in\u0161tal\u00e1cie<\/li>\n<\/ul>\n<p>Na rie\u0161enie t\u00fdchto probl\u00e9mov by sa mali vykona\u0165 nasleduj\u00face kroky:<\/p>\n<ul>\n<li>Skontrolujte tesniace komponenty, \u010di nie s\u00fa opotrebovan\u00e9, a v pr\u00edpade potreby ich vyme\u0148te<\/li>\n<li>Skontrolujte \u010derpadlo a ventil, \u010di nie s\u00fa pokazen\u00e9, a v pr\u00edpade potreby ich opravte alebo vyme\u0148te<\/li>\n<li>Skontrolujte in\u0161tal\u00e1ciu a zarovnanie valca, \u010di nie s\u00fa chyby, a pod\u013ea toho vykonajte \u00fapravy.<\/li>\n<\/ul>\n<h2>Predstavenie spolo\u010dnosti<\/h2>\n<p>Sme popredn\u00fdm v\u00fdrobcom a distrib\u00fatorom hydraulick\u00fdch valcov na dom\u00e1com aj medzin\u00e1rodnom trhu. Pon\u00fakame kompletn\u00fd sortiment hydraulick\u00fdch valcov a zaviazali sme sa dod\u00e1va\u0165 produkty vynikaj\u00facej kvality. Na\u0161e v\u00fdrobn\u00e9 procesy s\u00fa zalo\u017een\u00e9 na pokro\u010dil\u00fdch technol\u00f3gi\u00e1ch a m\u00e1me t\u00edm kvalifikovan\u00fdch odborn\u00edkov, ktor\u00ed zabezpe\u010duj\u00fa, aby na\u0161e produkty sp\u013a\u0148ali najvy\u0161\u0161ie \u0161tandardy kvality. Pon\u00fakame tie\u017e prisp\u00f4soben\u00e9 slu\u017eby, ktor\u00e9 sp\u013a\u0148aj\u00fa \u0161pecifick\u00e9 potreby na\u0161ich z\u00e1kazn\u00edkov. Na\u0161e produkty sa \u0161iroko pou\u017e\u00edvaj\u00fa v r\u00f4znych odvetviach a sme zn\u00e1mi na\u0161\u00edm z\u00e1v\u00e4zkom ku kvalite, spo\u013eahlivosti a spokojnosti z\u00e1kazn\u00edkov.<\/p>\n<p>Na\u0161a spolo\u010dnos\u0165 sa vyzna\u010duje nasledovn\u00fdm:<\/p>\n<ul>\n<li>Profesionalita<\/li>\n<li>Medzin\u00e1rodn\u00e1 certifik\u00e1cia<\/li>\n<li>Slu\u017eby na mieru<\/li>\n<li>Pokro\u010dil\u00e9 v\u00fdrobn\u00e9 zariadenia<\/li>\n<li>Vynikaj\u00faci popredajn\u00fd servis<\/li>\n<\/ul>\n<p>Sme hrd\u00ed na na\u0161e produkty a sme odhodlan\u00ed poskytova\u0165 na\u0161im z\u00e1kazn\u00edkom najlep\u0161ie mo\u017en\u00e9 rie\u0161enia pre ich potreby v oblasti hydraulick\u00fdch valcov.<\/p>\n<p><img decoding=\"async\" src=\"https:\/\/hzpt.com\/wp-content\/uploads\/2024\/11\/songte-company-1.webp\"\/><\/p>\n<p>Autor: lyl.<\/p>","protected":false},"excerpt":{"rendered":"<p>Bucket Cylinder For Yugong WY135-8 Introduction The bucket cylinder for Yugong WY135-8 is a specialized hydraulic cylinder primarily used to control the movement of the bucket in heavy machinery such as excavators, backhoes, and front-end loaders. Its main function is to allow the bucket to lift, lower, and tilt, making it easier to transport various [&hellip;]<\/p>","protected":false},"featured_media":14782,"comment_status":"open","ping_status":"closed","template":"","meta":{"_et_pb_use_builder":"","_et_pb_old_content":"","_et_gb_content_width":""},"product_brand":[],"product_cat":[1494],"product_tag":[1495,1496],"class_list":{"0":"post-15377","1":"product","2":"type-product","3":"status-publish","4":"has-post-thumbnail","6":"product_cat-bucket-cylinders","7":"product_tag-bucket-cylinders","8":"product_tag-hydraulic-cylinders","10":"first","11":"instock","12":"shipping-taxable","13":"product-type-simple"},"amp_enabled":true,"_links":{"self":[{"href":"https:\/\/www.hydraulic-cylinders.net\/sk\/wp-json\/wp\/v2\/product\/15377","targetHints":{"allow":["GET"]}}],"collection":[{"href":"https:\/\/www.hydraulic-cylinders.net\/sk\/wp-json\/wp\/v2\/product"}],"about":[{"href":"https:\/\/www.hydraulic-cylinders.net\/sk\/wp-json\/wp\/v2\/types\/product"}],"replies":[{"embeddable":true,"href":"https:\/\/www.hydraulic-cylinders.net\/sk\/wp-json\/wp\/v2\/comments?post=15377"}],"wp:featuredmedia":[{"embeddable":true,"href":"https:\/\/www.hydraulic-cylinders.net\/sk\/wp-json\/wp\/v2\/media\/14782"}],"wp:attachment":[{"href":"https:\/\/www.hydraulic-cylinders.net\/sk\/wp-json\/wp\/v2\/media?parent=15377"}],"wp:term":[{"taxonomy":"product_brand","embeddable":true,"href":"https:\/\/www.hydraulic-cylinders.net\/sk\/wp-json\/wp\/v2\/product_brand?post=15377"},{"taxonomy":"product_cat","embeddable":true,"href":"https:\/\/www.hydraulic-cylinders.net\/sk\/wp-json\/wp\/v2\/product_cat?post=15377"},{"taxonomy":"product_tag","embeddable":true,"href":"https:\/\/www.hydraulic-cylinders.net\/sk\/wp-json\/wp\/v2\/product_tag?post=15377"}],"curies":[{"name":"pracovn\u00fd list","href":"https:\/\/api.w.org\/{rel}","templated":true}]}}