{"id":15380,"date":"2025-01-19T14:27:33","date_gmt":"2025-01-19T14:27:33","guid":{"rendered":"https:\/\/www.hydraulic-cylinders.net\/product\/bucket-cylinder-for-grand-cme150lc\/"},"modified":"2025-01-19T14:27:35","modified_gmt":"2025-01-19T14:27:35","slug":"bucket-cylinder-for-grand-cme150lc","status":"publish","type":"product","link":"https:\/\/www.hydraulic-cylinders.net\/sk\/produkt\/bucket-cylinder-for-grand-cme150lc\/","title":{"rendered":"Valec vedra pre Grand CME150LC"},"content":{"rendered":"<h1>Valec vedra pre Grand CME150LC<\/h1>\n<h2>\u00davod<\/h2>\n<p>Hydraulick\u00fd valec ly\u017eice pre Grand CME150LC je typ \u0161pecializovan\u00e9ho hydraulick\u00e9ho valca, ktor\u00fd sa prim\u00e1rne pou\u017e\u00edva na ovl\u00e1danie pohybu r\u00fdpadiel v \u0165a\u017ek\u00fdch strojoch, ako s\u00fa r\u00fdpadl\u00e1, r\u00fdpadl\u00e1-naklada\u010de a \u010deln\u00e9 naklada\u010de. Jeho hlavnou funkciou je umo\u017eni\u0165 zdv\u00edhanie, sp\u00fa\u0161\u0165anie a nakl\u00e1\u0148anie r\u00fdpadla, \u010do u\u013eah\u010duje vykon\u00e1vanie r\u00f4znych \u00faloh manipul\u00e1cie s materi\u00e1lom. V hydraulickom syst\u00e9me valec ly\u017eice presne riadi pohyb r\u00fdpadla prostredn\u00edctvom zmien tlaku hydraulick\u00e9ho oleja, \u010do umo\u017e\u0148uje obsluhe efekt\u00edvne manipulova\u0165 s \u0165a\u017ek\u00fdmi bremenami a prisp\u00f4sobova\u0165 sa zlo\u017eit\u00fdm pracovn\u00fdm prostrediam a r\u00f4znorod\u00fdm po\u017eiadavk\u00e1m na pr\u00e1cu.<\/p>\n<p><img decoding=\"async\" src=\"https:\/\/www.hydraulic-cylinders.net\/wp-content\/uploads\/2025\/01\/songte-company-2.webp\" alt=\"Valec vedra pre Grand CME150LC\"><\/p>\n<h2>Funkcie<\/h2>\n<ul>\n<li>Vysok\u00e1 pevnos\u0165 a odolnos\u0165: Zvy\u010dajne je vyroben\u00fd z vysokopevnostnej ocele alebo hlin\u00edka, odol\u00e1 vysok\u00e9mu tlaku a \u0165a\u017ek\u00fdm za\u0165a\u017eeniam, prisp\u00f4sob\u00ed sa n\u00e1ro\u010dn\u00fdm pracovn\u00fdm podmienkam a je navrhnut\u00fd s oh\u013eadom na odolnos\u0165 vo\u010di opotrebovaniu a kor\u00f3zii, aby sa pred\u013a\u017eila jeho \u017eivotnos\u0165.<\/li>\n<li>Efekt\u00edvna hydraulick\u00e1 prev\u00e1dzka: Vyu\u017e\u00edva tlak hydraulick\u00e9ho oleja na dosiahnutie plynul\u00e9ho vys\u00favania a s\u0165ahovania, dok\u00e1\u017ee r\u00fdchlo reagova\u0165 na ovl\u00e1dacie povely, poskytuje siln\u00fa tla\u010dn\u00fa a \u0165a\u017en\u00fa silu a je vhodn\u00fd na manipul\u00e1ciu s \u0165a\u017ek\u00fdmi bremenami a zlo\u017eit\u00fdmi pracovn\u00fdmi \u00falohami.<\/li>\n<li>R\u00f4zne typy: Jedno\u010dinn\u00e9 (hydraulicky ovl\u00e1dan\u00e9 iba v jednom smere) alebo dvoj\u010dinn\u00e9 (hydraulicky ovl\u00e1dan\u00e9 v dvoch smeroch) valce je mo\u017en\u00e9 vybra\u0165 pod\u013ea potrieb, aby sa splnili r\u00f4zne prev\u00e1dzkov\u00e9 po\u017eiadavky. Niektor\u00e9 modely s\u00fa teleskopick\u00e9, \u010do umo\u017e\u0148uje v\u00e4\u010d\u0161ie vysunutie bez zv\u00e4\u010d\u0161enia vonkaj\u0161\u00edch rozmerov, vhodn\u00e9 pre aplik\u00e1cie s obmedzen\u00fdm priestorom.<\/li>\n<li>Z\u00e1kazkov\u00e1 v\u00fdroba: Na\u0161e produkty dok\u00e1\u017eu dokonale nahradi\u0165 tieto hydraulick\u00e9 valce.<\/li>\n<li>Jednoduch\u00e1 \u00fadr\u017eba: Jednoduch\u00e1 kon\u0161trukcia, jednoduch\u00e1 in\u0161tal\u00e1cia a demont\u00e1\u017e, pohodln\u00e1 \u00fadr\u017eba a vysok\u00e9 n\u00e1klady.<\/li>\n<\/ul>\n<p><img decoding=\"async\" src=\"https:\/\/www.hydraulic-cylinders.net\/wp-content\/uploads\/2025\/01\/songte-cylinder-head-with-all-kinds-excavator-models.webp\" alt=\"Valec vedra pre Grand CME150LC\"><\/p>\n<h2>Aplik\u00e1cie<\/h2>\n<p>Valec s ko\u0161\u00edkom pre Grand CME150LC sa \u0161iroko pou\u017e\u00edva v r\u00f4znych odvetviach, ako napr\u00edklad:<\/p>\n<ul>\n<li>Stavebn\u00e9 zariadenia: V bagroch s\u00fa nevyhnutn\u00e9 na kopanie, nakladanie a premiest\u0148ovanie zeminy alebo sutiny. V r\u00fdpadlo-naklada\u010doch pom\u00e1ha valec lopaty pri kopan\u00ed aj zdv\u00edhan\u00ed. <\/li>\n<li>Po\u013enohospod\u00e1rske stroje: Pou\u017e\u00edvaj\u00fa sa na \u010deln\u00e9 naklada\u010de, zdv\u00edhanie a prepravu p\u00f4dy, sena a in\u00fdch materi\u00e1lov. <\/li>\n<li>R\u00fdpadl\u00e1: Valec ly\u017eice vykon\u00e1va v\u00fdkopov\u00e9 \u010dinnosti t\u00fdm, \u017ee umo\u017e\u0148uje ly\u017eici prenikn\u00fa\u0165 do p\u00f4dy. <\/li>\n<li>Naklada\u010de: \u010celn\u00e9 naklada\u010de pom\u00e1haj\u00fa efekt\u00edvne zdv\u00edha\u0165 a nakl\u00e1\u0148a\u0165 n\u00e1klad.<\/li>\n<\/ul>\n<p>Vy\u0161\u0161ie uveden\u00e9 aplik\u00e1cie nie s\u00fa vy\u010derp\u00e1vaj\u00face a je mo\u017en\u00e9 ich prisp\u00f4sobi\u0165 pod\u013ea po\u017eiadaviek z\u00e1kazn\u00edka a \u0161pecifik\u00e1ci\u00ed zariadenia.<\/p>\n<h2>\u00davahy o dizajne a \u0161tandardy v\u00fdberu<\/h2>\n<ul>\n<li>Nosnos\u0165: Hydraulick\u00fd valec mus\u00ed nies\u0165 za\u0165a\u017eenie zariadenia alebo stroja, \u010do si vy\u017eaduje dostato\u010dn\u00fa pevnos\u0165 a tuhos\u0165, aby odolal deform\u00e1cii alebo po\u0161kodeniu pod tlakom.<\/li>\n<li>Tesnenie: Hydraulick\u00fd valec mus\u00ed by\u0165 tesne utesnen\u00fd, aby sa zabr\u00e1nilo \u00faniku oleja, zn\u00ed\u017eili sa straty energie a zabr\u00e1nilo sa vniknutiu vonkaj\u0161\u00edch ne\u010dist\u00f4t do syst\u00e9mu. Na tesniace kr\u00fa\u017eky sa zvy\u010dajne pou\u017e\u00edvaj\u00fa vysoko kvalitn\u00e9 a odoln\u00e9 polyuret\u00e1nov\u00e9 alebo nitrilov\u00e9 gumov\u00e9 materi\u00e1ly.<\/li>\n<li>Trvanlivos\u0165: Hydraulick\u00fd valec mus\u00ed ma\u0165 vynikaj\u00facu odolnos\u0165 vo\u010di kor\u00f3zii a opotrebovaniu, aby sa prisp\u00f4sobil r\u00f4znym n\u00e1ro\u010dn\u00fdm podmienkam, pred\u013a\u017eil \u017eivotnos\u0165 a zn\u00ed\u017eil n\u00e1klady na \u00fadr\u017ebu.<\/li>\n<li>Bezpe\u010dnos\u0165: Hydraulick\u00fd valec mus\u00ed ma\u0165 spo\u013eahliv\u00e9 bezpe\u010dnostn\u00e9 opatrenia, aby sa predi\u0161lo nehod\u00e1m sp\u00f4soben\u00fdm po\u0161koden\u00edm alebo poruchou zariadenia, ako s\u00fa poistn\u00e9 ventily alebo zariadenia na ochranu proti pre\u0165a\u017eeniu.<\/li>\n<li>\u00dadr\u017eba: Hydraulick\u00fd valec sa mus\u00ed da\u0165 \u013eahko in\u0161talova\u0165, demontova\u0165 a udr\u017eiava\u0165, \u010d\u00edm sa zn\u00ed\u017eia prestoje a n\u00e1klady a zlep\u0161\u00ed sa efektivita pr\u00e1ce.<\/li>\n<\/ul>\n<p><img decoding=\"async\" src=\"https:\/\/www.hydraulic-cylinders.net\/wp-content\/uploads\/2025\/01\/songte-oil-pipes-and-spare-parts.webp\" alt=\"Valec vedra pre Grand CME150LC\"><\/p>\n<h2>Tesnenie a mazanie<\/h2>\n<p>Hydraulick\u00fd valec pre Grand CME150LC je vybaven\u00fd r\u00f4znymi tesniacimi komponentmi, ako s\u00fa tesnenia piestov a tesnenia ty\u010d\u00ed, a je vyroben\u00fd z odoln\u00fdch a opotrebovaniu odoln\u00fdch materi\u00e1lov, ako je polyuret\u00e1n alebo nitrilov\u00e1 guma, ktor\u00e9 zais\u0165uj\u00fa vynikaj\u00face tesnenie a trvanlivos\u0165. Vn\u00fatorn\u00e1 stena valca a z\u00e1vitov\u00fd koniec s\u00fa navy\u0161e jemne opracovan\u00e9, aby sa zlep\u0161ila odolnos\u0165 proti opotrebovaniu a pred\u013a\u017eila \u017eivotnos\u0165. Pravideln\u00e1 \u00fadr\u017eba zah\u0155\u0148a prid\u00e1vanie vhodn\u00e9ho mno\u017estva hydraulick\u00e9ho oleja na mazanie valca a zabezpe\u010denie jeho plynul\u00e9ho chodu.<\/p>\n<h2>Kontroln\u00e9 a prevent\u00edvne \u00fadr\u017eb\u00e1rske opatrenia<\/h2>\n<p>Pravideln\u00e1 kontrola a prevent\u00edvna \u00fadr\u017eba s\u00fa nevyhnutn\u00e9 pre zaistenie bezpe\u010dnej a stabilnej prev\u00e1dzky valca vedra pre Grand CME150LC. <\/p>\n<ul>\n<li>Pravideln\u00e1 kontrola: Skontrolujte stav hydraulick\u00e9ho valca vr\u00e1tane hladiny hydraulick\u00e9ho oleja, stavu tesnenia a celkov\u00e9ho vzh\u013eadu. Ak\u00e9ko\u013evek praskliny, netesnosti alebo opotrebovanie by sa mali v\u010das opravi\u0165 alebo vymeni\u0165. <\/li>\n<li>Vhodn\u00e9 mazanie: Pridajte pr\u00edslu\u0161n\u00e9 mno\u017estvo hydraulick\u00e9ho oleja, aby ste zabezpe\u010dili hladk\u00fd chod hydraulick\u00e9ho valca. <\/li>\n<li>V\u00fdmena tesnenia a kontrola kalibr\u00e1cie: Pravidelne vymie\u0148ajte tesnenia a kontrolujte kalibr\u00e1ciu, aby ste zabezpe\u010dili tesniaci v\u00fdkon a stabilitu valca.<\/li>\n<\/ul>\n<p>Spr\u00e1vna in\u0161tal\u00e1cia, mazanie a nastavenie s\u00fa k\u013e\u00fa\u010dov\u00fdmi faktormi pred\u013a\u017eenia \u017eivotnosti valca s ko\u0161\u00edkom pre Grand CME150LC. Odpor\u00fa\u010da sa spr\u00e1vne zarovnanie a pou\u017eitie vhodn\u00fdch mont\u00e1\u017enych konzol na upevnenie valca po\u010das in\u0161tal\u00e1cie. Pravideln\u00e9 kontroly, opravy a v\u00fdmeny s\u00fa nevyhnutn\u00e9 na zabezpe\u010denie optim\u00e1lneho v\u00fdkonu a dlhej \u017eivotnosti valca. <\/p>\n<p><img decoding=\"async\" src=\"https:\/\/www.hydraulic-cylinders.net\/wp-content\/uploads\/2025\/01\/songte-chushion-collar.webp\" alt=\"Valec vedra pre Grand CME150LC\"><\/p>\n<h2>Bezpe\u010dnostn\u00e9 aspekty a faktory prostredia<\/h2>\n<p>Pri pou\u017e\u00edvan\u00ed hydraulick\u00e9ho valca s vedrom pre Grand CME150LC musia by\u0165 zaveden\u00e9 bezpe\u010dnostn\u00e9 opatrenia, aby sa predi\u0161lo nehod\u00e1m sp\u00f4soben\u00fdm po\u0161koden\u00edm alebo poruchou zariadenia. Je nevyhnutn\u00e9 starostlivo dodr\u017eiava\u0165 pokyny v\u00fdrobcu a in\u0161tal\u00e1ciu, opravy a v\u00fdmenu by mal vykon\u00e1va\u0165 iba vy\u0161kolen\u00fd person\u00e1l. Pri v\u00fdbere vhodn\u00e9ho hydraulick\u00e9ho valca by sa mali zoh\u013eadni\u0165 aj faktory prostredia, ako je teplota, vlhkos\u0165 a vystavenie koroz\u00edvnym l\u00e1tkam.<\/p>\n<h2>Rie\u0161enie probl\u00e9mov a be\u017en\u00e9 probl\u00e9my<\/h2>\n<p>Medzi be\u017en\u00e9 probl\u00e9my s valcom vedra pre Grand CME150LC patr\u00ed \u00fanik oleja, zaseknut\u00e9 zdv\u00edhanie a chybn\u00e9 pretlakov\u00e9 ventily. Na diagnostiku a odstr\u00e1nenie t\u00fdchto probl\u00e9mov je nevyhnutn\u00e9 starostlivo dodr\u017eiava\u0165 pokyny v\u00fdrobcu a v pr\u00edpade potreby vyh\u013eada\u0165 odborn\u00fa pomoc.<\/p>\n<h2>Z\u00e1ver<\/h2>\n<p>Sme popredn\u00fdm v\u00fdrobcom a ve\u013ekoobchodn\u00edkom hydraulick\u00fdch valcov na celom svete. Pon\u00fakame \u0161irok\u00fa \u0161k\u00e1lu produktov a slu\u017eieb na mieru, aby sme uspokojili rozmanit\u00e9 potreby na\u0161ich z\u00e1kazn\u00edkov. Na\u0161e produkty s\u00fa vyroben\u00e9 z najkvalitnej\u0161\u00edch materi\u00e1lov a vyr\u00e1ban\u00e9 s pou\u017eit\u00edm najmodernej\u0161\u00edch digit\u00e1lnych zariaden\u00ed a profesion\u00e1lnych testovac\u00edch syst\u00e9mov, aby sme zabezpe\u010dili maxim\u00e1lnu kvalitu a odolnos\u0165. Poskytujeme vynikaj\u00faci popredajn\u00fd servis a sna\u017e\u00edme sa dod\u00e1va\u0165 na\u0161im z\u00e1kazn\u00edkom produkty najvy\u0161\u0161ej kvality za konkurencieschopn\u00e9 ceny.<\/p>\n<p><img decoding=\"async\" src=\"https:\/\/hzpt.com\/wp-content\/uploads\/2024\/11\/songte-company-1.webp\" alt=\"Valec vedra pre Grand CME150LC\"><\/p>\n<h3>O autorovi<\/h3>\n<p>Autor: lyl<\/p>","protected":false},"excerpt":{"rendered":"<p>Bucket Cylinder For Grand CME150LC Introduction The Bucket Cylinder for Grand CME150LC is a type of specialized hydraulic cylinder primarily used to control the movement of shovels in heavy machinery such as excavators, backhoe excavators, and front loaders. Its primary function is to enable the shovel to lift, lower, and tilt, making it easier to [&hellip;]<\/p>","protected":false},"featured_media":14776,"comment_status":"open","ping_status":"closed","template":"","meta":{"_et_pb_use_builder":"","_et_pb_old_content":"","_et_gb_content_width":""},"product_brand":[],"product_cat":[1494],"product_tag":[1495,1496],"class_list":{"0":"post-15380","1":"product","2":"type-product","3":"status-publish","4":"has-post-thumbnail","6":"product_cat-bucket-cylinders","7":"product_tag-bucket-cylinders","8":"product_tag-hydraulic-cylinders","10":"first","11":"instock","12":"shipping-taxable","13":"product-type-simple"},"amp_enabled":true,"_links":{"self":[{"href":"https:\/\/www.hydraulic-cylinders.net\/sk\/wp-json\/wp\/v2\/product\/15380","targetHints":{"allow":["GET"]}}],"collection":[{"href":"https:\/\/www.hydraulic-cylinders.net\/sk\/wp-json\/wp\/v2\/product"}],"about":[{"href":"https:\/\/www.hydraulic-cylinders.net\/sk\/wp-json\/wp\/v2\/types\/product"}],"replies":[{"embeddable":true,"href":"https:\/\/www.hydraulic-cylinders.net\/sk\/wp-json\/wp\/v2\/comments?post=15380"}],"wp:featuredmedia":[{"embeddable":true,"href":"https:\/\/www.hydraulic-cylinders.net\/sk\/wp-json\/wp\/v2\/media\/14776"}],"wp:attachment":[{"href":"https:\/\/www.hydraulic-cylinders.net\/sk\/wp-json\/wp\/v2\/media?parent=15380"}],"wp:term":[{"taxonomy":"product_brand","embeddable":true,"href":"https:\/\/www.hydraulic-cylinders.net\/sk\/wp-json\/wp\/v2\/product_brand?post=15380"},{"taxonomy":"product_cat","embeddable":true,"href":"https:\/\/www.hydraulic-cylinders.net\/sk\/wp-json\/wp\/v2\/product_cat?post=15380"},{"taxonomy":"product_tag","embeddable":true,"href":"https:\/\/www.hydraulic-cylinders.net\/sk\/wp-json\/wp\/v2\/product_tag?post=15380"}],"curies":[{"name":"pracovn\u00fd list","href":"https:\/\/api.w.org\/{rel}","templated":true}]}}