{"id":15382,"date":"2025-01-19T14:27:41","date_gmt":"2025-01-19T14:27:41","guid":{"rendered":"https:\/\/www.hydraulic-cylinders.net\/product\/bucket-cylinder-for-volvo-small-excavator-ecr50d\/"},"modified":"2025-01-19T14:27:43","modified_gmt":"2025-01-19T14:27:43","slug":"bucket-cylinder-for-volvo-small-excavator-ecr50d","status":"publish","type":"product","link":"https:\/\/www.hydraulic-cylinders.net\/sk\/produkt\/bucket-cylinder-for-volvo-small-excavator-ecr50d\/","title":{"rendered":"Valec vedra pre mal\u00e9 r\u00fdpadlo Volvo ECR50D"},"content":{"rendered":"<h1>Valec vedra pre mal\u00e9 r\u00fdpadlo Volvo ECR50D<\/h1>\n<h2>\u00davod<\/h2>\n<p>Hydraulick\u00fd valec ly\u017eice pre mal\u00e9 r\u00fdpadlo Volvo ECR50D je \u0161peci\u00e1lne navrhnut\u00fd hydraulick\u00fd valec, ktor\u00fd sa prim\u00e1rne pou\u017e\u00edva na ovl\u00e1danie pohybu ly\u017eice v \u0165a\u017ek\u00fdch strojoch, ako s\u00fa r\u00fdpadl\u00e1, r\u00fdpadl\u00e1-naklada\u010de a \u010deln\u00e9 naklada\u010de. Jeho hlavnou funkciou je umo\u017eni\u0165 zdv\u00edhanie, sp\u00fa\u0161\u0165anie a nakl\u00e1\u0148anie ly\u017eice, \u010do u\u013eah\u010duje vykon\u00e1vanie r\u00f4znych \u00faloh manipul\u00e1cie s materi\u00e1lom. V hydraulickom syst\u00e9me valec ly\u017eice vyu\u017e\u00edva zmenu tlaku hydraulick\u00e9ho oleja na dosiahnutie presn\u00e9ho ovl\u00e1dania ly\u017eice, \u010do umo\u017e\u0148uje obsluhe efekt\u00edvne manipulova\u0165 s \u0165a\u017ek\u00fdmi bremenami, prisp\u00f4sobi\u0165 sa zlo\u017eit\u00fdm pracovn\u00fdm prostrediam a r\u00f4znym prev\u00e1dzkov\u00fdm potreb\u00e1m.<\/p>\n<p><img decoding=\"async\" src=\"https:\/\/www.hydraulic-cylinders.net\/wp-content\/uploads\/2025\/01\/songte-company-2.webp\" alt=\"Valec vedra pre mal\u00e9 r\u00fdpadlo Volvo ECR50D\"\/><\/p>\n<h2>Funkcie<\/h2>\n<ul>\n<li>Vysok\u00e1 pevnos\u0165 a odolnos\u0165: Zvy\u010dajne vyroben\u00fd z vysokopevnostnej ocele alebo hlin\u00edka, odol\u00e1 vysok\u00e9mu tlaku a \u0165a\u017ek\u00fdm za\u0165a\u017eeniam, prisp\u00f4sob\u00ed sa n\u00e1ro\u010dn\u00fdm pracovn\u00fdm podmienkam a pri kon\u0161trukcii zoh\u013ead\u0148uje odolnos\u0165 vo\u010di opotrebovaniu a kor\u00f3zii, \u010d\u00edm sa predl\u017euje jeho \u017eivotnos\u0165.<\/li>\n<li>Efekt\u00edvna hydraulick\u00e1 prev\u00e1dzka: Vyu\u017e\u00edva tlak hydraulick\u00e9ho oleja na dosiahnutie plynul\u00fdch pohybov roz\u0165ahovania a s\u0165ahovania, dok\u00e1\u017ee r\u00fdchlo reagova\u0165 na ovl\u00e1dacie povely, poskytuje siln\u00fa tla\u010dn\u00fa a \u0165a\u017en\u00fa silu a je vhodn\u00e1 na manipul\u00e1ciu s \u0165a\u017ek\u00fdmi predmetmi a zlo\u017eit\u00e9 prev\u00e1dzkov\u00e9 \u00falohy.<\/li>\n<li>R\u00f4zne typy: Pod\u013ea potreby je mo\u017en\u00e9 zvoli\u0165 jedno\u010dinn\u00e9 (hydraulicky ovl\u00e1dan\u00e9 iba v jednom smere) alebo dvoj\u010dinn\u00e9 (hydraulicky ovl\u00e1dan\u00e9 v oboch smeroch) valce, aby sa splnili r\u00f4zne prev\u00e1dzkov\u00e9 potreby. Niektor\u00e9 modely s\u00fa teleskopick\u00e9, \u010do umo\u017e\u0148uje v\u00e4\u010d\u0161ie vysunutie bez zv\u00e4\u010d\u0161enia vonkaj\u0161\u00edch rozmerov, vhodn\u00e9 pre aplik\u00e1cie s obmedzen\u00fdm priestorom.<\/li>\n<li>Prisp\u00f4sobite\u013en\u00e9: Na\u0161a spolo\u010dnos\u0165 dok\u00e1\u017ee tento produkt vyrobi\u0165 a na\u0161e produkty dok\u00e1\u017eu dokonale nahradi\u0165 tieto hydraulick\u00e9 valce.<\/li>\n<\/ul>\n<p><img decoding=\"async\" src=\"https:\/\/www.hydraulic-cylinders.net\/wp-content\/uploads\/2025\/01\/songte-cylinder-head-with-all-kinds-excavator-models.webp\" alt=\"Valec vedra pre mal\u00e9 r\u00fdpadlo Volvo ECR50D\"\/><\/p>\n<h2>Aplik\u00e1cie<\/h2>\n<p>Valec ko\u0161\u00edka pre mal\u00e9 r\u00fdpadlo Volvo ECR50D sa \u0161iroko pou\u017e\u00edva v r\u00f4znych oblastiach vr\u00e1tane:<\/p>\n<ul>\n<li>Stavebn\u00e9 zariadenia: V bagroch s\u00fa k\u013e\u00fa\u010dov\u00e9 pre v\u00fdkopov\u00e9 pr\u00e1ce, nakladanie a premiest\u0148ovanie zeminy alebo sutiny. V r\u00fdpadlo-naklada\u010doch pom\u00e1ha valec lopaty pri v\u00fdkopov\u00fdch pr\u00e1cach aj zdv\u00edhan\u00ed. <\/li>\n<li>Po\u013enohospod\u00e1rske stroje: Pou\u017e\u00edvaj\u00fa sa v \u010deln\u00fdch naklada\u010doch na naberanie, zdv\u00edhanie a prepravu p\u00f4dy, sena a in\u00fdch materi\u00e1lov. <\/li>\n<li>R\u00fdpadl\u00e1: Valec ly\u017eice dosahuje kopac\u00ed \u00fa\u010dinok t\u00fdm, \u017ee umo\u017e\u0148uje ly\u017eici prenikn\u00fa\u0165 do p\u00f4dy. <\/li>\n<li>Naklada\u010de: \u010celn\u00e9 naklada\u010de pom\u00e1haj\u00fa efekt\u00edvne zdv\u00edha\u0165 a vyklada\u0165 tovar.<\/li>\n<\/ul>\n<p>Pozrime sa bli\u017e\u0161ie na ka\u017ed\u00fa z t\u00fdchto aplik\u00e1ci\u00ed:<\/p>\n<h3>Stavebn\u00e9 stroje<\/h3>\n<p>Valec ko\u0161\u00edka pre mal\u00e9 r\u00fdpadlo Volvo ECR50D je z\u00e1kladnou s\u00fa\u010das\u0165ou r\u00fdpadiel a r\u00fdpadiel-bagrov. V r\u00fdpadl\u00e1ch je valec ko\u0161\u00edka zodpovedn\u00fd za v\u00fdkop a nakladanie zeminy alebo sutiny, zatia\u013e \u010do v r\u00fdpadlov\u00fdch bagroch pom\u00e1ha pri v\u00fdkope a zdv\u00edhan\u00ed. Vysok\u00e1 pevnos\u0165 a odolnos\u0165 valca ko\u0161\u00edka ho predur\u010duj\u00fa do n\u00e1ro\u010dn\u00fdch pracovn\u00fdch prostred\u00ed, ako s\u00fa stavenisk\u00e1.<\/p>\n<h3>Po\u013enohospod\u00e1rske stroje<\/h3>\n<p>Hydraulick\u00fd valec ly\u017eice pre mal\u00e9 r\u00fdpadlo Volvo ECR50D sa tie\u017e \u0161iroko pou\u017e\u00edva v \u010deln\u00fdch naklada\u010doch, ktor\u00e9 sa pou\u017e\u00edvaj\u00fa na naberanie, zdv\u00edhanie a prepravu p\u00f4dy, sena a in\u00fdch materi\u00e1lov na farm\u00e1ch. V\u010faka efekt\u00edvnemu hydraulick\u00e9mu ovl\u00e1daniu a prisp\u00f4sobite\u013en\u00fdm typom je valec ly\u017eice vhodn\u00fd na r\u00f4zne po\u013enohospod\u00e1rske \u00falohy.<\/p>\n<h3>R\u00fdpadl\u00e1<\/h3>\n<p>V r\u00fdpadl\u00e1ch je valec ly\u017eice pre mal\u00e9 r\u00fdpadlo Volvo ECR50D zodpovedn\u00fd za kopanie a nakladanie zeminy alebo sutiny. Valec ly\u017eice dosahuje kopac\u00ed \u00fa\u010dinok t\u00fdm, \u017ee umo\u017e\u0148uje ly\u017eici prenikn\u00fa\u0165 do p\u00f4dy. Vysok\u00e1 presnos\u0165 a \u00fa\u010dinnos\u0165 valca ly\u017eice ho predur\u010duj\u00fa na r\u00f4zne v\u00fdkopov\u00e9 \u00falohy.<\/p>\n<h3>Naklada\u010de<\/h3>\n<p>Valec ly\u017eice pre mal\u00e9 r\u00fdpadlo Volvo ECR50D sa pou\u017e\u00edva aj v \u010deln\u00fdch naklada\u010doch, ktor\u00e9 sa pou\u017e\u00edvaj\u00fa na zdv\u00edhanie a vykladanie tovaru. Vysok\u00e1 tla\u010dn\u00e1 a \u0165a\u017en\u00e1 sila valca ly\u017eice ho rob\u00ed vhodn\u00fdm na zdv\u00edhanie \u0165a\u017ek\u00fdch bremien a ich efekt\u00edvne vykladanie.<\/p>\n<p><img decoding=\"async\" src=\"https:\/\/hzpt.com\/wp-content\/uploads\/2024\/11\/songte-company-1.webp\" alt=\"Valec vedra pre mal\u00e9 r\u00fdpadlo Volvo ECR50D\"\/><\/p>\n<h2>\u00davahy o dizajne a krit\u00e9ri\u00e1 v\u00fdberu<\/h2>\n<p>Valec kor\u010deka pre mal\u00e9 r\u00fdpadlo Volvo ECR50D mus\u00ed sp\u013a\u0148a\u0165 r\u00f4zne kon\u0161truk\u010dn\u00e9 aspekty a v\u00fdberov\u00e9 krit\u00e9ri\u00e1, aby sa zabezpe\u010dila efekt\u00edvna prev\u00e1dzka a dlh\u00e1 \u017eivotnos\u0165. Medzi tieto aspekty a krit\u00e9ri\u00e1 patria:<\/p>\n<ul>\n<li>\u00danosnos\u0165: \u00danosnos\u0165 valca kor\u010deka z\u00e1vis\u00ed od priemeru piestu a vn\u00fatorn\u00e9ho tlaku hydraulick\u00e9ho oleja. V\u00e4\u010d\u0161\u00ed priemer piestu a vy\u0161\u0161\u00ed vn\u00fatorn\u00fd tlak hydraulick\u00e9ho oleja ved\u00fa k vy\u0161\u0161ej \u00fanosnosti.<\/li>\n<li>Tesnenie: Valec vedra mus\u00ed ma\u0165 spo\u013eahliv\u00e9 tesnenie, aby sa zabr\u00e1nilo \u00faniku hydraulick\u00e9ho oleja a zabezpe\u010dila sa efekt\u00edvna prev\u00e1dzka. Tesniace komponenty, ako s\u00fa tesnenia piestov a ty\u010d\u00ed, musia by\u0165 vyroben\u00e9 z materi\u00e1lov odoln\u00fdch vo\u010di opotrebovaniu, ako je polyuret\u00e1n alebo nitrilov\u00e1 guma, aby sa zabezpe\u010dila dlh\u00e1 \u017eivotnos\u0165.<\/li>\n<li>Trvanlivos\u0165: Valec s kor\u010dekom mus\u00ed by\u0165 vyroben\u00fd z vysokopevnostn\u00fdch materi\u00e1lov, ako je oce\u013e alebo hlin\u00edk, aby odolal n\u00e1ro\u010dn\u00fdm pracovn\u00fdm podmienkam a vysok\u00e9mu za\u0165a\u017eeniu. Teleso valca a povrch ty\u010de musia by\u0165 jemne opracovan\u00e9, aby sa zlep\u0161ila odolnos\u0165 vo\u010di opotrebovaniu a kor\u00f3zii.<\/li>\n<li>Bezpe\u010dnos\u0165: Valec s vedrom mus\u00ed ma\u0165 spo\u013eahliv\u00e9 bezpe\u010dnostn\u00e9 opatrenia, ako s\u00fa poistn\u00e9 ventily a ochrana proti pre\u0165a\u017eeniu, aby sa predi\u0161lo nehod\u00e1m a zabezpe\u010dila sa bezpe\u010dn\u00e1 prev\u00e1dzka.<\/li>\n<li>\u00dadr\u017eba: Valec vedra mus\u00ed ma\u0165 jednoduch\u00e9 postupy \u00fadr\u017eby a opravy, ako s\u00fa \u013eahko vymenite\u013en\u00e9 tesniace komponenty a jasn\u00e9 pokyny na \u00fadr\u017ebu, aby sa zabezpe\u010dila jednoduch\u00e1 \u00fadr\u017eba a oprava.<\/li>\n<\/ul>\n<p><img decoding=\"async\" src=\"https:\/\/www.hydraulic-cylinders.net\/wp-content\/uploads\/2025\/01\/songte-oil-pipes-and-spare-parts.webp\" alt=\"Valec vedra pre mal\u00e9 r\u00fdpadlo Volvo ECR50D\"\/><\/p>\n<h2>Tesnenie a mazanie<\/h2>\n<p>Valec lopaty pre mal\u00e9 r\u00fdpadlo Volvo ECR50D vy\u017eaduje spo\u013eahliv\u00e9 tesnenie a spr\u00e1vne mazanie, aby sa zabezpe\u010dila efekt\u00edvna prev\u00e1dzka a dlh\u00e1 \u017eivotnos\u0165. Opatrenia t\u00fdkaj\u00face sa tesnenia a mazania zah\u0155\u0148aj\u00fa:<\/p>\n<ul>\n<li>Pou\u017eitie r\u00f4znych tesniacich komponentov, ako s\u00fa tesnenia piestov a tesnenia ty\u010d\u00ed, vyroben\u00fdch z materi\u00e1lov odoln\u00fdch vo\u010di opotrebovaniu, ako je polyuret\u00e1n alebo nitrilov\u00fd kau\u010duk, na zabr\u00e1nenie \u00faniku hydraulick\u00e9ho oleja. <\/li>\n<li>Zu\u0161\u013eachtenie povrchu telesa valca a piestnice pre zlep\u0161enie odolnosti vo\u010di opotrebovaniu a kor\u00f3zii. <\/li>\n<li>Pravidelne prid\u00e1vajte vhodn\u00fd hydraulick\u00fd olej na mazanie, aby ste zn\u00ed\u017eili trenie a opotrebenie a zabr\u00e1nili hrdzaveniu a kor\u00f3zii. <\/li>\n<\/ul>\n<h2>Pravideln\u00e1 kontrola a prevent\u00edvna \u00fadr\u017eba<\/h2>\n<p>Pre zaistenie efekt\u00edvnej prev\u00e1dzky a dlhej \u017eivotnosti valca ko\u0161\u00edka pre mal\u00e9 r\u00fdpadlo Volvo ECR50D je potrebn\u00e1 pravideln\u00e1 kontrola a prevent\u00edvna \u00fadr\u017eba. Medzi opatrenia kontroly a \u00fadr\u017eby patria:<\/p>\n<ul>\n<li>Pravideln\u00e1 kontrola povrchu telesa valca, piesta a ty\u010de, \u010di nie s\u00fa opotrebovan\u00e9 a kor\u00f3zovan\u00e9. <\/li>\n<li>Pravideln\u00e9 mazanie telesa valca, piesta a povrchu ty\u010de vhodn\u00fdm hydraulick\u00fdm olejom. <\/li>\n<li>Pravideln\u00e1 v\u00fdmena tesniacich komponentov, ako s\u00fa tesnenia piestov a tesnenia ty\u010d\u00ed, aby sa zabr\u00e1nilo \u00faniku hydraulick\u00e9ho oleja a zabezpe\u010dila sa efekt\u00edvna prev\u00e1dzka. <\/li>\n<li>Pravideln\u00e1 kalibr\u00e1cia valca pre zabezpe\u010denie presnej prev\u00e1dzky. <\/li>\n<\/ul>\n<h2>Sprievodca in\u0161tal\u00e1ciou produktu<\/h2>\n<p>Spr\u00e1vna in\u0161tal\u00e1cia valca ko\u0161\u00edka pre mal\u00e9 r\u00fdpadlo Volvo ECR50D je k\u013e\u00fa\u010dov\u00e1 pre efekt\u00edvnu prev\u00e1dzku a dlh\u00fa \u017eivotnos\u0165. In\u0161tala\u010dn\u00fd n\u00e1vod obsahuje:<\/p>\n<ul>\n<li>Spr\u00e1vne nastavenie valca pre zabezpe\u010denie presnej prev\u00e1dzky. <\/li>\n<li>Pou\u017eitie vhodn\u00fdch mont\u00e1\u017enych konzol na upevnenie valca. <\/li>\n<li>Spr\u00e1vne mazanie telesa valca, piesta a povrchu ty\u010de vhodn\u00fdm hydraulick\u00fdm olejom. <\/li>\n<li>Pravideln\u00e1 kalibr\u00e1cia valca pre zabezpe\u010denie presnej prev\u00e1dzky. <\/li>\n<\/ul>\n<h2>Be\u017en\u00e9 \u00falohy \u00fadr\u017eby<\/h2>\n<p>Pravideln\u00e9 \u00fadr\u017eb\u00e1rske pr\u00e1ce, ako je kontrola, mazanie a kalibr\u00e1cia, s\u00fa k\u013e\u00fa\u010dov\u00e9 pre efekt\u00edvnu prev\u00e1dzku a dlh\u00fa \u017eivotnos\u0165 valca ko\u0161\u00edka pre mal\u00e9 r\u00fdpadlo Volvo ECR50D. Medzi be\u017en\u00e9 \u00fadr\u017eb\u00e1rske pr\u00e1ce patria:<\/p>\n<ul>\n<li>Pravideln\u00e1 kontrola povrchu telesa valca, piesta a ty\u010de, \u010di nie s\u00fa opotrebovan\u00e9 a kor\u00f3zovan\u00e9. <\/li>\n<li>Pravideln\u00e9 mazanie telesa valca, piesta a povrchu ty\u010de vhodn\u00fdm hydraulick\u00fdm olejom. <\/li>\n<li>Pravideln\u00e1 v\u00fdmena tesniacich komponentov, ako s\u00fa tesnenia piestov a tesnenia ty\u010d\u00ed, aby sa zabr\u00e1nilo \u00faniku hydraulick\u00e9ho oleja a zabezpe\u010dila sa efekt\u00edvna prev\u00e1dzka. <\/li>\n<li>Spr\u00e1vna kalibr\u00e1cia valca pre zabezpe\u010denie presnej prev\u00e1dzky. <\/li>\n<\/ul>\n<h2>Bezpe\u010dnostn\u00e9 aspekty a faktory prostredia<\/h2>\n<p>Pri pou\u017eit\u00ed valca ko\u0161\u00edka pre mal\u00e9 r\u00fdpadlo Volvo ECR50D je potrebn\u00e9 zoh\u013eadni\u0165 bezpe\u010dnostn\u00e9 aspekty a faktory prostredia, aby sa predi\u0161lo nehod\u00e1m a zabezpe\u010dila sa ochrana \u017eivotn\u00e9ho prostredia. Medzi bezpe\u010dnostn\u00e9 aspekty a faktory prostredia patria:<\/p>\n<ul>\n<li>Spr\u00e1vne za\u0161kolenie oper\u00e1torov na zabezpe\u010denie bezpe\u010dnej prev\u00e1dzky. <\/li>\n<li>Pou\u017e\u00edvanie spo\u013eahliv\u00fdch bezpe\u010dnostn\u00fdch opatren\u00ed, ako s\u00fa poistn\u00e9 ventily a ochrana proti pre\u0165a\u017eeniu, na predch\u00e1dzanie nehod\u00e1m. <\/li>\n<li>Spr\u00e1vna likvid\u00e1cia hydraulick\u00e9ho oleja a in\u00fdch nebezpe\u010dn\u00fdch materi\u00e1lov na zabezpe\u010denie ochrany \u017eivotn\u00e9ho prostredia. <\/li>\n<\/ul>\n<h2>Rie\u0161enie probl\u00e9mov a be\u017en\u00e9 probl\u00e9my<\/h2>\n<p>Valec lopaty pre mal\u00e9 r\u00fdpadlo Volvo ECR50D sa m\u00f4\u017ee po\u010das prev\u00e1dzky stretn\u00fa\u0165 s r\u00f4znymi probl\u00e9mami, ako je \u00fanik hydraulick\u00e9ho oleja, abnorm\u00e1lny hluk a nepresn\u00e1 prev\u00e1dzka. Pre zabezpe\u010denie efekt\u00edvnej prev\u00e1dzky a dlhej \u017eivotnosti je potrebn\u00e9 tieto probl\u00e9my v\u010das diagnostikova\u0165 a rie\u0161i\u0165. Medzi odstra\u0148ovanie probl\u00e9mov a be\u017en\u00e9 probl\u00e9my patria:<\/p>\n<ul>\n<li>\u00danik hydraulick\u00e9ho oleja: Tento probl\u00e9m m\u00f4\u017ee by\u0165 sp\u00f4soben\u00fd po\u0161koden\u00fdmi tesniacimi komponentmi, ako s\u00fa tesnenia piestov a ty\u010d\u00ed, opotrebovan\u00fdm telesom valca a povrchom ty\u010de a uvo\u013enen\u00fdmi spojovac\u00edmi dielmi. D\u00e1 sa vyrie\u0161i\u0165 v\u00fdmenou po\u0161koden\u00fdch tesniacich komponentov, zjemnen\u00edm telesa valca a povrchu ty\u010de a utiahnut\u00edm spojovac\u00edch dielov.<\/li>\n<li>Nezvy\u010dajn\u00fd hluk: Tento probl\u00e9m m\u00f4\u017ee by\u0165 sp\u00f4soben\u00fd po\u0161koden\u00fdmi vn\u00fatorn\u00fdmi komponentmi, ako s\u00fa piest a ventil, nedostato\u010dn\u00fdm mno\u017estvom hydraulick\u00e9ho oleja a uvo\u013enen\u00fdmi spojovac\u00edmi dielmi. D\u00e1 sa vyrie\u0161i\u0165 v\u00fdmenou po\u0161koden\u00fdch komponentov, doplnen\u00edm vhodn\u00e9ho hydraulick\u00e9ho oleja a utiahnut\u00edm spojovac\u00edch dielov.<\/li>\n<li>Nepresn\u00e1 prev\u00e1dzka: Tento probl\u00e9m m\u00f4\u017ee by\u0165 sp\u00f4soben\u00fd nepresnou kalibr\u00e1ciou, po\u0161koden\u00fdmi vn\u00fatorn\u00fdmi komponentmi a nedostato\u010dn\u00fdm mno\u017estvom hydraulick\u00e9ho oleja. D\u00e1 sa vyrie\u0161i\u0165 spr\u00e1vnou kalibr\u00e1ciou, v\u00fdmenou po\u0161koden\u00fdch komponentov a doplnen\u00edm vhodn\u00e9ho hydraulick\u00e9ho oleja.<\/li>\n<\/ul>\n<p><img decoding=\"async\" src=\"https:\/\/www.hydraulic-cylinders.net\/wp-content\/uploads\/2025\/01\/songte-bushings-with-all-kinds-of-excavator-models.webp\" alt=\"Valec vedra pre mal\u00e9 r\u00fdpadlo Volvo ECR50D\"\/><\/p>\n<h2>O na\u0161ej spolo\u010dnosti<\/h2>\n<p>Sme v\u00fdrobcom hydraulick\u00fdch valcov, ktor\u00e9 dok\u00e1\u017eu nahradi\u0165 origin\u00e1lne zariadenia od v\u00fdrobcov. Pon\u00fakame komplexn\u00fd sortiment hydraulick\u00fdch valcov, ktor\u00e9 sp\u013a\u0148aj\u00fa r\u00f4zne prev\u00e1dzkov\u00e9 potreby na\u0161ich z\u00e1kazn\u00edkov. Na\u0161a spolo\u010dnos\u0165 sa riadi z\u00e1sadou vynikaj\u00facej kvality, spolieha sa na strat\u00e9giu riadenia priemyselnej v\u00fdroby v dielni a neust\u00e1le zlep\u0161uje v\u00fdrobn\u00fa platformu dielne, zdokona\u013euje v\u00fdrobn\u00fa cestu zameran\u00fa na kvalitu v\u00fdrobkov a m\u00e1 siln\u00fa v\u00fdrobn\u00fa kapacitu. Na\u0161a spolo\u010dnos\u0165 poskytuje vysoko efekt\u00edvne, presn\u00e9 a vysoko kvalitn\u00e9 v\u00fdrobky, ktor\u00e9 sp\u013a\u0148aj\u00fa potreby na\u0161ich z\u00e1kazn\u00edkov. <\/p>\n<h3>Profesionalita<\/h3>\n<p>Na\u0161a spolo\u010dnos\u0165 m\u00e1 t\u00edm profesion\u00e1lnych in\u017einierov a technikov, ktor\u00ed s\u00fa kvalifikovan\u00ed v oblasti n\u00e1vrhu, v\u00fdroby a \u00fadr\u017eby hydraulick\u00fdch valcov. Pon\u00fakame rie\u0161enia hydraulick\u00fdch valcov na mieru, ktor\u00e9 sp\u013a\u0148aj\u00fa \u0161pecifick\u00e9 potreby na\u0161ich z\u00e1kazn\u00edkov.<\/p>\n<h3>Medzin\u00e1rodn\u00e1 certifik\u00e1cia<\/h3>\n<p>Na\u0161a spolo\u010dnos\u0165 z\u00edskala r\u00f4zne medzin\u00e1rodn\u00e9 certifik\u00e1ty vr\u00e1tane ISO9001, CE a SGS. Tieto certifik\u00e1ty zaru\u010duj\u00fa kvalitu a spo\u013eahlivos\u0165 na\u0161ich produktov.<\/p>\n<h3>Slu\u017eby prisp\u00f4sobenia<\/h3>\n<p>Na\u0161a spolo\u010dnos\u0165 poskytuje slu\u017eby prisp\u00f4sobenia, ktor\u00e9 sp\u013a\u0148aj\u00fa jedine\u010dn\u00e9 potreby na\u0161ich z\u00e1kazn\u00edkov. Pon\u00fakame rie\u0161enia hydraulick\u00fdch valcov na mieru, ktor\u00e9 sp\u013a\u0148aj\u00fa \u0161pecifick\u00e9 potreby na\u0161ich z\u00e1kazn\u00edkov.<\/p>\n<h3>V\u00fdrobn\u00e9 zariadenia<\/h3>\n<p>Na\u0161a spolo\u010dnos\u0165 disponuje modern\u00fdm v\u00fdrobn\u00fdm vybaven\u00edm vr\u00e1tane CNC obr\u00e1bac\u00edch centier, CNC s\u00fastruhov a zariaden\u00ed na testovanie hydraulick\u00fdch valcov. Tieto zariadenia zabezpe\u010duj\u00fa vysok\u00fa presnos\u0165 a vysok\u00fa kvalitu na\u0161ich v\u00fdrobkov.<\/p>\n<h3>Popredajn\u00fd servis<\/h3>\n<p>Na\u0161a spolo\u010dnos\u0165 poskytuje vynikaj\u00faci popredajn\u00fd servis vr\u00e1tane pravidelnej \u00fadr\u017eby, opr\u00e1v a v\u00fdmeny dielov. Pon\u00fakame v\u010dasn\u00fd a efekt\u00edvny popredajn\u00fd servis, aby sme zabezpe\u010dili efekt\u00edvnu prev\u00e1dzku a dlh\u00fa \u017eivotnos\u0165 na\u0161ich produktov.<\/p>\n<p><img decoding=\"async\" src=\"https:\/\/www.hydraulic-cylinders.net\/wp-content\/uploads\/2025\/01\/songte-company-3.webp\" alt=\"Valec vedra pre mal\u00e9 r\u00fdpadlo Volvo ECR50D\"\/><\/p>\n<p>Autor: lyl.<\/p>","protected":false},"excerpt":{"rendered":"<p>Bucket Cylinder For Volvo Small Excavator ECR50D Introduction A bucket cylinder for Volvo small excavator ECR50D is a specially designed hydraulic cylinder primarily used to control the movement of the bucket in heavy machinery such as excavators, backhoe excavators, and front loaders. Its main function is to enable the bucket to lift, lower, and tilt, [&hellip;]<\/p>","protected":false},"featured_media":14771,"comment_status":"open","ping_status":"closed","template":"","meta":{"_et_pb_use_builder":"","_et_pb_old_content":"","_et_gb_content_width":""},"product_brand":[],"product_cat":[1494],"product_tag":[1495,1496],"class_list":{"0":"post-15382","1":"product","2":"type-product","3":"status-publish","4":"has-post-thumbnail","6":"product_cat-bucket-cylinders","7":"product_tag-bucket-cylinders","8":"product_tag-hydraulic-cylinders","10":"first","11":"instock","12":"shipping-taxable","13":"product-type-simple"},"amp_enabled":true,"_links":{"self":[{"href":"https:\/\/www.hydraulic-cylinders.net\/sk\/wp-json\/wp\/v2\/product\/15382","targetHints":{"allow":["GET"]}}],"collection":[{"href":"https:\/\/www.hydraulic-cylinders.net\/sk\/wp-json\/wp\/v2\/product"}],"about":[{"href":"https:\/\/www.hydraulic-cylinders.net\/sk\/wp-json\/wp\/v2\/types\/product"}],"replies":[{"embeddable":true,"href":"https:\/\/www.hydraulic-cylinders.net\/sk\/wp-json\/wp\/v2\/comments?post=15382"}],"wp:featuredmedia":[{"embeddable":true,"href":"https:\/\/www.hydraulic-cylinders.net\/sk\/wp-json\/wp\/v2\/media\/14771"}],"wp:attachment":[{"href":"https:\/\/www.hydraulic-cylinders.net\/sk\/wp-json\/wp\/v2\/media?parent=15382"}],"wp:term":[{"taxonomy":"product_brand","embeddable":true,"href":"https:\/\/www.hydraulic-cylinders.net\/sk\/wp-json\/wp\/v2\/product_brand?post=15382"},{"taxonomy":"product_cat","embeddable":true,"href":"https:\/\/www.hydraulic-cylinders.net\/sk\/wp-json\/wp\/v2\/product_cat?post=15382"},{"taxonomy":"product_tag","embeddable":true,"href":"https:\/\/www.hydraulic-cylinders.net\/sk\/wp-json\/wp\/v2\/product_tag?post=15382"}],"curies":[{"name":"pracovn\u00fd list","href":"https:\/\/api.w.org\/{rel}","templated":true}]}}