{"id":15389,"date":"2025-01-19T14:28:09","date_gmt":"2025-01-19T14:28:09","guid":{"rendered":"https:\/\/www.hydraulic-cylinders.net\/product\/bucket-cylinder-for-volvo-small-excavator-ec170d\/"},"modified":"2025-01-19T14:28:11","modified_gmt":"2025-01-19T14:28:11","slug":"bucket-cylinder-for-volvo-small-excavator-ec170d","status":"publish","type":"product","link":"https:\/\/www.hydraulic-cylinders.net\/sk\/produkt\/bucket-cylinder-for-volvo-small-excavator-ec170d\/","title":{"rendered":"Valec vedra pre mal\u00e9 r\u00fdpadlo Volvo EC170D"},"content":{"rendered":"<h1>Valec vedra pre mal\u00e9 r\u00fdpadlo Volvo EC170D<\/h1>\n<h2>\u00davod<\/h2>\n<p>Hydraulick\u00fd valec ly\u017eice je \u0161pecializovan\u00fd hydraulick\u00fd valec, ktor\u00fd sa prim\u00e1rne pou\u017e\u00edva na ovl\u00e1danie pohybu ly\u017eice v \u0165a\u017ek\u00fdch strojoch, ako s\u00fa bagre, r\u00fdpadl\u00e1-naklada\u010de a \u010deln\u00e9 naklada\u010de. Jeho hlavnou funkciou je umo\u017eni\u0165 zdv\u00edhanie, sp\u00fa\u0161\u0165anie a nakl\u00e1\u0148anie ly\u017eice, \u010do u\u013eah\u010duje r\u00f4zne \u00falohy manipul\u00e1cie s materi\u00e1lom. V hydraulickom syst\u00e9me valec ly\u017eice presne riadi pohyb ly\u017eice prostredn\u00edctvom zmien tlaku hydraulick\u00e9ho oleja, \u010do umo\u017e\u0148uje obsluhe efekt\u00edvne manipulova\u0165 s \u0165a\u017ek\u00fdmi bremenami a prisp\u00f4sobova\u0165 sa zlo\u017eit\u00fdm pracovn\u00fdm prostrediam a r\u00f4znorod\u00fdm po\u017eiadavk\u00e1m pr\u00e1ce. <\/p>\n<p><img decoding=\"async\" src=\"https:\/\/www.hydraulic-cylinders.net\/wp-content\/uploads\/2025\/01\/songte-company-2.webp\" alt=\"Obr\u00e1zok valca vedra\"><\/p>\n<h2>Funkcie<\/h2>\n<ul>\n<li>Vysok\u00e1 pevnos\u0165 a odolnos\u0165: Zvy\u010dajne je vyroben\u00fd z vysokopevnostnej ocele alebo hlin\u00edka, odol\u00e1 vysok\u00e9mu tlaku a \u0165a\u017ek\u00fdm za\u0165a\u017eeniam, \u010d\u00edm sa prisp\u00f4sob\u00ed n\u00e1ro\u010dn\u00fdm pracovn\u00fdm podmienkam. Kon\u0161trukcia zoh\u013ead\u0148uje odolnos\u0165 vo\u010di opotrebovaniu a kor\u00f3zii, \u010d\u00edm sa predl\u017euje \u017eivotnos\u0165.<\/li>\n<li>Efekt\u00edvna hydraulick\u00e1 prev\u00e1dzka: Plynul\u00e9 vys\u00favanie a zas\u00favanie sa dosahuje vyu\u017eit\u00edm tlaku hydraulick\u00e9ho oleja, r\u00fdchlo reaguje na prev\u00e1dzkov\u00e9 povely a poskytuje siln\u00e9 tla\u010dn\u00e9 a \u0165a\u017en\u00e9 sily, vhodn\u00e9 na manipul\u00e1ciu s \u0165a\u017ek\u00fdmi bremenami a zlo\u017eit\u00e9 pracovn\u00e9 \u00falohy.<\/li>\n<li>R\u00f4zne typy: Jedno\u010dinn\u00e9 (hydraulicky ovl\u00e1dan\u00e9 iba v jednom smere) alebo dvoj\u010dinn\u00e9 (hydraulicky ovl\u00e1dan\u00e9 v oboch smeroch) valce je mo\u017en\u00e9 vybra\u0165 pod\u013ea po\u017eiadaviek, aby sa splnili r\u00f4zne prev\u00e1dzkov\u00e9 potreby. Niektor\u00e9 modely s\u00fa teleskopick\u00e9, \u010do umo\u017e\u0148uje v\u00e4\u010d\u0161ie vysunutie bez zv\u00e4\u010d\u0161enia vonkaj\u0161\u00edch rozmerov, vhodn\u00e9 pre aplik\u00e1cie s obmedzen\u00fdm priestorom.<\/li>\n<li>Zamenite\u013enos\u0165: Na\u0161e produkty dok\u00e1\u017eu dokonale nahradi\u0165 tieto hydraulick\u00e9 valce.<\/li>\n<\/ul>\n<p><img decoding=\"async\" src=\"https:\/\/www.hydraulic-cylinders.net\/wp-content\/uploads\/2025\/01\/songte-cylinder-head-with-all-kinds-excavator-models.webp\" alt=\"Obr\u00e1zok modelov valcov vedra\"><\/p>\n<h2>Aplik\u00e1cie<\/h2>\n<p>Valce s kor\u010dekom maj\u00fa \u0161irok\u00e9 uplatnenie v r\u00f4znych odvetviach, ako s\u00fa stavebn\u00e9 stroje, po\u013enohospod\u00e1rske stroje a bansk\u00e9 zariadenia. Niektor\u00e9 z aplik\u00e1ci\u00ed s\u00fa:<\/p>\n<ul>\n<li>Stavebn\u00e9 zariadenia: V bagroch s\u00fa k\u013e\u00fa\u010dov\u00e9 pre kopanie, nakladanie a premiest\u0148ovanie zeminy alebo sutiny. V r\u00fdpadlov\u00fdch bagroch pom\u00e1ha valec lopaty pri kopan\u00ed aj zdv\u00edhan\u00ed. <\/li>\n<li>Po\u013enohospod\u00e1rske stroje: Pou\u017e\u00edvaj\u00fa sa na \u010deln\u00e9 naklada\u010de, zdv\u00edhanie a prepravu p\u00f4dy, sena a in\u00fdch materi\u00e1lov.<\/li>\n<li>Bansk\u00e9 zariadenie: Valec ly\u017eice umo\u017e\u0148uje kopanie t\u00fdm, \u017ee umo\u017e\u0148uje ly\u017eici prenikn\u00fa\u0165 do p\u00f4dy.<\/li>\n<li>Naklada\u010d: \u010celn\u00e9 naklada\u010de pom\u00e1haj\u00fa pri efekt\u00edvnom zdv\u00edhan\u00ed a vykladan\u00ed tovaru.<\/li>\n<\/ul>\n<h2>\u00davahy o dizajne a krit\u00e9ri\u00e1 v\u00fdberu<\/h2>\n<p>Valce kor\u010dekov s\u00fa navrhnut\u00e9 tak, aby sp\u013a\u0148ali \u0161pecifick\u00e9 v\u00fdkonnostn\u00e9 po\u017eiadavky a odol\u00e1vali n\u00e1ro\u010dn\u00fdm prev\u00e1dzkov\u00fdm podmienkam. K\u013e\u00fa\u010dov\u00e9 kon\u0161truk\u010dn\u00e9 aspekty zah\u0155\u0148aj\u00fa nosnos\u0165, tesnenie, odolnos\u0165, bezpe\u010dnos\u0165 a \u00fadr\u017ebu.<\/p>\n<ul>\n<li>Nosnos\u0165: Valec mus\u00ed by\u0165 navrhnut\u00fd tak, aby zvl\u00e1dol maxim\u00e1lne za\u0165a\u017eenie, ktor\u00e9mu bude vystaven\u00fd po\u010das prev\u00e1dzky.<\/li>\n<li>Tesnenie: Na zabezpe\u010denie tesnenia hydraulickej kvapaliny a zabr\u00e1nenie vonkaj\u0161ej kontamin\u00e1cie sa pou\u017e\u00edvaj\u00fa r\u00f4zne tesniace komponenty, ako s\u00fa tesnenia piestov a tesnenia ty\u010d\u00ed vyroben\u00e9 z materi\u00e1lov odoln\u00fdch vo\u010di opotrebovaniu, ako je polyuret\u00e1n a nitrilov\u00fd kau\u010duk.<\/li>\n<li>Trvanlivos\u0165: Teleso valca, piestna ty\u010d, koncov\u00e9 uz\u00e1very a \u010fal\u0161ie komponenty s\u00fa vyroben\u00e9 z vysoko kvalitn\u00fdch materi\u00e1lov, aby odolali drsn\u00e9mu vonkaj\u0161iemu prostrediu a odol\u00e1vali opotrebovaniu a kor\u00f3zii.<\/li>\n<li>Bezpe\u010dnos\u0165: Kon\u0161trukcia zameran\u00e1 na bezpe\u010dnos\u0165 zah\u0155\u0148a pou\u017eitie tlmi\u010dov na zn\u00ed\u017eenie n\u00e1razu, ke\u010f piest dosiahne koniec zdvihu valca, a prijatie n\u00fadzov\u00fdch uzatv\u00e1rac\u00edch ventilov na r\u00fdchle vypnutie hydraulick\u00e9ho syst\u00e9mu v pr\u00edpade n\u00fadze.<\/li>\n<li>\u00dadr\u017eba: Kon\u0161trukcia valca by mala umo\u017e\u0148ova\u0165 jednoduch\u00fa demont\u00e1\u017e a opravu, s \u013eahko dostupn\u00fdmi dielmi a dobre zdokumentovan\u00fdmi postupmi v\u00fdmeny.<\/li>\n<\/ul>\n<p><img decoding=\"async\" src=\"https:\/\/www.hydraulic-cylinders.net\/wp-content\/uploads\/2025\/01\/songte-oil-pipes-and-spare-parts.webp\" alt=\"Obr\u00e1zok n\u00e1hradn\u00fdch dielov\"><\/p>\n<h2>Tesnenie a mazanie<\/h2>\n<p>Valce s kor\u010dekom pou\u017e\u00edvaj\u00fa r\u00f4zne typy tesnen\u00ed, ako s\u00fa piestne tesnenia, ty\u010dov\u00e9 tesnenia a stieracie tesnenia, vyroben\u00e9 z materi\u00e1lov odoln\u00fdch vo\u010di opotrebovaniu, ako je polyuret\u00e1n a nitrilov\u00fd kau\u010duk. Teleso valca a z\u00e1vitov\u00e9 koncov\u00e9 plochy s\u00fa jemne opracovan\u00e9 pre zv\u00fd\u0161enie odolnosti vo\u010di opotrebovaniu. Pravideln\u00e9 mazanie vhodnou hydraulickou kvapalinou je nevyhnutn\u00e9 na zabezpe\u010denie plynul\u00e9ho pohybu a zabr\u00e1nenie opotrebovaniu.<\/p>\n<h2>\u00dadr\u017eba a opravy<\/h2>\n<p>Pravideln\u00e1 kontrola, mazanie, v\u00fdmena tesnen\u00ed a kalibra\u010dn\u00e9 kontroly s\u00fa be\u017en\u00fdmi \u00falohami \u00fadr\u017eby valcov s ko\u0161\u00edkom. Spr\u00e1vna in\u0161tal\u00e1cia, mazanie a nastavenie s\u00fa nevyhnutn\u00e9, poskytuj\u00fa spr\u00e1vne pokyny pre zarovnanie valca po\u010das in\u0161tal\u00e1cie, odpor\u00fa\u010daj\u00fa pou\u017eitie vhodn\u00fdch mont\u00e1\u017enych konzol na upevnenie valca, navrhuj\u00fa postupy be\u017enej kontroly, opravy a v\u00fdmeny, poskytuj\u00fa v\u00fdmenu komponentov a repasovan\u00e9 slu\u017eby na pred\u013a\u017eenie \u017eivotnosti valca.<\/p>\n<p><img decoding=\"async\" src=\"https:\/\/www.hydraulic-cylinders.net\/wp-content\/uploads\/2025\/01\/songte-chushion-collar.webp\" alt=\"Obr\u00e1zok vank\u00fa\u0161ov\u00e9ho goliera\"><\/p>\n<h2>Bezpe\u010dnostn\u00e9 a environment\u00e1lne aspekty<\/h2>\n<p>Pri pou\u017e\u00edvan\u00ed valcov s ko\u0161\u00edkom je potrebn\u00e9 zv\u00e1\u017ei\u0165 bezpe\u010dnostn\u00e9 opatrenia, ako s\u00fa n\u00fadzov\u00e9 uzatv\u00e1racie ventily a tlmiace zariadenia, aby sa zabezpe\u010dila bezpe\u010dn\u00e1 prev\u00e1dzka. Okrem toho by sa mali dodr\u017eiava\u0165 environment\u00e1lne aspekty, ako je spr\u00e1vna likvid\u00e1cia pou\u017eit\u00e9ho hydraulick\u00e9ho oleja a in\u00fdch odpadov\u00fdch materi\u00e1lov.<\/p>\n<h2>Rie\u0161enie probl\u00e9mov a be\u017en\u00e9 probl\u00e9my<\/h2>\n<p>Valce vedra m\u00f4\u017eu ma\u0165 probl\u00e9my, ako s\u00fa netesnosti, slab\u00fd v\u00fdkon alebo po\u0161kodenie. Mali by sa poskytn\u00fa\u0165 tipy a rie\u0161enia probl\u00e9mov, ktor\u00e9 \u010ditate\u013eom pom\u00f4\u017eu efekt\u00edvne diagnostikova\u0165 a rie\u0161i\u0165 probl\u00e9my, ako aj prevent\u00edvne opatrenia na minimaliz\u00e1ciu potenci\u00e1lnych probl\u00e9mov.<\/p>\n<p><img decoding=\"async\" src=\"https:\/\/www.hydraulic-cylinders.net\/wp-content\/uploads\/2025\/01\/songte-bushings-with-all-kinds-of-excavator-models.webp\" alt=\"Obr\u00e1zok puzdier\"><\/p>\n<h2>O na\u0161ej spolo\u010dnosti<\/h2>\n<p>Sme v\u00fdrobcom n\u00e1hradn\u00fdch hydraulick\u00fdch valcov s kompletn\u00fdm sortimentom produktov a stali sme sa jedn\u00fdm z popredn\u00fdch v\u00fdrobcov a ve\u013ekoobchodn\u00fdch distrib\u00fatorov hydraulick\u00fdch valcov na dom\u00e1com aj medzin\u00e1rodnom trhu. Riadime sa z\u00e1sadami vynikaj\u00facej kvality, spoliehame sa na strat\u00e9giu riadenia priemyselnej v\u00fdroby v presn\u00fdch v\u00fdrobn\u00fdch diel\u0148ach a neust\u00e1le zlep\u0161ujeme v\u00fdrobn\u00fa platformu na\u0161ej dielne vyu\u017e\u00edvan\u00edm technick\u00fdch talentov, \u0161pi\u010dkov\u00fdch digit\u00e1lnych v\u00fdrobn\u00fdch zariaden\u00ed a profesion\u00e1lnych testovac\u00edch syst\u00e9mov. M\u00e1me siln\u00e9 tvoriv\u00e9 schopnosti a dok\u00e1\u017eeme uspokoji\u0165 po\u017eiadavky z\u00e1kazn\u00edkov v\u010faka z\u00e1sad\u00e1m vysokej efektivity, vysokej presnosti a vysokej kvality.<\/p>\n<p><img decoding=\"async\" src=\"https:\/\/hzpt.com\/wp-content\/uploads\/2024\/11\/songte-company-1.webp\" alt=\"Obr\u00e1zok spolo\u010dnosti\"><\/p>\n<h3>Profil spolo\u010dnosti:<\/h3>\n<ul>\n<li>Profesionalita: M\u00e1me t\u00edm odborn\u00edkov s dlhoro\u010dn\u00fdmi sk\u00fasenos\u0165ami v odbore, aby sme na\u0161im z\u00e1kazn\u00edkom poskytli tie najlep\u0161ie slu\u017eby.<\/li>\n<li>Medzin\u00e1rodn\u00e1 certifik\u00e1cia: Na\u0161e v\u00fdrobky boli certifikovan\u00e9 medzin\u00e1rodn\u00fdmi organiz\u00e1ciami, ako s\u00fa ISO9001 a CE.<\/li>\n<li>Slu\u017eby prisp\u00f4sobenia: Poskytujeme slu\u017eby na mieru, ktor\u00e9 sp\u013a\u0148aj\u00fa jedine\u010dn\u00e9 potreby ka\u017ed\u00e9ho z\u00e1kazn\u00edka.<\/li>\n<li>V\u00fdrobn\u00e9 zariadenia: Na\u0161e v\u00fdrobn\u00e9 dielne s\u00fa vybaven\u00e9 modern\u00fdm v\u00fdrobn\u00fdm zariaden\u00edm, ako s\u00fa CNC s\u00fastruhy a obr\u00e1bacie centr\u00e1.<\/li>\n<li>Popredajn\u00fd servis: N\u00e1\u0161 t\u00edm popredajn\u00e9ho servisu poskytuje profesion\u00e1lnu podporu a pomoc s cie\u013eom zabezpe\u010di\u0165 spokojnos\u0165 z\u00e1kazn\u00edkov.<\/li>\n<\/ul>\n<h3>Autor: lyl.<\/h3>","protected":false},"excerpt":{"rendered":"<p>Bucket Cylinder For Volvo Small Excavator EC170D Introduction A bucket cylinder is a specialized hydraulic cylinder primarily used to control the movement of the bucket in heavy machinery such as excavators, backhoes and front loaders. Its main function is to enable the bucket to lift, lower and tilt, making it easier for various material handling [&hellip;]<\/p>","protected":false},"featured_media":14787,"comment_status":"open","ping_status":"closed","template":"","meta":{"_et_pb_use_builder":"","_et_pb_old_content":"","_et_gb_content_width":""},"product_brand":[],"product_cat":[1494],"product_tag":[1495,1496],"class_list":{"0":"post-15389","1":"product","2":"type-product","3":"status-publish","4":"has-post-thumbnail","6":"product_cat-bucket-cylinders","7":"product_tag-bucket-cylinders","8":"product_tag-hydraulic-cylinders","10":"first","11":"instock","12":"shipping-taxable","13":"product-type-simple"},"amp_enabled":true,"_links":{"self":[{"href":"https:\/\/www.hydraulic-cylinders.net\/sk\/wp-json\/wp\/v2\/product\/15389","targetHints":{"allow":["GET"]}}],"collection":[{"href":"https:\/\/www.hydraulic-cylinders.net\/sk\/wp-json\/wp\/v2\/product"}],"about":[{"href":"https:\/\/www.hydraulic-cylinders.net\/sk\/wp-json\/wp\/v2\/types\/product"}],"replies":[{"embeddable":true,"href":"https:\/\/www.hydraulic-cylinders.net\/sk\/wp-json\/wp\/v2\/comments?post=15389"}],"wp:featuredmedia":[{"embeddable":true,"href":"https:\/\/www.hydraulic-cylinders.net\/sk\/wp-json\/wp\/v2\/media\/14787"}],"wp:attachment":[{"href":"https:\/\/www.hydraulic-cylinders.net\/sk\/wp-json\/wp\/v2\/media?parent=15389"}],"wp:term":[{"taxonomy":"product_brand","embeddable":true,"href":"https:\/\/www.hydraulic-cylinders.net\/sk\/wp-json\/wp\/v2\/product_brand?post=15389"},{"taxonomy":"product_cat","embeddable":true,"href":"https:\/\/www.hydraulic-cylinders.net\/sk\/wp-json\/wp\/v2\/product_cat?post=15389"},{"taxonomy":"product_tag","embeddable":true,"href":"https:\/\/www.hydraulic-cylinders.net\/sk\/wp-json\/wp\/v2\/product_tag?post=15389"}],"curies":[{"name":"pracovn\u00fd list","href":"https:\/\/api.w.org\/{rel}","templated":true}]}}