{"id":15390,"date":"2025-01-19T14:28:12","date_gmt":"2025-01-19T14:28:12","guid":{"rendered":"https:\/\/www.hydraulic-cylinders.net\/product\/bucket-cylinder-for-volvo-middle-excavator-ec200b\/"},"modified":"2025-01-19T14:28:14","modified_gmt":"2025-01-19T14:28:14","slug":"bucket-cylinder-for-volvo-middle-excavator-ec200b","status":"publish","type":"product","link":"https:\/\/www.hydraulic-cylinders.net\/sk\/produkt\/bucket-cylinder-for-volvo-middle-excavator-ec200b\/","title":{"rendered":"Valec vedra pre stredn\u00e9 r\u00fdpadlo Volvo EC200B"},"content":{"rendered":"<h1>Valec vedra pre stredn\u00e9 r\u00fdpadlo Volvo EC200B<\/h1>\n<h2>\u00davod<\/h2>\n<p>Hydraulick\u00fd valec ly\u017eice je \u0161peci\u00e1lne navrhnut\u00fd hydraulick\u00fd valec pou\u017e\u00edvan\u00fd na ovl\u00e1danie pohybu ly\u017e\u00edc v \u0165a\u017ek\u00fdch strojoch, ako s\u00fa bagre, r\u00fdpadlo-naklada\u010de a \u010deln\u00e9 naklada\u010de. Jeho hlavnou funkciou je zdv\u00edhanie, sp\u00fa\u0161\u0165anie a nakl\u00e1\u0148anie ly\u017eice, \u010do u\u013eah\u010duje vykon\u00e1vanie r\u00f4znych \u00faloh manipul\u00e1cie s materi\u00e1lom. V hydraulickom syst\u00e9me dosahuje valec ly\u017eice presn\u00e9 ovl\u00e1danie ly\u017eice zmenami tlaku hydraulick\u00e9ho oleja, \u010do umo\u017e\u0148uje obsluhe efekt\u00edvne manipulova\u0165 s \u0165a\u017ek\u00fdmi bremenami, prisp\u00f4sobi\u0165 sa zlo\u017eit\u00fdm pracovn\u00fdm prostrediam a diverzifikovan\u00fdm prev\u00e1dzkov\u00fdm po\u017eiadavk\u00e1m.<\/p>\n<p><img decoding=\"async\" src=\"https:\/\/www.hydraulic-cylinders.net\/wp-content\/uploads\/2025\/01\/songte-company-2.webp\" alt=\"Obr\u00e1zok valca vedra\"><\/p>\n<h2>Funkcie<\/h2>\n<ul>\n<li><strong>Vysok\u00e1 pevnos\u0165 a odolnos\u0165:<\/strong> Zvy\u010dajne je vyroben\u00fd z vysokopevnostnej ocele alebo hlin\u00edka, tak\u017ee odol\u00e1 vysok\u00e9mu tlaku a \u0165a\u017ek\u00fdm za\u0165a\u017eeniam, \u010d\u00edm sa prisp\u00f4sob\u00ed n\u00e1ro\u010dn\u00fdm pracovn\u00fdm podmienkam. Kon\u0161trukcia zoh\u013ead\u0148uje odolnos\u0165 vo\u010di opotrebovaniu a kor\u00f3zii, \u010d\u00edm sa predl\u017euje \u017eivotnos\u0165.<\/li>\n<li><strong>Efekt\u00edvna hydraulick\u00e1 prev\u00e1dzka:<\/strong> Dosahuje plynul\u00e9 roz\u0165ahovanie a s\u0165ahovanie pomocou tlaku hydraulick\u00e9ho oleja, r\u00fdchlo reaguje na ovl\u00e1dacie povely, poskytuje siln\u00fa tla\u010dn\u00fa a \u0165ahov\u00fa silu a je vhodn\u00fd na manipul\u00e1ciu s \u0165a\u017ek\u00fdmi bremenami a zlo\u017eit\u00e9 prev\u00e1dzkov\u00e9 \u00falohy.<\/li>\n<li><strong>R\u00f4zne typy:<\/strong> Pod\u013ea prev\u00e1dzkov\u00fdch po\u017eiadaviek je mo\u017en\u00e9 zvoli\u0165 jedno\u010dinn\u00e9 (hydraulika pou\u017e\u00edvan\u00e1 iba v jednom smere) alebo dvoj\u010dinn\u00e9 (hydraulika pou\u017e\u00edvan\u00e1 v oboch smeroch) valce. Niektor\u00e9 modely s\u00fa teleskopick\u00e9, \u010do umo\u017e\u0148uje v\u00e4\u010d\u0161ie vysunutie bez zv\u00e4\u010d\u0161enia vonkaj\u0161\u00edch rozmerov, vhodn\u00e9 pre aplik\u00e1cie s obmedzen\u00fdm priestorom.<\/li>\n<li><strong>Prisp\u00f4sobite\u013en\u00e1 v\u00fdroba:<\/strong> Na\u0161e produkty dok\u00e1\u017eu dokonale nahradi\u0165 tieto hydraulick\u00e9 valce.<\/li>\n<li><strong>\u0160iroko pou\u017e\u00edvan\u00e9:<\/strong> Valec kor\u010deka sa pou\u017e\u00edva v r\u00f4znych oblastiach, ako s\u00fa stavebn\u00e9 stroje, po\u013enohospod\u00e1rske stroje, r\u00fdpadl\u00e1 a \u010deln\u00e9 naklada\u010de. <\/li>\n<\/ul>\n<p><img decoding=\"async\" src=\"https:\/\/www.hydraulic-cylinders.net\/wp-content\/uploads\/2025\/01\/songte-cylinder-head-with-all-kinds-excavator-models.webp\" alt=\"Obr\u00e1zok v\u00fdmeny valca vedra\"><\/p>\n<h2>Aplik\u00e1cie<\/h2>\n<h3>Stavebn\u00e9 stroje<\/h3>\n<p>V bagroch s\u00fa nevyhnutn\u00e9 na kopanie, nakladanie a premiest\u0148ovanie zeminy alebo sutiny. V r\u00fdpadlo-naklada\u010doch pom\u00e1ha valec ly\u017eice pri kopan\u00ed aj zdv\u00edhan\u00ed. <\/p>\n<h3>Po\u013enohospod\u00e1rske stroje<\/h3>\n<p>Pou\u017e\u00edva sa pre \u010deln\u00e9 naklada\u010de, na zdv\u00edhanie, nakladanie a prepravu zeminy, sena a in\u00fdch materi\u00e1lov. <\/p>\n<h3>R\u00fdpadl\u00e1<\/h3>\n<p>Valec ly\u017eice umo\u017e\u0148uje v\u00fdkopov\u00e9 pr\u00e1ce t\u00fdm, \u017ee umo\u017e\u0148uje ly\u017eici prenikn\u00fa\u0165 do p\u00f4dy. <\/p>\n<h3>\u010celn\u00e9 naklada\u010de<\/h3>\n<p>V \u010deln\u00fdch naklada\u010doch \u00fa\u010dinne pom\u00e1haj\u00fa pri zdv\u00edhan\u00ed a vykladan\u00ed tovaru. <\/p>\n<p><img decoding=\"async\" src=\"https:\/\/www.hydraulic-cylinders.net\/wp-content\/uploads\/2025\/01\/songte-chushion-collar.webp\" alt=\"Obr\u00e1zok puzdier valca vedra\"><\/p>\n<h2>Zv\u00e1\u017eenie dizajnu a krit\u00e9ri\u00e1 v\u00fdberu<\/h2>\n<h3>Nosnos\u0165<\/h3>\n<p>Valec vedra mus\u00ed ma\u0165 dostato\u010dn\u00fa nosnos\u0165, aby odolal maxim\u00e1lnemu za\u0165a\u017eeniu a predi\u0161iel bezpe\u010dnostn\u00fdm rizik\u00e1m.<\/p>\n<h3>Tesnenie<\/h3>\n<p>Pou\u017e\u00edvaj\u00fa sa r\u00f4zne tesniace prvky, ako s\u00fa tesnenia piestov a tesnenia ty\u010d\u00ed, ktor\u00e9 s\u00fa vyroben\u00e9 z materi\u00e1lov odoln\u00fdch vo\u010di opotrebovaniu, ako je polyuret\u00e1n a nitrilov\u00fd kau\u010duk. Teleso valca a povrchy z\u00e1vitov\u00fdch koncov s\u00fa jemne opracovan\u00e9, \u010do zlep\u0161uje odolnos\u0165 vo\u010di opotrebovaniu. <\/p>\n<h3>Trvanlivos\u0165<\/h3>\n<p>Trvanlivos\u0165 valca vedra je kritick\u00e1, najm\u00e4 vzh\u013eadom na drsn\u00e9 pracovn\u00e9 prostredie. Valec mus\u00ed by\u0165 schopn\u00fd prev\u00e1dzky dlh\u0161\u00ed \u010das bez poruchy.<\/p>\n<h3>Bezpe\u010dnos\u0165<\/h3>\n<p>F\u013ea\u0161a mus\u00ed sp\u013a\u0148a\u0165 bezpe\u010dnostn\u00e9 normy, ktor\u00e9 zabezpe\u010duj\u00fa jej bezpe\u010dn\u00fa prev\u00e1dzku a nepredstavuj\u00fa zdroj nebezpe\u010denstva pre obsluhu alebo in\u00fd person\u00e1l.<\/p>\n<h3>\u00dadr\u017eba<\/h3>\n<p>Valec vedra mus\u00ed by\u0165 \u013eahko udr\u017eiavate\u013en\u00fd a s n\u00edzkymi n\u00e1kladmi na \u00fadr\u017ebu. Syst\u00e9m by mal by\u0165 \u013eahko pr\u00edstupn\u00fd, aby umo\u017e\u0148oval r\u00fdchlu a jednoduch\u00fa \u00fadr\u017ebu.<\/p>\n<p><img decoding=\"async\" src=\"https:\/\/www.hydraulic-cylinders.net\/wp-content\/uploads\/2025\/01\/songte-oil-pipes-and-spare-parts.webp\" alt=\"Obr\u00e1zok n\u00e1hradn\u00fdch dielov valca vedra\"><\/p>\n<h2>Tesnenie a mazanie<\/h2>\n<p>Hydraulick\u00fd valec vedra obsahuje r\u00f4zne tesniace diely, ktor\u00e9 zabra\u0148uj\u00fa \u00faniku hydraulick\u00e9ho oleja. Na zaistenie odolnosti proti opotrebovaniu sa pou\u017e\u00edvaj\u00fa tesniace materi\u00e1ly, ako je polyuret\u00e1n a nitrilov\u00e1 guma. Pravideln\u00e9 prid\u00e1vanie hydraulick\u00e9ho oleja na mazanie valca vedra m\u00f4\u017ee zlep\u0161i\u0165 jeho prev\u00e1dzkov\u00fa \u00fa\u010dinnos\u0165 a zn\u00ed\u017ei\u0165 riziko poruchy. <\/p>\n<h2>\u00dadr\u017eba a opravy<\/h2>\n<h3>Pravideln\u00e9 prehliadky<\/h3>\n<p>Pravideln\u00e9 kontroly m\u00f4\u017eu pom\u00f4c\u0165 identifikova\u0165 potenci\u00e1lne probl\u00e9my a zabr\u00e1ni\u0165 poruche valca. Odpor\u00fa\u010da sa skontrolova\u0165 valec, \u010di nie je opotrebovan\u00fd, deformovan\u00fd alebo po\u0161koden\u00fd, a v pr\u00edpade potreby vymeni\u0165 diely.<\/p>\n<h3>Spr\u00e1vne mazanie<\/h3>\n<p>Valec ly\u017eice mus\u00ed by\u0165 spr\u00e1vne namazan\u00fd, aby sa zabezpe\u010dila jeho prev\u00e1dzkov\u00e1 \u00fa\u010dinnos\u0165. Odpor\u00fa\u010da sa pou\u017e\u00edva\u0165 hydraulick\u00fd olej a pravidelne ho dop\u013a\u0148a\u0165 do syst\u00e9mu.<\/p>\n<h3>V\u00fdmena tesnenia<\/h3>\n<p>V\u00fdmena opotrebovan\u00fdch tesnen\u00ed m\u00f4\u017ee zlep\u0161i\u0165 v\u00fdkon valca a zabr\u00e1ni\u0165 \u00faniku oleja.<\/p>\n<h3>Kontrola kalibr\u00e1cie<\/h3>\n<p>Kontrola kalibr\u00e1cie m\u00f4\u017ee pom\u00f4c\u0165 zabezpe\u010di\u0165, aby valec vedra fungoval spr\u00e1vne a efekt\u00edvne.<\/p>\n<p><img decoding=\"async\" src=\"https:\/\/www.hydraulic-cylinders.net\/wp-content\/uploads\/2025\/01\/songte-bushings-with-all-kinds-of-excavator-models.webp\" alt=\"Obr\u00e1zok puzdier valca vedra\"><\/p>\n<h2>Bezpe\u010dnostn\u00e9 aspekty a faktory prostredia<\/h2>\n<p>Valec s vedrom mus\u00ed sp\u013a\u0148a\u0165 bezpe\u010dnostn\u00e9 normy, ktor\u00e9 zabezpe\u010duj\u00fa jeho bezpe\u010dn\u00fa prev\u00e1dzku a nepredstavuj\u00fa zdroj nebezpe\u010denstva pre obsluhu ani in\u00e9 osoby. Spr\u00e1vne pou\u017e\u00edvanie a \u00fadr\u017eba m\u00f4\u017eu pom\u00f4c\u0165 zn\u00ed\u017ei\u0165 vplyv na \u017eivotn\u00e9 prostredie.<\/p>\n<h2>Be\u017en\u00e9 probl\u00e9my a ich rie\u0161enie<\/h2>\n<p>Valec vedra m\u00f4\u017ee ma\u0165 r\u00f4zne probl\u00e9my, ako je \u00fanik oleja, deform\u00e1cia valca a neschopnos\u0165 roztiahnu\u0165\/stiahnu\u0165 sa. Spr\u00e1vna \u00fadr\u017eba a oprava m\u00f4\u017eu vyrie\u0161i\u0165 v\u00e4\u010d\u0161inu probl\u00e9mov.<\/p>\n<h2>Predstavenie spolo\u010dnosti<\/h2>\n<p>Sme v\u00fdrobcom n\u00e1hradn\u00fdch hydraulick\u00fdch valcov s komplexn\u00fdm sortimentom produktov. Ako jeden z popredn\u00fdch v\u00fdrobcov a ve\u013ekoobchodn\u00fdch distrib\u00fatorov hydraulick\u00fdch valcov na dom\u00e1com aj medzin\u00e1rodnom trhu sa riadime princ\u00edpmi excelentnosti, spoliehame sa na industrializovan\u00e9 strat\u00e9gie riadenia v\u00fdroby podporovan\u00e9 sofistikovan\u00fdmi v\u00fdrobn\u00fdmi diel\u0148ami, neust\u00e1le zlep\u0161ujeme v\u00fdrobn\u00fa platformu dielne, zlep\u0161ujeme kvalitu v\u00fdroby produktovej rady a m\u00e1me siln\u00e9 kreat\u00edvne schopnosti. Sp\u013a\u0148ame rozmanit\u00e9 potreby z\u00e1kazn\u00edkov s vysokou efektivitou, presnos\u0165ou a kvalitou.<\/p>\n<p><img decoding=\"async\" src=\"https:\/\/hzpt.com\/wp-content\/uploads\/2024\/11\/songte-company-1.webp\" alt=\"Obr\u00e1zok spolo\u010dnosti\"><\/p>\n<h3>Profesionalita<\/h3>\n<p>M\u00e1me t\u00edm odborn\u00edkov s bohat\u00fdmi znalos\u0165ami a sk\u00fasenos\u0165ami v oblasti hydraulick\u00fdch valcov, aby sme zabezpe\u010dili kvalitu na\u0161ich produktov a slu\u017eieb.<\/p>\n<h3>Medzin\u00e1rodn\u00e1 certifik\u00e1cia<\/h3>\n<p>Na\u0161e v\u00fdrobky s\u00fa certifikovan\u00e9 pod\u013ea medzin\u00e1rodn\u00fdch noriem, \u010do zaru\u010duje, \u017ee sp\u013a\u0148aj\u00fa najvy\u0161\u0161ie \u0161tandardy z h\u013eadiska bezpe\u010dnosti, v\u00fdkonu a odolnosti.<\/p>\n<h3>Slu\u017eba prisp\u00f4sobenia<\/h3>\n<p>Poskytujeme slu\u017eby prisp\u00f4sobenia, aby sme splnili jedine\u010dn\u00e9 po\u017eiadavky z\u00e1kazn\u00edkov.<\/p>\n<h3>V\u00fdrobn\u00e9 zariadenia<\/h3>\n<p>M\u00e1me kompletn\u00fd s\u00fabor v\u00fdrobn\u00fdch zariaden\u00ed vr\u00e1tane obr\u00e1bac\u00edch centier, CNC s\u00fastruhov a \u010fal\u0161\u00edch sofistikovan\u00fdch v\u00fdrobn\u00fdch zariaden\u00ed, ktor\u00e9 zabezpe\u010duj\u00fa kvalitu na\u0161ich v\u00fdrobkov.<\/p>\n<h3>Popredajn\u00fd servis<\/h3>\n<p>Poskytujeme komplexn\u00fd popredajn\u00fd servis vr\u00e1tane \u00fadr\u017eby, opr\u00e1v a v\u00fdmeny dielov.<\/p>\n<p><img decoding=\"async\" src=\"https:\/\/www.hydraulic-cylinders.net\/wp-content\/uploads\/2025\/01\/songte-company-3.webp\" alt=\"Obr\u00e1zok spolo\u010dnosti\"><\/p>\n<p>Autor: lyl<\/p>","protected":false},"excerpt":{"rendered":"<p>Bucket Cylinder For Volvo Middle Excavator EC200B Introduction A bucket cylinder is a specially designed hydraulic cylinder used to control the movement of buckets in heavy machinery such as excavators, backhoe loaders, and front-end loaders. Its main function is to lift, lower, and tilt the bucket, making it easier to handle various material handling tasks. [&hellip;]<\/p>","protected":false},"featured_media":14785,"comment_status":"open","ping_status":"closed","template":"","meta":{"_et_pb_use_builder":"","_et_pb_old_content":"","_et_gb_content_width":""},"product_brand":[],"product_cat":[1494],"product_tag":[1495,1496],"class_list":{"0":"post-15390","1":"product","2":"type-product","3":"status-publish","4":"has-post-thumbnail","6":"product_cat-bucket-cylinders","7":"product_tag-bucket-cylinders","8":"product_tag-hydraulic-cylinders","10":"first","11":"instock","12":"shipping-taxable","13":"product-type-simple"},"amp_enabled":true,"_links":{"self":[{"href":"https:\/\/www.hydraulic-cylinders.net\/sk\/wp-json\/wp\/v2\/product\/15390","targetHints":{"allow":["GET"]}}],"collection":[{"href":"https:\/\/www.hydraulic-cylinders.net\/sk\/wp-json\/wp\/v2\/product"}],"about":[{"href":"https:\/\/www.hydraulic-cylinders.net\/sk\/wp-json\/wp\/v2\/types\/product"}],"replies":[{"embeddable":true,"href":"https:\/\/www.hydraulic-cylinders.net\/sk\/wp-json\/wp\/v2\/comments?post=15390"}],"wp:featuredmedia":[{"embeddable":true,"href":"https:\/\/www.hydraulic-cylinders.net\/sk\/wp-json\/wp\/v2\/media\/14785"}],"wp:attachment":[{"href":"https:\/\/www.hydraulic-cylinders.net\/sk\/wp-json\/wp\/v2\/media?parent=15390"}],"wp:term":[{"taxonomy":"product_brand","embeddable":true,"href":"https:\/\/www.hydraulic-cylinders.net\/sk\/wp-json\/wp\/v2\/product_brand?post=15390"},{"taxonomy":"product_cat","embeddable":true,"href":"https:\/\/www.hydraulic-cylinders.net\/sk\/wp-json\/wp\/v2\/product_cat?post=15390"},{"taxonomy":"product_tag","embeddable":true,"href":"https:\/\/www.hydraulic-cylinders.net\/sk\/wp-json\/wp\/v2\/product_tag?post=15390"}],"curies":[{"name":"pracovn\u00fd list","href":"https:\/\/api.w.org\/{rel}","templated":true}]}}