{"id":15392,"date":"2025-01-19T14:28:27","date_gmt":"2025-01-19T14:28:27","guid":{"rendered":"https:\/\/www.hydraulic-cylinders.net\/product\/bucket-cylinder-for-volvo-middle-excavator-ec220d\/"},"modified":"2025-01-19T14:28:29","modified_gmt":"2025-01-19T14:28:29","slug":"bucket-cylinder-for-volvo-middle-excavator-ec220d","status":"publish","type":"product","link":"https:\/\/www.hydraulic-cylinders.net\/sk\/produkt\/bucket-cylinder-for-volvo-middle-excavator-ec220d\/","title":{"rendered":"Valec vedra pre stredn\u00e9 r\u00fdpadlo Volvo EC220D"},"content":{"rendered":"<h1>Valec vedra pre stredn\u00e9 r\u00fdpadlo Volvo EC220D<\/h1>\n<h2>\u00davod<\/h2>\n<p>Hydraulick\u00fd valec ly\u017eice pre stredn\u00e9 r\u00fdpadlo Volvo EC220D je \u0161peci\u00e1lne navrhnut\u00fd hydraulick\u00fd valec pou\u017e\u00edvan\u00fd na ovl\u00e1danie pohybu ly\u017eice v \u0165a\u017ek\u00fdch strojoch, ako s\u00fa r\u00fdpadl\u00e1, r\u00fdpadlo-naklada\u010de a \u010deln\u00e9 naklada\u010de. Jeho hlavnou funkciou je umo\u017eni\u0165 zdv\u00edhanie, sp\u00fa\u0161\u0165anie a nakl\u00e1\u0148anie ly\u017eice, v\u010faka \u010domu je vhodn\u00e1 na r\u00f4zne \u00falohy manipul\u00e1cie s materi\u00e1lom. V hydraulickom syst\u00e9me dosahuje valec ly\u017eice presn\u00e9 ovl\u00e1danie ly\u017eice vyu\u017eit\u00edm zmien tlaku hydraulick\u00e9ho oleja, \u010do umo\u017e\u0148uje obsluhe efekt\u00edvne manipulova\u0165 s \u0165a\u017ek\u00fdmi bremenami a prisp\u00f4sobi\u0165 sa zlo\u017eit\u00fdm pracovn\u00fdm prostrediam a r\u00f4znorod\u00fdm po\u017eiadavk\u00e1m na pr\u00e1cu.<\/p>\n<p><img decoding=\"async\" src=\"https:\/\/www.hydraulic-cylinders.net\/wp-content\/uploads\/2025\/01\/songte-company-2.webp\" alt=\"Obr\u00e1zok valca vedra\"><\/p>\n<h2>Funkcie<\/h2>\n<ul>\n<li>Vysok\u00e1 pevnos\u0165 a odolnos\u0165: Zvy\u010dajne je vyroben\u00fd z vysokopevnostnej ocele alebo hlin\u00edka, odol\u00e1 vysok\u00e9mu tlaku a \u0165a\u017ek\u00fdm za\u0165a\u017eeniam, prisp\u00f4sob\u00ed sa n\u00e1ro\u010dn\u00fdm pracovn\u00fdm podmienkam a je navrhnut\u00fd s oh\u013eadom na odolnos\u0165 vo\u010di opotrebovaniu a kor\u00f3zii, aby sa pred\u013a\u017eila jeho \u017eivotnos\u0165.<\/li>\n<li>Efekt\u00edvna hydraulick\u00e1 prev\u00e1dzka: V\u010faka tlaku hydraulick\u00e9ho oleja dosahuje plynul\u00e9 vys\u00favanie a zas\u00favanie, r\u00fdchlo reaguje na ovl\u00e1dacie povely, poskytuje siln\u00e9 tla\u010dn\u00e9 a \u0165a\u017en\u00e9 sily a je vhodn\u00fd na manipul\u00e1ciu s \u0165a\u017ek\u00fdmi bremenami a zlo\u017eit\u00fdmi pracovn\u00fdmi \u00falohami.<\/li>\n<li>R\u00f4zne typy: Valec kor\u010deka je mo\u017en\u00e9 zvoli\u0165 ako jedno\u010dinn\u00fd (hydraulicky ovl\u00e1dan\u00fd iba v jednom smere) alebo dvoj\u010dinn\u00fd (hydraulicky ovl\u00e1dan\u00fd v oboch smeroch) na z\u00e1klade \u0161pecifick\u00fdch prev\u00e1dzkov\u00fdch potrieb. Niektor\u00e9 modely s\u00fa teleskopick\u00e9, \u010do umo\u017e\u0148uje v\u00e4\u010d\u0161ie vysunutie bez zv\u00e4\u010d\u0161enia vonkaj\u0161\u00edch rozmerov, v\u010faka \u010domu s\u00fa vhodn\u00e9 pre aplik\u00e1cie s obmedzen\u00fdm priestorom.<\/li>\n<li>Dokonal\u00e1 n\u00e1hrada: N\u00e1\u0161 produkt dok\u00e1\u017ee dokonale nahradi\u0165 tieto hydraulick\u00e9 valce.<\/li>\n<\/ul>\n<p><img decoding=\"async\" src=\"https:\/\/www.hydraulic-cylinders.net\/wp-content\/uploads\/2025\/01\/songte-cylinder-head-with-all-kinds-excavator-models.webp\" alt=\"Obr\u00e1zok produktu\"><\/p>\n<h2>Aplik\u00e1cie<\/h2>\n<ul>\n<li>Stavebn\u00e9 zariadenia: Nach\u00e1dzaj\u00fa sa v bagroch a s\u00fa nevyhnutn\u00e9 na kopanie, nakladanie a premiest\u0148ovanie zeminy alebo sutiny. V r\u00fdpadlo-naklada\u010doch pom\u00e1ha valec ly\u017eice pri v\u00fdkopov\u00fdch pr\u00e1cach aj zdv\u00edhan\u00ed.<\/li>\n<li>Po\u013enohospod\u00e1rske stroje: Pou\u017e\u00edvaj\u00fa sa v \u010deln\u00fdch naklada\u010doch na naberanie, zdv\u00edhanie a prepravu p\u00f4dy, sena a in\u00fdch materi\u00e1lov.<\/li>\n<li>R\u00fdpadl\u00e1: Valec ly\u017eice vykon\u00e1va v\u00fdkopov\u00e9 \u010dinnosti t\u00fdm, \u017ee umo\u017e\u0148uje ly\u017eici prenikn\u00fa\u0165 do p\u00f4dy.<\/li>\n<li>Naklada\u010de: \u010celn\u00e9 naklada\u010de pom\u00e1haj\u00fa pri efekt\u00edvnom zdv\u00edhan\u00ed a vykladan\u00ed tovaru.<\/li>\n<\/ul>\n<h2>\u00davahy o dizajne a krit\u00e9ri\u00e1 v\u00fdberu<\/h2>\n<ul>\n<li>\u00danosnos\u0165: Valec kor\u010deka by mal by\u0165 navrhnut\u00fd tak, aby vydr\u017eal o\u010dak\u00e1van\u00e9 za\u0165a\u017eenie bez poruchy.<\/li>\n<li>Tesnenie: Na zabezpe\u010denie \u00fa\u010dinn\u00e9ho utesnenia by sa mali pou\u017ei\u0165 r\u00f4zne tesniace komponenty, ako s\u00fa tesnenia piestov a ty\u010d\u00ed, vyroben\u00e9 z materi\u00e1lov odoln\u00fdch vo\u010di opotrebovaniu, ako je polyuret\u00e1n a nitrilov\u00fd kau\u010duk.<\/li>\n<li>Trvanlivos\u0165: Teleso valca a z\u00e1vitov\u00e9 koncov\u00e9 povrchy by mali by\u0165 jemne o\u0161etren\u00e9, aby sa zlep\u0161ila odolnos\u0165 vo\u010di opotrebovaniu a kor\u00f3zii.<\/li>\n<li>Bezpe\u010dnos\u0165: Kon\u0161trukcia by mala zah\u0155\u0148a\u0165 bezpe\u010dnostn\u00e9 prvky, ktor\u00e9 predch\u00e1dzaj\u00fa nehod\u00e1m a zabezpe\u010duj\u00fa ochranu obsluhy.<\/li>\n<li>\u00dadr\u017eba: Valec by mal by\u0165 navrhnut\u00fd pre jednoduch\u00fa \u00fadr\u017ebu a opravy s jasn\u00fdmi pokynmi pre pravideln\u00e9 kontroly a \u00fadr\u017eb\u00e1rske \u00falohy.<\/li>\n<\/ul>\n<p><img decoding=\"async\" src=\"https:\/\/www.hydraulic-cylinders.net\/wp-content\/uploads\/2025\/01\/songte-oil-pipes-and-spare-parts.webp\" alt=\"Obr\u00e1zok produktu\"><\/p>\n<h2>Tesnenie a mazanie<\/h2>\n<p>Mali by sa pou\u017e\u00edva\u0165 r\u00f4zne tesniace komponenty, ako s\u00fa tesnenia piestov a tesnenia ty\u010d\u00ed. Tesnenia by mali by\u0165 vyroben\u00e9 z materi\u00e1lov odoln\u00fdch vo\u010di opotrebovaniu, ako je polyuret\u00e1n a nitrilov\u00fd kau\u010duk. Teleso valca a z\u00e1vitov\u00e9 koncov\u00e9 plochy by mali by\u0165 jemne o\u0161etren\u00e9, aby sa zlep\u0161ila odolnos\u0165 vo\u010di opotrebovaniu. Na zabezpe\u010denie hladkej prev\u00e1dzky a dlhej \u017eivotnosti je potrebn\u00e9 pravideln\u00e9 mazanie vhodn\u00fdm mno\u017estvom hydraulick\u00e9ho oleja.<\/p>\n<h2>Pravideln\u00e1 kontrola a prevent\u00edvna \u00fadr\u017eba<\/h2>\n<ul>\n<li>Vykon\u00e1vajte pravideln\u00e9 kontroly, aby ste identifikovali ak\u00e9ko\u013evek zn\u00e1mky opotrebovania, \u00faniku alebo po\u0161kodenia.<\/li>\n<li>Zabezpe\u010dte spr\u00e1vne mazanie v\u0161etk\u00fdch pohybliv\u00fdch \u010dast\u00ed.<\/li>\n<li>Pravidelne kontrolujte a vymie\u0148ajte tesnenia, aby sa zachovala ich \u00fa\u010dinn\u00e1 tesnos\u0165.<\/li>\n<li>Pod\u013ea potreby kalibrujte a nastavte valec.<\/li>\n<\/ul>\n<p><img decoding=\"async\" src=\"https:\/\/www.hydraulic-cylinders.net\/wp-content\/uploads\/2025\/01\/songte-chushion-collar.webp\" alt=\"Obr\u00e1zok produktu\"><\/p>\n<h2>Bezpe\u010dnostn\u00e9 aspekty a faktory prostredia<\/h2>\n<p>Pri pou\u017e\u00edvan\u00ed vedrov\u00e9ho valca je nevyhnutn\u00e9 dodr\u017eiava\u0165 bezpe\u010dnostn\u00e9 opatrenia, aby sa predi\u0161lo nehod\u00e1m a zaistila bezpe\u010dnos\u0165 obsluhy. Patria sem riadne \u0161kolenie, nosenie ochrann\u00fdch prostriedkov a dodr\u017eiavanie odpor\u00fa\u010dan\u00fdch prev\u00e1dzkov\u00fdch postupov. Na zabezpe\u010denie optim\u00e1lneho v\u00fdkonu a dlhej \u017eivotnosti valca by sa mali zv\u00e1\u017ei\u0165 aj faktory prostredia, ako je teplota, vlhkos\u0165 a vystavenie koroz\u00edvnym l\u00e1tkam.<\/p>\n<h2>Diagnostika por\u00fach a be\u017en\u00e9 probl\u00e9my<\/h2>\n<p>Diagnostika por\u00fach a rie\u0161enie be\u017en\u00fdch probl\u00e9mov je nevyhnutn\u00e9 pre udr\u017eanie v\u00fdkonu valca vedra. Pravideln\u00e9 kontroly, r\u00fdchla identifik\u00e1cia probl\u00e9mov a v\u010dasn\u00e9 rie\u0161enie probl\u00e9mov m\u00f4\u017eu pom\u00f4c\u0165 predch\u00e1dza\u0165 z\u00e1va\u017en\u00fdm poruch\u00e1m. Medzi be\u017en\u00e9 probl\u00e9my patr\u00ed \u00fanik, nedostato\u010dn\u00fd v\u00fdkon a abnorm\u00e1lne zvuky. R\u00fdchle rie\u0161enie t\u00fdchto probl\u00e9mov a implement\u00e1cia prevent\u00edvnych opatren\u00ed m\u00f4\u017ee minimalizova\u0165 prestoje a zabezpe\u010di\u0165 optim\u00e1lny v\u00fdkon.<\/p>\n<p><img decoding=\"async\" src=\"https:\/\/www.hydraulic-cylinders.net\/wp-content\/uploads\/2025\/01\/songte-bushings-with-all-kinds-of-excavator-models.webp\" alt=\"Obr\u00e1zok produktu\"><\/p>\n<h2>\u00dalohy \u00fadr\u017eby<\/h2>\n<ul>\n<li>Pravideln\u00e9 kontroly: Skontrolujte valec, \u010di nevykazuje zn\u00e1mky opotrebovania, po\u0161kodenia alebo \u00faniku.<\/li>\n<li>Spr\u00e1vne mazanie: Uistite sa, \u017ee v\u0161etky pohybliv\u00e9 \u010dasti s\u00fa spr\u00e1vne namazan\u00e9.<\/li>\n<li>V\u00fdmena tesnenia: Pravidelne kontrolujte a vymie\u0148ajte tesnenia, aby sa zachovalo \u00fa\u010dinn\u00e9 utesnenie.<\/li>\n<\/ul>\n<p>Spr\u00e1vna in\u0161tal\u00e1cia, mazanie a nastavenie s\u00fa k\u013e\u00fa\u010dov\u00e9 pre v\u00fdkon valca s lopatou. Po\u010das in\u0161tal\u00e1cie poskytnite spr\u00e1vne pokyny na zarovnanie valca a odporu\u010dte pou\u017eitie vhodn\u00fdch mont\u00e1\u017enych konzol na jeho upevnenie. Dodr\u017eiavajte odpor\u00fa\u010dan\u00e9 postupy kontroly, opravy a v\u00fdmeny a poskytnite tipy na pred\u013a\u017eenie \u017eivotnosti valca. Pravideln\u00e1 \u00fadr\u017eba pom\u00f4\u017ee zabezpe\u010di\u0165 optim\u00e1lny v\u00fdkon a dlh\u00fa \u017eivotnos\u0165.<\/p>\n<p><img decoding=\"async\" src=\"https:\/\/www.hydraulic-cylinders.net\/wp-content\/uploads\/2025\/01\/songte-company-1.webp\" alt=\"Obr\u00e1zok produktu\"><\/p>\n<h2>Na\u0161a spolo\u010dnos\u0165<\/h2>\n<p>Sme v\u00fdrobcom n\u00e1hradn\u00fdch hydraulick\u00fdch valcov a jedn\u00fdm z popredn\u00fdch v\u00fdrobcov a ve\u013ekoobchodn\u00fdch distrib\u00fatorov na dom\u00e1com aj medzin\u00e1rodnom trhu. Dodr\u017eiavame z\u00e1sady vynikaj\u00facej kvality, spoliehame sa na industrializovan\u00e9 strat\u00e9gie riadenia v\u00fdroby v na\u0161ich prepracovan\u00fdch v\u00fdrobn\u00fdch diel\u0148ach a neust\u00e1le zlep\u0161ujeme na\u0161u v\u00fdrobn\u00fa platformu, v\u00fdrobn\u00e9 postupy zameran\u00e9 na kvalitu v\u00fdrobkov a siln\u00e9 v\u00fdrobn\u00e9 kapacity. S vysokou efektivitou, presnos\u0165ou a kvalitou ako na\u0161imi hlavn\u00fdmi z\u00e1sadami sa sna\u017e\u00edme uspokoji\u0165 rozmanit\u00e9 potreby na\u0161ich z\u00e1kazn\u00edkov.<\/p>\n<p><img decoding=\"async\" src=\"https:\/\/www.hydraulic-cylinders.net\/wp-content\/uploads\/2025\/01\/songte-company-3.webp\" alt=\"Obr\u00e1zok produktu\"><\/p>\n<h3>Profesionalita:<\/h3>\n<p>M\u00e1me t\u00edm sk\u00fasen\u00fdch odborn\u00edkov, ktor\u00ed zabezpe\u010duj\u00fa najvy\u0161\u0161ie \u0161tandardy kvality na\u0161ich produktov.<\/p>\n<h3>Medzin\u00e1rodn\u00e9 certifik\u00e1cie:<\/h3>\n<p>Na\u0161e produkty z\u00edskali medzin\u00e1rodn\u00e9 certifik\u00e1cie, ktor\u00e9 zaru\u010duj\u00fa ich s\u00falad s priemyseln\u00fdmi normami a predpismi.<\/p>\n<h3>Slu\u017eby prisp\u00f4sobenia:<\/h3>\n<p>Pon\u00fakame slu\u017eby prisp\u00f4sobenia, aby sme splnili \u0161pecifick\u00e9 po\u017eiadavky a poskytli rie\u0161enia na mieru pre na\u0161ich z\u00e1kazn\u00edkov.<\/p>\n<h3>V\u00fdrobn\u00e9 vybavenie:<\/h3>\n<p>Pou\u017e\u00edvame modern\u00e9 v\u00fdrobn\u00e9 zariadenia, aby sme zabezpe\u010dili presnos\u0165 a efekt\u00edvnos\u0165 na\u0161ich v\u00fdrobn\u00fdch procesov.<\/p>\n<h3>Popredajn\u00fd servis:<\/h3>\n<p>Poskytujeme komplexn\u00fd popredajn\u00fd servis vr\u00e1tane v\u00fdmeny dielov a repas\u00ed, aby sme zabezpe\u010dili spokojnos\u0165 z\u00e1kazn\u00edkov a maximalizovali \u017eivotnos\u0165 na\u0161ich produktov.<\/p>\n<p>Autor: lyl<\/p>","protected":false},"excerpt":{"rendered":"<p>Bucket Cylinder For Volvo Middle Excavator EC220D Introduction The bucket cylinder for Volvo middle excavator EC220D is a specially designed hydraulic cylinder used to control the movement of the bucket in heavy machinery such as excavators, backhoe loaders, and front loaders. Its main function is to enable the lifting, lowering, and tilting of the bucket, [&hellip;]<\/p>","protected":false},"featured_media":14782,"comment_status":"open","ping_status":"closed","template":"","meta":{"_et_pb_use_builder":"","_et_pb_old_content":"","_et_gb_content_width":""},"product_brand":[],"product_cat":[1494],"product_tag":[1495,1496],"class_list":{"0":"post-15392","1":"product","2":"type-product","3":"status-publish","4":"has-post-thumbnail","6":"product_cat-bucket-cylinders","7":"product_tag-bucket-cylinders","8":"product_tag-hydraulic-cylinders","10":"first","11":"instock","12":"shipping-taxable","13":"product-type-simple"},"amp_enabled":true,"_links":{"self":[{"href":"https:\/\/www.hydraulic-cylinders.net\/sk\/wp-json\/wp\/v2\/product\/15392","targetHints":{"allow":["GET"]}}],"collection":[{"href":"https:\/\/www.hydraulic-cylinders.net\/sk\/wp-json\/wp\/v2\/product"}],"about":[{"href":"https:\/\/www.hydraulic-cylinders.net\/sk\/wp-json\/wp\/v2\/types\/product"}],"replies":[{"embeddable":true,"href":"https:\/\/www.hydraulic-cylinders.net\/sk\/wp-json\/wp\/v2\/comments?post=15392"}],"wp:featuredmedia":[{"embeddable":true,"href":"https:\/\/www.hydraulic-cylinders.net\/sk\/wp-json\/wp\/v2\/media\/14782"}],"wp:attachment":[{"href":"https:\/\/www.hydraulic-cylinders.net\/sk\/wp-json\/wp\/v2\/media?parent=15392"}],"wp:term":[{"taxonomy":"product_brand","embeddable":true,"href":"https:\/\/www.hydraulic-cylinders.net\/sk\/wp-json\/wp\/v2\/product_brand?post=15392"},{"taxonomy":"product_cat","embeddable":true,"href":"https:\/\/www.hydraulic-cylinders.net\/sk\/wp-json\/wp\/v2\/product_cat?post=15392"},{"taxonomy":"product_tag","embeddable":true,"href":"https:\/\/www.hydraulic-cylinders.net\/sk\/wp-json\/wp\/v2\/product_tag?post=15392"}],"curies":[{"name":"pracovn\u00fd list","href":"https:\/\/api.w.org\/{rel}","templated":true}]}}