{"id":15407,"date":"2025-01-19T14:29:35","date_gmt":"2025-01-19T14:29:35","guid":{"rendered":"https:\/\/www.hydraulic-cylinders.net\/product\/bucket-cylinder-for-volvo-large-excavator-ec460b\/"},"modified":"2025-01-19T14:29:37","modified_gmt":"2025-01-19T14:29:37","slug":"bucket-cylinder-for-volvo-large-excavator-ec460b","status":"publish","type":"product","link":"https:\/\/www.hydraulic-cylinders.net\/sk\/produkt\/bucket-cylinder-for-volvo-large-excavator-ec460b\/","title":{"rendered":"Valec vedra pre ve\u013ek\u00e9 r\u00fdpadlo Volvo EC460B"},"content":{"rendered":"<h2>Valec vedra pre ve\u013ek\u00e9 r\u00fdpadlo Volvo EC460B<\/h2>\n<p><img decoding=\"async\" src=\"https:\/\/www.hydraulic-cylinders.net\/wp-content\/uploads\/2025\/01\/songte-company-2.webp\" alt=\"Obr\u00e1zok produktu\"><\/p>\n<h3>\u00davod<\/h3>\n<p>Hydraulick\u00fd valec ly\u017eice pre ve\u013ek\u00e9 r\u00fdpadlo Volvo EC460B je \u0161pecializovan\u00fd hydraulick\u00fd valec ur\u010den\u00fd na ovl\u00e1danie pohybu ly\u017eice v \u0165a\u017ek\u00fdch strojoch, ako s\u00fa r\u00fdpadl\u00e1, r\u00fdpadlo-naklada\u010de a \u010deln\u00e9 naklada\u010de. Jeho hlavnou funkciou je umo\u017eni\u0165 zdv\u00edhanie, sp\u00fa\u0161\u0165anie a nakl\u00e1\u0148anie ly\u017eice, \u010do u\u013eah\u010duje r\u00f4zne \u00falohy manipul\u00e1cie s materi\u00e1lom. V hydraulickom syst\u00e9me dosahuje valec ly\u017eice presn\u00e9 ovl\u00e1danie ly\u017eice vyu\u017eit\u00edm zmien tlaku hydraulick\u00e9ho oleja, \u010do umo\u017e\u0148uje obsluhe efekt\u00edvne manipulova\u0165 s \u0165a\u017ek\u00fdmi bremenami a prisp\u00f4sobi\u0165 sa zlo\u017eit\u00fdm pracovn\u00fdm prostrediam a r\u00f4znym prev\u00e1dzkov\u00fdm po\u017eiadavk\u00e1m.<\/p>\n<h3>Funkcie<\/h3>\n<ul>\n<li>Vysok\u00e1 pevnos\u0165 a odolnos\u0165: Zvy\u010dajne s\u00fa vyroben\u00e9 z vysokopevnostnej ocele alebo hlin\u00edka, schopn\u00e9 odol\u00e1va\u0165 vysok\u00e9mu tlaku a \u0165a\u017ek\u00e9mu za\u0165a\u017eeniu, prisp\u00f4sobi\u0165 sa n\u00e1ro\u010dn\u00fdm pracovn\u00fdm podmienkam a navrhnut\u00e9 s oh\u013eadom na odolnos\u0165 proti opotrebovaniu a kor\u00f3zii, aby sa pred\u013a\u017eila \u017eivotnos\u0165.<\/li>\n<li>Efekt\u00edvna hydraulick\u00e1 prev\u00e1dzka: Vyu\u017eitie tlaku hydraulick\u00e9ho oleja na dosiahnutie plynul\u00e9ho vys\u00favania a zas\u00favania, \u010do umo\u017e\u0148uje r\u00fdchlu reakciu na ovl\u00e1dacie povely, poskytuje siln\u00e9 tla\u010dn\u00e9 a \u0165a\u017en\u00e9 sily a je vhodn\u00e9 na manipul\u00e1ciu s \u0165a\u017ek\u00fdmi bremenami a zlo\u017eit\u00fdmi prev\u00e1dzkov\u00fdmi \u00falohami.<\/li>\n<li>R\u00f4zne typy: Valec je mo\u017en\u00e9 zvoli\u0165 ako jedno\u010dinn\u00fd (hydraulick\u00fd iba v jednom smere) alebo dvoj\u010dinn\u00fd (hydraulick\u00fd v oboch smeroch) pod\u013ea potrieb a niektor\u00e9 modely s\u00fa teleskopick\u00e9, \u010do umo\u017e\u0148uje v\u00e4\u010d\u0161ie vysunutie bez zv\u00e4\u010d\u0161enia vonkaj\u0161\u00edch rozmerov, vhodn\u00e9 pre aplik\u00e1cie s obmedzen\u00fdm priestorom.<\/li>\n<li>Dokonal\u00e1 n\u00e1hrada za hydraulick\u00e9 valce: Na\u0161e produkty dok\u00e1\u017eu tieto hydraulick\u00e9 valce dokonale nahradi\u0165. <img decoding=\"async\" src=\"https:\/\/www.hydraulic-cylinders.net\/wp-content\/uploads\/2025\/01\/songte-cylinder-head-with-all-kinds-excavator-models.webp\" alt=\"Obr\u00e1zok n\u00e1hradn\u00e9ho valca\"><\/li>\n<\/ul>\n<h3>Aplik\u00e1cie<\/h3>\n<p>Valec s ko\u0161\u00edkom nach\u00e1dza uplatnenie v r\u00f4znych zariadeniach:<\/p>\n<ul>\n<li>Stavebn\u00e9 zariadenia: Nach\u00e1dzaj\u00fa sa v bagroch a s\u00fa nevyhnutn\u00e9 pre v\u00fdkopov\u00e9 pr\u00e1ce, nakladanie a premiest\u0148ovanie zeminy alebo sutiny. V r\u00fdpadlo-naklada\u010doch pom\u00e1ha valec ly\u017eice pri v\u00fdkopov\u00fdch pr\u00e1cach aj zdv\u00edhan\u00ed.<\/li>\n<li>Po\u013enohospod\u00e1rske stroje: Pou\u017e\u00edvaj\u00fa sa v \u010deln\u00fdch naklada\u010doch na naberanie, zdv\u00edhanie a prepravu p\u00f4dy, sena a in\u00fdch materi\u00e1lov.<\/li>\n<li>R\u00fdpadl\u00e1: Valec ly\u017eice umo\u017e\u0148uje kopanie t\u00fdm, \u017ee umo\u017e\u0148uje ly\u017eici prenikn\u00fa\u0165 do p\u00f4dy.<\/li>\n<li>Naklada\u010de: V \u010deln\u00fdch naklada\u010doch pom\u00e1haj\u00fa pri efekt\u00edvnom zdv\u00edhan\u00ed a vykladan\u00ed tovaru.<\/li>\n<\/ul>\n<h3>\u00davahy o dizajne a krit\u00e9ri\u00e1 v\u00fdberu<\/h3>\n<p>Pokia\u013e ide o dizajnov\u00e9 \u00favahy, je k\u013e\u00fa\u010dov\u00fdch nieko\u013eko faktorov:<\/p>\n<ul>\n<li>Nosnos\u0165: Valec mus\u00ed by\u0165 schopn\u00fd odola\u0165 za\u0165a\u017eeniu, ktor\u00e9mu bude vystaven\u00fd.<\/li>\n<li>Tesnenie: Pou\u017e\u00edvaj\u00fa sa r\u00f4zne tesniace komponenty, ako s\u00fa tesnenia piestov a ty\u010d\u00ed, vyroben\u00e9 z materi\u00e1lov odoln\u00fdch vo\u010di opotrebovaniu, ako je polyuret\u00e1n a nitrilov\u00fd kau\u010duk. Teleso valca a z\u00e1vitov\u00e9 koncov\u00e9 plochy s\u00fa jemne o\u0161etren\u00e9 na zv\u00fd\u0161enie odolnosti vo\u010di opotrebovaniu.<\/li>\n<li>Trvanlivos\u0165: Valec by mal by\u0165 navrhnut\u00fd pre dlhodob\u00fa odolnos\u0165 v n\u00e1ro\u010dn\u00fdch podmienkach.<\/li>\n<li>Bezpe\u010dnos\u0165: Na zaistenie bezpe\u010dnej prev\u00e1dzky by sa mali dodr\u017eiava\u0165 bezpe\u010dnostn\u00e9 opatrenia, ako je spr\u00e1vna in\u0161tal\u00e1cia a pravideln\u00e9 kontroly.<\/li>\n<li>\u00dadr\u017eba: Kon\u0161trukcia by mala umo\u017e\u0148ova\u0165 jednoduch\u00fa \u00fadr\u017ebu a opravu v pr\u00edpade potreby.<\/li>\n<\/ul>\n<p><img decoding=\"async\" src=\"https:\/\/www.hydraulic-cylinders.net\/wp-content\/uploads\/2025\/01\/songte-oil-pipes-and-spare-parts.webp\" alt=\"Obr\u00e1zok tesnenia a n\u00e1hradn\u00fdch dielov\"><\/p>\n<h3>Tesnenie a mazanie<\/h3>\n<p>Valec kor\u010deka pou\u017e\u00edva r\u00f4zne tesniace komponenty, ako s\u00fa tesnenia piestov, tesnenia ty\u010d\u00ed at\u010f. Tieto tesnenia s\u00fa vyroben\u00e9 z materi\u00e1lov odoln\u00fdch proti opotrebovaniu, ako je polyuret\u00e1n a nitrilov\u00fd kau\u010duk. Teleso valca a z\u00e1vitov\u00e9 koncov\u00e9 plochy s\u00fa jemne o\u0161etren\u00e9 pre zlep\u0161enie odolnosti proti opotrebovaniu. Pre plynul\u00fd chod je nevyhnutn\u00e9 pravideln\u00e9 mazanie vhodn\u00fdm mno\u017estvom hydraulick\u00e9ho oleja.<\/p>\n<h3>Pravideln\u00e1 kontrola a prevent\u00edvna \u00fadr\u017eba<\/h3>\n<p>Pravideln\u00e1 kontrola a prevent\u00edvna \u00fadr\u017eba s\u00fa nevyhnutn\u00e9 pre optim\u00e1lny v\u00fdkon a dlh\u00fa \u017eivotnos\u0165. Medzi odpor\u00fa\u010dan\u00e9 opatrenia patria:<\/p>\n<ul>\n<li>Kontrola a udr\u017eiavanie spr\u00e1vneho zarovnania po\u010das in\u0161tal\u00e1cie.<\/li>\n<li>Pou\u017eitie vhodn\u00fdch mont\u00e1\u017enych konzol na upevnenie valca.<\/li>\n<li>Pl\u00e1novanie pravideln\u00fdch kontrol, mazania, v\u00fdmeny tesnen\u00ed a kalibra\u010dn\u00fdch prehliadok.<\/li>\n<li>Poskytnutie pokynov pre zarovnanie valcov po\u010das in\u0161tal\u00e1cie.<\/li>\n<li>Odpor\u00fa\u010danie postupov kontroly, opravy a v\u00fdmeny.<\/li>\n<li>Pon\u00fakame n\u00e1hradn\u00e9 diely a slu\u017eby renov\u00e1cie na pred\u013a\u017eenie \u017eivotnosti valca vedra.<\/li>\n<\/ul>\n<p><img decoding=\"async\" src=\"https:\/\/www.hydraulic-cylinders.net\/wp-content\/uploads\/2025\/01\/songte-chushion-collar.webp\" alt=\"Obr\u00e1zok \u00fadr\u017eby\"><\/p>\n<h3>Bezpe\u010dnostn\u00e9 aspekty a faktory prostredia<\/h3>\n<p>Pri pr\u00e1ci s hydraulick\u00fdmi valcami s\u00fa bezpe\u010dnostn\u00e9 opatrenia k\u013e\u00fa\u010dov\u00e9. Pri ich pou\u017e\u00edvan\u00ed je d\u00f4le\u017eit\u00e9 dodr\u017eiava\u0165 bezpe\u010dnostn\u00e9 opatrenia, aby sa predi\u0161lo nehod\u00e1m a zabezpe\u010dilo bezpe\u010dn\u00e9 pracovn\u00e9 prostredie.<\/p>\n<h3>Rie\u0161enie probl\u00e9mov a be\u017en\u00e9 probl\u00e9my<\/h3>\n<p>Pri pr\u00e1ci s valcami vedra je potrebn\u00e9 zv\u00e1\u017ei\u0165 niektor\u00e9 be\u017en\u00e9 body a probl\u00e9my, ktor\u00e9 treba rie\u0161i\u0165:<\/p>\n<ul>\n<li>Poskytovanie tipov a rie\u0161en\u00ed probl\u00e9mov, ktor\u00e9 \u010ditate\u013eom pom\u00f4\u017eu efekt\u00edvne diagnostikova\u0165 a rie\u0161i\u0165 probl\u00e9my.<\/li>\n<li>Navrhovanie prevent\u00edvnych opatren\u00ed na minimaliz\u00e1ciu potenci\u00e1lnych probl\u00e9mov.<\/li>\n<\/ul>\n<p><img decoding=\"async\" src=\"https:\/\/www.hydraulic-cylinders.net\/wp-content\/uploads\/2025\/01\/songte-bushings-with-all-kinds-of-excavator-models.webp\" alt=\"Obr\u00e1zok rie\u0161enia probl\u00e9mov\"><\/p>\n<p>Nezabudnite \u010dl\u00e1nok logicky usporiada\u0165, pre jednoduch\u0161iu navig\u00e1ciu pou\u017e\u00edva\u0165 podnadpisy, pre lep\u0161ie pochopenie zahrn\u00fa\u0165 relevantn\u00e9 obr\u00e1zky alebo grafy a zabezpe\u010di\u0165, aby bol obsah jasn\u00fd, stru\u010dn\u00fd a vhodn\u00fd pre \u010ditate\u013eov s r\u00f4znymi \u00farov\u0148ami technick\u00fdch znalost\u00ed.<\/p>\n<h2>O na\u0161ej spolo\u010dnosti<\/h2>\n<p>\n  Sme popredn\u00fdm v\u00fdrobcom a ve\u013ekoobchodn\u00fdm distrib\u00fatorom hydraulick\u00fdch valcov, \u0161pecializuj\u00facim sa na v\u00fdrobu n\u00e1hradn\u00fdch valcov. Na\u0161a spolo\u010dnos\u0165 pon\u00faka \u0161irok\u00fd sortiment produktov a stala sa jedn\u00fdm z popredn\u00fdch v\u00fdrobcov a ve\u013ekoobchodn\u00edkov na dom\u00e1com aj medzin\u00e1rodnom trhu. Dodr\u017eiavame z\u00e1sady excelentnosti v kvalite a v na\u0161ich prepracovan\u00fdch v\u00fdrobn\u00fdch diel\u0148ach sa spoliehame na strat\u00e9gie riadenia priemyselnej v\u00fdroby. So zameran\u00edm na technologick\u00e9 talenty, najmodernej\u0161ie v\u00fdrobn\u00e9 zariadenia a profesion\u00e1lne testovacie syst\u00e9my neust\u00e1le zlep\u0161ujeme na\u0161u v\u00fdrobn\u00fa platformu, zdokona\u013eujeme v\u00fdrobn\u00fa cestu kvality produktov a disponujeme siln\u00fdmi kreat\u00edvnymi schopnos\u0165ami. Na\u0161\u00edm cie\u013eom je uspokoji\u0165 rozmanit\u00e9 potreby z\u00e1kazn\u00edkov s vysokou efektivitou, presnos\u0165ou a vynikaj\u00facou kvalitou.\n<\/p>\n<p><img decoding=\"async\" src=\"https:\/\/www.hydraulic-cylinders.net\/wp-content\/uploads\/2025\/01\/songte-company-3.webp\" alt=\"Obr\u00e1zok spolo\u010dnosti\"><\/p>\n<p>\u010eal\u0161ie podrobnosti o na\u0161ej spolo\u010dnosti:<\/p>\n<ul>\n<li>Profesionalita<\/li>\n<li>Medzin\u00e1rodn\u00e9 certifik\u00e1cie<\/li>\n<li>Slu\u017eby prisp\u00f4sobenia<\/li>\n<li>V\u00fdrobn\u00e9 zariadenia<\/li>\n<li>Popredajn\u00e9 slu\u017eby<\/li>\n<\/ul>\n<p><img decoding=\"async\" src=\"https:\/\/hzpt.com\/wp-content\/uploads\/2024\/11\/songte-company-1.webp\" alt=\"Obr\u00e1zok spolo\u010dnosti\"><\/p>\n<p>Autor: lyl<\/p>","protected":false},"excerpt":{"rendered":"<p>Bucket Cylinder For Volvo Large Excavator EC460B Introduction The bucket cylinder for Volvo large excavator EC460B is a specialized hydraulic cylinder designed to control the movement of the bucket in heavy machinery such as excavators, backhoe loaders, and front-end loaders. Its main function is to enable the lifting, lowering, and tilting of the bucket, making [&hellip;]<\/p>","protected":false},"featured_media":14782,"comment_status":"open","ping_status":"closed","template":"","meta":{"_et_pb_use_builder":"","_et_pb_old_content":"","_et_gb_content_width":""},"product_brand":[],"product_cat":[1494],"product_tag":[1495,1496],"class_list":{"0":"post-15407","1":"product","2":"type-product","3":"status-publish","4":"has-post-thumbnail","6":"product_cat-bucket-cylinders","7":"product_tag-bucket-cylinders","8":"product_tag-hydraulic-cylinders","10":"first","11":"instock","12":"shipping-taxable","13":"product-type-simple"},"amp_enabled":true,"_links":{"self":[{"href":"https:\/\/www.hydraulic-cylinders.net\/sk\/wp-json\/wp\/v2\/product\/15407","targetHints":{"allow":["GET"]}}],"collection":[{"href":"https:\/\/www.hydraulic-cylinders.net\/sk\/wp-json\/wp\/v2\/product"}],"about":[{"href":"https:\/\/www.hydraulic-cylinders.net\/sk\/wp-json\/wp\/v2\/types\/product"}],"replies":[{"embeddable":true,"href":"https:\/\/www.hydraulic-cylinders.net\/sk\/wp-json\/wp\/v2\/comments?post=15407"}],"wp:featuredmedia":[{"embeddable":true,"href":"https:\/\/www.hydraulic-cylinders.net\/sk\/wp-json\/wp\/v2\/media\/14782"}],"wp:attachment":[{"href":"https:\/\/www.hydraulic-cylinders.net\/sk\/wp-json\/wp\/v2\/media?parent=15407"}],"wp:term":[{"taxonomy":"product_brand","embeddable":true,"href":"https:\/\/www.hydraulic-cylinders.net\/sk\/wp-json\/wp\/v2\/product_brand?post=15407"},{"taxonomy":"product_cat","embeddable":true,"href":"https:\/\/www.hydraulic-cylinders.net\/sk\/wp-json\/wp\/v2\/product_cat?post=15407"},{"taxonomy":"product_tag","embeddable":true,"href":"https:\/\/www.hydraulic-cylinders.net\/sk\/wp-json\/wp\/v2\/product_tag?post=15407"}],"curies":[{"name":"pracovn\u00fd list","href":"https:\/\/api.w.org\/{rel}","templated":true}]}}