{"id":15408,"date":"2025-01-19T14:29:39","date_gmt":"2025-01-19T14:29:39","guid":{"rendered":"https:\/\/www.hydraulic-cylinders.net\/product\/bucket-cylinder-for-volvo-large-excavator-ec700b\/"},"modified":"2025-01-19T14:29:41","modified_gmt":"2025-01-19T14:29:41","slug":"bucket-cylinder-for-volvo-large-excavator-ec700b","status":"publish","type":"product","link":"https:\/\/www.hydraulic-cylinders.net\/sk\/produkt\/bucket-cylinder-for-volvo-large-excavator-ec700b\/","title":{"rendered":"Valec vedra pre ve\u013ek\u00e9 r\u00fdpadlo Volvo EC700B"},"content":{"rendered":"<h1>Valec vedra pre ve\u013ek\u00e9 r\u00fdpadlo Volvo EC700B<\/h1>\n<h2>\u00davod<\/h2>\n<p>Hydraulick\u00fd valec ly\u017eice pre ve\u013ek\u00e9 r\u00fdpadlo Volvo EC700B je \u0161pecializovan\u00fd hydraulick\u00fd valec ur\u010den\u00fd na ovl\u00e1danie pohybu ly\u017eice v \u0165a\u017ek\u00fdch strojoch, ako s\u00fa r\u00fdpadl\u00e1, r\u00fdpadl\u00e1-naklada\u010de a \u010deln\u00e9 naklada\u010de. Jeho hlavnou funkciou je umo\u017eni\u0165 zdv\u00edhanie, sp\u00fa\u0161\u0165anie a nakl\u00e1\u0148anie ly\u017eice, \u010do u\u013eah\u010duje vykon\u00e1vanie r\u00f4znych \u00faloh manipul\u00e1cie s materi\u00e1lom. V hydraulickom syst\u00e9me dosahuje valec ly\u017eice presn\u00e9 ovl\u00e1danie ly\u017eice zmenou tlaku hydraulick\u00e9ho oleja, \u010do umo\u017e\u0148uje obsluhe efekt\u00edvne manipulova\u0165 s \u0165a\u017ek\u00fdmi bremenami, prisp\u00f4sobi\u0165 sa zlo\u017eit\u00fdm pracovn\u00fdm prostrediam a r\u00f4znym prev\u00e1dzkov\u00fdm potreb\u00e1m.<\/p>\n<p><img decoding=\"async\" src=\"https:\/\/www.hydraulic-cylinders.net\/wp-content\/uploads\/2025\/01\/songte-company-2.webp\" alt=\"Valec vedra\" \/><\/p>\n<h2>Funkcie<\/h2>\n<ul>\n<li>\n<h3>Vysok\u00e1 pevnos\u0165 a odolnos\u0165<\/h3>\n<p>Valec vedra je zvy\u010dajne vyroben\u00fd z vysokopevnostnej ocele alebo hlin\u00edka, ktor\u00e9 odol\u00e1vaj\u00fa vysok\u00e9mu tlaku a \u0165a\u017ek\u00fdm za\u0165a\u017eeniam, a prisp\u00f4sobuj\u00fa sa tak n\u00e1ro\u010dn\u00fdm pracovn\u00fdm podmienkam. Kon\u0161trukcia tie\u017e zoh\u013ead\u0148uje odolnos\u0165 proti opotrebovaniu a kor\u00f3zii, aby sa pred\u013a\u017eila \u017eivotnos\u0165.<\/p>\n<\/li>\n<li>\n<h3>Efekt\u00edvna hydraulick\u00e1 prev\u00e1dzka<\/h3>\n<p>Valec kor\u010deka vyu\u017e\u00edva tlak hydraulick\u00e9ho oleja na dosiahnutie plynul\u00e9ho roz\u0165ahovania a s\u0165ahovania, ktor\u00fd dok\u00e1\u017ee r\u00fdchlo reagova\u0165 na ovl\u00e1dacie povely a poskytuje siln\u00fa tla\u010dn\u00fa a \u0165a\u017en\u00fa silu, vhodn\u00fa na manipul\u00e1ciu s \u0165a\u017ek\u00fdmi bremenami a zlo\u017eit\u00e9 prev\u00e1dzkov\u00e9 \u00falohy.<\/p>\n<\/li>\n<li>\n<h3>R\u00f4zne typy<\/h3>\n<p>Valec kor\u010deka je mo\u017en\u00e9 zvoli\u0165 ako jedno\u010dinn\u00fd (hydraulick\u00fd pohon sa pou\u017e\u00edva iba v jednom smere) alebo dvoj\u010dinn\u00fd (hydraulick\u00fd pohon sa pou\u017e\u00edva v oboch smeroch) pod\u013ea potrieb a po\u017eiadaviek na splnenie r\u00f4znych prev\u00e1dzkov\u00fdch po\u017eiadaviek. Niektor\u00e9 modely s\u00fa teleskopick\u00e9, \u010do umo\u017e\u0148uje v\u00e4\u010d\u0161ie vysunutie bez zv\u00e4\u010d\u0161enia vonkaj\u0161\u00edch rozmerov, \u010do je vhodn\u00e9 pre aplik\u00e1cie s obmedzen\u00fdm priestorom.<\/p>\n<\/li>\n<li>\n<h3>Perfektn\u00e1 n\u00e1hrada za hydraulick\u00e9 valce<\/h3>\n<p>N\u00e1\u0161 produkt dok\u00e1\u017ee dokonale nahradi\u0165 tieto hydraulick\u00e9 valce. <\/p>\n<\/li>\n<\/ul>\n<p><img decoding=\"async\" src=\"https:\/\/www.hydraulic-cylinders.net\/wp-content\/uploads\/2025\/01\/songte-cylinder-head-with-all-kinds-excavator-models.webp\" alt=\"V\u00fdmena valca vedra\" \/><\/p>\n<h2>Aplik\u00e1cie<\/h2>\n<p>Valec vedra sa \u0161iroko pou\u017e\u00edva v r\u00f4znych \u0165a\u017ek\u00fdch strojoch vr\u00e1tane:<\/p>\n<ul>\n<li>Stavebn\u00e9 zariadenia: V bagroch s\u00fa k\u013e\u00fa\u010dov\u00e9 pre kopanie, nakladanie a premiest\u0148ovanie zeminy alebo sutiny. V r\u00fdpadlo-naklada\u010doch pom\u00e1ha valec ly\u017eice pri kopan\u00ed aj zdv\u00edhan\u00ed. <\/li>\n<li>Po\u013enohospod\u00e1rske stroje: Pou\u017e\u00edvaj\u00fa sa v \u010deln\u00fdch naklada\u010doch na naberanie, zdv\u00edhanie a prepravu p\u00f4dy, sena a in\u00fdch materi\u00e1lov. <\/li>\n<li>R\u00fdpadl\u00e1: Valec ly\u017eice dosahuje kopac\u00ed \u00fa\u010dinok t\u00fdm, \u017ee umo\u017e\u0148uje ly\u017eici prenikn\u00fa\u0165 do p\u00f4dy. <\/li>\n<li>Naklada\u010de: \u010celn\u00e9 naklada\u010de pom\u00e1haj\u00fa pri efekt\u00edvnom zdv\u00edhan\u00ed a nakl\u00e1\u0148an\u00ed tovaru. <\/li>\n<\/ul>\n<h2>\u00davahy o dizajne a krit\u00e9ri\u00e1 v\u00fdberu<\/h2>\n<p>Valec s ko\u0161\u00edkom je navrhnut\u00fd s oh\u013eadom na nieko\u013eko faktorov a v\u00fdberov\u00fdch krit\u00e9ri\u00ed, aby sa zabezpe\u010dil optim\u00e1lny v\u00fdkon a dlh\u00e1 \u017eivotnos\u0165. <\/p>\n<ul>\n<li>\n<h3>Nosnos\u0165<\/h3>\n<p>Valec by mal ma\u0165 dostato\u010dn\u00fa nosnos\u0165, aby odolal \u0165a\u017ek\u00fdm za\u0165a\u017eeniam bez deform\u00e1cie alebo po\u0161kodenia. <\/p>\n<\/li>\n<li>\n<h3>Tesnenie<\/h3>\n<p>Valec vedra by mal ma\u0165 dobr\u00fd tesniaci v\u00fdkon, aby sa zabr\u00e1nilo \u00faniku oleja, udr\u017eala sa stabilita tlaku a chr\u00e1nil sa hydraulick\u00fd syst\u00e9m pred kontamin\u00e1ciou. <\/p>\n<\/li>\n<li>\n<h3>Trvanlivos\u0165<\/h3>\n<p>Valec by mal by\u0165 vyroben\u00fd z vysoko kvalitn\u00fdch materi\u00e1lov a mal by by\u0165 prec\u00edzne spracovan\u00fd, aby sa zlep\u0161ila jeho odolnos\u0165 proti opotrebovaniu, odolnos\u0165 proti kor\u00f3zii a pred\u013a\u017eila jeho \u017eivotnos\u0165. <\/p>\n<\/li>\n<li>\n<h3>Bezpe\u010dnos\u0165<\/h3>\n<p>Valec vedra by mal by\u0165 navrhnut\u00fd s bezpe\u010dnostn\u00fdmi prvkami, ktor\u00e9 zabra\u0148uj\u00fa nehod\u00e1m, ako s\u00fa napr\u00edklad ochrann\u00e9 ventily proti pre\u0165a\u017eeniu, tla\u010didl\u00e1 n\u00fadzov\u00e9ho zastavenia a bezpe\u010dnostn\u00e9 z\u00e1mky. <\/p>\n<\/li>\n<li>\n<h3>Udr\u017eiavate\u013enos\u0165<\/h3>\n<p>Valec vedra by mal by\u0165 navrhnut\u00fd pre jednoduch\u00fa \u00fadr\u017ebu a opravy, s \u013eahk\u00fdm pr\u00edstupom ku k\u013e\u00fa\u010dov\u00fdm komponentom a jasn\u00fdmi pokynmi na demont\u00e1\u017e, kontrolu a v\u00fdmenu. <\/p>\n<\/li>\n<\/ul>\n<p><img decoding=\"async\" src=\"https:\/\/www.hydraulic-cylinders.net\/wp-content\/uploads\/2025\/01\/songte-oil-pipes-and-spare-parts.webp\" alt=\"N\u00e1hradn\u00e9 diely pre valce vedra\" \/><\/p>\n<h2>Tesnenie a mazanie<\/h2>\n<p>Valec kor\u010deka pou\u017e\u00edva r\u00f4zne tesnenia, ako s\u00fa tesnenia piestov, tesnenia ty\u010d\u00ed at\u010f. Tesnenia s\u00fa vyroben\u00e9 z materi\u00e1lov odoln\u00fdch vo\u010di opotrebovaniu, ako je polyuret\u00e1n, nitrilov\u00fd kau\u010duk at\u010f., aby sa zabezpe\u010dil dobr\u00fd tesniaci v\u00fdkon a dlh\u00e1 \u017eivotnos\u0165. Teleso valca a povrch z\u00e1vitu s\u00fa prec\u00edzne opracovan\u00e9, aby sa zv\u00fd\u0161ila odolnos\u0165 vo\u010di opotrebovaniu. Pravideln\u00e9 a spr\u00e1vne mazanie hydraulick\u00fdm olejom je nevyhnutn\u00e9 pre zabezpe\u010denie hladk\u00e9ho chodu a pred\u013a\u017eenie \u017eivotnosti.<\/p>\n<h2>\u00dadr\u017eba a opravy<\/h2>\n<p>Pravideln\u00e1 \u00fadr\u017eba a opravy valca vedra s\u00fa nevyhnutn\u00e9 pre zabezpe\u010denie spo\u013eahliv\u00e9ho v\u00fdkonu a pred\u013a\u017eenie \u017eivotnosti. <\/p>\n<ul>\n<li>\n<h3>Pravideln\u00e1 kontrola<\/h3>\n<p>Valec vedra by sa mal pravidelne kontrolova\u0165, \u010di nedoch\u00e1dza k \u00faniku oleja, deform\u00e1cii, opotrebovaniu a po\u0161kodeniu, a v pr\u00edpade potreby by sa mal vymeni\u0165 alebo opravi\u0165.<\/p>\n<\/li>\n<li>\n<h3>Spr\u00e1vne mazanie<\/h3>\n<p>Valec by mal by\u0165 spr\u00e1vne mazan\u00fd hydraulick\u00fdm olejom, aby sa zabezpe\u010dila hladk\u00e1 prev\u00e1dzka a zabr\u00e1nilo sa po\u0161kodeniu v d\u00f4sledku nedostatku mazania.<\/p>\n<\/li>\n<li>\n<h3>V\u00fdmena tesnenia<\/h3>\n<p>Tesnenia by sa mali vymeni\u0165, ak s\u00fa opotrebovan\u00e9 alebo po\u0161koden\u00e9, aby sa zachoval dobr\u00fd tesniaci v\u00fdkon.<\/p>\n<\/li>\n<li>\n<h3>Kalibra\u010dn\u00e1 kontrola<\/h3>\n<p>Valec by sa mal pravidelne kalibrova\u0165, aby sa zabezpe\u010dila jeho presnos\u0165 a spo\u013eahlivos\u0165.<\/p>\n<\/li>\n<\/ul>\n<p>Spr\u00e1vna in\u0161tal\u00e1cia je nevyhnutn\u00e1 pre zabezpe\u010denie spr\u00e1vneho fungovania valca vedra:<\/p>\n<ul>\n<li>\n<h3>Spr\u00e1vne zarovnanie<\/h3>\n<p>Valec by mal by\u0165 spr\u00e1vne zarovnan\u00fd so strojom, aby sa predi\u0161lo nespr\u00e1vnemu zarovnaniu a po\u0161kodeniu valca alebo stroja. <\/p>\n<\/li>\n<li>\n<h3>Pou\u017eitie vhodn\u00fdch mont\u00e1\u017enych konzol<\/h3>\n<p>Pou\u017eitie vhodn\u00fdch mont\u00e1\u017enych konzol m\u00f4\u017ee pom\u00f4c\u0165 predch\u00e1dza\u0165 po\u0161kodeniu valca a stroja a zabezpe\u010di\u0165 spr\u00e1vne zarovnanie. <\/p>\n<\/li>\n<li>\n<h3>Odpor\u00fa\u010dan\u00e9 postupy kontroly, opravy a v\u00fdmeny<\/h3>\n<p>The manufacturer&#8217;s recommended inspection, repair, and replacement procedures should be followed to ensure proper maintenance of the bucket cylinder. <\/p>\n<\/li>\n<li>\n<h3>N\u00e1hradn\u00e9 diely a renova\u010dn\u00e9 slu\u017eby<\/h3>\n<p>Pou\u017eitie vysokokvalitn\u00fdch n\u00e1hradn\u00fdch dielov a renova\u010dn\u00fdch slu\u017eieb m\u00f4\u017ee pom\u00f4c\u0165 pred\u013a\u017ei\u0165 \u017eivotnos\u0165 valca vedra. <\/p>\n<\/li>\n<\/ul>\n<p><img decoding=\"async\" src=\"https:\/\/www.hydraulic-cylinders.net\/wp-content\/uploads\/2025\/01\/songte-chushion-collar.webp\" alt=\"In\u0161tal\u00e1cia valca vedra\" \/><\/p>\n<h2>Bezpe\u010dnostn\u00e9 aspekty a faktory prostredia<\/h2>\n<p>When using the bucket cylinder, safety measures should be taken to avoid accidents, such as wearing protective equipment and following the manufacturer&#8217;s instructions. <\/p>\n<h2>Rie\u0161enie probl\u00e9mov a be\u017en\u00e9 probl\u00e9my<\/h2>\n<p>Medzi be\u017en\u00e9 probl\u00e9my s valcom vedra patr\u00ed \u00fanik oleja, deform\u00e1cia a opotrebovanie. Tieto probl\u00e9my je mo\u017en\u00e9 diagnostikova\u0165 kontrolou a testovan\u00edm. Spr\u00e1vne postupy \u00fadr\u017eby a opravy m\u00f4\u017eu pom\u00f4c\u0165 rie\u0161i\u0165 tieto probl\u00e9my a zabr\u00e1ni\u0165 ich opakovaniu. <\/p>\n<h2>Na\u0161a spolo\u010dnos\u0165<\/h2>\n<p>We are a manufacturer of hydraulic cylinders that can replace the original equipment manufacturer&#8217;s products. Our product range is complete, making us one of the leading manufacturers and wholesale distributors of hydraulic cylinders in domestic and international markets. We adhere to excellent quality, rely on the industrial production management strategy of a refined manufacturing workshop, and continuously improve the manufacturing platform of the workshop. By using technical talents, digital high-end manufacturing equipment, and professional testing systems, we continue to improve the production quality of our products and have strong creativity. We aim to meet customer needs with efficiency, accuracy, and quality.<\/p>\n<p><img decoding=\"async\" src=\"https:\/\/hzpt.com\/wp-content\/uploads\/2024\/11\/songte-company-1.webp\" alt=\"Na\u0161a spolo\u010dnos\u0165\" \/><\/p>\n<h2>Profesionalita<\/h2>\n<p>M\u00e1me t\u00edm profesion\u00e1lnych in\u017einierov a technikov, ktor\u00ed dok\u00e1\u017eu zabezpe\u010di\u0165 kvalitu na\u0161ich produktov a poskytova\u0165 prisp\u00f4soben\u00e9 slu\u017eby, ktor\u00e9 sp\u013a\u0148aj\u00fa potreby z\u00e1kazn\u00edkov. <\/p>\n<h2>Medzin\u00e1rodn\u00e9 certifik\u00e1cie<\/h2>\n<p>Na\u0161e v\u00fdrobky pre\u0161li medzin\u00e1rodn\u00fdmi certifik\u00e1ciami ako ISO a CE, \u010do dokazuje, \u017ee na\u0161e v\u00fdrobky sp\u013a\u0148aj\u00fa \u0161tandardy kvality a s\u00fa spo\u013eahliv\u00e9. <\/p>\n<h2>Slu\u017eby prisp\u00f4sobenia<\/h2>\n<p>Poskytujeme slu\u017eby prisp\u00f4sobenia hydraulick\u00fdch valcov, \u010do z\u00e1kazn\u00edkom umo\u017e\u0148uje vybra\u0165 si vhodn\u00fa ve\u013ekos\u0165, typ a \u0161pecifik\u00e1cie, ktor\u00e9 sp\u013a\u0148aj\u00fa ich potreby. <\/p>\n<h2>V\u00fdrobn\u00e9 zariadenia<\/h2>\n<p>Na\u0161a spolo\u010dnos\u0165 m\u00e1 modern\u00e9 v\u00fdrobn\u00e9 zariadenia vr\u00e1tane presn\u00fdch CNC s\u00fastruhov, obr\u00e1bac\u00edch centier a testovac\u00edch zariaden\u00ed. <\/p>\n<h2>Popredajn\u00e9 slu\u017eby<\/h2>\n<p>Poskytujeme komplexn\u00fd popredajn\u00fd servis vr\u00e1tane technickej podpory, poradenstva pri in\u0161tal\u00e1cii a \u00fadr\u017eby a opr\u00e1v. <\/p>\n<p><img decoding=\"async\" src=\"https:\/\/www.hydraulic-cylinders.net\/wp-content\/uploads\/2025\/01\/songte-bushings-with-all-kinds-of-excavator-models.webp\" alt=\"Puzdr\u00e1 valcov vedra\" \/><\/p>\n<p>Autor: lyl<\/p>","protected":false},"excerpt":{"rendered":"<p>Bucket Cylinder For Volvo Large Excavator EC700B Introduction The bucket cylinder for Volvo large excavator EC700B is a specialized hydraulic cylinder designed to control the movement of the bucket in heavy machinery, such as excavators, backhoe excavators and front-end loaders. Its main function is to allow the bucket to lift, lower and tilt, making it [&hellip;]<\/p>","protected":false},"featured_media":14780,"comment_status":"open","ping_status":"closed","template":"","meta":{"_et_pb_use_builder":"","_et_pb_old_content":"","_et_gb_content_width":""},"product_brand":[],"product_cat":[1494],"product_tag":[1495,1496],"class_list":{"0":"post-15408","1":"product","2":"type-product","3":"status-publish","4":"has-post-thumbnail","6":"product_cat-bucket-cylinders","7":"product_tag-bucket-cylinders","8":"product_tag-hydraulic-cylinders","10":"first","11":"instock","12":"shipping-taxable","13":"product-type-simple"},"amp_enabled":true,"_links":{"self":[{"href":"https:\/\/www.hydraulic-cylinders.net\/sk\/wp-json\/wp\/v2\/product\/15408","targetHints":{"allow":["GET"]}}],"collection":[{"href":"https:\/\/www.hydraulic-cylinders.net\/sk\/wp-json\/wp\/v2\/product"}],"about":[{"href":"https:\/\/www.hydraulic-cylinders.net\/sk\/wp-json\/wp\/v2\/types\/product"}],"replies":[{"embeddable":true,"href":"https:\/\/www.hydraulic-cylinders.net\/sk\/wp-json\/wp\/v2\/comments?post=15408"}],"wp:featuredmedia":[{"embeddable":true,"href":"https:\/\/www.hydraulic-cylinders.net\/sk\/wp-json\/wp\/v2\/media\/14780"}],"wp:attachment":[{"href":"https:\/\/www.hydraulic-cylinders.net\/sk\/wp-json\/wp\/v2\/media?parent=15408"}],"wp:term":[{"taxonomy":"product_brand","embeddable":true,"href":"https:\/\/www.hydraulic-cylinders.net\/sk\/wp-json\/wp\/v2\/product_brand?post=15408"},{"taxonomy":"product_cat","embeddable":true,"href":"https:\/\/www.hydraulic-cylinders.net\/sk\/wp-json\/wp\/v2\/product_cat?post=15408"},{"taxonomy":"product_tag","embeddable":true,"href":"https:\/\/www.hydraulic-cylinders.net\/sk\/wp-json\/wp\/v2\/product_tag?post=15408"}],"curies":[{"name":"pracovn\u00fd list","href":"https:\/\/api.w.org\/{rel}","templated":true}]}}