{"id":15413,"date":"2025-01-19T14:29:59","date_gmt":"2025-01-19T14:29:59","guid":{"rendered":"https:\/\/www.hydraulic-cylinders.net\/product\/bucket-cylinder-for-volvo-wheel-excavator-ew60\/"},"modified":"2025-01-19T14:30:02","modified_gmt":"2025-01-19T14:30:02","slug":"bucket-cylinder-for-volvo-wheel-excavator-ew60","status":"publish","type":"product","link":"https:\/\/www.hydraulic-cylinders.net\/sk\/produkt\/bucket-cylinder-for-volvo-wheel-excavator-ew60\/","title":{"rendered":"Valec vedra pre kolesov\u00e9 r\u00fdpadlo Volvo EW60"},"content":{"rendered":"<h1>Valec vedra pre kolesov\u00e9 r\u00fdpadlo Volvo EW60<\/h1>\n<h2>\u00davod<\/h2>\n<p>Hydraulick\u00fd valec ly\u017eice pre kolesov\u00e9 r\u00fdpadlo Volvo EW60 je \u0161peci\u00e1lne navrhnut\u00fd hydraulick\u00fd valec pou\u017e\u00edvan\u00fd na ovl\u00e1danie pohybu ly\u017eice v \u0165a\u017ek\u00fdch strojoch, ako s\u00fa r\u00fdpadl\u00e1, r\u00fdpadl\u00e1-naklada\u010de a \u010deln\u00e9 naklada\u010de. Jeho hlavnou funkciou je umo\u017eni\u0165 zdv\u00edhanie, sp\u00fa\u0161\u0165anie a nakl\u00e1\u0148anie ly\u017eice, \u010do u\u013eah\u010duje manipul\u00e1ciu s r\u00f4znymi materi\u00e1lmi. V hydraulickom syst\u00e9me valec ly\u017eice presne ovl\u00e1da ly\u017eicu prostredn\u00edctvom zmien tlaku hydraulick\u00e9ho oleja, \u010do umo\u017e\u0148uje obsluhe efekt\u00edvne manipulova\u0165 s \u0165a\u017ek\u00fdmi bremenami a prisp\u00f4sobi\u0165 sa zlo\u017eit\u00fdm pracovn\u00fdm prostrediam a r\u00f4znorod\u00fdm po\u017eiadavk\u00e1m na pr\u00e1cu.<\/p>\n<p><img decoding=\"async\" src=\"https:\/\/www.hydraulic-cylinders.net\/wp-content\/uploads\/2025\/01\/songte-company-2.webp\"><\/p>\n<h2>Funkcie<\/h2>\n<ul>\n<li>Vysok\u00e1 pevnos\u0165 a odolnos\u0165: Zvy\u010dajne s\u00fa vyroben\u00e9 z vysokopevnostnej ocele alebo hlin\u00edka, schopn\u00e9 odol\u00e1va\u0165 vysok\u00e9mu tlaku a \u0165a\u017ek\u00fdm za\u0165a\u017eeniam a s\u00fa navrhnut\u00e9 s oh\u013eadom na odolnos\u0165 vo\u010di opotrebovaniu a kor\u00f3zii, aby sa pred\u013a\u017eila ich \u017eivotnos\u0165.<\/li>\n<li>Efekt\u00edvna hydraulick\u00e1 prev\u00e1dzka: Vyu\u017e\u00edva tlak hydraulick\u00e9ho oleja na dosiahnutie plynul\u00e9ho vys\u00favania a zas\u00favania, dok\u00e1\u017ee r\u00fdchlo reagova\u0165 na ovl\u00e1dacie povely a poskytova\u0165 siln\u00fa tla\u010dn\u00fa a \u0165a\u017en\u00fa silu, vhodn\u00fa na manipul\u00e1ciu s \u0165a\u017ek\u00fdmi bremenami a zlo\u017eit\u00fdmi \u00falohami.<\/li>\n<li>R\u00f4zne typy: Jedno\u010dinn\u00e9 (s hydraulikou iba v jednom smere) alebo dvoj\u010dinn\u00e9 (s hydraulikou v oboch smeroch) valce je mo\u017en\u00e9 vybra\u0165 pod\u013ea po\u017eiadaviek, aby sa splnili r\u00f4zne prev\u00e1dzkov\u00e9 potreby. Niektor\u00e9 modely s\u00fa teleskopick\u00e9, \u010do umo\u017e\u0148uje v\u00e4\u010d\u0161ie vysunutie bez zv\u00e4\u010d\u0161enia vonkaj\u0161\u00edch rozmerov, vhodn\u00e9 pre aplik\u00e1cie s obmedzen\u00fdm priestorom.<\/li>\n<li>Vymenite\u013en\u00e9: N\u00e1\u0161 produkt dok\u00e1\u017ee dokonale nahradi\u0165 tieto hydraulick\u00e9 valce.<\/li>\n<li>Prisp\u00f4sobite\u013en\u00e9: Na\u0161e hydraulick\u00e9 valce je mo\u017en\u00e9 prisp\u00f4sobi\u0165 pod\u013ea \u0161pecifick\u00fdch po\u017eiadaviek.<\/li>\n<\/ul>\n<p><img decoding=\"async\" src=\"https:\/\/www.hydraulic-cylinders.net\/wp-content\/uploads\/2025\/01\/songte-cylinder-head-with-all-kinds-excavator-models.webp\"><\/p>\n<h2>Aplik\u00e1cie<\/h2>\n<h3>Stavebn\u00e9 stroje<\/h3>\n<p>V bagroch s\u00fa nevyhnutn\u00e9 na v\u00fdkopov\u00e9 pr\u00e1ce, nakladanie a premiest\u0148ovanie zeminy alebo sutiny. V r\u00fdpadlo-naklada\u010doch pom\u00e1haj\u00fa valce ko\u0161\u00edkov pri kopan\u00ed a zdv\u00edhan\u00ed. V \u010deln\u00fdch naklada\u010doch pom\u00e1haj\u00fa efekt\u00edvne zdv\u00edha\u0165 a vyklada\u0165 tovar.<\/p>\n<h3>Po\u013enohospod\u00e1rske stroje<\/h3>\n<p>Valce ko\u0161\u00edkov, ktor\u00e9 sa pou\u017e\u00edvaj\u00fa v \u010deln\u00fdch naklada\u010doch, pom\u00e1haj\u00fa zdv\u00edha\u0165, zdv\u00edha\u0165 a prepravova\u0165 p\u00f4du, seno a in\u00e9 materi\u00e1ly.<\/p>\n<h3>R\u00fdpadl\u00e1<\/h3>\n<p>Valec vedra umo\u017e\u0148uje vedru prenikn\u00fa\u0165 do p\u00f4dy pri v\u00fdkopov\u00fdch pr\u00e1cach.<\/p>\n<h3>Naklada\u010d<\/h3>\n<p>V \u010deln\u00fdch naklada\u010doch pom\u00e1haj\u00fa valce ko\u0161\u00edkov efekt\u00edvne zdv\u00edha\u0165 a nakl\u00e1\u0148a\u0165 tovar.<\/p>\n<h3>Zariadenia na manipul\u00e1ciu s materi\u00e1lom<\/h3>\n<p>Pou\u017e\u00edva sa v r\u00f4znych manipula\u010dn\u00fdch zariadeniach na zdv\u00edhanie, stohovanie alebo prepravu materi\u00e1lov.<\/p>\n<p><img decoding=\"async\" src=\"https:\/\/www.hydraulic-cylinders.net\/wp-content\/uploads\/2025\/01\/songte-bushings-with-all-kinds-of-excavator-models.webp\"><\/p>\n<h2>\u00davahy o dizajne a krit\u00e9ri\u00e1 v\u00fdberu<\/h2>\n<h3>Nosnos\u0165<\/h3>\n<p>Valec mus\u00ed by\u0165 schopn\u00fd odola\u0165 za\u0165a\u017eeniu, ktor\u00e9mu bude vystaven\u00fd po\u010das prev\u00e1dzky.<\/p>\n<h3>Tesnenie<\/h3>\n<p>Tesniaci syst\u00e9m mus\u00ed by\u0165 schopn\u00fd udr\u017ea\u0165 tlak a zabr\u00e1ni\u0165 \u00fanikom.<\/p>\n<h3>Trvanlivos\u0165<\/h3>\n<p>Valec mus\u00ed by\u0165 dostato\u010dne odoln\u00fd, aby odolal n\u00e1ro\u010dn\u00fdm pracovn\u00fdm podmienkam a aby vydr\u017eal dlho.<\/p>\n<h3>Bezpe\u010dnos\u0165<\/h3>\n<p>Valec mus\u00ed fungova\u0165 bezpe\u010dne, aby sa predi\u0161lo ak\u00fdmko\u013evek nehod\u00e1m.<\/p>\n<h3>\u00dadr\u017eba<\/h3>\n<p>Valec mus\u00ed by\u0165 \u013eahko udr\u017eiavate\u013en\u00fd a opravovate\u013en\u00fd, \u010d\u00edm sa skracuj\u00fa prestoje a minimalizuj\u00fa n\u00e1klady.<\/p>\n<p><img decoding=\"async\" src=\"https:\/\/www.hydraulic-cylinders.net\/wp-content\/uploads\/2025\/01\/songte-oil-pipes-and-spare-parts.webp\"><\/p>\n<h2>Tesnenie a mazanie<\/h2>\n<p>Na zabr\u00e1nenie \u00faniku kvapaliny sa pou\u017e\u00edvaj\u00fa r\u00f4zne tesnenia, ako napr\u00edklad tesnenia piestov a tesnenia ty\u010d\u00ed. Tesnenia s\u00fa vyroben\u00e9 z materi\u00e1lov odoln\u00fdch vo\u010di opotrebovaniu, ako je polyuret\u00e1n a nitrilov\u00fd kau\u010duk. Teleso valca a povrchy z\u00e1vitov\u00fdch koncov s\u00fa jemne opracovan\u00e9, aby sa zlep\u0161ila odolnos\u0165 vo\u010di opotrebovaniu. Na udr\u017eanie hladk\u00e9ho chodu je potrebn\u00e9 pravideln\u00e9 mazanie vhodn\u00fdm hydraulick\u00fdm olejom.<\/p>\n<h2>Kontroln\u00e9 a prevent\u00edvne \u00fadr\u017eb\u00e1rske opatrenia<\/h2>\n<p>Pravideln\u00e1 kontrola a \u00fadr\u017eba s\u00fa nevyhnutn\u00e9 pre zabezpe\u010denie dlhej \u017eivotnosti a efekt\u00edvnej prev\u00e1dzky valca. Nasleduj\u00fa be\u017en\u00e9 \u00falohy \u00fadr\u017eby:<\/p>\n<h3>Pravideln\u00e1 kontrola<\/h3>\n<p>Pravidelne kontrolujte valec, \u010di nejav\u00ed zn\u00e1mky opotrebovania a po\u0161kodenia.<\/p>\n<h3>Mazanie<\/h3>\n<p>Spr\u00e1vne mazanie je nevyhnutn\u00e9 pre efekt\u00edvnu prev\u00e1dzku valca.<\/p>\n<h3>V\u00fdmena tesnenia<\/h3>\n<p>Vyme\u0148te tesnenia, ak s\u00fa opotrebovan\u00e9, po\u0161koden\u00e9 alebo netesnia.<\/p>\n<h2>Sprievodca in\u0161tal\u00e1ciou produktu<\/h2>\n<p>Spr\u00e1vna in\u0161tal\u00e1cia je k\u013e\u00fa\u010dov\u00e1 pre zabezpe\u010denie bezpe\u010dnej a efekt\u00edvnej prev\u00e1dzky valca. Postupujte pod\u013ea t\u00fdchto krokov:<\/p>\n<h3>Zarovnanie<\/h3>\n<p>Spr\u00e1vne zarovnajte valec, aby ste predi\u0161li ak\u00e9muko\u013evek nespr\u00e1vnemu zarovnaniu, ktor\u00e9 m\u00f4\u017ee sp\u00f4sobi\u0165 po\u0161kodenie alebo poruchu.<\/p>\n<h3>Konzoly a mont\u00e1\u017e<\/h3>\n<p>Na upevnenie valca na mieste pou\u017eite vhodn\u00e9 mont\u00e1\u017ene konzoly.<\/p>\n<h3>Postupy kontroly, opravy a v\u00fdmeny<\/h3>\n<p>Dodr\u017eiavajte odpor\u00fa\u010dan\u00e9 postupy kontroly, opravy a v\u00fdmeny, aby ste udr\u017eali valec v chode.<\/p>\n<p><img decoding=\"async\" src=\"https:\/\/www.hydraulic-cylinders.net\/wp-content\/uploads\/2025\/01\/songte-chushion-collar.webp\"><\/p>\n<h2>Bezpe\u010dnostn\u00e9 aspekty a faktory prostredia<\/h2>\n<p>Pri obsluhe hydraulick\u00fdch valcov s\u00fa nevyhnutn\u00e9 spr\u00e1vne bezpe\u010dnostn\u00e9 opatrenia, aby sa predi\u0161lo nehod\u00e1m. Pre zabezpe\u010denie efekt\u00edvnej a bezpe\u010dnej prev\u00e1dzky valca by sa mali zoh\u013eadni\u0165 aj faktory prostredia, ako je teplota a vlhkos\u0165.<\/p>\n<h2>Rie\u0161enie probl\u00e9mov a be\u017en\u00e9 probl\u00e9my<\/h2>\n<p>Nasleduj\u00fa be\u017en\u00e9 probl\u00e9my a ich rie\u0161enia:<\/p>\n<h3>\u00danik<\/h3>\n<p>Skontrolujte tesnenia a v pr\u00edpade potreby ich vyme\u0148te.<\/p>\n<h3>Prehriatie<\/h3>\n<p>Skontrolujte hladinu hydraulick\u00e9ho oleja a uistite sa, \u017ee je dostato\u010dn\u00e1. Skontrolujte aj nastavenia \u010derpadla a ventilov a pod\u013ea toho ich upravte.<\/p>\n<h3>Pomal\u00e1 prev\u00e1dzka<\/h3>\n<p>Skontrolujte hladinu hydraulickej kvapaliny a stav filtrov. Vyme\u0148te v\u0161etky po\u0161koden\u00e9 alebo upchat\u00e9 filtre.<\/p>\n<h2>O na\u0161ej spolo\u010dnosti<\/h2>\n<p>Sme v\u00fdrobcom hydraulick\u00fdch valcov a popredn\u00fdm v\u00fdrobcom a ve\u013ekoobchodn\u00edkom na dom\u00e1com aj medzin\u00e1rodnom trhu. Dodr\u017eiavame z\u00e1sadu vynikaj\u00facej kvality, spoliehame sa na industrializovan\u00e9 strat\u00e9gie riadenia v\u00fdroby v prec\u00edzne organizovan\u00fdch v\u00fdrobn\u00fdch diel\u0148ach a neust\u00e1le zlep\u0161ujeme na\u0161e v\u00fdrobn\u00e9 platformy, zlep\u0161ujeme v\u00fdrobn\u00e9 linky na kvalitu v\u00fdrobkov a m\u00e1me siln\u00e9 tvoriv\u00e9 schopnosti.<\/p>\n<h3>Profesionalita<\/h3>\n<p>M\u00e1me t\u00edm sk\u00fasen\u00fdch profesion\u00e1lov, ktor\u00ed s\u00fa expertmi vo svojich oblastiach.<\/p>\n<h3>Medzin\u00e1rodn\u00e9 certifik\u00e1cie<\/h3>\n<p>Na\u0161e v\u00fdrobky sp\u013a\u0148aj\u00fa medzin\u00e1rodn\u00e9 \u0161tandardy kvality a s\u00fa certifikovan\u00e9 r\u00f4znymi organiz\u00e1ciami.<\/p>\n<h3>Slu\u017eby prisp\u00f4sobenia<\/h3>\n<p>Pon\u00fakame hydraulick\u00e9 valce na mieru pod\u013ea \u0161pecifick\u00fdch po\u017eiadaviek.<\/p>\n<h3>V\u00fdrobn\u00e9 zariadenia<\/h3>\n<p>M\u00e1me modern\u00e9 v\u00fdrobn\u00e9 zariadenia, ktor\u00e9 zabezpe\u010duj\u00fa kvalitu a efekt\u00edvnos\u0165 na\u0161ich produktov.<\/p>\n<h3>Popredajn\u00fd servis<\/h3>\n<p>Poskytujeme spo\u013eahliv\u00fd popredajn\u00fd servis vr\u00e1tane n\u00e1hradn\u00fdch dielov a repasovan\u00fdch slu\u017eieb, aby sme zabezpe\u010dili dlh\u00fa \u017eivotnos\u0165 na\u0161ich produktov.<\/p>\n<p><img decoding=\"async\" src=\"https:\/\/hzpt.com\/wp-content\/uploads\/2024\/11\/songte-company-1.webp\"><\/p>\n<h4>Autor: lyl<\/h4>","protected":false},"excerpt":{"rendered":"<p>Bucket Cylinder For Volvo Wheel Excavator EW60 Introduction The bucket cylinder for Volvo wheel excavator EW60 is a specially-designed hydraulic cylinder used to control the movement of the bucket in heavy machinery such as excavators, backhoes, and front loaders. Its main function is to enable the bucket to lift, lower, and tilt, making it easier [&hellip;]<\/p>","protected":false},"featured_media":14769,"comment_status":"open","ping_status":"closed","template":"","meta":{"_et_pb_use_builder":"","_et_pb_old_content":"","_et_gb_content_width":""},"product_brand":[],"product_cat":[1494],"product_tag":[1495,1496],"class_list":{"0":"post-15413","1":"product","2":"type-product","3":"status-publish","4":"has-post-thumbnail","6":"product_cat-bucket-cylinders","7":"product_tag-bucket-cylinders","8":"product_tag-hydraulic-cylinders","10":"first","11":"instock","12":"shipping-taxable","13":"product-type-simple"},"amp_enabled":true,"_links":{"self":[{"href":"https:\/\/www.hydraulic-cylinders.net\/sk\/wp-json\/wp\/v2\/product\/15413","targetHints":{"allow":["GET"]}}],"collection":[{"href":"https:\/\/www.hydraulic-cylinders.net\/sk\/wp-json\/wp\/v2\/product"}],"about":[{"href":"https:\/\/www.hydraulic-cylinders.net\/sk\/wp-json\/wp\/v2\/types\/product"}],"replies":[{"embeddable":true,"href":"https:\/\/www.hydraulic-cylinders.net\/sk\/wp-json\/wp\/v2\/comments?post=15413"}],"wp:featuredmedia":[{"embeddable":true,"href":"https:\/\/www.hydraulic-cylinders.net\/sk\/wp-json\/wp\/v2\/media\/14769"}],"wp:attachment":[{"href":"https:\/\/www.hydraulic-cylinders.net\/sk\/wp-json\/wp\/v2\/media?parent=15413"}],"wp:term":[{"taxonomy":"product_brand","embeddable":true,"href":"https:\/\/www.hydraulic-cylinders.net\/sk\/wp-json\/wp\/v2\/product_brand?post=15413"},{"taxonomy":"product_cat","embeddable":true,"href":"https:\/\/www.hydraulic-cylinders.net\/sk\/wp-json\/wp\/v2\/product_cat?post=15413"},{"taxonomy":"product_tag","embeddable":true,"href":"https:\/\/www.hydraulic-cylinders.net\/sk\/wp-json\/wp\/v2\/product_tag?post=15413"}],"curies":[{"name":"pracovn\u00fd list","href":"https:\/\/api.w.org\/{rel}","templated":true}]}}