{"id":15417,"date":"2025-01-19T14:30:17","date_gmt":"2025-01-19T14:30:17","guid":{"rendered":"https:\/\/www.hydraulic-cylinders.net\/product\/bucket-cylinder-for-volvo-wheel-excavator-dls830-9b\/"},"modified":"2025-01-19T14:30:19","modified_gmt":"2025-01-19T14:30:19","slug":"bucket-cylinder-for-volvo-wheel-excavator-dls830-9b","status":"publish","type":"product","link":"https:\/\/www.hydraulic-cylinders.net\/sk\/produkt\/bucket-cylinder-for-volvo-wheel-excavator-dls830-9b\/","title":{"rendered":"Valec vedra pre kolesov\u00e9 r\u00fdpadlo Volvo DLS830-9B"},"content":{"rendered":"<h1>Valec vedra pre kolesov\u00e9 r\u00fdpadlo Volvo DLS830-9B<\/h1>\n<h2>\u00davod<\/h2>\n<h3>Defin\u00edcia<\/h3>\n<p>Hydraulick\u00fd valec ly\u017eice je \u0161pecializovan\u00fd hydraulick\u00fd valec pou\u017e\u00edvan\u00fd predov\u0161etk\u00fdm na ovl\u00e1danie pohybu ly\u017e\u00edc v \u0165a\u017ek\u00fdch strojoch, ako s\u00fa bagre, r\u00fdpadl\u00e1-r\u00fdpadl\u00e1 a \u010deln\u00e9 naklada\u010de. Jeho hlavnou funkciou je umo\u017eni\u0165 ly\u017eici zdv\u00edha\u0165, sp\u00fa\u0161\u0165a\u0165 a nakl\u00e1\u0148a\u0165, \u010do ju rob\u00ed vhodnou pre r\u00f4zne \u00falohy manipul\u00e1cie s materi\u00e1lom. V hydraulickom syst\u00e9me dosahuje valec ly\u017eice presn\u00e9 ovl\u00e1danie ly\u017eice zmenou tlaku hydraulick\u00e9ho oleja, \u010do umo\u017e\u0148uje obsluhe efekt\u00edvne manipulova\u0165 s \u0165a\u017ek\u00fdmi predmetmi a prisp\u00f4sobi\u0165 sa zlo\u017eit\u00fdm pracovn\u00fdm prostrediam a r\u00f4znym prev\u00e1dzkov\u00fdm po\u017eiadavk\u00e1m.<\/p>\n<p><img decoding=\"async\" src=\"https:\/\/www.hydraulic-cylinders.net\/wp-content\/uploads\/2025\/01\/songte-company-2.webp\" alt=\"Valec vedra pre kolesov\u00e9 r\u00fdpadlo Volvo DLS830-9B\"><\/p>\n<h2>Funkcie<\/h2>\n<ul>\n<li>Vysok\u00e1 pevnos\u0165 a odolnos\u0165: zvy\u010dajne vyroben\u00e9 z vysokopevnostnej ocele alebo hlin\u00edka, schopn\u00e9 odol\u00e1va\u0165 vysok\u00e9mu tlaku a \u0165a\u017ek\u00fdm za\u0165a\u017eeniam, prisp\u00f4sobite\u013en\u00e9 n\u00e1ro\u010dn\u00fdm pracovn\u00fdm podmienkam, navrhnut\u00e9 s oh\u013eadom na odolnos\u0165 vo\u010di opotrebovaniu a kor\u00f3zii a s pred\u013a\u017eenou \u017eivotnos\u0165ou.<\/li>\n<li>Efekt\u00edvna hydraulick\u00e1 prev\u00e1dzka: vyu\u017eitie tlaku hydraulick\u00e9ho oleja na dosiahnutie plynul\u00e9ho vys\u00favania a zas\u00favania, schopnos\u0165 r\u00fdchlo reagova\u0165 na ovl\u00e1dacie povely, poskytovanie silnej tla\u010dnej a \u0165a\u017enej sily, vhodn\u00e9 na manipul\u00e1ciu s \u0165a\u017ek\u00fdmi predmetmi a zlo\u017eit\u00e9 prev\u00e1dzkov\u00e9 \u00falohy.<\/li>\n<li>R\u00f4zne typy: pod\u013ea potreby je mo\u017en\u00e9 vybra\u0165 jedno\u010dinn\u00e9 (hydraulika sa pou\u017e\u00edva iba v jednom smere) alebo dvoj\u010dinn\u00e9 (hydraulika sa pou\u017e\u00edva v oboch smeroch) valce, aby sa splnili r\u00f4zne prev\u00e1dzkov\u00e9 potreby. Niektor\u00e9 modely s\u00fa teleskopick\u00e9, \u010do umo\u017e\u0148uje v\u00e4\u010d\u0161ie vysunutie bez zv\u00e4\u010d\u0161enia vonkaj\u0161\u00edch rozmerov, vhodn\u00e9 pre aplik\u00e1cie v obmedzenom priestore.<\/li>\n<li>Vymenite\u013en\u00e9: n\u00e1\u0161 produkt dok\u00e1\u017ee dokonale nahradi\u0165 tieto hydraulick\u00e9 valce.<\/li>\n<\/ul>\n<p><img decoding=\"async\" src=\"https:\/\/www.hydraulic-cylinders.net\/wp-content\/uploads\/2025\/01\/songte-cylinder-head-with-all-kinds-excavator-models.webp\" alt=\"Valec vedra pre kolesov\u00e9 r\u00fdpadlo Volvo DLS830-9B\"><\/p>\n<h2>Aplik\u00e1cie<\/h2>\n<p>Valce s kore\u010dkami sa pou\u017e\u00edvaj\u00fa v r\u00f4znych \u0165a\u017ek\u00fdch strojoch, ako napr\u00edklad:<\/p>\n<ul>\n<li>Stavebn\u00e9 zariadenia: v bagroch s\u00fa nevyhnutn\u00e9 na kopanie, nakladanie a premiest\u0148ovanie zeminy alebo sutiny. V r\u00fdpadlov\u00fdch bagroch pom\u00e1haj\u00fa valce ko\u0161\u00edkov pri kopan\u00ed aj zdv\u00edhan\u00ed. <\/li>\n<li>Po\u013enohospod\u00e1rske stroje: pou\u017e\u00edvaj\u00fa sa na \u010deln\u00e9 naklada\u010de, zdv\u00edhanie a prepravu p\u00f4dy, sena a in\u00fdch materi\u00e1lov. <\/li>\n<li>R\u00fdpadl\u00e1: valce ko\u0161\u00edkov dosahuj\u00fa v\u00fdkopov\u00e9 \u010dinnosti t\u00fdm, \u017ee umo\u017e\u0148uj\u00fa ko\u0161\u00edku prenikn\u00fa\u0165 do p\u00f4dy. <\/li>\n<li>Naklada\u010de: v \u010deln\u00fdch naklada\u010doch pom\u00e1haj\u00fa efekt\u00edvne zdv\u00edha\u0165 a nakl\u00e1\u0148a\u0165 n\u00e1klad. <\/li>\n<\/ul>\n<p>Pre ka\u017ed\u00fa z t\u00fdchto aplik\u00e1ci\u00ed umo\u017e\u0148uj\u00fa kore\u010dkov\u00e9 valce \u0165a\u017ek\u00fdm strojom vykon\u00e1va\u0165 \u00falohy manipul\u00e1cie s materi\u00e1lom efekt\u00edvnej\u0161ie, presnej\u0161ie a bezpe\u010dnej\u0161ie. V stavebn\u00edctve a po\u013enohospod\u00e1rstve sa pomocou kore\u010dkov\u00fdch valcov zvy\u0161uje produktivita a u\u013eah\u010duje sa pr\u00e1ca.<\/p>\n<h2>\u00davahy o dizajne a krit\u00e9ri\u00e1 v\u00fdberu<\/h2>\n<h3>Nosnos\u0165<\/h3>\n<p>Najd\u00f4le\u017eitej\u0161\u00edm faktorom pri v\u00fdbere valca s ko\u0161\u00edkom je jeho nosnos\u0165, ktor\u00e1 priamo s\u00favis\u00ed s hmotnos\u0165ou manipulovan\u00e9ho materi\u00e1lu. Valec mus\u00ed by\u0165 schopn\u00fd odola\u0165 za\u0165a\u017eeniu bez toho, aby sa pod tlakom ohnul alebo deformoval.<\/p>\n<h3>Tesnenie<\/h3>\n<p>\u00da\u010dinn\u00e9 tesnenie je nevyhnutn\u00e9 pre spr\u00e1vnu funkciu valca vedra. Tesniaci syst\u00e9m mus\u00ed zabr\u00e1ni\u0165 \u00faniku hydraulickej kvapaliny, \u010do m\u00f4\u017ee vies\u0165 k poruche hydraulick\u00e9ho syst\u00e9mu, strate tlaku a potenci\u00e1lnemu po\u0161kodeniu strojov. Pou\u017eitie r\u00f4znych tesniacich komponentov, ako s\u00fa tesnenia piestov a ty\u010d\u00ed, vyroben\u00fdch z materi\u00e1lov odoln\u00fdch vo\u010di opotrebovaniu, ako je polyuret\u00e1n a nitrilov\u00e1 guma, m\u00f4\u017ee pom\u00f4c\u0165 predch\u00e1dza\u0165 \u00faniku.<\/p>\n<h3>Trvanlivos\u0165<\/h3>\n<p>Valec s vedrom by mal by\u0165 navrhnut\u00fd tak, aby vydr\u017eal dlho s minim\u00e1lnou \u00fadr\u017ebou. To zah\u0155\u0148a pou\u017eitie odoln\u00fdch materi\u00e1lov, ktor\u00e9 odol\u00e1vaj\u00fa drsn\u00fdm podmienkam prostredia a intenz\u00edvnemu pou\u017e\u00edvaniu. Valec by mal by\u0165 navrhnut\u00fd pre jednoduch\u00fa \u00fadr\u017ebu a opravy s \u013eahko pr\u00edstupn\u00fdmi komponentmi.<\/p>\n<h3>Bezpe\u010dnos\u0165<\/h3>\n<p>Valec s ko\u0161\u00edkom by mal by\u0165 navrhnut\u00fd s oh\u013eadom na bezpe\u010dnostn\u00e9 prvky. Mal by by\u0165 schopn\u00fd odola\u0165 vysok\u00e9mu tlaku bez prasknutia, ktor\u00e9 by mohlo sp\u00f4sobi\u0165 v\u00e1\u017ene po\u0161kodenie alebo zranenie. Valec by mal by\u0165 navrhnut\u00fd tak, aby sa zabr\u00e1nilo n\u00e1hodnej aktiv\u00e1cii alebo ovl\u00e1daniu valca s ko\u0161\u00edkom, \u010do m\u00f4\u017ee sp\u00f4sobi\u0165 v\u00e1\u017ene zranenie obsluhy alebo po\u0161kodenie stroja.<\/p>\n<h3>Mazanie<\/h3>\n<p>Valec ly\u017eice by sa mal pravidelne maza\u0165, aby sa zabezpe\u010dila hladk\u00e1 prev\u00e1dzka hydraulick\u00e9ho syst\u00e9mu. To zah\u0155\u0148a pou\u017e\u00edvanie hydraulick\u00e9ho oleja a maz\u00edv, ako aj v\u00fdmenu opotrebovan\u00fdch alebo po\u0161koden\u00fdch komponentov.<\/p>\n<p><img decoding=\"async\" src=\"https:\/\/www.hydraulic-cylinders.net\/wp-content\/uploads\/2025\/01\/songte-oil-pipes-and-spare-parts.webp\" alt=\"Valec vedra pre kolesov\u00e9 r\u00fdpadlo Volvo DLS830-9B\"><\/p>\n<h2>\u00dadr\u017eba<\/h2>\n<h3>In\u0161tal\u00e1cia<\/h3>\n<p>Valec s vedrom by mal by\u0165 spr\u00e1vne nain\u0161talovan\u00fd, aby sa zabezpe\u010dila jeho spr\u00e1vna prev\u00e1dzka. To zah\u0155\u0148a spr\u00e1vne zarovnanie valca a pou\u017eitie vhodn\u00fdch mont\u00e1\u017enych konzol na jeho upevnenie. Na zachovanie v\u00fdkonu valca s vedrom by sa mali dodr\u017eiava\u0165 odpor\u00fa\u010dan\u00e9 postupy kontroly, opravy a v\u00fdmeny.<\/p>\n<h3>Prevent\u00edvna \u00fadr\u017eba<\/h3>\n<p>Prevent\u00edvna \u00fadr\u017eba je nevyhnutn\u00e1 na minimaliz\u00e1ciu potenci\u00e1lnych probl\u00e9mov a maximaliz\u00e1ciu \u017eivotnosti valca ko\u0161\u00edka. Zah\u0155\u0148a to pravideln\u00fa kontrolu, mazanie a v\u00fdmenu opotrebovan\u00fdch alebo po\u0161koden\u00fdch komponentov. Spr\u00e1vna in\u0161tal\u00e1cia, mazanie a nastavenie s\u00fa k\u013e\u00fa\u010dov\u00e9 pre spr\u00e1vnu prev\u00e1dzku valca ko\u0161\u00edka.<\/p>\n<h3>Be\u017en\u00e9 \u00falohy \u00fadr\u017eby<\/h3>\n<ul>\n<li>Pravideln\u00e1 kontrola: kontrola zn\u00e1mok opotrebovania alebo po\u0161kodenia valca, ako s\u00fa ohnut\u00e9 alebo prasknut\u00e9 komponenty, netesnosti alebo kor\u00f3zia. <\/li>\n<li>Spr\u00e1vne mazanie: pou\u017e\u00edvanie odpor\u00fa\u010dan\u00e9ho hydraulick\u00e9ho oleja a maz\u00edv a zabezpe\u010denie spr\u00e1vneho mazania v\u0161etk\u00fdch pohybliv\u00fdch \u010dast\u00ed. <\/li>\n<li>V\u00fdmena tesnenia: v\u00fdmena opotrebovan\u00fdch alebo po\u0161koden\u00fdch tesnen\u00ed, aby sa zabr\u00e1nilo \u00faniku kvapaliny a zabezpe\u010dila sa spr\u00e1vna prev\u00e1dzka valca. <\/li>\n<li>Kontrola kalibr\u00e1cie: kontrola kalibr\u00e1cie valca na zabezpe\u010denie spr\u00e1vnej prev\u00e1dzky. <\/li>\n<\/ul>\n<p><img decoding=\"async\" src=\"https:\/\/www.hydraulic-cylinders.net\/wp-content\/uploads\/2025\/01\/songte-chushion-collar.webp\" alt=\"Valec vedra pre kolesov\u00e9 r\u00fdpadlo Volvo DLS830-9B\"><\/p>\n<h2>Bezpe\u010dnostn\u00e9 a environment\u00e1lne aspekty<\/h2>\n<p>Pri manipul\u00e1cii s vedrov\u00fdmi tlakov\u00fdmi f\u013ea\u0161ami alebo ich obsluhe by sa mali dodr\u017eiava\u0165 bezpe\u010dnostn\u00e9 opatrenia. Obsluha by mala by\u0165 riadne vy\u0161kolen\u00e1 v ich pou\u017e\u00edvan\u00ed a mala by v\u017edy nosi\u0165 vhodn\u00e9 bezpe\u010dnostn\u00e9 vybavenie. F\u013ea\u0161a by sa mala pou\u017e\u00edva\u0165 iba na ur\u010den\u00fd \u00fa\u010del a v\u0161etky bezpe\u010dnostn\u00e9 prvky by mali by\u0165 riadne udr\u017eiavan\u00e9 a testovan\u00e9.<\/p>\n<p>Pri pou\u017e\u00edvan\u00ed valcov s vedrovou kon\u0161trukciou by sa mali zoh\u013eadni\u0165 aj environment\u00e1lne aspekty. Mala by sa zabezpe\u010di\u0165 spr\u00e1vna likvid\u00e1cia hydraulick\u00fdch kvapal\u00edn a in\u00fdch materi\u00e1lov a mali by sa dodr\u017eiava\u0165 v\u0161etky miestne a n\u00e1rodn\u00e9 environment\u00e1lne predpisy.<\/p>\n<h2>Be\u017en\u00e9 probl\u00e9my a ich rie\u0161enie<\/h2>\n<p>Medzi be\u017en\u00e9 probl\u00e9my s valcami vedra patria netesnosti, ohnut\u00e9 alebo po\u0161koden\u00e9 komponenty a nespr\u00e1vna prev\u00e1dzka. Rie\u0161enie probl\u00e9mov m\u00f4\u017ee zah\u0155\u0148a\u0165 kontrolu valca na po\u0161kodenie alebo opotrebovanie, kontrolu hydraulick\u00e9ho syst\u00e9mu na netesnosti a overenie spr\u00e1vnej kalibr\u00e1cie a prev\u00e1dzky valca.<\/p>\n<p>Prevent\u00edvne opatrenia, ako je pravideln\u00e1 kontrola, mazanie a oprava opotrebovan\u00fdch alebo po\u0161koden\u00fdch komponentov, m\u00f4\u017eu pom\u00f4c\u0165 minimalizova\u0165 potenci\u00e1lne probl\u00e9my a zabezpe\u010di\u0165 spr\u00e1vnu prev\u00e1dzku valca vedra.<\/p>\n<p><img decoding=\"async\" src=\"https:\/\/www.hydraulic-cylinders.net\/wp-content\/uploads\/2025\/01\/songte-bushings-with-all-kinds-of-excavator-models.webp\" alt=\"Valec vedra pre kolesov\u00e9 r\u00fdpadlo Volvo DLS830-9B\"><\/p>\n<h2>O n\u00e1s<\/h2>\n<p>Sme v\u00fdrobcom hydraulick\u00fdch valcov, ktor\u00e9 m\u00f4\u017eu nahradi\u0165 hydraulick\u00e9 valce. Na\u0161a spolo\u010dnos\u0165 pon\u00faka kompletn\u00fd sortiment produktov a stala sa jedn\u00fdm z popredn\u00fdch v\u00fdrobcov a ve\u013ekoobchodn\u00fdch distrib\u00fatorov hydraulick\u00fdch valcov na dom\u00e1com aj medzin\u00e1rodnom trhu. Riadime sa z\u00e1sadami vynikaj\u00facej kvality a opierame sa o strat\u00e9giu industrializovan\u00e9ho riadenia v\u00fdroby v dielni s vysokou kvalitou. Na\u0161a spolo\u010dnos\u0165 neust\u00e1le zlep\u0161uje v\u00fdrobn\u00fa platformu dielne, zdokona\u013euje v\u00fdrobn\u00fa linku kvality produktov a m\u00e1 siln\u00fa tvoriv\u00fa schopnos\u0165 uspokojova\u0165 rozmanit\u00e9 potreby z\u00e1kazn\u00edkov s vysokou efektivitou, vysokou presnos\u0165ou a vysokou kvalitou.<\/p>\n<p>Na\u0161a spolo\u010dnos\u0165 poskytuje kompletn\u00fd sortiment slu\u017eieb vr\u00e1tane z\u00e1kazkov\u00fdch n\u00e1vrhov, medzin\u00e1rodn\u00fdch certifik\u00e1ci\u00ed, v\u00fdrobn\u00fdch zariaden\u00ed a popredajn\u00e9ho servisu.<\/p>\n<p><img decoding=\"async\" src=\"https:\/\/hzpt.com\/wp-content\/uploads\/2024\/11\/songte-company-1.webp\" alt=\"Valec vedra pre kolesov\u00e9 r\u00fdpadlo Volvo DLS830-9B\"><\/p>\n<p><i>Autor: lyl<\/i><\/p>","protected":false},"excerpt":{"rendered":"<p>Bucket Cylinder For Volvo Wheel Excavator DLS830-9B Introduction Definition A bucket cylinder is a specialized hydraulic cylinder used primarily to control the movement of buckets in heavy machinery such as excavators, backhoe excavators, and front-end loaders. Its main function is to enable the bucket to lift, lower, and tilt, making it convenient for various material [&hellip;]<\/p>","protected":false},"featured_media":14789,"comment_status":"open","ping_status":"closed","template":"","meta":{"_et_pb_use_builder":"","_et_pb_old_content":"","_et_gb_content_width":""},"product_brand":[],"product_cat":[1494],"product_tag":[1495,1496],"class_list":{"0":"post-15417","1":"product","2":"type-product","3":"status-publish","4":"has-post-thumbnail","6":"product_cat-bucket-cylinders","7":"product_tag-bucket-cylinders","8":"product_tag-hydraulic-cylinders","10":"first","11":"instock","12":"shipping-taxable","13":"product-type-simple"},"amp_enabled":true,"_links":{"self":[{"href":"https:\/\/www.hydraulic-cylinders.net\/sk\/wp-json\/wp\/v2\/product\/15417","targetHints":{"allow":["GET"]}}],"collection":[{"href":"https:\/\/www.hydraulic-cylinders.net\/sk\/wp-json\/wp\/v2\/product"}],"about":[{"href":"https:\/\/www.hydraulic-cylinders.net\/sk\/wp-json\/wp\/v2\/types\/product"}],"replies":[{"embeddable":true,"href":"https:\/\/www.hydraulic-cylinders.net\/sk\/wp-json\/wp\/v2\/comments?post=15417"}],"wp:featuredmedia":[{"embeddable":true,"href":"https:\/\/www.hydraulic-cylinders.net\/sk\/wp-json\/wp\/v2\/media\/14789"}],"wp:attachment":[{"href":"https:\/\/www.hydraulic-cylinders.net\/sk\/wp-json\/wp\/v2\/media?parent=15417"}],"wp:term":[{"taxonomy":"product_brand","embeddable":true,"href":"https:\/\/www.hydraulic-cylinders.net\/sk\/wp-json\/wp\/v2\/product_brand?post=15417"},{"taxonomy":"product_cat","embeddable":true,"href":"https:\/\/www.hydraulic-cylinders.net\/sk\/wp-json\/wp\/v2\/product_cat?post=15417"},{"taxonomy":"product_tag","embeddable":true,"href":"https:\/\/www.hydraulic-cylinders.net\/sk\/wp-json\/wp\/v2\/product_tag?post=15417"}],"curies":[{"name":"pracovn\u00fd list","href":"https:\/\/api.w.org\/{rel}","templated":true}]}}