{"id":15449,"date":"2025-01-19T14:32:42","date_gmt":"2025-01-19T14:32:42","guid":{"rendered":"https:\/\/www.hydraulic-cylinders.net\/product\/bucket-cylinder-for-sany-large-excavator-sy700h-8\/"},"modified":"2025-01-19T14:32:44","modified_gmt":"2025-01-19T14:32:44","slug":"bucket-cylinder-for-sany-large-excavator-sy700h-8","status":"publish","type":"product","link":"https:\/\/www.hydraulic-cylinders.net\/sk\/produkt\/bucket-cylinder-for-sany-large-excavator-sy700h-8\/","title":{"rendered":"Valec vedra pre ve\u013ek\u00e9 r\u00fdpadlo Sany SY700H-8"},"content":{"rendered":"<h1>Valec vedra pre ve\u013ek\u00e9 r\u00fdpadlo Sany SY700H-8<\/h1>\n<h2>\u00davod<\/h2>\n<p>Hydraulick\u00fd valec ly\u017eice pre ve\u013ek\u00e9 r\u00fdpadlo Sany SY700H-8 je \u0161peci\u00e1lne navrhnut\u00fd hydraulick\u00fd valec pou\u017e\u00edvan\u00fd na ovl\u00e1danie pohybu ly\u017eice v \u0165a\u017ek\u00fdch strojoch, ako s\u00fa r\u00fdpadl\u00e1, r\u00fdpadl\u00e1-naklada\u010de a \u010deln\u00e9 naklada\u010de. Jeho hlavnou funkciou je umo\u017eni\u0165 ly\u017eici zdv\u00edha\u0165, sp\u00fa\u0161\u0165a\u0165 a nakl\u00e1\u0148a\u0165, v\u010faka \u010domu je vhodn\u00e1 na r\u00f4zne \u00falohy manipul\u00e1cie s materi\u00e1lom. V hydraulickom syst\u00e9me dosahuje valec ly\u017eice presn\u00e9 ovl\u00e1danie pohybu ly\u017eice prostredn\u00edctvom zmien tlaku hydraulick\u00e9ho oleja, \u010do umo\u017e\u0148uje obsluhe efekt\u00edvne manipulova\u0165 s \u0165a\u017ek\u00fdmi bremenami a prisp\u00f4sobi\u0165 sa zlo\u017eit\u00fdm pracovn\u00fdm prostrediam a r\u00f4znym prev\u00e1dzkov\u00fdm potreb\u00e1m.<\/p>\n<p><img decoding=\"async\" src=\"https:\/\/www.hydraulic-cylinders.net\/wp-content\/uploads\/2025\/01\/songte-company-2.webp\" alt=\"Obr\u00e1zok valca vedra\"><\/p>\n<h2>Funkcie<\/h2>\n<ul>\n<li>Vysok\u00e1 pevnos\u0165 a odolnos\u0165: zvy\u010dajne vyroben\u00e9 z vysokopevnostnej ocele alebo hlin\u00edka, schopn\u00e9 odol\u00e1va\u0165 vysok\u00e9mu tlaku a \u0165a\u017ek\u00fdm za\u0165a\u017eeniam, navrhnut\u00e9 s oh\u013eadom na odolnos\u0165 vo\u010di opotrebovaniu a kor\u00f3zii, \u010d\u00edm sa predl\u017euje ich \u017eivotnos\u0165.<\/li>\n<li>Efekt\u00edvna hydraulick\u00e1 prev\u00e1dzka: vyu\u017e\u00edva tlak hydraulick\u00e9ho oleja na dosiahnutie plynul\u00e9ho vys\u00favania a zas\u00favania, je schopn\u00e1 r\u00fdchlo reagova\u0165 na ovl\u00e1dacie povely a poskytuje siln\u00e9 tla\u010dn\u00e9 a \u0165a\u017en\u00e9 sily, vhodn\u00e9 na manipul\u00e1ciu s \u0165a\u017ek\u00fdmi bremenami a zlo\u017eit\u00e9 prev\u00e1dzkov\u00e9 \u00falohy.<\/li>\n<li>R\u00f4zne typy: jedno\u010dinn\u00e9 (s hydraulick\u00fdm pohonom iba v jednom smere) alebo dvoj\u010dinn\u00e9 (s hydraulick\u00fdm pohonom v oboch smeroch) valce je mo\u017en\u00e9 vybra\u0165 pod\u013ea prev\u00e1dzkov\u00fdch potrieb, pri\u010dom niektor\u00e9 modely s\u00fa teleskopick\u00e9, \u010do umo\u017e\u0148uje v\u00e4\u010d\u0161ie vysunutie bez zv\u00e4\u010d\u0161enia vonkaj\u0161\u00edch rozmerov, vhodn\u00e9 pre aplik\u00e1cie s obmedzen\u00fdm priestorom.<\/li>\n<li>Prisp\u00f4sobite\u013en\u00e9: na\u0161e produkty m\u00f4\u017eu by\u0165 navrhnut\u00e9 a vyroben\u00e9 pod\u013ea po\u017eiadaviek z\u00e1kazn\u00edka a m\u00f4\u017eu dokonale nahradi\u0165 r\u00f4zne hydraulick\u00e9 valce.<\/li>\n<\/ul>\n<p><img decoding=\"async\" src=\"https:\/\/www.hydraulic-cylinders.net\/wp-content\/uploads\/2025\/01\/songte-cylinder-head-with-all-kinds-excavator-models.webp\" alt=\"Obr\u00e1zok v\u00fdmeny valca vedra\"><\/p>\n<h2>Aplik\u00e1cie<\/h2>\n<p>Valec s ko\u0161\u00edkom sa \u0161iroko pou\u017e\u00edva v r\u00f4znych aplik\u00e1ci\u00e1ch \u0165a\u017ek\u00fdch strojov. Medzi pr\u00edklady patria:<\/p>\n<ul>\n<li>Stavebn\u00e9 zariadenia: nach\u00e1dzaj\u00fa sa v bagroch a s\u00fa nevyhnutn\u00e9 na v\u00fdkopov\u00e9 pr\u00e1ce, nakladanie a premiest\u0148ovanie zeminy alebo sutiny. V r\u00fdpadlov\u00fdch bagroch pom\u00e1ha valec lopaty pri v\u00fdkopov\u00fdch pr\u00e1cach a zdv\u00edhan\u00ed. <\/li>\n<li>Po\u013enohospod\u00e1rske stroje: pou\u017e\u00edvaj\u00fa sa v \u010deln\u00fdch naklada\u010doch na naberanie, zdv\u00edhanie a prepravu p\u00f4dy, sena a in\u00fdch materi\u00e1lov. <\/li>\n<li>R\u00fdpadl\u00e1: valec ly\u017eice umo\u017e\u0148uje kopanie t\u00fdm, \u017ee ly\u017eica prenik\u00e1 do p\u00f4dy. <\/li>\n<li>Naklada\u010de: v \u010deln\u00fdch naklada\u010doch pom\u00e1haj\u00fa pri efekt\u00edvnom zdv\u00edhan\u00ed a vykladan\u00ed tovaru. <\/li>\n<\/ul>\n<h2>\u00davahy o dizajne a krit\u00e9ri\u00e1 v\u00fdberu<\/h2>\n<p>Pri navrhovan\u00ed valca vedra by sa mali zv\u00e1\u017ei\u0165 k\u013e\u00fa\u010dov\u00e9 faktory, ako je nosnos\u0165, tesnenie, trvanlivos\u0165, bezpe\u010dnos\u0165 a \u00fadr\u017eba. <\/p>\n<ul>\n<li>Nosnos\u0165: valec mus\u00ed by\u0165 dostato\u010dne pevn\u00fd, aby odolal vysok\u00e9mu za\u0165a\u017eeniu a vysok\u00e9mu tlaku bez deform\u00e1cie. <\/li>\n<li>Tesnenie: na zabr\u00e1nenie \u00faniku oleja a zabezpe\u010denie spo\u013eahlivej prev\u00e1dzky sa musia pou\u017ei\u0165 r\u00f4zne typy tesnen\u00ed, ako s\u00fa tesnenia piestov a tesnenia ty\u010d\u00ed. <\/li>\n<li>Trvanlivos\u0165: valec mus\u00ed by\u0165 navrhnut\u00fd tak, aby odolal opotrebovaniu a kor\u00f3zii, aby sa pred\u013a\u017eila jeho \u017eivotnos\u0165. <\/li>\n<li>Bezpe\u010dnos\u0165: f\u013ea\u0161a mus\u00ed by\u0165 navrhnut\u00e1 s oh\u013eadom na bezpe\u010dnos\u0165, s opatreniami, ako s\u00fa pretlakov\u00e9 ventily, aby sa zabr\u00e1nilo po\u0161kodeniu syst\u00e9mu. <\/li>\n<li>\u00dadr\u017eba: valec mus\u00ed by\u0165 navrhnut\u00fd pre jednoduch\u00fa \u00fadr\u017ebu s funkciami, ako s\u00fa \u013eahko vymenite\u013en\u00e9 tesnenia a \u013eahko pr\u00edstupn\u00e9 komponenty. <\/li>\n<\/ul>\n<p><img decoding=\"async\" src=\"https:\/\/www.hydraulic-cylinders.net\/wp-content\/uploads\/2025\/01\/songte-oil-pipes-and-spare-parts.webp\" alt=\"Obr\u00e1zok \u010dast\u00ed valca vedra\"><\/p>\n<h2>Tesnenie a mazanie<\/h2>\n<p>Valec kor\u010deka vy\u017eaduje r\u00f4zne tesnenia, ako s\u00fa tesnenia piestov a tesnenia ty\u010d\u00ed, vyroben\u00e9 z materi\u00e1lov odoln\u00fdch vo\u010di opotrebovaniu, ako je polyuret\u00e1n a nitrilov\u00fd kau\u010duk, aby sa zabr\u00e1nilo \u00faniku oleja a zabezpe\u010dila sa spo\u013eahliv\u00e1 prev\u00e1dzka. Teleso valca a z\u00e1vitov\u00e9 koncov\u00e9 plochy boli jemne opracovan\u00e9 na zlep\u0161enie odolnosti vo\u010di opotrebovaniu. Na zabezpe\u010denie hladk\u00e9ho chodu je potrebn\u00e9 pravideln\u00e9 mazanie vhodn\u00fdm hydraulick\u00fdm olejom. <\/p>\n<h2>\u00dadr\u017eba a opravy<\/h2>\n<p>Na udr\u017eanie v\u00fdkonu valca s vedrom je potrebn\u00e1 pravideln\u00e1 kontrola a prevent\u00edvna \u00fadr\u017eba. Tri be\u017en\u00e9 \u00falohy \u00fadr\u017eby zah\u0155\u0148aj\u00fa pravideln\u00fa kontrolu, spr\u00e1vne mazanie, v\u00fdmenu tesnen\u00ed a kontrolu kalibr\u00e1cie. Spr\u00e1vna in\u0161tal\u00e1cia, mazanie a nastavenie s\u00fa nevyhnutn\u00e9 na zabezpe\u010denie dlhej \u017eivotnosti valca, spolu so spr\u00e1vnym veden\u00edm pre zarovnanie po\u010das in\u0161tal\u00e1cie a odpor\u00fa\u010daniami na pou\u017eitie vhodn\u00fdch mont\u00e1\u017enych konzol na upevnenie valca. Na pred\u013a\u017eenie \u017eivotnosti valca sa odpor\u00fa\u010daj\u00fa pravideln\u00e9 kontroly, opravy a v\u00fdmeny.<\/p>\n<p><img decoding=\"async\" src=\"https:\/\/www.hydraulic-cylinders.net\/wp-content\/uploads\/2025\/01\/songte-chushion-collar.webp\" alt=\"Obr\u00e1zok in\u0161tal\u00e1cie valca vedra\"><\/p>\n<h2>Bezpe\u010dnostn\u00e9 aspekty a faktory prostredia<\/h2>\n<p>Pri pou\u017e\u00edvan\u00ed valca s vedrom sa musia dodr\u017eiava\u0165 bezpe\u010dnostn\u00e9 opatrenia, ako napr\u00edklad zabezpe\u010denie toho, aby tlak a ovl\u00e1dacie pr\u00edkazy hydraulick\u00e9ho syst\u00e9mu boli v bezpe\u010dn\u00fdch medziach. Pre zaistenie spo\u013eahlivej prev\u00e1dzky valca sa musia zoh\u013eadni\u0165 aj faktory prostredia, ako je teplota a vlhkos\u0165.<\/p>\n<h2>Rie\u0161enie probl\u00e9mov a be\u017en\u00e9 probl\u00e9my<\/h2>\n<p>Niekedy sa m\u00f4\u017eu u hydraulick\u00fdch valcov vyskytn\u00fa\u0165 probl\u00e9my, ako je \u00fanik oleja alebo slab\u00fd v\u00fdkon. Na diagnostiku a rie\u0161enie t\u00fdchto probl\u00e9mov je potrebn\u00e9 ma\u0165 z\u00e1kladn\u00e9 znalosti o hydraulick\u00fdch syst\u00e9moch a kon\u0161trukcii valca. Medzi be\u017en\u00e9 tipy a rie\u0161enia probl\u00e9mov patr\u00ed kontrola tesnen\u00ed, kontrola netesnost\u00ed a nastavenie tlaku v syst\u00e9me. Prevent\u00edvne opatrenia, ako je pravideln\u00e1 kontrola a \u00fadr\u017eba, m\u00f4\u017eu minimalizova\u0165 potenci\u00e1lne probl\u00e9my.<\/p>\n<p><img decoding=\"async\" src=\"https:\/\/www.hydraulic-cylinders.net\/wp-content\/uploads\/2025\/01\/songte-bushings-with-all-kinds-of-excavator-models.webp\" alt=\"Obr\u00e1zok puzdier valca vedra\"><\/p>\n<h2>O na\u0161ej spolo\u010dnosti<\/h2>\n<p>Sme popredn\u00fdm v\u00fdrobcom a ve\u013ekoobchodn\u00edkom hydraulick\u00fdch valcov, \u0161pecializuj\u00facim sa na v\u00fdmenu hydraulick\u00fdch valcov. Na\u0161a spolo\u010dnos\u0165 pon\u00faka kompletn\u00fd sortiment produktov a je zn\u00e1ma ako jeden z popredn\u00fdch v\u00fdrobcov a ve\u013ekoobchodn\u00fdch distrib\u00fatorov hydraulick\u00fdch valcov na dom\u00e1com aj medzin\u00e1rodnom trhu. Dodr\u017eiavame z\u00e1sady vynikaj\u00facej kvality, spoliehame sa na strat\u00e9giu riadenia priemyselnej v\u00fdroby v r\u00e1mci zdokonalenej v\u00fdrobnej dielne a neust\u00e1le zlep\u0161ujeme v\u00fdrobn\u00fa platformu dielne, zlep\u0161ujeme v\u00fdrobn\u00fa linku zameran\u00fa na kvalitu v\u00fdrobkov a m\u00e1me siln\u00e9 tvoriv\u00e9 schopnosti, ktor\u00e9 uspokojuj\u00fa rozmanit\u00e9 potreby z\u00e1kazn\u00edkov s vysokou efektivitou, vysokou presnos\u0165ou a vysokou kvalitou.<\/p>\n<p><img decoding=\"async\" src=\"https:\/\/hzpt.com\/wp-content\/uploads\/2024\/11\/songte-company-1.webp\" alt=\"Obr\u00e1zok spolo\u010dnosti\"><\/p>\n<h3>Profesionalita:<\/h3>\n<p>M\u00e1me t\u00edm vysoko kvalifikovan\u00fdch a sk\u00fasen\u00fdch odborn\u00edkov, ktor\u00ed dok\u00e1\u017eu z\u00e1kazn\u00edkom poskytn\u00fa\u0165 profesion\u00e1lne rie\u0161enia a komplexn\u00e9 slu\u017eby.<\/p>\n<h3>Medzin\u00e1rodn\u00e1 certifik\u00e1cia:<\/h3>\n<p>Z\u00edskali sme r\u00f4zne medzin\u00e1rodn\u00e9 certifik\u00e1ty, ako napr\u00edklad CE a ISO, aby sme zabezpe\u010dili kvalitu v\u00fdrobkov a spokojnos\u0165 z\u00e1kazn\u00edkov.<\/p>\n<h3>Prisp\u00f4sobenie:<\/h3>\n<p>M\u00f4\u017eeme poskytn\u00fa\u0165 prisp\u00f4soben\u00e9 slu\u017eby pod\u013ea po\u017eiadaviek z\u00e1kazn\u00edkov, ako napr\u00edklad n\u00e1vrh a v\u00fdroba produktov na mieru.<\/p>\n<h3>V\u00fdrobn\u00e9 vybavenie:<\/h3>\n<p>Disponujeme modern\u00fdm digit\u00e1lnym v\u00fdrobn\u00fdm zariaden\u00edm, ktor\u00e9 zabezpe\u010duje efekt\u00edvnu a vysoko kvalitn\u00fa v\u00fdrobu.<\/p>\n<h3>Popredajn\u00fd servis:<\/h3>\n<p>Z\u00e1kazn\u00edkom poskytujeme profesion\u00e1lny a v\u010dasn\u00fd popredajn\u00fd servis vr\u00e1tane \u00fadr\u017eby, opravy a v\u00fdmeny produktov.<\/p>\n<p>Autor: lyl<\/p>","protected":false},"excerpt":{"rendered":"<p>Bucket Cylinder For Sany Large Excavator SY700H-8 Introduction The bucket cylinder for a Sany large excavator SY700H-8 is a specially designed hydraulic cylinder used to control the movement of the bucket in heavy machinery such as excavators, backhoe excavators, and front-end loaders. Its main function is to enable the bucket to perform lifting, lowering, and [&hellip;]<\/p>","protected":false},"featured_media":14787,"comment_status":"open","ping_status":"closed","template":"","meta":{"_et_pb_use_builder":"","_et_pb_old_content":"","_et_gb_content_width":""},"product_brand":[],"product_cat":[1494],"product_tag":[1495,1496],"class_list":{"0":"post-15449","1":"product","2":"type-product","3":"status-publish","4":"has-post-thumbnail","6":"product_cat-bucket-cylinders","7":"product_tag-bucket-cylinders","8":"product_tag-hydraulic-cylinders","10":"first","11":"instock","12":"shipping-taxable","13":"product-type-simple"},"amp_enabled":true,"_links":{"self":[{"href":"https:\/\/www.hydraulic-cylinders.net\/sk\/wp-json\/wp\/v2\/product\/15449","targetHints":{"allow":["GET"]}}],"collection":[{"href":"https:\/\/www.hydraulic-cylinders.net\/sk\/wp-json\/wp\/v2\/product"}],"about":[{"href":"https:\/\/www.hydraulic-cylinders.net\/sk\/wp-json\/wp\/v2\/types\/product"}],"replies":[{"embeddable":true,"href":"https:\/\/www.hydraulic-cylinders.net\/sk\/wp-json\/wp\/v2\/comments?post=15449"}],"wp:featuredmedia":[{"embeddable":true,"href":"https:\/\/www.hydraulic-cylinders.net\/sk\/wp-json\/wp\/v2\/media\/14787"}],"wp:attachment":[{"href":"https:\/\/www.hydraulic-cylinders.net\/sk\/wp-json\/wp\/v2\/media?parent=15449"}],"wp:term":[{"taxonomy":"product_brand","embeddable":true,"href":"https:\/\/www.hydraulic-cylinders.net\/sk\/wp-json\/wp\/v2\/product_brand?post=15449"},{"taxonomy":"product_cat","embeddable":true,"href":"https:\/\/www.hydraulic-cylinders.net\/sk\/wp-json\/wp\/v2\/product_cat?post=15449"},{"taxonomy":"product_tag","embeddable":true,"href":"https:\/\/www.hydraulic-cylinders.net\/sk\/wp-json\/wp\/v2\/product_tag?post=15449"}],"curies":[{"name":"pracovn\u00fd list","href":"https:\/\/api.w.org\/{rel}","templated":true}]}}