{"id":15455,"date":"2025-01-19T14:33:06","date_gmt":"2025-01-19T14:33:06","guid":{"rendered":"https:\/\/www.hydraulic-cylinders.net\/product\/bucket-cylinder-for-sany-large-excavator-sy305c-9h\/"},"modified":"2025-01-19T14:33:08","modified_gmt":"2025-01-19T14:33:08","slug":"bucket-cylinder-for-sany-large-excavator-sy305c-9h","status":"publish","type":"product","link":"https:\/\/www.hydraulic-cylinders.net\/sk\/produkt\/bucket-cylinder-for-sany-large-excavator-sy305c-9h\/","title":{"rendered":"Valec vedra pre ve\u013ek\u00e9 r\u00fdpadlo Sany SY305C-9H"},"content":{"rendered":"<p><!DOCTYPE html><br \/>\n<html><br \/>\n<head><br \/>\n<title>Valec vedra pre ve\u013ek\u00e9 r\u00fdpadlo Sany SY305C-9H<\/title><br \/>\n<\/head><br \/>\n<body><\/p>\n<h1>Valec vedra pre ve\u013ek\u00e9 r\u00fdpadlo Sany SY305C-9H<\/h1>\n<h2>\u00davod<\/h2>\n<p>Hydraulick\u00fd valec ly\u017eice pre ve\u013ek\u00e9 r\u00fdpadl\u00e1 Sany SY305C-9H je \u0161peci\u00e1lne navrhnut\u00fd hydraulick\u00fd valec pou\u017e\u00edvan\u00fd na ovl\u00e1danie pohybu ly\u017eice v \u0165a\u017ek\u00fdch strojoch, ako s\u00fa r\u00fdpadl\u00e1, r\u00fdpadlo-naklada\u010de a \u010deln\u00e9 naklada\u010de. Jeho hlavnou funkciou je umo\u017eni\u0165 zdv\u00edhanie, sp\u00fa\u0161\u0165anie a nakl\u00e1\u0148anie ly\u017eice, \u010do u\u013eah\u010duje vykon\u00e1vanie r\u00f4znych \u00faloh manipul\u00e1cie s materi\u00e1lom. V hydraulickom syst\u00e9me dosahuje valec ly\u017eice presn\u00e9 ovl\u00e1danie ly\u017eice vyu\u017eit\u00edm zmien tlaku v hydraulickom oleji, \u010do umo\u017e\u0148uje obsluhe efekt\u00edvne manipulova\u0165 s \u0165a\u017ek\u00fdmi bremenami a prisp\u00f4sobi\u0165 sa zlo\u017eit\u00fdm pracovn\u00fdm prostrediam a r\u00f4znym prev\u00e1dzkov\u00fdm po\u017eiadavk\u00e1m.<\/p>\n<p><img decoding=\"async\" src=\"https:\/\/www.hydraulic-cylinders.net\/wp-content\/uploads\/2025\/01\/songte-company-2.webp\" alt=\"Obr\u00e1zok produktu\"><\/p>\n<h2>Funkcie<\/h2>\n<ul>\n<li>Vysok\u00e1 pevnos\u0165 a odolnos\u0165: Zvy\u010dajne vyroben\u00e9 z vysokopevnostnej ocele alebo hlin\u00edka, schopn\u00e9 odol\u00e1va\u0165 vysok\u00e9mu tlaku a \u0165a\u017ek\u00e9mu za\u0165a\u017eeniu, vhodn\u00e9 do n\u00e1ro\u010dn\u00fdch pracovn\u00fdch prostred\u00ed, navrhnut\u00e9 s oh\u013eadom na odolnos\u0165 vo\u010di opotrebovaniu a kor\u00f3zii pre pred\u013a\u017eenie \u017eivotnosti.<\/li>\n<li>Efekt\u00edvna hydraulick\u00e1 prev\u00e1dzka: Vyu\u017eitie tlaku hydraulick\u00e9ho oleja na dosiahnutie plynul\u00e9ho vys\u00favania a zas\u00favania, schopnos\u0165 r\u00fdchlej reakcie na ovl\u00e1dacie povely, poskytovanie siln\u00fdch tla\u010dn\u00fdch a \u0165a\u017en\u00fdch s\u00edl, ide\u00e1lne na manipul\u00e1ciu s \u0165a\u017ek\u00fdmi bremenami a zlo\u017eit\u00e9 prev\u00e1dzkov\u00e9 \u00falohy.<\/li>\n<li>R\u00f4zne typy: K dispoz\u00edcii s jedno\u010dinn\u00fdmi (hydraulicky ovl\u00e1dan\u00e9 iba v jednom smere) alebo dvoj\u010dinn\u00fdmi (hydraulicky ovl\u00e1dan\u00e9 v oboch smeroch) valcami pre splnenie r\u00f4znych prev\u00e1dzkov\u00fdch po\u017eiadaviek. Niektor\u00e9 modely s\u00fa teleskopick\u00e9, \u010do umo\u017e\u0148uje v\u00e4\u010d\u0161ie vysunutie bez zv\u00e4\u010d\u0161enia vonkaj\u0161\u00edch rozmerov, vhodn\u00e9 pre aplik\u00e1cie s obmedzen\u00fdm priestorom.<\/li>\n<li>Dokonal\u00e1 n\u00e1hrada: N\u00e1\u0161 produkt dok\u00e1\u017ee dokonale nahradi\u0165 tieto hydraulick\u00e9 valce, \u010d\u00edm zabezpe\u010d\u00ed kompatibilitu a jednoduch\u00fa in\u0161tal\u00e1ciu.<\/li>\n<\/ul>\n<p><img decoding=\"async\" src=\"https:\/\/www.hydraulic-cylinders.net\/wp-content\/uploads\/2025\/01\/songte-cylinder-head-with-all-kinds-excavator-models.webp\" alt=\"Obr\u00e1zok produktu\"><\/p>\n<h2>Aplik\u00e1cie<\/h2>\n<p>Valec vedra pre ve\u013ek\u00e9 r\u00fdpadlo Sany SY305C-9H nach\u00e1dza uplatnenie v r\u00f4znych zariadeniach:<\/p>\n<ul>\n<li>Stavebn\u00e9 zariadenia: Nach\u00e1dzaj\u00fa sa v bagroch a s\u00fa nevyhnutn\u00e9 na kopanie, nakladanie a premiest\u0148ovanie zeminy alebo sutiny. V r\u00fdpadlo-naklada\u010doch pom\u00e1ha valec ly\u017eice pri kopan\u00ed aj zdv\u00edhan\u00ed.<\/li>\n<li>Po\u013enohospod\u00e1rske stroje: Pou\u017e\u00edvaj\u00fa sa v \u010deln\u00fdch naklada\u010doch na naberanie, zdv\u00edhanie a prepravu p\u00f4dy, sena a in\u00fdch materi\u00e1lov.<\/li>\n<li>R\u00fdpadl\u00e1: Valec ly\u017eice umo\u017e\u0148uje kopanie t\u00fdm, \u017ee umo\u017e\u0148uje ly\u017eici prenikn\u00fa\u0165 do p\u00f4dy.<\/li>\n<li>Naklada\u010de: \u010celn\u00e9 naklada\u010de pom\u00e1haj\u00fa pri efekt\u00edvnom zdv\u00edhan\u00ed a vykladan\u00ed tovaru.<\/li>\n<\/ul>\n<h2>\u00davahy o dizajne a krit\u00e9ri\u00e1 v\u00fdberu<\/h2>\n<p>Pri navrhovan\u00ed valca vedra pre ve\u013ek\u00e9 r\u00fdpadlo Sany SY305C-9H sa berie do \u00favahy nieko\u013eko faktorov a v\u00fdberov\u00fdch krit\u00e9ri\u00ed:<\/p>\n<ul>\n<li>Nosnos\u0165: Valec je navrhnut\u00fd tak, aby odolal \u0161pecifikovanej nosnosti, aby sa zabezpe\u010dila bezpe\u010dn\u00e1 a efekt\u00edvna prev\u00e1dzka.<\/li>\n<li>Tesnenie: Pou\u017e\u00edvaj\u00fa sa r\u00f4zne tesniace prvky, ako s\u00fa tesnenia piestov a tesnenia ty\u010d\u00ed, vyroben\u00e9 z materi\u00e1lov odoln\u00fdch vo\u010di opotrebovaniu, ako je polyuret\u00e1n a nitrilov\u00fd kau\u010duk, ktor\u00e9 zabezpe\u010duj\u00fa \u00fa\u010dinn\u00e9 utesnenie a minimalizuj\u00fa \u00faniky.<\/li>\n<li>Trvanlivos\u0165: Teleso valca a z\u00e1vitov\u00e9 konce prech\u00e1dzaj\u00fa presn\u00fdm spracovan\u00edm, aby sa zv\u00fd\u0161ila odolnos\u0165 proti opotrebovaniu a pred\u013a\u017eila \u017eivotnos\u0165.<\/li>\n<li>Bezpe\u010dnos\u0165: Na zabr\u00e1nenie nehod\u00e1m a zaistenie bezpe\u010dnosti obsluhy s\u00fa zaveden\u00e9 bezpe\u010dnostn\u00e9 prvky, ako s\u00fa pretlakov\u00e9 ventily a bezpe\u010dnostn\u00e9 z\u00e1mky.<\/li>\n<li>\u00dadr\u017eba: Jednoduch\u00fd pr\u00edstup ku komponentom a vymenite\u013en\u00fdm dielom, ako aj jasn\u00e9 postupy \u00fadr\u017eby, sa pova\u017euj\u00fa za u\u013eah\u010denie pravidelnej \u00fadr\u017eby a minimaliz\u00e1ciu prestojov.<\/li>\n<\/ul>\n<p><img decoding=\"async\" src=\"https:\/\/www.hydraulic-cylinders.net\/wp-content\/uploads\/2025\/01\/songte-oil-pipes-and-spare-parts.webp\" alt=\"Obr\u00e1zok produktu\"><\/p>\n<h2>Tesnenie a mazanie<\/h2>\n<p>Valec kor\u010deka pre ve\u013ek\u00e9 r\u00fdpadlo Sany SY305C-9H vyu\u017e\u00edva r\u00f4zne tesnenia, ako s\u00fa tesnenia piestov, tesnenia ty\u010d\u00ed at\u010f., vyroben\u00e9 z materi\u00e1lov odoln\u00fdch vo\u010di opotrebovaniu, ako je polyuret\u00e1n a nitrilov\u00fd kau\u010duk. Teleso valca a z\u00e1vitov\u00e9 konce prech\u00e1dzaj\u00fa jemn\u00fdm opracovan\u00edm, aby sa zlep\u0161ila odolnos\u0165 vo\u010di opotrebovaniu. Pravideln\u00e9 mazanie vhodn\u00fdm mno\u017estvom hydraulick\u00e9ho oleja je nevyhnutn\u00e9 pre zabezpe\u010denie hladk\u00e9ho chodu a zabr\u00e1nenie po\u0161kodeniu.<\/p>\n<h2>Pravideln\u00e1 kontrola a prevent\u00edvna \u00fadr\u017eba<\/h2>\n<p>Pre zabezpe\u010denie optim\u00e1lneho v\u00fdkonu a dlhej \u017eivotnosti valca s vedrom by sa mali vykon\u00e1va\u0165 pravideln\u00e9 kontroly a prevent\u00edvna \u00fadr\u017eba:<\/p>\n<ul>\n<li>Skontrolujte, \u010di valec a jeho komponenty nevykazuj\u00fa zn\u00e1mky \u00faniku, abnorm\u00e1lneho opotrebovania alebo po\u0161kodenia.<\/li>\n<li>Spr\u00e1vne mazanie valca a jeho pohybliv\u00fdch \u010dast\u00ed.<\/li>\n<li>Pravidelne vymie\u0148ajte tesnenia a vykon\u00e1vajte kalibra\u010dn\u00e9 kontroly, aby ste udr\u017eali optim\u00e1lny v\u00fdkon.<\/li>\n<\/ul>\n<p><img decoding=\"async\" src=\"https:\/\/www.hydraulic-cylinders.net\/wp-content\/uploads\/2025\/01\/songte-chushion-collar.webp\" alt=\"Obr\u00e1zok produktu\"><\/p>\n<h2>Bezpe\u010dnostn\u00e9 aspekty a faktory prostredia<\/h2>\n<p>Pri pou\u017e\u00edvan\u00ed valca s vedrom je nevyhnutn\u00e9 dodr\u017eiava\u0165 bezpe\u010dnostn\u00e9 opatrenia, aby sa predi\u0161lo nehod\u00e1m a zabezpe\u010dila sa bezpe\u010dnos\u0165 obsluhy. Spr\u00e1vne za\u0161kolenie a dodr\u017eiavanie bezpe\u010dnostn\u00fdch pokynov s\u00fa k\u013e\u00fa\u010dov\u00e9.<\/p>\n<h2>Diagnostika por\u00fach a be\u017en\u00e9 probl\u00e9my<\/h2>\n<p>Valec vedra m\u00f4\u017ee ma\u0165 poruchy alebo be\u017en\u00e9 probl\u00e9my. Medzi ne patria:<\/p>\n<ul>\n<li>\u00danik: Skontrolujte, \u010di nevykazuj\u00fa zn\u00e1mky \u00faniku oleja a skontrolujte tesnenia, \u010di nie s\u00fa po\u0161koden\u00e9 alebo opotrebovan\u00e9.<\/li>\n<li>Pomal\u00e1 prev\u00e1dzka: Skontrolujte hydraulick\u00fd syst\u00e9m, \u010di v \u0148om nie s\u00fa nejak\u00e9 blok\u00e1dy alebo probl\u00e9my, ktor\u00e9 by mohli sp\u00f4sobova\u0165 pomal\u00fa prev\u00e1dzku.<\/li>\n<li>Nezvy\u010dajn\u00e9 zvuky: Identifikujte a rie\u0161te ak\u00e9ko\u013evek nezvy\u010dajn\u00e9 zvuky vych\u00e1dzaj\u00face z valca, ktor\u00e9 m\u00f4\u017eu nazna\u010dova\u0165 mechanick\u00e9 probl\u00e9my.<\/li>\n<\/ul>\n<p>Pri rie\u0161en\u00ed t\u00fdchto probl\u00e9mov sa odpor\u00fa\u010da pre\u0161tudova\u0165 si n\u00e1vod na obsluhu produktu alebo vyh\u013eada\u0165 odborn\u00fa pomoc. Pravideln\u00e9 prevent\u00edvne opatrenia m\u00f4\u017eu pom\u00f4c\u0165 minimalizova\u0165 potenci\u00e1lne probl\u00e9my.<\/p>\n<p><img decoding=\"async\" src=\"https:\/\/www.hydraulic-cylinders.net\/wp-content\/uploads\/2025\/01\/songte-bushings-with-all-kinds-of-excavator-models.webp\" alt=\"Obr\u00e1zok produktu\"><\/p>\n<h2>\u00dalohy \u00fadr\u017eby<\/h2>\n<p>Medzi be\u017en\u00e9 \u00falohy \u00fadr\u017eby valca vedra patria:<\/p>\n<ul>\n<li>Pravideln\u00e9 kontroly na zistenie ak\u00fdchko\u013evek zn\u00e1mok opotrebovania, po\u0161kodenia alebo netesnost\u00ed.<\/li>\n<li>Spr\u00e1vne mazanie valca a jeho pohybliv\u00fdch \u010dast\u00ed.<\/li>\n<li>V\u00fdmena tesnen\u00ed v pr\u00edpade potreby.<\/li>\n<li>Kalibra\u010dn\u00e9 kontroly na zabezpe\u010denie optim\u00e1lneho v\u00fdkonu.<\/li>\n<\/ul>\n<p>Spr\u00e1vna in\u0161tal\u00e1cia, mazanie a nastavenie s\u00fa k\u013e\u00fa\u010dov\u00e9 pre v\u00fdkon valca s ko\u0161\u00edkom. Poskytnutie pokynov na spr\u00e1vne zarovnanie valca po\u010das in\u0161tal\u00e1cie a odpor\u00fa\u010danie pou\u017eitia vhodn\u00fdch mont\u00e1\u017enych konzol na upevnenie valca m\u00f4\u017ee pred\u013a\u017ei\u0165 jeho \u017eivotnos\u0165. Mali by sa dodr\u017eiava\u0165 odpor\u00fa\u010dan\u00e9 postupy kontroly, opravy a v\u00fdmeny, ako aj tipy na pred\u013a\u017eenie \u017eivotnosti valca s ko\u0161\u00edkom.<\/p>\n<p><img decoding=\"async\" src=\"https:\/\/www.hydraulic-cylinders.net\/wp-content\/uploads\/2025\/01\/songte-company-1.webp\" alt=\"Obr\u00e1zok produktu\"><\/p>\n<p>Na\u0161a spolo\u010dnos\u0165 sa \u0161pecializuje na v\u00fdrobu n\u00e1hradn\u00fdch hydraulick\u00fdch valcov. V\u010faka komplexn\u00e9mu sortimentu produktov sme sa stali jedn\u00fdm z popredn\u00fdch v\u00fdrobcov a ve\u013ekoobchodn\u00fdch distrib\u00fatorov hydraulick\u00fdch valcov na dom\u00e1com aj medzin\u00e1rodnom trhu. Dodr\u017eiavame z\u00e1sady excelentnosti v kvalite a v na\u0161ej prepracovanej v\u00fdrobnej dielni vyu\u017e\u00edvame strat\u00e9gie riadenia priemyselnej v\u00fdroby. V\u010faka na\u0161im technick\u00fdm znalostiam, pokro\u010dil\u00e9mu digit\u00e1lnemu v\u00fdrobn\u00e9mu zariadeniu a profesion\u00e1lnym testovac\u00edm syst\u00e9mom neust\u00e1le zlep\u0161ujeme na\u0161u v\u00fdrobn\u00fa platformu, zdokona\u013eujeme v\u00fdrobn\u00e9 postupy zameran\u00e9 na kvalitu v\u00fdrobkov a disponujeme siln\u00fdmi inova\u010dn\u00fdmi schopnos\u0165ami. Sna\u017e\u00edme sa uspokoji\u0165 rozmanit\u00e9 potreby z\u00e1kazn\u00edkov s vysokou efektivitou, presnos\u0165ou a kvalitou.<\/p>\n<p><img decoding=\"async\" src=\"https:\/\/www.hydraulic-cylinders.net\/wp-content\/uploads\/2025\/01\/songte-company-3.webp\" alt=\"Obr\u00e1zok produktu\"><\/p>\n<h2>O na\u0161ej spolo\u010dnosti<\/h2>\n<ul>\n<li>Profesionalita: Sme odborn\u00edci na v\u00fdrobu hydraulick\u00fdch valcov a zabezpe\u010dujeme vysoko kvalitn\u00e9 produkty a slu\u017eby.<\/li>\n<li>Medzin\u00e1rodn\u00e9 certifik\u00e1cie: Na\u0161a spolo\u010dnos\u0165 je dr\u017eite\u013eom r\u00f4znych medzin\u00e1rodn\u00fdch certifik\u00e1ci\u00ed, ktor\u00e9 zaru\u010duj\u00fa kvalitu a spo\u013eahlivos\u0165 na\u0161ich produktov.<\/li>\n<li>Slu\u017eby prisp\u00f4sobenia: Pon\u00fakame rie\u0161enia na mieru, ktor\u00e9 sp\u013a\u0148aj\u00fa \u0161pecifick\u00e9 po\u017eiadavky z\u00e1kazn\u00edka.<\/li>\n<li>V\u00fdrobn\u00e9 vybavenie: Disponujeme najmodernej\u0161\u00edm v\u00fdrobn\u00fdm vybaven\u00edm<br \/>","protected":false},"excerpt":{"rendered":"<p>Bucket Cylinder For Sany Large Excavator SY305C-9H Bucket Cylinder For Sany Large Excavator SY305C-9H Introduction The Bucket Cylinder for Sany Large Excavator SY305C-9H is a specially designed hydraulic cylinder used for controlling the movement of the bucket in heavy machinery such as excavators, backhoe loaders, and front-end loaders. Its main function is to enable the [&hellip;]<\/p>","protected":false},"featured_media":14776,"comment_status":"open","ping_status":"closed","template":"","meta":{"_et_pb_use_builder":"","_et_pb_old_content":"","_et_gb_content_width":""},"product_brand":[],"product_cat":[1494],"product_tag":[1495,1496],"class_list":{"0":"post-15455","1":"product","2":"type-product","3":"status-publish","4":"has-post-thumbnail","6":"product_cat-bucket-cylinders","7":"product_tag-bucket-cylinders","8":"product_tag-hydraulic-cylinders","10":"first","11":"instock","12":"shipping-taxable","13":"product-type-simple"},"amp_enabled":true,"_links":{"self":[{"href":"https:\/\/www.hydraulic-cylinders.net\/sk\/wp-json\/wp\/v2\/product\/15455","targetHints":{"allow":["GET"]}}],"collection":[{"href":"https:\/\/www.hydraulic-cylinders.net\/sk\/wp-json\/wp\/v2\/product"}],"about":[{"href":"https:\/\/www.hydraulic-cylinders.net\/sk\/wp-json\/wp\/v2\/types\/product"}],"replies":[{"embeddable":true,"href":"https:\/\/www.hydraulic-cylinders.net\/sk\/wp-json\/wp\/v2\/comments?post=15455"}],"wp:featuredmedia":[{"embeddable":true,"href":"https:\/\/www.hydraulic-cylinders.net\/sk\/wp-json\/wp\/v2\/media\/14776"}],"wp:attachment":[{"href":"https:\/\/www.hydraulic-cylinders.net\/sk\/wp-json\/wp\/v2\/media?parent=15455"}],"wp:term":[{"taxonomy":"product_brand","embeddable":true,"href":"https:\/\/www.hydraulic-cylinders.net\/sk\/wp-json\/wp\/v2\/product_brand?post=15455"},{"taxonomy":"product_cat","embeddable":true,"href":"https:\/\/www.hydraulic-cylinders.net\/sk\/wp-json\/wp\/v2\/product_cat?post=15455"},{"taxonomy":"product_tag","embeddable":true,"href":"https:\/\/www.hydraulic-cylinders.net\/sk\/wp-json\/wp\/v2\/product_tag?post=15455"}],"curies":[{"name":"pracovn\u00fd list","href":"https:\/\/api.w.org\/{rel}","templated":true}]}}