{"id":15459,"date":"2025-01-19T14:33:22","date_gmt":"2025-01-19T14:33:22","guid":{"rendered":"https:\/\/www.hydraulic-cylinders.net\/product\/bucket-cylinder-for-xcmg-small-excavator-xe15\/"},"modified":"2025-01-19T14:33:24","modified_gmt":"2025-01-19T14:33:24","slug":"bucket-cylinder-for-xcmg-small-excavator-xe15","status":"publish","type":"product","link":"https:\/\/www.hydraulic-cylinders.net\/sk\/produkt\/bucket-cylinder-for-xcmg-small-excavator-xe15\/","title":{"rendered":"Valec vedra pre mal\u00e9 r\u00fdpadlo XCMG XE15"},"content":{"rendered":"<h1>Valec vedra pre mal\u00e9 r\u00fdpadlo XCMG XE15<\/h1>\n<h2>\u00davod<\/h2>\n<p>Hydraulick\u00fd valec ly\u017eice je typ hydraulick\u00e9ho valca \u0161peci\u00e1lne navrhnut\u00e9ho na ovl\u00e1danie pohybu ly\u017e\u00edc v \u0165a\u017ek\u00fdch strojoch, ako s\u00fa bagre, r\u00fdpadl\u00e1-naklada\u010de a \u010deln\u00e9 naklada\u010de. Jeho hlavnou funkciou je umo\u017eni\u0165 zdv\u00edhanie, sp\u00fa\u0161\u0165anie a nakl\u00e1\u0148anie ly\u017eice, \u010do u\u013eah\u010duje vykon\u00e1vanie r\u00f4znych \u00faloh manipul\u00e1cie s materi\u00e1lom. V hydraulickom syst\u00e9me dosahuje valec ly\u017eice presn\u00e9 ovl\u00e1danie ly\u017eice prostredn\u00edctvom zmien tlaku hydraulick\u00e9ho oleja, \u010do umo\u017e\u0148uje obsluhe efekt\u00edvne manipulova\u0165 s \u0165a\u017ek\u00fdmi bremenami a prisp\u00f4sobova\u0165 sa zlo\u017eit\u00fdm pracovn\u00fdm prostrediam a r\u00f4znorod\u00fdm po\u017eiadavk\u00e1m pr\u00e1ce.<\/p>\n<p><img decoding=\"async\" src=\"https:\/\/www.hydraulic-cylinders.net\/wp-content\/uploads\/2025\/01\/songte-company-2.webp\"><\/p>\n<h2>Funkcie<\/h2>\n<ul>\n<li><strong>Vysok\u00e1 pevnos\u0165 a odolnos\u0165:<\/strong> Valec s vedrom, zvy\u010dajne vyroben\u00fd z vysokopevnostnej ocele alebo hlin\u00edka, odol\u00e1 vysok\u00e9mu tlaku a \u0165a\u017ek\u00fdm za\u0165a\u017eeniam, v\u010faka \u010domu je vhodn\u00fd do n\u00e1ro\u010dn\u00fdch pracovn\u00fdch prostred\u00ed. Je navrhnut\u00fd s oh\u013eadom na odolnos\u0165 vo\u010di opotrebovaniu a kor\u00f3zii, a preto m\u00e1 dlh\u0161iu \u017eivotnos\u0165.<\/li>\n<li><strong>Efekt\u00edvna hydraulick\u00e1 prev\u00e1dzka:<\/strong> V\u010faka plynul\u00e9mu vys\u00favaniu a zas\u00favaniu pomocou tlaku hydraulick\u00e9ho oleja dok\u00e1\u017ee valec ly\u017eice r\u00fdchlo reagova\u0165 na prev\u00e1dzkov\u00e9 povely a poskytova\u0165 siln\u00fa tla\u010dn\u00fa a \u0165a\u017en\u00fa silu, vhodn\u00fa na manipul\u00e1ciu s \u0165a\u017ek\u00fdmi bremenami a zlo\u017eit\u00e9 prev\u00e1dzkov\u00e9 \u00falohy.<\/li>\n<li><strong>R\u00f4zne typy:<\/strong> Valec kor\u010deka je mo\u017en\u00e9 zvoli\u0165 ako jedno\u010dinn\u00fd (s hydraulick\u00fdm pohonom iba v jednom smere) alebo dvoj\u010dinn\u00fd (s hydraulick\u00fdm pohonom v oboch smeroch) pod\u013ea \u0161pecifick\u00fdch prev\u00e1dzkov\u00fdch po\u017eiadaviek. Niektor\u00e9 modely s\u00fa teleskopick\u00e9, \u010do umo\u017e\u0148uje v\u00e4\u010d\u0161ie vysunutie bez zv\u00e4\u010d\u0161enia vonkaj\u0161\u00edch rozmerov, vhodn\u00e9 pre aplik\u00e1cie s obmedzen\u00fdm priestorom.<\/li>\n<li><strong>Dokonal\u00e1 n\u00e1hrada:<\/strong> N\u00e1\u0161 produkt dok\u00e1\u017ee dokonale nahradi\u0165 tieto hydraulick\u00e9 valce.<\/li>\n<\/ul>\n<p><img decoding=\"async\" src=\"https:\/\/www.hydraulic-cylinders.net\/wp-content\/uploads\/2025\/01\/songte-cylinder-head-with-all-kinds-excavator-models.webp\"><\/p>\n<h2>Aplik\u00e1cie<\/h2>\n<p>Valce ly\u017e\u00edc s\u00fa nevyhnutn\u00e9 pre stavebn\u00e9 stroje vr\u00e1tane r\u00fdpadiel, r\u00fdpadiel-naklada\u010dov a naklada\u010dov. Pou\u017e\u00edvaj\u00fa sa na kopanie, nakladanie a premiest\u0148ovanie zeminy alebo sutiny. V r\u00fdpadl\u00e1ch-naklada\u010doch pom\u00e1ha valec ly\u017eice pri v\u00fdkopov\u00fdch pr\u00e1cach aj zdv\u00edhan\u00ed. V po\u013enohospod\u00e1rskych strojoch sa pou\u017e\u00edva u \u010deln\u00fdch naklada\u010dov na naberanie, zdv\u00edhanie a prepravu zeminy, sena a in\u00fdch materi\u00e1lov. V r\u00fdpadl\u00e1ch umo\u017e\u0148uje valec ly\u017eice ly\u017eici prenikn\u00fa\u0165 do p\u00f4dy pri v\u00fdkopov\u00fdch pr\u00e1cach. V \u010deln\u00fdch naklada\u010doch pom\u00e1ha pri efekt\u00edvnom zdv\u00edhan\u00ed a vykladan\u00ed tovaru.<\/p>\n<ul>\n<li><strong>Stavebn\u00e9 vybavenie:<\/strong> Valce kor\u010dekov s\u00fa nevyhnutn\u00e9 na kopanie, nakladanie a premiest\u0148ovanie zeminy alebo sutiny v bagroch, r\u00fdpadlo-naklada\u010doch a naklada\u010doch.<\/li>\n<li><strong>Po\u013enohospod\u00e1rske stroje:<\/strong> Pou\u017e\u00edvaj\u00fa sa pre \u010deln\u00e9 naklada\u010de na naberanie, zdv\u00edhanie a prepravu p\u00f4dy, sena a in\u00fdch materi\u00e1lov.<\/li>\n<li><strong>R\u00fdpadl\u00e1:<\/strong> Valce vedra umo\u017e\u0148uj\u00fa vedru prenikn\u00fa\u0165 do p\u00f4dy pri v\u00fdkope.<\/li>\n<li><strong>\u010celn\u00e9 naklada\u010de:<\/strong> Pom\u00e1haj\u00fa pri efekt\u00edvnom zdv\u00edhan\u00ed a vykladan\u00ed tovaru.<\/li>\n<\/ul>\n<h2>\u00davahy o dizajne a krit\u00e9ri\u00e1 v\u00fdberu<\/h2>\n<ul>\n<li><strong>Nosnos\u0165:<\/strong> Valec vedra by mal by\u0165 navrhnut\u00fd tak, aby odolal maxim\u00e1lnemu za\u0165a\u017eeniu, ktor\u00e9mu bude vystaven\u00fd.<\/li>\n<li><strong>Tesnenie:<\/strong> Valec vedra by mal by\u0165 \u00fa\u010dinne utesnen\u00fd, aby sa zabr\u00e1nilo \u00faniku hydraulickej kvapaliny, \u010do m\u00f4\u017ee sp\u00f4sobi\u0165 po\u0161kodenie valca a okolit\u00fdch komponentov.<\/li>\n<li><strong>Trvanlivos\u0165:<\/strong> Valec vedra by mal by\u0165 vyroben\u00fd z materi\u00e1lov odoln\u00fdch vo\u010di opotrebovaniu a kor\u00f3zii, \u010d\u00edm sa predl\u017euje jeho \u017eivotnos\u0165.<\/li>\n<li><strong>Bezpe\u010dnos\u0165:<\/strong> Valec s vedrom by mal by\u0165 navrhnut\u00fd s bezpe\u010dnostn\u00fdmi prvkami, ktor\u00e9 zabra\u0148uj\u00fa nehod\u00e1m, ako s\u00fa napr\u00edklad pretlakov\u00e9 ventily a blokovacie mechanizmy.<\/li>\n<li><strong>Udr\u017eiavate\u013enos\u0165:<\/strong> Valec vedra by mal by\u0165 navrhnut\u00fd tak, aby u\u013eah\u010doval \u00fadr\u017ebu a opravy, s \u013eahk\u00fdm pr\u00edstupom k vn\u00fatorn\u00fdm komponentom a jasn\u00fdmi pokynmi na demont\u00e1\u017e a op\u00e4tovn\u00fa mont\u00e1\u017e.<\/li>\n<\/ul>\n<p><img decoding=\"async\" src=\"https:\/\/www.hydraulic-cylinders.net\/wp-content\/uploads\/2025\/01\/songte-oil-pipes-and-spare-parts.webp\"><\/p>\n<h2>Tesnenie a mazanie<\/h2>\n<p>Valec kor\u010deka pou\u017e\u00edva r\u00f4zne tesniace komponenty, ako s\u00fa tesnenia piestov a tesnenia ty\u010d\u00ed vyroben\u00e9 z materi\u00e1lov odoln\u00fdch vo\u010di opotrebovaniu, ako je polyuret\u00e1n a nitrilov\u00fd kau\u010duk. Vn\u00fatorn\u00fd povrch valca a z\u00e1vitov\u00fd koniec s\u00fa presne opracovan\u00e9 pre zv\u00fd\u0161enie odolnosti vo\u010di opotrebovaniu. Na udr\u017eanie optim\u00e1lneho v\u00fdkonu je potrebn\u00e9 pravideln\u00e9 mazanie vhodn\u00fdm mno\u017estvom hydraulick\u00e9ho oleja.<\/p>\n<h2>Kontrola a prevent\u00edvna \u00fadr\u017eba<\/h2>\n<ul>\n<li>Mali by sa vykon\u00e1va\u0165 pravideln\u00e9 kontroly, aby sa zistili ak\u00e9ko\u013evek zn\u00e1mky opotrebovania, netesnost\u00ed alebo in\u00e9ho po\u0161kodenia valca.<\/li>\n<li>Spr\u00e1vne mazanie valca a okolit\u00fdch komponentov je nevyhnutn\u00e9 pre zabezpe\u010denie hladk\u00e9ho chodu a zabr\u00e1nenie opotrebovaniu.<\/li>\n<li>Tesnenia by sa mali pravidelne vymie\u0148a\u0165, aby sa predi\u0161lo \u00fanikom a zabezpe\u010dila sa spr\u00e1vna prev\u00e1dzka.<\/li>\n<li>Mali by sa vykona\u0165 kalibra\u010dn\u00e9 kontroly, aby sa zabezpe\u010dilo, \u017ee valec pracuje v r\u00e1mci stanoven\u00fdch limitov.<\/li>\n<\/ul>\n<p><img decoding=\"async\" src=\"https:\/\/www.hydraulic-cylinders.net\/wp-content\/uploads\/2025\/01\/songte-chushion-collar.webp\"><\/p>\n<h2>Bezpe\u010dnostn\u00e9 aspekty a faktory prostredia<\/h2>\n<p>Pri pou\u017e\u00edvan\u00ed vedrov\u00fdch valcov je d\u00f4le\u017eit\u00e9 dodr\u017eiava\u0165 bezpe\u010dnostn\u00e9 opatrenia, aby sa predi\u0161lo nehod\u00e1m. To zah\u0155\u0148a zabezpe\u010denie spr\u00e1vnej \u00fadr\u017eby zariadenia, jeho obsluhy iba vy\u0161kolen\u00fdm person\u00e1lom a jeho pou\u017e\u00edvania v s\u00falade s bezpe\u010dnostn\u00fdmi predpismi. Musia sa zoh\u013eadni\u0165 aj faktory prostredia, ako je teplota, vlhkos\u0165 a vystavenie koroz\u00edvnym materi\u00e1lom.<\/p>\n<h2>Rie\u0161enie probl\u00e9mov a be\u017en\u00e9 probl\u00e9my<\/h2>\n<ul>\n<li>\u00daniky: M\u00f4\u017ee to by\u0165 sp\u00f4soben\u00e9 opotrebovan\u00edm alebo po\u0161koden\u00edm tesnen\u00ed \u010di in\u00fdch komponentov. Tesnenia by sa mali \u010do najsk\u00f4r vymeni\u0165, aby sa predi\u0161lo \u010fal\u0161iemu po\u0161kodeniu.<\/li>\n<li>Pomal\u00e1 prev\u00e1dzka: \u010casto je to sp\u00f4soben\u00e9 nedostatkom mazania alebo opotrebovan\u00fdmi komponentmi. Mazanie a v\u00fdmena opotrebovan\u00fdch dielov m\u00f4\u017ee tento probl\u00e9m vyrie\u0161i\u0165.<\/li>\n<li>Nadmern\u00fd hluk: M\u00f4\u017ee to by\u0165 sp\u00f4soben\u00e9 opotrebovan\u00fdmi alebo po\u0161koden\u00fdmi komponentmi. V\u00fdmena postihnut\u00fdch dielov m\u00f4\u017ee tento probl\u00e9m vyrie\u0161i\u0165.<\/li>\n<\/ul>\n<h2>Predstavenie spolo\u010dnosti<\/h2>\n<p>Sme v\u00fdrobcom hydraulick\u00fdch valcov a stali sme sa jedn\u00fdm z popredn\u00fdch v\u00fdrobcov a ve\u013ekoobchodn\u00fdch distrib\u00fatorov hydraulick\u00fdch valcov na dom\u00e1com aj medzin\u00e1rodnom trhu. Riadime sa z\u00e1sadami vynikaj\u00facej kvality a spoliehame sa na strat\u00e9gie riadenia v\u00fdroby v prepracovan\u00fdch v\u00fdrobn\u00fdch diel\u0148ach. Neust\u00e1le zlep\u0161ujeme v\u00fdrobn\u00fa platformu dielne, zlep\u0161ujeme kvalitu v\u00fdroby produktov a m\u00e1me siln\u00e9 inova\u010dn\u00e9 schopnosti, \u010d\u00edm poskytujeme efekt\u00edvne, presn\u00e9 a vysoko kvalitn\u00e9 produkty, ktor\u00e9 sp\u013a\u0148aj\u00fa rozmanit\u00e9 potreby z\u00e1kazn\u00edkov.<\/p>\n<ul>\n<li><strong>Profesionalita:<\/strong> N\u00e1\u0161 t\u00edm sa sklad\u00e1 zo sk\u00fasen\u00fdch in\u017einierov a technikov, ktor\u00ed s\u00fa odhodlan\u00ed poskytova\u0165 vysoko kvalitn\u00e9 produkty a slu\u017eby.<\/li>\n<li><strong>Medzin\u00e1rodn\u00e1 certifik\u00e1cia:<\/strong> Z\u00edskali sme certifik\u00e1ciu ISO9001, ktor\u00e1 zaru\u010duje, \u017ee na\u0161e v\u00fdrobky sp\u013a\u0148aj\u00fa medzin\u00e1rodn\u00e9 \u0161tandardy kvality.<\/li>\n<li><strong>Prisp\u00f4sobenie:<\/strong> Pon\u00fakame slu\u017eby prisp\u00f4sobenia, aby sme splnili jedine\u010dn\u00e9 potreby na\u0161ich z\u00e1kazn\u00edkov.<\/li>\n<li><strong>V\u00fdrobn\u00e9 vybavenie:<\/strong> Pou\u017e\u00edvame modern\u00e9 v\u00fdrobn\u00e9 zariadenia, aby sme zabezpe\u010dili kvalitu na\u0161ich v\u00fdrobkov.<\/li>\n<li><strong>Popredajn\u00fd servis:<\/strong> Poskytujeme komplexn\u00e9 popredajn\u00e9 slu\u017eby vr\u00e1tane \u00fadr\u017eby, opr\u00e1v a v\u00fdmeny dielov.<\/li>\n<\/ul>\n<p><img decoding=\"async\" src=\"https:\/\/hzpt.com\/wp-content\/uploads\/2024\/11\/songte-company-1.webp\"> <\/p>\n<p>Autor: lyl<\/p>","protected":false},"excerpt":{"rendered":"<p>Bucket Cylinder For XCMG Small Excavator XE15 Introduction A bucket cylinder is a type of hydraulic cylinder specifically designed to control the movement of buckets in heavy machinery such as excavators, backhoes, and front-end loaders. Its main function is to enable the bucket to be lifted, lowered, and tilted, making it easier to carry out [&hellip;]<\/p>","protected":false},"featured_media":14765,"comment_status":"open","ping_status":"closed","template":"","meta":{"_et_pb_use_builder":"","_et_pb_old_content":"","_et_gb_content_width":""},"product_brand":[],"product_cat":[1494],"product_tag":[1495,1496],"class_list":{"0":"post-15459","1":"product","2":"type-product","3":"status-publish","4":"has-post-thumbnail","6":"product_cat-bucket-cylinders","7":"product_tag-bucket-cylinders","8":"product_tag-hydraulic-cylinders","10":"first","11":"instock","12":"shipping-taxable","13":"product-type-simple"},"amp_enabled":true,"_links":{"self":[{"href":"https:\/\/www.hydraulic-cylinders.net\/sk\/wp-json\/wp\/v2\/product\/15459","targetHints":{"allow":["GET"]}}],"collection":[{"href":"https:\/\/www.hydraulic-cylinders.net\/sk\/wp-json\/wp\/v2\/product"}],"about":[{"href":"https:\/\/www.hydraulic-cylinders.net\/sk\/wp-json\/wp\/v2\/types\/product"}],"replies":[{"embeddable":true,"href":"https:\/\/www.hydraulic-cylinders.net\/sk\/wp-json\/wp\/v2\/comments?post=15459"}],"wp:featuredmedia":[{"embeddable":true,"href":"https:\/\/www.hydraulic-cylinders.net\/sk\/wp-json\/wp\/v2\/media\/14765"}],"wp:attachment":[{"href":"https:\/\/www.hydraulic-cylinders.net\/sk\/wp-json\/wp\/v2\/media?parent=15459"}],"wp:term":[{"taxonomy":"product_brand","embeddable":true,"href":"https:\/\/www.hydraulic-cylinders.net\/sk\/wp-json\/wp\/v2\/product_brand?post=15459"},{"taxonomy":"product_cat","embeddable":true,"href":"https:\/\/www.hydraulic-cylinders.net\/sk\/wp-json\/wp\/v2\/product_cat?post=15459"},{"taxonomy":"product_tag","embeddable":true,"href":"https:\/\/www.hydraulic-cylinders.net\/sk\/wp-json\/wp\/v2\/product_tag?post=15459"}],"curies":[{"name":"pracovn\u00fd list","href":"https:\/\/api.w.org\/{rel}","templated":true}]}}